{"id":192,"date":"2026-03-05T17:18:03","date_gmt":"2026-03-05T16:18:03","guid":{"rendered":"https:\/\/bf-on-tour.de\/ostsee2\/?page_id=192"},"modified":"2026-03-05T19:37:08","modified_gmt":"2026-03-05T18:37:08","slug":"arhus","status":"publish","type":"page","link":"https:\/\/bf-on-tour.de\/ostsee2\/arhus\/","title":{"rendered":"\u00c5rhus"},"content":{"rendered":"<p>Es war wieder mal sp\u00e4t gestern. Sehr sp\u00e4t. Der Shantychor aus Mitgliedern der Besatzung zusammen mit dem Kreuzfahrtdirektor &#8211; einer echten Rampensau &#8211; heizten kurz vor Mitternacht dem noch wachen Publikum (also auch uns) ordentlich ein. Ein lustiger Tagesausklang.<\/p>\n<figure id=\"attachment_335\" aria-describedby=\"caption-attachment-335\" style=\"width: 840px\" class=\"wp-caption aligncenter\"><img loading=\"lazy\" decoding=\"async\" class=\"wp-image-335 size-large\" src=\"https:\/\/bf-on-tour.de\/ostsee2\/wp-content\/uploads\/sites\/27\/2026\/03\/Aar-0-1024x461.jpg\" alt=\"\" width=\"840\" height=\"378\" srcset=\"https:\/\/bf-on-tour.de\/ostsee2\/wp-content\/uploads\/sites\/27\/2026\/03\/Aar-0-1024x461.jpg 1024w, https:\/\/bf-on-tour.de\/ostsee2\/wp-content\/uploads\/sites\/27\/2026\/03\/Aar-0-300x135.jpg 300w, https:\/\/bf-on-tour.de\/ostsee2\/wp-content\/uploads\/sites\/27\/2026\/03\/Aar-0-768x346.jpg 768w, https:\/\/bf-on-tour.de\/ostsee2\/wp-content\/uploads\/sites\/27\/2026\/03\/Aar-0-1536x692.jpg 1536w, https:\/\/bf-on-tour.de\/ostsee2\/wp-content\/uploads\/sites\/27\/2026\/03\/Aar-0-2048x922.jpg 2048w, https:\/\/bf-on-tour.de\/ostsee2\/wp-content\/uploads\/sites\/27\/2026\/03\/Aar-0-1200x540.jpg 1200w\" sizes=\"auto, (max-width: 709px) 85vw, (max-width: 909px) 67vw, (max-width: 1362px) 62vw, 840px\" \/><figcaption id=\"caption-attachment-335\" class=\"wp-caption-text\">Dachgarten<\/figcaption><\/figure>\n<p>Es wird wohl daran liegen,\u00a0 dass der morgendliche Tee nicht ganz ausreicht, mich sicher auf die Beine zu stellen. Es muss noch ein Cappuccino her. Und den gibt es auf der Dachterrasse vom Kaufhaus Salling. Dachterrasse? Nein, es ist eine Dachlandschaft mit Wegen, Schr\u00e4gen, Plattformen, Treppen und tollen Aussichtspunkten \u00fcber die Stadt &#8211; dazwischen immer wieder dichte Bepflanzungen. Sowas hatten wir noch nie gesehen. Eine Attraktion<\/p>\n<figure id=\"attachment_336\" aria-describedby=\"caption-attachment-336\" style=\"width: 840px\" class=\"wp-caption aligncenter\"><img loading=\"lazy\" decoding=\"async\" class=\"wp-image-336 size-large\" src=\"https:\/\/bf-on-tour.de\/ostsee2\/wp-content\/uploads\/sites\/27\/2026\/03\/Aar-1-1024x466.jpg\" alt=\"\" width=\"840\" height=\"382\" srcset=\"https:\/\/bf-on-tour.de\/ostsee2\/wp-content\/uploads\/sites\/27\/2026\/03\/Aar-1-1024x466.jpg 1024w, https:\/\/bf-on-tour.de\/ostsee2\/wp-content\/uploads\/sites\/27\/2026\/03\/Aar-1-300x136.jpg 300w, https:\/\/bf-on-tour.de\/ostsee2\/wp-content\/uploads\/sites\/27\/2026\/03\/Aar-1-768x349.jpg 768w, https:\/\/bf-on-tour.de\/ostsee2\/wp-content\/uploads\/sites\/27\/2026\/03\/Aar-1-1536x699.jpg 1536w, https:\/\/bf-on-tour.de\/ostsee2\/wp-content\/uploads\/sites\/27\/2026\/03\/Aar-1-2048x932.jpg 2048w, https:\/\/bf-on-tour.de\/ostsee2\/wp-content\/uploads\/sites\/27\/2026\/03\/Aar-1-1200x546.jpg 1200w\" sizes=\"auto, (max-width: 709px) 85vw, (max-width: 909px) 67vw, (max-width: 1362px) 62vw, 840px\" \/><figcaption id=\"caption-attachment-336\" class=\"wp-caption-text\">Dachgarten<\/figcaption><\/figure>\n<p>Ansonsten ist \u00c5rhus eine moderne, lebendige Stadt, die dennoch ein paar museale Gassen mit den f\u00fcr das alte D\u00e4nemark typischen kleinen H\u00e4usern hat, vor denen Rosen und Stockrosen bl\u00fchen.<\/p>\n<figure id=\"attachment_337\" aria-describedby=\"caption-attachment-337\" style=\"width: 840px\" class=\"wp-caption aligncenter\"><img loading=\"lazy\" decoding=\"async\" class=\"wp-image-337 size-large\" src=\"https:\/\/bf-on-tour.de\/ostsee2\/wp-content\/uploads\/sites\/27\/2026\/03\/Aar-2-1024x796.jpg\" alt=\"\" width=\"840\" height=\"653\" srcset=\"https:\/\/bf-on-tour.de\/ostsee2\/wp-content\/uploads\/sites\/27\/2026\/03\/Aar-2-1024x796.jpg 1024w, https:\/\/bf-on-tour.de\/ostsee2\/wp-content\/uploads\/sites\/27\/2026\/03\/Aar-2-300x233.jpg 300w, https:\/\/bf-on-tour.de\/ostsee2\/wp-content\/uploads\/sites\/27\/2026\/03\/Aar-2-768x597.jpg 768w, https:\/\/bf-on-tour.de\/ostsee2\/wp-content\/uploads\/sites\/27\/2026\/03\/Aar-2-1536x1194.jpg 1536w, https:\/\/bf-on-tour.de\/ostsee2\/wp-content\/uploads\/sites\/27\/2026\/03\/Aar-2-2048x1591.jpg 2048w, https:\/\/bf-on-tour.de\/ostsee2\/wp-content\/uploads\/sites\/27\/2026\/03\/Aar-2-1200x932.jpg 1200w\" sizes=\"auto, (max-width: 709px) 85vw, (max-width: 909px) 67vw, (max-width: 1362px) 62vw, 840px\" \/><figcaption id=\"caption-attachment-337\" class=\"wp-caption-text\">so kennt und liebt man D\u00e4nemark !<\/figcaption><\/figure>\n<p>Wir schauen nat\u00fcrlich in den dem St. Clemens geweihten Dom, in dem der Kantor f\u00fcr den 12:00 Uhr-Gottesdienst \u00fcbt. Allerdings gefallen uns die von ihm dargebrachten St\u00fccke weniger. Es mag auch an der etwas merkw\u00fcrdigen Akustik der Kirche gelegen haben, die daf\u00fcr sorgte, dass einzelne, schnell gespielte T\u00f6ne zu einer Art Tonmus verschmolzen.<\/p>\n<figure id=\"attachment_338\" aria-describedby=\"caption-attachment-338\" style=\"width: 840px\" class=\"wp-caption aligncenter\"><img loading=\"lazy\" decoding=\"async\" class=\"wp-image-338 size-large\" src=\"https:\/\/bf-on-tour.de\/ostsee2\/wp-content\/uploads\/sites\/27\/2026\/03\/Aar-3-1024x1024.jpg\" alt=\"\" width=\"840\" height=\"840\" srcset=\"https:\/\/bf-on-tour.de\/ostsee2\/wp-content\/uploads\/sites\/27\/2026\/03\/Aar-3-1024x1024.jpg 1024w, https:\/\/bf-on-tour.de\/ostsee2\/wp-content\/uploads\/sites\/27\/2026\/03\/Aar-3-300x300.jpg 300w, https:\/\/bf-on-tour.de\/ostsee2\/wp-content\/uploads\/sites\/27\/2026\/03\/Aar-3-150x150.jpg 150w, https:\/\/bf-on-tour.de\/ostsee2\/wp-content\/uploads\/sites\/27\/2026\/03\/Aar-3-768x768.jpg 768w, https:\/\/bf-on-tour.de\/ostsee2\/wp-content\/uploads\/sites\/27\/2026\/03\/Aar-3-1536x1536.jpg 1536w, https:\/\/bf-on-tour.de\/ostsee2\/wp-content\/uploads\/sites\/27\/2026\/03\/Aar-3-2048x2048.jpg 2048w, https:\/\/bf-on-tour.de\/ostsee2\/wp-content\/uploads\/sites\/27\/2026\/03\/Aar-3-1200x1200.jpg 1200w\" sizes=\"auto, (max-width: 709px) 85vw, (max-width: 909px) 67vw, (max-width: 1362px) 62vw, 840px\" \/><figcaption id=\"caption-attachment-338\" class=\"wp-caption-text\">Die Orgel im St. Clemens Dom<\/figcaption><\/figure>\n<p>Vieles reiht sich im Zentrum der Stadt entlang der \u00c5arhus \u00c5: Durchaus ansehnliche Gro\u00dfstadtbebauung, moderne Kulturbauten, Caf\u00e9s, Restaurants und auch in D\u00e4nemark eher seltener gesehene Backsteinbauten, die aussehen, als stammten sie aus dem ersten Vierteljahrhundert des vergangenen. Nat\u00fcrlich gibt es hypermoderne Wohnviertel und modernste Zweckbauten,\u00a0 \u00c5arhus ist schlie\u00dflich eine moderne Stadt &#8211; aber die sind eben oftmals reine Geschmackssache .<\/p>\n<figure id=\"attachment_339\" aria-describedby=\"caption-attachment-339\" style=\"width: 840px\" class=\"wp-caption aligncenter\"><img loading=\"lazy\" decoding=\"async\" class=\"wp-image-339 size-large\" src=\"https:\/\/bf-on-tour.de\/ostsee2\/wp-content\/uploads\/sites\/27\/2026\/03\/Aar-4-1024x736.jpg\" alt=\"\" width=\"840\" height=\"604\" srcset=\"https:\/\/bf-on-tour.de\/ostsee2\/wp-content\/uploads\/sites\/27\/2026\/03\/Aar-4-1024x736.jpg 1024w, https:\/\/bf-on-tour.de\/ostsee2\/wp-content\/uploads\/sites\/27\/2026\/03\/Aar-4-300x216.jpg 300w, https:\/\/bf-on-tour.de\/ostsee2\/wp-content\/uploads\/sites\/27\/2026\/03\/Aar-4-768x552.jpg 768w, https:\/\/bf-on-tour.de\/ostsee2\/wp-content\/uploads\/sites\/27\/2026\/03\/Aar-4-1536x1103.jpg 1536w, https:\/\/bf-on-tour.de\/ostsee2\/wp-content\/uploads\/sites\/27\/2026\/03\/Aar-4-2048x1471.jpg 2048w, https:\/\/bf-on-tour.de\/ostsee2\/wp-content\/uploads\/sites\/27\/2026\/03\/Aar-4-1200x862.jpg 1200w\" sizes=\"auto, (max-width: 709px) 85vw, (max-width: 909px) 67vw, (max-width: 1362px) 62vw, 840px\" \/><figcaption id=\"caption-attachment-339\" class=\"wp-caption-text\">Backsteinwohnhaus<\/figcaption><\/figure>\n<p>Insgesamt hat uns \u00c5rhus gut gefallen.<\/p>\n<p><a href=\"https:\/\/bf-on-tour.de\/ostsee2\/skagen\"><img loading=\"lazy\" decoding=\"async\" class=\"alignleft wp-image-362\" src=\"https:\/\/bf-on-tour.de\/ostsee2\/wp-content\/uploads\/sites\/27\/2026\/03\/zurueck.png\" alt=\"\" width=\"50\" height=\"37\" \/><\/a> <a href=\"https:\/\/bf-on-tour.de\/ostsee2\/kopenhagen\"><img loading=\"lazy\" decoding=\"async\" class=\"alignright wp-image-361\" src=\"https:\/\/bf-on-tour.de\/ostsee2\/wp-content\/uploads\/sites\/27\/2026\/03\/weiter.png\" alt=\"\" width=\"50\" height=\"37\" \/><\/a><\/p>\n","protected":false},"excerpt":{"rendered":"<p>Es war wieder mal sp\u00e4t gestern. Sehr sp\u00e4t. Der Shantychor aus Mitgliedern der Besatzung zusammen mit dem Kreuzfahrtdirektor &#8211; einer echten Rampensau &#8211; heizten kurz vor Mitternacht dem noch wachen Publikum (also auch uns) ordentlich ein. Ein lustiger Tagesausklang. Es wird wohl daran liegen,\u00a0 dass der morgendliche Tee nicht ganz ausreicht, mich sicher auf die &hellip; <a href=\"https:\/\/bf-on-tour.de\/ostsee2\/arhus\/\" class=\"more-link\"><span class=\"screen-reader-text\">\u201e\u00c5rhus\u201c <\/span>weiterlesen<\/a><\/p>\n","protected":false},"author":1,"featured_media":0,"parent":0,"menu_order":9,"comment_status":"closed","ping_status":"closed","template":"","meta":{"footnotes":""},"class_list":["post-192","page","type-page","status-publish","hentry"],"_links":{"self":[{"href":"https:\/\/bf-on-tour.de\/ostsee2\/wp-json\/wp\/v2\/pages\/192","targetHints":{"allow":["GET"]}}],"collection":[{"href":"https:\/\/bf-on-tour.de\/ostsee2\/wp-json\/wp\/v2\/pages"}],"about":[{"href":"https:\/\/bf-on-tour.de\/ostsee2\/wp-json\/wp\/v2\/types\/page"}],"author":[{"embeddable":true,"href":"https:\/\/bf-on-tour.de\/ostsee2\/wp-json\/wp\/v2\/users\/1"}],"replies":[{"embeddable":true,"href":"https:\/\/bf-on-tour.de\/ostsee2\/wp-json\/wp\/v2\/comments?post=192"}],"version-history":[{"count":11,"href":"https:\/\/bf-on-tour.de\/ostsee2\/wp-json\/wp\/v2\/pages\/192\/revisions"}],"predecessor-version":[{"id":442,"href":"https:\/\/bf-on-tour.de\/ostsee2\/wp-json\/wp\/v2\/pages\/192\/revisions\/442"}],"wp:attachment":[{"href":"https:\/\/bf-on-tour.de\/ostsee2\/wp-json\/wp\/v2\/media?parent=192"}],"curies":[{"name":"wp","href":"https:\/\/api.w.org\/{rel}","templated":true}]}}