{"id":189,"date":"2026-03-05T17:16:04","date_gmt":"2026-03-05T16:16:04","guid":{"rendered":"https:\/\/bf-on-tour.de\/ostsee2\/?page_id=189"},"modified":"2026-03-05T19:34:46","modified_gmt":"2026-03-05T18:34:46","slug":"skagen","status":"publish","type":"page","link":"https:\/\/bf-on-tour.de\/ostsee2\/skagen\/","title":{"rendered":"Skagen &#8211; wo sich Nord- und Ostsee treffen"},"content":{"rendered":"<p>Seitdem St. Petersburg f\u00fcr Kreuzfahrer tabu ist, gewinnen die H\u00e4fen des \u00f6stlichen D\u00e4nemarks an Bedeutung. So auch Skagen.<\/p>\n<p>W\u00e4hrend des gestrigen Seetags sind wir dorthin geschlichen\u00a0 &#8211; mit gerade mal neun Knoten Fahrt (da schaut man aus dem Fenster oder vom Balkon und denkt, hinten schiebt die Mannschaft den Kahn).<\/p>\n<p>Na ja, das abendliche Gintasting h\u00e4tten wir uns sparen k\u00f6nnen, aber die Durchfahrt unter der gro\u00dfen Beltbr\u00fccke war sehenswert: Nur ca. drei Meter Luft lagen zwischen Schiff und Br\u00fccke &#8211; soweit man das beurteilen kann&#8230;<\/p>\n<figure id=\"attachment_326\" aria-describedby=\"caption-attachment-326\" style=\"width: 840px\" class=\"wp-caption aligncenter\"><img loading=\"lazy\" decoding=\"async\" class=\"wp-image-326 size-large\" src=\"https:\/\/bf-on-tour.de\/ostsee2\/wp-content\/uploads\/sites\/27\/2026\/03\/Ska-0-1024x700.jpg\" alt=\"\" width=\"840\" height=\"574\" srcset=\"https:\/\/bf-on-tour.de\/ostsee2\/wp-content\/uploads\/sites\/27\/2026\/03\/Ska-0-1024x700.jpg 1024w, https:\/\/bf-on-tour.de\/ostsee2\/wp-content\/uploads\/sites\/27\/2026\/03\/Ska-0-300x205.jpg 300w, https:\/\/bf-on-tour.de\/ostsee2\/wp-content\/uploads\/sites\/27\/2026\/03\/Ska-0-768x525.jpg 768w, https:\/\/bf-on-tour.de\/ostsee2\/wp-content\/uploads\/sites\/27\/2026\/03\/Ska-0-1536x1050.jpg 1536w, https:\/\/bf-on-tour.de\/ostsee2\/wp-content\/uploads\/sites\/27\/2026\/03\/Ska-0-2048x1400.jpg 2048w, https:\/\/bf-on-tour.de\/ostsee2\/wp-content\/uploads\/sites\/27\/2026\/03\/Ska-0-1200x820.jpg 1200w\" sizes=\"auto, (max-width: 709px) 85vw, (max-width: 909px) 67vw, (max-width: 1362px) 62vw, 840px\" \/><figcaption id=\"caption-attachment-326\" class=\"wp-caption-text\">Die versunkene Kirche<\/figcaption><\/figure>\n<p>Heute also Skagen. Zun\u00e4chst die versandete Kirche, von der nur noch die H\u00e4lfte des urspr\u00fcnglichen Turmes zu sehen ist und dann Grenen, wo Skagerak auf Kattegat trifft und die beiden mit etwas Gl\u00fcck einen wei\u00dfen Schaumstrich in Verl\u00e4ngerung der Landzunge ins Wasser zeichnen. Heute nicht, weil kaum Wind und Wellen da sind. Trotzdem reicht es f\u00fcr eine klatschnasse Hose, wenn man gerade mit dem einen Fu\u00df in der Nordsee und mit dem anderen in der Ostsee steht\u00a0 &#8211; so wie ich&#8230;<\/p>\n<figure id=\"attachment_327\" aria-describedby=\"caption-attachment-327\" style=\"width: 840px\" class=\"wp-caption aligncenter\"><img loading=\"lazy\" decoding=\"async\" class=\"wp-image-327 size-large\" src=\"https:\/\/bf-on-tour.de\/ostsee2\/wp-content\/uploads\/sites\/27\/2026\/03\/Ska-2-1024x542.jpg\" alt=\"\" width=\"840\" height=\"445\" srcset=\"https:\/\/bf-on-tour.de\/ostsee2\/wp-content\/uploads\/sites\/27\/2026\/03\/Ska-2-1024x542.jpg 1024w, https:\/\/bf-on-tour.de\/ostsee2\/wp-content\/uploads\/sites\/27\/2026\/03\/Ska-2-300x159.jpg 300w, https:\/\/bf-on-tour.de\/ostsee2\/wp-content\/uploads\/sites\/27\/2026\/03\/Ska-2-768x406.jpg 768w, https:\/\/bf-on-tour.de\/ostsee2\/wp-content\/uploads\/sites\/27\/2026\/03\/Ska-2-1536x812.jpg 1536w, https:\/\/bf-on-tour.de\/ostsee2\/wp-content\/uploads\/sites\/27\/2026\/03\/Ska-2-2048x1083.jpg 2048w, https:\/\/bf-on-tour.de\/ostsee2\/wp-content\/uploads\/sites\/27\/2026\/03\/Ska-2-1200x635.jpg 1200w\" sizes=\"auto, (max-width: 709px) 85vw, (max-width: 909px) 67vw, (max-width: 1362px) 62vw, 840px\" \/><figcaption id=\"caption-attachment-327\" class=\"wp-caption-text\">Wo Skagerrak und Kattegat sich treffen<\/figcaption><\/figure>\n<p>Hier, an der n\u00f6rdlichen Westk\u00fcste D\u00e4nemarks hat sich die Deutsche Wehrmacht vor ca. 80 Jahren durch zahlreiche Bunkerbauten verewigt. Stellt sich die Frage, wieso die jetzt alle an der Ostk\u00fcste stehen. Es wird sie ja wohl niemand da hin gebracht haben. Doch! Mutter Natur l\u00e4sst Grenen im Westen pro Jahr um ca. zwei bis drei Meter durch Sandansp\u00fclung wachsen, w\u00e4hrend sie dieselbe Menge Land auf der Ostseeseite wieder wegnimmt. Damit sind die Bunker in den vergangenen 80 Jahren langsam von der West- an die Ostk\u00fcste &#8222;gewandert&#8220;. Noch ein paar Jahre weiter und sie werden im Kattegat verschwinden\u00a0 &#8211; D\u00e4nische M\u00fcllentsorgung.<\/p>\n<figure id=\"attachment_328\" aria-describedby=\"caption-attachment-328\" style=\"width: 840px\" class=\"wp-caption aligncenter\"><img loading=\"lazy\" decoding=\"async\" class=\"wp-image-328 size-large\" src=\"https:\/\/bf-on-tour.de\/ostsee2\/wp-content\/uploads\/sites\/27\/2026\/03\/Ska-3-1024x549.jpg\" alt=\"\" width=\"840\" height=\"450\" srcset=\"https:\/\/bf-on-tour.de\/ostsee2\/wp-content\/uploads\/sites\/27\/2026\/03\/Ska-3-1024x549.jpg 1024w, https:\/\/bf-on-tour.de\/ostsee2\/wp-content\/uploads\/sites\/27\/2026\/03\/Ska-3-300x161.jpg 300w, https:\/\/bf-on-tour.de\/ostsee2\/wp-content\/uploads\/sites\/27\/2026\/03\/Ska-3-768x411.jpg 768w, https:\/\/bf-on-tour.de\/ostsee2\/wp-content\/uploads\/sites\/27\/2026\/03\/Ska-3-1536x823.jpg 1536w, https:\/\/bf-on-tour.de\/ostsee2\/wp-content\/uploads\/sites\/27\/2026\/03\/Ska-3-2048x1097.jpg 2048w, https:\/\/bf-on-tour.de\/ostsee2\/wp-content\/uploads\/sites\/27\/2026\/03\/Ska-3-1200x643.jpg 1200w\" sizes=\"auto, (max-width: 709px) 85vw, (max-width: 909px) 67vw, (max-width: 1362px) 62vw, 840px\" \/><figcaption id=\"caption-attachment-328\" class=\"wp-caption-text\">Bunker aus dem WW II<\/figcaption><\/figure>\n<p>Dann ein Spaziergang durch das klassische Skagen mit seinen typisch gelben H\u00e4usern (wer die Farbe kaufen will, sie hei\u00dft&#8220;Skagen-Gelb&#8220;). Die sind \u00fcbrigens deswegen gelb, weil der K\u00f6nig hier einst ein Sommerhaus hatte bauen lassen und es gelb anstreichen lie\u00df.\u00a0 Daraufhin wollten alle Leute in Skagen gelbe H\u00e4user.<\/p>\n<figure id=\"attachment_329\" aria-describedby=\"caption-attachment-329\" style=\"width: 840px\" class=\"wp-caption aligncenter\"><img loading=\"lazy\" decoding=\"async\" class=\"wp-image-329 size-large\" src=\"https:\/\/bf-on-tour.de\/ostsee2\/wp-content\/uploads\/sites\/27\/2026\/03\/Ska-4-1024x699.jpg\" alt=\"\" width=\"840\" height=\"573\" srcset=\"https:\/\/bf-on-tour.de\/ostsee2\/wp-content\/uploads\/sites\/27\/2026\/03\/Ska-4-1024x699.jpg 1024w, https:\/\/bf-on-tour.de\/ostsee2\/wp-content\/uploads\/sites\/27\/2026\/03\/Ska-4-300x205.jpg 300w, https:\/\/bf-on-tour.de\/ostsee2\/wp-content\/uploads\/sites\/27\/2026\/03\/Ska-4-768x525.jpg 768w, https:\/\/bf-on-tour.de\/ostsee2\/wp-content\/uploads\/sites\/27\/2026\/03\/Ska-4-1536x1049.jpg 1536w, https:\/\/bf-on-tour.de\/ostsee2\/wp-content\/uploads\/sites\/27\/2026\/03\/Ska-4-2048x1399.jpg 2048w, https:\/\/bf-on-tour.de\/ostsee2\/wp-content\/uploads\/sites\/27\/2026\/03\/Ska-4-1200x820.jpg 1200w\" sizes=\"auto, (max-width: 709px) 85vw, (max-width: 909px) 67vw, (max-width: 1362px) 62vw, 840px\" \/><figcaption id=\"caption-attachment-329\" class=\"wp-caption-text\">Die gelben H\u00e4user von Skagen<\/figcaption><\/figure>\n<p>Nur die K\u00fcnstler, die im Sommer wegen des besonderen Lichtes herkamen, blieben bei dem sonst \u00fcblichen Rot. Man erkennt ihre H\u00e4user aber auch an den gro\u00dfen, nach Norden ausgerichteten Fenstern. Die gaben viel Licht, erzeugen aber keine Schatten.<\/p>\n<figure id=\"attachment_330\" aria-describedby=\"caption-attachment-330\" style=\"width: 840px\" class=\"wp-caption aligncenter\"><img loading=\"lazy\" decoding=\"async\" class=\"wp-image-330 size-large\" src=\"https:\/\/bf-on-tour.de\/ostsee2\/wp-content\/uploads\/sites\/27\/2026\/03\/Ska-5-1024x617.jpg\" alt=\"\" width=\"840\" height=\"506\" srcset=\"https:\/\/bf-on-tour.de\/ostsee2\/wp-content\/uploads\/sites\/27\/2026\/03\/Ska-5-1024x617.jpg 1024w, https:\/\/bf-on-tour.de\/ostsee2\/wp-content\/uploads\/sites\/27\/2026\/03\/Ska-5-300x181.jpg 300w, https:\/\/bf-on-tour.de\/ostsee2\/wp-content\/uploads\/sites\/27\/2026\/03\/Ska-5-768x463.jpg 768w, https:\/\/bf-on-tour.de\/ostsee2\/wp-content\/uploads\/sites\/27\/2026\/03\/Ska-5-1536x925.jpg 1536w, https:\/\/bf-on-tour.de\/ostsee2\/wp-content\/uploads\/sites\/27\/2026\/03\/Ska-5-2048x1234.jpg 2048w, https:\/\/bf-on-tour.de\/ostsee2\/wp-content\/uploads\/sites\/27\/2026\/03\/Ska-5-1200x723.jpg 1200w\" sizes=\"auto, (max-width: 709px) 85vw, (max-width: 909px) 67vw, (max-width: 1362px) 62vw, 840px\" \/><figcaption id=\"caption-attachment-330\" class=\"wp-caption-text\">K\u00fcnstler bevorzugen rote H\u00e4user&#8230;<\/figcaption><\/figure>\n<p>Abends geht es mit einem wunderbaren Sonnenuntergang weiter nach \u00c5rhus.<\/p>\n<figure id=\"attachment_331\" aria-describedby=\"caption-attachment-331\" style=\"width: 840px\" class=\"wp-caption aligncenter\"><img loading=\"lazy\" decoding=\"async\" class=\"wp-image-331 size-large\" src=\"https:\/\/bf-on-tour.de\/ostsee2\/wp-content\/uploads\/sites\/27\/2026\/03\/Ska-6-1024x467.jpg\" alt=\"\" width=\"840\" height=\"383\" srcset=\"https:\/\/bf-on-tour.de\/ostsee2\/wp-content\/uploads\/sites\/27\/2026\/03\/Ska-6-1024x467.jpg 1024w, https:\/\/bf-on-tour.de\/ostsee2\/wp-content\/uploads\/sites\/27\/2026\/03\/Ska-6-300x137.jpg 300w, https:\/\/bf-on-tour.de\/ostsee2\/wp-content\/uploads\/sites\/27\/2026\/03\/Ska-6-768x350.jpg 768w, https:\/\/bf-on-tour.de\/ostsee2\/wp-content\/uploads\/sites\/27\/2026\/03\/Ska-6-1536x700.jpg 1536w, https:\/\/bf-on-tour.de\/ostsee2\/wp-content\/uploads\/sites\/27\/2026\/03\/Ska-6-2048x933.jpg 2048w, https:\/\/bf-on-tour.de\/ostsee2\/wp-content\/uploads\/sites\/27\/2026\/03\/Ska-6-1200x547.jpg 1200w\" sizes=\"auto, (max-width: 709px) 85vw, (max-width: 909px) 67vw, (max-width: 1362px) 62vw, 840px\" \/><figcaption id=\"caption-attachment-331\" class=\"wp-caption-text\">gleich ditscht sie ein !<\/figcaption><\/figure>\n<p><a href=\"https:\/\/bf-on-tour.de\/ostsee2\/gotland\"><img loading=\"lazy\" decoding=\"async\" class=\"alignleft wp-image-362\" src=\"https:\/\/bf-on-tour.de\/ostsee2\/wp-content\/uploads\/sites\/27\/2026\/03\/zurueck.png\" alt=\"\" width=\"50\" height=\"37\" \/><\/a> <a href=\"https:\/\/bf-on-tour.de\/ostsee2\/arhus\"><img loading=\"lazy\" decoding=\"async\" class=\"alignright wp-image-361\" src=\"https:\/\/bf-on-tour.de\/ostsee2\/wp-content\/uploads\/sites\/27\/2026\/03\/weiter.png\" alt=\"\" width=\"50\" height=\"37\" \/><\/a><\/p>\n<p>&nbsp;<\/p>\n","protected":false},"excerpt":{"rendered":"<p>Seitdem St. Petersburg f\u00fcr Kreuzfahrer tabu ist, gewinnen die H\u00e4fen des \u00f6stlichen D\u00e4nemarks an Bedeutung. So auch Skagen. W\u00e4hrend des gestrigen Seetags sind wir dorthin geschlichen\u00a0 &#8211; mit gerade mal neun Knoten Fahrt (da schaut man aus dem Fenster oder vom Balkon und denkt, hinten schiebt die Mannschaft den Kahn). Na ja, das abendliche Gintasting &hellip; <a href=\"https:\/\/bf-on-tour.de\/ostsee2\/skagen\/\" class=\"more-link\"><span class=\"screen-reader-text\">\u201eSkagen &#8211; wo sich Nord- und Ostsee treffen\u201c <\/span>weiterlesen<\/a><\/p>\n","protected":false},"author":1,"featured_media":0,"parent":0,"menu_order":8,"comment_status":"closed","ping_status":"closed","template":"","meta":{"footnotes":""},"class_list":["post-189","page","type-page","status-publish","hentry"],"_links":{"self":[{"href":"https:\/\/bf-on-tour.de\/ostsee2\/wp-json\/wp\/v2\/pages\/189","targetHints":{"allow":["GET"]}}],"collection":[{"href":"https:\/\/bf-on-tour.de\/ostsee2\/wp-json\/wp\/v2\/pages"}],"about":[{"href":"https:\/\/bf-on-tour.de\/ostsee2\/wp-json\/wp\/v2\/types\/page"}],"author":[{"embeddable":true,"href":"https:\/\/bf-on-tour.de\/ostsee2\/wp-json\/wp\/v2\/users\/1"}],"replies":[{"embeddable":true,"href":"https:\/\/bf-on-tour.de\/ostsee2\/wp-json\/wp\/v2\/comments?post=189"}],"version-history":[{"count":8,"href":"https:\/\/bf-on-tour.de\/ostsee2\/wp-json\/wp\/v2\/pages\/189\/revisions"}],"predecessor-version":[{"id":440,"href":"https:\/\/bf-on-tour.de\/ostsee2\/wp-json\/wp\/v2\/pages\/189\/revisions\/440"}],"wp:attachment":[{"href":"https:\/\/bf-on-tour.de\/ostsee2\/wp-json\/wp\/v2\/media?parent=189"}],"curies":[{"name":"wp","href":"https:\/\/api.w.org\/{rel}","templated":true}]}}