{"id":184,"date":"2026-03-05T17:10:10","date_gmt":"2026-03-05T16:10:10","guid":{"rendered":"https:\/\/bf-on-tour.de\/ostsee2\/?page_id=184"},"modified":"2026-03-05T19:30:13","modified_gmt":"2026-03-05T18:30:13","slug":"gotland","status":"publish","type":"page","link":"https:\/\/bf-on-tour.de\/ostsee2\/gotland\/","title":{"rendered":"Gotland &#8211; 50 Jahre sp\u00e4ter.."},"content":{"rendered":"<p>Das Wetter ist herrlich. Wir beschlie\u00dfen im Buffetrestaurant auf dem Sonnendeck zu fr\u00fchst\u00fccken. Eigentlich hasse ich Buffets und die damit verbundene Lauferei, aber da auf Deck drei, im klassischen Restaurant &#8222;Atlantik&#8220;, morgens auch nur Buffet angeboten wird,\u00a0 es aber dort kein Sonnendeck gibt, nun ja&#8230;<\/p>\n<p>Und die Sonne muss vers\u00f6hnen, denn w\u00e4hrend unten gefr\u00e4\u00dfiger Gleichmut dieses und jenes aus dem Angebot auf die Teller wandern l\u00e4sst,\u00a0 wird hier oben geschaufelt, was das Zeug h\u00e4lt bis die Teller \u00fcberquellen. Wie gesagt, ich hasse&#8230; &#8211; ach ja, ich wollte &#8222;Buffets&#8220; schreiben!<\/p>\n<p>1975, genau vor 50 Jahren waren wir mit den Fahrr\u00e4dern hier gewesen, hatten neben Pippi Langstrumpfs Villa Kunterbunt gezeltet. Heute am Nachmittag machen wir einen Ausflug mit der historischen Eisenbahn zwischen H\u00e4sselby und Roma, die es 1975 so noch gar nicht gab, und schauen uns Visby, Gotlands Hauptstadt an. Mal sehen, was die Zeit gebracht hat und\u00a0 wie Visby jetzt ist.<\/p>\n<p>Aber zun\u00e4chst besuchen wir eine der vielen Kirchen, die es auf der Insel gibt &#8211; 91 an der Zahl. Da ist es eigentlich egal, welche man besucht, denn die meisten stehen in l\u00e4ndlichem Gebiet, geh\u00f6ren zu kleinen und kleinsten D\u00f6rfern und sind meist \u00e4hnlich ausgestattet. H\u00fcbsch anzusehen sind sie in der Regel alle. Nun, wir besuchen die Kirche von Endre, deren \u00e4lteste Teile aus dem 12. Jhd. stammen.<\/p>\n<figure id=\"attachment_298\" aria-describedby=\"caption-attachment-298\" style=\"width: 840px\" class=\"wp-caption aligncenter\"><img loading=\"lazy\" decoding=\"async\" class=\"wp-image-298 size-large\" src=\"https:\/\/bf-on-tour.de\/ostsee2\/wp-content\/uploads\/sites\/27\/2026\/03\/Got-1-1024x769.jpg\" alt=\"\" width=\"840\" height=\"631\" srcset=\"https:\/\/bf-on-tour.de\/ostsee2\/wp-content\/uploads\/sites\/27\/2026\/03\/Got-1-1024x769.jpg 1024w, https:\/\/bf-on-tour.de\/ostsee2\/wp-content\/uploads\/sites\/27\/2026\/03\/Got-1-300x225.jpg 300w, https:\/\/bf-on-tour.de\/ostsee2\/wp-content\/uploads\/sites\/27\/2026\/03\/Got-1-768x577.jpg 768w, https:\/\/bf-on-tour.de\/ostsee2\/wp-content\/uploads\/sites\/27\/2026\/03\/Got-1-1536x1153.jpg 1536w, https:\/\/bf-on-tour.de\/ostsee2\/wp-content\/uploads\/sites\/27\/2026\/03\/Got-1-2048x1538.jpg 2048w, https:\/\/bf-on-tour.de\/ostsee2\/wp-content\/uploads\/sites\/27\/2026\/03\/Got-1-1200x901.jpg 1200w\" sizes=\"auto, (max-width: 709px) 85vw, (max-width: 909px) 67vw, (max-width: 1362px) 62vw, 840px\" \/><figcaption id=\"caption-attachment-298\" class=\"wp-caption-text\">Die Kirche von Endre<\/figcaption><\/figure>\n<p>Wie erw\u00e4hnt, ist der Innenraum recht schlicht gehalten, lediglich die Kanzel und die Leuchter der Kirche lassen auf den einstigen Reichtum der Landbev\u00f6lkerung Mitte des 15. Jhd. schlie\u00dfen.<\/p>\n<figure id=\"attachment_300\" aria-describedby=\"caption-attachment-300\" style=\"width: 840px\" class=\"wp-caption aligncenter\"><img loading=\"lazy\" decoding=\"async\" class=\"wp-image-300 size-large\" src=\"https:\/\/bf-on-tour.de\/ostsee2\/wp-content\/uploads\/sites\/27\/2026\/03\/Got-1a-1024x461.jpg\" alt=\"\" width=\"840\" height=\"378\" srcset=\"https:\/\/bf-on-tour.de\/ostsee2\/wp-content\/uploads\/sites\/27\/2026\/03\/Got-1a-1024x461.jpg 1024w, https:\/\/bf-on-tour.de\/ostsee2\/wp-content\/uploads\/sites\/27\/2026\/03\/Got-1a-300x135.jpg 300w, https:\/\/bf-on-tour.de\/ostsee2\/wp-content\/uploads\/sites\/27\/2026\/03\/Got-1a-768x346.jpg 768w, https:\/\/bf-on-tour.de\/ostsee2\/wp-content\/uploads\/sites\/27\/2026\/03\/Got-1a-1536x691.jpg 1536w, https:\/\/bf-on-tour.de\/ostsee2\/wp-content\/uploads\/sites\/27\/2026\/03\/Got-1a-2048x922.jpg 2048w, https:\/\/bf-on-tour.de\/ostsee2\/wp-content\/uploads\/sites\/27\/2026\/03\/Got-1a-1200x540.jpg 1200w\" sizes=\"auto, (max-width: 709px) 85vw, (max-width: 909px) 67vw, (max-width: 1362px) 62vw, 840px\" \/><figcaption id=\"caption-attachment-300\" class=\"wp-caption-text\">Das schlichte Kirchenschiff<\/figcaption><\/figure>\n<p>Dann geht es weiter zur historischen &#8222;Hesselby Jernbahn&#8220;. Historisch und 1975 noch gar nicht existent &#8211; wie kann das denn angehen? Nun, einem umtriebigen Verein ist es zu verdanken, dass es diese Eisenbahn wieder (!) gibt: 1902 wurde die Strecke Slite &#8211; Roma in Betrieb genommen, um Zuckerr\u00fcben in die einzige Zuckerfabrik der Insel in Roma zu transportieren (soweit der &#8222;historische&#8220; Anteil).<\/p>\n<figure id=\"attachment_301\" aria-describedby=\"caption-attachment-301\" style=\"width: 840px\" class=\"wp-caption aligncenter\"><img loading=\"lazy\" decoding=\"async\" class=\"wp-image-301 size-large\" src=\"https:\/\/bf-on-tour.de\/ostsee2\/wp-content\/uploads\/sites\/27\/2026\/03\/Got-4-1024x604.jpg\" alt=\"\" width=\"840\" height=\"495\" srcset=\"https:\/\/bf-on-tour.de\/ostsee2\/wp-content\/uploads\/sites\/27\/2026\/03\/Got-4-1024x604.jpg 1024w, https:\/\/bf-on-tour.de\/ostsee2\/wp-content\/uploads\/sites\/27\/2026\/03\/Got-4-300x177.jpg 300w, https:\/\/bf-on-tour.de\/ostsee2\/wp-content\/uploads\/sites\/27\/2026\/03\/Got-4-768x453.jpg 768w, https:\/\/bf-on-tour.de\/ostsee2\/wp-content\/uploads\/sites\/27\/2026\/03\/Got-4-1536x906.jpg 1536w, https:\/\/bf-on-tour.de\/ostsee2\/wp-content\/uploads\/sites\/27\/2026\/03\/Got-4-2048x1208.jpg 2048w, https:\/\/bf-on-tour.de\/ostsee2\/wp-content\/uploads\/sites\/27\/2026\/03\/Got-4-1200x708.jpg 1200w\" sizes=\"auto, (max-width: 709px) 85vw, (max-width: 909px) 67vw, (max-width: 1362px) 62vw, 840px\" \/><figcaption id=\"caption-attachment-301\" class=\"wp-caption-text\">Hesselby Jernbahn<\/figcaption><\/figure>\n<p>Irgendwann in den 1950er Jahren lohnte sich das nicht mehr &#8211; Lastwagen waren schneller, flexibler &#8211; und bis 1970 wurden alle Schienen und Wagen der Strecke abgebaut bzw. verschrottet. Besagter Verein rettete drei Wagen, zwei Damplokomotiven und eine Diesellok, kaufte neue (alte) Schienen, verlegte die Strecke, zun\u00e4chst nur 1,3 Kilometer lang, neu und baute sie mit Mitteln der EU auf die heutigen 15 Kilometer aus. Erst seit den 2010er Jahren werden die neu hergestellten Strecken f\u00fcr Touristen wieder befahren (soviel dazu, dass es sie 1975 noch nicht gab). Ab n\u00e4chstem Jahr auch wieder mit Dampf.<\/p>\n<figure id=\"attachment_302\" aria-describedby=\"caption-attachment-302\" style=\"width: 840px\" class=\"wp-caption aligncenter\"><img loading=\"lazy\" decoding=\"async\" class=\"wp-image-302 size-large\" src=\"https:\/\/bf-on-tour.de\/ostsee2\/wp-content\/uploads\/sites\/27\/2026\/03\/Got-5-1024x683.jpg\" alt=\"\" width=\"840\" height=\"560\" srcset=\"https:\/\/bf-on-tour.de\/ostsee2\/wp-content\/uploads\/sites\/27\/2026\/03\/Got-5-1024x683.jpg 1024w, https:\/\/bf-on-tour.de\/ostsee2\/wp-content\/uploads\/sites\/27\/2026\/03\/Got-5-300x200.jpg 300w, https:\/\/bf-on-tour.de\/ostsee2\/wp-content\/uploads\/sites\/27\/2026\/03\/Got-5-768x512.jpg 768w, https:\/\/bf-on-tour.de\/ostsee2\/wp-content\/uploads\/sites\/27\/2026\/03\/Got-5-1536x1024.jpg 1536w, https:\/\/bf-on-tour.de\/ostsee2\/wp-content\/uploads\/sites\/27\/2026\/03\/Got-5-2048x1365.jpg 2048w, https:\/\/bf-on-tour.de\/ostsee2\/wp-content\/uploads\/sites\/27\/2026\/03\/Got-5-1200x800.jpg 1200w\" sizes=\"auto, (max-width: 709px) 85vw, (max-width: 909px) 67vw, (max-width: 1362px) 62vw, 840px\" \/><figcaption id=\"caption-attachment-302\" class=\"wp-caption-text\">Der Dom zu Visby<\/figcaption><\/figure>\n<p>Nach der Eisenbahnfahrt geht es weiter nach Visby. Wir sind etwas entt\u00e4uscht. Zwar gibt es das alte Visby innerhalb der gut erhaltenen Stadtmauer noch &#8211; klar, die Kirchen und Kirchruinen hat niemand wegger\u00e4umt &#8211; aber die kleinen Gassen mit den vielen Stockrosen vor den H\u00e4usern und dem romantischen Flair der alten Hansestadt findet man nur noch selten, am Rand der Mauer.<\/p>\n<table>\n<tbody>\n<tr>\n<td>\n<p><figure id=\"attachment_303\" aria-describedby=\"caption-attachment-303\" style=\"width: 385px\" class=\"wp-caption alignleft\"><img loading=\"lazy\" decoding=\"async\" class=\"wp-image-303\" src=\"https:\/\/bf-on-tour.de\/ostsee2\/wp-content\/uploads\/sites\/27\/2026\/03\/Got-6-300x208.jpg\" alt=\"\" width=\"385\" height=\"266\" srcset=\"https:\/\/bf-on-tour.de\/ostsee2\/wp-content\/uploads\/sites\/27\/2026\/03\/Got-6-300x208.jpg 300w, https:\/\/bf-on-tour.de\/ostsee2\/wp-content\/uploads\/sites\/27\/2026\/03\/Got-6-1024x709.jpg 1024w, https:\/\/bf-on-tour.de\/ostsee2\/wp-content\/uploads\/sites\/27\/2026\/03\/Got-6-768x531.jpg 768w, https:\/\/bf-on-tour.de\/ostsee2\/wp-content\/uploads\/sites\/27\/2026\/03\/Got-6-1536x1063.jpg 1536w, https:\/\/bf-on-tour.de\/ostsee2\/wp-content\/uploads\/sites\/27\/2026\/03\/Got-6-2048x1417.jpg 2048w, https:\/\/bf-on-tour.de\/ostsee2\/wp-content\/uploads\/sites\/27\/2026\/03\/Got-6-1200x830.jpg 1200w\" sizes=\"auto, (max-width: 385px) 85vw, 385px\" \/><figcaption id=\"caption-attachment-303\" class=\"wp-caption-text\">Die alte Stadtmauer<\/figcaption><\/figure><\/td>\n<td><img loading=\"lazy\" decoding=\"async\" class=\"alignright wp-image-305\" src=\"https:\/\/bf-on-tour.de\/ostsee2\/wp-content\/uploads\/sites\/27\/2026\/03\/Got-7-300x217.jpg\" alt=\"\" width=\"385\" height=\"279\" srcset=\"https:\/\/bf-on-tour.de\/ostsee2\/wp-content\/uploads\/sites\/27\/2026\/03\/Got-7-300x217.jpg 300w, https:\/\/bf-on-tour.de\/ostsee2\/wp-content\/uploads\/sites\/27\/2026\/03\/Got-7-1024x742.jpg 1024w, https:\/\/bf-on-tour.de\/ostsee2\/wp-content\/uploads\/sites\/27\/2026\/03\/Got-7-768x556.jpg 768w, https:\/\/bf-on-tour.de\/ostsee2\/wp-content\/uploads\/sites\/27\/2026\/03\/Got-7-1536x1113.jpg 1536w, https:\/\/bf-on-tour.de\/ostsee2\/wp-content\/uploads\/sites\/27\/2026\/03\/Got-7-2048x1484.jpg 2048w, https:\/\/bf-on-tour.de\/ostsee2\/wp-content\/uploads\/sites\/27\/2026\/03\/Got-7-1200x869.jpg 1200w\" sizes=\"auto, (max-width: 385px) 85vw, 385px\" \/><\/td>\n<\/tr>\n<\/tbody>\n<\/table>\n<p>Im Kern der Altstadt herrscht dagegen blanker Tourirummel: Ein Restaurant folgt dem n\u00e4chsten, eine Bar der anderen und dazwischen diverse Eisdielen, deren Preise nicht so lecker, wie ihr Eis sind (in der Waffel, mittlere Gr\u00f6\u00dfe = 80 SKR &#8211; umgerechnet ca. 7,20 EUR). Hatte ich die Deutschen Ostseehansest\u00e4dte gegen\u00fcber Riga etwas absch\u00e4tzig als leicht altbackene, bem\u00fcht denkmalgesch\u00fctzte Museumstobjekte bezeichnet, dann ist aus Visby ein kommerzieller Rummelplatz im alten Gewand geworden.<\/p>\n<figure id=\"attachment_314\" aria-describedby=\"caption-attachment-314\" style=\"width: 840px\" class=\"wp-caption alignnone\"><img loading=\"lazy\" decoding=\"async\" class=\"wp-image-314 size-large\" src=\"https:\/\/bf-on-tour.de\/ostsee2\/wp-content\/uploads\/sites\/27\/2026\/03\/Got-8-1024x667.jpg\" alt=\"\" width=\"840\" height=\"547\" srcset=\"https:\/\/bf-on-tour.de\/ostsee2\/wp-content\/uploads\/sites\/27\/2026\/03\/Got-8-1024x667.jpg 1024w, https:\/\/bf-on-tour.de\/ostsee2\/wp-content\/uploads\/sites\/27\/2026\/03\/Got-8-300x195.jpg 300w, https:\/\/bf-on-tour.de\/ostsee2\/wp-content\/uploads\/sites\/27\/2026\/03\/Got-8-768x500.jpg 768w, https:\/\/bf-on-tour.de\/ostsee2\/wp-content\/uploads\/sites\/27\/2026\/03\/Got-8-1536x1001.jpg 1536w, https:\/\/bf-on-tour.de\/ostsee2\/wp-content\/uploads\/sites\/27\/2026\/03\/Got-8-2048x1334.jpg 2048w, https:\/\/bf-on-tour.de\/ostsee2\/wp-content\/uploads\/sites\/27\/2026\/03\/Got-8-1200x782.jpg 1200w\" sizes=\"auto, (max-width: 709px) 85vw, (max-width: 909px) 67vw, (max-width: 1362px) 62vw, 840px\" \/><figcaption id=\"caption-attachment-314\" class=\"wp-caption-text\">Rummelplatz in historischem Ambiente<\/figcaption><\/figure>\n<p>Nun ja, 50 Jahre gehen eben nicht spurlos vorbei &#8211; nicht an Visby und nicht an uns. Aber herkommen m\u00fcssen wir nicht wieder&#8230;<\/p>\n<p>Abends feines Essen im sog. &#8222;Esszimmer&#8220;, einem der drei Spezialit\u00e4tenrestaurants des Schiffes. Die &#8222;Spezialit\u00e4ten&#8220; entpuppen sich allerdings eher als gehobene Hausmannskost. Na, immerhin das Wiener Schnitzel verlangt uns wegen seiner Gr\u00f6\u00dfe einiges ab. Trotzdem: Sch\u00f6n und gepflegt war&#8217;s schon!<\/p>\n<figure id=\"attachment_317\" aria-describedby=\"caption-attachment-317\" style=\"width: 840px\" class=\"wp-caption alignleft\"><img loading=\"lazy\" decoding=\"async\" class=\"wp-image-317 size-large\" src=\"https:\/\/bf-on-tour.de\/ostsee2\/wp-content\/uploads\/sites\/27\/2026\/03\/Got-9-1024x461.jpg\" alt=\"\" width=\"840\" height=\"378\" srcset=\"https:\/\/bf-on-tour.de\/ostsee2\/wp-content\/uploads\/sites\/27\/2026\/03\/Got-9-1024x461.jpg 1024w, https:\/\/bf-on-tour.de\/ostsee2\/wp-content\/uploads\/sites\/27\/2026\/03\/Got-9-300x135.jpg 300w, https:\/\/bf-on-tour.de\/ostsee2\/wp-content\/uploads\/sites\/27\/2026\/03\/Got-9-768x346.jpg 768w, https:\/\/bf-on-tour.de\/ostsee2\/wp-content\/uploads\/sites\/27\/2026\/03\/Got-9-1536x691.jpg 1536w, https:\/\/bf-on-tour.de\/ostsee2\/wp-content\/uploads\/sites\/27\/2026\/03\/Got-9-2048x922.jpg 2048w, https:\/\/bf-on-tour.de\/ostsee2\/wp-content\/uploads\/sites\/27\/2026\/03\/Got-9-1200x540.jpg 1200w\" sizes=\"auto, (max-width: 709px) 85vw, (max-width: 909px) 67vw, (max-width: 1362px) 62vw, 840px\" \/><figcaption id=\"caption-attachment-317\" class=\"wp-caption-text\">Gepflegtes Abendessen im separaten Restaurant<\/figcaption><\/figure>\n<p>&nbsp;<\/p>\n<p>Die neuerliche Poolparty (das scheint hier zur Gewohnheit zu werden) lassen wir wieder aus, zumal man in Wei\u00df &#8211; d.h. f\u00fcr uns, in Ermangelung wei\u00dfer Kleidung, im Bademantel &#8211;\u00a0 h\u00e4tte erscheinen sollen, was nun wieder \u00fcberhaupt nicht unser Ding ist!<\/p>\n<figure id=\"attachment_318\" aria-describedby=\"caption-attachment-318\" style=\"width: 300px\" class=\"wp-caption alignleft\"><img loading=\"lazy\" decoding=\"async\" class=\"wp-image-318 size-medium\" src=\"https:\/\/bf-on-tour.de\/ostsee2\/wp-content\/uploads\/sites\/27\/2026\/03\/Got-10-300x274.jpg\" alt=\"\" width=\"300\" height=\"274\" srcset=\"https:\/\/bf-on-tour.de\/ostsee2\/wp-content\/uploads\/sites\/27\/2026\/03\/Got-10-300x274.jpg 300w, https:\/\/bf-on-tour.de\/ostsee2\/wp-content\/uploads\/sites\/27\/2026\/03\/Got-10-1024x934.jpg 1024w, https:\/\/bf-on-tour.de\/ostsee2\/wp-content\/uploads\/sites\/27\/2026\/03\/Got-10-768x701.jpg 768w, https:\/\/bf-on-tour.de\/ostsee2\/wp-content\/uploads\/sites\/27\/2026\/03\/Got-10-1536x1401.jpg 1536w, https:\/\/bf-on-tour.de\/ostsee2\/wp-content\/uploads\/sites\/27\/2026\/03\/Got-10-2048x1868.jpg 2048w, https:\/\/bf-on-tour.de\/ostsee2\/wp-content\/uploads\/sites\/27\/2026\/03\/Got-10-1200x1095.jpg 1200w\" sizes=\"auto, (max-width: 300px) 85vw, 300px\" \/><figcaption id=\"caption-attachment-318\" class=\"wp-caption-text\">ohne Worte&#8230;<\/figcaption><\/figure>\n<figure id=\"attachment_319\" aria-describedby=\"caption-attachment-319\" style=\"width: 300px\" class=\"wp-caption alignright\"><img loading=\"lazy\" decoding=\"async\" class=\"wp-image-319 size-medium\" src=\"https:\/\/bf-on-tour.de\/ostsee2\/wp-content\/uploads\/sites\/27\/2026\/03\/See-0-300x300.jpg\" alt=\"\" width=\"300\" height=\"300\" srcset=\"https:\/\/bf-on-tour.de\/ostsee2\/wp-content\/uploads\/sites\/27\/2026\/03\/See-0-300x300.jpg 300w, https:\/\/bf-on-tour.de\/ostsee2\/wp-content\/uploads\/sites\/27\/2026\/03\/See-0-1024x1024.jpg 1024w, https:\/\/bf-on-tour.de\/ostsee2\/wp-content\/uploads\/sites\/27\/2026\/03\/See-0-150x150.jpg 150w, https:\/\/bf-on-tour.de\/ostsee2\/wp-content\/uploads\/sites\/27\/2026\/03\/See-0-768x768.jpg 768w, https:\/\/bf-on-tour.de\/ostsee2\/wp-content\/uploads\/sites\/27\/2026\/03\/See-0-1536x1536.jpg 1536w, https:\/\/bf-on-tour.de\/ostsee2\/wp-content\/uploads\/sites\/27\/2026\/03\/See-0-2048x2048.jpg 2048w, https:\/\/bf-on-tour.de\/ostsee2\/wp-content\/uploads\/sites\/27\/2026\/03\/See-0-1200x1200.jpg 1200w\" sizes=\"auto, (max-width: 300px) 85vw, 300px\" \/><figcaption id=\"caption-attachment-319\" class=\"wp-caption-text\">Die Stille unseres Balkons !<\/figcaption><\/figure>\n<p>Wir holen einen Gin Tonic aus irgendeiner Bar und verziehen uns in die Stille unseres Balkons, wo wir bei langsam untergehender Sonne das Auftauchen des Lichtzeichens vom\u00a0 32 Meter hohen Leuchtfeuer &#8222;L\u00e5nge Erik&#8220; in Byxelkrok, an der Nordspitze \u00d6lands, in der Ferne genie\u00dfen, und schwelgen ein Wenig in Erinnerungen \u00fcber unsere Fahrradtour nach Gotland 1975 . Damals fuhren wir nach nach Byxelkrog, zur F\u00e4hre nach Visby . Und die Plakate am Stra\u00dfenrand hatten recht: &#8222;\u00d6land ist l\u00e4nger als Du denkst.&#8220;<\/p>\n<p>Schweden ade. Morgen werden wir weiter nach D\u00e4nemark fahren.<\/p>\n<p>&nbsp;<\/p>\n<p><strong>Montag, Seetag<\/strong><\/p>\n<p>Infostunde des Kapit\u00e4ns: Alles, was man \u00fcber das Schiff wissen m\u00f6chte und sich nie zu fragen getraut hat.<\/p>\n<p><img loading=\"lazy\" decoding=\"async\" class=\"size-large wp-image-322 aligncenter\" src=\"https:\/\/bf-on-tour.de\/ostsee2\/wp-content\/uploads\/sites\/27\/2026\/03\/See-1-1024x580.jpg\" alt=\"\" width=\"840\" height=\"476\" srcset=\"https:\/\/bf-on-tour.de\/ostsee2\/wp-content\/uploads\/sites\/27\/2026\/03\/See-1-1024x580.jpg 1024w, https:\/\/bf-on-tour.de\/ostsee2\/wp-content\/uploads\/sites\/27\/2026\/03\/See-1-300x170.jpg 300w, https:\/\/bf-on-tour.de\/ostsee2\/wp-content\/uploads\/sites\/27\/2026\/03\/See-1-768x435.jpg 768w, https:\/\/bf-on-tour.de\/ostsee2\/wp-content\/uploads\/sites\/27\/2026\/03\/See-1-1536x870.jpg 1536w, https:\/\/bf-on-tour.de\/ostsee2\/wp-content\/uploads\/sites\/27\/2026\/03\/See-1-2048x1160.jpg 2048w, https:\/\/bf-on-tour.de\/ostsee2\/wp-content\/uploads\/sites\/27\/2026\/03\/See-1-1200x680.jpg 1200w\" sizes=\"auto, (max-width: 709px) 85vw, (max-width: 909px) 67vw, (max-width: 1362px) 62vw, 840px\" \/>Ansonsten: Bilder sortiert und gesichert, Geschichten geschrieben, abends K\u00e4sebuffet und Ginverkostung.<\/p>\n<p>Wieder nix gekauft&#8230; (ach ja doch: Gin).<\/p>\n<p><a href=\"https:\/\/bf-on-tour.de\/ostsee2\/schweden\"><img loading=\"lazy\" decoding=\"async\" class=\"alignleft wp-image-362\" src=\"https:\/\/bf-on-tour.de\/ostsee2\/wp-content\/uploads\/sites\/27\/2026\/03\/zurueck.png\" alt=\"\" width=\"50\" height=\"37\" \/><\/a> <a href=\"https:\/\/bf-on-tour.de\/ostsee2\/skagen\"><img loading=\"lazy\" decoding=\"async\" class=\"alignright wp-image-361\" src=\"https:\/\/bf-on-tour.de\/ostsee2\/wp-content\/uploads\/sites\/27\/2026\/03\/weiter.png\" alt=\"\" width=\"50\" height=\"37\" \/><\/a><\/p>\n","protected":false},"excerpt":{"rendered":"<p>Das Wetter ist herrlich. Wir beschlie\u00dfen im Buffetrestaurant auf dem Sonnendeck zu fr\u00fchst\u00fccken. Eigentlich hasse ich Buffets und die damit verbundene Lauferei, aber da auf Deck drei, im klassischen Restaurant &#8222;Atlantik&#8220;, morgens auch nur Buffet angeboten wird,\u00a0 es aber dort kein Sonnendeck gibt, nun ja&#8230; Und die Sonne muss vers\u00f6hnen, denn w\u00e4hrend unten gefr\u00e4\u00dfiger Gleichmut &hellip; <a href=\"https:\/\/bf-on-tour.de\/ostsee2\/gotland\/\" class=\"more-link\"><span class=\"screen-reader-text\">\u201eGotland &#8211; 50 Jahre sp\u00e4ter..\u201c <\/span>weiterlesen<\/a><\/p>\n","protected":false},"author":1,"featured_media":0,"parent":0,"menu_order":7,"comment_status":"closed","ping_status":"closed","template":"","meta":{"footnotes":""},"class_list":["post-184","page","type-page","status-publish","hentry"],"_links":{"self":[{"href":"https:\/\/bf-on-tour.de\/ostsee2\/wp-json\/wp\/v2\/pages\/184","targetHints":{"allow":["GET"]}}],"collection":[{"href":"https:\/\/bf-on-tour.de\/ostsee2\/wp-json\/wp\/v2\/pages"}],"about":[{"href":"https:\/\/bf-on-tour.de\/ostsee2\/wp-json\/wp\/v2\/types\/page"}],"author":[{"embeddable":true,"href":"https:\/\/bf-on-tour.de\/ostsee2\/wp-json\/wp\/v2\/users\/1"}],"replies":[{"embeddable":true,"href":"https:\/\/bf-on-tour.de\/ostsee2\/wp-json\/wp\/v2\/comments?post=184"}],"version-history":[{"count":24,"href":"https:\/\/bf-on-tour.de\/ostsee2\/wp-json\/wp\/v2\/pages\/184\/revisions"}],"predecessor-version":[{"id":438,"href":"https:\/\/bf-on-tour.de\/ostsee2\/wp-json\/wp\/v2\/pages\/184\/revisions\/438"}],"wp:attachment":[{"href":"https:\/\/bf-on-tour.de\/ostsee2\/wp-json\/wp\/v2\/media?parent=184"}],"curies":[{"name":"wp","href":"https:\/\/api.w.org\/{rel}","templated":true}]}}