{"id":182,"date":"2026-03-05T17:12:38","date_gmt":"2026-03-05T16:12:38","guid":{"rendered":"https:\/\/bf-on-tour.de\/ostsee2\/?page_id=182"},"modified":"2026-03-05T19:43:20","modified_gmt":"2026-03-05T18:43:20","slug":"schweden","status":"publish","type":"page","link":"https:\/\/bf-on-tour.de\/ostsee2\/schweden\/","title":{"rendered":"Stockholm &#8211; Halbzeit"},"content":{"rendered":"<p>Heute Nacht wache ich mit Sodbrennen auf. Mein Handy zeigt 5:04 Uhr an. Ich schaue kurz in die Tageszeitung und denke, es w\u00e4re eine gute Zeit, um noch einmal einzuschlafen (was interessiert mich der aktuelle Tageskram im Urlaub). 4:45 Uhr. Handy kaputt? Keineswegs, denn gerade eben haben wir eine Stunde wieder bekommen &#8211; hoffentlich die richtige -, die uns an der Grenze zu Lettland verloren ging. Zeitzonenwechsel! Willkommen zur\u00fcck im heimischen UTC+1.<\/p>\n<p>Als ich danach wieder wach werde, fahren wir ganz langsam durch den Sch\u00e4rengarten vor Stockholm. Eine der sch\u00f6nsten Hafeneinfahrten, die ich kenne.<\/p>\n<figure id=\"attachment_272\" aria-describedby=\"caption-attachment-272\" style=\"width: 840px\" class=\"wp-caption alignnone\"><img loading=\"lazy\" decoding=\"async\" class=\"wp-image-272 size-large\" src=\"https:\/\/bf-on-tour.de\/ostsee2\/wp-content\/uploads\/sites\/27\/2026\/03\/Sto-1-1024x461.jpg\" alt=\"\" width=\"840\" height=\"378\" srcset=\"https:\/\/bf-on-tour.de\/ostsee2\/wp-content\/uploads\/sites\/27\/2026\/03\/Sto-1-1024x461.jpg 1024w, https:\/\/bf-on-tour.de\/ostsee2\/wp-content\/uploads\/sites\/27\/2026\/03\/Sto-1-300x135.jpg 300w, https:\/\/bf-on-tour.de\/ostsee2\/wp-content\/uploads\/sites\/27\/2026\/03\/Sto-1-768x346.jpg 768w, https:\/\/bf-on-tour.de\/ostsee2\/wp-content\/uploads\/sites\/27\/2026\/03\/Sto-1-1536x692.jpg 1536w, https:\/\/bf-on-tour.de\/ostsee2\/wp-content\/uploads\/sites\/27\/2026\/03\/Sto-1-2048x922.jpg 2048w, https:\/\/bf-on-tour.de\/ostsee2\/wp-content\/uploads\/sites\/27\/2026\/03\/Sto-1-1200x540.jpg 1200w\" sizes=\"auto, (max-width: 709px) 85vw, (max-width: 909px) 67vw, (max-width: 1362px) 62vw, 840px\" \/><figcaption id=\"caption-attachment-272\" class=\"wp-caption-text\">Sch\u00e4renfahrt am Morgen<\/figcaption><\/figure>\n<p>Kein Ausflug heute. In Stockholm waren wir mehrfach und kennen uns daher ganz gut aus. Also zun\u00e4chst zum Rathaus und dann gem\u00fctlich durch die Altstadt &#8222;Gamla Stan&#8220; schlendern,\u00a0 irgendwo einen Cappuccino trinken und das Flair der Stadt genie\u00dfen.<\/p>\n<p>Das Rathaus ist &#8211; wie man sieht &#8211; nicht gerade das sch\u00f6nste oder originellste Bauwerk Stockholms, und es ist innen ebenso schlicht, wie au\u00dfen, aber man kann hindurch gehen bis ans Wasser, um dort, drau\u00dfen,\u00a0 am Ende des Weges die F\u00fc\u00dfe in eben diesem baumeln zu lassen &#8211; hab ich 2006 auf der Motorradtour zum Nordkap mit meinem Freund Hendrik gemacht&#8230;<\/p>\n<figure id=\"attachment_290\" aria-describedby=\"caption-attachment-290\" style=\"width: 840px\" class=\"wp-caption alignnone\"><img loading=\"lazy\" decoding=\"async\" class=\"wp-image-290 size-large\" src=\"https:\/\/bf-on-tour.de\/ostsee2\/wp-content\/uploads\/sites\/27\/2026\/03\/Sto-0a-1024x769.jpg\" alt=\"\" width=\"840\" height=\"631\" srcset=\"https:\/\/bf-on-tour.de\/ostsee2\/wp-content\/uploads\/sites\/27\/2026\/03\/Sto-0a-1024x769.jpg 1024w, https:\/\/bf-on-tour.de\/ostsee2\/wp-content\/uploads\/sites\/27\/2026\/03\/Sto-0a-300x225.jpg 300w, https:\/\/bf-on-tour.de\/ostsee2\/wp-content\/uploads\/sites\/27\/2026\/03\/Sto-0a-768x577.jpg 768w, https:\/\/bf-on-tour.de\/ostsee2\/wp-content\/uploads\/sites\/27\/2026\/03\/Sto-0a-1536x1153.jpg 1536w, https:\/\/bf-on-tour.de\/ostsee2\/wp-content\/uploads\/sites\/27\/2026\/03\/Sto-0a-2048x1538.jpg 2048w, https:\/\/bf-on-tour.de\/ostsee2\/wp-content\/uploads\/sites\/27\/2026\/03\/Sto-0a-1200x901.jpg 1200w\" sizes=\"auto, (max-width: 709px) 85vw, (max-width: 909px) 67vw, (max-width: 1362px) 62vw, 840px\" \/><figcaption id=\"caption-attachment-290\" class=\"wp-caption-text\">Das Stockholmer Rathaus<\/figcaption><\/figure>\n<p>Auch heute schmerzen die F\u00fc\u00dfe, aber die Altstadt mit ihren Gassen, den vielen kleinen L\u00e4den und versteckten Pl\u00e4tzen, auf denen oft ein Denkmal und ein Caf\u00e9 zu finden ist,\u00a0 lockt. Nur, gem\u00fctlich? Genie\u00dfen? Von wegen. Geradezu abenteuerliche Tourimassen schieben sich und uns durch die engen Gassen.\u00a0 Wo kommen die blo\u00df alle her? Italienisch, Spanisch, Englisch, nat\u00fcrlich Japanisch oder ist es Chinesisch (?) sind deutlich zu erkennen. Aber der einzige Kreuzfahrer weit und breit ist die &#8222;Mein Schiff 1&#8220;. Egal, das wird uns hier zu eng. Wenn schon Gedr\u00e4nge, dann bitte bei der Wachabl\u00f6sung vor dem Stadtschloss. Und genau da gehen wir jetzt hin.<\/p>\n<figure id=\"attachment_273\" aria-describedby=\"caption-attachment-273\" style=\"width: 840px\" class=\"wp-caption aligncenter\"><a href=\"https:\/\/youtu.be\/C6jvi7IDp7s\"><img loading=\"lazy\" decoding=\"async\" class=\"wp-image-273 size-large\" src=\"https:\/\/bf-on-tour.de\/ostsee2\/wp-content\/uploads\/sites\/27\/2026\/03\/St-2-1024x461.jpg\" alt=\"\" width=\"840\" height=\"378\" srcset=\"https:\/\/bf-on-tour.de\/ostsee2\/wp-content\/uploads\/sites\/27\/2026\/03\/St-2-1024x461.jpg 1024w, https:\/\/bf-on-tour.de\/ostsee2\/wp-content\/uploads\/sites\/27\/2026\/03\/St-2-300x135.jpg 300w, https:\/\/bf-on-tour.de\/ostsee2\/wp-content\/uploads\/sites\/27\/2026\/03\/St-2-768x346.jpg 768w, https:\/\/bf-on-tour.de\/ostsee2\/wp-content\/uploads\/sites\/27\/2026\/03\/St-2-1536x692.jpg 1536w, https:\/\/bf-on-tour.de\/ostsee2\/wp-content\/uploads\/sites\/27\/2026\/03\/St-2-2048x922.jpg 2048w, https:\/\/bf-on-tour.de\/ostsee2\/wp-content\/uploads\/sites\/27\/2026\/03\/St-2-1200x540.jpg 1200w\" sizes=\"auto, (max-width: 709px) 85vw, (max-width: 909px) 67vw, (max-width: 1362px) 62vw, 840px\" \/><\/a><figcaption id=\"caption-attachment-273\" class=\"wp-caption-text\">Wachabl\u00f6sung in Stockholm: Zum Anschauen des Videos bitte auf das Bild klicken.<\/figcaption><\/figure>\n<p>12:00 Uhr, &#8222;Bitte hinter die Absperrung treten und aufrecht stehen &#8211; auch die Kinder &#8211; sonst bekommen die Pferde Angst&#8220;. 12:15 Uhr, tats\u00e4chlich reitet ein Milit\u00e4rorchester mit dr\u00f6hnender Marschmusik auf den Paradeplatz des Schlosses. Pferde sind schon eigenartige Wesen. Vor sitzenden Kindern haben sie Angst, vor Pauke, Trommel, Trompete, Posaune und Basstuba, samt den direkt auf ihnen hockenden, l\u00e4rmenden Musikanten aber nicht. Na zugegeben, einige Tiere sind schon etwas nerv\u00f6s, wollen nicht so recht in Reih und Glied stehen, aber die meisten sind von der ganzen Prozedur v\u00f6llig unber\u00fchrt. Vor allem der m\u00e4chtige Kaltbl\u00fcter mit der Pauke oben drauf. Den bringt rein gar nichts aus der Fassung.<\/p>\n<p>Nachdem die Wachf\u00fchrer ein paarmal die Nationalflagge hin und her geschwenkt und \u00fcber den Platz getragen, die Wachmannschaften ihre Pl\u00e4tze getauscht und die Musiker dazu gespielt haben, geh\u00f6rt der Platz komplett dem berittenen Orchester, das jetzt, in Formation reitend, M\u00e4rsche, Operettenmelodien und, ja tats\u00e4chlich ein ABBA-Medley darbietet (bei dem \u00fcbrigens alle Pferde ganz entspannt still stehen &#8211; die Musik m\u00f6gen sie offensichtlich).<\/p>\n<p>Zum Schluss dann die \u00dcberraschung: Die Musiker reiten zu den Kl\u00e4ngen des Fehrbelliner Reitermarsches vom Platz (&#8222;Wir wollen unsern alten Kaiser Wilhelm wieder haben&#8230;&#8220;).<\/p>\n<p>Erste Reaktion: Haben die nix Eigenes? Dann aber: Fehrbellin? Schlacht bei Fehrbellin? Richtig, dort k\u00e4mpften 1675\u00a0 Schweden und Franzosen gegen Brandenburger &#8211; oder besser: umgekehrt. Und weil die Schweden damals unterlagen, konnte dort an der A24 die Rastst\u00e4tte &#8222;Linumer Bruch&#8220; gebaut werden.\u00a0 Soviel zu lebendiger Geschichte!<\/p>\n<figure id=\"attachment_279\" aria-describedby=\"caption-attachment-279\" style=\"width: 176px\" class=\"wp-caption alignleft\"><img loading=\"lazy\" decoding=\"async\" class=\"wp-image-279 size-medium\" src=\"https:\/\/bf-on-tour.de\/ostsee2\/wp-content\/uploads\/sites\/27\/2026\/03\/Sto-3-176x300.jpg\" alt=\"\" width=\"176\" height=\"300\" srcset=\"https:\/\/bf-on-tour.de\/ostsee2\/wp-content\/uploads\/sites\/27\/2026\/03\/Sto-3-176x300.jpg 176w, https:\/\/bf-on-tour.de\/ostsee2\/wp-content\/uploads\/sites\/27\/2026\/03\/Sto-3-600x1024.jpg 600w, https:\/\/bf-on-tour.de\/ostsee2\/wp-content\/uploads\/sites\/27\/2026\/03\/Sto-3-768x1312.jpg 768w, https:\/\/bf-on-tour.de\/ostsee2\/wp-content\/uploads\/sites\/27\/2026\/03\/Sto-3-899x1536.jpg 899w, https:\/\/bf-on-tour.de\/ostsee2\/wp-content\/uploads\/sites\/27\/2026\/03\/Sto-3-1199x2048.jpg 1199w, https:\/\/bf-on-tour.de\/ostsee2\/wp-content\/uploads\/sites\/27\/2026\/03\/Sto-3-1200x2049.jpg 1200w, https:\/\/bf-on-tour.de\/ostsee2\/wp-content\/uploads\/sites\/27\/2026\/03\/Sto-3-scaled.jpg 1499w\" sizes=\"auto, (max-width: 176px) 85vw, 176px\" \/><figcaption id=\"caption-attachment-279\" class=\"wp-caption-text\">Wachmann<\/figcaption><\/figure>\n<p>Auf dem R\u00fcckweg mache ich ein Foto vom Wachsoldaten in seinem kleinen H\u00e4uschen und sehe, der bewegt ab und an den Kopf (es hei\u00dft ja auch nur &#8222;stillgestanden&#8220;, nicht &#8222;stillgeschaut&#8220;). So entspannt w\u00fcrde die Garde vom Buckingham-Palast das nicht sehen. Die verz\u00f6gen wohl nicht mal eine Miene,\u00a0 wenn man ihnen das B\u00e4renfell \u00fcber die Ohren z\u00f6ge.<\/p>\n<p>Ach, Schweden ist so angenehm locker!<\/p>\n<p>Ein letzter Blick vom Schloss \u00fcber den Hafen uns dann geht&#8217;s wieder zur\u00fcck zum Schiff. F\u00fcr heute haben wir genug lahme Beine.<\/p>\n<figure id=\"attachment_284\" aria-describedby=\"caption-attachment-284\" style=\"width: 840px\" class=\"wp-caption aligncenter\"><img loading=\"lazy\" decoding=\"async\" class=\"wp-image-284 size-large\" src=\"https:\/\/bf-on-tour.de\/ostsee2\/wp-content\/uploads\/sites\/27\/2026\/03\/Sto-3b-1024x461.jpg\" alt=\"\" width=\"840\" height=\"378\" srcset=\"https:\/\/bf-on-tour.de\/ostsee2\/wp-content\/uploads\/sites\/27\/2026\/03\/Sto-3b-1024x461.jpg 1024w, https:\/\/bf-on-tour.de\/ostsee2\/wp-content\/uploads\/sites\/27\/2026\/03\/Sto-3b-300x135.jpg 300w, https:\/\/bf-on-tour.de\/ostsee2\/wp-content\/uploads\/sites\/27\/2026\/03\/Sto-3b-768x346.jpg 768w, https:\/\/bf-on-tour.de\/ostsee2\/wp-content\/uploads\/sites\/27\/2026\/03\/Sto-3b-1536x692.jpg 1536w, https:\/\/bf-on-tour.de\/ostsee2\/wp-content\/uploads\/sites\/27\/2026\/03\/Sto-3b-2048x922.jpg 2048w, https:\/\/bf-on-tour.de\/ostsee2\/wp-content\/uploads\/sites\/27\/2026\/03\/Sto-3b-1200x540.jpg 1200w\" sizes=\"auto, (max-width: 709px) 85vw, (max-width: 909px) 67vw, (max-width: 1362px) 62vw, 840px\" \/><figcaption id=\"caption-attachment-284\" class=\"wp-caption-text\">Blick vom Schloss zum Hafen<\/figcaption><\/figure>\n<p>Da ist die Busfahrt sehr willkommen und entspannend, zumal die &#8222;Mein Schiff&#8220; ziemlich weit au\u00dferhalb der Innenstadt liegt.<\/p>\n<figure id=\"attachment_280\" aria-describedby=\"caption-attachment-280\" style=\"width: 840px\" class=\"wp-caption aligncenter\"><img loading=\"lazy\" decoding=\"async\" class=\"wp-image-280 size-large\" src=\"https:\/\/bf-on-tour.de\/ostsee2\/wp-content\/uploads\/sites\/27\/2026\/03\/Sto-4-1024x769.jpg\" alt=\"\" width=\"840\" height=\"631\" srcset=\"https:\/\/bf-on-tour.de\/ostsee2\/wp-content\/uploads\/sites\/27\/2026\/03\/Sto-4-1024x769.jpg 1024w, https:\/\/bf-on-tour.de\/ostsee2\/wp-content\/uploads\/sites\/27\/2026\/03\/Sto-4-300x225.jpg 300w, https:\/\/bf-on-tour.de\/ostsee2\/wp-content\/uploads\/sites\/27\/2026\/03\/Sto-4-768x577.jpg 768w, https:\/\/bf-on-tour.de\/ostsee2\/wp-content\/uploads\/sites\/27\/2026\/03\/Sto-4-1536x1153.jpg 1536w, https:\/\/bf-on-tour.de\/ostsee2\/wp-content\/uploads\/sites\/27\/2026\/03\/Sto-4-2048x1538.jpg 2048w, https:\/\/bf-on-tour.de\/ostsee2\/wp-content\/uploads\/sites\/27\/2026\/03\/Sto-4-1200x901.jpg 1200w\" sizes=\"auto, (max-width: 709px) 85vw, (max-width: 909px) 67vw, (max-width: 1362px) 62vw, 840px\" \/><figcaption id=\"caption-attachment-280\" class=\"wp-caption-text\">unser Schiff<\/figcaption><\/figure>\n<figure id=\"attachment_282\" aria-describedby=\"caption-attachment-282\" style=\"width: 150px\" class=\"wp-caption alignleft\"><img loading=\"lazy\" decoding=\"async\" class=\"wp-image-282 size-thumbnail\" src=\"https:\/\/bf-on-tour.de\/ostsee2\/wp-content\/uploads\/sites\/27\/2026\/03\/Sto-6-150x150.jpg\" alt=\"\" width=\"150\" height=\"150\" \/><figcaption id=\"caption-attachment-282\" class=\"wp-caption-text\">ohne Worte&#8230;<\/figcaption><\/figure>\n<p>Abends dann schon wieder Party am Pool &#8211; 80er und 90er (Alter der Songs, nicht der G\u00e4ste). Und obwohl das von der Besatzung sehr liebevoll gemachte Obstbuffet reizvoll aussieht, zieht es uns in ruhigere Gefilde &#8211; zum Gl\u00fcck findet man die auf dem Schiff immer!<\/p>\n<p>Und so nehmen wir auf dieselbe Weise Abschied von dieser sch\u00f6nen Stadt, wie wir sie am Morgen begr\u00fc\u00dft haben: Mit einer wunderbaren Schleichfahrt durch die Sch\u00e4ren!<\/p>\n<figure id=\"attachment_281\" aria-describedby=\"caption-attachment-281\" style=\"width: 840px\" class=\"wp-caption aligncenter\"><img loading=\"lazy\" decoding=\"async\" class=\"wp-image-281 size-large\" src=\"https:\/\/bf-on-tour.de\/ostsee2\/wp-content\/uploads\/sites\/27\/2026\/03\/Sto-5-1024x461.jpg\" alt=\"\" width=\"840\" height=\"378\" srcset=\"https:\/\/bf-on-tour.de\/ostsee2\/wp-content\/uploads\/sites\/27\/2026\/03\/Sto-5-1024x461.jpg 1024w, https:\/\/bf-on-tour.de\/ostsee2\/wp-content\/uploads\/sites\/27\/2026\/03\/Sto-5-300x135.jpg 300w, https:\/\/bf-on-tour.de\/ostsee2\/wp-content\/uploads\/sites\/27\/2026\/03\/Sto-5-768x346.jpg 768w, https:\/\/bf-on-tour.de\/ostsee2\/wp-content\/uploads\/sites\/27\/2026\/03\/Sto-5-1536x692.jpg 1536w, https:\/\/bf-on-tour.de\/ostsee2\/wp-content\/uploads\/sites\/27\/2026\/03\/Sto-5-2048x923.jpg 2048w, https:\/\/bf-on-tour.de\/ostsee2\/wp-content\/uploads\/sites\/27\/2026\/03\/Sto-5-1200x541.jpg 1200w\" sizes=\"auto, (max-width: 709px) 85vw, (max-width: 909px) 67vw, (max-width: 1362px) 62vw, 840px\" \/><figcaption id=\"caption-attachment-281\" class=\"wp-caption-text\">Sch\u00e4renfahrt am Abend<\/figcaption><\/figure>\n<p><a href=\"https:\/\/bf-on-tour.de\/ostsee2\/finnland\"><img loading=\"lazy\" decoding=\"async\" class=\"alignleft wp-image-362\" src=\"https:\/\/bf-on-tour.de\/ostsee2\/wp-content\/uploads\/sites\/27\/2026\/03\/zurueck.png\" alt=\"\" width=\"50\" height=\"37\" \/><\/a> <a href=\"https:\/\/bf-on-tour.de\/ostsee2\/gotland\"><img loading=\"lazy\" decoding=\"async\" class=\"alignright wp-image-361\" src=\"https:\/\/bf-on-tour.de\/ostsee2\/wp-content\/uploads\/sites\/27\/2026\/03\/weiter.png\" alt=\"\" width=\"50\" height=\"37\" \/><\/a><\/p>\n","protected":false},"excerpt":{"rendered":"<p>Heute Nacht wache ich mit Sodbrennen auf. Mein Handy zeigt 5:04 Uhr an. Ich schaue kurz in die Tageszeitung und denke, es w\u00e4re eine gute Zeit, um noch einmal einzuschlafen (was interessiert mich der aktuelle Tageskram im Urlaub). 4:45 Uhr. Handy kaputt? Keineswegs, denn gerade eben haben wir eine Stunde wieder bekommen &#8211; hoffentlich die &hellip; <a href=\"https:\/\/bf-on-tour.de\/ostsee2\/schweden\/\" class=\"more-link\"><span class=\"screen-reader-text\">\u201eStockholm &#8211; Halbzeit\u201c <\/span>weiterlesen<\/a><\/p>\n","protected":false},"author":1,"featured_media":0,"parent":0,"menu_order":6,"comment_status":"closed","ping_status":"closed","template":"","meta":{"footnotes":""},"class_list":["post-182","page","type-page","status-publish","hentry"],"_links":{"self":[{"href":"https:\/\/bf-on-tour.de\/ostsee2\/wp-json\/wp\/v2\/pages\/182","targetHints":{"allow":["GET"]}}],"collection":[{"href":"https:\/\/bf-on-tour.de\/ostsee2\/wp-json\/wp\/v2\/pages"}],"about":[{"href":"https:\/\/bf-on-tour.de\/ostsee2\/wp-json\/wp\/v2\/types\/page"}],"author":[{"embeddable":true,"href":"https:\/\/bf-on-tour.de\/ostsee2\/wp-json\/wp\/v2\/users\/1"}],"replies":[{"embeddable":true,"href":"https:\/\/bf-on-tour.de\/ostsee2\/wp-json\/wp\/v2\/comments?post=182"}],"version-history":[{"count":15,"href":"https:\/\/bf-on-tour.de\/ostsee2\/wp-json\/wp\/v2\/pages\/182\/revisions"}],"predecessor-version":[{"id":446,"href":"https:\/\/bf-on-tour.de\/ostsee2\/wp-json\/wp\/v2\/pages\/182\/revisions\/446"}],"wp:attachment":[{"href":"https:\/\/bf-on-tour.de\/ostsee2\/wp-json\/wp\/v2\/media?parent=182"}],"curies":[{"name":"wp","href":"https:\/\/api.w.org\/{rel}","templated":true}]}}