{"id":179,"date":"2026-03-05T17:07:34","date_gmt":"2026-03-05T16:07:34","guid":{"rendered":"https:\/\/bf-on-tour.de\/ostsee2\/?page_id=179"},"modified":"2026-03-05T19:46:55","modified_gmt":"2026-03-05T18:46:55","slug":"finnland","status":"publish","type":"page","link":"https:\/\/bf-on-tour.de\/ostsee2\/finnland\/","title":{"rendered":"Helsinki"},"content":{"rendered":"<p>Die geneigte Leserschaft unserer Reiseberichte wei\u00df, dass wir Finnland zwiegespalten gegen\u00fcberstehen. Finnen waren oft einsilbig,\u00a0 muffelig oder demonstrativ desinteressiert, Helsinki, Turku und auch Inari im Norden hatten bei uns einen wenig bleibenden Eindruck hinterlassen. Dann, 2018, die Erfahrung,\u00a0 dass Finnen auf ihre Art sehr freundlich und hilfsbereit sein k\u00f6nnen, manche sogar kommunikativ, ja sogar redselig.<\/p>\n<p>Heute nun also Helsinki. Mal sehen, was die Stadt f\u00fcr uns bereit h\u00e4lt. Einen Ausflug haben wir nicht gebucht, nur einen Shuttlebus, der uns mitten in die City karrt.<\/p>\n<figure id=\"attachment_244\" aria-describedby=\"caption-attachment-244\" style=\"width: 840px\" class=\"wp-caption aligncenter\"><img loading=\"lazy\" decoding=\"async\" class=\"wp-image-244 size-large\" src=\"https:\/\/bf-on-tour.de\/ostsee2\/wp-content\/uploads\/sites\/27\/2026\/03\/Hels-1-1024x821.jpg\" alt=\"\" width=\"840\" height=\"673\" srcset=\"https:\/\/bf-on-tour.de\/ostsee2\/wp-content\/uploads\/sites\/27\/2026\/03\/Hels-1-1024x821.jpg 1024w, https:\/\/bf-on-tour.de\/ostsee2\/wp-content\/uploads\/sites\/27\/2026\/03\/Hels-1-300x241.jpg 300w, https:\/\/bf-on-tour.de\/ostsee2\/wp-content\/uploads\/sites\/27\/2026\/03\/Hels-1-768x616.jpg 768w, https:\/\/bf-on-tour.de\/ostsee2\/wp-content\/uploads\/sites\/27\/2026\/03\/Hels-1-1536x1232.jpg 1536w, https:\/\/bf-on-tour.de\/ostsee2\/wp-content\/uploads\/sites\/27\/2026\/03\/Hels-1-2048x1642.jpg 2048w, https:\/\/bf-on-tour.de\/ostsee2\/wp-content\/uploads\/sites\/27\/2026\/03\/Hels-1-1200x962.jpg 1200w\" sizes=\"auto, (max-width: 709px) 85vw, (max-width: 909px) 67vw, (max-width: 1362px) 62vw, 840px\" \/><figcaption id=\"caption-attachment-244\" class=\"wp-caption-text\">Esplanade in Helsinki<\/figcaption><\/figure>\n<p>Von dort marschieren wir \u00fcber die Esplanade, einen h\u00fcbschen Park, ganz \u00e4hnlich dem in Stockholm, direkt zur Kathedrale. Zwar verlangt man uns Eintrittsgeld ab, aber daf\u00fcr gibt es um 12:00 Uhr auch ein Orgelkonzert.<\/p>\n<p>In der Kirche stehen drei gro\u00dfe Figuren, bezeichnet mit ihren jeweiligen Namen: M. Luther, P. Melanchthon und M. Agricola. Wieso &#8222;M.&#8220;? Der hie\u00df doch Georg Bauer (oder Schorsch), lateinisiert Georgius,\u00a0 &#8211; weit und breit kein &#8222;M&#8220; &#8211; und au\u00dferdem,\u00a0 was macht der hier in der Kirche?<\/p>\n<figure id=\"attachment_243\" aria-describedby=\"caption-attachment-243\" style=\"width: 225px\" class=\"wp-caption alignleft\"><img loading=\"lazy\" decoding=\"async\" class=\"wp-image-243 size-medium\" src=\"https:\/\/bf-on-tour.de\/ostsee2\/wp-content\/uploads\/sites\/27\/2026\/03\/Hels-2-225x300.jpg\" alt=\"\" width=\"225\" height=\"300\" srcset=\"https:\/\/bf-on-tour.de\/ostsee2\/wp-content\/uploads\/sites\/27\/2026\/03\/Hels-2-225x300.jpg 225w, https:\/\/bf-on-tour.de\/ostsee2\/wp-content\/uploads\/sites\/27\/2026\/03\/Hels-2-769x1024.jpg 769w, https:\/\/bf-on-tour.de\/ostsee2\/wp-content\/uploads\/sites\/27\/2026\/03\/Hels-2-768x1023.jpg 768w, https:\/\/bf-on-tour.de\/ostsee2\/wp-content\/uploads\/sites\/27\/2026\/03\/Hels-2-1153x1536.jpg 1153w, https:\/\/bf-on-tour.de\/ostsee2\/wp-content\/uploads\/sites\/27\/2026\/03\/Hels-2-1538x2048.jpg 1538w, https:\/\/bf-on-tour.de\/ostsee2\/wp-content\/uploads\/sites\/27\/2026\/03\/Hels-2-1200x1598.jpg 1200w, https:\/\/bf-on-tour.de\/ostsee2\/wp-content\/uploads\/sites\/27\/2026\/03\/Hels-2-scaled.jpg 1922w\" sizes=\"auto, (max-width: 225px) 85vw, 225px\" \/><figcaption id=\"caption-attachment-243\" class=\"wp-caption-text\">M. Agricola<\/figcaption><\/figure>\n<p>Nun, im Dom gibt eine App Auskunft: Dieser Agricola hie\u00df Micael, war Sch\u00fcler von Luther und hat als erster das Alte Testament ins Finnische \u00fcbersetzt. Damit gilt er als Vater der finnischen Schriftsprache und ist wohl f\u00fcr die vielen &#8222;\u00e4\u00e4&#8220;s, &#8222;\u00fc\u00fc&#8220;&#8217;s, &#8222;kk&#8220;s, wie auch f\u00fcr die Lieblings-Wortendung der Finnen,\u00a0 das &#8222;i&#8220; (Hotelli, Apteekki, Esplanadi) verantwortlich. Womit klar ware, dass in Folge dessen auch die Orts- und Stra\u00dfenschilder, die niemand mal eben im Vorbeifahren lesen kann, auf sein Konto gehen &#8211; man beachte: Die Finnen selbst beschriften ihre Stra\u00dfenschilder inzwischen zweisprachig. Tja, man lernt nie aus&#8230;<\/p>\n<figure id=\"attachment_249\" aria-describedby=\"caption-attachment-249\" style=\"width: 840px\" class=\"wp-caption aligncenter\"><img loading=\"lazy\" decoding=\"async\" class=\"wp-image-249 size-large\" src=\"https:\/\/bf-on-tour.de\/ostsee2\/wp-content\/uploads\/sites\/27\/2026\/03\/Hels-2a-1024x687.jpg\" alt=\"\" width=\"840\" height=\"564\" srcset=\"https:\/\/bf-on-tour.de\/ostsee2\/wp-content\/uploads\/sites\/27\/2026\/03\/Hels-2a-1024x687.jpg 1024w, https:\/\/bf-on-tour.de\/ostsee2\/wp-content\/uploads\/sites\/27\/2026\/03\/Hels-2a-300x201.jpg 300w, https:\/\/bf-on-tour.de\/ostsee2\/wp-content\/uploads\/sites\/27\/2026\/03\/Hels-2a-768x515.jpg 768w, https:\/\/bf-on-tour.de\/ostsee2\/wp-content\/uploads\/sites\/27\/2026\/03\/Hels-2a-1536x1030.jpg 1536w, https:\/\/bf-on-tour.de\/ostsee2\/wp-content\/uploads\/sites\/27\/2026\/03\/Hels-2a-2048x1373.jpg 2048w, https:\/\/bf-on-tour.de\/ostsee2\/wp-content\/uploads\/sites\/27\/2026\/03\/Hels-2a-1200x805.jpg 1200w\" sizes=\"auto, (max-width: 709px) 85vw, (max-width: 909px) 67vw, (max-width: 1362px) 62vw, 840px\" \/><figcaption id=\"caption-attachment-249\" class=\"wp-caption-text\">Die Orgel im Dom zu Helsinki<\/figcaption><\/figure>\n<p>Das Orgelkonzert ist dann wirklich sch\u00f6n! Der Kantor holt aus dem m\u00e4chtigen Instrument alles raus,\u00a0 was geht. Leider erfahren wir nicht , wie das erste St\u00fcck hei\u00dft. Das zweite, Bachs &#8222;Jesus, meine Freude&#8220; kennt man und es h\u00f6rt sich jetzt eher wie eine bescheidene Finger\u00fcbung an. Na ja, ich hab&#8217;s in der Klavierversion trotzdem nie richtig hinbekommen.<\/p>\n<figure id=\"attachment_245\" aria-describedby=\"caption-attachment-245\" style=\"width: 840px\" class=\"wp-caption aligncenter\"><a href=\"https:\/\/youtu.be\/OVikmZPbkD0\"><img loading=\"lazy\" decoding=\"async\" class=\"wp-image-245 size-large\" src=\"https:\/\/bf-on-tour.de\/ostsee2\/wp-content\/uploads\/sites\/27\/2026\/03\/Hels-3a-1024x576.jpg\" alt=\"\" width=\"840\" height=\"473\" srcset=\"https:\/\/bf-on-tour.de\/ostsee2\/wp-content\/uploads\/sites\/27\/2026\/03\/Hels-3a-1024x576.jpg 1024w, https:\/\/bf-on-tour.de\/ostsee2\/wp-content\/uploads\/sites\/27\/2026\/03\/Hels-3a-300x169.jpg 300w, https:\/\/bf-on-tour.de\/ostsee2\/wp-content\/uploads\/sites\/27\/2026\/03\/Hels-3a-768x432.jpg 768w, https:\/\/bf-on-tour.de\/ostsee2\/wp-content\/uploads\/sites\/27\/2026\/03\/Hels-3a-1536x864.jpg 1536w, https:\/\/bf-on-tour.de\/ostsee2\/wp-content\/uploads\/sites\/27\/2026\/03\/Hels-3a-2048x1152.jpg 2048w, https:\/\/bf-on-tour.de\/ostsee2\/wp-content\/uploads\/sites\/27\/2026\/03\/Hels-3a-1200x675.jpg 1200w\" sizes=\"auto, (max-width: 709px) 85vw, (max-width: 909px) 67vw, (max-width: 1362px) 62vw, 840px\" \/><\/a><figcaption id=\"caption-attachment-245\" class=\"wp-caption-text\">Gardeparade der Dragoner aus Turku: Zum Anschauen des Videos bitte auf das Bild klicken.<\/figcaption><\/figure>\n<p>Drau\u00dfen auf dem Senatsplatz (Senaatintori &#8211; ist alles drin: Zweimal &#8222;a&#8220; und am Ende &#8222;i&#8220;) dann die Alternative: Gardeparade! Soldaten musizieren und marschieren wie bei einem Military Tattoo in Formationen \u00fcber den Platz. Berittene Polizisten sichern die Veranstaltung ab und eine junge Polizistin gibt mir freundlich (!) fundiert Auskunft: Gardeparaden finden auf diesem Platz seit \u00fcber 250 Jahren im Sommer immer an Freitagen statt. Dieses Jahr ist es die 268 mit den Dragonern aus Turku, n\u00e4chsten Freitag mit der Gardekapelle aus Helsinki.<\/p>\n<table>\n<tbody>\n<tr>\n<td>\n<p><figure id=\"attachment_253\" aria-describedby=\"caption-attachment-253\" style=\"width: 375px\" class=\"wp-caption alignleft\"><img loading=\"lazy\" decoding=\"async\" class=\"wp-image-253\" src=\"https:\/\/bf-on-tour.de\/ostsee2\/wp-content\/uploads\/sites\/27\/2026\/03\/Hels-4a-1024x769.jpg\" alt=\"\" width=\"375\" height=\"282\" srcset=\"https:\/\/bf-on-tour.de\/ostsee2\/wp-content\/uploads\/sites\/27\/2026\/03\/Hels-4a-1024x769.jpg 1024w, https:\/\/bf-on-tour.de\/ostsee2\/wp-content\/uploads\/sites\/27\/2026\/03\/Hels-4a-300x225.jpg 300w, https:\/\/bf-on-tour.de\/ostsee2\/wp-content\/uploads\/sites\/27\/2026\/03\/Hels-4a-768x577.jpg 768w, https:\/\/bf-on-tour.de\/ostsee2\/wp-content\/uploads\/sites\/27\/2026\/03\/Hels-4a-1536x1153.jpg 1536w, https:\/\/bf-on-tour.de\/ostsee2\/wp-content\/uploads\/sites\/27\/2026\/03\/Hels-4a-2048x1538.jpg 2048w, https:\/\/bf-on-tour.de\/ostsee2\/wp-content\/uploads\/sites\/27\/2026\/03\/Hels-4a-1200x901.jpg 1200w\" sizes=\"auto, (max-width: 375px) 85vw, 375px\" \/><figcaption id=\"caption-attachment-253\" class=\"wp-caption-text\">Ein Gang \u00fcber den Markt am Hafen<\/figcaption><\/figure><\/td>\n<td><img loading=\"lazy\" decoding=\"async\" class=\"alignright wp-image-254\" src=\"https:\/\/bf-on-tour.de\/ostsee2\/wp-content\/uploads\/sites\/27\/2026\/03\/Hels-4b-1024x769.jpg\" alt=\"\" width=\"375\" height=\"282\" srcset=\"https:\/\/bf-on-tour.de\/ostsee2\/wp-content\/uploads\/sites\/27\/2026\/03\/Hels-4b-1024x769.jpg 1024w, https:\/\/bf-on-tour.de\/ostsee2\/wp-content\/uploads\/sites\/27\/2026\/03\/Hels-4b-300x225.jpg 300w, https:\/\/bf-on-tour.de\/ostsee2\/wp-content\/uploads\/sites\/27\/2026\/03\/Hels-4b-768x577.jpg 768w, https:\/\/bf-on-tour.de\/ostsee2\/wp-content\/uploads\/sites\/27\/2026\/03\/Hels-4b-1536x1153.jpg 1536w, https:\/\/bf-on-tour.de\/ostsee2\/wp-content\/uploads\/sites\/27\/2026\/03\/Hels-4b-2048x1538.jpg 2048w, https:\/\/bf-on-tour.de\/ostsee2\/wp-content\/uploads\/sites\/27\/2026\/03\/Hels-4b-1200x901.jpg 1200w\" sizes=\"auto, (max-width: 375px) 85vw, 375px\" \/><\/td>\n<\/tr>\n<\/tbody>\n<\/table>\n<p>Nach soviel Musik schlendern wir \u00fcber den Markt am Hafen, laufen wieder einmal an der m\u00e4chtigen Uspenski Kathedrale, der\u00a0 gr\u00f6\u00dften orthodoxen Kathedrale Westeuropas vorbei. Es ist mindestens das dritte Mal, aber irgendwie fehlt und immer die Zeit, dem m\u00e4chtigen Bauwerk einen Besuch abzustatten. Schade eigentlich.<\/p>\n<figure id=\"attachment_266\" aria-describedby=\"caption-attachment-266\" style=\"width: 840px\" class=\"wp-caption alignnone\"><img loading=\"lazy\" decoding=\"async\" class=\"wp-image-266 size-large\" src=\"https:\/\/bf-on-tour.de\/ostsee2\/wp-content\/uploads\/sites\/27\/2026\/03\/Hels-6-937x1024.jpg\" alt=\"\" width=\"840\" height=\"918\" srcset=\"https:\/\/bf-on-tour.de\/ostsee2\/wp-content\/uploads\/sites\/27\/2026\/03\/Hels-6-937x1024.jpg 937w, https:\/\/bf-on-tour.de\/ostsee2\/wp-content\/uploads\/sites\/27\/2026\/03\/Hels-6-274x300.jpg 274w, https:\/\/bf-on-tour.de\/ostsee2\/wp-content\/uploads\/sites\/27\/2026\/03\/Hels-6-768x840.jpg 768w, https:\/\/bf-on-tour.de\/ostsee2\/wp-content\/uploads\/sites\/27\/2026\/03\/Hels-6-1405x1536.jpg 1405w, https:\/\/bf-on-tour.de\/ostsee2\/wp-content\/uploads\/sites\/27\/2026\/03\/Hels-6-1873x2048.jpg 1873w, https:\/\/bf-on-tour.de\/ostsee2\/wp-content\/uploads\/sites\/27\/2026\/03\/Hels-6-1200x1312.jpg 1200w\" sizes=\"auto, (max-width: 709px) 85vw, (max-width: 909px) 67vw, (max-width: 1362px) 62vw, 840px\" \/><figcaption id=\"caption-attachment-266\" class=\"wp-caption-text\">Uspenski-Kathedrale &#8211; ob wir sie jemals besichtigen werden?<\/figcaption><\/figure>\n<p>Wo wir schon mal am Hafen sind, werfen wir auch einen Blick in die Markthalle und laufen vorbei am Muminladen &#8211; schlie\u00dflich wohnen die hier im Mumintal. Danach erreichen wir das\u00a0 Kaufhaus &#8222;Stockmann&#8220; &#8211; eine Empfehlung des Bordlektors. Der scheint allerdings weder das Lafayette in Paris, Jenners in Edinburg,\u00a0 das KaDeWe in Berlin, Oberpollinger in M\u00fcnchen oder das Alsterhaus in Hamburg zu kennen, denn Stockmann ist zwar eine finnische Institution und besitzt eine imposante, fast bedrohlich wirkende Fassade, ist innen aber lediglich eine kleine, etwas einfachere Kopie der anderen.<\/p>\n<table>\n<tbody>\n<tr>\n<td>\n<p><figure id=\"attachment_251\" aria-describedby=\"caption-attachment-251\" style=\"width: 360px\" class=\"wp-caption alignleft\"><img loading=\"lazy\" decoding=\"async\" class=\"wp-image-251\" src=\"https:\/\/bf-on-tour.de\/ostsee2\/wp-content\/uploads\/sites\/27\/2026\/03\/Hels-5-300x225.jpg\" alt=\"\" width=\"360\" height=\"270\" srcset=\"https:\/\/bf-on-tour.de\/ostsee2\/wp-content\/uploads\/sites\/27\/2026\/03\/Hels-5-300x225.jpg 300w, https:\/\/bf-on-tour.de\/ostsee2\/wp-content\/uploads\/sites\/27\/2026\/03\/Hels-5-1024x769.jpg 1024w, https:\/\/bf-on-tour.de\/ostsee2\/wp-content\/uploads\/sites\/27\/2026\/03\/Hels-5-768x577.jpg 768w, https:\/\/bf-on-tour.de\/ostsee2\/wp-content\/uploads\/sites\/27\/2026\/03\/Hels-5-1536x1153.jpg 1536w, https:\/\/bf-on-tour.de\/ostsee2\/wp-content\/uploads\/sites\/27\/2026\/03\/Hels-5-2048x1538.jpg 2048w, https:\/\/bf-on-tour.de\/ostsee2\/wp-content\/uploads\/sites\/27\/2026\/03\/Hels-5-1200x901.jpg 1200w\" sizes=\"auto, (max-width: 360px) 85vw, 360px\" \/><figcaption id=\"caption-attachment-251\" class=\"wp-caption-text\">in der Markthalle<\/figcaption><\/figure><\/td>\n<td>\n<p><figure id=\"attachment_252\" aria-describedby=\"caption-attachment-252\" style=\"width: 360px\" class=\"wp-caption alignright\"><img loading=\"lazy\" decoding=\"async\" class=\"wp-image-252\" src=\"https:\/\/bf-on-tour.de\/ostsee2\/wp-content\/uploads\/sites\/27\/2026\/03\/Heis-4-300x225.jpg\" alt=\"\" width=\"360\" height=\"270\" srcset=\"https:\/\/bf-on-tour.de\/ostsee2\/wp-content\/uploads\/sites\/27\/2026\/03\/Heis-4-300x225.jpg 300w, https:\/\/bf-on-tour.de\/ostsee2\/wp-content\/uploads\/sites\/27\/2026\/03\/Heis-4-1024x769.jpg 1024w, https:\/\/bf-on-tour.de\/ostsee2\/wp-content\/uploads\/sites\/27\/2026\/03\/Heis-4-768x577.jpg 768w, https:\/\/bf-on-tour.de\/ostsee2\/wp-content\/uploads\/sites\/27\/2026\/03\/Heis-4-1536x1153.jpg 1536w, https:\/\/bf-on-tour.de\/ostsee2\/wp-content\/uploads\/sites\/27\/2026\/03\/Heis-4-2048x1538.jpg 2048w, https:\/\/bf-on-tour.de\/ostsee2\/wp-content\/uploads\/sites\/27\/2026\/03\/Heis-4-1200x901.jpg 1200w\" sizes=\"auto, (max-width: 360px) 85vw, 360px\" \/><figcaption id=\"caption-attachment-252\" class=\"wp-caption-text\">Kaufhaus Stockmann<\/figcaption><\/figure><\/td>\n<\/tr>\n<\/tbody>\n<\/table>\n<p>Trotzdem, Helsinki hat diesmal einen sehr guten Eindruck bei uns hinterlassen.\u00a0 Wir werden im Sp\u00e4therbst zur &#8222;Tangotour&#8220; wieder hier sein. Mal sehen, wie es dann ist &#8211; und vielleicht finden wir dann sogar etwas Zeit, um in die Uspenski Kathedrale zu gehen&#8230;<\/p>\n<p><a href=\"https:\/\/bf-on-tour.de\/ostsee2\/estland\"><img loading=\"lazy\" decoding=\"async\" class=\"alignleft wp-image-362\" src=\"https:\/\/bf-on-tour.de\/ostsee2\/wp-content\/uploads\/sites\/27\/2026\/03\/zurueck.png\" alt=\"\" width=\"50\" height=\"37\" \/><\/a> <a href=\"https:\/\/bf-on-tour.de\/ostsee2\/schweden\"><img loading=\"lazy\" decoding=\"async\" class=\"alignright wp-image-361\" src=\"https:\/\/bf-on-tour.de\/ostsee2\/wp-content\/uploads\/sites\/27\/2026\/03\/weiter.png\" alt=\"\" width=\"50\" height=\"37\" \/><\/a><\/p>\n","protected":false},"excerpt":{"rendered":"<p>Die geneigte Leserschaft unserer Reiseberichte wei\u00df, dass wir Finnland zwiegespalten gegen\u00fcberstehen. Finnen waren oft einsilbig,\u00a0 muffelig oder demonstrativ desinteressiert, Helsinki, Turku und auch Inari im Norden hatten bei uns einen wenig bleibenden Eindruck hinterlassen. Dann, 2018, die Erfahrung,\u00a0 dass Finnen auf ihre Art sehr freundlich und hilfsbereit sein k\u00f6nnen, manche sogar kommunikativ, ja sogar redselig. &hellip; <a href=\"https:\/\/bf-on-tour.de\/ostsee2\/finnland\/\" class=\"more-link\"><span class=\"screen-reader-text\">\u201eHelsinki\u201c <\/span>weiterlesen<\/a><\/p>\n","protected":false},"author":1,"featured_media":0,"parent":0,"menu_order":5,"comment_status":"closed","ping_status":"closed","template":"","meta":{"footnotes":""},"class_list":["post-179","page","type-page","status-publish","hentry"],"_links":{"self":[{"href":"https:\/\/bf-on-tour.de\/ostsee2\/wp-json\/wp\/v2\/pages\/179","targetHints":{"allow":["GET"]}}],"collection":[{"href":"https:\/\/bf-on-tour.de\/ostsee2\/wp-json\/wp\/v2\/pages"}],"about":[{"href":"https:\/\/bf-on-tour.de\/ostsee2\/wp-json\/wp\/v2\/types\/page"}],"author":[{"embeddable":true,"href":"https:\/\/bf-on-tour.de\/ostsee2\/wp-json\/wp\/v2\/users\/1"}],"replies":[{"embeddable":true,"href":"https:\/\/bf-on-tour.de\/ostsee2\/wp-json\/wp\/v2\/comments?post=179"}],"version-history":[{"count":38,"href":"https:\/\/bf-on-tour.de\/ostsee2\/wp-json\/wp\/v2\/pages\/179\/revisions"}],"predecessor-version":[{"id":447,"href":"https:\/\/bf-on-tour.de\/ostsee2\/wp-json\/wp\/v2\/pages\/179\/revisions\/447"}],"wp:attachment":[{"href":"https:\/\/bf-on-tour.de\/ostsee2\/wp-json\/wp\/v2\/media?parent=179"}],"curies":[{"name":"wp","href":"https:\/\/api.w.org\/{rel}","templated":true}]}}