{"id":174,"date":"2026-03-05T17:05:14","date_gmt":"2026-03-05T16:05:14","guid":{"rendered":"https:\/\/bf-on-tour.de\/ostsee2\/?page_id=174"},"modified":"2026-03-05T19:52:21","modified_gmt":"2026-03-05T18:52:21","slug":"estland","status":"publish","type":"page","link":"https:\/\/bf-on-tour.de\/ostsee2\/estland\/","title":{"rendered":"Tallinn &#8211; einstmals Reval"},"content":{"rendered":"<p><strong>Mittwoch, Seetag:\u00a0<\/strong><\/p>\n<p>Lektorvortrag angeh\u00f6rt, ansonsten gepennt und wieder im Shopping-Center des Schiffes nix gekauft&#8230;<\/p>\n<p><strong>Donnerstag: Tallinn, das alte Reval<\/strong><\/p>\n<p>Wir shuttlen uns in die Stadt. Zu Fu\u00df haben wir keine Lust &#8211; obwohl es nicht weit ist. Aber gestern war es wieder sp\u00e4t, sehr sp\u00e4t geworden (nein, nein, wir wurden diesmal nicht &#8222;rausgemobbt&#8220;; den Aufbruch in die Kabine hatten wir grad noch selbst auf die Reihe bekommen)&#8230;<\/p>\n<figure id=\"attachment_206\" aria-describedby=\"caption-attachment-206\" style=\"width: 840px\" class=\"wp-caption aligncenter\"><img loading=\"lazy\" decoding=\"async\" class=\"wp-image-206 size-large\" src=\"https:\/\/bf-on-tour.de\/ostsee2\/wp-content\/uploads\/sites\/27\/2026\/03\/Tallinn-0-1024x757.jpg\" alt=\"\" width=\"840\" height=\"621\" srcset=\"https:\/\/bf-on-tour.de\/ostsee2\/wp-content\/uploads\/sites\/27\/2026\/03\/Tallinn-0-1024x757.jpg 1024w, https:\/\/bf-on-tour.de\/ostsee2\/wp-content\/uploads\/sites\/27\/2026\/03\/Tallinn-0-300x222.jpg 300w, https:\/\/bf-on-tour.de\/ostsee2\/wp-content\/uploads\/sites\/27\/2026\/03\/Tallinn-0-768x568.jpg 768w, https:\/\/bf-on-tour.de\/ostsee2\/wp-content\/uploads\/sites\/27\/2026\/03\/Tallinn-0-1536x1136.jpg 1536w, https:\/\/bf-on-tour.de\/ostsee2\/wp-content\/uploads\/sites\/27\/2026\/03\/Tallinn-0-2048x1515.jpg 2048w, https:\/\/bf-on-tour.de\/ostsee2\/wp-content\/uploads\/sites\/27\/2026\/03\/Tallinn-0-1200x888.jpg 1200w\" sizes=\"auto, (max-width: 709px) 85vw, (max-width: 909px) 67vw, (max-width: 1362px) 62vw, 840px\" \/><figcaption id=\"caption-attachment-206\" class=\"wp-caption-text\">Blumenmarkt vor dem Stadttor<\/figcaption><\/figure>\n<p>Tallinn empf\u00e4ngt uns wie \u00fcblich, mit einem Blumenmarkt vor dem eigentlichen Stadttor. Ein sch\u00f6ner Empfang! Hinter dem Tor biegen wir nach rechts ab und gehen ein Weilchen an der alten Stadtmauer entlang.<\/p>\n<figure id=\"attachment_209\" aria-describedby=\"caption-attachment-209\" style=\"width: 225px\" class=\"wp-caption alignleft\"><img loading=\"lazy\" decoding=\"async\" class=\"wp-image-209 size-medium\" src=\"https:\/\/bf-on-tour.de\/ostsee2\/wp-content\/uploads\/sites\/27\/2026\/03\/Tallinn-1-225x300.jpg\" alt=\"\" width=\"225\" height=\"300\" srcset=\"https:\/\/bf-on-tour.de\/ostsee2\/wp-content\/uploads\/sites\/27\/2026\/03\/Tallinn-1-225x300.jpg 225w, https:\/\/bf-on-tour.de\/ostsee2\/wp-content\/uploads\/sites\/27\/2026\/03\/Tallinn-1-769x1024.jpg 769w, https:\/\/bf-on-tour.de\/ostsee2\/wp-content\/uploads\/sites\/27\/2026\/03\/Tallinn-1-768x1023.jpg 768w, https:\/\/bf-on-tour.de\/ostsee2\/wp-content\/uploads\/sites\/27\/2026\/03\/Tallinn-1-1153x1536.jpg 1153w, https:\/\/bf-on-tour.de\/ostsee2\/wp-content\/uploads\/sites\/27\/2026\/03\/Tallinn-1-1538x2048.jpg 1538w, https:\/\/bf-on-tour.de\/ostsee2\/wp-content\/uploads\/sites\/27\/2026\/03\/Tallinn-1-1200x1598.jpg 1200w, https:\/\/bf-on-tour.de\/ostsee2\/wp-content\/uploads\/sites\/27\/2026\/03\/Tallinn-1-scaled.jpg 1922w\" sizes=\"auto, (max-width: 225px) 85vw, 225px\" \/><figcaption id=\"caption-attachment-209\" class=\"wp-caption-text\">entlang der Stadtmauer<\/figcaption><\/figure>\n<figure id=\"attachment_208\" aria-describedby=\"caption-attachment-208\" style=\"width: 220px\" class=\"wp-caption alignright\"><img loading=\"lazy\" decoding=\"async\" class=\"wp-image-208 size-medium\" src=\"https:\/\/bf-on-tour.de\/ostsee2\/wp-content\/uploads\/sites\/27\/2026\/03\/Tallinn-0a-220x300.jpg\" alt=\"\" width=\"220\" height=\"300\" srcset=\"https:\/\/bf-on-tour.de\/ostsee2\/wp-content\/uploads\/sites\/27\/2026\/03\/Tallinn-0a-220x300.jpg 220w, https:\/\/bf-on-tour.de\/ostsee2\/wp-content\/uploads\/sites\/27\/2026\/03\/Tallinn-0a-750x1024.jpg 750w, https:\/\/bf-on-tour.de\/ostsee2\/wp-content\/uploads\/sites\/27\/2026\/03\/Tallinn-0a-768x1049.jpg 768w, https:\/\/bf-on-tour.de\/ostsee2\/wp-content\/uploads\/sites\/27\/2026\/03\/Tallinn-0a-1124x1536.jpg 1124w, https:\/\/bf-on-tour.de\/ostsee2\/wp-content\/uploads\/sites\/27\/2026\/03\/Tallinn-0a-1499x2048.jpg 1499w, https:\/\/bf-on-tour.de\/ostsee2\/wp-content\/uploads\/sites\/27\/2026\/03\/Tallinn-0a-1200x1639.jpg 1200w, https:\/\/bf-on-tour.de\/ostsee2\/wp-content\/uploads\/sites\/27\/2026\/03\/Tallinn-0a-scaled.jpg 1874w\" sizes=\"auto, (max-width: 220px) 85vw, 220px\" \/><figcaption id=\"caption-attachment-208\" class=\"wp-caption-text\">Aufgang zum Umgang auf der Stadtmauer<\/figcaption><\/figure>\n<p>In einem Turm kann man f\u00fcr vier Euronen aufsteigen und hat einen wunderbaren Blick \u00fcber die Altstadt und in benachbarte Hausg\u00e4rten, die sich zwischen den H\u00e4usern und der Stadtmauer befinden . Nicoline hat ihn. Mein optisches System, wie auch mein Gef\u00fchl f\u00fcr Gleichgewicht sind noch nicht wirklich wach &#8211; ich h\u00e4tte das Eintrittsgeld besser in Lakritzeis anlegen sollen (aber dazu sp\u00e4ter).<\/p>\n<figure id=\"attachment_212\" aria-describedby=\"caption-attachment-212\" style=\"width: 840px\" class=\"wp-caption aligncenter\"><img loading=\"lazy\" decoding=\"async\" class=\"wp-image-212 size-large\" src=\"https:\/\/bf-on-tour.de\/ostsee2\/wp-content\/uploads\/sites\/27\/2026\/03\/Tallinn-2-1024x434.jpg\" alt=\"\" width=\"840\" height=\"356\" srcset=\"https:\/\/bf-on-tour.de\/ostsee2\/wp-content\/uploads\/sites\/27\/2026\/03\/Tallinn-2-1024x434.jpg 1024w, https:\/\/bf-on-tour.de\/ostsee2\/wp-content\/uploads\/sites\/27\/2026\/03\/Tallinn-2-300x127.jpg 300w, https:\/\/bf-on-tour.de\/ostsee2\/wp-content\/uploads\/sites\/27\/2026\/03\/Tallinn-2-768x325.jpg 768w, https:\/\/bf-on-tour.de\/ostsee2\/wp-content\/uploads\/sites\/27\/2026\/03\/Tallinn-2-1536x650.jpg 1536w, https:\/\/bf-on-tour.de\/ostsee2\/wp-content\/uploads\/sites\/27\/2026\/03\/Tallinn-2-2048x867.jpg 2048w, https:\/\/bf-on-tour.de\/ostsee2\/wp-content\/uploads\/sites\/27\/2026\/03\/Tallinn-2-1200x508.jpg 1200w\" sizes=\"auto, (max-width: 709px) 85vw, (max-width: 909px) 67vw, (max-width: 1362px) 62vw, 840px\" \/><figcaption id=\"caption-attachment-212\" class=\"wp-caption-text\">Blick \u00fcber die Stadt<\/figcaption><\/figure>\n<p>Nach dem Ausflug in &#8222;h\u00f6here Gefilde&#8220; ziehen wir durch kleine Gassen, \u00fcber kleine und gro\u00dfe Pl\u00e4tze, vorbei an sch\u00f6nen alten H\u00e4usern aus dem Mittelalter, aber auch an solchen, bei denen man unwillk\u00fcrlich denkt &#8222;geh\u00f6ren die hier wirklich hin?&#8220; (auch Tallinn ist nicht \u00fcberall sch\u00f6n), passieren unz\u00e4hlige Souvenirl\u00e4den und mindestens ebensoviele Stra\u00dfenrestaurants, immer mit dem Ziel, in die Oberstadt, zur Burg zu kommen.<\/p>\n<table>\n<tbody>\n<tr>\n<td>\n<p><figure id=\"attachment_225\" aria-describedby=\"caption-attachment-225\" style=\"width: 375px\" class=\"wp-caption alignleft\"><img loading=\"lazy\" decoding=\"async\" class=\"wp-image-225\" src=\"https:\/\/bf-on-tour.de\/ostsee2\/wp-content\/uploads\/sites\/27\/2026\/03\/Tallinn-2b-1024x769.jpg\" alt=\"\" width=\"375\" height=\"282\" srcset=\"https:\/\/bf-on-tour.de\/ostsee2\/wp-content\/uploads\/sites\/27\/2026\/03\/Tallinn-2b-1024x769.jpg 1024w, https:\/\/bf-on-tour.de\/ostsee2\/wp-content\/uploads\/sites\/27\/2026\/03\/Tallinn-2b-300x225.jpg 300w, https:\/\/bf-on-tour.de\/ostsee2\/wp-content\/uploads\/sites\/27\/2026\/03\/Tallinn-2b-768x577.jpg 768w, https:\/\/bf-on-tour.de\/ostsee2\/wp-content\/uploads\/sites\/27\/2026\/03\/Tallinn-2b-1536x1153.jpg 1536w, https:\/\/bf-on-tour.de\/ostsee2\/wp-content\/uploads\/sites\/27\/2026\/03\/Tallinn-2b-2048x1538.jpg 2048w, https:\/\/bf-on-tour.de\/ostsee2\/wp-content\/uploads\/sites\/27\/2026\/03\/Tallinn-2b-1200x901.jpg 1200w\" sizes=\"auto, (max-width: 375px) 85vw, 375px\" \/><figcaption id=\"caption-attachment-225\" class=\"wp-caption-text\">\u00fcberall Gastst\u00e4tten<\/figcaption><\/figure><\/td>\n<td><img loading=\"lazy\" decoding=\"async\" class=\"alignright wp-image-215\" src=\"https:\/\/bf-on-tour.de\/ostsee2\/wp-content\/uploads\/sites\/27\/2026\/03\/Tallinn-2a-1024x769.jpg\" alt=\"\" width=\"375\" height=\"282\" srcset=\"https:\/\/bf-on-tour.de\/ostsee2\/wp-content\/uploads\/sites\/27\/2026\/03\/Tallinn-2a-1024x769.jpg 1024w, https:\/\/bf-on-tour.de\/ostsee2\/wp-content\/uploads\/sites\/27\/2026\/03\/Tallinn-2a-300x225.jpg 300w, https:\/\/bf-on-tour.de\/ostsee2\/wp-content\/uploads\/sites\/27\/2026\/03\/Tallinn-2a-768x577.jpg 768w, https:\/\/bf-on-tour.de\/ostsee2\/wp-content\/uploads\/sites\/27\/2026\/03\/Tallinn-2a-1536x1153.jpg 1536w, https:\/\/bf-on-tour.de\/ostsee2\/wp-content\/uploads\/sites\/27\/2026\/03\/Tallinn-2a-2048x1538.jpg 2048w, https:\/\/bf-on-tour.de\/ostsee2\/wp-content\/uploads\/sites\/27\/2026\/03\/Tallinn-2a-1200x901.jpg 1200w\" sizes=\"auto, (max-width: 375px) 85vw, 375px\" \/><\/td>\n<\/tr>\n<\/tbody>\n<\/table>\n<p>Dort wollen wir wir in die orthodoxe Alexander-Newski-Kathedrale, gegen\u00fcber dem estnischen Parlamentsgeb\u00e4ude, wobei uns sehr zu Gute kommt, dass gerade Feueralarm ist und alle Besucher so rasch wie m\u00f6glich aus der Kirche str\u00f6men. Weil es aber offenbar nirgends brennt und auch die Feuerwehr regungslos vor der Kirche verharrt, gehen wir, dem Touristenstrom entgegen.<\/p>\n<figure id=\"attachment_216\" aria-describedby=\"caption-attachment-216\" style=\"width: 840px\" class=\"wp-caption aligncenter\"><img loading=\"lazy\" decoding=\"async\" class=\"wp-image-216 size-large\" src=\"https:\/\/bf-on-tour.de\/ostsee2\/wp-content\/uploads\/sites\/27\/2026\/03\/Tallinn-3-1024x769.jpg\" alt=\"\" width=\"840\" height=\"631\" srcset=\"https:\/\/bf-on-tour.de\/ostsee2\/wp-content\/uploads\/sites\/27\/2026\/03\/Tallinn-3-1024x769.jpg 1024w, https:\/\/bf-on-tour.de\/ostsee2\/wp-content\/uploads\/sites\/27\/2026\/03\/Tallinn-3-300x225.jpg 300w, https:\/\/bf-on-tour.de\/ostsee2\/wp-content\/uploads\/sites\/27\/2026\/03\/Tallinn-3-768x577.jpg 768w, https:\/\/bf-on-tour.de\/ostsee2\/wp-content\/uploads\/sites\/27\/2026\/03\/Tallinn-3-1536x1154.jpg 1536w, https:\/\/bf-on-tour.de\/ostsee2\/wp-content\/uploads\/sites\/27\/2026\/03\/Tallinn-3-2048x1538.jpg 2048w, https:\/\/bf-on-tour.de\/ostsee2\/wp-content\/uploads\/sites\/27\/2026\/03\/Tallinn-3-1200x901.jpg 1200w\" sizes=\"auto, (max-width: 709px) 85vw, (max-width: 909px) 67vw, (max-width: 1362px) 62vw, 840px\" \/><figcaption id=\"caption-attachment-216\" class=\"wp-caption-text\">Alexsander-Newski-Kathedrale<\/figcaption><\/figure>\n<p>Sehenswert! Wirklich sehenswert! Wir sind sehr froh, uns\u00a0 &#8211; relativ allein &#8211; etwas Zeit f\u00fcr die Ikonostase, die Bilderwand, die den Bereich der Gl\u00e4ubigen vom Altarraum trennt, nehmen zu k\u00f6nnen und genie\u00dfen die Atmosph\u00e4re, die zum gro\u00dfen Teil auch von den verschiedenen Heiligenbildern an den W\u00e4nden erzeugt wird.<\/p>\n<figure id=\"attachment_217\" aria-describedby=\"caption-attachment-217\" style=\"width: 840px\" class=\"wp-caption aligncenter\"><img loading=\"lazy\" decoding=\"async\" class=\"wp-image-217 size-large\" src=\"https:\/\/bf-on-tour.de\/ostsee2\/wp-content\/uploads\/sites\/27\/2026\/03\/Tallinn-4-1018x1024.jpg\" alt=\"\" width=\"840\" height=\"845\" srcset=\"https:\/\/bf-on-tour.de\/ostsee2\/wp-content\/uploads\/sites\/27\/2026\/03\/Tallinn-4-1018x1024.jpg 1018w, https:\/\/bf-on-tour.de\/ostsee2\/wp-content\/uploads\/sites\/27\/2026\/03\/Tallinn-4-298x300.jpg 298w, https:\/\/bf-on-tour.de\/ostsee2\/wp-content\/uploads\/sites\/27\/2026\/03\/Tallinn-4-150x150.jpg 150w, https:\/\/bf-on-tour.de\/ostsee2\/wp-content\/uploads\/sites\/27\/2026\/03\/Tallinn-4-768x772.jpg 768w, https:\/\/bf-on-tour.de\/ostsee2\/wp-content\/uploads\/sites\/27\/2026\/03\/Tallinn-4-1528x1536.jpg 1528w, https:\/\/bf-on-tour.de\/ostsee2\/wp-content\/uploads\/sites\/27\/2026\/03\/Tallinn-4-2037x2048.jpg 2037w, https:\/\/bf-on-tour.de\/ostsee2\/wp-content\/uploads\/sites\/27\/2026\/03\/Tallinn-4-1200x1207.jpg 1200w\" sizes=\"auto, (max-width: 709px) 85vw, (max-width: 909px) 67vw, (max-width: 1362px) 62vw, 840px\" \/><figcaption id=\"caption-attachment-217\" class=\"wp-caption-text\">Ikonostase in der Kathedrale<\/figcaption><\/figure>\n<figure id=\"attachment_224\" aria-describedby=\"caption-attachment-224\" style=\"width: 769px\" class=\"wp-caption aligncenter\"><img loading=\"lazy\" decoding=\"async\" class=\"wp-image-224 size-large\" src=\"https:\/\/bf-on-tour.de\/ostsee2\/wp-content\/uploads\/sites\/27\/2026\/03\/Tallinn-4a-769x1024.jpg\" alt=\"\" width=\"769\" height=\"1024\" srcset=\"https:\/\/bf-on-tour.de\/ostsee2\/wp-content\/uploads\/sites\/27\/2026\/03\/Tallinn-4a-769x1024.jpg 769w, https:\/\/bf-on-tour.de\/ostsee2\/wp-content\/uploads\/sites\/27\/2026\/03\/Tallinn-4a-225x300.jpg 225w, https:\/\/bf-on-tour.de\/ostsee2\/wp-content\/uploads\/sites\/27\/2026\/03\/Tallinn-4a-768x1023.jpg 768w, https:\/\/bf-on-tour.de\/ostsee2\/wp-content\/uploads\/sites\/27\/2026\/03\/Tallinn-4a-1153x1536.jpg 1153w, https:\/\/bf-on-tour.de\/ostsee2\/wp-content\/uploads\/sites\/27\/2026\/03\/Tallinn-4a-1538x2048.jpg 1538w, https:\/\/bf-on-tour.de\/ostsee2\/wp-content\/uploads\/sites\/27\/2026\/03\/Tallinn-4a-1200x1598.jpg 1200w, https:\/\/bf-on-tour.de\/ostsee2\/wp-content\/uploads\/sites\/27\/2026\/03\/Tallinn-4a-scaled.jpg 1922w\" sizes=\"auto, (max-width: 769px) 85vw, 769px\" \/><figcaption id=\"caption-attachment-224\" class=\"wp-caption-text\">Heiligenbild<\/figcaption><\/figure>\n<p>Was w\u00e4re Tallin ohne den Katharinengang mit seinen ber\u00fchmten \u00fcberspannenden Querstreben, mit denen die mittelalterlichen H\u00e4user nebenan stabilisiert wurden (und wohl immer noch werden) und in der heute die offenen Kunsthandwerkateliers der &#8222;Katharina Gild&#8220; zu finden sind &#8211; einem Zusammenschluss von (ausschlie\u00dflich) Frauen, die 1995 beschlossen, in dieser Gasse und in deren Nebenstra\u00dfe einen Gegenpol zu dem Kitschangebot der \u00fcblichen Souvenirl\u00e4den zu bilden.<\/p>\n<p><img loading=\"lazy\" decoding=\"async\" class=\"aligncenter wp-image-222 size-large\" src=\"https:\/\/bf-on-tour.de\/ostsee2\/wp-content\/uploads\/sites\/27\/2026\/03\/Tallinn-5-778x1024.jpg\" alt=\"\" width=\"778\" height=\"1024\" srcset=\"https:\/\/bf-on-tour.de\/ostsee2\/wp-content\/uploads\/sites\/27\/2026\/03\/Tallinn-5-778x1024.jpg 778w, https:\/\/bf-on-tour.de\/ostsee2\/wp-content\/uploads\/sites\/27\/2026\/03\/Tallinn-5-228x300.jpg 228w, https:\/\/bf-on-tour.de\/ostsee2\/wp-content\/uploads\/sites\/27\/2026\/03\/Tallinn-5-768x1011.jpg 768w, https:\/\/bf-on-tour.de\/ostsee2\/wp-content\/uploads\/sites\/27\/2026\/03\/Tallinn-5-1167x1536.jpg 1167w, https:\/\/bf-on-tour.de\/ostsee2\/wp-content\/uploads\/sites\/27\/2026\/03\/Tallinn-5-1555x2048.jpg 1555w, https:\/\/bf-on-tour.de\/ostsee2\/wp-content\/uploads\/sites\/27\/2026\/03\/Tallinn-5-1200x1580.jpg 1200w, https:\/\/bf-on-tour.de\/ostsee2\/wp-content\/uploads\/sites\/27\/2026\/03\/Tallinn-5-scaled.jpg 1944w\" sizes=\"auto, (max-width: 778px) 85vw, 778px\" \/><\/p>\n<p>So sch\u00f6n das alte Reval auch ist und so sch\u00f6n es ist, alles noch einmal zu sehen, mir fehlen die vielen Musiker, die 2018 hier an jeder Ecke standen oder sa\u00dfen und mit oft russischen Weisen das besondere Flair dieser Stadt schufen. Sie sind ganz offensichtlich in Ungnade gefallen. Niemand will sie mehr h\u00f6ren. Sehr schade!<\/p>\n<p>Nun, bevor wir den Bus f\u00fcr die R\u00fcckfahrt zum Schiff erreichen, erinnern wir uns eines Hinweises vom Bordlektor: &#8222;Probieren Sie in Estland unbedingt Lakritzeis!&#8220; Also, in Ermangelung einer Eisdiele, rein in den n\u00e4chsten Supermarkt und Lakriteis gesucht. Leider ausverkauft. Aber es gibt noch Salmiakeis. Man soll ja aufgeschlossen durch die Welt gehen. Schmeckt ziemlich giftig. Wir entsorgen es im n\u00e4chsten \u00f6ffentlichen M\u00fclleimer&#8230;<br \/>\n<!--\/data\/user\/0\/com.samsung.android.app.notes\/files\/clipdata\/clipdata_bodytext_250807_182003_560.sdocx--><\/p>\n<p><img loading=\"lazy\" decoding=\"async\" class=\"size-large wp-image-223 aligncenter\" src=\"https:\/\/bf-on-tour.de\/ostsee2\/wp-content\/uploads\/sites\/27\/2026\/03\/Tallinn-6-1024x543.jpg\" alt=\"\" width=\"840\" height=\"445\" srcset=\"https:\/\/bf-on-tour.de\/ostsee2\/wp-content\/uploads\/sites\/27\/2026\/03\/Tallinn-6-1024x543.jpg 1024w, https:\/\/bf-on-tour.de\/ostsee2\/wp-content\/uploads\/sites\/27\/2026\/03\/Tallinn-6-300x159.jpg 300w, https:\/\/bf-on-tour.de\/ostsee2\/wp-content\/uploads\/sites\/27\/2026\/03\/Tallinn-6-768x408.jpg 768w, https:\/\/bf-on-tour.de\/ostsee2\/wp-content\/uploads\/sites\/27\/2026\/03\/Tallinn-6-1536x815.jpg 1536w, https:\/\/bf-on-tour.de\/ostsee2\/wp-content\/uploads\/sites\/27\/2026\/03\/Tallinn-6-2048x1087.jpg 2048w, https:\/\/bf-on-tour.de\/ostsee2\/wp-content\/uploads\/sites\/27\/2026\/03\/Tallinn-6-1200x637.jpg 1200w\" sizes=\"auto, (max-width: 709px) 85vw, (max-width: 909px) 67vw, (max-width: 1362px) 62vw, 840px\" \/><\/p>\n<p><a href=\"https:\/\/bf-on-tour.de\/ostsee2\/lettland\"><img loading=\"lazy\" decoding=\"async\" class=\"alignleft wp-image-362\" src=\"https:\/\/bf-on-tour.de\/ostsee2\/wp-content\/uploads\/sites\/27\/2026\/03\/zurueck.png\" alt=\"\" width=\"50\" height=\"37\" \/><\/a> <a href=\"https:\/\/bf-on-tour.de\/ostsee2\/finnland\"><img loading=\"lazy\" decoding=\"async\" class=\"alignright wp-image-361\" src=\"https:\/\/bf-on-tour.de\/ostsee2\/wp-content\/uploads\/sites\/27\/2026\/03\/weiter.png\" alt=\"\" width=\"50\" height=\"37\" \/><\/a><\/p>\n","protected":false},"excerpt":{"rendered":"<p>Mittwoch, Seetag:\u00a0 Lektorvortrag angeh\u00f6rt, ansonsten gepennt und wieder im Shopping-Center des Schiffes nix gekauft&#8230; Donnerstag: Tallinn, das alte Reval Wir shuttlen uns in die Stadt. Zu Fu\u00df haben wir keine Lust &#8211; obwohl es nicht weit ist. Aber gestern war es wieder sp\u00e4t, sehr sp\u00e4t geworden (nein, nein, wir wurden diesmal nicht &#8222;rausgemobbt&#8220;; den Aufbruch &hellip; <a href=\"https:\/\/bf-on-tour.de\/ostsee2\/estland\/\" class=\"more-link\"><span class=\"screen-reader-text\">\u201eTallinn &#8211; einstmals Reval\u201c <\/span>weiterlesen<\/a><\/p>\n","protected":false},"author":1,"featured_media":0,"parent":0,"menu_order":4,"comment_status":"closed","ping_status":"closed","template":"","meta":{"footnotes":""},"class_list":["post-174","page","type-page","status-publish","hentry"],"_links":{"self":[{"href":"https:\/\/bf-on-tour.de\/ostsee2\/wp-json\/wp\/v2\/pages\/174","targetHints":{"allow":["GET"]}}],"collection":[{"href":"https:\/\/bf-on-tour.de\/ostsee2\/wp-json\/wp\/v2\/pages"}],"about":[{"href":"https:\/\/bf-on-tour.de\/ostsee2\/wp-json\/wp\/v2\/types\/page"}],"author":[{"embeddable":true,"href":"https:\/\/bf-on-tour.de\/ostsee2\/wp-json\/wp\/v2\/users\/1"}],"replies":[{"embeddable":true,"href":"https:\/\/bf-on-tour.de\/ostsee2\/wp-json\/wp\/v2\/comments?post=174"}],"version-history":[{"count":37,"href":"https:\/\/bf-on-tour.de\/ostsee2\/wp-json\/wp\/v2\/pages\/174\/revisions"}],"predecessor-version":[{"id":448,"href":"https:\/\/bf-on-tour.de\/ostsee2\/wp-json\/wp\/v2\/pages\/174\/revisions\/448"}],"wp:attachment":[{"href":"https:\/\/bf-on-tour.de\/ostsee2\/wp-json\/wp\/v2\/media?parent=174"}],"curies":[{"name":"wp","href":"https:\/\/api.w.org\/{rel}","templated":true}]}}