{"id":160,"date":"2026-03-05T17:02:35","date_gmt":"2026-03-05T16:02:35","guid":{"rendered":"https:\/\/bf-on-tour.de\/ostsee2\/?page_id=160"},"modified":"2026-03-05T17:53:13","modified_gmt":"2026-03-05T16:53:13","slug":"lettland","status":"publish","type":"page","link":"https:\/\/bf-on-tour.de\/ostsee2\/lettland\/","title":{"rendered":"Riga &#8211; Die Perle des Baltikums"},"content":{"rendered":"<p>Riga ist die unbestrittene Perle des Baltikums! W\u00e4hrend sich L\u00fcbeck, Wismar und Greifswald den hansest\u00e4dtischen Charme von Backsteinbauten und gediegenem Handelsflair durch Denkmalschutz bewahren, pr\u00e4sentiert sich Riga einerseits geschichtsbewusst, andererseits aber offen f\u00fcr internationale Einfl\u00fcsse &#8211; mal freiwillig,\u00a0 mal eher nicht.<\/p>\n<p><img loading=\"lazy\" decoding=\"async\" class=\"size-large wp-image-167 aligncenter\" src=\"https:\/\/bf-on-tour.de\/ostsee2\/wp-content\/uploads\/sites\/27\/2025\/08\/Lettland-01-1024x613.jpg\" alt=\"\" width=\"840\" height=\"503\" srcset=\"https:\/\/bf-on-tour.de\/ostsee2\/wp-content\/uploads\/sites\/27\/2025\/08\/Lettland-01-1024x613.jpg 1024w, https:\/\/bf-on-tour.de\/ostsee2\/wp-content\/uploads\/sites\/27\/2025\/08\/Lettland-01-300x180.jpg 300w, https:\/\/bf-on-tour.de\/ostsee2\/wp-content\/uploads\/sites\/27\/2025\/08\/Lettland-01-768x460.jpg 768w, https:\/\/bf-on-tour.de\/ostsee2\/wp-content\/uploads\/sites\/27\/2025\/08\/Lettland-01-1536x920.jpg 1536w, https:\/\/bf-on-tour.de\/ostsee2\/wp-content\/uploads\/sites\/27\/2025\/08\/Lettland-01-2048x1227.jpg 2048w, https:\/\/bf-on-tour.de\/ostsee2\/wp-content\/uploads\/sites\/27\/2025\/08\/Lettland-01-1200x719.jpg 1200w\" sizes=\"auto, (max-width: 709px) 85vw, (max-width: 909px) 67vw, (max-width: 1362px) 62vw, 840px\" \/><\/p>\n<p>Nat\u00fcrlich ist Riga nicht \u00fcberall sch\u00f6n &#8211; welche Stadt ist das schon und die Sowjetbauten sprechen diesbez\u00fcglich ihre ganz eigene Sprache &#8211; aber dort, wo ganze Stadtteile aus phantastischen Jugendstilh\u00e4usern bestehen oder wo Strukturen der Hansezeit noch sichtbar sind (auch, wenn Historiker dar\u00fcber n\u00f6rgeln,\u00a0 dass manche Bauten Rekonstruktionen sind), da kann man gar nicht genug von ihr bekommen.<\/p>\n<figure id=\"attachment_168\" aria-describedby=\"caption-attachment-168\" style=\"width: 840px\" class=\"wp-caption aligncenter\"><img loading=\"lazy\" decoding=\"async\" class=\"size-large wp-image-168\" src=\"https:\/\/bf-on-tour.de\/ostsee2\/wp-content\/uploads\/sites\/27\/2025\/08\/Lettland-02-1024x667.jpg\" alt=\"\" width=\"840\" height=\"547\" srcset=\"https:\/\/bf-on-tour.de\/ostsee2\/wp-content\/uploads\/sites\/27\/2025\/08\/Lettland-02-1024x667.jpg 1024w, https:\/\/bf-on-tour.de\/ostsee2\/wp-content\/uploads\/sites\/27\/2025\/08\/Lettland-02-300x195.jpg 300w, https:\/\/bf-on-tour.de\/ostsee2\/wp-content\/uploads\/sites\/27\/2025\/08\/Lettland-02-768x500.jpg 768w, https:\/\/bf-on-tour.de\/ostsee2\/wp-content\/uploads\/sites\/27\/2025\/08\/Lettland-02-1536x1000.jpg 1536w, https:\/\/bf-on-tour.de\/ostsee2\/wp-content\/uploads\/sites\/27\/2025\/08\/Lettland-02-2048x1333.jpg 2048w, https:\/\/bf-on-tour.de\/ostsee2\/wp-content\/uploads\/sites\/27\/2025\/08\/Lettland-02-1200x781.jpg 1200w\" sizes=\"auto, (max-width: 709px) 85vw, (max-width: 909px) 67vw, (max-width: 1362px) 62vw, 840px\" \/><figcaption id=\"caption-attachment-168\" class=\"wp-caption-text\">Das Opernhaus<\/figcaption><\/figure>\n<p>So ging es \u00fcbrigens auch Richard Strau\u00df, der sich hier zwei Jahre lang sehr wohl f\u00fchlte, am Opernhaus wirkte, die Oper &#8222;Rienzi&#8220; schrieb und erst &#8222;fl\u00fcchtete&#8220;, als er so viele Schulden angeh\u00e4uft hatte, dass er sie nicht mehr bezahlen konnte. Er floh nach Bayreuth&#8230;<\/p>\n<p>Wir fahren aber zun\u00e4chst in die &#8222;Lettische Schweiz&#8220;, nach Sigulda, nord\u00f6stlich von Riga im Tal der Gauja gelegen.<\/p>\n<figure id=\"attachment_166\" aria-describedby=\"caption-attachment-166\" style=\"width: 840px\" class=\"wp-caption aligncenter\"><img loading=\"lazy\" decoding=\"async\" class=\"size-large wp-image-166\" src=\"https:\/\/bf-on-tour.de\/ostsee2\/wp-content\/uploads\/sites\/27\/2025\/08\/Lettland-04-1024x929.jpg\" alt=\"\" width=\"840\" height=\"762\" srcset=\"https:\/\/bf-on-tour.de\/ostsee2\/wp-content\/uploads\/sites\/27\/2025\/08\/Lettland-04-1024x929.jpg 1024w, https:\/\/bf-on-tour.de\/ostsee2\/wp-content\/uploads\/sites\/27\/2025\/08\/Lettland-04-300x272.jpg 300w, https:\/\/bf-on-tour.de\/ostsee2\/wp-content\/uploads\/sites\/27\/2025\/08\/Lettland-04-768x697.jpg 768w, https:\/\/bf-on-tour.de\/ostsee2\/wp-content\/uploads\/sites\/27\/2025\/08\/Lettland-04-1536x1393.jpg 1536w, https:\/\/bf-on-tour.de\/ostsee2\/wp-content\/uploads\/sites\/27\/2025\/08\/Lettland-04-2048x1858.jpg 2048w, https:\/\/bf-on-tour.de\/ostsee2\/wp-content\/uploads\/sites\/27\/2025\/08\/Lettland-04-1200x1089.jpg 1200w\" sizes=\"auto, (max-width: 709px) 85vw, (max-width: 909px) 67vw, (max-width: 1362px) 62vw, 840px\" \/><figcaption id=\"caption-attachment-166\" class=\"wp-caption-text\">Schloss in Sigulda<\/figcaption><\/figure>\n<p>Der Begriff &#8222;Schweiz&#8220; ist nat\u00fcrlich ma\u00dflos \u00fcbertrieben, aber im flachen Lettland, sind H\u00fcgel von 40 Metern schon sehr bemerkenswert. Der Ort an sich ist es tats\u00e4chlich weniger. Es gibt erstaunlich viele neue Einzelh\u00e4user, einen historischen Bahnhof, ein h\u00fcbsches Schloss im neugotischen Stil und die Ruine seines Vorg\u00e4ngers. Und wieso die vielen neuen H\u00e4user? Nun, inzwischen verkaufen oder vermieten viele St\u00e4dter ihre attraktiven Jugendstilwohnungen, um sich hier auf dem Land neu anzusiedeln. Sigulda ist quasi Rigas Familienboomtown.<\/p>\n<p>Weiter geht&#8217;s zum Turaida-Museumsreservat im Gauja-Nationalpark, dem mit \u00fcber 90 Hektar gr\u00f6\u00dften in Lettland und nur wenige Fahrminuten von Sigulda entfernt.<\/p>\n<p>Leider sehen wir damit lediglich einen kleinen Ausschnitt davon, erhalten aber im dortigen Volksliederpark einen interessanten Einblick in die baltische S\u00e4ngerseele.<\/p>\n<p><img loading=\"lazy\" decoding=\"async\" class=\"size-large wp-image-169 aligncenter\" src=\"https:\/\/bf-on-tour.de\/ostsee2\/wp-content\/uploads\/sites\/27\/2025\/08\/Lettland-03-773x1024.jpg\" alt=\"\" width=\"773\" height=\"1024\" srcset=\"https:\/\/bf-on-tour.de\/ostsee2\/wp-content\/uploads\/sites\/27\/2025\/08\/Lettland-03-773x1024.jpg 773w, https:\/\/bf-on-tour.de\/ostsee2\/wp-content\/uploads\/sites\/27\/2025\/08\/Lettland-03-226x300.jpg 226w, https:\/\/bf-on-tour.de\/ostsee2\/wp-content\/uploads\/sites\/27\/2025\/08\/Lettland-03-768x1018.jpg 768w, https:\/\/bf-on-tour.de\/ostsee2\/wp-content\/uploads\/sites\/27\/2025\/08\/Lettland-03-1159x1536.jpg 1159w, https:\/\/bf-on-tour.de\/ostsee2\/wp-content\/uploads\/sites\/27\/2025\/08\/Lettland-03-1546x2048.jpg 1546w, https:\/\/bf-on-tour.de\/ostsee2\/wp-content\/uploads\/sites\/27\/2025\/08\/Lettland-03-1200x1590.jpg 1200w, https:\/\/bf-on-tour.de\/ostsee2\/wp-content\/uploads\/sites\/27\/2025\/08\/Lettland-03.jpg 1816w\" sizes=\"auto, (max-width: 773px) 85vw, 773px\" \/>Am 23. August 1989 bildeten Menschen aus allen drei Staaten eine 600 Kilometer lange Kette von Tallinn nach Vilnius und sangen ihre Volkslieder &#8211; was unter den Sowjets verboten war. Dieser sogenannte &#8222;Baltische Weg&#8220; l\u00e4utete das Ende der Sowjetherrschaft ein.<\/p>\n<p>Direkt vor dem gro\u00dfen Granitdenkmal f\u00fcr Kri\u0161j\u0101nis Barons, dem bedeutendsten Sammler von Dainas &#8211; vierzeiligen Liedern \u00fcber das Leben, den Glauben und das Wesen der Menschen in Lettland &#8211; singt unsere Fremdenf\u00fchrerin eines dieser Lieder vor und erkl\u00e4rt dessen Inhalt, denn die lettische Sprache bleibt uns selbst bei bestem Willen v\u00f6llig unverst\u00e4ndlich.<\/p>\n<p><img loading=\"lazy\" decoding=\"async\" class=\"size-medium wp-image-164 alignright\" src=\"https:\/\/bf-on-tour.de\/ostsee2\/wp-content\/uploads\/sites\/27\/2025\/08\/Lettland-06-300x200.jpg\" alt=\"\" width=\"300\" height=\"200\" srcset=\"https:\/\/bf-on-tour.de\/ostsee2\/wp-content\/uploads\/sites\/27\/2025\/08\/Lettland-06-300x200.jpg 300w, https:\/\/bf-on-tour.de\/ostsee2\/wp-content\/uploads\/sites\/27\/2025\/08\/Lettland-06-1024x683.jpg 1024w, https:\/\/bf-on-tour.de\/ostsee2\/wp-content\/uploads\/sites\/27\/2025\/08\/Lettland-06-768x512.jpg 768w, https:\/\/bf-on-tour.de\/ostsee2\/wp-content\/uploads\/sites\/27\/2025\/08\/Lettland-06-1536x1024.jpg 1536w, https:\/\/bf-on-tour.de\/ostsee2\/wp-content\/uploads\/sites\/27\/2025\/08\/Lettland-06-2048x1365.jpg 2048w, https:\/\/bf-on-tour.de\/ostsee2\/wp-content\/uploads\/sites\/27\/2025\/08\/Lettland-06-1200x800.jpg 1200w\" sizes=\"auto, (max-width: 300px) 85vw, 300px\" \/>Anschlie\u00dfend streifen wir noch durch die Reste einer Mauerburg, die einst f\u00fcr Bischof Albert von Bremen, den Christianisierer des Baltikums aus dem 13. Jahrhundert, gebaut wurde und besuchen die kleine Kirche von Turaida.<\/p>\n<p><img loading=\"lazy\" decoding=\"async\" class=\"size-medium wp-image-165 alignleft\" src=\"https:\/\/bf-on-tour.de\/ostsee2\/wp-content\/uploads\/sites\/27\/2025\/08\/Lettland-05-300x200.jpg\" alt=\"\" width=\"300\" height=\"200\" srcset=\"https:\/\/bf-on-tour.de\/ostsee2\/wp-content\/uploads\/sites\/27\/2025\/08\/Lettland-05-300x200.jpg 300w, https:\/\/bf-on-tour.de\/ostsee2\/wp-content\/uploads\/sites\/27\/2025\/08\/Lettland-05-1024x683.jpg 1024w, https:\/\/bf-on-tour.de\/ostsee2\/wp-content\/uploads\/sites\/27\/2025\/08\/Lettland-05-768x512.jpg 768w, https:\/\/bf-on-tour.de\/ostsee2\/wp-content\/uploads\/sites\/27\/2025\/08\/Lettland-05-1536x1024.jpg 1536w, https:\/\/bf-on-tour.de\/ostsee2\/wp-content\/uploads\/sites\/27\/2025\/08\/Lettland-05-2048x1365.jpg 2048w, https:\/\/bf-on-tour.de\/ostsee2\/wp-content\/uploads\/sites\/27\/2025\/08\/Lettland-05-1200x800.jpg 1200w\" sizes=\"auto, (max-width: 300px) 85vw, 300px\" \/><\/p>\n<p>Auf dem R\u00fcckweg nach Riga fragen wir uns, wieso wir 2018 mit den Motorr\u00e4dern an dieser Gegend komplett vorbei gefahren sind. Unser Frust \u00fcber die eint\u00f6nige Landschaft w\u00e4re hier mit Sicherheit nicht aufgekommen.<\/p>\n<p>21:30 Uhr. Schlagerparty am Pool. <img loading=\"lazy\" decoding=\"async\" class=\"size-medium wp-image-171 alignright\" src=\"https:\/\/bf-on-tour.de\/ostsee2\/wp-content\/uploads\/sites\/27\/2025\/08\/Lettland-07-300x186.jpg\" alt=\"\" width=\"300\" height=\"186\" srcset=\"https:\/\/bf-on-tour.de\/ostsee2\/wp-content\/uploads\/sites\/27\/2025\/08\/Lettland-07-300x186.jpg 300w, https:\/\/bf-on-tour.de\/ostsee2\/wp-content\/uploads\/sites\/27\/2025\/08\/Lettland-07-1024x636.jpg 1024w, https:\/\/bf-on-tour.de\/ostsee2\/wp-content\/uploads\/sites\/27\/2025\/08\/Lettland-07-768x477.jpg 768w, https:\/\/bf-on-tour.de\/ostsee2\/wp-content\/uploads\/sites\/27\/2025\/08\/Lettland-07-1536x955.jpg 1536w, https:\/\/bf-on-tour.de\/ostsee2\/wp-content\/uploads\/sites\/27\/2025\/08\/Lettland-07-2048x1273.jpg 2048w, https:\/\/bf-on-tour.de\/ostsee2\/wp-content\/uploads\/sites\/27\/2025\/08\/Lettland-07-1200x746.jpg 1200w\" sizes=\"auto, (max-width: 300px) 85vw, 300px\" \/>Als wir ankommen, schmettert Herr Carpendale gerade sein &#8222;Hello again&#8220; in die Menge und uns kommen b\u00f6se Assoziationen an ein Konzert mit ihm in Chemnitz, in das wir nur gegangen waren, weil sonst ein relativ wertvoller Gutschein verfallen w\u00e4re. Auf Howie folgt Achim Reichel mit seinem &#8222;Aloaloahealoaheahealoaheahe&#8220;, das nahtlos in rhythmisches Stampfen zu irgendeinem Schlager von Lale Andersen \u00fcbergeht. Jetzt bleibt uns nur die Flucht!<\/p>\n<p><a href=\"https:\/\/bf-on-tour.de\/ostsee2\/litauen\"><img loading=\"lazy\" decoding=\"async\" class=\"alignleft wp-image-362\" src=\"https:\/\/bf-on-tour.de\/ostsee2\/wp-content\/uploads\/sites\/27\/2026\/03\/zurueck.png\" alt=\"\" width=\"50\" height=\"37\" \/><\/a> <a href=\"https:\/\/bf-on-tour.de\/ostsee2\/estland\"><img loading=\"lazy\" decoding=\"async\" class=\"alignright wp-image-361\" src=\"https:\/\/bf-on-tour.de\/ostsee2\/wp-content\/uploads\/sites\/27\/2026\/03\/weiter.png\" alt=\"\" width=\"50\" height=\"37\" \/><\/a><\/p>\n","protected":false},"excerpt":{"rendered":"<p>Riga ist die unbestrittene Perle des Baltikums! W\u00e4hrend sich L\u00fcbeck, Wismar und Greifswald den hansest\u00e4dtischen Charme von Backsteinbauten und gediegenem Handelsflair durch Denkmalschutz bewahren, pr\u00e4sentiert sich Riga einerseits geschichtsbewusst, andererseits aber offen f\u00fcr internationale Einfl\u00fcsse &#8211; mal freiwillig,\u00a0 mal eher nicht. Nat\u00fcrlich ist Riga nicht \u00fcberall sch\u00f6n &#8211; welche Stadt ist das schon und die &hellip; <a href=\"https:\/\/bf-on-tour.de\/ostsee2\/lettland\/\" class=\"more-link\"><span class=\"screen-reader-text\">\u201eRiga &#8211; Die Perle des Baltikums\u201c <\/span>weiterlesen<\/a><\/p>\n","protected":false},"author":1,"featured_media":0,"parent":0,"menu_order":3,"comment_status":"closed","ping_status":"closed","template":"","meta":{"footnotes":""},"class_list":["post-160","page","type-page","status-publish","hentry"],"_links":{"self":[{"href":"https:\/\/bf-on-tour.de\/ostsee2\/wp-json\/wp\/v2\/pages\/160","targetHints":{"allow":["GET"]}}],"collection":[{"href":"https:\/\/bf-on-tour.de\/ostsee2\/wp-json\/wp\/v2\/pages"}],"about":[{"href":"https:\/\/bf-on-tour.de\/ostsee2\/wp-json\/wp\/v2\/types\/page"}],"author":[{"embeddable":true,"href":"https:\/\/bf-on-tour.de\/ostsee2\/wp-json\/wp\/v2\/users\/1"}],"replies":[{"embeddable":true,"href":"https:\/\/bf-on-tour.de\/ostsee2\/wp-json\/wp\/v2\/comments?post=160"}],"version-history":[{"count":10,"href":"https:\/\/bf-on-tour.de\/ostsee2\/wp-json\/wp\/v2\/pages\/160\/revisions"}],"predecessor-version":[{"id":397,"href":"https:\/\/bf-on-tour.de\/ostsee2\/wp-json\/wp\/v2\/pages\/160\/revisions\/397"}],"wp:attachment":[{"href":"https:\/\/bf-on-tour.de\/ostsee2\/wp-json\/wp\/v2\/media?parent=160"}],"curies":[{"name":"wp","href":"https:\/\/api.w.org\/{rel}","templated":true}]}}