{"id":147,"date":"2026-03-05T16:58:17","date_gmt":"2026-03-05T15:58:17","guid":{"rendered":"https:\/\/bf-on-tour.de\/ostsee2\/?page_id=147"},"modified":"2026-03-05T18:23:54","modified_gmt":"2026-03-05T17:23:54","slug":"litauen","status":"publish","type":"page","link":"https:\/\/bf-on-tour.de\/ostsee2\/litauen\/","title":{"rendered":"Klaipeda &#8211; das alte Memel"},"content":{"rendered":"<p>Wir sind nicht gut drauf. Ist es der ber\u00fcchtigte dritte Urlaubstag oder liegt es daran, dass wir gestern Abend mal wieder aus dem Restaurant &#8222;rausgemobbt&#8220; wurden? Nette Tischnachbarn, viele gemeinsame Themen und eine sehr (!) aufmerksame Bedienung, die st\u00e4ndig Wein nachschenkte, haben dazu beigetragen, dass wir erst gingen,\u00a0 als die Crew bereits\u00a0 deutlich mit Geschirr\u00a0 klappernd zum Fr\u00fchst\u00fcck eindeckte&#8230;<\/p>\n<figure id=\"attachment_152\" aria-describedby=\"caption-attachment-152\" style=\"width: 840px\" class=\"wp-caption alignleft\"><img loading=\"lazy\" decoding=\"async\" class=\"wp-image-152 size-large\" src=\"https:\/\/bf-on-tour.de\/ostsee2\/wp-content\/uploads\/sites\/27\/2025\/08\/Litauen-01-1024x705.jpg\" alt=\"\" width=\"840\" height=\"578\" srcset=\"https:\/\/bf-on-tour.de\/ostsee2\/wp-content\/uploads\/sites\/27\/2025\/08\/Litauen-01-1024x705.jpg 1024w, https:\/\/bf-on-tour.de\/ostsee2\/wp-content\/uploads\/sites\/27\/2025\/08\/Litauen-01-300x207.jpg 300w, https:\/\/bf-on-tour.de\/ostsee2\/wp-content\/uploads\/sites\/27\/2025\/08\/Litauen-01-768x529.jpg 768w, https:\/\/bf-on-tour.de\/ostsee2\/wp-content\/uploads\/sites\/27\/2025\/08\/Litauen-01-1536x1058.jpg 1536w, https:\/\/bf-on-tour.de\/ostsee2\/wp-content\/uploads\/sites\/27\/2025\/08\/Litauen-01-2048x1410.jpg 2048w, https:\/\/bf-on-tour.de\/ostsee2\/wp-content\/uploads\/sites\/27\/2025\/08\/Litauen-01-1200x826.jpg 1200w\" sizes=\"auto, (max-width: 709px) 85vw, (max-width: 909px) 67vw, (max-width: 1362px) 62vw, 840px\" \/><figcaption id=\"caption-attachment-152\" class=\"wp-caption-text\">Modell der Memelburg<\/figcaption><\/figure>\n<p>Es nieselt auf dem Weg zur Memelburg &#8211; oder besser,\u00a0 zu dem, was noch von ihr \u00fcbrig ist: Ein Turm und der Wall drum herum. Nat\u00fcrlich alles bestens erhalten. Man ist schlie\u00dflich stolz auf seine Geschichte.<\/p>\n<p>Ein paar Soldaten treten dort an. Sie pr\u00e4sentieren Unlust. Wahrscheinlich sollen sie helfen,\u00a0 die \u00dcberreste eines Festivals wegzur\u00e4umen, dass hier am Wochenende stattgefunden hatte. B\u00fchnen- und Absperrungsreste lassen darauf schlie\u00dfen.<\/p>\n<figure id=\"attachment_157\" aria-describedby=\"caption-attachment-157\" style=\"width: 840px\" class=\"wp-caption alignleft\"><img loading=\"lazy\" decoding=\"async\" class=\"size-large wp-image-157\" src=\"https:\/\/bf-on-tour.de\/ostsee2\/wp-content\/uploads\/sites\/27\/2025\/08\/Litauen-07-948x1024.jpg\" alt=\"\" width=\"840\" height=\"907\" srcset=\"https:\/\/bf-on-tour.de\/ostsee2\/wp-content\/uploads\/sites\/27\/2025\/08\/Litauen-07-948x1024.jpg 948w, https:\/\/bf-on-tour.de\/ostsee2\/wp-content\/uploads\/sites\/27\/2025\/08\/Litauen-07-278x300.jpg 278w, https:\/\/bf-on-tour.de\/ostsee2\/wp-content\/uploads\/sites\/27\/2025\/08\/Litauen-07-768x830.jpg 768w, https:\/\/bf-on-tour.de\/ostsee2\/wp-content\/uploads\/sites\/27\/2025\/08\/Litauen-07-1421x1536.jpg 1421w, https:\/\/bf-on-tour.de\/ostsee2\/wp-content\/uploads\/sites\/27\/2025\/08\/Litauen-07-1200x1297.jpg 1200w, https:\/\/bf-on-tour.de\/ostsee2\/wp-content\/uploads\/sites\/27\/2025\/08\/Litauen-07.jpg 1437w\" sizes=\"auto, (max-width: 709px) 85vw, (max-width: 909px) 67vw, (max-width: 1362px) 62vw, 840px\" \/><figcaption id=\"caption-attachment-157\" class=\"wp-caption-text\">Dimensionen&#8230;<\/figcaption><\/figure>\n<p>Wir schlendern entlang der Dan\u00e9, schauen uns um und angesichts der Proportionen des Kreuzfahrers und der umliegenden H\u00e4user kommt unwillk\u00fcrlich die Frage auf, ob das alles so richtig ist, mit solchen Riesen \u00fcber so kleine St\u00e4dte, wie Klaipeda herzufallen.<\/p>\n<p>Weiter, entlang des Flusses liegt ein kleines Schiff der lettischen Marine, von dem wir sp\u00e4ter erfahren werden, dass es das einzige ist. Sein Zustand l\u00e4sst die Angst der Litauer vor einer neuerlichen russischen Invasion durchaus begr\u00fcndet erscheinen&#8230;<\/p>\n<figure id=\"attachment_154\" aria-describedby=\"caption-attachment-154\" style=\"width: 840px\" class=\"wp-caption alignleft\"><img loading=\"lazy\" decoding=\"async\" class=\"size-large wp-image-154\" src=\"https:\/\/bf-on-tour.de\/ostsee2\/wp-content\/uploads\/sites\/27\/2025\/08\/Litauen-03-1024x832.jpg\" alt=\"\" width=\"840\" height=\"683\" srcset=\"https:\/\/bf-on-tour.de\/ostsee2\/wp-content\/uploads\/sites\/27\/2025\/08\/Litauen-03-1024x832.jpg 1024w, https:\/\/bf-on-tour.de\/ostsee2\/wp-content\/uploads\/sites\/27\/2025\/08\/Litauen-03-300x244.jpg 300w, https:\/\/bf-on-tour.de\/ostsee2\/wp-content\/uploads\/sites\/27\/2025\/08\/Litauen-03-768x624.jpg 768w, https:\/\/bf-on-tour.de\/ostsee2\/wp-content\/uploads\/sites\/27\/2025\/08\/Litauen-03-1536x1248.jpg 1536w, https:\/\/bf-on-tour.de\/ostsee2\/wp-content\/uploads\/sites\/27\/2025\/08\/Litauen-03-2048x1664.jpg 2048w, https:\/\/bf-on-tour.de\/ostsee2\/wp-content\/uploads\/sites\/27\/2025\/08\/Litauen-03-1200x975.jpg 1200w\" sizes=\"auto, (max-width: 709px) 85vw, (max-width: 909px) 67vw, (max-width: 1362px) 62vw, 840px\" \/><figcaption id=\"caption-attachment-154\" class=\"wp-caption-text\">Morgens an der Dan\u00e9<\/figcaption><\/figure>\n<p>Klaipeda schl\u00e4ft noch. Die Promenade an der Dan\u00e9 ist menschenleer, kein Leierkastenmann, die Restaurants geschlossen. Bei diesem Wetter wirkt die sonst an das morbide \u00c4u\u00dfere des nicht-touristischen Venedigs erinnernde Altstadt lediglich traurig und manchmal einfach verfallen.<\/p>\n<p><img loading=\"lazy\" decoding=\"async\" class=\"alignright wp-image-155 size-medium\" src=\"https:\/\/bf-on-tour.de\/ostsee2\/wp-content\/uploads\/sites\/27\/2025\/08\/Litauen-04-229x300.jpg\" alt=\"\" width=\"229\" height=\"300\" srcset=\"https:\/\/bf-on-tour.de\/ostsee2\/wp-content\/uploads\/sites\/27\/2025\/08\/Litauen-04-229x300.jpg 229w, https:\/\/bf-on-tour.de\/ostsee2\/wp-content\/uploads\/sites\/27\/2025\/08\/Litauen-04-782x1024.jpg 782w, https:\/\/bf-on-tour.de\/ostsee2\/wp-content\/uploads\/sites\/27\/2025\/08\/Litauen-04-768x1006.jpg 768w, https:\/\/bf-on-tour.de\/ostsee2\/wp-content\/uploads\/sites\/27\/2025\/08\/Litauen-04-1173x1536.jpg 1173w, https:\/\/bf-on-tour.de\/ostsee2\/wp-content\/uploads\/sites\/27\/2025\/08\/Litauen-04-1564x2048.jpg 1564w, https:\/\/bf-on-tour.de\/ostsee2\/wp-content\/uploads\/sites\/27\/2025\/08\/Litauen-04-1200x1572.jpg 1200w, https:\/\/bf-on-tour.de\/ostsee2\/wp-content\/uploads\/sites\/27\/2025\/08\/Litauen-04-scaled.jpg 1955w\" sizes=\"auto, (max-width: 229px) 85vw, 229px\" \/><\/p>\n<p>Irgendwo hier finden wir die &#8222;Zaubermaus&#8220;, eine kleine Bronzefigur, der man seine W\u00fcnsche oder Sehns\u00fcchte in ihre blankgescheuerten Ohren fl\u00fcstern soll, damit sie sie in Erf\u00fcllung gehen lassen kann. Machen wir nat\u00fcrlich auch! N\u00fctzt&#8217;s nix, so schad&#8217;s auch nix.<\/p>\n<figure id=\"attachment_151\" aria-describedby=\"caption-attachment-151\" style=\"width: 840px\" class=\"wp-caption alignleft\"><img loading=\"lazy\" decoding=\"async\" class=\"size-large wp-image-151\" src=\"https:\/\/bf-on-tour.de\/ostsee2\/wp-content\/uploads\/sites\/27\/2025\/08\/Litauen-06-1024x626.jpg\" alt=\"\" width=\"840\" height=\"514\" srcset=\"https:\/\/bf-on-tour.de\/ostsee2\/wp-content\/uploads\/sites\/27\/2025\/08\/Litauen-06-1024x626.jpg 1024w, https:\/\/bf-on-tour.de\/ostsee2\/wp-content\/uploads\/sites\/27\/2025\/08\/Litauen-06-300x183.jpg 300w, https:\/\/bf-on-tour.de\/ostsee2\/wp-content\/uploads\/sites\/27\/2025\/08\/Litauen-06-768x469.jpg 768w, https:\/\/bf-on-tour.de\/ostsee2\/wp-content\/uploads\/sites\/27\/2025\/08\/Litauen-06-1536x939.jpg 1536w, https:\/\/bf-on-tour.de\/ostsee2\/wp-content\/uploads\/sites\/27\/2025\/08\/Litauen-06-2048x1252.jpg 2048w, https:\/\/bf-on-tour.de\/ostsee2\/wp-content\/uploads\/sites\/27\/2025\/08\/Litauen-06-1200x733.jpg 1200w\" sizes=\"auto, (max-width: 709px) 85vw, (max-width: 909px) 67vw, (max-width: 1362px) 62vw, 840px\" \/><figcaption id=\"caption-attachment-151\" class=\"wp-caption-text\">Caf\u00e9 am Theaterplatz<\/figcaption><\/figure>\n<p>Am Theaterplatz finden wir tats\u00e4chlich ein Caf\u00e9 f\u00fcr einen Cappuccino und machen das obligatorische Foto vom Simon-Dach-Brunnen mit dem \u00c4nnchen von Tharau. Tags zuvor hatte der Bordlektor noch darauf hingewiesen, dass es sich bei der Figur auf dem Brunnen um ein M\u00e4dchen handelt und nicht um eine Ente. Ob es ihm als Kind genauso ging, wie mir?<\/p>\n<p>Danach trotten wir durch den Nieselregen zur\u00fcck zum Schiff und verschlafen den Nachmittag.<\/p>\n<p data-wp-editing=\"1\"><a href=\"https:\/\/bf-on-tour.de\/ostsee2\/polen\"><img loading=\"lazy\" decoding=\"async\" class=\"alignleft wp-image-362\" src=\"https:\/\/bf-on-tour.de\/ostsee2\/wp-content\/uploads\/sites\/27\/2026\/03\/zurueck.png\" alt=\"\" width=\"50\" height=\"37\" \/><\/a> <a href=\"https:\/\/bf-on-tour.de\/ostsee2\/lettland\"><img loading=\"lazy\" decoding=\"async\" class=\"alignright wp-image-361\" src=\"https:\/\/bf-on-tour.de\/ostsee2\/wp-content\/uploads\/sites\/27\/2026\/03\/weiter.png\" alt=\"\" width=\"50\" height=\"37\" \/><\/a><\/p>\n","protected":false},"excerpt":{"rendered":"<p>Wir sind nicht gut drauf. Ist es der ber\u00fcchtigte dritte Urlaubstag oder liegt es daran, dass wir gestern Abend mal wieder aus dem Restaurant &#8222;rausgemobbt&#8220; wurden? Nette Tischnachbarn, viele gemeinsame Themen und eine sehr (!) aufmerksame Bedienung, die st\u00e4ndig Wein nachschenkte, haben dazu beigetragen, dass wir erst gingen,\u00a0 als die Crew bereits\u00a0 deutlich mit Geschirr\u00a0 &hellip; <a href=\"https:\/\/bf-on-tour.de\/ostsee2\/litauen\/\" class=\"more-link\"><span class=\"screen-reader-text\">\u201eKlaipeda &#8211; das alte Memel\u201c <\/span>weiterlesen<\/a><\/p>\n","protected":false},"author":1,"featured_media":0,"parent":0,"menu_order":2,"comment_status":"closed","ping_status":"closed","template":"","meta":{"footnotes":""},"class_list":["post-147","page","type-page","status-publish","hentry"],"_links":{"self":[{"href":"https:\/\/bf-on-tour.de\/ostsee2\/wp-json\/wp\/v2\/pages\/147","targetHints":{"allow":["GET"]}}],"collection":[{"href":"https:\/\/bf-on-tour.de\/ostsee2\/wp-json\/wp\/v2\/pages"}],"about":[{"href":"https:\/\/bf-on-tour.de\/ostsee2\/wp-json\/wp\/v2\/types\/page"}],"author":[{"embeddable":true,"href":"https:\/\/bf-on-tour.de\/ostsee2\/wp-json\/wp\/v2\/users\/1"}],"replies":[{"embeddable":true,"href":"https:\/\/bf-on-tour.de\/ostsee2\/wp-json\/wp\/v2\/comments?post=147"}],"version-history":[{"count":13,"href":"https:\/\/bf-on-tour.de\/ostsee2\/wp-json\/wp\/v2\/pages\/147\/revisions"}],"predecessor-version":[{"id":403,"href":"https:\/\/bf-on-tour.de\/ostsee2\/wp-json\/wp\/v2\/pages\/147\/revisions\/403"}],"wp:attachment":[{"href":"https:\/\/bf-on-tour.de\/ostsee2\/wp-json\/wp\/v2\/media?parent=147"}],"curies":[{"name":"wp","href":"https:\/\/api.w.org\/{rel}","templated":true}]}}