{"id":125,"date":"2026-03-05T16:57:59","date_gmt":"2026-03-05T15:57:59","guid":{"rendered":"https:\/\/bf-on-tour.de\/bretagne\/?page_id=125"},"modified":"2026-03-05T17:27:57","modified_gmt":"2026-03-05T16:27:57","slug":"polen","status":"publish","type":"page","link":"https:\/\/bf-on-tour.de\/ostsee2\/polen\/","title":{"rendered":"Polen &#8211; Die Marienburg"},"content":{"rendered":"<p>Sonntagmorgen. Um sieben Uhr sollten wir in Gdynia sein. Um 6:45 Uhr war das Schiff bereits von den Beh\u00f6rden frei gegeben worden. Waren neun Knoten doch zu schnell? Absicht war es wohl nicht, denn wir liegen im Kohlehafen und direkt neben uns schaufelt ein Bagger staubigen\u00a0 Kohlegru\u00df von einer Halde auf eine andere. Extraschicht f\u00fcr das Housekeeping&#8230;<\/p>\n<p>Das Wetter hat sich auch nicht gerade zum Besseren gewandelt. Wir m\u00f6chten einen Schirm ausleihen, aber die sind schon alle weg. Also geht es mit &#8222;Bordmitteln&#8220; (= M\u00fctze und Kapuze) zur Marienburg, dem gr\u00f6\u00dften Backsteinbau Europas, wenn nicht sogar weltweit (hier ein Panorama bei besserem Wetter aus Wikipedia &#8211; ja, ja, das darf man verwenden).<\/p>\n<p><img loading=\"lazy\" decoding=\"async\" class=\"aligncenter wp-image-145 size-full\" src=\"https:\/\/bf-on-tour.de\/ostsee2\/wp-content\/uploads\/sites\/27\/2025\/08\/Marienburg_2004_Panorama.jpg\" alt=\"\" width=\"2560\" height=\"384\" srcset=\"https:\/\/bf-on-tour.de\/ostsee2\/wp-content\/uploads\/sites\/27\/2025\/08\/Marienburg_2004_Panorama.jpg 2560w, https:\/\/bf-on-tour.de\/ostsee2\/wp-content\/uploads\/sites\/27\/2025\/08\/Marienburg_2004_Panorama-300x45.jpg 300w, https:\/\/bf-on-tour.de\/ostsee2\/wp-content\/uploads\/sites\/27\/2025\/08\/Marienburg_2004_Panorama-1024x154.jpg 1024w, https:\/\/bf-on-tour.de\/ostsee2\/wp-content\/uploads\/sites\/27\/2025\/08\/Marienburg_2004_Panorama-768x115.jpg 768w, https:\/\/bf-on-tour.de\/ostsee2\/wp-content\/uploads\/sites\/27\/2025\/08\/Marienburg_2004_Panorama-1536x230.jpg 1536w, https:\/\/bf-on-tour.de\/ostsee2\/wp-content\/uploads\/sites\/27\/2025\/08\/Marienburg_2004_Panorama-2048x307.jpg 2048w, https:\/\/bf-on-tour.de\/ostsee2\/wp-content\/uploads\/sites\/27\/2025\/08\/Marienburg_2004_Panorama-1200x180.jpg 1200w\" sizes=\"auto, (max-width: 709px) 85vw, (max-width: 909px) 67vw, (max-width: 1362px) 62vw, 840px\" \/><\/p>\n<p>Und dieser Bau ist wirklich m\u00e4chtig. Erbaut im 13. und 14. Jahrhundert ist es eine Stadt f\u00fcr sich. Zahlreiche Geb\u00e4ude, verbunden durch G\u00e4nge, Wege, H\u00f6fe, gesichert mit Toren,\u00a0 Fallgittern, Zugbr\u00fccken und Pechnasen, beherbergen weite Hallen, Schlaf-\u00a0 Ess- und Versammlungss\u00e4le, in denen die Ritter des Deutschen Ordens &#8211; die Herren mit den wei\u00dfen Kutten und dem schwarzen Kreuz im Schild &#8211; lebten und politisch, geistig, wie auch geistlich wirkten.<\/p>\n<figure id=\"attachment_141\" aria-describedby=\"caption-attachment-141\" style=\"width: 840px\" class=\"wp-caption alignleft\"><img loading=\"lazy\" decoding=\"async\" class=\"wp-image-141 size-large\" src=\"https:\/\/bf-on-tour.de\/ostsee2\/wp-content\/uploads\/sites\/27\/2025\/08\/Polen-03-1024x576.jpg\" alt=\"\" width=\"840\" height=\"473\" srcset=\"https:\/\/bf-on-tour.de\/ostsee2\/wp-content\/uploads\/sites\/27\/2025\/08\/Polen-03-1024x576.jpg 1024w, https:\/\/bf-on-tour.de\/ostsee2\/wp-content\/uploads\/sites\/27\/2025\/08\/Polen-03-300x169.jpg 300w, https:\/\/bf-on-tour.de\/ostsee2\/wp-content\/uploads\/sites\/27\/2025\/08\/Polen-03-768x432.jpg 768w, https:\/\/bf-on-tour.de\/ostsee2\/wp-content\/uploads\/sites\/27\/2025\/08\/Polen-03-1536x864.jpg 1536w, https:\/\/bf-on-tour.de\/ostsee2\/wp-content\/uploads\/sites\/27\/2025\/08\/Polen-03-2048x1152.jpg 2048w, https:\/\/bf-on-tour.de\/ostsee2\/wp-content\/uploads\/sites\/27\/2025\/08\/Polen-03-1200x675.jpg 1200w\" sizes=\"auto, (max-width: 709px) 85vw, (max-width: 909px) 67vw, (max-width: 1362px) 62vw, 840px\" \/><figcaption id=\"caption-attachment-141\" class=\"wp-caption-text\">Einer von vielen S\u00e4\u00e4len&#8230;<\/figcaption><\/figure>\n<p>Leider wirkt unser Burgf\u00fchrer zwar kenntnisreich, aber doch eher desinteressiert und erinnert damit stark an die griechische Plapperpedia, die uns damals auf Kreta ohne Luft zu holen in 30 Minuten die komplette Geschichte der Insel pr\u00e4sentierte. Er spult in zwei Stunden ein atemberaubendes Programm in Form eines &#8222;Rundgangs&#8220; durch die gesamte Burg ab (&#8222;folgen Sie mir, Vorsicht Stufen, Kopf einziehen&#8230;&#8220;) und ich bin nach der zehnten Schilderung einer Saalbestimmung, der zwanzigsten \u00dcbersetzung lateinischer Inschriften und dem x-ten Bericht \u00fcber das Tun und Lassen eines Ordenshochmeisters nur noch bem\u00fcht, keine der finsteren Treppen runter zu fallen oder \u00fcber mittelalterliches Kopfsteinpflaster zu stolpern.<\/p>\n<figure id=\"attachment_144\" aria-describedby=\"caption-attachment-144\" style=\"width: 840px\" class=\"wp-caption alignleft\"><img loading=\"lazy\" decoding=\"async\" class=\"wp-image-144 size-large\" src=\"https:\/\/bf-on-tour.de\/ostsee2\/wp-content\/uploads\/sites\/27\/2025\/08\/Polen-01-1024x782.jpg\" alt=\"\" width=\"840\" height=\"641\" srcset=\"https:\/\/bf-on-tour.de\/ostsee2\/wp-content\/uploads\/sites\/27\/2025\/08\/Polen-01-1024x782.jpg 1024w, https:\/\/bf-on-tour.de\/ostsee2\/wp-content\/uploads\/sites\/27\/2025\/08\/Polen-01-300x229.jpg 300w, https:\/\/bf-on-tour.de\/ostsee2\/wp-content\/uploads\/sites\/27\/2025\/08\/Polen-01-768x587.jpg 768w, https:\/\/bf-on-tour.de\/ostsee2\/wp-content\/uploads\/sites\/27\/2025\/08\/Polen-01-1536x1173.jpg 1536w, https:\/\/bf-on-tour.de\/ostsee2\/wp-content\/uploads\/sites\/27\/2025\/08\/Polen-01-2048x1565.jpg 2048w, https:\/\/bf-on-tour.de\/ostsee2\/wp-content\/uploads\/sites\/27\/2025\/08\/Polen-01-1200x917.jpg 1200w\" sizes=\"auto, (max-width: 709px) 85vw, (max-width: 909px) 67vw, (max-width: 1362px) 62vw, 840px\" \/><figcaption id=\"caption-attachment-144\" class=\"wp-caption-text\">Vier Hochmeister (die jeweiligen Chefs des Ordens)<\/figcaption><\/figure>\n<p>Dass die Burg eigentlich aus\u00a0 drei Teilen besteht, der Vorburg, dem Mittel- und dem Hochschloss, erfahren wir &#8211; wenn \u00fcberhaupt &#8211; lediglich beil\u00e4ufig. Auch, wof\u00fcr diese Burgteile gedacht und genutzt wurden, bleibt im Schwall seiner Erkl\u00e4rungen reine Nebensache. Lediglich die Namen der verschiedenen Hochmeister und deren Lebensdaten kommen immer wieder zur Sprache (z.B. derer vom Foto: Hermann von Salza, Siegfried von Feuchtwangen, Winrich von Kniprode und Albrecht von Brandenburg &#8211; von links nach rechts). Aber was sie in der Burg gemacht haben und vor allem warum, geht zwischen architektonischen Hinweisen und dem ewigen &#8222;kommen Sie, hier entlang&#8220; einfach unter. Au\u00dferdem ist es derart voll von Menschen, dass man kaum in der Lage ist, die R\u00e4ume in ihrer Gesamtheit richtig zu erfassen. Mein Trost: Es geht mir nicht alleine so und drau\u00dfen regnet es. Also: weiter.<\/p>\n<figure id=\"attachment_142\" aria-describedby=\"caption-attachment-142\" style=\"width: 840px\" class=\"wp-caption alignleft\"><img loading=\"lazy\" decoding=\"async\" class=\"wp-image-142 size-large\" src=\"https:\/\/bf-on-tour.de\/ostsee2\/wp-content\/uploads\/sites\/27\/2025\/08\/Polen-04-1024x578.jpg\" alt=\"\" width=\"840\" height=\"474\" srcset=\"https:\/\/bf-on-tour.de\/ostsee2\/wp-content\/uploads\/sites\/27\/2025\/08\/Polen-04-1024x578.jpg 1024w, https:\/\/bf-on-tour.de\/ostsee2\/wp-content\/uploads\/sites\/27\/2025\/08\/Polen-04-300x169.jpg 300w, https:\/\/bf-on-tour.de\/ostsee2\/wp-content\/uploads\/sites\/27\/2025\/08\/Polen-04-768x433.jpg 768w, https:\/\/bf-on-tour.de\/ostsee2\/wp-content\/uploads\/sites\/27\/2025\/08\/Polen-04-1536x866.jpg 1536w, https:\/\/bf-on-tour.de\/ostsee2\/wp-content\/uploads\/sites\/27\/2025\/08\/Polen-04-2048x1155.jpg 2048w, https:\/\/bf-on-tour.de\/ostsee2\/wp-content\/uploads\/sites\/27\/2025\/08\/Polen-04-1200x677.jpg 1200w\" sizes=\"auto, (max-width: 709px) 85vw, (max-width: 909px) 67vw, (max-width: 1362px) 62vw, 840px\" \/><figcaption id=\"caption-attachment-142\" class=\"wp-caption-text\">einer der Burg-Innen- und verbindungsh\u00f6fe<\/figcaption><\/figure>\n<p>Die Lekt\u00fcre von Wikipedia w\u00e4re nachhaltiger und informativer gewesen. vor allem wird dort darauf hingewiesen, dass es einen elektronischen Burgf\u00fchrer (Audioguide) gibt, der in einer kurzen und einer langen Version erh\u00e4ltlich ist. Damit h\u00e4tte man an der einen oder anderen Stelle sicher ein Wenig verweilen k\u00f6nnen, um sich in die Situation, die Architektur oder vielleicht sogar in die Historie eindenken zu k\u00f6nnen. Denn ich meine, genau das w\u00e4re an diesem Ort n\u00f6tig gewesen.<\/p>\n<p>Am Abend wird es gef\u00e4lliger. Der Kapit\u00e4n stellt sich und seine Offiziere vor. Den wichtigsten nat\u00fcrlich zuerst: Den Chefkoch! Er kommt aus Bali, ist der kleinste, hat aber die gr\u00f6\u00dfte M\u00fctze auf (ha, ha).\u00a0 Der Posten des Sicherheitsoffiziers ist mit einer Frau besetzt. Sie kommt aus Leer&#8230; Aber da in den Geschichten \u00fcber Ostfriesen eigentlich immer die M\u00e4nner T\u00f6ffel oder Trottel sind, habe ich ein gutes Gef\u00fchl, was die Sicherheit an Bord angeht!<\/p>\n<p>Gute Nacht!<br \/>\n<a href=\"https:\/\/bf-on-tour.de\/ostsee2\/kiel\"><img loading=\"lazy\" decoding=\"async\" class=\"alignleft wp-image-362\" src=\"https:\/\/bf-on-tour.de\/ostsee2\/wp-content\/uploads\/sites\/27\/2026\/03\/zurueck.png\" alt=\"\" width=\"50\" height=\"37\" \/><\/a><\/p>\n<p><a href=\"https:\/\/bf-on-tour.de\/ostsee2\/litauen\"><img loading=\"lazy\" decoding=\"async\" class=\"alignright wp-image-361\" src=\"https:\/\/bf-on-tour.de\/ostsee2\/wp-content\/uploads\/sites\/27\/2026\/03\/weiter.png\" alt=\"\" width=\"50\" height=\"37\" \/><\/a><\/p>\n","protected":false},"excerpt":{"rendered":"<p>Sonntagmorgen. Um sieben Uhr sollten wir in Gdynia sein. Um 6:45 Uhr war das Schiff bereits von den Beh\u00f6rden frei gegeben worden. Waren neun Knoten doch zu schnell? Absicht war es wohl nicht, denn wir liegen im Kohlehafen und direkt neben uns schaufelt ein Bagger staubigen\u00a0 Kohlegru\u00df von einer Halde auf eine andere. Extraschicht f\u00fcr &hellip; <a href=\"https:\/\/bf-on-tour.de\/ostsee2\/polen\/\" class=\"more-link\"><span class=\"screen-reader-text\">\u201ePolen &#8211; Die Marienburg\u201c <\/span>weiterlesen<\/a><\/p>\n","protected":false},"author":1,"featured_media":0,"parent":0,"menu_order":1,"comment_status":"closed","ping_status":"closed","template":"","meta":{"footnotes":""},"class_list":["post-125","page","type-page","status-publish","hentry"],"_links":{"self":[{"href":"https:\/\/bf-on-tour.de\/ostsee2\/wp-json\/wp\/v2\/pages\/125","targetHints":{"allow":["GET"]}}],"collection":[{"href":"https:\/\/bf-on-tour.de\/ostsee2\/wp-json\/wp\/v2\/pages"}],"about":[{"href":"https:\/\/bf-on-tour.de\/ostsee2\/wp-json\/wp\/v2\/types\/page"}],"author":[{"embeddable":true,"href":"https:\/\/bf-on-tour.de\/ostsee2\/wp-json\/wp\/v2\/users\/1"}],"replies":[{"embeddable":true,"href":"https:\/\/bf-on-tour.de\/ostsee2\/wp-json\/wp\/v2\/comments?post=125"}],"version-history":[{"count":12,"href":"https:\/\/bf-on-tour.de\/ostsee2\/wp-json\/wp\/v2\/pages\/125\/revisions"}],"predecessor-version":[{"id":391,"href":"https:\/\/bf-on-tour.de\/ostsee2\/wp-json\/wp\/v2\/pages\/125\/revisions\/391"}],"wp:attachment":[{"href":"https:\/\/bf-on-tour.de\/ostsee2\/wp-json\/wp\/v2\/media?parent=125"}],"curies":[{"name":"wp","href":"https:\/\/api.w.org\/{rel}","templated":true}]}}