{"id":120,"date":"2026-03-05T17:21:05","date_gmt":"2026-03-05T16:21:05","guid":{"rendered":"https:\/\/bf-on-tour.de\/bretagne\/?page_id=120"},"modified":"2026-03-05T19:05:21","modified_gmt":"2026-03-05T18:05:21","slug":"kiel","status":"publish","type":"page","link":"https:\/\/bf-on-tour.de\/ostsee2\/","title":{"rendered":"Reisestart in Kiel"},"content":{"rendered":"<p>Vor ziemlich genau 10 Jahren waren wir zum ersten Mal auf einer Kreuzfahrt in der Ostsee &#8211; damals mit der &#8222;Costa Pacifica&#8220;. Und wir besuchten die H\u00e4fen von Kiel aus im Uhrzeigersinn. Diesmal fahren wir andersrum. Auch war 2015 noch St. Petersburg im Programm, was heute, 2025, wegen der aktuellen Weltlage nicht mehr m\u00f6glich ist.<\/p>\n<p>Auf unserer ersten Reise hatten wir eine Heckkabine gebucht und dadurch nicht nur einen herrlichen Rundblick auf alles, was hinter dem Schiff lag oder passierte, sondern auch keinen Fahrtwind. Jetzt wohnen wir in einer Kabine auf Deck 11 an Steuerbord der &#8222;Mein Schiff 1&#8220; einem relativ neuen Schiff aus der TUI-Mein-Schiff-Flotte. Windgesch\u00fctzt liegt sie auch, weil hinter der charakteristischen &#8222;Ausbeulung&#8220; einiger Kabinen\u00a0 wegen der Fahrst\u00fchle im Schiff, aber mit Seitenblick.<\/p>\n<figure id=\"attachment_129\" aria-describedby=\"caption-attachment-129\" style=\"width: 840px\" class=\"wp-caption alignleft\"><img loading=\"lazy\" decoding=\"async\" class=\"size-large wp-image-129\" src=\"https:\/\/bf-on-tour.de\/ostsee2\/wp-content\/uploads\/sites\/27\/2025\/08\/Kiel-01-1024x556.jpg\" alt=\"\" width=\"840\" height=\"456\" srcset=\"https:\/\/bf-on-tour.de\/ostsee2\/wp-content\/uploads\/sites\/27\/2025\/08\/Kiel-01-1024x556.jpg 1024w, https:\/\/bf-on-tour.de\/ostsee2\/wp-content\/uploads\/sites\/27\/2025\/08\/Kiel-01-300x163.jpg 300w, https:\/\/bf-on-tour.de\/ostsee2\/wp-content\/uploads\/sites\/27\/2025\/08\/Kiel-01-768x417.jpg 768w, https:\/\/bf-on-tour.de\/ostsee2\/wp-content\/uploads\/sites\/27\/2025\/08\/Kiel-01-1536x834.jpg 1536w, https:\/\/bf-on-tour.de\/ostsee2\/wp-content\/uploads\/sites\/27\/2025\/08\/Kiel-01-2048x1112.jpg 2048w, https:\/\/bf-on-tour.de\/ostsee2\/wp-content\/uploads\/sites\/27\/2025\/08\/Kiel-01-1200x652.jpg 1200w\" sizes=\"auto, (max-width: 709px) 85vw, (max-width: 909px) 67vw, (max-width: 1362px) 62vw, 840px\" \/><figcaption id=\"caption-attachment-129\" class=\"wp-caption-text\">Reisebeginn in Kiel &#8211; nat\u00fcrlich mit Aperol Spritz&#8230;<\/figcaption><\/figure>\n<p>Na ja, geht auch. Und ganz ehrlich: Wir sind schon froh, diese Reise \u00fcberhaupt machen zu k\u00f6nnen, da unser Umzug von Sachsen nach Bayern und die damit verbundenen Kosten uns lange haben z\u00f6gern und erst sp\u00e4t buchen lassen. Da war halt vieles schon weg&#8230;<\/p>\n<p>Aber egal, hier sind wir, haben unsere Koffer auf der Kabine, sitzen vor zwei Aperol Spritz und schauen vom Heck des Schiffes auf Kiel. Die Leinen werden losgeworfen, gleich geht&#8217;s los.<\/p>\n<figure id=\"attachment_131\" aria-describedby=\"caption-attachment-131\" style=\"width: 657px\" class=\"wp-caption aligncenter\"><img loading=\"lazy\" decoding=\"async\" class=\" wp-image-131\" src=\"https:\/\/bf-on-tour.de\/ostsee2\/wp-content\/uploads\/sites\/27\/2025\/08\/Kiel-02-1011x1024.jpg\" alt=\"\" width=\"657\" height=\"666\" srcset=\"https:\/\/bf-on-tour.de\/ostsee2\/wp-content\/uploads\/sites\/27\/2025\/08\/Kiel-02-1011x1024.jpg 1011w, https:\/\/bf-on-tour.de\/ostsee2\/wp-content\/uploads\/sites\/27\/2025\/08\/Kiel-02-296x300.jpg 296w, https:\/\/bf-on-tour.de\/ostsee2\/wp-content\/uploads\/sites\/27\/2025\/08\/Kiel-02-768x778.jpg 768w, https:\/\/bf-on-tour.de\/ostsee2\/wp-content\/uploads\/sites\/27\/2025\/08\/Kiel-02-1516x1536.jpg 1516w, https:\/\/bf-on-tour.de\/ostsee2\/wp-content\/uploads\/sites\/27\/2025\/08\/Kiel-02-2022x2048.jpg 2022w, https:\/\/bf-on-tour.de\/ostsee2\/wp-content\/uploads\/sites\/27\/2025\/08\/Kiel-02-1200x1216.jpg 1200w\" sizes=\"auto, (max-width: 657px) 85vw, 657px\" \/><figcaption id=\"caption-attachment-131\" class=\"wp-caption-text\">Die Mein Schiff 1 hat abgelegt.<\/figcaption><\/figure>\n<p>Dreimal lang, einmal kurz, das imposante Typhon der &#8222;Mein Schiff 1&#8220; dr\u00f6hnt mit tiefem Bass durch den Kieler Hafen: &#8222;Meine Fahrt geht nach Steuerbord.&#8220; Ein leichtes Beben, die Seitenstrahlruder schieben den Koloss seitw\u00e4rts vom Pier ins Fahrwasser. &#8222;Oooh, ooh, Gro\u00dfe Freiheit&#8230;&#8220;, TUIs Auslaufmelodie signalisiert das Ende des Ablegens.<\/p>\n<p>Unsere Reise beginnt.<\/p>\n<p>An Backbord gibt Kiel-Holtenau einen kurzen Blick in den leeren Nord-Ostsee-Kanal frei, dann der kleine gr\u00fcn-wei\u00dfe Leuchtturm Friedrichsort. An Steuerbord M\u00f6ltenort, mit dem Zollh\u00e4uschen, in dem wir fr\u00fcher vor dem Segelurlaub unsere zollfreien Waren deklarierten, schlie\u00dflich Laboe und das Marineehrenmal &#8211; in der Ferne Wentorf, einst Liegeplatz der SY Cosy. Am Kieler Leuchtturm geht der Lotse von Bord. Neuer Kurs: Gdynia &#8211; aber gaaanz langsam: Wir schleichen mit neun Knoten durch die Ostsee.<\/p>\n<figure id=\"attachment_134\" aria-describedby=\"caption-attachment-134\" style=\"width: 840px\" class=\"wp-caption alignleft\"><img loading=\"lazy\" decoding=\"async\" class=\"size-large wp-image-134\" src=\"https:\/\/bf-on-tour.de\/ostsee2\/wp-content\/uploads\/sites\/27\/2025\/08\/Kiel-03-1024x309.jpg\" alt=\"\" width=\"840\" height=\"253\" srcset=\"https:\/\/bf-on-tour.de\/ostsee2\/wp-content\/uploads\/sites\/27\/2025\/08\/Kiel-03-1024x309.jpg 1024w, https:\/\/bf-on-tour.de\/ostsee2\/wp-content\/uploads\/sites\/27\/2025\/08\/Kiel-03-300x90.jpg 300w, https:\/\/bf-on-tour.de\/ostsee2\/wp-content\/uploads\/sites\/27\/2025\/08\/Kiel-03-768x231.jpg 768w, https:\/\/bf-on-tour.de\/ostsee2\/wp-content\/uploads\/sites\/27\/2025\/08\/Kiel-03-1536x463.jpg 1536w, https:\/\/bf-on-tour.de\/ostsee2\/wp-content\/uploads\/sites\/27\/2025\/08\/Kiel-03-2048x617.jpg 2048w, https:\/\/bf-on-tour.de\/ostsee2\/wp-content\/uploads\/sites\/27\/2025\/08\/Kiel-03-1200x362.jpg 1200w\" sizes=\"auto, (max-width: 709px) 85vw, (max-width: 909px) 67vw, (max-width: 1362px) 62vw, 840px\" \/><figcaption id=\"caption-attachment-134\" class=\"wp-caption-text\">Ein letzter Blick auf den Kieler Hafen<\/figcaption><\/figure>\n<table>\n<tr>\n<td>\n<figure id=\"attachment_135\" aria-describedby=\"caption-attachment-135\" style=\"width: 478px\" class=\"wp-caption alignleft\"><img loading=\"lazy\" decoding=\"async\" class=\"wp-image-135 \" src=\"https:\/\/bf-on-tour.de\/ostsee2\/wp-content\/uploads\/sites\/27\/2025\/08\/Kiel-04-300x135.jpg\" alt=\"\" width=\"478\" height=\"215\" srcset=\"https:\/\/bf-on-tour.de\/ostsee2\/wp-content\/uploads\/sites\/27\/2025\/08\/Kiel-04-300x135.jpg 300w, https:\/\/bf-on-tour.de\/ostsee2\/wp-content\/uploads\/sites\/27\/2025\/08\/Kiel-04-1024x461.jpg 1024w, https:\/\/bf-on-tour.de\/ostsee2\/wp-content\/uploads\/sites\/27\/2025\/08\/Kiel-04-768x346.jpg 768w, https:\/\/bf-on-tour.de\/ostsee2\/wp-content\/uploads\/sites\/27\/2025\/08\/Kiel-04-1536x692.jpg 1536w, https:\/\/bf-on-tour.de\/ostsee2\/wp-content\/uploads\/sites\/27\/2025\/08\/Kiel-04-2048x922.jpg 2048w, https:\/\/bf-on-tour.de\/ostsee2\/wp-content\/uploads\/sites\/27\/2025\/08\/Kiel-04-1200x540.jpg 1200w\" sizes=\"auto, (max-width: 478px) 85vw, 478px\" \/><figcaption id=\"caption-attachment-135\" class=\"wp-caption-text\"><strong>Ansicht der Br\u00fccke &#8211; das Schiff von vorn<\/strong><\/figcaption><\/figure>\n<\/td>\n<td>\n<figure id=\"attachment_137\" aria-describedby=\"caption-attachment-137\" style=\"width: 245px\" class=\"wp-caption alignright\"><img loading=\"lazy\" decoding=\"async\" class=\"wp-image-137 \" src=\"https:\/\/bf-on-tour.de\/ostsee2\/wp-content\/uploads\/sites\/27\/2025\/08\/See-02-300x264.jpg\" alt=\"\" width=\"245\" height=\"215\" srcset=\"https:\/\/bf-on-tour.de\/ostsee2\/wp-content\/uploads\/sites\/27\/2025\/08\/See-02-300x264.jpg 300w, https:\/\/bf-on-tour.de\/ostsee2\/wp-content\/uploads\/sites\/27\/2025\/08\/See-02-1024x901.jpg 1024w, https:\/\/bf-on-tour.de\/ostsee2\/wp-content\/uploads\/sites\/27\/2025\/08\/See-02-768x676.jpg 768w, https:\/\/bf-on-tour.de\/ostsee2\/wp-content\/uploads\/sites\/27\/2025\/08\/See-02-1536x1351.jpg 1536w, https:\/\/bf-on-tour.de\/ostsee2\/wp-content\/uploads\/sites\/27\/2025\/08\/See-02-2048x1802.jpg 2048w, https:\/\/bf-on-tour.de\/ostsee2\/wp-content\/uploads\/sites\/27\/2025\/08\/See-02-1200x1056.jpg 1200w\" sizes=\"auto, (max-width: 245px) 85vw, 245px\" \/><figcaption id=\"caption-attachment-137\" class=\"wp-caption-text\">Er bittet uns zur Nachtruhe<\/figcaption><\/figure>\n<\/td>\n<\/tr>\n<\/table>\n<p><strong>Sonnabend, See- und Geburtstag<\/strong><\/p>\n<p>Beim Aufstehen leuchten die Kreidefelsen von R\u00fcgen querab an Steuerbord in der Sonne. Weit sind wir ja noch nicht gekommen. Immer noch neun Knoten.<\/p>\n<p>An Seetagen soll man sich im Schiff orientieren, Restaurants, Bars, und nat\u00fcrlich vor allem die L\u00e4den erkunden &#8211; was wir rasch abgehakt haben (Uhren ab 4.000 Euronen aufw\u00e4rts wollten wir ohnehin nicht kaufen). Nur, um unsere Kabine wiederzufinden, laufen wir Meilen durch nicht enden wollende G\u00e4nge, fahren mit diversen Aufz\u00fcgen zwischen Deck 2 und 16 hin und her (Deck 13 gibt&#8217;s nicht &#8211; Aberglaube bringt Ungl\u00fcck) und kommen erstaunlich oft an der &#8222;Grillstation&#8220; vorbei, vier Reihen von Sonnenliegen, die sogar bei diesem k\u00fchlen Wetter gut mit Badhosen- und Bikinitr\u00e4gern belegt sind.<\/p>\n<p>Abends dann das Highlight des Tages: Ein 4-G\u00e4ngemen\u00fc mit sous vide gegartem Rindersteak von imposanten 600 bis 700 Gramm Frischgewicht als Hauptgang f\u00fcr uns zwei &#8211; begleitet von feinem Wein und einem malerischen Sonnenuntergang &#8211; im Heck des Schiffes. Herz, was willst Du mehr&#8230;<\/p>\n<figure id=\"attachment_136\" aria-describedby=\"caption-attachment-136\" style=\"width: 840px\" class=\"wp-caption aligncenter\"><img loading=\"lazy\" decoding=\"async\" class=\"size-large wp-image-136\" src=\"https:\/\/bf-on-tour.de\/ostsee2\/wp-content\/uploads\/sites\/27\/2025\/08\/See-01-1024x576.jpg\" alt=\"\" width=\"840\" height=\"473\" srcset=\"https:\/\/bf-on-tour.de\/ostsee2\/wp-content\/uploads\/sites\/27\/2025\/08\/See-01-1024x576.jpg 1024w, https:\/\/bf-on-tour.de\/ostsee2\/wp-content\/uploads\/sites\/27\/2025\/08\/See-01-300x169.jpg 300w, https:\/\/bf-on-tour.de\/ostsee2\/wp-content\/uploads\/sites\/27\/2025\/08\/See-01-768x432.jpg 768w, https:\/\/bf-on-tour.de\/ostsee2\/wp-content\/uploads\/sites\/27\/2025\/08\/See-01-1536x864.jpg 1536w, https:\/\/bf-on-tour.de\/ostsee2\/wp-content\/uploads\/sites\/27\/2025\/08\/See-01-2048x1152.jpg 2048w, https:\/\/bf-on-tour.de\/ostsee2\/wp-content\/uploads\/sites\/27\/2025\/08\/See-01-1200x675.jpg 1200w\" sizes=\"auto, (max-width: 709px) 85vw, (max-width: 909px) 67vw, (max-width: 1362px) 62vw, 840px\" \/><figcaption id=\"caption-attachment-136\" class=\"wp-caption-text\">Gepflegtes Abendessen mit phantastischem Sonnenuntergang<\/figcaption><\/figure>\n<p><a href=\"https:\/\/bf-on-tour.de\/ostsee2\/polen\"><img loading=\"lazy\" decoding=\"async\" class=\"alignright wp-image-361\" src=\"https:\/\/bf-on-tour.de\/ostsee2\/wp-content\/uploads\/sites\/27\/2026\/03\/weiter.png\" alt=\"\" width=\"50\" height=\"37\" \/><\/a><\/p>\n","protected":false},"excerpt":{"rendered":"<p>Vor ziemlich genau 10 Jahren waren wir zum ersten Mal auf einer Kreuzfahrt in der Ostsee &#8211; damals mit der &#8222;Costa Pacifica&#8220;. Und wir besuchten die H\u00e4fen von Kiel aus im Uhrzeigersinn. Diesmal fahren wir andersrum. Auch war 2015 noch St. Petersburg im Programm, was heute, 2025, wegen der aktuellen Weltlage nicht mehr m\u00f6glich ist. &hellip; <a href=\"https:\/\/bf-on-tour.de\/ostsee2\/\" class=\"more-link\"><span class=\"screen-reader-text\">\u201eReisestart in Kiel\u201c <\/span>weiterlesen<\/a><\/p>\n","protected":false},"author":1,"featured_media":0,"parent":0,"menu_order":0,"comment_status":"closed","ping_status":"closed","template":"","meta":{"footnotes":""},"class_list":["post-120","page","type-page","status-publish","hentry"],"_links":{"self":[{"href":"https:\/\/bf-on-tour.de\/ostsee2\/wp-json\/wp\/v2\/pages\/120","targetHints":{"allow":["GET"]}}],"collection":[{"href":"https:\/\/bf-on-tour.de\/ostsee2\/wp-json\/wp\/v2\/pages"}],"about":[{"href":"https:\/\/bf-on-tour.de\/ostsee2\/wp-json\/wp\/v2\/types\/page"}],"author":[{"embeddable":true,"href":"https:\/\/bf-on-tour.de\/ostsee2\/wp-json\/wp\/v2\/users\/1"}],"replies":[{"embeddable":true,"href":"https:\/\/bf-on-tour.de\/ostsee2\/wp-json\/wp\/v2\/comments?post=120"}],"version-history":[{"count":20,"href":"https:\/\/bf-on-tour.de\/ostsee2\/wp-json\/wp\/v2\/pages\/120\/revisions"}],"predecessor-version":[{"id":428,"href":"https:\/\/bf-on-tour.de\/ostsee2\/wp-json\/wp\/v2\/pages\/120\/revisions\/428"}],"wp:attachment":[{"href":"https:\/\/bf-on-tour.de\/ostsee2\/wp-json\/wp\/v2\/media?parent=120"}],"curies":[{"name":"wp","href":"https:\/\/api.w.org\/{rel}","templated":true}]}}