{"id":51,"date":"2018-10-09T14:15:29","date_gmt":"2018-10-09T12:15:29","guid":{"rendered":"http:\/\/blog.family-riders.de\/m-18\/?page_id=51"},"modified":"2020-04-02T15:42:57","modified_gmt":"2020-04-02T13:42:57","slug":"p-03","status":"publish","type":"page","link":"https:\/\/bf-on-tour.de\/m-18\/p-03\/","title":{"rendered":"Kaunas: Kulturhauptstadt Europas 2022"},"content":{"rendered":"<p>Durch das WirrWarr mit der Baustelle ist es doch sp\u00e4ter geworden, als geplant &#8211; und damit auch hei\u00dfer: 11:00 Uhr, 31,5 \u00b0C. Um nach Kaunas zu kommen, wollen wir entlang der Memel (die hier Nemunas hei\u00dft), entlang der Grenze zur russischen Enklave Kaliningrad fahren.<\/p>\n<p>Der Weg dorthin ist ern\u00fcchternd. Flaches Land breitet sich vor uns aus, in dem sich weite Felder mit gelbbraun-trockenem Korn mit anderen weiten Feldern mit anderem trocken-gelbem Korn abwechseln, gefolgt von endlosen Weiden, deren Bewuchs gerade noch ausreicht, um die paar wenigen K\u00fche zu s\u00e4ttigen, die vereinzelt am Zaun stehen. Und dazwischen wir, auf leeren, endlos langen, schnurgeraden, schattenlosen Stra\u00dfen. Wer zu Depressionen neigt, kann sich hier richtig ausleben.<\/p>\n<figure id=\"attachment_61\" aria-describedby=\"caption-attachment-61\" style=\"width: 840px\" class=\"wp-caption aligncenter\"><a href=\"https:\/\/bf-on-tour.de\/m-18\/wp-content\/uploads\/sites\/19\/2018\/10\/p03-01.jpg\" rel=\"lightbox[51]\"><img loading=\"lazy\" decoding=\"async\" class=\"size-large wp-image-61\" src=\"https:\/\/bf-on-tour.de\/m-18\/wp-content\/uploads\/sites\/19\/2018\/10\/p03-01-1024x477.jpg\" alt=\"\" width=\"840\" height=\"391\" srcset=\"https:\/\/bf-on-tour.de\/m-18\/wp-content\/uploads\/sites\/19\/2018\/10\/p03-01-1024x477.jpg 1024w, https:\/\/bf-on-tour.de\/m-18\/wp-content\/uploads\/sites\/19\/2018\/10\/p03-01-300x140.jpg 300w, https:\/\/bf-on-tour.de\/m-18\/wp-content\/uploads\/sites\/19\/2018\/10\/p03-01-768x358.jpg 768w, https:\/\/bf-on-tour.de\/m-18\/wp-content\/uploads\/sites\/19\/2018\/10\/p03-01.jpg 1200w\" sizes=\"auto, (max-width: 709px) 85vw, (max-width: 909px) 67vw, (max-width: 1362px) 62vw, 840px\" \/><\/a><figcaption id=\"caption-attachment-61\" class=\"wp-caption-text\">Endlos geradeaus&#8230;<\/figcaption><\/figure>\n<p>Au\u00dferdem erhalten wir unsere zweite Lektion in litauischer Verkehrspraxis. Ist eine Geschwindigkeitsbegrenzung angezeigt, fahren alle exakt dieses Tempo. In Ortschaften kommt man sich mit 55 km\/h vor wie ein Verkehrsr\u00fcpel. Die maximalen 90 km\/h auf freier Strecke werden allerdings eher als politisch sinnfreier Wert angesehen. Hier legen die Litauer gern und verl\u00e4sslich noch eine Schippe drauf &#8211; oft auch zwei.<\/p>\n<p>Das Vorankommen ist m\u00fchsam. Es gibt erstaunlich viele Ortschaften vom Typus 20 H\u00e4user verteilt auf 5 km Stra\u00dfe, die selbstverst\u00e4ndlich auf 50 km\/h begrenzt, mit als Bumper gestalteten Fu\u00dfg\u00e4nger\u00fcberwegen ausgestattet und mit reichlich station\u00e4ren Blitzern garniert sind. Dazwischen freie Fahrt bis zur n\u00e4chsten Kreuzung, die wiederum auf 70 km\/h reduziert und nat\u00fcrlich auch mit Kameras \u00fcberwacht ist.<\/p>\n<p>So schleppen wir uns bis Jurbarkas und sehen von der Memel eigentlich nichts, denn zwischen dem Fluss und der Stra\u00dfe ist entweder etwas Wald oder eben weites flaches Land, in dem der Fluss ganz offensichtlich optisch einfach verschwindet. Nach dem Ort \u00e4ndert sich das, denn die Stra\u00dfe 141 f\u00fchrt jetzt immer direkt am Fluss entlang, der breit und beh\u00e4big daher flie\u00dft.<\/p>\n<p>Wir machen eine Pause unten am Fluss. Schlie\u00dflich sollte man bei der Hitze ab und an etwas trinken. Allerdings sollte man auch die goldene Regel des Zweiradfahrens beachten, nach der zuerst (!) der Seitenst\u00e4nder ausgeklappt wird, bevor man abzusteigen gedenkt. Meine bessere H\u00e4lfte hat es andersherum versucht und ist gerade dabei, unter der Babytiger wieder hervor zu kriechen. Ein freundlicher Autofahrer hilft beim Wiederaufstellen der Maschine und ich darf nach dem Klebeband suchen, um den linken Blinker einigerma\u00dfen herzurichten. Den Kupplungshebel hat es diesmal nicht erwischt. Wir sind also deutlich besser als im Schwarzwald und in Norwegen!<\/p>\n<figure id=\"attachment_62\" aria-describedby=\"caption-attachment-62\" style=\"width: 840px\" class=\"wp-caption aligncenter\"><a href=\"https:\/\/bf-on-tour.de\/m-18\/wp-content\/uploads\/sites\/19\/2018\/10\/p03-02.jpg\" rel=\"lightbox[51]\"><img loading=\"lazy\" decoding=\"async\" class=\"size-large wp-image-62\" src=\"https:\/\/bf-on-tour.de\/m-18\/wp-content\/uploads\/sites\/19\/2018\/10\/p03-02-1024x576.jpg\" alt=\"\" width=\"840\" height=\"473\" srcset=\"https:\/\/bf-on-tour.de\/m-18\/wp-content\/uploads\/sites\/19\/2018\/10\/p03-02-1024x576.jpg 1024w, https:\/\/bf-on-tour.de\/m-18\/wp-content\/uploads\/sites\/19\/2018\/10\/p03-02-300x169.jpg 300w, https:\/\/bf-on-tour.de\/m-18\/wp-content\/uploads\/sites\/19\/2018\/10\/p03-02-768x432.jpg 768w, https:\/\/bf-on-tour.de\/m-18\/wp-content\/uploads\/sites\/19\/2018\/10\/p03-02.jpg 1200w\" sizes=\"auto, (max-width: 709px) 85vw, (max-width: 909px) 67vw, (max-width: 1362px) 62vw, 840px\" \/><\/a><figcaption id=\"caption-attachment-62\" class=\"wp-caption-text\">Pause an der Memel<\/figcaption><\/figure>\n<p>In Vilkija verl\u00e4sst die 141 den Flusslauf und wir wollen mit der F\u00e4hre \u00fcbersetzen, um die letzten Kilometer bis Kaunas immer noch ganz nah am Fluss weiter fahren zu k\u00f6nnen. Allerdings braut sich auf der anderen Seite eine Gewitterfront zusammen. Da bleiben wir doch lieber hier und hoffen, dass die Memel wie ein kleine Wetterscheide wirkt.<\/p>\n<p>Die Hoffnung h\u00e4lt genau bis zum Parkplatz vom Hotel in Kaunas. Ich habe gerade die zweite Maschine geparkt und abgeschlossen, da \u00f6ffnen sich die Schleusen des Himmels und ein sintflutartiger Gewitterguss entl\u00e4d sich. Gl\u00fcck gehabt!<\/p>\n<figure id=\"attachment_63\" aria-describedby=\"caption-attachment-63\" style=\"width: 840px\" class=\"wp-caption aligncenter\"><a href=\"https:\/\/bf-on-tour.de\/m-18\/wp-content\/uploads\/sites\/19\/2018\/10\/p03-03.jpg\" rel=\"lightbox[51]\"><img loading=\"lazy\" decoding=\"async\" class=\"size-large wp-image-63\" src=\"https:\/\/bf-on-tour.de\/m-18\/wp-content\/uploads\/sites\/19\/2018\/10\/p03-03-1024x1024.jpg\" alt=\"\" width=\"840\" height=\"840\" srcset=\"https:\/\/bf-on-tour.de\/m-18\/wp-content\/uploads\/sites\/19\/2018\/10\/p03-03-1024x1024.jpg 1024w, https:\/\/bf-on-tour.de\/m-18\/wp-content\/uploads\/sites\/19\/2018\/10\/p03-03-150x150.jpg 150w, https:\/\/bf-on-tour.de\/m-18\/wp-content\/uploads\/sites\/19\/2018\/10\/p03-03-300x300.jpg 300w, https:\/\/bf-on-tour.de\/m-18\/wp-content\/uploads\/sites\/19\/2018\/10\/p03-03-768x768.jpg 768w, https:\/\/bf-on-tour.de\/m-18\/wp-content\/uploads\/sites\/19\/2018\/10\/p03-03.jpg 1200w\" sizes=\"auto, (max-width: 709px) 85vw, (max-width: 909px) 67vw, (max-width: 1362px) 62vw, 840px\" \/><\/a><figcaption id=\"caption-attachment-63\" class=\"wp-caption-text\">Kirche des Hl. Erzengels Michael<\/figcaption><\/figure>\n<p>Kaunas ist Kulturhauptstadt Europas 2022 und zweitgr\u00f6\u00dfte Stadt Litauens. Also sollte sich ein Gang in die Stadt lohnen! Aber irgendwie sind wir Google aufgesessen, das uns das Zentrum als Altstadt verkauft hat. So wandern wir im guten Glauben, die Altstadt zu sehen, zun\u00e4chst lediglich durch eben dieses Stadtzentrum, kommen zur m\u00e4chtigen orthodoxen Kirche des Heiligen Erzengels Michael und flanieren durch die sich anschlie\u00dfende Einkaufsmeile. Auch nicht schlecht. Vor allem, weil auch hier wieder auff\u00e4llt, wie gut und modisch elegant die Einwohner gekleidet sind. Allerdings bleibt bis 2022 noch viel zu tun!<\/p>\n<figure id=\"attachment_64\" aria-describedby=\"caption-attachment-64\" style=\"width: 840px\" class=\"wp-caption aligncenter\"><a href=\"https:\/\/bf-on-tour.de\/m-18\/wp-content\/uploads\/sites\/19\/2018\/10\/p03-04.jpg\" rel=\"lightbox[51]\"><img loading=\"lazy\" decoding=\"async\" class=\"size-large wp-image-64\" src=\"https:\/\/bf-on-tour.de\/m-18\/wp-content\/uploads\/sites\/19\/2018\/10\/p03-04-990x1024.jpg\" alt=\"\" width=\"840\" height=\"869\" srcset=\"https:\/\/bf-on-tour.de\/m-18\/wp-content\/uploads\/sites\/19\/2018\/10\/p03-04-990x1024.jpg 990w, https:\/\/bf-on-tour.de\/m-18\/wp-content\/uploads\/sites\/19\/2018\/10\/p03-04-290x300.jpg 290w, https:\/\/bf-on-tour.de\/m-18\/wp-content\/uploads\/sites\/19\/2018\/10\/p03-04-768x794.jpg 768w, https:\/\/bf-on-tour.de\/m-18\/wp-content\/uploads\/sites\/19\/2018\/10\/p03-04.jpg 1200w\" sizes=\"auto, (max-width: 709px) 85vw, (max-width: 909px) 67vw, (max-width: 1362px) 62vw, 840px\" \/><\/a><figcaption id=\"caption-attachment-64\" class=\"wp-caption-text\">An vielen Stellen gibt&#8217;s viel zu tun<\/figcaption><\/figure>\n<p>Als wir in einem Lokal etwas essen, entl\u00e4dt sich erneut der Himmel wie aus K\u00fcbeln. Zum Gl\u00fcck sitzen wir unter einer Markise. Nur diesmal bleibt es regnerisch, weshalb wir &#8211; immer noch im Glauben, in der Altstadt zu sein &#8211; zur Memel abbiegen, um langsam zum Hotel zur\u00fcck zu gehen. Vielleicht gibt es am Fluss ja noch ein nettes Caf\u00e9 mit Ausblick?<\/p>\n<figure id=\"attachment_65\" aria-describedby=\"caption-attachment-65\" style=\"width: 840px\" class=\"wp-caption aligncenter\"><a href=\"https:\/\/bf-on-tour.de\/m-18\/wp-content\/uploads\/sites\/19\/2018\/10\/p03-05.jpg\" rel=\"lightbox[51]\"><img loading=\"lazy\" decoding=\"async\" class=\"size-large wp-image-65\" src=\"https:\/\/bf-on-tour.de\/m-18\/wp-content\/uploads\/sites\/19\/2018\/10\/p03-05-1024x354.jpg\" alt=\"\" width=\"840\" height=\"290\" srcset=\"https:\/\/bf-on-tour.de\/m-18\/wp-content\/uploads\/sites\/19\/2018\/10\/p03-05-1024x354.jpg 1024w, https:\/\/bf-on-tour.de\/m-18\/wp-content\/uploads\/sites\/19\/2018\/10\/p03-05-300x104.jpg 300w, https:\/\/bf-on-tour.de\/m-18\/wp-content\/uploads\/sites\/19\/2018\/10\/p03-05-768x266.jpg 768w, https:\/\/bf-on-tour.de\/m-18\/wp-content\/uploads\/sites\/19\/2018\/10\/p03-05.jpg 1200w\" sizes=\"auto, (max-width: 709px) 85vw, (max-width: 909px) 67vw, (max-width: 1362px) 62vw, 840px\" \/><\/a><figcaption id=\"caption-attachment-65\" class=\"wp-caption-text\">Sportzentrum<\/figcaption><\/figure>\n<p>Nein, gibt es nicht! Hier pr\u00e4sentiert sich die \u00c4ra des Nachsozialismus in Form von Gigantomanie. Ein riesiges, h\u00e4sslich-modernes Sportzentrum, von dem man meinen k\u00f6nnte, es sei im Westen wegen wiederholter Beschwerden \u00fcber dessen Scheu\u00dflichkeit abgebaut und g\u00fcnstig in den Osten verkauft worden, <em>ziert<\/em> die gro\u00dfe Flussinsel Nemankij, umgeben von Parkpl\u00e4tzen und betonierten Wegen.<\/p>\n<figure id=\"attachment_66\" aria-describedby=\"caption-attachment-66\" style=\"width: 840px\" class=\"wp-caption aligncenter\"><a href=\"https:\/\/bf-on-tour.de\/m-18\/wp-content\/uploads\/sites\/19\/2018\/10\/p03-06.jpg\" rel=\"lightbox[51]\"><img loading=\"lazy\" decoding=\"async\" class=\"size-large wp-image-66\" src=\"https:\/\/bf-on-tour.de\/m-18\/wp-content\/uploads\/sites\/19\/2018\/10\/p03-06-1024x404.jpg\" alt=\"\" width=\"840\" height=\"331\" srcset=\"https:\/\/bf-on-tour.de\/m-18\/wp-content\/uploads\/sites\/19\/2018\/10\/p03-06-1024x404.jpg 1024w, https:\/\/bf-on-tour.de\/m-18\/wp-content\/uploads\/sites\/19\/2018\/10\/p03-06-300x119.jpg 300w, https:\/\/bf-on-tour.de\/m-18\/wp-content\/uploads\/sites\/19\/2018\/10\/p03-06-768x303.jpg 768w, https:\/\/bf-on-tour.de\/m-18\/wp-content\/uploads\/sites\/19\/2018\/10\/p03-06.jpg 1200w\" sizes=\"auto, (max-width: 709px) 85vw, (max-width: 909px) 67vw, (max-width: 1362px) 62vw, 840px\" \/><\/a><figcaption id=\"caption-attachment-66\" class=\"wp-caption-text\">Parkhaus<\/figcaption><\/figure>\n<p>Gegen\u00fcber ein ebenso riesiges Einkaufszentrum mit einem noch imposanteren Parkhaus. Uns bleibt die Luft weg, wie man an so zentraler Stelle ein derart katastrophales Ensemble etablieren kann. Dagegen wirkt die 1988 gebaute, sehr sozialistisch anmutende Fu\u00dfg\u00e4ngerbr\u00fccke des K\u00f6nigs Mindaugas direkt sehenswert &#8211; obwohl auch sie Geschmacksache ist.<\/p>\n<figure id=\"attachment_67\" aria-describedby=\"caption-attachment-67\" style=\"width: 840px\" class=\"wp-caption aligncenter\"><a href=\"https:\/\/bf-on-tour.de\/m-18\/wp-content\/uploads\/sites\/19\/2018\/10\/p03-07.jpg\" rel=\"lightbox[51]\"><img loading=\"lazy\" decoding=\"async\" class=\"size-large wp-image-67\" src=\"https:\/\/bf-on-tour.de\/m-18\/wp-content\/uploads\/sites\/19\/2018\/10\/p03-07-1024x474.jpg\" alt=\"\" width=\"840\" height=\"389\" srcset=\"https:\/\/bf-on-tour.de\/m-18\/wp-content\/uploads\/sites\/19\/2018\/10\/p03-07-1024x474.jpg 1024w, https:\/\/bf-on-tour.de\/m-18\/wp-content\/uploads\/sites\/19\/2018\/10\/p03-07-300x139.jpg 300w, https:\/\/bf-on-tour.de\/m-18\/wp-content\/uploads\/sites\/19\/2018\/10\/p03-07-768x355.jpg 768w, https:\/\/bf-on-tour.de\/m-18\/wp-content\/uploads\/sites\/19\/2018\/10\/p03-07.jpg 1200w\" sizes=\"auto, (max-width: 709px) 85vw, (max-width: 909px) 67vw, (max-width: 1362px) 62vw, 840px\" \/><\/a><figcaption id=\"caption-attachment-67\" class=\"wp-caption-text\">Br\u00fccke<\/figcaption><\/figure>\n<p>Gerade vor dem n\u00e4chsten Guss erreichen wir unser Hotel. In der Lobby liegt ein kleiner Stadtplan, der uns zeigt, dass wir die richtige Altstadt gar nicht gesehen haben. Den h\u00e4tten wir ja auch eher anschauen k\u00f6nnen&#8230;<\/p>\n<p><a href=\"https:\/\/bf-on-tour.de\/m-18\/p-02\"><img loading=\"lazy\" decoding=\"async\" class=\"alignleft wp-image-10\" src=\"https:\/\/bf-on-tour.de\/m-18\/wp-content\/uploads\/sites\/19\/2018\/10\/zurueck.png\" alt=\"\" width=\"50\" height=\"37\" \/><\/a> <a href=\"https:\/\/bf-on-tour.de\/m-18\/p-04\"><img loading=\"lazy\" decoding=\"async\" class=\"alignright wp-image-9\" src=\"https:\/\/bf-on-tour.de\/m-18\/wp-content\/uploads\/sites\/19\/2018\/10\/weiter.png\" alt=\"\" width=\"50\" height=\"37\" \/><\/a><\/p>\n","protected":false},"excerpt":{"rendered":"<p>Durch das WirrWarr mit der Baustelle ist es doch sp\u00e4ter geworden, als geplant &#8211; und damit auch hei\u00dfer: 11:00 Uhr, 31,5 \u00b0C. Um nach Kaunas zu kommen, wollen wir entlang der Memel (die hier Nemunas hei\u00dft), entlang der Grenze zur russischen Enklave Kaliningrad fahren. Der Weg dorthin ist ern\u00fcchternd. Flaches Land breitet sich vor uns &hellip; <a href=\"https:\/\/bf-on-tour.de\/m-18\/p-03\/\" class=\"more-link\"><span class=\"screen-reader-text\">\u201eKaunas: Kulturhauptstadt Europas 2022\u201c <\/span>weiterlesen<\/a><\/p>\n","protected":false},"author":1,"featured_media":0,"parent":0,"menu_order":2,"comment_status":"open","ping_status":"closed","template":"","meta":{"footnotes":""},"class_list":["post-51","page","type-page","status-publish","hentry"],"yoast_head":"<!-- This site is optimized with the Yoast SEO plugin v27.1.1 - https:\/\/yoast.com\/product\/yoast-seo-wordpress\/ -->\n<title>Kaunas: Kulturhauptstadt Europas 2022 - Rund um die Ostsee<\/title>\n<meta name=\"robots\" content=\"index, follow, max-snippet:-1, max-image-preview:large, max-video-preview:-1\" \/>\n<link rel=\"canonical\" href=\"https:\/\/bf-on-tour.de\/m-18\/p-03\/\" \/>\n<meta property=\"og:locale\" content=\"de_DE\" \/>\n<meta property=\"og:type\" content=\"article\" \/>\n<meta property=\"og:title\" content=\"Kaunas: Kulturhauptstadt Europas 2022 - Rund um die Ostsee\" \/>\n<meta property=\"og:description\" content=\"Durch das WirrWarr mit der Baustelle ist es doch sp\u00e4ter geworden, als geplant &#8211; und damit auch hei\u00dfer: 11:00 Uhr, 31,5 \u00b0C. Um nach Kaunas zu kommen, wollen wir entlang der Memel (die hier Nemunas hei\u00dft), entlang der Grenze zur russischen Enklave Kaliningrad fahren. Der Weg dorthin ist ern\u00fcchternd. Flaches Land breitet sich vor uns &hellip; \u201eKaunas: Kulturhauptstadt Europas 2022\u201c weiterlesen\" \/>\n<meta property=\"og:url\" content=\"https:\/\/bf-on-tour.de\/m-18\/p-03\/\" \/>\n<meta property=\"og:site_name\" content=\"Rund um die Ostsee\" \/>\n<meta property=\"article:modified_time\" content=\"2020-04-02T13:42:57+00:00\" \/>\n<meta property=\"og:image\" content=\"https:\/\/bf-on-tour.de\/m-18\/wp-content\/uploads\/sites\/19\/2018\/10\/p03-01-1024x477.jpg\" \/>\n<meta name=\"twitter:card\" content=\"summary_large_image\" \/>\n<meta name=\"twitter:label1\" content=\"Gesch\u00e4tzte Lesezeit\" \/>\n\t<meta name=\"twitter:data1\" content=\"4\u00a0Minuten\" \/>\n<script type=\"application\/ld+json\" class=\"yoast-schema-graph\">{\"@context\":\"https:\/\/schema.org\",\"@graph\":[{\"@type\":\"WebPage\",\"@id\":\"https:\/\/bf-on-tour.de\/m-18\/p-03\/\",\"url\":\"https:\/\/bf-on-tour.de\/m-18\/p-03\/\",\"name\":\"Kaunas: Kulturhauptstadt Europas 2022 - Rund um die Ostsee\",\"isPartOf\":{\"@id\":\"https:\/\/bf-on-tour.de\/m-18\/#website\"},\"primaryImageOfPage\":{\"@id\":\"https:\/\/bf-on-tour.de\/m-18\/p-03\/#primaryimage\"},\"image\":{\"@id\":\"https:\/\/bf-on-tour.de\/m-18\/p-03\/#primaryimage\"},\"thumbnailUrl\":\"https:\/\/bf-on-tour.de\/m-18\/wp-content\/uploads\/sites\/19\/2018\/10\/p03-01-1024x477.jpg\",\"datePublished\":\"2018-10-09T12:15:29+00:00\",\"dateModified\":\"2020-04-02T13:42:57+00:00\",\"breadcrumb\":{\"@id\":\"https:\/\/bf-on-tour.de\/m-18\/p-03\/#breadcrumb\"},\"inLanguage\":\"de\",\"potentialAction\":[{\"@type\":\"ReadAction\",\"target\":[\"https:\/\/bf-on-tour.de\/m-18\/p-03\/\"]}]},{\"@type\":\"ImageObject\",\"inLanguage\":\"de\",\"@id\":\"https:\/\/bf-on-tour.de\/m-18\/p-03\/#primaryimage\",\"url\":\"https:\/\/bf-on-tour.de\/m-18\/wp-content\/uploads\/sites\/19\/2018\/10\/p03-01.jpg\",\"contentUrl\":\"https:\/\/bf-on-tour.de\/m-18\/wp-content\/uploads\/sites\/19\/2018\/10\/p03-01.jpg\",\"width\":1200,\"height\":559},{\"@type\":\"BreadcrumbList\",\"@id\":\"https:\/\/bf-on-tour.de\/m-18\/p-03\/#breadcrumb\",\"itemListElement\":[{\"@type\":\"ListItem\",\"position\":1,\"name\":\"Startseite\",\"item\":\"https:\/\/bf-on-tour.de\/m-18\/\"},{\"@type\":\"ListItem\",\"position\":2,\"name\":\"Kaunas: Kulturhauptstadt Europas 2022\"}]},{\"@type\":\"WebSite\",\"@id\":\"https:\/\/bf-on-tour.de\/m-18\/#website\",\"url\":\"https:\/\/bf-on-tour.de\/m-18\/\",\"name\":\"Rund um die Ostsee\",\"description\":\"Litauen, Lettland, Estland, Finnland, \u00c5land, Schweden\",\"potentialAction\":[{\"@type\":\"SearchAction\",\"target\":{\"@type\":\"EntryPoint\",\"urlTemplate\":\"https:\/\/bf-on-tour.de\/m-18\/?s={search_term_string}\"},\"query-input\":{\"@type\":\"PropertyValueSpecification\",\"valueRequired\":true,\"valueName\":\"search_term_string\"}}],\"inLanguage\":\"de\"}]}<\/script>\n<!-- \/ Yoast SEO plugin. -->","yoast_head_json":{"title":"Kaunas: Kulturhauptstadt Europas 2022 - Rund um die Ostsee","robots":{"index":"index","follow":"follow","max-snippet":"max-snippet:-1","max-image-preview":"max-image-preview:large","max-video-preview":"max-video-preview:-1"},"canonical":"https:\/\/bf-on-tour.de\/m-18\/p-03\/","og_locale":"de_DE","og_type":"article","og_title":"Kaunas: Kulturhauptstadt Europas 2022 - Rund um die Ostsee","og_description":"Durch das WirrWarr mit der Baustelle ist es doch sp\u00e4ter geworden, als geplant &#8211; und damit auch hei\u00dfer: 11:00 Uhr, 31,5 \u00b0C. Um nach Kaunas zu kommen, wollen wir entlang der Memel (die hier Nemunas hei\u00dft), entlang der Grenze zur russischen Enklave Kaliningrad fahren. Der Weg dorthin ist ern\u00fcchternd. Flaches Land breitet sich vor uns &hellip; \u201eKaunas: Kulturhauptstadt Europas 2022\u201c weiterlesen","og_url":"https:\/\/bf-on-tour.de\/m-18\/p-03\/","og_site_name":"Rund um die Ostsee","article_modified_time":"2020-04-02T13:42:57+00:00","og_image":[{"url":"https:\/\/bf-on-tour.de\/m-18\/wp-content\/uploads\/sites\/19\/2018\/10\/p03-01-1024x477.jpg","type":"","width":"","height":""}],"twitter_card":"summary_large_image","twitter_misc":{"Gesch\u00e4tzte Lesezeit":"4\u00a0Minuten"},"schema":{"@context":"https:\/\/schema.org","@graph":[{"@type":"WebPage","@id":"https:\/\/bf-on-tour.de\/m-18\/p-03\/","url":"https:\/\/bf-on-tour.de\/m-18\/p-03\/","name":"Kaunas: Kulturhauptstadt Europas 2022 - Rund um die Ostsee","isPartOf":{"@id":"https:\/\/bf-on-tour.de\/m-18\/#website"},"primaryImageOfPage":{"@id":"https:\/\/bf-on-tour.de\/m-18\/p-03\/#primaryimage"},"image":{"@id":"https:\/\/bf-on-tour.de\/m-18\/p-03\/#primaryimage"},"thumbnailUrl":"https:\/\/bf-on-tour.de\/m-18\/wp-content\/uploads\/sites\/19\/2018\/10\/p03-01-1024x477.jpg","datePublished":"2018-10-09T12:15:29+00:00","dateModified":"2020-04-02T13:42:57+00:00","breadcrumb":{"@id":"https:\/\/bf-on-tour.de\/m-18\/p-03\/#breadcrumb"},"inLanguage":"de","potentialAction":[{"@type":"ReadAction","target":["https:\/\/bf-on-tour.de\/m-18\/p-03\/"]}]},{"@type":"ImageObject","inLanguage":"de","@id":"https:\/\/bf-on-tour.de\/m-18\/p-03\/#primaryimage","url":"https:\/\/bf-on-tour.de\/m-18\/wp-content\/uploads\/sites\/19\/2018\/10\/p03-01.jpg","contentUrl":"https:\/\/bf-on-tour.de\/m-18\/wp-content\/uploads\/sites\/19\/2018\/10\/p03-01.jpg","width":1200,"height":559},{"@type":"BreadcrumbList","@id":"https:\/\/bf-on-tour.de\/m-18\/p-03\/#breadcrumb","itemListElement":[{"@type":"ListItem","position":1,"name":"Startseite","item":"https:\/\/bf-on-tour.de\/m-18\/"},{"@type":"ListItem","position":2,"name":"Kaunas: Kulturhauptstadt Europas 2022"}]},{"@type":"WebSite","@id":"https:\/\/bf-on-tour.de\/m-18\/#website","url":"https:\/\/bf-on-tour.de\/m-18\/","name":"Rund um die Ostsee","description":"Litauen, Lettland, Estland, Finnland, \u00c5land, Schweden","potentialAction":[{"@type":"SearchAction","target":{"@type":"EntryPoint","urlTemplate":"https:\/\/bf-on-tour.de\/m-18\/?s={search_term_string}"},"query-input":{"@type":"PropertyValueSpecification","valueRequired":true,"valueName":"search_term_string"}}],"inLanguage":"de"}]}},"_links":{"self":[{"href":"https:\/\/bf-on-tour.de\/m-18\/wp-json\/wp\/v2\/pages\/51","targetHints":{"allow":["GET"]}}],"collection":[{"href":"https:\/\/bf-on-tour.de\/m-18\/wp-json\/wp\/v2\/pages"}],"about":[{"href":"https:\/\/bf-on-tour.de\/m-18\/wp-json\/wp\/v2\/types\/page"}],"author":[{"embeddable":true,"href":"https:\/\/bf-on-tour.de\/m-18\/wp-json\/wp\/v2\/users\/1"}],"replies":[{"embeddable":true,"href":"https:\/\/bf-on-tour.de\/m-18\/wp-json\/wp\/v2\/comments?post=51"}],"version-history":[{"count":15,"href":"https:\/\/bf-on-tour.de\/m-18\/wp-json\/wp\/v2\/pages\/51\/revisions"}],"predecessor-version":[{"id":556,"href":"https:\/\/bf-on-tour.de\/m-18\/wp-json\/wp\/v2\/pages\/51\/revisions\/556"}],"wp:attachment":[{"href":"https:\/\/bf-on-tour.de\/m-18\/wp-json\/wp\/v2\/media?parent=51"}],"curies":[{"name":"wp","href":"https:\/\/api.w.org\/{rel}","templated":true}]}}