{"id":4,"date":"2018-10-09T11:41:33","date_gmt":"2018-10-09T09:41:33","guid":{"rendered":"http:\/\/blog.family-riders.de\/m-18\/?page_id=4"},"modified":"2020-04-02T15:42:15","modified_gmt":"2020-04-02T13:42:15","slug":"http-bf-on-tour-de-m-18","status":"publish","type":"page","link":"https:\/\/bf-on-tour.de\/m-18\/","title":{"rendered":"Start mit Industrieromantik"},"content":{"rendered":"<p>Unsere Tour <em><strong>Rund um die Ostsee<\/strong><\/em> beginnt etwas holprig. Eigentlich wollen wir durch Polen nach Litauen reisen, m\u00fcssen diesen Plan aber aus Zeitgr\u00fcnden aufgeben und wollen nun statt dessen ab Kiel mit der F\u00e4hre nach Klaipeda fahren. Und dann kommen mir noch meine Augen dazwischen, die im Hamburger Unikrankenhaus ungeplant, aber fachkundig, Sonntag morgens mal eben zwischendurch gelasert werden. Die Frage, ob wir \u00fcberhaupt losfahren, stellt sich mehrmals. Aber au\u00dfer einer Woche striktem Lese- und Schreibverbot erhalte ich vom Arzt nur ein \u201e<em><strong>na dann mal gute Reise<\/strong>\u201c<\/em>! Also los:<\/p>\n<p>Zun\u00e4chst tr\u00f6deln wir etwas durch Schleswig-Holstein. Hamburg &#8211; Kiel k\u00f6nnte man nat\u00fcrlich in einer Stunde \u00fcber die Autobahn schaffen, aber uns steht der Sinn eher nach gen\u00fcsslichem Wiedererkennen alter Pfade. Strecken, auf denen wir vor Jahrzehnten mit \u00fcber reichlich vollgepackten Fahrr\u00e4dern f\u00fcr den <a href=\"https:\/\/www.benn-family.de\/outdoor\/schwarzwald-1980\/index.html\" target=\"_blank\" rel=\"noopener noreferrer\">Urlaub im Schwarzwald<\/a> trainiert haben, Stichwort: <em>Holsteinische Schweiz<\/em>. Die Schwentine, auf der wir damals gepaddelt sind, um zu sehen, ob unser alter, &#8222;geerbter&#8220; Pouch Wanderzweier den <a href=\"https:\/\/www.benn-family.de\/outdoor\/dalsland-1979\/index.html\" target=\"_blank\" rel=\"noopener noreferrer\">Dalslands Kanal<\/a> durch halten wird oder Wendtorf, diese schreckliche Baus\u00fcnde an der Kieler Au\u00dfenf\u00f6rde, von deren Hafen wir 15 Jahre lang zu kleinen und gro\u00dfen <a href=\"https:\/\/www.benn-family.de\/outdoor\/segeltoerns.html\" target=\"_blank\" rel=\"noopener noreferrer\">Segelt\u00f6rns<\/a> aufgebrochen sind. Das ist alles lange her&#8230;<\/p>\n<figure id=\"attachment_335\" aria-describedby=\"caption-attachment-335\" style=\"width: 840px\" class=\"wp-caption aligncenter\"><a href=\"https:\/\/bf-on-tour.de\/m-18\/wp-content\/uploads\/sites\/19\/2018\/10\/p01-00a.jpg\" rel=\"lightbox[4]\"><img loading=\"lazy\" decoding=\"async\" class=\"size-large wp-image-335\" src=\"https:\/\/bf-on-tour.de\/m-18\/wp-content\/uploads\/sites\/19\/2018\/10\/p01-00a-1024x269.jpg\" alt=\"\" width=\"840\" height=\"221\" srcset=\"https:\/\/bf-on-tour.de\/m-18\/wp-content\/uploads\/sites\/19\/2018\/10\/p01-00a-1024x269.jpg 1024w, https:\/\/bf-on-tour.de\/m-18\/wp-content\/uploads\/sites\/19\/2018\/10\/p01-00a-300x79.jpg 300w, https:\/\/bf-on-tour.de\/m-18\/wp-content\/uploads\/sites\/19\/2018\/10\/p01-00a-768x202.jpg 768w, https:\/\/bf-on-tour.de\/m-18\/wp-content\/uploads\/sites\/19\/2018\/10\/p01-00a.jpg 1200w\" sizes=\"auto, (max-width: 709px) 85vw, (max-width: 909px) 67vw, (max-width: 1362px) 62vw, 840px\" \/><\/a><figcaption id=\"caption-attachment-335\" class=\"wp-caption-text\">Wendtorf<\/figcaption><\/figure>\n<p>F\u00fcr die Fahrt ab Kiel haben wir die Reederei DFDS Seaways gew\u00e4hlt, weil die im Gegensatz zur TT-Linie direkt f\u00e4hrt und weil wir auf der Route Oslo &#8211; Kopenhagen von der DFDS-F\u00e4hre sehr angetan waren &#8211; komfortabel, gem\u00fctlich, gepflegtes Bier, gepflegtes Essen, ruhige Kabine. Dieses Schiff hei\u00dft <em>Victoria Seaways<\/em> und ist anders: Ein reines Arbeitstier.<\/p>\n<p>Unsere Bikes stehen auf Deck zwei, sehr warm und sehr weit unter der Wasserlienie. Ich schultere unsere Koffertaschen mit den Daypacks und suche den Aufzug. Es gibt keinen, daf\u00fcr aber steile Stahltreppen! Auf Deck f\u00fcnf bin ich so durchgeschwitzt, wie den ganzen Tag nicht &#8211; und der hatte immerhin 31,5\u00b0 C zu bieten. Hier ist die Rezeption, zu der ich mit letzter Kraft hin schleiche, um die Kabinenkarten abzuholen. Unsere Bleibe f\u00fcr die Nacht liegt auf Deck sechs. Also noch eine Treppe.<\/p>\n<figure id=\"attachment_332\" aria-describedby=\"caption-attachment-332\" style=\"width: 840px\" class=\"wp-caption aligncenter\"><a href=\"https:\/\/bf-on-tour.de\/m-18\/wp-content\/uploads\/sites\/19\/2018\/10\/p01-00.jpg\" rel=\"lightbox[4]\"><img loading=\"lazy\" decoding=\"async\" class=\"size-large wp-image-332\" src=\"https:\/\/bf-on-tour.de\/m-18\/wp-content\/uploads\/sites\/19\/2018\/10\/p01-00-1024x494.jpg\" alt=\"\" width=\"840\" height=\"405\" srcset=\"https:\/\/bf-on-tour.de\/m-18\/wp-content\/uploads\/sites\/19\/2018\/10\/p01-00-1024x494.jpg 1024w, https:\/\/bf-on-tour.de\/m-18\/wp-content\/uploads\/sites\/19\/2018\/10\/p01-00-300x145.jpg 300w, https:\/\/bf-on-tour.de\/m-18\/wp-content\/uploads\/sites\/19\/2018\/10\/p01-00-768x371.jpg 768w, https:\/\/bf-on-tour.de\/m-18\/wp-content\/uploads\/sites\/19\/2018\/10\/p01-00.jpg 1200w\" sizes=\"auto, (max-width: 709px) 85vw, (max-width: 909px) 67vw, (max-width: 1362px) 62vw, 840px\" \/><\/a><figcaption id=\"caption-attachment-332\" class=\"wp-caption-text\">Aber die Kabine ist gem\u00fctlich!<\/figcaption><\/figure>\n<p>Dann endlich raus aus dem Motorraddress, geduscht und ab auf das Au\u00dfendeck. Da gibt&#8217;s doch sicher ein Bier und passendes Gest\u00fchl, um das Auslaufen aus dem Hafen und der F\u00f6rde genie\u00dfen zu k\u00f6nnen.<\/p>\n<p>Bier bekomme ich mit einiger M\u00fche an der Bar, die bereits von russisch oder litauisch sprechenden Truckern belegt ist und das <em>passende Gest\u00fchl<\/em> sind sechs (!) Bierbankgarnituren. Die meisten Mitreisenden sitzen einfach auf dem Boden des Hubschrauberlandeplatzes und verzehren Mitgebrachtes. Wir haben Gl\u00fcck und ergattern einen der raren Bierbankpl\u00e4tze mit Ausblick auf zahlreiche 40-Tonner-Auflieger, m\u00fcffelnde Tiertransporter und allerlei dazwischen gequetschte Wohnmobile.<\/p>\n<p>Die untergehende Sonne l\u00e4sst den schwarzen Schornstein des Schiffes rotgolden leuchten. Industrieromantik!<\/p>\n<figure id=\"attachment_11\" aria-describedby=\"caption-attachment-11\" style=\"width: 768px\" class=\"wp-caption aligncenter\"><a href=\"https:\/\/bf-on-tour.de\/m-18\/wp-content\/uploads\/sites\/19\/2018\/10\/p01-01.jpg\" rel=\"lightbox[4]\"><img loading=\"lazy\" decoding=\"async\" class=\"wp-image-11 size-large\" src=\"https:\/\/bf-on-tour.de\/m-18\/wp-content\/uploads\/sites\/19\/2018\/10\/p01-01-768x1024.jpg\" alt=\"\" width=\"768\" height=\"1024\" srcset=\"https:\/\/bf-on-tour.de\/m-18\/wp-content\/uploads\/sites\/19\/2018\/10\/p01-01-768x1024.jpg 768w, https:\/\/bf-on-tour.de\/m-18\/wp-content\/uploads\/sites\/19\/2018\/10\/p01-01-225x300.jpg 225w, https:\/\/bf-on-tour.de\/m-18\/wp-content\/uploads\/sites\/19\/2018\/10\/p01-01.jpg 1200w\" sizes=\"auto, (max-width: 768px) 85vw, 768px\" \/><\/a><figcaption id=\"caption-attachment-11\" class=\"wp-caption-text\">Industrieromantik<\/figcaption><\/figure>\n<p>In den Salons pl\u00e4rren Fernseher mit russischem Programm &#8211; jeder zeigt ein anderes. Die Trucker m\u00f6gen das, kann man sich doch seinen Lieblingsfilm durch einfaches Hinsetzen aussuchen. Wir sind nicht nur ein wenig entt\u00e4uscht, verbringen viel Zeit in der Kabine und d\u00f6sen vor uns hin. Meine Augen danken es mir!<\/p>\n<figure id=\"attachment_12\" aria-describedby=\"caption-attachment-12\" style=\"width: 840px\" class=\"wp-caption aligncenter\"><a href=\"https:\/\/bf-on-tour.de\/m-18\/wp-content\/uploads\/sites\/19\/2018\/10\/p01-02.jpg\" rel=\"lightbox[4]\"><img loading=\"lazy\" decoding=\"async\" class=\"size-large wp-image-12\" src=\"https:\/\/bf-on-tour.de\/m-18\/wp-content\/uploads\/sites\/19\/2018\/10\/p01-02-1024x619.jpg\" alt=\"\" width=\"840\" height=\"508\" srcset=\"https:\/\/bf-on-tour.de\/m-18\/wp-content\/uploads\/sites\/19\/2018\/10\/p01-02-1024x619.jpg 1024w, https:\/\/bf-on-tour.de\/m-18\/wp-content\/uploads\/sites\/19\/2018\/10\/p01-02-300x181.jpg 300w, https:\/\/bf-on-tour.de\/m-18\/wp-content\/uploads\/sites\/19\/2018\/10\/p01-02-768x464.jpg 768w, https:\/\/bf-on-tour.de\/m-18\/wp-content\/uploads\/sites\/19\/2018\/10\/p01-02.jpg 1200w\" sizes=\"auto, (max-width: 709px) 85vw, (max-width: 909px) 67vw, (max-width: 1362px) 62vw, 840px\" \/><\/a><figcaption id=\"caption-attachment-12\" class=\"wp-caption-text\">Gute Nacht, Kiel!<\/figcaption><\/figure>\n<p>Morgens ein rustikales Fr\u00fchst\u00fcck. Rote-Beete-Salat, Gurken, Tomaten, Selleriesalat, Rettichsalat. Dazu warmer Haferflockenbrei und Blinis, etwas Gummiartiges, das wie durchgegarte Formspiegeleier aussieht und eine Auswahl lauwarmer Konfektionsw\u00fcrstchen, begleitet von einem ansehnlichen Berg fettem, garantiert nicht knusprigem Bacon. Wurst und K\u00e4se in der Standardausf\u00fchrung eines Zweisternehotels, dazu pappige Croissants von vorgestern und s\u00fc\u00dfes Graubrot mit eingebackenen Sesamk\u00f6rnern. Der fertige Tee (welcher auch immer das gewesen sein mag) im Automaten ist alle, Beutel und hei\u00dfes Wasser gibt es nicht. Es ist nur noch Kaffee da. Es gab schon Tage, die besser anfingen. Mittags, \u00c4hnliches. Hier isst man, um satt zu werden, nicht, weil es schmeckt!<\/p>\n<p><a href=\"https:\/\/bf-on-tour.de\/m-18\/p-02\"><img loading=\"lazy\" decoding=\"async\" class=\"alignright wp-image-9\" src=\"https:\/\/bf-on-tour.de\/m-18\/wp-content\/uploads\/sites\/19\/2018\/10\/weiter.png\" alt=\"\" width=\"50\" height=\"37\" \/><\/a><\/p>\n","protected":false},"excerpt":{"rendered":"<p>Unsere Tour Rund um die Ostsee beginnt etwas holprig. Eigentlich wollen wir durch Polen nach Litauen reisen, m\u00fcssen diesen Plan aber aus Zeitgr\u00fcnden aufgeben und wollen nun statt dessen ab Kiel mit der F\u00e4hre nach Klaipeda fahren. Und dann kommen mir noch meine Augen dazwischen, die im Hamburger Unikrankenhaus ungeplant, aber fachkundig, Sonntag morgens mal &hellip; <a href=\"https:\/\/bf-on-tour.de\/m-18\/\" class=\"more-link\"><span class=\"screen-reader-text\">\u201eStart mit Industrieromantik\u201c <\/span>weiterlesen<\/a><\/p>\n","protected":false},"author":1,"featured_media":0,"parent":0,"menu_order":0,"comment_status":"open","ping_status":"open","template":"","meta":{"footnotes":""},"class_list":["post-4","page","type-page","status-publish","hentry"],"yoast_head":"<!-- This site is optimized with the Yoast SEO plugin v27.1.1 - https:\/\/yoast.com\/product\/yoast-seo-wordpress\/ -->\n<title>Rund um die Ostsee, ein Motorrad-Reisebericht - BF-on-tour.de<\/title>\n<meta name=\"description\" content=\"Dreieinhalb Wochen mit den Motorr\u00e4dern rund um die Ostsee - durch Litauen, Lettland, Estland, Finnland, die \u00c5landinseln und Schweden. Hier geht&#039;s los.\" \/>\n<meta name=\"robots\" content=\"index, follow, max-snippet:-1, max-image-preview:large, max-video-preview:-1\" \/>\n<link rel=\"canonical\" href=\"https:\/\/bf-on-tour.de\/m-18\/\" \/>\n<meta property=\"og:locale\" content=\"de_DE\" \/>\n<meta property=\"og:type\" content=\"article\" \/>\n<meta property=\"og:title\" content=\"Rund um die Ostsee, ein Motorrad-Reisebericht - BF-on-tour.de\" \/>\n<meta property=\"og:description\" content=\"Dreieinhalb Wochen mit den Motorr\u00e4dern rund um die Ostsee - durch Litauen, Lettland, Estland, Finnland, die \u00c5landinseln und Schweden. Hier geht&#039;s los.\" \/>\n<meta property=\"og:url\" content=\"https:\/\/bf-on-tour.de\/m-18\/\" \/>\n<meta property=\"og:site_name\" content=\"Rund um die Ostsee\" \/>\n<meta property=\"article:modified_time\" content=\"2020-04-02T13:42:15+00:00\" \/>\n<meta property=\"og:image\" content=\"https:\/\/bf-on-tour.de\/m-18\/wp-content\/uploads\/sites\/19\/2018\/10\/p01-00a-1024x269.jpg\" \/>\n<meta name=\"twitter:card\" content=\"summary_large_image\" \/>\n<meta name=\"twitter:label1\" content=\"Gesch\u00e4tzte Lesezeit\" \/>\n\t<meta name=\"twitter:data1\" content=\"3\u00a0Minuten\" \/>\n<script type=\"application\/ld+json\" class=\"yoast-schema-graph\">{\"@context\":\"https:\/\/schema.org\",\"@graph\":[{\"@type\":\"WebPage\",\"@id\":\"https:\/\/bf-on-tour.de\/m-18\/\",\"url\":\"https:\/\/bf-on-tour.de\/m-18\/\",\"name\":\"Rund um die Ostsee, ein Motorrad-Reisebericht - BF-on-tour.de\",\"isPartOf\":{\"@id\":\"https:\/\/bf-on-tour.de\/m-18\/#website\"},\"primaryImageOfPage\":{\"@id\":\"https:\/\/bf-on-tour.de\/m-18\/#primaryimage\"},\"image\":{\"@id\":\"https:\/\/bf-on-tour.de\/m-18\/#primaryimage\"},\"thumbnailUrl\":\"https:\/\/bf-on-tour.de\/m-18\/wp-content\/uploads\/sites\/19\/2018\/10\/p01-00a-1024x269.jpg\",\"datePublished\":\"2018-10-09T09:41:33+00:00\",\"dateModified\":\"2020-04-02T13:42:15+00:00\",\"description\":\"Dreieinhalb Wochen mit den Motorr\u00e4dern rund um die Ostsee - durch Litauen, Lettland, Estland, Finnland, die \u00c5landinseln und Schweden. Hier geht's los.\",\"breadcrumb\":{\"@id\":\"https:\/\/bf-on-tour.de\/m-18\/#breadcrumb\"},\"inLanguage\":\"de\",\"potentialAction\":[{\"@type\":\"ReadAction\",\"target\":[\"https:\/\/bf-on-tour.de\/m-18\/\"]}]},{\"@type\":\"ImageObject\",\"inLanguage\":\"de\",\"@id\":\"https:\/\/bf-on-tour.de\/m-18\/#primaryimage\",\"url\":\"https:\/\/bf-on-tour.de\/m-18\/wp-content\/uploads\/sites\/19\/2018\/10\/p01-00a.jpg\",\"contentUrl\":\"https:\/\/bf-on-tour.de\/m-18\/wp-content\/uploads\/sites\/19\/2018\/10\/p01-00a.jpg\",\"width\":1200,\"height\":315,\"caption\":\"Wendtorf\"},{\"@type\":\"BreadcrumbList\",\"@id\":\"https:\/\/bf-on-tour.de\/m-18\/#breadcrumb\",\"itemListElement\":[{\"@type\":\"ListItem\",\"position\":1,\"name\":\"Startseite\",\"item\":\"https:\/\/bf-on-tour.de\/m-18\/\"},{\"@type\":\"ListItem\",\"position\":2,\"name\":\"Start mit Industrieromantik\"}]},{\"@type\":\"WebSite\",\"@id\":\"https:\/\/bf-on-tour.de\/m-18\/#website\",\"url\":\"https:\/\/bf-on-tour.de\/m-18\/\",\"name\":\"Rund um die Ostsee\",\"description\":\"Litauen, Lettland, Estland, Finnland, \u00c5land, Schweden\",\"potentialAction\":[{\"@type\":\"SearchAction\",\"target\":{\"@type\":\"EntryPoint\",\"urlTemplate\":\"https:\/\/bf-on-tour.de\/m-18\/?s={search_term_string}\"},\"query-input\":{\"@type\":\"PropertyValueSpecification\",\"valueRequired\":true,\"valueName\":\"search_term_string\"}}],\"inLanguage\":\"de\"}]}<\/script>\n<!-- \/ Yoast SEO plugin. -->","yoast_head_json":{"title":"Rund um die Ostsee, ein Motorrad-Reisebericht - BF-on-tour.de","description":"Dreieinhalb Wochen mit den Motorr\u00e4dern rund um die Ostsee - durch Litauen, Lettland, Estland, Finnland, die \u00c5landinseln und Schweden. Hier geht's los.","robots":{"index":"index","follow":"follow","max-snippet":"max-snippet:-1","max-image-preview":"max-image-preview:large","max-video-preview":"max-video-preview:-1"},"canonical":"https:\/\/bf-on-tour.de\/m-18\/","og_locale":"de_DE","og_type":"article","og_title":"Rund um die Ostsee, ein Motorrad-Reisebericht - BF-on-tour.de","og_description":"Dreieinhalb Wochen mit den Motorr\u00e4dern rund um die Ostsee - durch Litauen, Lettland, Estland, Finnland, die \u00c5landinseln und Schweden. Hier geht's los.","og_url":"https:\/\/bf-on-tour.de\/m-18\/","og_site_name":"Rund um die Ostsee","article_modified_time":"2020-04-02T13:42:15+00:00","og_image":[{"url":"https:\/\/bf-on-tour.de\/m-18\/wp-content\/uploads\/sites\/19\/2018\/10\/p01-00a-1024x269.jpg","type":"","width":"","height":""}],"twitter_card":"summary_large_image","twitter_misc":{"Gesch\u00e4tzte Lesezeit":"3\u00a0Minuten"},"schema":{"@context":"https:\/\/schema.org","@graph":[{"@type":"WebPage","@id":"https:\/\/bf-on-tour.de\/m-18\/","url":"https:\/\/bf-on-tour.de\/m-18\/","name":"Rund um die Ostsee, ein Motorrad-Reisebericht - BF-on-tour.de","isPartOf":{"@id":"https:\/\/bf-on-tour.de\/m-18\/#website"},"primaryImageOfPage":{"@id":"https:\/\/bf-on-tour.de\/m-18\/#primaryimage"},"image":{"@id":"https:\/\/bf-on-tour.de\/m-18\/#primaryimage"},"thumbnailUrl":"https:\/\/bf-on-tour.de\/m-18\/wp-content\/uploads\/sites\/19\/2018\/10\/p01-00a-1024x269.jpg","datePublished":"2018-10-09T09:41:33+00:00","dateModified":"2020-04-02T13:42:15+00:00","description":"Dreieinhalb Wochen mit den Motorr\u00e4dern rund um die Ostsee - durch Litauen, Lettland, Estland, Finnland, die \u00c5landinseln und Schweden. Hier geht's los.","breadcrumb":{"@id":"https:\/\/bf-on-tour.de\/m-18\/#breadcrumb"},"inLanguage":"de","potentialAction":[{"@type":"ReadAction","target":["https:\/\/bf-on-tour.de\/m-18\/"]}]},{"@type":"ImageObject","inLanguage":"de","@id":"https:\/\/bf-on-tour.de\/m-18\/#primaryimage","url":"https:\/\/bf-on-tour.de\/m-18\/wp-content\/uploads\/sites\/19\/2018\/10\/p01-00a.jpg","contentUrl":"https:\/\/bf-on-tour.de\/m-18\/wp-content\/uploads\/sites\/19\/2018\/10\/p01-00a.jpg","width":1200,"height":315,"caption":"Wendtorf"},{"@type":"BreadcrumbList","@id":"https:\/\/bf-on-tour.de\/m-18\/#breadcrumb","itemListElement":[{"@type":"ListItem","position":1,"name":"Startseite","item":"https:\/\/bf-on-tour.de\/m-18\/"},{"@type":"ListItem","position":2,"name":"Start mit Industrieromantik"}]},{"@type":"WebSite","@id":"https:\/\/bf-on-tour.de\/m-18\/#website","url":"https:\/\/bf-on-tour.de\/m-18\/","name":"Rund um die Ostsee","description":"Litauen, Lettland, Estland, Finnland, \u00c5land, Schweden","potentialAction":[{"@type":"SearchAction","target":{"@type":"EntryPoint","urlTemplate":"https:\/\/bf-on-tour.de\/m-18\/?s={search_term_string}"},"query-input":{"@type":"PropertyValueSpecification","valueRequired":true,"valueName":"search_term_string"}}],"inLanguage":"de"}]}},"_links":{"self":[{"href":"https:\/\/bf-on-tour.de\/m-18\/wp-json\/wp\/v2\/pages\/4","targetHints":{"allow":["GET"]}}],"collection":[{"href":"https:\/\/bf-on-tour.de\/m-18\/wp-json\/wp\/v2\/pages"}],"about":[{"href":"https:\/\/bf-on-tour.de\/m-18\/wp-json\/wp\/v2\/types\/page"}],"author":[{"embeddable":true,"href":"https:\/\/bf-on-tour.de\/m-18\/wp-json\/wp\/v2\/users\/1"}],"replies":[{"embeddable":true,"href":"https:\/\/bf-on-tour.de\/m-18\/wp-json\/wp\/v2\/comments?post=4"}],"version-history":[{"count":26,"href":"https:\/\/bf-on-tour.de\/m-18\/wp-json\/wp\/v2\/pages\/4\/revisions"}],"predecessor-version":[{"id":554,"href":"https:\/\/bf-on-tour.de\/m-18\/wp-json\/wp\/v2\/pages\/4\/revisions\/554"}],"wp:attachment":[{"href":"https:\/\/bf-on-tour.de\/m-18\/wp-json\/wp\/v2\/media?parent=4"}],"curies":[{"name":"wp","href":"https:\/\/api.w.org\/{rel}","templated":true}]}}