{"id":296,"date":"2018-10-12T15:32:38","date_gmt":"2018-10-12T13:32:38","guid":{"rendered":"http:\/\/blog.family-riders.de\/m-18\/?page_id=296"},"modified":"2020-04-02T15:46:28","modified_gmt":"2020-04-02T13:46:28","slug":"p-14","status":"publish","type":"page","link":"https:\/\/bf-on-tour.de\/m-18\/p-14\/","title":{"rendered":"Fazit, Fakten &#038; Daten"},"content":{"rendered":"<p>Eigentlich war diese Reise ganz anders geplant: Es sollte durch Polen in die baltischen Staaten bis nach Riga gehen und auf eben diesem Wege auch wieder zur\u00fcck. In der Diskussion \u00fcber die zu besuchenden St\u00e4dte ergab sich dann folgender Dialog:<\/p>\n<p>&#8222;<em>Riga, das ist doch die Stadt mit der Burg &#8211; oder?<\/em>&#8220;<br \/>\n&#8222;<em>Nein, das ist Tallinn.<\/em>&#8220;<br \/>\n&#8222;<em>Ah, da fahren wir hin&#8230;?<\/em>&#8220;<\/p>\n<p>OK, noch einmal planen, Ziel Tallinn, nicht Riga! Dann aber auch der Peipussee! Davon hatte ich bei <em>Svenja K\u00fchnke<\/em> auf <a href=\"https:\/\/www.svendura.de\/\"><em>www.svendura.de<\/em><\/a> gelesen. Und Narva, die beiden Burgen und die Grenze anschauen.<\/p>\n<p>Einige Zeit sp\u00e4ter kam die Idee auf, das nachzuholen, was wir als Segler nie geschafft hatten, n\u00e4mlich die \u00c5landinseln zu besuchen (wenn man denn schon mal so weit oben ist&#8230;). Also wurde aus dem R\u00fcckweg ein Rundweg.<\/p>\n<p>Und schlie\u00dflich initiierte ein Vortrag \u00fcber das <em>Schweden von Astrid Lindgren<\/em>, den wir im Rahmen einer Vortragsreihe \u00fcber Abenteuerreisen h\u00f6rten, auch noch den Umweg \u00fcber Vimmerby.<\/p>\n<p>Geplant waren vier bis f\u00fcnf Wochen Reisezeit, da wir auch noch jemanden in Masuren besuchen wollten.\u00a0Nun, dieser Jemand war zu diesem Termin gar nicht zu Hause, wir brauchten etwas mehr Zeit &#8222;<em>zum Packen&#8220;<\/em> als urspr\u00fcnglich geplant war, womit dann Polen ganz wegfiel, und zu guter Letzt stand auch noch ein Enkelgeburtstag Mitte August an, zu dem wir in S\u00fcddeutschland erwartet wurden.<\/p>\n<p>Es ist erstaunlich: So sehr hat sich noch keine unserer Reisen im Laufe der Planungszeit ver\u00e4ndert, so hakelig hat noch keine begonnen. Im Nachhinein wundere ich mich, dass wir \u00fcberhaupt los gekommen sind.<\/p>\n<p>Und am Ende einer Reise steht ja immer auch die Frage, nochmal oder eher nicht? Ganz klar, einen Sog, wie ihn Norwegen oder Schweden bei uns erzeugt haben, gab es bei den baltischen Staaten nicht! Eher eine Abstufung (die L\u00e4nder betreffend, nicht die St\u00e4dte):<\/p>\n<p>Litauen &#8211; wohl keine Wiederholung;<br \/>\nLettland &#8211; eventuell, aber nicht vordringlich;<br \/>\nEstland &#8211; mit deutlich gr\u00f6\u00dferer Wahrscheinlichkeit als die beiden zuvor.<\/p>\n<p>Also, warten wir&#8217;s mal ab&#8230;!<\/p>\n<p><strong>Die Gesamtroute ab Hamburg:<\/strong><\/p>\n<p><strong><a href=\"https:\/\/bf-on-tour.de\/m-18\/wp-content\/uploads\/sites\/19\/2018\/10\/Route-von-HH-bis-HH.jpg\" rel=\"lightbox[296]\"><img loading=\"lazy\" decoding=\"async\" class=\"aligncenter size-large wp-image-295\" src=\"https:\/\/bf-on-tour.de\/m-18\/wp-content\/uploads\/sites\/19\/2018\/10\/Route-von-HH-bis-HH-1024x576.jpg\" alt=\"\" width=\"840\" height=\"473\" srcset=\"https:\/\/bf-on-tour.de\/m-18\/wp-content\/uploads\/sites\/19\/2018\/10\/Route-von-HH-bis-HH-1024x576.jpg 1024w, https:\/\/bf-on-tour.de\/m-18\/wp-content\/uploads\/sites\/19\/2018\/10\/Route-von-HH-bis-HH-300x169.jpg 300w, https:\/\/bf-on-tour.de\/m-18\/wp-content\/uploads\/sites\/19\/2018\/10\/Route-von-HH-bis-HH-768x432.jpg 768w, https:\/\/bf-on-tour.de\/m-18\/wp-content\/uploads\/sites\/19\/2018\/10\/Route-von-HH-bis-HH-1200x675.jpg 1200w, https:\/\/bf-on-tour.de\/m-18\/wp-content\/uploads\/sites\/19\/2018\/10\/Route-von-HH-bis-HH.jpg 1920w\" sizes=\"auto, (max-width: 709px) 85vw, (max-width: 909px) 67vw, (max-width: 1362px) 62vw, 840px\" \/><\/a>Unsere Tagesetappen (Gesamtstrecke 4.689 km):<\/strong><\/p>\n<div class=\"table_line\">\n<div class=\"number1\" style=\"text-align:center\";>\n  <strong>Tag<\/strong>\n <\/div>\n<div class=\"text1\" style=\"text-align:center\";>\n  <strong>Strecke<\/strong>\n <\/div>\n<div class=\"value1\" style=\"text-align:center\";>\n  <strong>Distanz<\/strong>\n <\/div>\n<div class=\"number2\" style=\"text-align:center\";>\n  <strong>Tag<\/strong>\n <\/div>\n<div class=\"text2\" style=\"text-align:center\";>\n  <strong>Strecke<\/strong>\n <\/div>\n<div class=\"value2\" style=\"text-align:center\";>\n  <strong>Distanz<\/strong>\n <\/div>\n<\/div>\n<div class=\"table_line\">\n<div class=\"number1\" style=\"text-align:center\";>\n  1\n <\/div>\n<div class=\"text1\">\n  Anreise nach Hamburg\n <\/div>\n<div class=\"value1\" style=\"text-align:right\";>\n  457 km\n <\/div>\n<div class=\"number2\" style=\"text-align:center\";>\n  2\n <\/div>\n<div class=\"text2\">\n  Hamburg &#8211; Kiel\n <\/div>\n<div class=\"value2\" style=\"text-align:right\";>\n  151 km\n <\/div>\n<\/div>\n<div class=\"table_line\">\n<div class=\"number1\" style=\"text-align:center\";>\n  3\n <\/div>\n<div class=\"text1\">\n  Kiel &#8211; Klaipeda\n <\/div>\n<div class=\"value1\" style=\"text-align:right\";>\n  F\u00e4hre\n <\/div>\n<div class=\"number2\" style=\"text-align:center\";>\n  3\n <\/div>\n<div class=\"text2\">\n  Klaipeda\n <\/div>\n<div class=\"value2\" style=\"text-align:right\";>\n  7 km\n <\/div>\n<\/div>\n<div class=\"table_line\">\n<div class=\"number1\" style=\"text-align:center\";>\n  4\n <\/div>\n<div class=\"text1\">\n  Klaipeda &#8211; Kaunas\n <\/div>\n<div class=\"value1\" style=\"text-align:right\";>\n  241 km\n <\/div>\n<div class=\"number2\" style=\"text-align:center\";>\n  5\n <\/div>\n<div class=\"text2\">\n  Kaunas &#8211; Vilnius\n <\/div>\n<div class=\"value2\" style=\"text-align:right\";>\n  143 km\n <\/div>\n<\/div>\n<div class=\"table_line\">\n<div class=\"number1\" style=\"text-align:center\";>\n  6\n <\/div>\n<div class=\"text1\">\n  Vilnius &#8211; Kurtuvenai\n <\/div>\n<div class=\"value1\" style=\"text-align:right\";>\n  310 km\n <\/div>\n<div class=\"number2\" style=\"text-align:center\";>\n  7\n <\/div>\n<div class=\"text2\">\n  Berg der Kreuze\n <\/div>\n<div class=\"value2\" style=\"text-align:right\";>\n  106 km\n <\/div>\n<\/div>\n<div class=\"table_line\">\n<div class=\"number1\" style=\"text-align:center\";>\n  8\n <\/div>\n<div class=\"text1\">\n  Kurtuvenai &#8211; Usma\n <\/div>\n<div class=\"value1\" style=\"text-align:right\";>\n  247 km\n <\/div>\n<div class=\"number2\" style=\"text-align:center\";>\n  9\n <\/div>\n<div class=\"text2\">\n  Usma &#8211; Riga\n <\/div>\n<div class=\"value2\" style=\"text-align:right\";>\n  170 km\n <\/div>\n<\/div>\n<div class=\"table_line\">\n<div class=\"number1\" style=\"text-align:center\";>\n  10\n <\/div>\n<div class=\"text1\">\n  Riga &#8211; Tartu\n <\/div>\n<div class=\"value1\" style=\"text-align:right\";>\n  245 km\n <\/div>\n<div class=\"number2\" style=\"text-align:center\";>\n  11\n <\/div>\n<div class=\"text2\">\n  Tartu &#8211; Narva &#8211; Mereoja Camping\n <\/div>\n<div class=\"value2\" style=\"text-align:right\";>\n  282 km\n <\/div>\n<\/div>\n<div class=\"table_line\">\n<div class=\"number1\" style=\"text-align:center\";>\n  12\n <\/div>\n<div class=\"text1\">\n  Mereoja Camping &#8211; Tallinn\n <\/div>\n<div class=\"value1\" style=\"text-align:right\";>\n  159 km\n <\/div>\n<div class=\"number2\" style=\"text-align:center\";>\n  13\n <\/div>\n<div class=\"text2\">\n  Tallinn &#8211; Helsinki\n <\/div>\n<div class=\"value2\" style=\"text-align:right\";>\n  F\u00e4hre\n <\/div>\n<\/div>\n<div class=\"table_line\">\n<div class=\"number1\" style=\"text-align:center\";>\n  13\n <\/div>\n<div class=\"text1\">\n  Helsinki &#8211; Turku\n <\/div>\n<div class=\"value1\" style=\"text-align:right\";>\n  180 km\n <\/div>\n<div class=\"number2\" style=\"text-align:center\";>\n  14\n <\/div>\n<div class=\"text2\">\n  Turku &#8211; Mariehamn\n <\/div>\n<div class=\"value2\" style=\"text-align:right\";>\n  F\u00e4hre\n <\/div>\n<\/div>\n<div class=\"table_line\">\n<div class=\"number1\" style=\"text-align:center\";>\n  14\n <\/div>\n<div class=\"text1\">\n  Mariehamn\n <\/div>\n<div class=\"value1\" style=\"text-align:right\";>\n  12 km\n <\/div>\n<div class=\"number2\" style=\"text-align:center\";>\n  15\n <\/div>\n<div class=\"text2\">\n  \u00c5landrundfahrt\n <\/div>\n<div class=\"value2\" style=\"text-align:right\";>\n  149 km\n <\/div>\n<\/div>\n<div class=\"table_line\">\n<div class=\"number1\" style=\"text-align:center\";>\n  16\n <\/div>\n<div class=\"text1\">\n  Mariehamn &#8211; Ecker\u00f6\n <\/div>\n<div class=\"value1\" style=\"text-align:right\";>\n  40 km\n <\/div>\n<div class=\"number2\" style=\"text-align:center\";>\n  16\n <\/div>\n<div class=\"text2\">\n  Ecker\u00f6 &#8211; Grisslehamn\n <\/div>\n<div class=\"value2\" style=\"text-align:right\";>\n  F\u00e4hre\n <\/div>\n<\/div>\n<div class=\"table_line\">\n<div class=\"number1\" style=\"text-align:center\";>\n  16\n <\/div>\n<div class=\"text1\">\n  Grisslehamn &#8211; G\u00e4vle\n <\/div>\n<div class=\"value1\" style=\"text-align:right\";>\n  142 km\n <\/div>\n<div class=\"number2\" style=\"text-align:center\";>\n  17\n <\/div>\n<div class=\"text2\">\n  G\u00e4vle &#8211; Sundborn &#8211; Falun\n <\/div>\n<div class=\"value2\" style=\"text-align:right\";>\n  129 km\n <\/div>\n<\/div>\n<div class=\"table_line\">\n<div class=\"number1\" style=\"text-align:center\";>\n  18\n <\/div>\n<div class=\"text1\">\n  Falun &#8211; Mariestad\n <\/div>\n<div class=\"value1\" style=\"text-align:right\";>\n  302 km\n <\/div>\n<div class=\"number2\" style=\"text-align:center\";>\n  19\n <\/div>\n<div class=\"text2\">\n  Mariestad &#8211; Vimmerby &#8211; Ecksj\u00f6\n <\/div>\n<div class=\"value2\" style=\"text-align:right\";>\n  315 km\n <\/div>\n<\/div>\n<div class=\"table_line\">\n<div class=\"number1\" style=\"text-align:center\";>\n  20\n <\/div>\n<div class=\"text1\">\n  Ecksj\u00f6 &#8211; Trelleborg\n <\/div>\n<div class=\"value1\" style=\"text-align:right\";>\n  354 km\n <\/div>\n<div class=\"number2\" style=\"text-align:center\";>\n  20\n <\/div>\n<div class=\"text2\">\n  Trelleborg &#8211; Travem\u00fcnde\n <\/div>\n<div class=\"value2\" style=\"text-align:right\";>\n  F\u00e4hre\n <\/div>\n<\/div>\n<div class=\"table_line\">\n<div class=\"number1\" style=\"text-align:center\";>\n  21\n <\/div>\n<div class=\"text1\">\n  Travem\u00fcnde &#8211; Hamburg\n <\/div>\n<div class=\"value1\" style=\"text-align:right\";>\n  79 km\n <\/div>\n<div class=\"number2\" style=\"text-align:center\";>\n  22\n <\/div>\n<div class=\"text2\">\n  R\u00fcckreise von Hamburg\n <\/div>\n<div class=\"value2\" style=\"text-align:right\";>\n  469 km\n <\/div>\n<\/div>\n<p><a href=\"https:\/\/bf-on-tour.de\/m-18\/p-13\"><img loading=\"lazy\" decoding=\"async\" class=\"alignleft wp-image-10\" src=\"https:\/\/bf-on-tour.de\/m-18\/wp-content\/uploads\/sites\/19\/2018\/10\/zurueck.png\" alt=\"\" width=\"50\" height=\"37\" \/><\/a><\/p>\n","protected":false},"excerpt":{"rendered":"<p>Eigentlich war diese Reise ganz anders geplant: Es sollte durch Polen in die baltischen Staaten bis nach Riga gehen und auf eben diesem Wege auch wieder zur\u00fcck. In der Diskussion \u00fcber die zu besuchenden St\u00e4dte ergab sich dann folgender Dialog: &#8222;Riga, das ist doch die Stadt mit der Burg &#8211; oder?&#8220; &#8222;Nein, das ist Tallinn.&#8220; &hellip; <a href=\"https:\/\/bf-on-tour.de\/m-18\/p-14\/\" class=\"more-link\"><span class=\"screen-reader-text\">\u201eFazit, Fakten &#038; Daten\u201c <\/span>weiterlesen<\/a><\/p>\n","protected":false},"author":1,"featured_media":0,"parent":0,"menu_order":13,"comment_status":"closed","ping_status":"closed","template":"","meta":{"footnotes":""},"class_list":["post-296","page","type-page","status-publish","hentry"],"yoast_head":"<!-- This site is optimized with the Yoast SEO plugin v27.1.1 - https:\/\/yoast.com\/product\/yoast-seo-wordpress\/ -->\n<title>Fazit, Fakten &amp; Daten - Rund um die Ostsee<\/title>\n<meta name=\"robots\" content=\"index, follow, max-snippet:-1, max-image-preview:large, max-video-preview:-1\" \/>\n<link rel=\"canonical\" href=\"https:\/\/bf-on-tour.de\/m-18\/p-14\/\" \/>\n<meta property=\"og:locale\" content=\"de_DE\" \/>\n<meta property=\"og:type\" content=\"article\" \/>\n<meta property=\"og:title\" content=\"Fazit, Fakten &amp; Daten - Rund um die Ostsee\" \/>\n<meta property=\"og:description\" content=\"Eigentlich war diese Reise ganz anders geplant: Es sollte durch Polen in die baltischen Staaten bis nach Riga gehen und auf eben diesem Wege auch wieder zur\u00fcck. In der Diskussion \u00fcber die zu besuchenden St\u00e4dte ergab sich dann folgender Dialog: &#8222;Riga, das ist doch die Stadt mit der Burg &#8211; oder?&#8220; &#8222;Nein, das ist Tallinn.&#8220; &hellip; \u201eFazit, Fakten &#038; Daten\u201c weiterlesen\" \/>\n<meta property=\"og:url\" content=\"https:\/\/bf-on-tour.de\/m-18\/p-14\/\" \/>\n<meta property=\"og:site_name\" content=\"Rund um die Ostsee\" \/>\n<meta property=\"article:modified_time\" content=\"2020-04-02T13:46:28+00:00\" \/>\n<meta property=\"og:image\" content=\"https:\/\/bf-on-tour.de\/m-18\/wp-content\/uploads\/sites\/19\/2018\/10\/Route-von-HH-bis-HH-1024x576.jpg\" \/>\n<meta name=\"twitter:card\" content=\"summary_large_image\" \/>\n<meta name=\"twitter:label1\" content=\"Gesch\u00e4tzte Lesezeit\" \/>\n\t<meta name=\"twitter:data1\" content=\"2\u00a0Minuten\" \/>\n<script type=\"application\/ld+json\" class=\"yoast-schema-graph\">{\"@context\":\"https:\/\/schema.org\",\"@graph\":[{\"@type\":\"WebPage\",\"@id\":\"https:\/\/bf-on-tour.de\/m-18\/p-14\/\",\"url\":\"https:\/\/bf-on-tour.de\/m-18\/p-14\/\",\"name\":\"Fazit, Fakten & Daten - Rund um die Ostsee\",\"isPartOf\":{\"@id\":\"https:\/\/bf-on-tour.de\/m-18\/#website\"},\"primaryImageOfPage\":{\"@id\":\"https:\/\/bf-on-tour.de\/m-18\/p-14\/#primaryimage\"},\"image\":{\"@id\":\"https:\/\/bf-on-tour.de\/m-18\/p-14\/#primaryimage\"},\"thumbnailUrl\":\"https:\/\/bf-on-tour.de\/m-18\/wp-content\/uploads\/sites\/19\/2018\/10\/Route-von-HH-bis-HH-1024x576.jpg\",\"datePublished\":\"2018-10-12T13:32:38+00:00\",\"dateModified\":\"2020-04-02T13:46:28+00:00\",\"breadcrumb\":{\"@id\":\"https:\/\/bf-on-tour.de\/m-18\/p-14\/#breadcrumb\"},\"inLanguage\":\"de\",\"potentialAction\":[{\"@type\":\"ReadAction\",\"target\":[\"https:\/\/bf-on-tour.de\/m-18\/p-14\/\"]}]},{\"@type\":\"ImageObject\",\"inLanguage\":\"de\",\"@id\":\"https:\/\/bf-on-tour.de\/m-18\/p-14\/#primaryimage\",\"url\":\"https:\/\/bf-on-tour.de\/m-18\/wp-content\/uploads\/sites\/19\/2018\/10\/Route-von-HH-bis-HH.jpg\",\"contentUrl\":\"https:\/\/bf-on-tour.de\/m-18\/wp-content\/uploads\/sites\/19\/2018\/10\/Route-von-HH-bis-HH.jpg\",\"width\":1920,\"height\":1080},{\"@type\":\"BreadcrumbList\",\"@id\":\"https:\/\/bf-on-tour.de\/m-18\/p-14\/#breadcrumb\",\"itemListElement\":[{\"@type\":\"ListItem\",\"position\":1,\"name\":\"Startseite\",\"item\":\"https:\/\/bf-on-tour.de\/m-18\/\"},{\"@type\":\"ListItem\",\"position\":2,\"name\":\"Fazit, Fakten &#038; Daten\"}]},{\"@type\":\"WebSite\",\"@id\":\"https:\/\/bf-on-tour.de\/m-18\/#website\",\"url\":\"https:\/\/bf-on-tour.de\/m-18\/\",\"name\":\"Rund um die Ostsee\",\"description\":\"Litauen, Lettland, Estland, Finnland, \u00c5land, Schweden\",\"potentialAction\":[{\"@type\":\"SearchAction\",\"target\":{\"@type\":\"EntryPoint\",\"urlTemplate\":\"https:\/\/bf-on-tour.de\/m-18\/?s={search_term_string}\"},\"query-input\":{\"@type\":\"PropertyValueSpecification\",\"valueRequired\":true,\"valueName\":\"search_term_string\"}}],\"inLanguage\":\"de\"}]}<\/script>\n<!-- \/ Yoast SEO plugin. -->","yoast_head_json":{"title":"Fazit, Fakten & Daten - Rund um die Ostsee","robots":{"index":"index","follow":"follow","max-snippet":"max-snippet:-1","max-image-preview":"max-image-preview:large","max-video-preview":"max-video-preview:-1"},"canonical":"https:\/\/bf-on-tour.de\/m-18\/p-14\/","og_locale":"de_DE","og_type":"article","og_title":"Fazit, Fakten & Daten - Rund um die Ostsee","og_description":"Eigentlich war diese Reise ganz anders geplant: Es sollte durch Polen in die baltischen Staaten bis nach Riga gehen und auf eben diesem Wege auch wieder zur\u00fcck. In der Diskussion \u00fcber die zu besuchenden St\u00e4dte ergab sich dann folgender Dialog: &#8222;Riga, das ist doch die Stadt mit der Burg &#8211; oder?&#8220; &#8222;Nein, das ist Tallinn.&#8220; &hellip; \u201eFazit, Fakten &#038; Daten\u201c weiterlesen","og_url":"https:\/\/bf-on-tour.de\/m-18\/p-14\/","og_site_name":"Rund um die Ostsee","article_modified_time":"2020-04-02T13:46:28+00:00","og_image":[{"url":"https:\/\/bf-on-tour.de\/m-18\/wp-content\/uploads\/sites\/19\/2018\/10\/Route-von-HH-bis-HH-1024x576.jpg","type":"","width":"","height":""}],"twitter_card":"summary_large_image","twitter_misc":{"Gesch\u00e4tzte Lesezeit":"2\u00a0Minuten"},"schema":{"@context":"https:\/\/schema.org","@graph":[{"@type":"WebPage","@id":"https:\/\/bf-on-tour.de\/m-18\/p-14\/","url":"https:\/\/bf-on-tour.de\/m-18\/p-14\/","name":"Fazit, Fakten & Daten - Rund um die Ostsee","isPartOf":{"@id":"https:\/\/bf-on-tour.de\/m-18\/#website"},"primaryImageOfPage":{"@id":"https:\/\/bf-on-tour.de\/m-18\/p-14\/#primaryimage"},"image":{"@id":"https:\/\/bf-on-tour.de\/m-18\/p-14\/#primaryimage"},"thumbnailUrl":"https:\/\/bf-on-tour.de\/m-18\/wp-content\/uploads\/sites\/19\/2018\/10\/Route-von-HH-bis-HH-1024x576.jpg","datePublished":"2018-10-12T13:32:38+00:00","dateModified":"2020-04-02T13:46:28+00:00","breadcrumb":{"@id":"https:\/\/bf-on-tour.de\/m-18\/p-14\/#breadcrumb"},"inLanguage":"de","potentialAction":[{"@type":"ReadAction","target":["https:\/\/bf-on-tour.de\/m-18\/p-14\/"]}]},{"@type":"ImageObject","inLanguage":"de","@id":"https:\/\/bf-on-tour.de\/m-18\/p-14\/#primaryimage","url":"https:\/\/bf-on-tour.de\/m-18\/wp-content\/uploads\/sites\/19\/2018\/10\/Route-von-HH-bis-HH.jpg","contentUrl":"https:\/\/bf-on-tour.de\/m-18\/wp-content\/uploads\/sites\/19\/2018\/10\/Route-von-HH-bis-HH.jpg","width":1920,"height":1080},{"@type":"BreadcrumbList","@id":"https:\/\/bf-on-tour.de\/m-18\/p-14\/#breadcrumb","itemListElement":[{"@type":"ListItem","position":1,"name":"Startseite","item":"https:\/\/bf-on-tour.de\/m-18\/"},{"@type":"ListItem","position":2,"name":"Fazit, Fakten &#038; Daten"}]},{"@type":"WebSite","@id":"https:\/\/bf-on-tour.de\/m-18\/#website","url":"https:\/\/bf-on-tour.de\/m-18\/","name":"Rund um die Ostsee","description":"Litauen, Lettland, Estland, Finnland, \u00c5land, Schweden","potentialAction":[{"@type":"SearchAction","target":{"@type":"EntryPoint","urlTemplate":"https:\/\/bf-on-tour.de\/m-18\/?s={search_term_string}"},"query-input":{"@type":"PropertyValueSpecification","valueRequired":true,"valueName":"search_term_string"}}],"inLanguage":"de"}]}},"_links":{"self":[{"href":"https:\/\/bf-on-tour.de\/m-18\/wp-json\/wp\/v2\/pages\/296","targetHints":{"allow":["GET"]}}],"collection":[{"href":"https:\/\/bf-on-tour.de\/m-18\/wp-json\/wp\/v2\/pages"}],"about":[{"href":"https:\/\/bf-on-tour.de\/m-18\/wp-json\/wp\/v2\/types\/page"}],"author":[{"embeddable":true,"href":"https:\/\/bf-on-tour.de\/m-18\/wp-json\/wp\/v2\/users\/1"}],"replies":[{"embeddable":true,"href":"https:\/\/bf-on-tour.de\/m-18\/wp-json\/wp\/v2\/comments?post=296"}],"version-history":[{"count":47,"href":"https:\/\/bf-on-tour.de\/m-18\/wp-json\/wp\/v2\/pages\/296\/revisions"}],"predecessor-version":[{"id":567,"href":"https:\/\/bf-on-tour.de\/m-18\/wp-json\/wp\/v2\/pages\/296\/revisions\/567"}],"wp:attachment":[{"href":"https:\/\/bf-on-tour.de\/m-18\/wp-json\/wp\/v2\/media?parent=296"}],"curies":[{"name":"wp","href":"https:\/\/api.w.org\/{rel}","templated":true}]}}