{"id":27,"date":"2018-10-09T13:14:16","date_gmt":"2018-10-09T11:14:16","guid":{"rendered":"http:\/\/blog.family-riders.de\/m-18\/?page_id=27"},"modified":"2020-04-02T15:42:38","modified_gmt":"2020-04-02T13:42:38","slug":"p-02","status":"publish","type":"page","link":"https:\/\/bf-on-tour.de\/m-18\/p-02\/","title":{"rendered":"Entchen von Tharau"},"content":{"rendered":"<p>Mittwoch gegen 17:30 Uhr Ortszeit sind wir in Litauen. Genau gesagt, in Klaipeda, dem fr\u00fcheren Memel. Das vorgebuchte, gleichnamige Hotel ist genau richtig: Fu\u00dfl\u00e4ufig zur Altstadt, sauber, gepflegt und mit abgeschlossenem Parkplatz f\u00fcr unsere Maschinen. Nur eine Klimaanlage w\u00e4re sch\u00f6n, denn die Temperaturen erinnern eher an Italien als an den Norden. Aber man kann ja nicht alles haben&#8230;<\/p>\n<figure id=\"attachment_33\" aria-describedby=\"caption-attachment-33\" style=\"width: 840px\" class=\"wp-caption aligncenter\"><a href=\"https:\/\/bf-on-tour.de\/m-18\/wp-content\/uploads\/sites\/19\/2018\/10\/p02-04.jpg\" rel=\"lightbox[27]\"><img loading=\"lazy\" decoding=\"async\" class=\"size-large wp-image-33\" src=\"https:\/\/bf-on-tour.de\/m-18\/wp-content\/uploads\/sites\/19\/2018\/10\/p02-04-1024x975.jpg\" alt=\"\" width=\"840\" height=\"800\" srcset=\"https:\/\/bf-on-tour.de\/m-18\/wp-content\/uploads\/sites\/19\/2018\/10\/p02-04-1024x975.jpg 1024w, https:\/\/bf-on-tour.de\/m-18\/wp-content\/uploads\/sites\/19\/2018\/10\/p02-04-300x286.jpg 300w, https:\/\/bf-on-tour.de\/m-18\/wp-content\/uploads\/sites\/19\/2018\/10\/p02-04-768x732.jpg 768w, https:\/\/bf-on-tour.de\/m-18\/wp-content\/uploads\/sites\/19\/2018\/10\/p02-04.jpg 1200w\" sizes=\"auto, (max-width: 709px) 85vw, (max-width: 909px) 67vw, (max-width: 1362px) 62vw, 840px\" \/><\/a><figcaption id=\"caption-attachment-33\" class=\"wp-caption-text\">Der ber\u00fchmte Simon Drach Brunnen<\/figcaption><\/figure>\n<p>Egal, wir besuchen zun\u00e4chst den ber\u00fchmten Simon-Dach-Brunnen mit dem \u00c4nnchen von Tharau darauf. Als ich noch nicht zur Schule ging und bei uns zu Hause noch Hausmusik gemacht wurde, sang meine Tante h\u00e4ufig das Lied vom \u00c4nnchen und f\u00fcr mich war immer klar: Das ist eine Ente! Auch wenn das inzwischen 60 Jahre her ist und ich diesen Brunnen vor ein paar Jahren schon einmal gesehen habe, befremdet es mich immer noch, dass darauf eine Frauenstatue steht und eben keine Ente &#8211; wie sich H\u00f6rfehler und Kindheitserinnerungen doch halten&#8230;<\/p>\n<figure id=\"attachment_31\" aria-describedby=\"caption-attachment-31\" style=\"width: 683px\" class=\"wp-caption aligncenter\"><a href=\"https:\/\/bf-on-tour.de\/m-18\/wp-content\/uploads\/sites\/19\/2018\/10\/p02-02.jpg\" rel=\"lightbox[27]\"><img loading=\"lazy\" decoding=\"async\" class=\"size-large wp-image-31\" src=\"https:\/\/bf-on-tour.de\/m-18\/wp-content\/uploads\/sites\/19\/2018\/10\/p02-02-683x1024.jpg\" alt=\"\" width=\"683\" height=\"1024\" srcset=\"https:\/\/bf-on-tour.de\/m-18\/wp-content\/uploads\/sites\/19\/2018\/10\/p02-02-683x1024.jpg 683w, https:\/\/bf-on-tour.de\/m-18\/wp-content\/uploads\/sites\/19\/2018\/10\/p02-02-200x300.jpg 200w, https:\/\/bf-on-tour.de\/m-18\/wp-content\/uploads\/sites\/19\/2018\/10\/p02-02-768x1151.jpg 768w, https:\/\/bf-on-tour.de\/m-18\/wp-content\/uploads\/sites\/19\/2018\/10\/p02-02.jpg 1200w\" sizes=\"auto, (max-width: 683px) 85vw, 683px\" \/><\/a><figcaption id=\"caption-attachment-31\" class=\"wp-caption-text\">Leierkastenmann<\/figcaption><\/figure>\n<p>Anschlie\u00dfend setzen wir uns an der Flaniermeile am Fluss Dan\u0117 in ein Restaurant.\u00a0Das Essen ist im Gegensatz zur F\u00e4hre ausgezeichnet, im Background spielt ein Orgeldreher auf seinem Leierkasten alte Weisen. Sehr angenehm, sehr entspannt und das zu Vorkriegspreisen. Es f\u00e4llt auf, dass die hier Flanierenden ausgesprochen modisch und gepflegt auftreten &#8211; ziemlich egal, welchen Alters. Schlapper- oder Schratlook, wie er bei uns gern gezeigt wird und Haarfarben, bei deren Anblick sich van Gogh wohl auch noch das zweite Ohr abgeschnitten h\u00e4tte, sieht man hier gar nicht! Wir genie\u00dfen den Abend!<\/p>\n<figure id=\"attachment_35\" aria-describedby=\"caption-attachment-35\" style=\"width: 840px\" class=\"wp-caption aligncenter\"><a href=\"https:\/\/bf-on-tour.de\/m-18\/wp-content\/uploads\/sites\/19\/2018\/10\/p02-06.jpg\" rel=\"lightbox[27]\"><img loading=\"lazy\" decoding=\"async\" class=\"size-large wp-image-35\" src=\"https:\/\/bf-on-tour.de\/m-18\/wp-content\/uploads\/sites\/19\/2018\/10\/p02-06-1024x684.jpg\" alt=\"\" width=\"840\" height=\"561\" srcset=\"https:\/\/bf-on-tour.de\/m-18\/wp-content\/uploads\/sites\/19\/2018\/10\/p02-06-1024x684.jpg 1024w, https:\/\/bf-on-tour.de\/m-18\/wp-content\/uploads\/sites\/19\/2018\/10\/p02-06-300x200.jpg 300w, https:\/\/bf-on-tour.de\/m-18\/wp-content\/uploads\/sites\/19\/2018\/10\/p02-06-768x513.jpg 768w, https:\/\/bf-on-tour.de\/m-18\/wp-content\/uploads\/sites\/19\/2018\/10\/p02-06.jpg 1200w\" sizes=\"auto, (max-width: 709px) 85vw, (max-width: 909px) 67vw, (max-width: 1362px) 62vw, 840px\" \/><\/a><figcaption id=\"caption-attachment-35\" class=\"wp-caption-text\">Fressmeile am Fluss\u00a0Dan\u0117<\/figcaption><\/figure>\n<p>Die Zeit l\u00e4uft. Trotzdem machen wir noch einen Altstadtbummel, bevor es wieder zum Hotel geht. Die Altstadt ist klein und viele der alten H\u00e4user sehen aus, als k\u00f6nnten sie ein wenig Farbe und\/oder eine Kelle Putz recht gut vertragen. Aber es gibt auch Stellen, die uns gerade deshalb ein s\u00fcdliches Ambiente vermitteln. H\u00e4user, die an den leicht morbiden Charme venezianischer Gassen erinnern. Balkone, die denen in Cadiz nicht un\u00e4hnlich sind.<\/p>\n<p>Langsam wird es dunkel und irgendwann signalisieren meine Augen, dass sie jetzt gern ins Bett gehen w\u00fcrden. Wir folgen diesem Wunsch ohne zu z\u00f6gern.<\/p>\n<figure id=\"attachment_34\" aria-describedby=\"caption-attachment-34\" style=\"width: 840px\" class=\"wp-caption aligncenter\"><a href=\"https:\/\/bf-on-tour.de\/m-18\/wp-content\/uploads\/sites\/19\/2018\/10\/p02-05.jpg\" rel=\"lightbox[27]\"><img loading=\"lazy\" decoding=\"async\" class=\"size-large wp-image-34\" src=\"https:\/\/bf-on-tour.de\/m-18\/wp-content\/uploads\/sites\/19\/2018\/10\/p02-05-1024x637.jpg\" alt=\"\" width=\"840\" height=\"523\" srcset=\"https:\/\/bf-on-tour.de\/m-18\/wp-content\/uploads\/sites\/19\/2018\/10\/p02-05-1024x637.jpg 1024w, https:\/\/bf-on-tour.de\/m-18\/wp-content\/uploads\/sites\/19\/2018\/10\/p02-05-300x187.jpg 300w, https:\/\/bf-on-tour.de\/m-18\/wp-content\/uploads\/sites\/19\/2018\/10\/p02-05-768x477.jpg 768w, https:\/\/bf-on-tour.de\/m-18\/wp-content\/uploads\/sites\/19\/2018\/10\/p02-05.jpg 1200w\" sizes=\"auto, (max-width: 709px) 85vw, (max-width: 909px) 67vw, (max-width: 1362px) 62vw, 840px\" \/><\/a><figcaption id=\"caption-attachment-34\" class=\"wp-caption-text\">Altstadtbummel<\/figcaption><\/figure>\n<figure id=\"attachment_36\" aria-describedby=\"caption-attachment-36\" style=\"width: 840px\" class=\"wp-caption aligncenter\"><a href=\"https:\/\/bf-on-tour.de\/m-18\/wp-content\/uploads\/sites\/19\/2018\/10\/p02-07.jpg\" rel=\"lightbox[27]\"><img loading=\"lazy\" decoding=\"async\" class=\"size-large wp-image-36\" src=\"https:\/\/bf-on-tour.de\/m-18\/wp-content\/uploads\/sites\/19\/2018\/10\/p02-07-1024x768.jpg\" alt=\"\" width=\"840\" height=\"630\" srcset=\"https:\/\/bf-on-tour.de\/m-18\/wp-content\/uploads\/sites\/19\/2018\/10\/p02-07-1024x768.jpg 1024w, https:\/\/bf-on-tour.de\/m-18\/wp-content\/uploads\/sites\/19\/2018\/10\/p02-07-300x225.jpg 300w, https:\/\/bf-on-tour.de\/m-18\/wp-content\/uploads\/sites\/19\/2018\/10\/p02-07-768x576.jpg 768w, https:\/\/bf-on-tour.de\/m-18\/wp-content\/uploads\/sites\/19\/2018\/10\/p02-07.jpg 1200w\" sizes=\"auto, (max-width: 709px) 85vw, (max-width: 909px) 67vw, (max-width: 1362px) 62vw, 840px\" \/><\/a><figcaption id=\"caption-attachment-36\" class=\"wp-caption-text\">Venezianisches Flair<\/figcaption><\/figure>\n<p>Am n\u00e4chsten Morgen machen wir unsere ersten Erfahrungen mit dem litauischen Verkehr und seinen Regeln. \u201e<em>Fahren Sie um den Kreisverkehr herum und nehmen Sie die zweite Ausfahrt<\/em>\u201c, sagt Frl. TomTom. Wir machen das in guter Gesellschaft des morgendlichen Berufsverkehrs, stehen aber pl\u00f6tzlich vor einem Bauzaun. Wo sind die anderen? Die sind offenbar rechtzeitig irgendwo abgebogen.<\/p>\n<p>Ein Hinweis- oder gar Umleitungsschild gibt es nicht. Muss man das hier kennen? Wir drehen, folgen einigen Fahrzeugen mit einheimischen Nummernschildern und landen nach mehrmaligem links\/rechts Abbiegen auf dem Parkplatz eines gro\u00dfen Autohauses &#8211; auf dem die Vorausfahrer einparken. Mich erinnert das sehr an einen Segelt\u00f6rn von G\u00f6teborg nach L\u00e6s\u00f8, auf dem wir uns mit einer anderen, uns unbekannten Yacht eine Wettfahrt leisteten nach dem Motto, wer kann h\u00f6her am Wind segeln, und Stunden sp\u00e4ter feststellen mussten, dass der <em>Konkurrent<\/em> in einen ganz anderen Hafen wollte als wir. Typisch Selbstschuld!<\/p>\n<p>Es ist 10:30 Uhr, 27\u00b0C im Schatten, aber den gibt es hier nirgends. Wir stellen unsere Maschinen ab, versuchen auf dem Navi heraus zu finden, wo wir \u00fcberhaupt sind, da kommt ein freundlicher Fu\u00dfg\u00e4nger und weist uns mit H\u00e4nden und F\u00fc\u00dfen den Weg zur\u00fcck (Englisch spricht hier niemand, der nicht in der Tourismusbranche arbeitet &#8211; und auch die nur wenig bis ganz wenig). Wir sind wieder beim Bauzaun. Jetzt reicht\u2018s! Zur\u00fcck zum Kreisverkehr und einfach eine beliebige andere Ausfahrt genommen! TomTom wird\u2019s schon richten. Und siehe da, genau das machen die anderen auch.<\/p>\n<p><a href=\"https:\/\/bf-on-tour.de\/m-18\/p-01\"><img loading=\"lazy\" decoding=\"async\" class=\"alignleft wp-image-10\" src=\"https:\/\/bf-on-tour.de\/m-18\/wp-content\/uploads\/sites\/19\/2018\/10\/zurueck.png\" alt=\"\" width=\"50\" height=\"37\" \/><\/a> <a href=\"https:\/\/bf-on-tour.de\/m-18\/p-03\"><img loading=\"lazy\" decoding=\"async\" class=\"alignright wp-image-9\" src=\"https:\/\/bf-on-tour.de\/m-18\/wp-content\/uploads\/sites\/19\/2018\/10\/weiter.png\" alt=\"\" width=\"50\" height=\"37\" \/><\/a><\/p>\n","protected":false},"excerpt":{"rendered":"<p>Mittwoch gegen 17:30 Uhr Ortszeit sind wir in Litauen. Genau gesagt, in Klaipeda, dem fr\u00fcheren Memel. Das vorgebuchte, gleichnamige Hotel ist genau richtig: Fu\u00dfl\u00e4ufig zur Altstadt, sauber, gepflegt und mit abgeschlossenem Parkplatz f\u00fcr unsere Maschinen. Nur eine Klimaanlage w\u00e4re sch\u00f6n, denn die Temperaturen erinnern eher an Italien als an den Norden. Aber man kann ja &hellip; <a href=\"https:\/\/bf-on-tour.de\/m-18\/p-02\/\" class=\"more-link\"><span class=\"screen-reader-text\">\u201eEntchen von Tharau\u201c <\/span>weiterlesen<\/a><\/p>\n","protected":false},"author":1,"featured_media":0,"parent":0,"menu_order":1,"comment_status":"open","ping_status":"closed","template":"","meta":{"footnotes":""},"class_list":["post-27","page","type-page","status-publish","hentry"],"yoast_head":"<!-- This site is optimized with the Yoast SEO plugin v27.1.1 - https:\/\/yoast.com\/product\/yoast-seo-wordpress\/ -->\n<title>Entchen von Tharau - Rund um die Ostsee<\/title>\n<meta name=\"robots\" content=\"index, follow, max-snippet:-1, max-image-preview:large, max-video-preview:-1\" \/>\n<link rel=\"canonical\" href=\"https:\/\/bf-on-tour.de\/m-18\/p-02\/\" \/>\n<meta property=\"og:locale\" content=\"de_DE\" \/>\n<meta property=\"og:type\" content=\"article\" \/>\n<meta property=\"og:title\" content=\"Entchen von Tharau - Rund um die Ostsee\" \/>\n<meta property=\"og:description\" content=\"Mittwoch gegen 17:30 Uhr Ortszeit sind wir in Litauen. Genau gesagt, in Klaipeda, dem fr\u00fcheren Memel. Das vorgebuchte, gleichnamige Hotel ist genau richtig: Fu\u00dfl\u00e4ufig zur Altstadt, sauber, gepflegt und mit abgeschlossenem Parkplatz f\u00fcr unsere Maschinen. Nur eine Klimaanlage w\u00e4re sch\u00f6n, denn die Temperaturen erinnern eher an Italien als an den Norden. Aber man kann ja &hellip; \u201eEntchen von Tharau\u201c weiterlesen\" \/>\n<meta property=\"og:url\" content=\"https:\/\/bf-on-tour.de\/m-18\/p-02\/\" \/>\n<meta property=\"og:site_name\" content=\"Rund um die Ostsee\" \/>\n<meta property=\"article:modified_time\" content=\"2020-04-02T13:42:38+00:00\" \/>\n<meta property=\"og:image\" content=\"https:\/\/bf-on-tour.de\/m-18\/wp-content\/uploads\/sites\/19\/2018\/10\/p02-04-1024x975.jpg\" \/>\n<meta name=\"twitter:card\" content=\"summary_large_image\" \/>\n<meta name=\"twitter:label1\" content=\"Gesch\u00e4tzte Lesezeit\" \/>\n\t<meta name=\"twitter:data1\" content=\"3\u00a0Minuten\" \/>\n<script type=\"application\/ld+json\" class=\"yoast-schema-graph\">{\"@context\":\"https:\/\/schema.org\",\"@graph\":[{\"@type\":\"WebPage\",\"@id\":\"https:\/\/bf-on-tour.de\/m-18\/p-02\/\",\"url\":\"https:\/\/bf-on-tour.de\/m-18\/p-02\/\",\"name\":\"Entchen von Tharau - Rund um die Ostsee\",\"isPartOf\":{\"@id\":\"https:\/\/bf-on-tour.de\/m-18\/#website\"},\"primaryImageOfPage\":{\"@id\":\"https:\/\/bf-on-tour.de\/m-18\/p-02\/#primaryimage\"},\"image\":{\"@id\":\"https:\/\/bf-on-tour.de\/m-18\/p-02\/#primaryimage\"},\"thumbnailUrl\":\"https:\/\/bf-on-tour.de\/m-18\/wp-content\/uploads\/sites\/19\/2018\/10\/p02-04-1024x975.jpg\",\"datePublished\":\"2018-10-09T11:14:16+00:00\",\"dateModified\":\"2020-04-02T13:42:38+00:00\",\"breadcrumb\":{\"@id\":\"https:\/\/bf-on-tour.de\/m-18\/p-02\/#breadcrumb\"},\"inLanguage\":\"de\",\"potentialAction\":[{\"@type\":\"ReadAction\",\"target\":[\"https:\/\/bf-on-tour.de\/m-18\/p-02\/\"]}]},{\"@type\":\"ImageObject\",\"inLanguage\":\"de\",\"@id\":\"https:\/\/bf-on-tour.de\/m-18\/p-02\/#primaryimage\",\"url\":\"https:\/\/bf-on-tour.de\/m-18\/wp-content\/uploads\/sites\/19\/2018\/10\/p02-04.jpg\",\"contentUrl\":\"https:\/\/bf-on-tour.de\/m-18\/wp-content\/uploads\/sites\/19\/2018\/10\/p02-04.jpg\",\"width\":1200,\"height\":1143,\"caption\":\"Der ber\u00fchmte Brunnen\"},{\"@type\":\"BreadcrumbList\",\"@id\":\"https:\/\/bf-on-tour.de\/m-18\/p-02\/#breadcrumb\",\"itemListElement\":[{\"@type\":\"ListItem\",\"position\":1,\"name\":\"Startseite\",\"item\":\"https:\/\/bf-on-tour.de\/m-18\/\"},{\"@type\":\"ListItem\",\"position\":2,\"name\":\"Entchen von Tharau\"}]},{\"@type\":\"WebSite\",\"@id\":\"https:\/\/bf-on-tour.de\/m-18\/#website\",\"url\":\"https:\/\/bf-on-tour.de\/m-18\/\",\"name\":\"Rund um die Ostsee\",\"description\":\"Litauen, Lettland, Estland, Finnland, \u00c5land, Schweden\",\"potentialAction\":[{\"@type\":\"SearchAction\",\"target\":{\"@type\":\"EntryPoint\",\"urlTemplate\":\"https:\/\/bf-on-tour.de\/m-18\/?s={search_term_string}\"},\"query-input\":{\"@type\":\"PropertyValueSpecification\",\"valueRequired\":true,\"valueName\":\"search_term_string\"}}],\"inLanguage\":\"de\"}]}<\/script>\n<!-- \/ Yoast SEO plugin. -->","yoast_head_json":{"title":"Entchen von Tharau - Rund um die Ostsee","robots":{"index":"index","follow":"follow","max-snippet":"max-snippet:-1","max-image-preview":"max-image-preview:large","max-video-preview":"max-video-preview:-1"},"canonical":"https:\/\/bf-on-tour.de\/m-18\/p-02\/","og_locale":"de_DE","og_type":"article","og_title":"Entchen von Tharau - Rund um die Ostsee","og_description":"Mittwoch gegen 17:30 Uhr Ortszeit sind wir in Litauen. Genau gesagt, in Klaipeda, dem fr\u00fcheren Memel. Das vorgebuchte, gleichnamige Hotel ist genau richtig: Fu\u00dfl\u00e4ufig zur Altstadt, sauber, gepflegt und mit abgeschlossenem Parkplatz f\u00fcr unsere Maschinen. Nur eine Klimaanlage w\u00e4re sch\u00f6n, denn die Temperaturen erinnern eher an Italien als an den Norden. Aber man kann ja &hellip; \u201eEntchen von Tharau\u201c weiterlesen","og_url":"https:\/\/bf-on-tour.de\/m-18\/p-02\/","og_site_name":"Rund um die Ostsee","article_modified_time":"2020-04-02T13:42:38+00:00","og_image":[{"url":"https:\/\/bf-on-tour.de\/m-18\/wp-content\/uploads\/sites\/19\/2018\/10\/p02-04-1024x975.jpg","type":"","width":"","height":""}],"twitter_card":"summary_large_image","twitter_misc":{"Gesch\u00e4tzte Lesezeit":"3\u00a0Minuten"},"schema":{"@context":"https:\/\/schema.org","@graph":[{"@type":"WebPage","@id":"https:\/\/bf-on-tour.de\/m-18\/p-02\/","url":"https:\/\/bf-on-tour.de\/m-18\/p-02\/","name":"Entchen von Tharau - Rund um die Ostsee","isPartOf":{"@id":"https:\/\/bf-on-tour.de\/m-18\/#website"},"primaryImageOfPage":{"@id":"https:\/\/bf-on-tour.de\/m-18\/p-02\/#primaryimage"},"image":{"@id":"https:\/\/bf-on-tour.de\/m-18\/p-02\/#primaryimage"},"thumbnailUrl":"https:\/\/bf-on-tour.de\/m-18\/wp-content\/uploads\/sites\/19\/2018\/10\/p02-04-1024x975.jpg","datePublished":"2018-10-09T11:14:16+00:00","dateModified":"2020-04-02T13:42:38+00:00","breadcrumb":{"@id":"https:\/\/bf-on-tour.de\/m-18\/p-02\/#breadcrumb"},"inLanguage":"de","potentialAction":[{"@type":"ReadAction","target":["https:\/\/bf-on-tour.de\/m-18\/p-02\/"]}]},{"@type":"ImageObject","inLanguage":"de","@id":"https:\/\/bf-on-tour.de\/m-18\/p-02\/#primaryimage","url":"https:\/\/bf-on-tour.de\/m-18\/wp-content\/uploads\/sites\/19\/2018\/10\/p02-04.jpg","contentUrl":"https:\/\/bf-on-tour.de\/m-18\/wp-content\/uploads\/sites\/19\/2018\/10\/p02-04.jpg","width":1200,"height":1143,"caption":"Der ber\u00fchmte Brunnen"},{"@type":"BreadcrumbList","@id":"https:\/\/bf-on-tour.de\/m-18\/p-02\/#breadcrumb","itemListElement":[{"@type":"ListItem","position":1,"name":"Startseite","item":"https:\/\/bf-on-tour.de\/m-18\/"},{"@type":"ListItem","position":2,"name":"Entchen von Tharau"}]},{"@type":"WebSite","@id":"https:\/\/bf-on-tour.de\/m-18\/#website","url":"https:\/\/bf-on-tour.de\/m-18\/","name":"Rund um die Ostsee","description":"Litauen, Lettland, Estland, Finnland, \u00c5land, Schweden","potentialAction":[{"@type":"SearchAction","target":{"@type":"EntryPoint","urlTemplate":"https:\/\/bf-on-tour.de\/m-18\/?s={search_term_string}"},"query-input":{"@type":"PropertyValueSpecification","valueRequired":true,"valueName":"search_term_string"}}],"inLanguage":"de"}]}},"_links":{"self":[{"href":"https:\/\/bf-on-tour.de\/m-18\/wp-json\/wp\/v2\/pages\/27","targetHints":{"allow":["GET"]}}],"collection":[{"href":"https:\/\/bf-on-tour.de\/m-18\/wp-json\/wp\/v2\/pages"}],"about":[{"href":"https:\/\/bf-on-tour.de\/m-18\/wp-json\/wp\/v2\/types\/page"}],"author":[{"embeddable":true,"href":"https:\/\/bf-on-tour.de\/m-18\/wp-json\/wp\/v2\/users\/1"}],"replies":[{"embeddable":true,"href":"https:\/\/bf-on-tour.de\/m-18\/wp-json\/wp\/v2\/comments?post=27"}],"version-history":[{"count":22,"href":"https:\/\/bf-on-tour.de\/m-18\/wp-json\/wp\/v2\/pages\/27\/revisions"}],"predecessor-version":[{"id":555,"href":"https:\/\/bf-on-tour.de\/m-18\/wp-json\/wp\/v2\/pages\/27\/revisions\/555"}],"wp:attachment":[{"href":"https:\/\/bf-on-tour.de\/m-18\/wp-json\/wp\/v2\/media?parent=27"}],"curies":[{"name":"wp","href":"https:\/\/api.w.org\/{rel}","templated":true}]}}