{"id":242,"date":"2018-10-12T13:20:21","date_gmt":"2018-10-12T11:20:21","guid":{"rendered":"http:\/\/blog.family-riders.de\/m-18\/?page_id=242"},"modified":"2020-04-02T15:45:49","modified_gmt":"2020-04-02T13:45:49","slug":"p-12","status":"publish","type":"page","link":"https:\/\/bf-on-tour.de\/m-18\/p-12\/","title":{"rendered":"Finnische Schweden oder schwedische Finnen?"},"content":{"rendered":"<p><a href=\"https:\/\/bf-on-tour.de\/m-18\/wp-content\/uploads\/sites\/19\/2018\/10\/p12-13.jpg\" rel=\"lightbox[242]\"><img loading=\"lazy\" decoding=\"async\" class=\"alignright size-thumbnail wp-image-258\" src=\"https:\/\/bf-on-tour.de\/m-18\/wp-content\/uploads\/sites\/19\/2018\/10\/p12-13-150x150.jpg\" alt=\"\" width=\"150\" height=\"150\" srcset=\"https:\/\/bf-on-tour.de\/m-18\/wp-content\/uploads\/sites\/19\/2018\/10\/p12-13-150x150.jpg 150w, https:\/\/bf-on-tour.de\/m-18\/wp-content\/uploads\/sites\/19\/2018\/10\/p12-13-300x300.jpg 300w, https:\/\/bf-on-tour.de\/m-18\/wp-content\/uploads\/sites\/19\/2018\/10\/p12-13-768x768.jpg 768w, https:\/\/bf-on-tour.de\/m-18\/wp-content\/uploads\/sites\/19\/2018\/10\/p12-13-1024x1024.jpg 1024w, https:\/\/bf-on-tour.de\/m-18\/wp-content\/uploads\/sites\/19\/2018\/10\/p12-13.jpg 1200w\" sizes=\"auto, (max-width: 150px) 85vw, 150px\" \/><\/a>\u00c5land besteht aus \u00fcber 6.000 Inseln und 30.000 Einwohnern, liegt zwischen Finnland und Schweden, geh\u00f6rt politisch zu Finnand, hat ein eigenes Parlament und ist damit in vielen Fragen des t\u00e4glichen Lebens autonom. Man spricht schwedisch &#8211; und das sehr bewusst &#8211; zahlt aber gern mit Euronen!<\/p>\n<p>11.000 der 30.000 Einwohner leben in Mariehamn, der Hauptstadt \u00c5lands. Der Rest verteilt sich sehr ungleichm\u00e4\u00dfig auf die \u00fcbrigen Inseln, d.h. die meisten sind unbewohnt. Im Verh\u00e4ltnis zu diesen Zahlen ist Mariehamn also eine Miniaturgro\u00dfstadt. Und genau so erfahren wir sie auch.<\/p>\n<figure id=\"attachment_247\" aria-describedby=\"caption-attachment-247\" style=\"width: 840px\" class=\"wp-caption aligncenter\"><a href=\"https:\/\/bf-on-tour.de\/m-18\/wp-content\/uploads\/sites\/19\/2018\/10\/p12-01.jpg\" rel=\"lightbox[242]\"><img loading=\"lazy\" decoding=\"async\" class=\"wp-image-247 size-large\" src=\"https:\/\/bf-on-tour.de\/m-18\/wp-content\/uploads\/sites\/19\/2018\/10\/p12-01-1024x396.jpg\" alt=\"\" width=\"840\" height=\"325\" srcset=\"https:\/\/bf-on-tour.de\/m-18\/wp-content\/uploads\/sites\/19\/2018\/10\/p12-01-1024x396.jpg 1024w, https:\/\/bf-on-tour.de\/m-18\/wp-content\/uploads\/sites\/19\/2018\/10\/p12-01-300x116.jpg 300w, https:\/\/bf-on-tour.de\/m-18\/wp-content\/uploads\/sites\/19\/2018\/10\/p12-01-768x297.jpg 768w, https:\/\/bf-on-tour.de\/m-18\/wp-content\/uploads\/sites\/19\/2018\/10\/p12-01.jpg 1200w\" sizes=\"auto, (max-width: 709px) 85vw, (max-width: 909px) 67vw, (max-width: 1362px) 62vw, 840px\" \/><\/a><figcaption id=\"caption-attachment-247\" class=\"wp-caption-text\">Eine der \u00fcber 6.000 Inseln<\/figcaption><\/figure>\n<p>Die Mitte ist rechteckig aufgerissen und erinnert mit ihren schlichten, schmucklosen Bauten im Stil der 1970er-Jahre an das norwegische Bod\u00f6. Modern, aber wenig ansprechend. Nichts f\u00fcr&#8217;s Auge, wenngleich einiges, wie zum Beispiel das Parlamentsgeb\u00e4ude, durchaus repr\u00e4sentativen Charakter hat. Mitten drin dann doch eine kleine Einkaufsstra\u00dfe mit allerlei Souvenir- und anderen L\u00e4den, vereinzelt ein Caf\u00e9 oder eine Bar. Hier weht ein winziger Hauch von D\u00e4nemark \u00fcber das Kopfsteinpflaster. Nein, ich habe mich nicht verschrieben. Uns erinnert diese Stra\u00dfe ein ganz klein Wenig an Fu\u00dfg\u00e4ngerzonen d\u00e4nischer Klein- und Mittelst\u00e4dte.<\/p>\n<figure id=\"attachment_251\" aria-describedby=\"caption-attachment-251\" style=\"width: 840px\" class=\"wp-caption aligncenter\"><a href=\"https:\/\/bf-on-tour.de\/m-18\/wp-content\/uploads\/sites\/19\/2018\/10\/p12-05.jpg\" rel=\"lightbox[242]\"><img loading=\"lazy\" decoding=\"async\" class=\"wp-image-251 size-large\" src=\"https:\/\/bf-on-tour.de\/m-18\/wp-content\/uploads\/sites\/19\/2018\/10\/p12-05-1024x576.jpg\" alt=\"\" width=\"840\" height=\"473\" srcset=\"https:\/\/bf-on-tour.de\/m-18\/wp-content\/uploads\/sites\/19\/2018\/10\/p12-05-1024x576.jpg 1024w, https:\/\/bf-on-tour.de\/m-18\/wp-content\/uploads\/sites\/19\/2018\/10\/p12-05-300x169.jpg 300w, https:\/\/bf-on-tour.de\/m-18\/wp-content\/uploads\/sites\/19\/2018\/10\/p12-05-768x432.jpg 768w, https:\/\/bf-on-tour.de\/m-18\/wp-content\/uploads\/sites\/19\/2018\/10\/p12-05.jpg 1200w\" sizes=\"auto, (max-width: 709px) 85vw, (max-width: 909px) 67vw, (max-width: 1362px) 62vw, 840px\" \/><\/a><figcaption id=\"caption-attachment-251\" class=\"wp-caption-text\">D\u00e4nisch anmutende Innenstadtstra\u00dfe<\/figcaption><\/figure>\n<p>Sie endet an einer \u00fcppig gro\u00dfen Allee. Zwei Fahrspuren in jede Richtung, in der Mitte ein breiter Streifen zum Flanieren, ges\u00e4umt von unz\u00e4hligen alten, Schatten spendenden Linden &#8211; der Lindenallee Mariehamns. Sie f\u00fchrt vom Ost- zum Westufer der Stadt, mit dem Hafen, dem F\u00e4hranleger, dem Schifffahrtsmuseum und &#8211; wenn man den Fu\u00dfweg nicht scheut &#8211; letztendlich auch zur Pommern, einem der letzten P-Liner der Laeisz-Reederei, die hier als Museumsschiff liegt.<\/p>\n<figure id=\"attachment_252\" aria-describedby=\"caption-attachment-252\" style=\"width: 781px\" class=\"wp-caption aligncenter\"><a href=\"https:\/\/bf-on-tour.de\/m-18\/wp-content\/uploads\/sites\/19\/2018\/10\/p12-06.jpg\" rel=\"lightbox[242]\"><img loading=\"lazy\" decoding=\"async\" class=\"wp-image-252 size-large\" src=\"https:\/\/bf-on-tour.de\/m-18\/wp-content\/uploads\/sites\/19\/2018\/10\/p12-06-781x1024.jpg\" alt=\"\" width=\"781\" height=\"1024\" srcset=\"https:\/\/bf-on-tour.de\/m-18\/wp-content\/uploads\/sites\/19\/2018\/10\/p12-06-781x1024.jpg 781w, https:\/\/bf-on-tour.de\/m-18\/wp-content\/uploads\/sites\/19\/2018\/10\/p12-06-229x300.jpg 229w, https:\/\/bf-on-tour.de\/m-18\/wp-content\/uploads\/sites\/19\/2018\/10\/p12-06-768x1007.jpg 768w, https:\/\/bf-on-tour.de\/m-18\/wp-content\/uploads\/sites\/19\/2018\/10\/p12-06.jpg 1200w\" sizes=\"auto, (max-width: 781px) 85vw, 781px\" \/><\/a><figcaption id=\"caption-attachment-252\" class=\"wp-caption-text\">Die Pommern<\/figcaption><\/figure>\n<p>Drum herum um die Mitte, Stra\u00dfen mit sehr h\u00fcbschen Wohnh\u00e4usern &#8211; nicht h\u00f6her als zweist\u00f6ckig, meist aus Holz &#8211; ganz im Stil der schwedischen Einzelhausbauten. Dezente Farbgebung in Aquarellt\u00f6nen von bleu, hellgrau \u00fcber lichtgelb bis zu dezentem hellgr\u00fcn, dazu wei\u00dfe Fensterlaibungen; vereinzelt in der Mitte ein Eingangsvorbau mit kleinem Walm- oder Spitzdach, getragen von meist ebenfalls wei\u00dfen S\u00e4ulen, in dem zwei oder drei Stufen hinauf zur Eingangst\u00fcr f\u00fchren &#8211; an der Hauswand gern auch ein paar Rosen im Kontrast zur Hausfarbe. Davor ein kleiner, gepflegter Garten mit ebenso gepflegtem Hozlattenzaun. Hier l\u00e4sst es sich leben!<\/p>\n<p><a href=\"https:\/\/bf-on-tour.de\/m-18\/wp-content\/uploads\/sites\/19\/2018\/10\/p12-04.jpg\" rel=\"lightbox[242]\"><img loading=\"lazy\" decoding=\"async\" class=\"aligncenter size-large wp-image-250\" src=\"https:\/\/bf-on-tour.de\/m-18\/wp-content\/uploads\/sites\/19\/2018\/10\/p12-04-1024x660.jpg\" alt=\"\" width=\"840\" height=\"541\" srcset=\"https:\/\/bf-on-tour.de\/m-18\/wp-content\/uploads\/sites\/19\/2018\/10\/p12-04-1024x660.jpg 1024w, https:\/\/bf-on-tour.de\/m-18\/wp-content\/uploads\/sites\/19\/2018\/10\/p12-04-300x193.jpg 300w, https:\/\/bf-on-tour.de\/m-18\/wp-content\/uploads\/sites\/19\/2018\/10\/p12-04-768x495.jpg 768w, https:\/\/bf-on-tour.de\/m-18\/wp-content\/uploads\/sites\/19\/2018\/10\/p12-04.jpg 1200w\" sizes=\"auto, (max-width: 709px) 85vw, (max-width: 909px) 67vw, (max-width: 1362px) 62vw, 840px\" \/><\/a><\/p>\n<figure id=\"attachment_249\" aria-describedby=\"caption-attachment-249\" style=\"width: 840px\" class=\"wp-caption aligncenter\"><a href=\"https:\/\/bf-on-tour.de\/m-18\/wp-content\/uploads\/sites\/19\/2018\/10\/p12-03.jpg\" rel=\"lightbox[242]\"><img loading=\"lazy\" decoding=\"async\" class=\"size-large wp-image-249\" src=\"https:\/\/bf-on-tour.de\/m-18\/wp-content\/uploads\/sites\/19\/2018\/10\/p12-03-1024x913.jpg\" alt=\"\" width=\"840\" height=\"749\" srcset=\"https:\/\/bf-on-tour.de\/m-18\/wp-content\/uploads\/sites\/19\/2018\/10\/p12-03-1024x913.jpg 1024w, https:\/\/bf-on-tour.de\/m-18\/wp-content\/uploads\/sites\/19\/2018\/10\/p12-03-300x268.jpg 300w, https:\/\/bf-on-tour.de\/m-18\/wp-content\/uploads\/sites\/19\/2018\/10\/p12-03-768x685.jpg 768w, https:\/\/bf-on-tour.de\/m-18\/wp-content\/uploads\/sites\/19\/2018\/10\/p12-03.jpg 1200w\" sizes=\"auto, (max-width: 709px) 85vw, (max-width: 909px) 67vw, (max-width: 1362px) 62vw, 840px\" \/><\/a><figcaption id=\"caption-attachment-249\" class=\"wp-caption-text\">H\u00fcbsche Wohnh\u00e4user<\/figcaption><\/figure>\n<p>Nur, wovon lebt man hier eigentlich? Industrie ist kaum zu sehen &#8211; auch au\u00dferhalb der Stadt nicht.<span class=\"Apple-converted-space\">\u00a0 <\/span>Dort herrscht die Landwirtschaft vor und in kleinem Ma\u00dfe auch der Obstanbau. Wahrscheinlich ist man einfach Dienstleistungszentrum f\u00fcr die anderen 19.000, die hier nicht wohnen. Mit dem Hafen, den Reedereien Viking und Ecker\u00f6, dem Einkaufszentrum vor den Toren der Stadt und mit den durch die Autonomie notwendigen Beh\u00f6rden. Wir vermuten, \u00c5land erh\u00e4lt sich selbst.<\/p>\n<figure id=\"attachment_253\" aria-describedby=\"caption-attachment-253\" style=\"width: 840px\" class=\"wp-caption aligncenter\"><a href=\"https:\/\/bf-on-tour.de\/m-18\/wp-content\/uploads\/sites\/19\/2018\/10\/p12-07.jpg\" rel=\"lightbox[242]\"><img loading=\"lazy\" decoding=\"async\" class=\"wp-image-253 size-large\" src=\"https:\/\/bf-on-tour.de\/m-18\/wp-content\/uploads\/sites\/19\/2018\/10\/p12-07-1024x576.jpg\" alt=\"\" width=\"840\" height=\"473\" srcset=\"https:\/\/bf-on-tour.de\/m-18\/wp-content\/uploads\/sites\/19\/2018\/10\/p12-07-1024x576.jpg 1024w, https:\/\/bf-on-tour.de\/m-18\/wp-content\/uploads\/sites\/19\/2018\/10\/p12-07-300x169.jpg 300w, https:\/\/bf-on-tour.de\/m-18\/wp-content\/uploads\/sites\/19\/2018\/10\/p12-07-768x432.jpg 768w, https:\/\/bf-on-tour.de\/m-18\/wp-content\/uploads\/sites\/19\/2018\/10\/p12-07.jpg 1200w\" sizes=\"auto, (max-width: 709px) 85vw, (max-width: 909px) 67vw, (max-width: 1362px) 62vw, 840px\" \/><\/a><figcaption id=\"caption-attachment-253\" class=\"wp-caption-text\">Schloss Kastelholm<\/figcaption><\/figure>\n<figure id=\"attachment_254\" aria-describedby=\"caption-attachment-254\" style=\"width: 840px\" class=\"wp-caption aligncenter\"><a href=\"https:\/\/bf-on-tour.de\/m-18\/wp-content\/uploads\/sites\/19\/2018\/10\/p12-08.jpg\" rel=\"lightbox[242]\"><img loading=\"lazy\" decoding=\"async\" class=\"wp-image-254 size-large\" src=\"https:\/\/bf-on-tour.de\/m-18\/wp-content\/uploads\/sites\/19\/2018\/10\/p12-08-1024x392.jpg\" alt=\"\" width=\"840\" height=\"322\" srcset=\"https:\/\/bf-on-tour.de\/m-18\/wp-content\/uploads\/sites\/19\/2018\/10\/p12-08-1024x392.jpg 1024w, https:\/\/bf-on-tour.de\/m-18\/wp-content\/uploads\/sites\/19\/2018\/10\/p12-08-300x115.jpg 300w, https:\/\/bf-on-tour.de\/m-18\/wp-content\/uploads\/sites\/19\/2018\/10\/p12-08-768x294.jpg 768w, https:\/\/bf-on-tour.de\/m-18\/wp-content\/uploads\/sites\/19\/2018\/10\/p12-08.jpg 1200w\" sizes=\"auto, (max-width: 709px) 85vw, (max-width: 909px) 67vw, (max-width: 1362px) 62vw, 840px\" \/><\/a><figcaption id=\"caption-attachment-254\" class=\"wp-caption-text\">Festung Bomarsund (Die Reste der Feste)<\/figcaption><\/figure>\n<p>Wir bleiben hier auf dem Campingplatz Gr\u00f6na Udden zwei Tage. Einen f\u00fcr die Stadt und einen weiteren f\u00fcr die Hauptinseln, die wir mit den gep\u00e4ckentlasteten Maschinen erkunden. Und dabei merken wir, dass man hier Zeit braucht.<\/p>\n<figure id=\"attachment_255\" aria-describedby=\"caption-attachment-255\" style=\"width: 840px\" class=\"wp-caption aligncenter\"><a href=\"https:\/\/bf-on-tour.de\/m-18\/wp-content\/uploads\/sites\/19\/2018\/10\/p12-09.jpg\" rel=\"lightbox[242]\"><img loading=\"lazy\" decoding=\"async\" class=\"wp-image-255 size-large\" src=\"https:\/\/bf-on-tour.de\/m-18\/wp-content\/uploads\/sites\/19\/2018\/10\/p12-09-1024x576.jpg\" alt=\"\" width=\"840\" height=\"473\" srcset=\"https:\/\/bf-on-tour.de\/m-18\/wp-content\/uploads\/sites\/19\/2018\/10\/p12-09-1024x576.jpg 1024w, https:\/\/bf-on-tour.de\/m-18\/wp-content\/uploads\/sites\/19\/2018\/10\/p12-09-300x169.jpg 300w, https:\/\/bf-on-tour.de\/m-18\/wp-content\/uploads\/sites\/19\/2018\/10\/p12-09-768x432.jpg 768w, https:\/\/bf-on-tour.de\/m-18\/wp-content\/uploads\/sites\/19\/2018\/10\/p12-09.jpg 1200w\" sizes=\"auto, (max-width: 709px) 85vw, (max-width: 909px) 67vw, (max-width: 1362px) 62vw, 840px\" \/><\/a><figcaption id=\"caption-attachment-255\" class=\"wp-caption-text\">Obstanbau<\/figcaption><\/figure>\n<figure id=\"attachment_256\" aria-describedby=\"caption-attachment-256\" style=\"width: 840px\" class=\"wp-caption aligncenter\"><a href=\"https:\/\/bf-on-tour.de\/m-18\/wp-content\/uploads\/sites\/19\/2018\/10\/p12-10.jpg\" rel=\"lightbox[242]\"><img loading=\"lazy\" decoding=\"async\" class=\"wp-image-256 size-large\" src=\"https:\/\/bf-on-tour.de\/m-18\/wp-content\/uploads\/sites\/19\/2018\/10\/p12-10-1024x576.jpg\" alt=\"\" width=\"840\" height=\"473\" srcset=\"https:\/\/bf-on-tour.de\/m-18\/wp-content\/uploads\/sites\/19\/2018\/10\/p12-10-1024x576.jpg 1024w, https:\/\/bf-on-tour.de\/m-18\/wp-content\/uploads\/sites\/19\/2018\/10\/p12-10-300x169.jpg 300w, https:\/\/bf-on-tour.de\/m-18\/wp-content\/uploads\/sites\/19\/2018\/10\/p12-10-768x432.jpg 768w, https:\/\/bf-on-tour.de\/m-18\/wp-content\/uploads\/sites\/19\/2018\/10\/p12-10.jpg 1200w\" sizes=\"auto, (max-width: 709px) 85vw, (max-width: 909px) 67vw, (max-width: 1362px) 62vw, 840px\" \/><\/a><figcaption id=\"caption-attachment-256\" class=\"wp-caption-text\">Allein \u00fcber die Inseln &#8211; es herrscht so gut wie kein Verkehr<\/figcaption><\/figure>\n<figure id=\"attachment_257\" aria-describedby=\"caption-attachment-257\" style=\"width: 840px\" class=\"wp-caption aligncenter\"><a href=\"https:\/\/bf-on-tour.de\/m-18\/wp-content\/uploads\/sites\/19\/2018\/10\/p12-11.jpg\" rel=\"lightbox[242]\"><img loading=\"lazy\" decoding=\"async\" class=\"wp-image-257 size-large\" src=\"https:\/\/bf-on-tour.de\/m-18\/wp-content\/uploads\/sites\/19\/2018\/10\/p12-11-1024x566.jpg\" alt=\"\" width=\"840\" height=\"464\" srcset=\"https:\/\/bf-on-tour.de\/m-18\/wp-content\/uploads\/sites\/19\/2018\/10\/p12-11-1024x566.jpg 1024w, https:\/\/bf-on-tour.de\/m-18\/wp-content\/uploads\/sites\/19\/2018\/10\/p12-11-300x166.jpg 300w, https:\/\/bf-on-tour.de\/m-18\/wp-content\/uploads\/sites\/19\/2018\/10\/p12-11-768x424.jpg 768w, https:\/\/bf-on-tour.de\/m-18\/wp-content\/uploads\/sites\/19\/2018\/10\/p12-11.jpg 1200w\" sizes=\"auto, (max-width: 709px) 85vw, (max-width: 909px) 67vw, (max-width: 1362px) 62vw, 840px\" \/><\/a><figcaption id=\"caption-attachment-257\" class=\"wp-caption-text\">Am Ende der Welt &#8211; hier f\u00e4hrt heute gar nichts mehr&#8230;<\/figcaption><\/figure>\n<p>Nat\u00fcrlich sind die Inseln vergleichsweise klein, und an kulturhistorischen Zielen gibt es eigentlich nur zwei &#8211; das Schloss Kastelholm in Sund und die ehemals russische Festung Bomarsund &#8211; aber es gibt so viele Stellen, an denen man gar nicht schnell fahren m\u00f6chte, an denen man lieber mal ein Foto macht oder die Szenerie auf sich wirken l\u00e4sst, so dass wir irgendwann merken, uns ist eben diese Zeit davon gelaufen und wir sollten zum Zelt zur\u00fcck kehren.<\/p>\n<figure id=\"attachment_263\" aria-describedby=\"caption-attachment-263\" style=\"width: 840px\" class=\"wp-caption aligncenter\"><a href=\"https:\/\/bf-on-tour.de\/m-18\/wp-content\/uploads\/sites\/19\/2018\/10\/p12-14.jpg\" rel=\"lightbox[242]\"><img loading=\"lazy\" decoding=\"async\" class=\"size-large wp-image-263\" src=\"https:\/\/bf-on-tour.de\/m-18\/wp-content\/uploads\/sites\/19\/2018\/10\/p12-14-1024x538.jpg\" alt=\"\" width=\"840\" height=\"441\" srcset=\"https:\/\/bf-on-tour.de\/m-18\/wp-content\/uploads\/sites\/19\/2018\/10\/p12-14-1024x538.jpg 1024w, https:\/\/bf-on-tour.de\/m-18\/wp-content\/uploads\/sites\/19\/2018\/10\/p12-14-300x158.jpg 300w, https:\/\/bf-on-tour.de\/m-18\/wp-content\/uploads\/sites\/19\/2018\/10\/p12-14-768x403.jpg 768w, https:\/\/bf-on-tour.de\/m-18\/wp-content\/uploads\/sites\/19\/2018\/10\/p12-14.jpg 1200w\" sizes=\"auto, (max-width: 709px) 85vw, (max-width: 909px) 67vw, (max-width: 1362px) 62vw, 840px\" \/><\/a><figcaption id=\"caption-attachment-263\" class=\"wp-caption-text\">Zur\u00fcck am Zelt<\/figcaption><\/figure>\n<p><a href=\"https:\/\/bf-on-tour.de\/m-18\/p-11\"><img loading=\"lazy\" decoding=\"async\" class=\"alignleft wp-image-10\" src=\"https:\/\/bf-on-tour.de\/m-18\/wp-content\/uploads\/sites\/19\/2018\/10\/zurueck.png\" alt=\"\" width=\"50\" height=\"37\" \/><\/a> <a href=\"https:\/\/bf-on-tour.de\/m-18\/p-13\"><img loading=\"lazy\" decoding=\"async\" class=\"alignright wp-image-9\" src=\"https:\/\/bf-on-tour.de\/m-18\/wp-content\/uploads\/sites\/19\/2018\/10\/weiter.png\" alt=\"\" width=\"50\" height=\"37\" \/><\/a><\/p>\n","protected":false},"excerpt":{"rendered":"<p>\u00c5land besteht aus \u00fcber 6.000 Inseln und 30.000 Einwohnern, liegt zwischen Finnland und Schweden, geh\u00f6rt politisch zu Finnand, hat ein eigenes Parlament und ist damit in vielen Fragen des t\u00e4glichen Lebens autonom. Man spricht schwedisch &#8211; und das sehr bewusst &#8211; zahlt aber gern mit Euronen! 11.000 der 30.000 Einwohner leben in Mariehamn, der Hauptstadt &hellip; <a href=\"https:\/\/bf-on-tour.de\/m-18\/p-12\/\" class=\"more-link\"><span class=\"screen-reader-text\">\u201eFinnische Schweden oder schwedische Finnen?\u201c <\/span>weiterlesen<\/a><\/p>\n","protected":false},"author":1,"featured_media":0,"parent":0,"menu_order":11,"comment_status":"open","ping_status":"closed","template":"","meta":{"footnotes":""},"class_list":["post-242","page","type-page","status-publish","hentry"],"yoast_head":"<!-- This site is optimized with the Yoast SEO plugin v27.1.1 - https:\/\/yoast.com\/product\/yoast-seo-wordpress\/ -->\n<title>Finnische Schweden oder schwedische Finnen? - Rund um die Ostsee<\/title>\n<meta name=\"robots\" content=\"index, follow, max-snippet:-1, max-image-preview:large, max-video-preview:-1\" \/>\n<link rel=\"canonical\" href=\"https:\/\/bf-on-tour.de\/m-18\/p-12\/\" \/>\n<meta property=\"og:locale\" content=\"de_DE\" \/>\n<meta property=\"og:type\" content=\"article\" \/>\n<meta property=\"og:title\" content=\"Finnische Schweden oder schwedische Finnen? - Rund um die Ostsee\" \/>\n<meta property=\"og:description\" content=\"\u00c5land besteht aus \u00fcber 6.000 Inseln und 30.000 Einwohnern, liegt zwischen Finnland und Schweden, geh\u00f6rt politisch zu Finnand, hat ein eigenes Parlament und ist damit in vielen Fragen des t\u00e4glichen Lebens autonom. Man spricht schwedisch &#8211; und das sehr bewusst &#8211; zahlt aber gern mit Euronen! 11.000 der 30.000 Einwohner leben in Mariehamn, der Hauptstadt &hellip; \u201eFinnische Schweden oder schwedische Finnen?\u201c weiterlesen\" \/>\n<meta property=\"og:url\" content=\"https:\/\/bf-on-tour.de\/m-18\/p-12\/\" \/>\n<meta property=\"og:site_name\" content=\"Rund um die Ostsee\" \/>\n<meta property=\"article:modified_time\" content=\"2020-04-02T13:45:49+00:00\" \/>\n<meta property=\"og:image\" content=\"https:\/\/bf-on-tour.de\/m-18\/wp-content\/uploads\/sites\/19\/2018\/10\/p12-13-150x150.jpg\" \/>\n<meta name=\"twitter:card\" content=\"summary_large_image\" \/>\n<meta name=\"twitter:label1\" content=\"Gesch\u00e4tzte Lesezeit\" \/>\n\t<meta name=\"twitter:data1\" content=\"3\u00a0Minuten\" \/>\n<script type=\"application\/ld+json\" class=\"yoast-schema-graph\">{\"@context\":\"https:\/\/schema.org\",\"@graph\":[{\"@type\":\"WebPage\",\"@id\":\"https:\/\/bf-on-tour.de\/m-18\/p-12\/\",\"url\":\"https:\/\/bf-on-tour.de\/m-18\/p-12\/\",\"name\":\"Finnische Schweden oder schwedische Finnen? - Rund um die Ostsee\",\"isPartOf\":{\"@id\":\"https:\/\/bf-on-tour.de\/m-18\/#website\"},\"primaryImageOfPage\":{\"@id\":\"https:\/\/bf-on-tour.de\/m-18\/p-12\/#primaryimage\"},\"image\":{\"@id\":\"https:\/\/bf-on-tour.de\/m-18\/p-12\/#primaryimage\"},\"thumbnailUrl\":\"https:\/\/bf-on-tour.de\/m-18\/wp-content\/uploads\/sites\/19\/2018\/10\/p12-13-150x150.jpg\",\"datePublished\":\"2018-10-12T11:20:21+00:00\",\"dateModified\":\"2020-04-02T13:45:49+00:00\",\"breadcrumb\":{\"@id\":\"https:\/\/bf-on-tour.de\/m-18\/p-12\/#breadcrumb\"},\"inLanguage\":\"de\",\"potentialAction\":[{\"@type\":\"ReadAction\",\"target\":[\"https:\/\/bf-on-tour.de\/m-18\/p-12\/\"]}]},{\"@type\":\"ImageObject\",\"inLanguage\":\"de\",\"@id\":\"https:\/\/bf-on-tour.de\/m-18\/p-12\/#primaryimage\",\"url\":\"https:\/\/bf-on-tour.de\/m-18\/wp-content\/uploads\/sites\/19\/2018\/10\/p12-13.jpg\",\"contentUrl\":\"https:\/\/bf-on-tour.de\/m-18\/wp-content\/uploads\/sites\/19\/2018\/10\/p12-13.jpg\",\"width\":1200,\"height\":1200},{\"@type\":\"BreadcrumbList\",\"@id\":\"https:\/\/bf-on-tour.de\/m-18\/p-12\/#breadcrumb\",\"itemListElement\":[{\"@type\":\"ListItem\",\"position\":1,\"name\":\"Startseite\",\"item\":\"https:\/\/bf-on-tour.de\/m-18\/\"},{\"@type\":\"ListItem\",\"position\":2,\"name\":\"Finnische Schweden oder schwedische Finnen?\"}]},{\"@type\":\"WebSite\",\"@id\":\"https:\/\/bf-on-tour.de\/m-18\/#website\",\"url\":\"https:\/\/bf-on-tour.de\/m-18\/\",\"name\":\"Rund um die Ostsee\",\"description\":\"Litauen, Lettland, Estland, Finnland, \u00c5land, Schweden\",\"potentialAction\":[{\"@type\":\"SearchAction\",\"target\":{\"@type\":\"EntryPoint\",\"urlTemplate\":\"https:\/\/bf-on-tour.de\/m-18\/?s={search_term_string}\"},\"query-input\":{\"@type\":\"PropertyValueSpecification\",\"valueRequired\":true,\"valueName\":\"search_term_string\"}}],\"inLanguage\":\"de\"}]}<\/script>\n<!-- \/ Yoast SEO plugin. -->","yoast_head_json":{"title":"Finnische Schweden oder schwedische Finnen? - Rund um die Ostsee","robots":{"index":"index","follow":"follow","max-snippet":"max-snippet:-1","max-image-preview":"max-image-preview:large","max-video-preview":"max-video-preview:-1"},"canonical":"https:\/\/bf-on-tour.de\/m-18\/p-12\/","og_locale":"de_DE","og_type":"article","og_title":"Finnische Schweden oder schwedische Finnen? - Rund um die Ostsee","og_description":"\u00c5land besteht aus \u00fcber 6.000 Inseln und 30.000 Einwohnern, liegt zwischen Finnland und Schweden, geh\u00f6rt politisch zu Finnand, hat ein eigenes Parlament und ist damit in vielen Fragen des t\u00e4glichen Lebens autonom. Man spricht schwedisch &#8211; und das sehr bewusst &#8211; zahlt aber gern mit Euronen! 11.000 der 30.000 Einwohner leben in Mariehamn, der Hauptstadt &hellip; \u201eFinnische Schweden oder schwedische Finnen?\u201c weiterlesen","og_url":"https:\/\/bf-on-tour.de\/m-18\/p-12\/","og_site_name":"Rund um die Ostsee","article_modified_time":"2020-04-02T13:45:49+00:00","og_image":[{"url":"https:\/\/bf-on-tour.de\/m-18\/wp-content\/uploads\/sites\/19\/2018\/10\/p12-13-150x150.jpg","type":"","width":"","height":""}],"twitter_card":"summary_large_image","twitter_misc":{"Gesch\u00e4tzte Lesezeit":"3\u00a0Minuten"},"schema":{"@context":"https:\/\/schema.org","@graph":[{"@type":"WebPage","@id":"https:\/\/bf-on-tour.de\/m-18\/p-12\/","url":"https:\/\/bf-on-tour.de\/m-18\/p-12\/","name":"Finnische Schweden oder schwedische Finnen? - Rund um die Ostsee","isPartOf":{"@id":"https:\/\/bf-on-tour.de\/m-18\/#website"},"primaryImageOfPage":{"@id":"https:\/\/bf-on-tour.de\/m-18\/p-12\/#primaryimage"},"image":{"@id":"https:\/\/bf-on-tour.de\/m-18\/p-12\/#primaryimage"},"thumbnailUrl":"https:\/\/bf-on-tour.de\/m-18\/wp-content\/uploads\/sites\/19\/2018\/10\/p12-13-150x150.jpg","datePublished":"2018-10-12T11:20:21+00:00","dateModified":"2020-04-02T13:45:49+00:00","breadcrumb":{"@id":"https:\/\/bf-on-tour.de\/m-18\/p-12\/#breadcrumb"},"inLanguage":"de","potentialAction":[{"@type":"ReadAction","target":["https:\/\/bf-on-tour.de\/m-18\/p-12\/"]}]},{"@type":"ImageObject","inLanguage":"de","@id":"https:\/\/bf-on-tour.de\/m-18\/p-12\/#primaryimage","url":"https:\/\/bf-on-tour.de\/m-18\/wp-content\/uploads\/sites\/19\/2018\/10\/p12-13.jpg","contentUrl":"https:\/\/bf-on-tour.de\/m-18\/wp-content\/uploads\/sites\/19\/2018\/10\/p12-13.jpg","width":1200,"height":1200},{"@type":"BreadcrumbList","@id":"https:\/\/bf-on-tour.de\/m-18\/p-12\/#breadcrumb","itemListElement":[{"@type":"ListItem","position":1,"name":"Startseite","item":"https:\/\/bf-on-tour.de\/m-18\/"},{"@type":"ListItem","position":2,"name":"Finnische Schweden oder schwedische Finnen?"}]},{"@type":"WebSite","@id":"https:\/\/bf-on-tour.de\/m-18\/#website","url":"https:\/\/bf-on-tour.de\/m-18\/","name":"Rund um die Ostsee","description":"Litauen, Lettland, Estland, Finnland, \u00c5land, Schweden","potentialAction":[{"@type":"SearchAction","target":{"@type":"EntryPoint","urlTemplate":"https:\/\/bf-on-tour.de\/m-18\/?s={search_term_string}"},"query-input":{"@type":"PropertyValueSpecification","valueRequired":true,"valueName":"search_term_string"}}],"inLanguage":"de"}]}},"_links":{"self":[{"href":"https:\/\/bf-on-tour.de\/m-18\/wp-json\/wp\/v2\/pages\/242","targetHints":{"allow":["GET"]}}],"collection":[{"href":"https:\/\/bf-on-tour.de\/m-18\/wp-json\/wp\/v2\/pages"}],"about":[{"href":"https:\/\/bf-on-tour.de\/m-18\/wp-json\/wp\/v2\/types\/page"}],"author":[{"embeddable":true,"href":"https:\/\/bf-on-tour.de\/m-18\/wp-json\/wp\/v2\/users\/1"}],"replies":[{"embeddable":true,"href":"https:\/\/bf-on-tour.de\/m-18\/wp-json\/wp\/v2\/comments?post=242"}],"version-history":[{"count":13,"href":"https:\/\/bf-on-tour.de\/m-18\/wp-json\/wp\/v2\/pages\/242\/revisions"}],"predecessor-version":[{"id":565,"href":"https:\/\/bf-on-tour.de\/m-18\/wp-json\/wp\/v2\/pages\/242\/revisions\/565"}],"wp:attachment":[{"href":"https:\/\/bf-on-tour.de\/m-18\/wp-json\/wp\/v2\/media?parent=242"}],"curies":[{"name":"wp","href":"https:\/\/api.w.org\/{rel}","templated":true}]}}