{"id":232,"date":"2018-10-12T11:47:37","date_gmt":"2018-10-12T09:47:37","guid":{"rendered":"http:\/\/blog.family-riders.de\/m-18\/?page_id=232"},"modified":"2020-04-02T15:45:30","modified_gmt":"2020-04-02T13:45:30","slug":"p-11","status":"publish","type":"page","link":"https:\/\/bf-on-tour.de\/m-18\/p-11\/","title":{"rendered":"Freundliche Finnen"},"content":{"rendered":"<p>Wer bislang meine Reiseberichte gelesen und Erz\u00e4hlungen eigener Erfahrungen zugeh\u00f6rt hat, wei\u00df, dass ich von den Finnen leider kein gutes Bild habe. Sie sind verschlossen bis zur Unfreundlichkeit, maulfaul und m\u00fcrrisch. Wenn irgendwo ein Bike neben Deinem steht und der Besitzer gr\u00fc\u00dft nicht, sondern schaut demonstrativ weg &#8211; es ist ein Finne.<\/p>\n<p><strong>Hotel Memel, Klaipeda.<\/strong> Unseren Bikes stehen zwei finnische gegen\u00fcber. \u201e<em>Pass auf, das sind morgen fr\u00fch die einzigen, die nicht gr\u00fc\u00dfen, sondern weg schauen.<\/em>\u201c \u201e<em>Ja, ja, Du und Deine Vorurteile<\/em>\u201c, bekomme ich zur\u00fcck. Aber am n\u00e4chsten Morgen sind es tats\u00e4chlich genau die zwei, die sich so verhalten, wie ich es prophezeit hatte. Von wegen Vorurteile&#8230;<\/p>\n<p><strong>Tallinn, Warteschlange zur F\u00e4hre nach Helsinki.<\/strong> Vor uns ein Finne mit seiner BMW. Er h\u00f6rt Musik, schaut kurz zu uns hin. Wir gr\u00fc\u00dfen, er nicht. Vorurteil???<\/p>\n<figure id=\"attachment_238\" aria-describedby=\"caption-attachment-238\" style=\"width: 840px\" class=\"wp-caption aligncenter\"><a href=\"https:\/\/bf-on-tour.de\/m-18\/wp-content\/uploads\/sites\/19\/2018\/10\/p11-01.jpg\" rel=\"lightbox[232]\"><img loading=\"lazy\" decoding=\"async\" class=\"size-large wp-image-238\" src=\"https:\/\/bf-on-tour.de\/m-18\/wp-content\/uploads\/sites\/19\/2018\/10\/p11-01-1024x768.jpg\" alt=\"\" width=\"840\" height=\"630\" srcset=\"https:\/\/bf-on-tour.de\/m-18\/wp-content\/uploads\/sites\/19\/2018\/10\/p11-01-1024x768.jpg 1024w, https:\/\/bf-on-tour.de\/m-18\/wp-content\/uploads\/sites\/19\/2018\/10\/p11-01-300x225.jpg 300w, https:\/\/bf-on-tour.de\/m-18\/wp-content\/uploads\/sites\/19\/2018\/10\/p11-01-768x576.jpg 768w, https:\/\/bf-on-tour.de\/m-18\/wp-content\/uploads\/sites\/19\/2018\/10\/p11-01.jpg 1200w\" sizes=\"auto, (max-width: 709px) 85vw, (max-width: 909px) 67vw, (max-width: 1362px) 62vw, 840px\" \/><\/a><figcaption id=\"caption-attachment-238\" class=\"wp-caption-text\">Irgendwann kommt die F\u00e4hre doch noch.<\/figcaption><\/figure>\n<p>Man l\u00e4sst uns zur Rampe fahren, aber das Schiff ist noch nicht da. Er steht im einzigen knappen Schatten eines kleinen Eingangsvordaches. Wir stellen uns daneben, ignorieren ihn.\u00a0Und nach einer Weile geschieht das Unfassbare: Er nimmt den Ohrh\u00f6rer raus und spricht, fragt woher, wohin. Sein English ist bem\u00fcht, aber brauchbar. Wir unterhalten uns! Unglaublich!<\/p>\n<p>Er berichtet vom Urlaub in den Dolomiten, zeigt uns sogar ein Foto vom Hotel. Ich frage, ob er aus Helsinki kommt. Nein, dort arbeitet er nur. Wohnen tut er etwas nord-\u00f6stlich von Turku. Mitten im Wald (er zeigt es auf Google Maps), weil er da keine Nachbarn hat, mit denen er reden muss. Und ja, er f\u00e4hrt auch immer allein in Urlaub. Dann muss er mit niemandem \u00fcber die Tour und \u00fcber alle m\u00f6glichen anderen Befindlichkeiten diskutieren. Also doch, eigenbr\u00f6tlerisch, aber immerhin nicht unfreundlich. Damit kann man ja leben.<\/p>\n<p><strong>Turku, Sonntagabend.<\/strong> Wir \u00fcbernachten in einem B&amp;B-Erholungsheim f\u00fcr Krebskranke. Es hat ein wenig den Charakter einer Jugendherberge. Au\u00dfer uns sind nur noch zwei K\u00fcchenfrauen im Haus, die Reste einer nachmitt\u00e4glichen Feier beseitigen und den Gemeinschaftsraum f\u00fcr das Fr\u00fchst\u00fcck am Montag herrichten. Als ich den Raum betrete, bemerkt man mich gar nicht. &#8211; Hatte ich etwas anderes erwartet?<\/p>\n<p>Ich traue mich, vorsichtig nachzufragen, ob wir noch etwas zu essen bekommen k\u00f6nnen &#8211; und bin beinahe entsetzt: \u201e<em>Ja, nat\u00fcrlich! Es ist noch etwas von der Feier \u00fcbrig. Nehmen Sie, was und soviel Sie m\u00f6gen. Hier ist eine Mikrowelle, ich schalte Ihnen den Kaffeeautomaten wieder ein, damit Sie Kaffee und Tee zum Essen haben.<\/em>\u201c Kann ich Augen und Ohren trauen? Diese Freundlichkeit, diese Hilfsbereitschaft? Und zum Abschluss wird uns auch noch das Geschirr abgewaschen. Unglaublich! Es gibt offenbar Ausnahmen!<\/p>\n<figure id=\"attachment_239\" aria-describedby=\"caption-attachment-239\" style=\"width: 840px\" class=\"wp-caption aligncenter\"><a href=\"https:\/\/bf-on-tour.de\/m-18\/wp-content\/uploads\/sites\/19\/2018\/10\/p11-02.jpg\" rel=\"lightbox[232]\"><img loading=\"lazy\" decoding=\"async\" class=\"size-large wp-image-239\" src=\"https:\/\/bf-on-tour.de\/m-18\/wp-content\/uploads\/sites\/19\/2018\/10\/p11-02-1024x768.jpg\" alt=\"\" width=\"840\" height=\"630\" srcset=\"https:\/\/bf-on-tour.de\/m-18\/wp-content\/uploads\/sites\/19\/2018\/10\/p11-02-1024x768.jpg 1024w, https:\/\/bf-on-tour.de\/m-18\/wp-content\/uploads\/sites\/19\/2018\/10\/p11-02-300x225.jpg 300w, https:\/\/bf-on-tour.de\/m-18\/wp-content\/uploads\/sites\/19\/2018\/10\/p11-02-768x576.jpg 768w, https:\/\/bf-on-tour.de\/m-18\/wp-content\/uploads\/sites\/19\/2018\/10\/p11-02.jpg 1200w\" sizes=\"auto, (max-width: 709px) 85vw, (max-width: 909px) 67vw, (max-width: 1362px) 62vw, 840px\" \/><\/a><figcaption id=\"caption-attachment-239\" class=\"wp-caption-text\">Das (!) muss gleich notiert werden!<\/figcaption><\/figure>\n<p><strong>Camping Gr\u00f6na Udden, Mariehamn, \u00c5landinseln.<\/strong> Wir bauen unser Zelt bei wieder mal \u00fcber 30\u00b0 C auf einer schattenlosen Wiese auf. Es st\u00fcrmt mit 6 bis 7 Bft. Erdn\u00e4gel halten nicht, alle dem Wind zugewandten Abspannungen m\u00fcssen mit H\u00e4ringen befestigt werden. Immer wieder droht alles wegzufliegen. Nach etwa einer Dreiviertelstunde steht die Villa Faltenreich so einigerma\u00dfen fest im Wind &#8211; und wir sind schwei\u00dfgebadet.<\/p>\n<p>Gegen\u00fcber, auf der anderen Wegseite hat ein finnisches Paar sein Zelt aufgeschlagen und ist bereits fertig. Man sitzt am Tisch und beobachtet uns. Pl\u00f6tzlich stehen die beiden auf, holen zwei Dosen Getr\u00e4nk aus dem Zelt und kommen zu uns r\u00fcber. Sie bringen kalten Gin mit Grapefruitbrause, entschuldigen sich, dass sie sonst nur warmes Bier h\u00e4tten und freuen sich, uns damit ein wenig Entspannung bereiten zu k\u00f6nnen. Wir fassen es nicht. Das ist ja noch unglaublicher als die Szene in Turku.<\/p>\n<figure id=\"attachment_240\" aria-describedby=\"caption-attachment-240\" style=\"width: 840px\" class=\"wp-caption aligncenter\"><a href=\"https:\/\/bf-on-tour.de\/m-18\/wp-content\/uploads\/sites\/19\/2018\/10\/p11-03.jpg\" rel=\"lightbox[232]\"><img loading=\"lazy\" decoding=\"async\" class=\"size-large wp-image-240\" src=\"https:\/\/bf-on-tour.de\/m-18\/wp-content\/uploads\/sites\/19\/2018\/10\/p11-03-1024x768.jpg\" alt=\"\" width=\"840\" height=\"630\" srcset=\"https:\/\/bf-on-tour.de\/m-18\/wp-content\/uploads\/sites\/19\/2018\/10\/p11-03-1024x768.jpg 1024w, https:\/\/bf-on-tour.de\/m-18\/wp-content\/uploads\/sites\/19\/2018\/10\/p11-03-300x225.jpg 300w, https:\/\/bf-on-tour.de\/m-18\/wp-content\/uploads\/sites\/19\/2018\/10\/p11-03-768x576.jpg 768w, https:\/\/bf-on-tour.de\/m-18\/wp-content\/uploads\/sites\/19\/2018\/10\/p11-03.jpg 1200w\" sizes=\"auto, (max-width: 709px) 85vw, (max-width: 909px) 67vw, (max-width: 1362px) 62vw, 840px\" \/><\/a><figcaption id=\"caption-attachment-240\" class=\"wp-caption-text\">Die Villa steht. Nicht sch\u00f6n, aber fest.<\/figcaption><\/figure>\n<p>Und es bleibt so. Die n\u00e4chsten Tage gibt es mal ein Schw\u00e4tzchen, mal einen Scherz, man winkt sich zu, wei\u00df, die anderen passen auf, wenn man nicht da ist. Eine sehr angenehme, freundliche und dennoch distanzierte, unaufdringliche Gesellschaft.<\/p>\n<p>Und was ist jetzt mit den Vorurteilen? In den Orkus damit!<\/p>\n<p><a href=\"https:\/\/bf-on-tour.de\/m-18\/p-10\"><img loading=\"lazy\" decoding=\"async\" class=\"alignleft wp-image-10\" src=\"https:\/\/bf-on-tour.de\/m-18\/wp-content\/uploads\/sites\/19\/2018\/10\/zurueck.png\" alt=\"\" width=\"50\" height=\"37\" \/><\/a> <a href=\"https:\/\/bf-on-tour.de\/m-18\/p-12\"><img loading=\"lazy\" decoding=\"async\" class=\"alignright wp-image-9\" src=\"https:\/\/bf-on-tour.de\/m-18\/wp-content\/uploads\/sites\/19\/2018\/10\/weiter.png\" alt=\"\" width=\"50\" height=\"37\" \/><\/a><\/p>\n","protected":false},"excerpt":{"rendered":"<p>Wer bislang meine Reiseberichte gelesen und Erz\u00e4hlungen eigener Erfahrungen zugeh\u00f6rt hat, wei\u00df, dass ich von den Finnen leider kein gutes Bild habe. Sie sind verschlossen bis zur Unfreundlichkeit, maulfaul und m\u00fcrrisch. Wenn irgendwo ein Bike neben Deinem steht und der Besitzer gr\u00fc\u00dft nicht, sondern schaut demonstrativ weg &#8211; es ist ein Finne. Hotel Memel, Klaipeda. &hellip; <a href=\"https:\/\/bf-on-tour.de\/m-18\/p-11\/\" class=\"more-link\"><span class=\"screen-reader-text\">\u201eFreundliche Finnen\u201c <\/span>weiterlesen<\/a><\/p>\n","protected":false},"author":1,"featured_media":0,"parent":0,"menu_order":10,"comment_status":"open","ping_status":"closed","template":"","meta":{"footnotes":""},"class_list":["post-232","page","type-page","status-publish","hentry"],"yoast_head":"<!-- This site is optimized with the Yoast SEO plugin v27.1.1 - https:\/\/yoast.com\/product\/yoast-seo-wordpress\/ -->\n<title>Freundliche Finnen - Rund um die Ostsee<\/title>\n<meta name=\"robots\" content=\"index, follow, max-snippet:-1, max-image-preview:large, max-video-preview:-1\" \/>\n<link rel=\"canonical\" href=\"https:\/\/bf-on-tour.de\/m-18\/p-11\/\" \/>\n<meta property=\"og:locale\" content=\"de_DE\" \/>\n<meta property=\"og:type\" content=\"article\" \/>\n<meta property=\"og:title\" content=\"Freundliche Finnen - Rund um die Ostsee\" \/>\n<meta property=\"og:description\" content=\"Wer bislang meine Reiseberichte gelesen und Erz\u00e4hlungen eigener Erfahrungen zugeh\u00f6rt hat, wei\u00df, dass ich von den Finnen leider kein gutes Bild habe. Sie sind verschlossen bis zur Unfreundlichkeit, maulfaul und m\u00fcrrisch. Wenn irgendwo ein Bike neben Deinem steht und der Besitzer gr\u00fc\u00dft nicht, sondern schaut demonstrativ weg &#8211; es ist ein Finne. Hotel Memel, Klaipeda. &hellip; \u201eFreundliche Finnen\u201c weiterlesen\" \/>\n<meta property=\"og:url\" content=\"https:\/\/bf-on-tour.de\/m-18\/p-11\/\" \/>\n<meta property=\"og:site_name\" content=\"Rund um die Ostsee\" \/>\n<meta property=\"article:modified_time\" content=\"2020-04-02T13:45:30+00:00\" \/>\n<meta property=\"og:image\" content=\"https:\/\/bf-on-tour.de\/m-18\/wp-content\/uploads\/sites\/19\/2018\/10\/p11-01-1024x768.jpg\" \/>\n<meta name=\"twitter:card\" content=\"summary_large_image\" \/>\n<meta name=\"twitter:label1\" content=\"Gesch\u00e4tzte Lesezeit\" \/>\n\t<meta name=\"twitter:data1\" content=\"3\u00a0Minuten\" \/>\n<script type=\"application\/ld+json\" class=\"yoast-schema-graph\">{\"@context\":\"https:\/\/schema.org\",\"@graph\":[{\"@type\":\"WebPage\",\"@id\":\"https:\/\/bf-on-tour.de\/m-18\/p-11\/\",\"url\":\"https:\/\/bf-on-tour.de\/m-18\/p-11\/\",\"name\":\"Freundliche Finnen - Rund um die Ostsee\",\"isPartOf\":{\"@id\":\"https:\/\/bf-on-tour.de\/m-18\/#website\"},\"primaryImageOfPage\":{\"@id\":\"https:\/\/bf-on-tour.de\/m-18\/p-11\/#primaryimage\"},\"image\":{\"@id\":\"https:\/\/bf-on-tour.de\/m-18\/p-11\/#primaryimage\"},\"thumbnailUrl\":\"https:\/\/bf-on-tour.de\/m-18\/wp-content\/uploads\/sites\/19\/2018\/10\/p11-01-1024x768.jpg\",\"datePublished\":\"2018-10-12T09:47:37+00:00\",\"dateModified\":\"2020-04-02T13:45:30+00:00\",\"breadcrumb\":{\"@id\":\"https:\/\/bf-on-tour.de\/m-18\/p-11\/#breadcrumb\"},\"inLanguage\":\"de\",\"potentialAction\":[{\"@type\":\"ReadAction\",\"target\":[\"https:\/\/bf-on-tour.de\/m-18\/p-11\/\"]}]},{\"@type\":\"ImageObject\",\"inLanguage\":\"de\",\"@id\":\"https:\/\/bf-on-tour.de\/m-18\/p-11\/#primaryimage\",\"url\":\"https:\/\/bf-on-tour.de\/m-18\/wp-content\/uploads\/sites\/19\/2018\/10\/p11-01.jpg\",\"contentUrl\":\"https:\/\/bf-on-tour.de\/m-18\/wp-content\/uploads\/sites\/19\/2018\/10\/p11-01.jpg\",\"width\":1200,\"height\":900,\"caption\":\"Irgendwann kommt die F\u00e4hre doch noch.\"},{\"@type\":\"BreadcrumbList\",\"@id\":\"https:\/\/bf-on-tour.de\/m-18\/p-11\/#breadcrumb\",\"itemListElement\":[{\"@type\":\"ListItem\",\"position\":1,\"name\":\"Startseite\",\"item\":\"https:\/\/bf-on-tour.de\/m-18\/\"},{\"@type\":\"ListItem\",\"position\":2,\"name\":\"Freundliche Finnen\"}]},{\"@type\":\"WebSite\",\"@id\":\"https:\/\/bf-on-tour.de\/m-18\/#website\",\"url\":\"https:\/\/bf-on-tour.de\/m-18\/\",\"name\":\"Rund um die Ostsee\",\"description\":\"Litauen, Lettland, Estland, Finnland, \u00c5land, Schweden\",\"potentialAction\":[{\"@type\":\"SearchAction\",\"target\":{\"@type\":\"EntryPoint\",\"urlTemplate\":\"https:\/\/bf-on-tour.de\/m-18\/?s={search_term_string}\"},\"query-input\":{\"@type\":\"PropertyValueSpecification\",\"valueRequired\":true,\"valueName\":\"search_term_string\"}}],\"inLanguage\":\"de\"}]}<\/script>\n<!-- \/ Yoast SEO plugin. -->","yoast_head_json":{"title":"Freundliche Finnen - Rund um die Ostsee","robots":{"index":"index","follow":"follow","max-snippet":"max-snippet:-1","max-image-preview":"max-image-preview:large","max-video-preview":"max-video-preview:-1"},"canonical":"https:\/\/bf-on-tour.de\/m-18\/p-11\/","og_locale":"de_DE","og_type":"article","og_title":"Freundliche Finnen - Rund um die Ostsee","og_description":"Wer bislang meine Reiseberichte gelesen und Erz\u00e4hlungen eigener Erfahrungen zugeh\u00f6rt hat, wei\u00df, dass ich von den Finnen leider kein gutes Bild habe. Sie sind verschlossen bis zur Unfreundlichkeit, maulfaul und m\u00fcrrisch. Wenn irgendwo ein Bike neben Deinem steht und der Besitzer gr\u00fc\u00dft nicht, sondern schaut demonstrativ weg &#8211; es ist ein Finne. Hotel Memel, Klaipeda. &hellip; \u201eFreundliche Finnen\u201c weiterlesen","og_url":"https:\/\/bf-on-tour.de\/m-18\/p-11\/","og_site_name":"Rund um die Ostsee","article_modified_time":"2020-04-02T13:45:30+00:00","og_image":[{"url":"https:\/\/bf-on-tour.de\/m-18\/wp-content\/uploads\/sites\/19\/2018\/10\/p11-01-1024x768.jpg","type":"","width":"","height":""}],"twitter_card":"summary_large_image","twitter_misc":{"Gesch\u00e4tzte Lesezeit":"3\u00a0Minuten"},"schema":{"@context":"https:\/\/schema.org","@graph":[{"@type":"WebPage","@id":"https:\/\/bf-on-tour.de\/m-18\/p-11\/","url":"https:\/\/bf-on-tour.de\/m-18\/p-11\/","name":"Freundliche Finnen - Rund um die Ostsee","isPartOf":{"@id":"https:\/\/bf-on-tour.de\/m-18\/#website"},"primaryImageOfPage":{"@id":"https:\/\/bf-on-tour.de\/m-18\/p-11\/#primaryimage"},"image":{"@id":"https:\/\/bf-on-tour.de\/m-18\/p-11\/#primaryimage"},"thumbnailUrl":"https:\/\/bf-on-tour.de\/m-18\/wp-content\/uploads\/sites\/19\/2018\/10\/p11-01-1024x768.jpg","datePublished":"2018-10-12T09:47:37+00:00","dateModified":"2020-04-02T13:45:30+00:00","breadcrumb":{"@id":"https:\/\/bf-on-tour.de\/m-18\/p-11\/#breadcrumb"},"inLanguage":"de","potentialAction":[{"@type":"ReadAction","target":["https:\/\/bf-on-tour.de\/m-18\/p-11\/"]}]},{"@type":"ImageObject","inLanguage":"de","@id":"https:\/\/bf-on-tour.de\/m-18\/p-11\/#primaryimage","url":"https:\/\/bf-on-tour.de\/m-18\/wp-content\/uploads\/sites\/19\/2018\/10\/p11-01.jpg","contentUrl":"https:\/\/bf-on-tour.de\/m-18\/wp-content\/uploads\/sites\/19\/2018\/10\/p11-01.jpg","width":1200,"height":900,"caption":"Irgendwann kommt die F\u00e4hre doch noch."},{"@type":"BreadcrumbList","@id":"https:\/\/bf-on-tour.de\/m-18\/p-11\/#breadcrumb","itemListElement":[{"@type":"ListItem","position":1,"name":"Startseite","item":"https:\/\/bf-on-tour.de\/m-18\/"},{"@type":"ListItem","position":2,"name":"Freundliche Finnen"}]},{"@type":"WebSite","@id":"https:\/\/bf-on-tour.de\/m-18\/#website","url":"https:\/\/bf-on-tour.de\/m-18\/","name":"Rund um die Ostsee","description":"Litauen, Lettland, Estland, Finnland, \u00c5land, Schweden","potentialAction":[{"@type":"SearchAction","target":{"@type":"EntryPoint","urlTemplate":"https:\/\/bf-on-tour.de\/m-18\/?s={search_term_string}"},"query-input":{"@type":"PropertyValueSpecification","valueRequired":true,"valueName":"search_term_string"}}],"inLanguage":"de"}]}},"_links":{"self":[{"href":"https:\/\/bf-on-tour.de\/m-18\/wp-json\/wp\/v2\/pages\/232","targetHints":{"allow":["GET"]}}],"collection":[{"href":"https:\/\/bf-on-tour.de\/m-18\/wp-json\/wp\/v2\/pages"}],"about":[{"href":"https:\/\/bf-on-tour.de\/m-18\/wp-json\/wp\/v2\/types\/page"}],"author":[{"embeddable":true,"href":"https:\/\/bf-on-tour.de\/m-18\/wp-json\/wp\/v2\/users\/1"}],"replies":[{"embeddable":true,"href":"https:\/\/bf-on-tour.de\/m-18\/wp-json\/wp\/v2\/comments?post=232"}],"version-history":[{"count":11,"href":"https:\/\/bf-on-tour.de\/m-18\/wp-json\/wp\/v2\/pages\/232\/revisions"}],"predecessor-version":[{"id":564,"href":"https:\/\/bf-on-tour.de\/m-18\/wp-json\/wp\/v2\/pages\/232\/revisions\/564"}],"wp:attachment":[{"href":"https:\/\/bf-on-tour.de\/m-18\/wp-json\/wp\/v2\/media?parent=232"}],"curies":[{"name":"wp","href":"https:\/\/api.w.org\/{rel}","templated":true}]}}