{"id":205,"date":"2018-10-12T11:22:05","date_gmt":"2018-10-12T09:22:05","guid":{"rendered":"http:\/\/blog.family-riders.de\/m-18\/?page_id=205"},"modified":"2020-12-28T15:03:25","modified_gmt":"2020-12-28T14:03:25","slug":"p-10","status":"publish","type":"page","link":"https:\/\/bf-on-tour.de\/m-18\/p-10\/","title":{"rendered":"Bye bye Baltikum"},"content":{"rendered":"<p>Nach unserem Ausflug an den \u00f6stlichsten Zipfel Estlands genie\u00dfen wir die Fahrt entlang der Nordk\u00fcste mit den vielen sch\u00f6nen Ausblicken auf die Ostsee, einem exzellenten Campingplatz (solche B\u00e4der haben wir nicht einmal zu Hause) und einem langen Abendspaziergang barfu\u00df am Strand. Mein Gott, wie lange haben wir sowas schon nicht mehr gemacht&#8230;<\/p>\n<figure id=\"attachment_211\" aria-describedby=\"caption-attachment-211\" style=\"width: 840px\" class=\"wp-caption aligncenter\"><a href=\"https:\/\/bf-on-tour.de\/m-18\/wp-content\/uploads\/sites\/19\/2018\/10\/p10-02.jpg\" rel=\"lightbox[205]\"><img loading=\"lazy\" decoding=\"async\" class=\"size-large wp-image-211\" src=\"https:\/\/bf-on-tour.de\/m-18\/wp-content\/uploads\/sites\/19\/2018\/10\/p10-02-1024x539.jpg\" alt=\"\" width=\"840\" height=\"442\" srcset=\"https:\/\/bf-on-tour.de\/m-18\/wp-content\/uploads\/sites\/19\/2018\/10\/p10-02-1024x539.jpg 1024w, https:\/\/bf-on-tour.de\/m-18\/wp-content\/uploads\/sites\/19\/2018\/10\/p10-02-300x158.jpg 300w, https:\/\/bf-on-tour.de\/m-18\/wp-content\/uploads\/sites\/19\/2018\/10\/p10-02-768x404.jpg 768w, https:\/\/bf-on-tour.de\/m-18\/wp-content\/uploads\/sites\/19\/2018\/10\/p10-02.jpg 1200w\" sizes=\"auto, (max-width: 709px) 85vw, (max-width: 909px) 67vw, (max-width: 1362px) 62vw, 840px\" \/><\/a><figcaption id=\"caption-attachment-211\" class=\"wp-caption-text\">Unber\u00fchrter Strand l\u00e4dt ein zu langen Spazierg\u00e4ngen<\/figcaption><\/figure>\n<figure id=\"attachment_210\" aria-describedby=\"caption-attachment-210\" style=\"width: 840px\" class=\"wp-caption aligncenter\"><a href=\"https:\/\/bf-on-tour.de\/m-18\/wp-content\/uploads\/sites\/19\/2018\/10\/p10-01.jpg\" rel=\"lightbox[205]\"><img loading=\"lazy\" decoding=\"async\" class=\"size-large wp-image-210\" src=\"https:\/\/bf-on-tour.de\/m-18\/wp-content\/uploads\/sites\/19\/2018\/10\/p10-01-1024x768.jpg\" alt=\"\" width=\"840\" height=\"630\" srcset=\"https:\/\/bf-on-tour.de\/m-18\/wp-content\/uploads\/sites\/19\/2018\/10\/p10-01-1024x768.jpg 1024w, https:\/\/bf-on-tour.de\/m-18\/wp-content\/uploads\/sites\/19\/2018\/10\/p10-01-300x225.jpg 300w, https:\/\/bf-on-tour.de\/m-18\/wp-content\/uploads\/sites\/19\/2018\/10\/p10-01-768x576.jpg 768w, https:\/\/bf-on-tour.de\/m-18\/wp-content\/uploads\/sites\/19\/2018\/10\/p10-01.jpg 1200w\" sizes=\"auto, (max-width: 709px) 85vw, (max-width: 909px) 67vw, (max-width: 1362px) 62vw, 840px\" \/><\/a><figcaption id=\"caption-attachment-210\" class=\"wp-caption-text\">Abendstimmung bei ruhiger See<\/figcaption><\/figure>\n<p>Am n\u00e4chsten Morgen geht es dann weiter durch h\u00fcbsche kleine D\u00f6rfer und (f\u00fcr estnische Verh\u00e4ltnisse) zahlreiche Seeb\u00e4der, wie zum Beispiel den Ort K\u00e4smu. Auch sie haben noch den d\u00f6rflichen Charakter, sind aber sehr gepflegt und sich ganz offensichtlich ihres Charmes bewusst.<\/p>\n<figure id=\"attachment_214\" aria-describedby=\"caption-attachment-214\" style=\"width: 840px\" class=\"wp-caption aligncenter\"><a href=\"https:\/\/bf-on-tour.de\/m-18\/wp-content\/uploads\/sites\/19\/2018\/10\/p10-05.jpg\" rel=\"lightbox[205]\"><img loading=\"lazy\" decoding=\"async\" class=\"size-large wp-image-214\" src=\"https:\/\/bf-on-tour.de\/m-18\/wp-content\/uploads\/sites\/19\/2018\/10\/p10-05-1024x958.jpg\" alt=\"\" width=\"840\" height=\"786\" srcset=\"https:\/\/bf-on-tour.de\/m-18\/wp-content\/uploads\/sites\/19\/2018\/10\/p10-05-1024x958.jpg 1024w, https:\/\/bf-on-tour.de\/m-18\/wp-content\/uploads\/sites\/19\/2018\/10\/p10-05-300x281.jpg 300w, https:\/\/bf-on-tour.de\/m-18\/wp-content\/uploads\/sites\/19\/2018\/10\/p10-05-768x719.jpg 768w, https:\/\/bf-on-tour.de\/m-18\/wp-content\/uploads\/sites\/19\/2018\/10\/p10-05.jpg 1200w\" sizes=\"auto, (max-width: 709px) 85vw, (max-width: 909px) 67vw, (max-width: 1362px) 62vw, 840px\" \/><\/a><figcaption id=\"caption-attachment-214\" class=\"wp-caption-text\">Idylle im Naturpark Lahemaa<\/figcaption><\/figure>\n<p>Wir fahren bewusst langsam und mit einigen Umwegen durch den Nationalpark Lahemaa. Manchmal geht es an der K\u00fcste entlang &#8211; von der man allerdings nicht viel sieht, weil zwischen Stra\u00dfe und Strand K\u00fcstenwald steht -, manchmal fahren wir durch kleine D\u00f6rfer oder langgestrickte Siedlungen mit nur wenigen H\u00e4usern. Es ist eine sch\u00f6ne, geradezu beruhigende Landschaft, die aber auch hier (wie am Peipussee) erst wenige Touristen anzieht.<\/p>\n<figure id=\"attachment_213\" aria-describedby=\"caption-attachment-213\" style=\"width: 840px\" class=\"wp-caption aligncenter\"><a href=\"https:\/\/bf-on-tour.de\/m-18\/wp-content\/uploads\/sites\/19\/2018\/10\/p10-04.jpg\" rel=\"lightbox[205]\"><img loading=\"lazy\" decoding=\"async\" class=\"size-large wp-image-213\" src=\"https:\/\/bf-on-tour.de\/m-18\/wp-content\/uploads\/sites\/19\/2018\/10\/p10-04-1024x530.jpg\" alt=\"\" width=\"840\" height=\"435\" srcset=\"https:\/\/bf-on-tour.de\/m-18\/wp-content\/uploads\/sites\/19\/2018\/10\/p10-04-1024x530.jpg 1024w, https:\/\/bf-on-tour.de\/m-18\/wp-content\/uploads\/sites\/19\/2018\/10\/p10-04-300x155.jpg 300w, https:\/\/bf-on-tour.de\/m-18\/wp-content\/uploads\/sites\/19\/2018\/10\/p10-04-768x397.jpg 768w, https:\/\/bf-on-tour.de\/m-18\/wp-content\/uploads\/sites\/19\/2018\/10\/p10-04.jpg 1200w\" sizes=\"auto, (max-width: 709px) 85vw, (max-width: 909px) 67vw, (max-width: 1362px) 62vw, 840px\" \/><\/a><figcaption id=\"caption-attachment-213\" class=\"wp-caption-text\">Das weithin flache K\u00fcstengebiet im Norden Estlands<\/figcaption><\/figure>\n<p>W\u00e4re gerade dieser Landesteil nicht so weit weg von zu Hause, hier k\u00f6nnte man einen v\u00f6llig entspannten Urlaub genie\u00dfen.<\/p>\n<figure id=\"attachment_212\" aria-describedby=\"caption-attachment-212\" style=\"width: 840px\" class=\"wp-caption aligncenter\"><a href=\"https:\/\/bf-on-tour.de\/m-18\/wp-content\/uploads\/sites\/19\/2018\/10\/p10-03.jpg\" rel=\"lightbox[205]\"><img loading=\"lazy\" decoding=\"async\" class=\"size-large wp-image-212\" src=\"https:\/\/bf-on-tour.de\/m-18\/wp-content\/uploads\/sites\/19\/2018\/10\/p10-03-1024x1008.jpg\" alt=\"\" width=\"840\" height=\"827\" srcset=\"https:\/\/bf-on-tour.de\/m-18\/wp-content\/uploads\/sites\/19\/2018\/10\/p10-03-1024x1008.jpg 1024w, https:\/\/bf-on-tour.de\/m-18\/wp-content\/uploads\/sites\/19\/2018\/10\/p10-03-300x295.jpg 300w, https:\/\/bf-on-tour.de\/m-18\/wp-content\/uploads\/sites\/19\/2018\/10\/p10-03-768x756.jpg 768w, https:\/\/bf-on-tour.de\/m-18\/wp-content\/uploads\/sites\/19\/2018\/10\/p10-03.jpg 1200w\" sizes=\"auto, (max-width: 709px) 85vw, (max-width: 909px) 67vw, (max-width: 1362px) 62vw, 840px\" \/><\/a><figcaption id=\"caption-attachment-212\" class=\"wp-caption-text\">Sagadi<\/figcaption><\/figure>\n<p>Und pl\u00f6tzlich stehen wir vor dem Herrenhaus <em>Sagadi<\/em>. Einem beeindruckenden Anwesen, das einst eines der gr\u00f6\u00dften und m\u00e4chtigsten G\u00fcter Estlands gewesen ist. Hier lebte \u00fcber Jahrhunderte die Familie <em>von Fock<\/em> und es gibt zahlreiche Inschriften und Details, die daran erinnern.<\/p>\n<p>Auch, wenn es heute ein Hotel und Tagungsort ist, man kann sich sehr gut vorstellen, wie der alte Fock im Sonntagsstaat seine G\u00e4ste empfangen und in Reithose mit Schaftstiefeln das Gut befehligt hat, bzw. bewirtschaften lie\u00df. Sicher ein Grund daf\u00fcr, dass auf diesem Gel\u00e4nde zahlreiche Fernsehserien und Spielfilme f\u00fcr das estnische Fernsehen gedreht wurden. Man pflegt eben nicht nur die Geschichte, sondern auch das Klischee.<\/p>\n<figure id=\"attachment_218\" aria-describedby=\"caption-attachment-218\" style=\"width: 840px\" class=\"wp-caption aligncenter\"><a href=\"https:\/\/bf-on-tour.de\/m-18\/wp-content\/uploads\/sites\/19\/2018\/10\/p10-09.jpg\" rel=\"lightbox[205]\"><img loading=\"lazy\" decoding=\"async\" class=\"size-large wp-image-218\" src=\"https:\/\/bf-on-tour.de\/m-18\/wp-content\/uploads\/sites\/19\/2018\/10\/p10-09-1024x684.jpg\" alt=\"\" width=\"840\" height=\"561\" srcset=\"https:\/\/bf-on-tour.de\/m-18\/wp-content\/uploads\/sites\/19\/2018\/10\/p10-09-1024x684.jpg 1024w, https:\/\/bf-on-tour.de\/m-18\/wp-content\/uploads\/sites\/19\/2018\/10\/p10-09-300x200.jpg 300w, https:\/\/bf-on-tour.de\/m-18\/wp-content\/uploads\/sites\/19\/2018\/10\/p10-09-768x513.jpg 768w, https:\/\/bf-on-tour.de\/m-18\/wp-content\/uploads\/sites\/19\/2018\/10\/p10-09.jpg 1200w\" sizes=\"auto, (max-width: 709px) 85vw, (max-width: 909px) 67vw, (max-width: 1362px) 62vw, 840px\" \/><\/a><figcaption id=\"caption-attachment-218\" class=\"wp-caption-text\">Stadttor<\/figcaption><\/figure>\n<p>Schlie\u00dflich noch Tallinn. Unser Hotel liegt nahe der Altstadt und wir genie\u00dfen deren mittelalterliches Flair. Auch in dieser Stadt waren wir drei Jahre zuvor schon gewesen, weshalb uns, wie in Riga, nichts n\u00f6tigt, alles sehen oder fotografieren zu wollen.<\/p>\n<figure id=\"attachment_217\" aria-describedby=\"caption-attachment-217\" style=\"width: 840px\" class=\"wp-caption aligncenter\"><a href=\"https:\/\/bf-on-tour.de\/m-18\/wp-content\/uploads\/sites\/19\/2018\/10\/p10-08.jpg\" rel=\"lightbox[205]\"><img loading=\"lazy\" decoding=\"async\" class=\"size-large wp-image-217\" src=\"https:\/\/bf-on-tour.de\/m-18\/wp-content\/uploads\/sites\/19\/2018\/10\/p10-08-1024x998.jpg\" alt=\"\" width=\"840\" height=\"819\" srcset=\"https:\/\/bf-on-tour.de\/m-18\/wp-content\/uploads\/sites\/19\/2018\/10\/p10-08-1024x998.jpg 1024w, https:\/\/bf-on-tour.de\/m-18\/wp-content\/uploads\/sites\/19\/2018\/10\/p10-08-300x293.jpg 300w, https:\/\/bf-on-tour.de\/m-18\/wp-content\/uploads\/sites\/19\/2018\/10\/p10-08-768x749.jpg 768w, https:\/\/bf-on-tour.de\/m-18\/wp-content\/uploads\/sites\/19\/2018\/10\/p10-08.jpg 1200w\" sizes=\"auto, (max-width: 709px) 85vw, (max-width: 909px) 67vw, (max-width: 1362px) 62vw, 840px\" \/><\/a><figcaption id=\"caption-attachment-217\" class=\"wp-caption-text\">Eine der pittoresken Gassen in Tallinn<\/figcaption><\/figure>\n<figure id=\"attachment_216\" aria-describedby=\"caption-attachment-216\" style=\"width: 840px\" class=\"wp-caption aligncenter\"><a href=\"https:\/\/bf-on-tour.de\/m-18\/wp-content\/uploads\/sites\/19\/2018\/10\/p10-07.jpg\" rel=\"lightbox[205]\"><img loading=\"lazy\" decoding=\"async\" class=\"size-large wp-image-216\" src=\"https:\/\/bf-on-tour.de\/m-18\/wp-content\/uploads\/sites\/19\/2018\/10\/p10-07-1012x1024.jpg\" alt=\"\" width=\"840\" height=\"850\" srcset=\"https:\/\/bf-on-tour.de\/m-18\/wp-content\/uploads\/sites\/19\/2018\/10\/p10-07-1012x1024.jpg 1012w, https:\/\/bf-on-tour.de\/m-18\/wp-content\/uploads\/sites\/19\/2018\/10\/p10-07-297x300.jpg 297w, https:\/\/bf-on-tour.de\/m-18\/wp-content\/uploads\/sites\/19\/2018\/10\/p10-07-768x777.jpg 768w, https:\/\/bf-on-tour.de\/m-18\/wp-content\/uploads\/sites\/19\/2018\/10\/p10-07.jpg 1200w\" sizes=\"auto, (max-width: 709px) 85vw, (max-width: 909px) 67vw, (max-width: 1362px) 62vw, 840px\" \/><\/a><figcaption id=\"caption-attachment-216\" class=\"wp-caption-text\">Mittelalterlich gekleidete Animateure f\u00fcr das Lokal &#8222;Olde Hansa&#8220;<\/figcaption><\/figure>\n<p>Wir lassen die h\u00fcbschen alten Bauten mit den vielen deutschen Inschriften aus der Hansezeit, die engen Gassen mit dem holprigen Kopfsteinpflaster, die m\u00e4chtige Stadtmauer, die vielen bunt Kost\u00fcmierten, die Musikanten, die von russischer Akkordeonfolklore bis zu klassischen Violinst\u00fccken allerlei mehr oder weniger Kulturelles darbieten, die Stra\u00dfenmaler und -zeichner, die zahlreichen Lokale mit ihren \u00fcberdachten Veranden auf der Stra\u00dfe und den ganzen Rummel darum herum einfach auf uns wirken, suchen uns dann in einer ruhigeren Ecke ein Lokal zum Abendessen.<\/p>\n<figure id=\"attachment_215\" aria-describedby=\"caption-attachment-215\" style=\"width: 840px\" class=\"wp-caption aligncenter\"><a href=\"https:\/\/bf-on-tour.de\/m-18\/wp-content\/uploads\/sites\/19\/2018\/10\/p10-06.jpg\" rel=\"lightbox[205]\"><img loading=\"lazy\" decoding=\"async\" class=\"size-large wp-image-215\" src=\"https:\/\/bf-on-tour.de\/m-18\/wp-content\/uploads\/sites\/19\/2018\/10\/p10-06-1024x1024.jpg\" alt=\"\" width=\"840\" height=\"840\" srcset=\"https:\/\/bf-on-tour.de\/m-18\/wp-content\/uploads\/sites\/19\/2018\/10\/p10-06-1024x1024.jpg 1024w, https:\/\/bf-on-tour.de\/m-18\/wp-content\/uploads\/sites\/19\/2018\/10\/p10-06-150x150.jpg 150w, https:\/\/bf-on-tour.de\/m-18\/wp-content\/uploads\/sites\/19\/2018\/10\/p10-06-300x300.jpg 300w, https:\/\/bf-on-tour.de\/m-18\/wp-content\/uploads\/sites\/19\/2018\/10\/p10-06-768x768.jpg 768w, https:\/\/bf-on-tour.de\/m-18\/wp-content\/uploads\/sites\/19\/2018\/10\/p10-06.jpg 1200w\" sizes=\"auto, (max-width: 709px) 85vw, (max-width: 909px) 67vw, (max-width: 1362px) 62vw, 840px\" \/><\/a><figcaption id=\"caption-attachment-215\" class=\"wp-caption-text\">Musikanten<\/figcaption><\/figure>\n<p>Und w\u00e4hrend ich so mit meinem Handy hantiere, schaue ich mir mehr zuf\u00e4llig auch noch einmal die Buchungsbest\u00e4tigung f\u00fcr die F\u00e4hre morgen fr\u00fch nach Helsinki an. Der Schreck f\u00e4hrt mir in die Glieder. Wir hatten gestern Abend schlechten Netzempfang und der Bezahlvorgang f\u00fcr die Buchung war alles andere als einfach (sicher ist ja sch\u00f6n, aber so sicher, dass es nicht mehr klappt, ist unsch\u00f6n). Und jetzt habe ich nicht Tallinn &#8211; Helsinki gebucht, sondern umgekehrt. Mein Anruf bei der Ecker\u00f6-Line landet, wie zu erwarten, in der Warteschlange und ich darf mir endlos lange estnische Werbung (oder das, was ich daf\u00fcr halte) anh\u00f6ren. Dann kommt meine Pizza und ich h\u00e4nge auf.<\/p>\n<p>Das Essen schmeckt mir nicht besonders &#8211; was aber nat\u00fcrlich nicht an der K\u00fcche des Hauses liegt. Ich sehe zu, fertig zu werden. Dann der zweite Anruf. Wieder Warteschlange, wieder Unverst\u00e4ndliches. Endlich ein Mitarbeiter. Ein kompetenter sogar, Englisch sprechend. Ihn l\u00e4sst mein Fehler v\u00f6llig kalt; sowas scheint \u00f6fter vorzukommen. V\u00f6llig problemlos \u00e4ndert er die Buchung, schickt mir eine neue Best\u00e4tigung. Dumm nur, dass unsere F\u00e4hre jetzt nicht mehr um 9:00 Uhr, sondern erst um 12:00 Uhr abf\u00e4hrt &#8211; und wir wollen morgen noch bis Turku&#8230;<\/p>\n<p><a href=\"https:\/\/bf-on-tour.de\/m-18\/p-09\"><img loading=\"lazy\" decoding=\"async\" class=\"alignleft wp-image-10\" src=\"https:\/\/bf-on-tour.de\/m-18\/wp-content\/uploads\/sites\/19\/2018\/10\/zurueck.png\" alt=\"\" width=\"50\" height=\"37\" \/><\/a> <a href=\"https:\/\/bf-on-tour.de\/m-18\/p-11\"><img loading=\"lazy\" decoding=\"async\" class=\"alignright wp-image-9\" src=\"https:\/\/bf-on-tour.de\/m-18\/wp-content\/uploads\/sites\/19\/2018\/10\/weiter.png\" alt=\"\" width=\"50\" height=\"37\" \/><\/a><\/p>\n","protected":false},"excerpt":{"rendered":"<p>Nach unserem Ausflug an den \u00f6stlichsten Zipfel Estlands genie\u00dfen wir die Fahrt entlang der Nordk\u00fcste mit den vielen sch\u00f6nen Ausblicken auf die Ostsee, einem exzellenten Campingplatz (solche B\u00e4der haben wir nicht einmal zu Hause) und einem langen Abendspaziergang barfu\u00df am Strand. Mein Gott, wie lange haben wir sowas schon nicht mehr gemacht&#8230; Am n\u00e4chsten Morgen &hellip; <a href=\"https:\/\/bf-on-tour.de\/m-18\/p-10\/\" class=\"more-link\"><span class=\"screen-reader-text\">\u201eBye bye Baltikum\u201c <\/span>weiterlesen<\/a><\/p>\n","protected":false},"author":1,"featured_media":0,"parent":0,"menu_order":9,"comment_status":"open","ping_status":"closed","template":"","meta":{"footnotes":""},"class_list":["post-205","page","type-page","status-publish","hentry"],"yoast_head":"<!-- This site is optimized with the Yoast SEO plugin v27.1.1 - https:\/\/yoast.com\/product\/yoast-seo-wordpress\/ -->\n<title>Bye bye Baltikum - Rund um die Ostsee<\/title>\n<meta name=\"robots\" content=\"index, follow, max-snippet:-1, max-image-preview:large, max-video-preview:-1\" \/>\n<link rel=\"canonical\" href=\"https:\/\/bf-on-tour.de\/m-18\/p-10\/\" \/>\n<meta property=\"og:locale\" content=\"de_DE\" \/>\n<meta property=\"og:type\" content=\"article\" \/>\n<meta property=\"og:title\" content=\"Bye bye Baltikum - Rund um die Ostsee\" \/>\n<meta property=\"og:description\" content=\"Nach unserem Ausflug an den \u00f6stlichsten Zipfel Estlands genie\u00dfen wir die Fahrt entlang der Nordk\u00fcste mit den vielen sch\u00f6nen Ausblicken auf die Ostsee, einem exzellenten Campingplatz (solche B\u00e4der haben wir nicht einmal zu Hause) und einem langen Abendspaziergang barfu\u00df am Strand. Mein Gott, wie lange haben wir sowas schon nicht mehr gemacht&#8230; Am n\u00e4chsten Morgen &hellip; \u201eBye bye Baltikum\u201c weiterlesen\" \/>\n<meta property=\"og:url\" content=\"https:\/\/bf-on-tour.de\/m-18\/p-10\/\" \/>\n<meta property=\"og:site_name\" content=\"Rund um die Ostsee\" \/>\n<meta property=\"article:modified_time\" content=\"2020-12-28T14:03:25+00:00\" \/>\n<meta property=\"og:image\" content=\"https:\/\/bf-on-tour.de\/m-18\/wp-content\/uploads\/sites\/19\/2018\/10\/p10-02-1024x539.jpg\" \/>\n<meta name=\"twitter:card\" content=\"summary_large_image\" \/>\n<meta name=\"twitter:label1\" content=\"Gesch\u00e4tzte Lesezeit\" \/>\n\t<meta name=\"twitter:data1\" content=\"4\u00a0Minuten\" \/>\n<script type=\"application\/ld+json\" class=\"yoast-schema-graph\">{\"@context\":\"https:\/\/schema.org\",\"@graph\":[{\"@type\":\"WebPage\",\"@id\":\"https:\/\/bf-on-tour.de\/m-18\/p-10\/\",\"url\":\"https:\/\/bf-on-tour.de\/m-18\/p-10\/\",\"name\":\"Bye bye Baltikum - Rund um die Ostsee\",\"isPartOf\":{\"@id\":\"https:\/\/bf-on-tour.de\/m-18\/#website\"},\"primaryImageOfPage\":{\"@id\":\"https:\/\/bf-on-tour.de\/m-18\/p-10\/#primaryimage\"},\"image\":{\"@id\":\"https:\/\/bf-on-tour.de\/m-18\/p-10\/#primaryimage\"},\"thumbnailUrl\":\"https:\/\/bf-on-tour.de\/m-18\/wp-content\/uploads\/sites\/19\/2018\/10\/p10-02-1024x539.jpg\",\"datePublished\":\"2018-10-12T09:22:05+00:00\",\"dateModified\":\"2020-12-28T14:03:25+00:00\",\"breadcrumb\":{\"@id\":\"https:\/\/bf-on-tour.de\/m-18\/p-10\/#breadcrumb\"},\"inLanguage\":\"de\",\"potentialAction\":[{\"@type\":\"ReadAction\",\"target\":[\"https:\/\/bf-on-tour.de\/m-18\/p-10\/\"]}]},{\"@type\":\"ImageObject\",\"inLanguage\":\"de\",\"@id\":\"https:\/\/bf-on-tour.de\/m-18\/p-10\/#primaryimage\",\"url\":\"https:\/\/bf-on-tour.de\/m-18\/wp-content\/uploads\/sites\/19\/2018\/10\/p10-02.jpg\",\"contentUrl\":\"https:\/\/bf-on-tour.de\/m-18\/wp-content\/uploads\/sites\/19\/2018\/10\/p10-02.jpg\",\"width\":1200,\"height\":632,\"caption\":\"Nahezu unber\u00fchrter Strand\"},{\"@type\":\"BreadcrumbList\",\"@id\":\"https:\/\/bf-on-tour.de\/m-18\/p-10\/#breadcrumb\",\"itemListElement\":[{\"@type\":\"ListItem\",\"position\":1,\"name\":\"Startseite\",\"item\":\"https:\/\/bf-on-tour.de\/m-18\/\"},{\"@type\":\"ListItem\",\"position\":2,\"name\":\"Bye bye Baltikum\"}]},{\"@type\":\"WebSite\",\"@id\":\"https:\/\/bf-on-tour.de\/m-18\/#website\",\"url\":\"https:\/\/bf-on-tour.de\/m-18\/\",\"name\":\"Rund um die Ostsee\",\"description\":\"Litauen, Lettland, Estland, Finnland, \u00c5land, Schweden\",\"potentialAction\":[{\"@type\":\"SearchAction\",\"target\":{\"@type\":\"EntryPoint\",\"urlTemplate\":\"https:\/\/bf-on-tour.de\/m-18\/?s={search_term_string}\"},\"query-input\":{\"@type\":\"PropertyValueSpecification\",\"valueRequired\":true,\"valueName\":\"search_term_string\"}}],\"inLanguage\":\"de\"}]}<\/script>\n<!-- \/ Yoast SEO plugin. -->","yoast_head_json":{"title":"Bye bye Baltikum - Rund um die Ostsee","robots":{"index":"index","follow":"follow","max-snippet":"max-snippet:-1","max-image-preview":"max-image-preview:large","max-video-preview":"max-video-preview:-1"},"canonical":"https:\/\/bf-on-tour.de\/m-18\/p-10\/","og_locale":"de_DE","og_type":"article","og_title":"Bye bye Baltikum - Rund um die Ostsee","og_description":"Nach unserem Ausflug an den \u00f6stlichsten Zipfel Estlands genie\u00dfen wir die Fahrt entlang der Nordk\u00fcste mit den vielen sch\u00f6nen Ausblicken auf die Ostsee, einem exzellenten Campingplatz (solche B\u00e4der haben wir nicht einmal zu Hause) und einem langen Abendspaziergang barfu\u00df am Strand. Mein Gott, wie lange haben wir sowas schon nicht mehr gemacht&#8230; Am n\u00e4chsten Morgen &hellip; \u201eBye bye Baltikum\u201c weiterlesen","og_url":"https:\/\/bf-on-tour.de\/m-18\/p-10\/","og_site_name":"Rund um die Ostsee","article_modified_time":"2020-12-28T14:03:25+00:00","og_image":[{"url":"https:\/\/bf-on-tour.de\/m-18\/wp-content\/uploads\/sites\/19\/2018\/10\/p10-02-1024x539.jpg","type":"","width":"","height":""}],"twitter_card":"summary_large_image","twitter_misc":{"Gesch\u00e4tzte Lesezeit":"4\u00a0Minuten"},"schema":{"@context":"https:\/\/schema.org","@graph":[{"@type":"WebPage","@id":"https:\/\/bf-on-tour.de\/m-18\/p-10\/","url":"https:\/\/bf-on-tour.de\/m-18\/p-10\/","name":"Bye bye Baltikum - Rund um die Ostsee","isPartOf":{"@id":"https:\/\/bf-on-tour.de\/m-18\/#website"},"primaryImageOfPage":{"@id":"https:\/\/bf-on-tour.de\/m-18\/p-10\/#primaryimage"},"image":{"@id":"https:\/\/bf-on-tour.de\/m-18\/p-10\/#primaryimage"},"thumbnailUrl":"https:\/\/bf-on-tour.de\/m-18\/wp-content\/uploads\/sites\/19\/2018\/10\/p10-02-1024x539.jpg","datePublished":"2018-10-12T09:22:05+00:00","dateModified":"2020-12-28T14:03:25+00:00","breadcrumb":{"@id":"https:\/\/bf-on-tour.de\/m-18\/p-10\/#breadcrumb"},"inLanguage":"de","potentialAction":[{"@type":"ReadAction","target":["https:\/\/bf-on-tour.de\/m-18\/p-10\/"]}]},{"@type":"ImageObject","inLanguage":"de","@id":"https:\/\/bf-on-tour.de\/m-18\/p-10\/#primaryimage","url":"https:\/\/bf-on-tour.de\/m-18\/wp-content\/uploads\/sites\/19\/2018\/10\/p10-02.jpg","contentUrl":"https:\/\/bf-on-tour.de\/m-18\/wp-content\/uploads\/sites\/19\/2018\/10\/p10-02.jpg","width":1200,"height":632,"caption":"Nahezu unber\u00fchrter Strand"},{"@type":"BreadcrumbList","@id":"https:\/\/bf-on-tour.de\/m-18\/p-10\/#breadcrumb","itemListElement":[{"@type":"ListItem","position":1,"name":"Startseite","item":"https:\/\/bf-on-tour.de\/m-18\/"},{"@type":"ListItem","position":2,"name":"Bye bye Baltikum"}]},{"@type":"WebSite","@id":"https:\/\/bf-on-tour.de\/m-18\/#website","url":"https:\/\/bf-on-tour.de\/m-18\/","name":"Rund um die Ostsee","description":"Litauen, Lettland, Estland, Finnland, \u00c5land, Schweden","potentialAction":[{"@type":"SearchAction","target":{"@type":"EntryPoint","urlTemplate":"https:\/\/bf-on-tour.de\/m-18\/?s={search_term_string}"},"query-input":{"@type":"PropertyValueSpecification","valueRequired":true,"valueName":"search_term_string"}}],"inLanguage":"de"}]}},"_links":{"self":[{"href":"https:\/\/bf-on-tour.de\/m-18\/wp-json\/wp\/v2\/pages\/205","targetHints":{"allow":["GET"]}}],"collection":[{"href":"https:\/\/bf-on-tour.de\/m-18\/wp-json\/wp\/v2\/pages"}],"about":[{"href":"https:\/\/bf-on-tour.de\/m-18\/wp-json\/wp\/v2\/types\/page"}],"author":[{"embeddable":true,"href":"https:\/\/bf-on-tour.de\/m-18\/wp-json\/wp\/v2\/users\/1"}],"replies":[{"embeddable":true,"href":"https:\/\/bf-on-tour.de\/m-18\/wp-json\/wp\/v2\/comments?post=205"}],"version-history":[{"count":21,"href":"https:\/\/bf-on-tour.de\/m-18\/wp-json\/wp\/v2\/pages\/205\/revisions"}],"predecessor-version":[{"id":570,"href":"https:\/\/bf-on-tour.de\/m-18\/wp-json\/wp\/v2\/pages\/205\/revisions\/570"}],"wp:attachment":[{"href":"https:\/\/bf-on-tour.de\/m-18\/wp-json\/wp\/v2\/media?parent=205"}],"curies":[{"name":"wp","href":"https:\/\/api.w.org\/{rel}","templated":true}]}}