{"id":191,"date":"2018-10-11T17:53:39","date_gmt":"2018-10-11T15:53:39","guid":{"rendered":"http:\/\/blog.family-riders.de\/m-18\/?page_id=191"},"modified":"2020-04-02T15:44:50","modified_gmt":"2020-04-02T13:44:50","slug":"p-09","status":"publish","type":"page","link":"https:\/\/bf-on-tour.de\/m-18\/p-09\/","title":{"rendered":"Der Peipussee und die zwei Burgen"},"content":{"rendered":"<p>Das Fr\u00fchst\u00fcck im Hotel ist ungeheuerlich! Verschiedene Salate, Fisch, allerlei Undefinierbares in gro\u00dfen Porzellansch\u00fcsseln, Aufschnitt und K\u00e4se, sowie eine stattliche Auswahl an leckeren Torten. Ich kann mich kaum zur\u00fcckhalten, von allem etwas zu probieren &#8211; und so gibt es schlussendlich Grie\u00dfbrei mit Vanilleso\u00dfe und Matjessalat. Ok, das muss man m\u00f6gen, aber jetzt wei\u00df ich wenigstens, was das<em>&nbsp;Undefinierbare<\/em>&nbsp;in den Sch\u00fcsseln ist.<\/p>\n<figure id=\"attachment_194\" aria-describedby=\"caption-attachment-194\" style=\"width: 840px\" class=\"wp-caption aligncenter\"><a href=\"https:\/\/bf-on-tour.de\/m-18\/wp-content\/uploads\/sites\/19\/2018\/10\/p09-01.jpg\" rel=\"lightbox[191]\"><img loading=\"lazy\" decoding=\"async\" class=\"wp-image-194 size-large\" src=\"https:\/\/bf-on-tour.de\/m-18\/wp-content\/uploads\/sites\/19\/2018\/10\/p09-01-e1539271068532-1024x598.jpg\" alt=\"\" width=\"840\" height=\"491\" srcset=\"https:\/\/bf-on-tour.de\/m-18\/wp-content\/uploads\/sites\/19\/2018\/10\/p09-01-e1539271068532-1024x598.jpg 1024w, https:\/\/bf-on-tour.de\/m-18\/wp-content\/uploads\/sites\/19\/2018\/10\/p09-01-e1539271068532-300x175.jpg 300w, https:\/\/bf-on-tour.de\/m-18\/wp-content\/uploads\/sites\/19\/2018\/10\/p09-01-e1539271068532-768x448.jpg 768w, https:\/\/bf-on-tour.de\/m-18\/wp-content\/uploads\/sites\/19\/2018\/10\/p09-01-e1539271068532.jpg 1197w\" sizes=\"auto, (max-width: 709px) 85vw, (max-width: 909px) 67vw, (max-width: 1362px) 62vw, 840px\" \/><\/a><figcaption id=\"caption-attachment-194\" class=\"wp-caption-text\">Der Tortenteil des Fr\u00fchst\u00fccks<\/figcaption><\/figure>\n<p>Von Tartu starten wir in Richtung Peipussee. Er ist der Grenzsee zwischen Estland und Russland und da alle baltischen Staaten bekannterma\u00dfen Angst vor einer neuerlichen russischen Invasion haben, sollte man denken, hier in streng bewachtes oder zumindest intensiv kontrolliertes Gebiet zu kommen. Aber nichts dergleichen. Die Gegend ist einsam und fast verlassen. Ab und an eine kleine, zerstreute, offensichtlich schwach belegte Ferienhaussiedlung, hier und da ein meist v\u00f6llig leerer Campingplatz.<\/p>\n<p>Die K\u00fcste ist ges\u00e4umt von einem flachen Schilfg\u00fcrtel und niedrigem Buschwerk. Davor, vereinzelt Wohnh\u00e4user, sowie auf ca. 30 Kilometer ein oder zwei kleine Kaufl\u00e4den. Kaum Tourismus, dieser See ist ganz offensichtlich estnisches Insider-Ferienland. Und milit\u00e4rische Anlagen? Bestenfalls ein paar verlassene und halb verfallene Wacht\u00fcrme. Ansonsten von Milit\u00e4r keine Spur. Aber vielleicht ist alles elektronisch gesichert. Dann sieht man ja nichts davon.<\/p>\n<figure id=\"attachment_196\" aria-describedby=\"caption-attachment-196\" style=\"width: 840px\" class=\"wp-caption aligncenter\"><a href=\"https:\/\/bf-on-tour.de\/m-18\/wp-content\/uploads\/sites\/19\/2018\/10\/p09-02.jpg\" rel=\"lightbox[191]\"><img loading=\"lazy\" decoding=\"async\" class=\"size-large wp-image-196\" src=\"https:\/\/bf-on-tour.de\/m-18\/wp-content\/uploads\/sites\/19\/2018\/10\/p09-02-1024x427.jpg\" alt=\"\" width=\"840\" height=\"350\" srcset=\"https:\/\/bf-on-tour.de\/m-18\/wp-content\/uploads\/sites\/19\/2018\/10\/p09-02-1024x427.jpg 1024w, https:\/\/bf-on-tour.de\/m-18\/wp-content\/uploads\/sites\/19\/2018\/10\/p09-02-300x125.jpg 300w, https:\/\/bf-on-tour.de\/m-18\/wp-content\/uploads\/sites\/19\/2018\/10\/p09-02-768x320.jpg 768w, https:\/\/bf-on-tour.de\/m-18\/wp-content\/uploads\/sites\/19\/2018\/10\/p09-02.jpg 1200w\" sizes=\"auto, (max-width: 709px) 85vw, (max-width: 909px) 67vw, (max-width: 1362px) 62vw, 840px\" \/><\/a><figcaption id=\"caption-attachment-196\" class=\"wp-caption-text\">Am Peipussee<\/figcaption><\/figure>\n<p>Am Nordufer \u00e4ndert sich der Charakter. Nicht der milit\u00e4rische, sehr wohl aber der touristische. Der Schilfg\u00fcrtel ist einem lichten K\u00fcstenwald gewichen und das flache Ufer einer kleinen Steilk\u00fcste &#8211; h\u00f6chstens drei bis f\u00fcnf Meter hoch, aber immerhin. Hier stehen die Ferienh\u00e4user enger zusammen, sind auch die Campingpl\u00e4tze gut belegt. Allerdings verteilen sich auch hier die Urlaubsg\u00e4ste in dem weitl\u00e4ufigen Gebiet. Der Strand ist weitgehend leer.<\/p>\n<figure id=\"attachment_197\" aria-describedby=\"caption-attachment-197\" style=\"width: 683px\" class=\"wp-caption aligncenter\"><a href=\"https:\/\/bf-on-tour.de\/m-18\/wp-content\/uploads\/sites\/19\/2018\/10\/p09-03.jpg\" rel=\"lightbox[191]\"><img loading=\"lazy\" decoding=\"async\" class=\"size-large wp-image-197\" src=\"https:\/\/bf-on-tour.de\/m-18\/wp-content\/uploads\/sites\/19\/2018\/10\/p09-03-683x1024.jpg\" alt=\"\" width=\"683\" height=\"1024\" srcset=\"https:\/\/bf-on-tour.de\/m-18\/wp-content\/uploads\/sites\/19\/2018\/10\/p09-03-683x1024.jpg 683w, https:\/\/bf-on-tour.de\/m-18\/wp-content\/uploads\/sites\/19\/2018\/10\/p09-03-200x300.jpg 200w, https:\/\/bf-on-tour.de\/m-18\/wp-content\/uploads\/sites\/19\/2018\/10\/p09-03-768x1151.jpg 768w, https:\/\/bf-on-tour.de\/m-18\/wp-content\/uploads\/sites\/19\/2018\/10\/p09-03.jpg 1200w\" sizes=\"auto, (max-width: 683px) 85vw, 683px\" \/><\/a><figcaption id=\"caption-attachment-197\" class=\"wp-caption-text\">Nordk\u00fcste des Peipussees<\/figcaption><\/figure>\n<p>Irgendwann erreichen wir nach 40 km \u00f6der LKW-Rennpiste Narva. Gr\u00f6\u00dfer k\u00f6nnte der Gegensatz zu den bislang besuchten St\u00e4dten gar nicht sein. Man empf\u00e4ngt uns mit sozialistischen Plattenbauten, die zugegebenerma\u00dfen besser aussehen als in Vilnius, und einem Kreisverkehr der Extraklasse. Viermal durchfahren wir ihn, ohne zu verstehen, wie es wohl richtig w\u00e4re. Erst intensives Gr\u00fcbeln auf den langen Geraden des R\u00fcckwegs l\u00e4sst mich halbwegs verstehen, was ich jetzt aufschreibe.<\/p>\n<figure id=\"attachment_198\" aria-describedby=\"caption-attachment-198\" style=\"width: 840px\" class=\"wp-caption aligncenter\"><a href=\"https:\/\/bf-on-tour.de\/m-18\/wp-content\/uploads\/sites\/19\/2018\/10\/p09-04.jpg\" rel=\"lightbox[191]\"><img loading=\"lazy\" decoding=\"async\" class=\"size-large wp-image-198\" src=\"https:\/\/bf-on-tour.de\/m-18\/wp-content\/uploads\/sites\/19\/2018\/10\/p09-04-1024x576.jpg\" alt=\"\" width=\"840\" height=\"473\" srcset=\"https:\/\/bf-on-tour.de\/m-18\/wp-content\/uploads\/sites\/19\/2018\/10\/p09-04-1024x576.jpg 1024w, https:\/\/bf-on-tour.de\/m-18\/wp-content\/uploads\/sites\/19\/2018\/10\/p09-04-300x169.jpg 300w, https:\/\/bf-on-tour.de\/m-18\/wp-content\/uploads\/sites\/19\/2018\/10\/p09-04-768x432.jpg 768w, https:\/\/bf-on-tour.de\/m-18\/wp-content\/uploads\/sites\/19\/2018\/10\/p09-04.jpg 1200w\" sizes=\"auto, (max-width: 709px) 85vw, (max-width: 909px) 67vw, (max-width: 1362px) 62vw, 840px\" \/><\/a><figcaption id=\"caption-attachment-198\" class=\"wp-caption-text\">Einfahrt nach Narva<\/figcaption><\/figure>\n<p>Der Kreisel hat vier Einm\u00fcndungen. Die ersten zwei sind einfach. Es geht zweispurig hinein und hinaus. Nach der zweiten gibt es eine dritte Spur und die bisherige Au\u00dfenspur wird zur mittleren. Bei Ausfahrt drei biegt die neue Au\u00dfenspur zwangsweise ab, aber die Mittelspur wird nicht, wie zu erwarten w\u00e4re, wieder zur Au\u00dfenspur. Nein, sie muss Wegerecht geben und zwar wahrscheinlich deswegen, weil v\u00f6llig unklar ist, wieviele Spuren hinzukommen. Hier treffen n\u00e4mlich direkt in der Einfahrt zum Kreisel zwei Stra\u00dfen aufeinander, denen man vorsichtshalber gar keine Striche auf dem Asphalt zugedacht hat. Irgendwie sortiert sich das schon, bildet dann aber eine vorrangige Tangente zum Kreisel, in der die wartepflichtige Au\u00dfen-, nein jetzt ja Mittelspur schlie\u00dflich aufgeht. Bei Ausfahrt vier darf man diese Tangente auch nach links verlassen, um sich in die dort durch die Einfahrt neu gebildete Zweispurigkeit einzuordnen. Wer jetzt noch nicht auf die Innenspur abgedr\u00e4ngt und dort immer im Kreis herum f\u00e4hrt oder unterwegs einfach umgefahren wurde, ist rum. Wenn man hier wohnt, ist das alles sicher klar und einfach. Wir werden tats\u00e4chlich um ein Haar umgefahren. In Narva ist der Verkehr zwar d\u00fcnn, aber schnell und derb.<\/p>\n<figure id=\"attachment_199\" aria-describedby=\"caption-attachment-199\" style=\"width: 840px\" class=\"wp-caption aligncenter\"><a href=\"https:\/\/bf-on-tour.de\/m-18\/wp-content\/uploads\/sites\/19\/2018\/10\/p09-05.jpg\" rel=\"lightbox[191]\"><img loading=\"lazy\" decoding=\"async\" class=\"size-large wp-image-199\" src=\"https:\/\/bf-on-tour.de\/m-18\/wp-content\/uploads\/sites\/19\/2018\/10\/p09-05-1024x542.jpg\" alt=\"\" width=\"840\" height=\"445\" srcset=\"https:\/\/bf-on-tour.de\/m-18\/wp-content\/uploads\/sites\/19\/2018\/10\/p09-05-1024x542.jpg 1024w, https:\/\/bf-on-tour.de\/m-18\/wp-content\/uploads\/sites\/19\/2018\/10\/p09-05-300x159.jpg 300w, https:\/\/bf-on-tour.de\/m-18\/wp-content\/uploads\/sites\/19\/2018\/10\/p09-05-768x406.jpg 768w, https:\/\/bf-on-tour.de\/m-18\/wp-content\/uploads\/sites\/19\/2018\/10\/p09-05.jpg 1200w\" sizes=\"auto, (max-width: 709px) 85vw, (max-width: 909px) 67vw, (max-width: 1362px) 62vw, 840px\" \/><\/a><figcaption id=\"caption-attachment-199\" class=\"wp-caption-text\">Russische Grenze<\/figcaption><\/figure>\n<p>Und dann stehen wir zun\u00e4chst einmal vor der russischen Grenze, die gesichert ist, wie ein Gef\u00e4ngnistor. F\u00fcr jedes Fahrzeug \u00f6ffnet sich sehr langsam ein schweres Doppeltor, wie eine K\u00e4figt\u00fcr f\u00fcr wilde Tiere im Zoo, um sofort danach wieder ebenso langsam zu schlie\u00dfen. Man sieht, wie die nun Eingesperrten vereinzelt und wahrscheinlich einer erkennungsdienstlichen Prozedur unterzogen werden. Dann verschwinden sie im Dunkel des Abfertigungsgeb\u00e4udes. Viele tun sich den Quatsch nicht an. Aber wer\u2019s muss&#8230;<\/p>\n<p>Wir irren ein Wenig umher, fahren um diesen und auch jenen H\u00e4userblock, finden aber den ersehnten Blick auf die zwei Burgen nicht. Also wieder zur\u00fcck zur Grenze und in das dortige Fremdenverkehrsb\u00fcro. Die T\u00fcrglocke signalisiert, dass ich eingetreten bin. Das ist aber auch alles. Stille! Es riecht nach \u00fcberheiztem Antiquariat &#8211; nur dass B\u00fccher und Winter fehlen. Nichts r\u00fchrt sich. Besucher scheinen hier selten zu sein.<\/p>\n<p>Minuten vergehen. Ich bl\u00e4ttere in den estnischen und russischen Brosch\u00fcren &#8211; die deutschsprachigen sind aus (falls es sie \u00fcberhaupt gegeben hat). Auf dem Cover ist genau der Anblick abgebildet, wegen dessen wir hier sind. Endlich schlurfende Ger\u00e4usche im Nebenraum. Nein, kein altersgebeugter Bibliothekar kommt, sondern eine noch relativ junge Frau bewegt sich bed\u00e4chtig langsam hinter den Ladentresen. Ich zeige ihr das Cover und frage, wo ich hin muss, um genau das zu sehen. &#8222;Sie fahren links zum Hotel <i>Narva<\/i>, biegen links ab, dann wieder links und rechts auf einen Parkplatz. Danach zu Fu\u00df hinunter zum Fluss. Dort ist eine Aussichtsplattform \u00fcber einem Restaurant.&#8220; Immerhin eine pr\u00e4zise Auskunft! Also los.<\/p>\n<p>Hotel Narva hat fraglos bessere Zeiten gesehen. Der Eingang verspr\u00fcht den Charme einer sozialistischen Einkaufshalle, wie ich sie 1992 in Chemnitz mehrfach kennen gelernt hatte. Das Haus selbst macht den Eindruck, geschlossen zu sein (wir werden allerdings sp\u00e4ter im Internet eines Besseren belehrt). Links abbiegen. Hinter dem traurigen Vordergeb\u00e4ude bildet der Rest des Hauses ein gr\u00f6\u00dftenteils zusammengefallenes Tr\u00fcmmerfeld. Wir biegen wieder ab, finden tats\u00e4chlich den Parkplatz. Wenige Minuten sp\u00e4ter stehen wir auf dem Dach dieses extra f\u00fcr das Panorama der zwei Burgen gebauten Restaurants.<\/p>\n<p>Da stehen sie sich nun also gegen\u00fcber, die Hermannsfeste auf der einen und die Feste Iwangorod auf der anderen Seite des Flusses, und das seit etwa 600 Jahren. Rund 240 Jahre stand die Hermannsfeste schon, bis endlich Zar Iwan III sich so bedroht f\u00fchlte, dass er 1492 gegen\u00fcber seine eigene Burg bauen lie\u00df. Ob sie jemals wirklich gegeneinander gek\u00e4mpft haben, ich wei\u00df es nicht, aber beide geh\u00f6rten im Verlauf der Geschichte mal zu diesem und mal zu jenem Reich, zusammen und auch einzeln. Mal war hier eine Grenze, mal nicht. Jetzt ist grad eine da.<\/p>\n<figure id=\"attachment_200\" aria-describedby=\"caption-attachment-200\" style=\"width: 840px\" class=\"wp-caption aligncenter\"><a href=\"https:\/\/bf-on-tour.de\/m-18\/wp-content\/uploads\/sites\/19\/2018\/10\/p09-06.jpg\" rel=\"lightbox[191]\"><img loading=\"lazy\" decoding=\"async\" class=\"size-large wp-image-200\" src=\"https:\/\/bf-on-tour.de\/m-18\/wp-content\/uploads\/sites\/19\/2018\/10\/p09-06-1024x329.jpg\" alt=\"\" width=\"840\" height=\"270\" srcset=\"https:\/\/bf-on-tour.de\/m-18\/wp-content\/uploads\/sites\/19\/2018\/10\/p09-06-1024x329.jpg 1024w, https:\/\/bf-on-tour.de\/m-18\/wp-content\/uploads\/sites\/19\/2018\/10\/p09-06-300x97.jpg 300w, https:\/\/bf-on-tour.de\/m-18\/wp-content\/uploads\/sites\/19\/2018\/10\/p09-06-768x247.jpg 768w, https:\/\/bf-on-tour.de\/m-18\/wp-content\/uploads\/sites\/19\/2018\/10\/p09-06.jpg 1200w\" sizes=\"auto, (max-width: 709px) 85vw, (max-width: 909px) 67vw, (max-width: 1362px) 62vw, 840px\" \/><\/a><figcaption id=\"caption-attachment-200\" class=\"wp-caption-text\">Die zwei Burgen<\/figcaption><\/figure>\n<p>Schlie\u00dflich gehen wir hinunter ins Restaurant, essen etwas und genie\u00dfen weiterhin die Aussicht &#8211; das einzige Pfund, mit dem diese Stadt wuchern kann. Aber wir sind nahezu allein. So gut wie keine Touristen um uns herum. Ist schon eigenartig. Man kommt sich etwas verloren vor.<\/p>\n<p>Die Bedienung ist mindestens so bed\u00e4chtig, wie die Frau in der Touri-Info. Alles dauert ewig lang und das gebrachte Essen ist auch nicht das bestellte. Aber, was soll&#8217;s, es sieht gut aus, schmeckt ausgezeichnet und ist nur wenige Euronen teurer.<\/p>\n<p>Als wir endlich zur\u00fcck zu unseren Maschinen gehen, folgt uns schnellen Schrittes ein muskul\u00f6ser Mensch mit extremer Kurzhaarfrisur, der dem Prototyp eines Mitarbeiters aus einem russischen Inkassounternehmen extrem \u00e4hnlich sieht (oh, Du liebes Vorurteil), und ruft uns in <em>broken english<\/em> zu, dass meine Kreditkarte nicht funktioniert h\u00e4tte. Ich muss mich zwingen, ihm ins Lokal zur\u00fcck zu folgen. Hier, Auge in Auge mit dem&nbsp;<i>Reich<\/i>&nbsp;<i>des<\/i> <i>B\u00f6sen<\/i> &#8211; wie ein amerikanischer Pr\u00e4sident das Land auf der anderen Fluss-Seite einst zu nennen pflegte &#8211; und diesem Muskelpaket, mit einer Kreditkarte im Portemonnaie, die seit Jahren fehlerfrei ihren Dienst tut. Kann das Gutes bedeuten? Und im Lokal selbst dann noch so einer&#8230;<\/p>\n<p>Die Situation schwankt zwischen <i>wird<\/i> <i>schon<\/i> und <i>wird<\/i> <i>nix<\/i> hin und her. Aber nach einigem Palaver und intensivem Bem\u00fchen von Googles \u00dcbersetzer App stellt sich alles als Bedienungsfehler der Kellnerin heraus, die den Betrag f\u00fcr unser Essen zweimal abbuchen wollte, glaubte, das erste Mal habe nicht funktioniert. Wir zeigen den beiden Aufpassern unseren aktuellen Kontozustand auf dem Handy, der sogar zwei korrekte Buchungen ausweist, bieten ihnen auch Bargeld an, was sie nicht haben wollen &#8211; und d\u00fcrfen schlie\u00dflich gehen. Mein Deo hat zwar inzwischen versagt, aber es ist gut gegangen.<\/p>\n<p>Einen Tag sp\u00e4ter stellen wir fest, dass die Bank aus Sicherheitsgr\u00fcnden beide Buchungen storniert hat, weil derselbe Betrag innerhalb kurzer Zeit von demselben Ger\u00e4t noch einmal angefordert worden war. Na ja, wenn wir zu Hause sind, schicken wir eine Mail und \u00fcberweisen den Betrag. Zechpreller wollen wir schlie\u00dflich nicht sein.<\/p>\n<p><a href=\"https:\/\/bf-on-tour.de\/m-18\/p-08\"><img loading=\"lazy\" decoding=\"async\" class=\"alignleft wp-image-10\" src=\"https:\/\/bf-on-tour.de\/m-18\/wp-content\/uploads\/sites\/19\/2018\/10\/zurueck.png\" alt=\"\" width=\"50\" height=\"37\"><\/a> <a href=\"https:\/\/bf-on-tour.de\/m-18\/p-10\"><img loading=\"lazy\" decoding=\"async\" class=\"alignright wp-image-9\" src=\"https:\/\/bf-on-tour.de\/m-18\/wp-content\/uploads\/sites\/19\/2018\/10\/weiter.png\" alt=\"\" width=\"50\" height=\"37\"><\/a><\/p>\n","protected":false},"excerpt":{"rendered":"<p>Das Fr\u00fchst\u00fcck im Hotel ist ungeheuerlich! Verschiedene Salate, Fisch, allerlei Undefinierbares in gro\u00dfen Porzellansch\u00fcsseln, Aufschnitt und K\u00e4se, sowie eine stattliche Auswahl an leckeren Torten. Ich kann mich kaum zur\u00fcckhalten, von allem etwas zu probieren &#8211; und so gibt es schlussendlich Grie\u00dfbrei mit Vanilleso\u00dfe und Matjessalat. Ok, das muss man m\u00f6gen, aber jetzt wei\u00df ich wenigstens, &hellip; <a href=\"https:\/\/bf-on-tour.de\/m-18\/p-09\/\" class=\"more-link\"><span class=\"screen-reader-text\">\u201eDer Peipussee und die zwei Burgen\u201c <\/span>weiterlesen<\/a><\/p>\n","protected":false},"author":1,"featured_media":0,"parent":0,"menu_order":8,"comment_status":"open","ping_status":"closed","template":"","meta":{"footnotes":""},"class_list":["post-191","page","type-page","status-publish","hentry"],"yoast_head":"<!-- This site is optimized with the Yoast SEO plugin v27.1.1 - https:\/\/yoast.com\/product\/yoast-seo-wordpress\/ -->\n<title>Der Peipussee und die zwei Burgen - Rund um die Ostsee<\/title>\n<meta name=\"robots\" content=\"index, follow, max-snippet:-1, max-image-preview:large, max-video-preview:-1\" \/>\n<link rel=\"canonical\" href=\"https:\/\/bf-on-tour.de\/m-18\/p-09\/\" \/>\n<meta property=\"og:locale\" content=\"de_DE\" \/>\n<meta property=\"og:type\" content=\"article\" \/>\n<meta property=\"og:title\" content=\"Der Peipussee und die zwei Burgen - Rund um die Ostsee\" \/>\n<meta property=\"og:description\" content=\"Das Fr\u00fchst\u00fcck im Hotel ist ungeheuerlich! Verschiedene Salate, Fisch, allerlei Undefinierbares in gro\u00dfen Porzellansch\u00fcsseln, Aufschnitt und K\u00e4se, sowie eine stattliche Auswahl an leckeren Torten. Ich kann mich kaum zur\u00fcckhalten, von allem etwas zu probieren &#8211; und so gibt es schlussendlich Grie\u00dfbrei mit Vanilleso\u00dfe und Matjessalat. Ok, das muss man m\u00f6gen, aber jetzt wei\u00df ich wenigstens, &hellip; \u201eDer Peipussee und die zwei Burgen\u201c weiterlesen\" \/>\n<meta property=\"og:url\" content=\"https:\/\/bf-on-tour.de\/m-18\/p-09\/\" \/>\n<meta property=\"og:site_name\" content=\"Rund um die Ostsee\" \/>\n<meta property=\"article:modified_time\" content=\"2020-04-02T13:44:50+00:00\" \/>\n<meta property=\"og:image\" content=\"https:\/\/bf-on-tour.de\/m-18\/wp-content\/uploads\/sites\/19\/2018\/10\/p09-01-e1539271068532-1024x598.jpg\" \/>\n<meta name=\"twitter:card\" content=\"summary_large_image\" \/>\n<meta name=\"twitter:label1\" content=\"Gesch\u00e4tzte Lesezeit\" \/>\n\t<meta name=\"twitter:data1\" content=\"7\u00a0Minuten\" \/>\n<script type=\"application\/ld+json\" class=\"yoast-schema-graph\">{\"@context\":\"https:\/\/schema.org\",\"@graph\":[{\"@type\":\"WebPage\",\"@id\":\"https:\/\/bf-on-tour.de\/m-18\/p-09\/\",\"url\":\"https:\/\/bf-on-tour.de\/m-18\/p-09\/\",\"name\":\"Der Peipussee und die zwei Burgen - Rund um die Ostsee\",\"isPartOf\":{\"@id\":\"https:\/\/bf-on-tour.de\/m-18\/#website\"},\"primaryImageOfPage\":{\"@id\":\"https:\/\/bf-on-tour.de\/m-18\/p-09\/#primaryimage\"},\"image\":{\"@id\":\"https:\/\/bf-on-tour.de\/m-18\/p-09\/#primaryimage\"},\"thumbnailUrl\":\"https:\/\/bf-on-tour.de\/m-18\/wp-content\/uploads\/sites\/19\/2018\/10\/p09-01-e1539271068532-1024x598.jpg\",\"datePublished\":\"2018-10-11T15:53:39+00:00\",\"dateModified\":\"2020-04-02T13:44:50+00:00\",\"breadcrumb\":{\"@id\":\"https:\/\/bf-on-tour.de\/m-18\/p-09\/#breadcrumb\"},\"inLanguage\":\"de\",\"potentialAction\":[{\"@type\":\"ReadAction\",\"target\":[\"https:\/\/bf-on-tour.de\/m-18\/p-09\/\"]}]},{\"@type\":\"ImageObject\",\"inLanguage\":\"de\",\"@id\":\"https:\/\/bf-on-tour.de\/m-18\/p-09\/#primaryimage\",\"url\":\"https:\/\/bf-on-tour.de\/m-18\/wp-content\/uploads\/sites\/19\/2018\/10\/p09-01-e1539271068532.jpg\",\"contentUrl\":\"https:\/\/bf-on-tour.de\/m-18\/wp-content\/uploads\/sites\/19\/2018\/10\/p09-01-e1539271068532.jpg\",\"width\":1197,\"height\":699,\"caption\":\"Der Tortenteil des Fr\u00fchst\u00fccks\"},{\"@type\":\"BreadcrumbList\",\"@id\":\"https:\/\/bf-on-tour.de\/m-18\/p-09\/#breadcrumb\",\"itemListElement\":[{\"@type\":\"ListItem\",\"position\":1,\"name\":\"Startseite\",\"item\":\"https:\/\/bf-on-tour.de\/m-18\/\"},{\"@type\":\"ListItem\",\"position\":2,\"name\":\"Der Peipussee und die zwei Burgen\"}]},{\"@type\":\"WebSite\",\"@id\":\"https:\/\/bf-on-tour.de\/m-18\/#website\",\"url\":\"https:\/\/bf-on-tour.de\/m-18\/\",\"name\":\"Rund um die Ostsee\",\"description\":\"Litauen, Lettland, Estland, Finnland, \u00c5land, Schweden\",\"potentialAction\":[{\"@type\":\"SearchAction\",\"target\":{\"@type\":\"EntryPoint\",\"urlTemplate\":\"https:\/\/bf-on-tour.de\/m-18\/?s={search_term_string}\"},\"query-input\":{\"@type\":\"PropertyValueSpecification\",\"valueRequired\":true,\"valueName\":\"search_term_string\"}}],\"inLanguage\":\"de\"}]}<\/script>\n<!-- \/ Yoast SEO plugin. -->","yoast_head_json":{"title":"Der Peipussee und die zwei Burgen - Rund um die Ostsee","robots":{"index":"index","follow":"follow","max-snippet":"max-snippet:-1","max-image-preview":"max-image-preview:large","max-video-preview":"max-video-preview:-1"},"canonical":"https:\/\/bf-on-tour.de\/m-18\/p-09\/","og_locale":"de_DE","og_type":"article","og_title":"Der Peipussee und die zwei Burgen - Rund um die Ostsee","og_description":"Das Fr\u00fchst\u00fcck im Hotel ist ungeheuerlich! Verschiedene Salate, Fisch, allerlei Undefinierbares in gro\u00dfen Porzellansch\u00fcsseln, Aufschnitt und K\u00e4se, sowie eine stattliche Auswahl an leckeren Torten. Ich kann mich kaum zur\u00fcckhalten, von allem etwas zu probieren &#8211; und so gibt es schlussendlich Grie\u00dfbrei mit Vanilleso\u00dfe und Matjessalat. Ok, das muss man m\u00f6gen, aber jetzt wei\u00df ich wenigstens, &hellip; \u201eDer Peipussee und die zwei Burgen\u201c weiterlesen","og_url":"https:\/\/bf-on-tour.de\/m-18\/p-09\/","og_site_name":"Rund um die Ostsee","article_modified_time":"2020-04-02T13:44:50+00:00","og_image":[{"url":"https:\/\/bf-on-tour.de\/m-18\/wp-content\/uploads\/sites\/19\/2018\/10\/p09-01-e1539271068532-1024x598.jpg","type":"","width":"","height":""}],"twitter_card":"summary_large_image","twitter_misc":{"Gesch\u00e4tzte Lesezeit":"7\u00a0Minuten"},"schema":{"@context":"https:\/\/schema.org","@graph":[{"@type":"WebPage","@id":"https:\/\/bf-on-tour.de\/m-18\/p-09\/","url":"https:\/\/bf-on-tour.de\/m-18\/p-09\/","name":"Der Peipussee und die zwei Burgen - Rund um die Ostsee","isPartOf":{"@id":"https:\/\/bf-on-tour.de\/m-18\/#website"},"primaryImageOfPage":{"@id":"https:\/\/bf-on-tour.de\/m-18\/p-09\/#primaryimage"},"image":{"@id":"https:\/\/bf-on-tour.de\/m-18\/p-09\/#primaryimage"},"thumbnailUrl":"https:\/\/bf-on-tour.de\/m-18\/wp-content\/uploads\/sites\/19\/2018\/10\/p09-01-e1539271068532-1024x598.jpg","datePublished":"2018-10-11T15:53:39+00:00","dateModified":"2020-04-02T13:44:50+00:00","breadcrumb":{"@id":"https:\/\/bf-on-tour.de\/m-18\/p-09\/#breadcrumb"},"inLanguage":"de","potentialAction":[{"@type":"ReadAction","target":["https:\/\/bf-on-tour.de\/m-18\/p-09\/"]}]},{"@type":"ImageObject","inLanguage":"de","@id":"https:\/\/bf-on-tour.de\/m-18\/p-09\/#primaryimage","url":"https:\/\/bf-on-tour.de\/m-18\/wp-content\/uploads\/sites\/19\/2018\/10\/p09-01-e1539271068532.jpg","contentUrl":"https:\/\/bf-on-tour.de\/m-18\/wp-content\/uploads\/sites\/19\/2018\/10\/p09-01-e1539271068532.jpg","width":1197,"height":699,"caption":"Der Tortenteil des Fr\u00fchst\u00fccks"},{"@type":"BreadcrumbList","@id":"https:\/\/bf-on-tour.de\/m-18\/p-09\/#breadcrumb","itemListElement":[{"@type":"ListItem","position":1,"name":"Startseite","item":"https:\/\/bf-on-tour.de\/m-18\/"},{"@type":"ListItem","position":2,"name":"Der Peipussee und die zwei Burgen"}]},{"@type":"WebSite","@id":"https:\/\/bf-on-tour.de\/m-18\/#website","url":"https:\/\/bf-on-tour.de\/m-18\/","name":"Rund um die Ostsee","description":"Litauen, Lettland, Estland, Finnland, \u00c5land, Schweden","potentialAction":[{"@type":"SearchAction","target":{"@type":"EntryPoint","urlTemplate":"https:\/\/bf-on-tour.de\/m-18\/?s={search_term_string}"},"query-input":{"@type":"PropertyValueSpecification","valueRequired":true,"valueName":"search_term_string"}}],"inLanguage":"de"}]}},"_links":{"self":[{"href":"https:\/\/bf-on-tour.de\/m-18\/wp-json\/wp\/v2\/pages\/191","targetHints":{"allow":["GET"]}}],"collection":[{"href":"https:\/\/bf-on-tour.de\/m-18\/wp-json\/wp\/v2\/pages"}],"about":[{"href":"https:\/\/bf-on-tour.de\/m-18\/wp-json\/wp\/v2\/types\/page"}],"author":[{"embeddable":true,"href":"https:\/\/bf-on-tour.de\/m-18\/wp-json\/wp\/v2\/users\/1"}],"replies":[{"embeddable":true,"href":"https:\/\/bf-on-tour.de\/m-18\/wp-json\/wp\/v2\/comments?post=191"}],"version-history":[{"count":20,"href":"https:\/\/bf-on-tour.de\/m-18\/wp-json\/wp\/v2\/pages\/191\/revisions"}],"predecessor-version":[{"id":562,"href":"https:\/\/bf-on-tour.de\/m-18\/wp-json\/wp\/v2\/pages\/191\/revisions\/562"}],"wp:attachment":[{"href":"https:\/\/bf-on-tour.de\/m-18\/wp-json\/wp\/v2\/media?parent=191"}],"curies":[{"name":"wp","href":"https:\/\/api.w.org\/{rel}","templated":true}]}}