{"id":173,"date":"2018-10-11T17:03:06","date_gmt":"2018-10-11T15:03:06","guid":{"rendered":"http:\/\/blog.family-riders.de\/m-18\/?page_id=173"},"modified":"2020-12-28T15:02:21","modified_gmt":"2020-12-28T14:02:21","slug":"p-08","status":"publish","type":"page","link":"https:\/\/bf-on-tour.de\/m-18\/p-08\/","title":{"rendered":"Wer oder was, bitte, ist Tartu?"},"content":{"rendered":"<p>Riga macht es uns schwer. Im morgendlichen Berufsverkehr mitten durch die Stadt ist wenig lustig. F\u00fcr etwa 10 Kilometer brauchen wir fast eine Stunde. Gut, dass eine ganze Reihe von Bussen hier mit Oberleitung fahren, aber es stinkt trotzdem gewaltig &#8211; nicht nur uns. Danach &#8211; wie k\u00f6nnte es anders sein &#8211; vierspurig geradeaus, mit breitem Gr\u00fcnstreifen in der Mitte. Es sind sogar 110 km\/h erlaubt.<\/p>\n<p>Urpl\u00f6tzlich kommt aus dem Wald rechts ein Radfahrer. Schlingert vom Standstreifen auf die rechte Fahrspur, bremst den Verkehr drastisch runter und eiert seelenruhig r\u00fcber auf die \u00dcberholspur. Keiner hupt, aber es hat auch keiner Zeit. Also wird von rechts nach links und von links nach rechts gedr\u00e4ngelt, was das Zeug h\u00e4lt. Ein gro\u00dfer Kombi versucht mich von hinten auf den Standstreifen zu bugsieren, bis ich ihm die linke Faust direkt vor die Windschutzscheibe halte und anzeige, dass ich keineswegs die Absicht habe, seinem Ansinnen nachzukommen. Widerwillig dr\u00e4ngt er den links neben ihm in Richtung Gr\u00fcnstreifen und d\u00fcst weiter. Der Radfahrer hat inzwischen eine Wendespur in eben diesem Gr\u00fcnstreifen gefunden (ja,ja, sowas gibt\u2019s hier) und macht jetzt dasselbe Spiel andersherum auf der Gegenfahrbahn. So quert man hier Autobahnen!<\/p>\n<figure id=\"attachment_179\" aria-describedby=\"caption-attachment-179\" style=\"width: 840px\" class=\"wp-caption aligncenter\"><a href=\"https:\/\/bf-on-tour.de\/m-18\/wp-content\/uploads\/sites\/19\/2018\/10\/p08-01.jpg\" rel=\"lightbox[173]\"><img loading=\"lazy\" decoding=\"async\" class=\"wp-image-179 size-large\" src=\"https:\/\/bf-on-tour.de\/m-18\/wp-content\/uploads\/sites\/19\/2018\/10\/p08-01-1024x576.jpg\" alt=\"\" width=\"840\" height=\"473\" srcset=\"https:\/\/bf-on-tour.de\/m-18\/wp-content\/uploads\/sites\/19\/2018\/10\/p08-01-1024x576.jpg 1024w, https:\/\/bf-on-tour.de\/m-18\/wp-content\/uploads\/sites\/19\/2018\/10\/p08-01-300x169.jpg 300w, https:\/\/bf-on-tour.de\/m-18\/wp-content\/uploads\/sites\/19\/2018\/10\/p08-01-768x432.jpg 768w, https:\/\/bf-on-tour.de\/m-18\/wp-content\/uploads\/sites\/19\/2018\/10\/p08-01.jpg 1200w\" sizes=\"auto, (max-width: 709px) 85vw, (max-width: 909px) 67vw, (max-width: 1362px) 62vw, 840px\" \/><\/a><figcaption id=\"caption-attachment-179\" class=\"wp-caption-text\">Die Grenze zu Estland<\/figcaption><\/figure>\n<p>Nach etwa 30 Kilometern biegen wir ab in Richtung Estland. Langsam ver\u00e4ndern sich Landschaft und Stra\u00dfen. Die Geraden sind nicht mehr so lang, die Stra\u00dfenschneisen werden schmaler, es gibt Wald und Wiesen, Moore und Felder, sogar Schatten, d.h. es gibt wirklich etwas f\u00fcr\u2019s Auge. Geht das so weiter, k\u00f6nnte Estland richtig sch\u00f6n sein &#8211; und ja, es geht so weiter!<\/p>\n<p>\u201e<em>Wenn Tallinn die Seele Estlands ist, dann ist Tartu das Herz<\/em>\u201c, so sagt man hier. Aber wer kennt schon diese zweitgr\u00f6\u00dfte Stadt des Landes, die Estlands gr\u00f6\u00dfte Universit\u00e4t besitzt und in der ein internationales Zentrum f\u00fcr Computerkriminalistik angesiedelt ist? Hier werden Leute &#8211; u.a. f\u00fcr die NATO &#8211; ausgebildet, die <em>dem Feind<\/em> auf seine cyberkriminellen Schliche kommen sollen &#8211; und kommen.<\/p>\n<figure id=\"attachment_184\" aria-describedby=\"caption-attachment-184\" style=\"width: 840px\" class=\"wp-caption aligncenter\"><a href=\"https:\/\/bf-on-tour.de\/m-18\/wp-content\/uploads\/sites\/19\/2018\/10\/p08-03.jpg\" rel=\"lightbox[173]\"><img loading=\"lazy\" decoding=\"async\" class=\"wp-image-184 size-large\" src=\"https:\/\/bf-on-tour.de\/m-18\/wp-content\/uploads\/sites\/19\/2018\/10\/p08-03-1024x994.jpg\" alt=\"\" width=\"840\" height=\"815\" srcset=\"https:\/\/bf-on-tour.de\/m-18\/wp-content\/uploads\/sites\/19\/2018\/10\/p08-03-1024x994.jpg 1024w, https:\/\/bf-on-tour.de\/m-18\/wp-content\/uploads\/sites\/19\/2018\/10\/p08-03-300x291.jpg 300w, https:\/\/bf-on-tour.de\/m-18\/wp-content\/uploads\/sites\/19\/2018\/10\/p08-03-768x746.jpg 768w, https:\/\/bf-on-tour.de\/m-18\/wp-content\/uploads\/sites\/19\/2018\/10\/p08-03.jpg 1200w\" sizes=\"auto, (max-width: 709px) 85vw, (max-width: 909px) 67vw, (max-width: 1362px) 62vw, 840px\" \/><\/a><figcaption id=\"caption-attachment-184\" class=\"wp-caption-text\">Stadtimpressionen<\/figcaption><\/figure>\n<p>Es ist ein Fehler, diese liebenswerte, pittoreske Stadt nicht zu kennen. Ihr historischer Kern ist klein, aber wirklich h\u00fcbsch anzusehen. Viel Gr\u00fcn, viele Parks, der Fluss Emaj\u00f5gi geht hindurch, der mit ca. 100 km L\u00e4nge der gr\u00f6\u00dfte in Estland ist und an dessen Ufern sich die Leute abends sonnen oder in Bars vergn\u00fcgen. Und lebendig ist es hier. Ein Lokal an dem anderen und alle sind gut besucht. Relativ wenig Touristen, viele junge Leute. Wir verlassen ein Restaurant, nachdem uns der Kellner freundlich bedauernd darauf hingewiesen hat, dass wir etwa 60 bis 90 Minuten auf bestelltes Essen warten m\u00fcssten, weil so einfach so viel zu tun ist. Na egal, Auswahl gibt\u2019s genug.<\/p>\n<figure id=\"attachment_186\" aria-describedby=\"caption-attachment-186\" style=\"width: 840px\" class=\"wp-caption aligncenter\"><a href=\"https:\/\/bf-on-tour.de\/m-18\/wp-content\/uploads\/sites\/19\/2018\/10\/p08-04.jpg\" rel=\"lightbox[173]\"><img loading=\"lazy\" decoding=\"async\" class=\"wp-image-186 size-large\" src=\"https:\/\/bf-on-tour.de\/m-18\/wp-content\/uploads\/sites\/19\/2018\/10\/p08-04-1024x576.jpg\" alt=\"\" width=\"840\" height=\"473\" srcset=\"https:\/\/bf-on-tour.de\/m-18\/wp-content\/uploads\/sites\/19\/2018\/10\/p08-04-1024x576.jpg 1024w, https:\/\/bf-on-tour.de\/m-18\/wp-content\/uploads\/sites\/19\/2018\/10\/p08-04-300x169.jpg 300w, https:\/\/bf-on-tour.de\/m-18\/wp-content\/uploads\/sites\/19\/2018\/10\/p08-04-768x432.jpg 768w, https:\/\/bf-on-tour.de\/m-18\/wp-content\/uploads\/sites\/19\/2018\/10\/p08-04.jpg 1200w\" sizes=\"auto, (max-width: 709px) 85vw, (max-width: 909px) 67vw, (max-width: 1362px) 62vw, 840px\" \/><\/a><figcaption id=\"caption-attachment-186\" class=\"wp-caption-text\">Einer der zahlreichen Parks<\/figcaption><\/figure>\n<p>Unser Hotel liegt mitten im Zentrum, direkt am Rathausplatz. Zur Universit\u00e4t ist es nur ein Katzensprung. Also stehen wir abends vor dem gro\u00dfen Hauptgeb\u00e4ude der Alma Mater Tartuensis und k\u00f6nnen es uns nicht verkneifen, einfach mal rein zu schauen.<\/p>\n<figure id=\"attachment_185\" aria-describedby=\"caption-attachment-185\" style=\"width: 813px\" class=\"wp-caption aligncenter\"><a href=\"https:\/\/bf-on-tour.de\/m-18\/wp-content\/uploads\/sites\/19\/2018\/10\/p08-05.jpg\" rel=\"lightbox[173]\"><img loading=\"lazy\" decoding=\"async\" class=\"size-large wp-image-185\" src=\"https:\/\/bf-on-tour.de\/m-18\/wp-content\/uploads\/sites\/19\/2018\/10\/p08-05-813x1024.jpg\" alt=\"\" width=\"813\" height=\"1024\" srcset=\"https:\/\/bf-on-tour.de\/m-18\/wp-content\/uploads\/sites\/19\/2018\/10\/p08-05-813x1024.jpg 813w, https:\/\/bf-on-tour.de\/m-18\/wp-content\/uploads\/sites\/19\/2018\/10\/p08-05-238x300.jpg 238w, https:\/\/bf-on-tour.de\/m-18\/wp-content\/uploads\/sites\/19\/2018\/10\/p08-05-768x967.jpg 768w, https:\/\/bf-on-tour.de\/m-18\/wp-content\/uploads\/sites\/19\/2018\/10\/p08-05.jpg 1200w\" sizes=\"auto, (max-width: 813px) 85vw, 813px\" \/><\/a><figcaption id=\"caption-attachment-185\" class=\"wp-caption-text\">Alma Mater Tartuensis<\/figcaption><\/figure>\n<p>Innen gediegene Ernsthaftigkeit und ein ger\u00fcttelt Ma\u00df an Traditionsdenken, was wir an Hand zahlreicher Schauk\u00e4sten erkennen k\u00f6nnen &#8211; wenngleich wir nat\u00fcrlich auch hier des Lesens unkundig bleiben.<\/p>\n<p>Ja, das hatten wir nicht erwartet, als wir heute morgen mit Frust im Bauch und spontan ge\u00e4nderter Route losgefahren waren. So schnell und so zuf\u00e4llig kann man seinen Horizont erweitern&#8230;<\/p>\n<p><a href=\"https:\/\/bf-on-tour.de\/m-18\/p-09\"><img loading=\"lazy\" decoding=\"async\" class=\"alignright wp-image-9\" src=\"https:\/\/bf-on-tour.de\/m-18\/wp-content\/uploads\/sites\/19\/2018\/10\/weiter.png\" alt=\"\" width=\"50\" height=\"37\" \/><\/a><a href=\"https:\/\/bf-on-tour.de\/m-18\/p-07\"><img loading=\"lazy\" decoding=\"async\" class=\"alignleft wp-image-10\" src=\"https:\/\/bf-on-tour.de\/m-18\/wp-content\/uploads\/sites\/19\/2018\/10\/zurueck.png\" alt=\"\" width=\"50\" height=\"37\" \/><\/a><\/p>\n","protected":false},"excerpt":{"rendered":"<p>Riga macht es uns schwer. Im morgendlichen Berufsverkehr mitten durch die Stadt ist wenig lustig. F\u00fcr etwa 10 Kilometer brauchen wir fast eine Stunde. Gut, dass eine ganze Reihe von Bussen hier mit Oberleitung fahren, aber es stinkt trotzdem gewaltig &#8211; nicht nur uns. Danach &#8211; wie k\u00f6nnte es anders sein &#8211; vierspurig geradeaus, mit &hellip; <a href=\"https:\/\/bf-on-tour.de\/m-18\/p-08\/\" class=\"more-link\"><span class=\"screen-reader-text\">\u201eWer oder was, bitte, ist Tartu?\u201c <\/span>weiterlesen<\/a><\/p>\n","protected":false},"author":1,"featured_media":0,"parent":0,"menu_order":7,"comment_status":"open","ping_status":"closed","template":"","meta":{"footnotes":""},"class_list":["post-173","page","type-page","status-publish","hentry"],"yoast_head":"<!-- This site is optimized with the Yoast SEO plugin v27.1.1 - https:\/\/yoast.com\/product\/yoast-seo-wordpress\/ -->\n<title>Wer oder was, bitte, ist Tartu? - Rund um die Ostsee<\/title>\n<meta name=\"robots\" content=\"index, follow, max-snippet:-1, max-image-preview:large, max-video-preview:-1\" \/>\n<link rel=\"canonical\" href=\"https:\/\/bf-on-tour.de\/m-18\/p-08\/\" \/>\n<meta property=\"og:locale\" content=\"de_DE\" \/>\n<meta property=\"og:type\" content=\"article\" \/>\n<meta property=\"og:title\" content=\"Wer oder was, bitte, ist Tartu? - Rund um die Ostsee\" \/>\n<meta property=\"og:description\" content=\"Riga macht es uns schwer. Im morgendlichen Berufsverkehr mitten durch die Stadt ist wenig lustig. F\u00fcr etwa 10 Kilometer brauchen wir fast eine Stunde. Gut, dass eine ganze Reihe von Bussen hier mit Oberleitung fahren, aber es stinkt trotzdem gewaltig &#8211; nicht nur uns. Danach &#8211; wie k\u00f6nnte es anders sein &#8211; vierspurig geradeaus, mit &hellip; \u201eWer oder was, bitte, ist Tartu?\u201c weiterlesen\" \/>\n<meta property=\"og:url\" content=\"https:\/\/bf-on-tour.de\/m-18\/p-08\/\" \/>\n<meta property=\"og:site_name\" content=\"Rund um die Ostsee\" \/>\n<meta property=\"article:modified_time\" content=\"2020-12-28T14:02:21+00:00\" \/>\n<meta property=\"og:image\" content=\"https:\/\/bf-on-tour.de\/m-18\/wp-content\/uploads\/sites\/19\/2018\/10\/p08-01-1024x576.jpg\" \/>\n<meta name=\"twitter:card\" content=\"summary_large_image\" \/>\n<meta name=\"twitter:label1\" content=\"Gesch\u00e4tzte Lesezeit\" \/>\n\t<meta name=\"twitter:data1\" content=\"3\u00a0Minuten\" \/>\n<script type=\"application\/ld+json\" class=\"yoast-schema-graph\">{\"@context\":\"https:\/\/schema.org\",\"@graph\":[{\"@type\":\"WebPage\",\"@id\":\"https:\/\/bf-on-tour.de\/m-18\/p-08\/\",\"url\":\"https:\/\/bf-on-tour.de\/m-18\/p-08\/\",\"name\":\"Wer oder was, bitte, ist Tartu? - Rund um die Ostsee\",\"isPartOf\":{\"@id\":\"https:\/\/bf-on-tour.de\/m-18\/#website\"},\"primaryImageOfPage\":{\"@id\":\"https:\/\/bf-on-tour.de\/m-18\/p-08\/#primaryimage\"},\"image\":{\"@id\":\"https:\/\/bf-on-tour.de\/m-18\/p-08\/#primaryimage\"},\"thumbnailUrl\":\"https:\/\/bf-on-tour.de\/m-18\/wp-content\/uploads\/sites\/19\/2018\/10\/p08-01-1024x576.jpg\",\"datePublished\":\"2018-10-11T15:03:06+00:00\",\"dateModified\":\"2020-12-28T14:02:21+00:00\",\"breadcrumb\":{\"@id\":\"https:\/\/bf-on-tour.de\/m-18\/p-08\/#breadcrumb\"},\"inLanguage\":\"de\",\"potentialAction\":[{\"@type\":\"ReadAction\",\"target\":[\"https:\/\/bf-on-tour.de\/m-18\/p-08\/\"]}]},{\"@type\":\"ImageObject\",\"inLanguage\":\"de\",\"@id\":\"https:\/\/bf-on-tour.de\/m-18\/p-08\/#primaryimage\",\"url\":\"https:\/\/bf-on-tour.de\/m-18\/wp-content\/uploads\/sites\/19\/2018\/10\/p08-01.jpg\",\"contentUrl\":\"https:\/\/bf-on-tour.de\/m-18\/wp-content\/uploads\/sites\/19\/2018\/10\/p08-01.jpg\",\"width\":1200,\"height\":675,\"caption\":\"Die Grenze zu Estland\"},{\"@type\":\"BreadcrumbList\",\"@id\":\"https:\/\/bf-on-tour.de\/m-18\/p-08\/#breadcrumb\",\"itemListElement\":[{\"@type\":\"ListItem\",\"position\":1,\"name\":\"Startseite\",\"item\":\"https:\/\/bf-on-tour.de\/m-18\/\"},{\"@type\":\"ListItem\",\"position\":2,\"name\":\"Wer oder was, bitte, ist Tartu?\"}]},{\"@type\":\"WebSite\",\"@id\":\"https:\/\/bf-on-tour.de\/m-18\/#website\",\"url\":\"https:\/\/bf-on-tour.de\/m-18\/\",\"name\":\"Rund um die Ostsee\",\"description\":\"Litauen, Lettland, Estland, Finnland, \u00c5land, Schweden\",\"potentialAction\":[{\"@type\":\"SearchAction\",\"target\":{\"@type\":\"EntryPoint\",\"urlTemplate\":\"https:\/\/bf-on-tour.de\/m-18\/?s={search_term_string}\"},\"query-input\":{\"@type\":\"PropertyValueSpecification\",\"valueRequired\":true,\"valueName\":\"search_term_string\"}}],\"inLanguage\":\"de\"}]}<\/script>\n<!-- \/ Yoast SEO plugin. -->","yoast_head_json":{"title":"Wer oder was, bitte, ist Tartu? - Rund um die Ostsee","robots":{"index":"index","follow":"follow","max-snippet":"max-snippet:-1","max-image-preview":"max-image-preview:large","max-video-preview":"max-video-preview:-1"},"canonical":"https:\/\/bf-on-tour.de\/m-18\/p-08\/","og_locale":"de_DE","og_type":"article","og_title":"Wer oder was, bitte, ist Tartu? - Rund um die Ostsee","og_description":"Riga macht es uns schwer. Im morgendlichen Berufsverkehr mitten durch die Stadt ist wenig lustig. F\u00fcr etwa 10 Kilometer brauchen wir fast eine Stunde. Gut, dass eine ganze Reihe von Bussen hier mit Oberleitung fahren, aber es stinkt trotzdem gewaltig &#8211; nicht nur uns. Danach &#8211; wie k\u00f6nnte es anders sein &#8211; vierspurig geradeaus, mit &hellip; \u201eWer oder was, bitte, ist Tartu?\u201c weiterlesen","og_url":"https:\/\/bf-on-tour.de\/m-18\/p-08\/","og_site_name":"Rund um die Ostsee","article_modified_time":"2020-12-28T14:02:21+00:00","og_image":[{"url":"https:\/\/bf-on-tour.de\/m-18\/wp-content\/uploads\/sites\/19\/2018\/10\/p08-01-1024x576.jpg","type":"","width":"","height":""}],"twitter_card":"summary_large_image","twitter_misc":{"Gesch\u00e4tzte Lesezeit":"3\u00a0Minuten"},"schema":{"@context":"https:\/\/schema.org","@graph":[{"@type":"WebPage","@id":"https:\/\/bf-on-tour.de\/m-18\/p-08\/","url":"https:\/\/bf-on-tour.de\/m-18\/p-08\/","name":"Wer oder was, bitte, ist Tartu? - Rund um die Ostsee","isPartOf":{"@id":"https:\/\/bf-on-tour.de\/m-18\/#website"},"primaryImageOfPage":{"@id":"https:\/\/bf-on-tour.de\/m-18\/p-08\/#primaryimage"},"image":{"@id":"https:\/\/bf-on-tour.de\/m-18\/p-08\/#primaryimage"},"thumbnailUrl":"https:\/\/bf-on-tour.de\/m-18\/wp-content\/uploads\/sites\/19\/2018\/10\/p08-01-1024x576.jpg","datePublished":"2018-10-11T15:03:06+00:00","dateModified":"2020-12-28T14:02:21+00:00","breadcrumb":{"@id":"https:\/\/bf-on-tour.de\/m-18\/p-08\/#breadcrumb"},"inLanguage":"de","potentialAction":[{"@type":"ReadAction","target":["https:\/\/bf-on-tour.de\/m-18\/p-08\/"]}]},{"@type":"ImageObject","inLanguage":"de","@id":"https:\/\/bf-on-tour.de\/m-18\/p-08\/#primaryimage","url":"https:\/\/bf-on-tour.de\/m-18\/wp-content\/uploads\/sites\/19\/2018\/10\/p08-01.jpg","contentUrl":"https:\/\/bf-on-tour.de\/m-18\/wp-content\/uploads\/sites\/19\/2018\/10\/p08-01.jpg","width":1200,"height":675,"caption":"Die Grenze zu Estland"},{"@type":"BreadcrumbList","@id":"https:\/\/bf-on-tour.de\/m-18\/p-08\/#breadcrumb","itemListElement":[{"@type":"ListItem","position":1,"name":"Startseite","item":"https:\/\/bf-on-tour.de\/m-18\/"},{"@type":"ListItem","position":2,"name":"Wer oder was, bitte, ist Tartu?"}]},{"@type":"WebSite","@id":"https:\/\/bf-on-tour.de\/m-18\/#website","url":"https:\/\/bf-on-tour.de\/m-18\/","name":"Rund um die Ostsee","description":"Litauen, Lettland, Estland, Finnland, \u00c5land, Schweden","potentialAction":[{"@type":"SearchAction","target":{"@type":"EntryPoint","urlTemplate":"https:\/\/bf-on-tour.de\/m-18\/?s={search_term_string}"},"query-input":{"@type":"PropertyValueSpecification","valueRequired":true,"valueName":"search_term_string"}}],"inLanguage":"de"}]}},"_links":{"self":[{"href":"https:\/\/bf-on-tour.de\/m-18\/wp-json\/wp\/v2\/pages\/173","targetHints":{"allow":["GET"]}}],"collection":[{"href":"https:\/\/bf-on-tour.de\/m-18\/wp-json\/wp\/v2\/pages"}],"about":[{"href":"https:\/\/bf-on-tour.de\/m-18\/wp-json\/wp\/v2\/types\/page"}],"author":[{"embeddable":true,"href":"https:\/\/bf-on-tour.de\/m-18\/wp-json\/wp\/v2\/users\/1"}],"replies":[{"embeddable":true,"href":"https:\/\/bf-on-tour.de\/m-18\/wp-json\/wp\/v2\/comments?post=173"}],"version-history":[{"count":15,"href":"https:\/\/bf-on-tour.de\/m-18\/wp-json\/wp\/v2\/pages\/173\/revisions"}],"predecessor-version":[{"id":569,"href":"https:\/\/bf-on-tour.de\/m-18\/wp-json\/wp\/v2\/pages\/173\/revisions\/569"}],"wp:attachment":[{"href":"https:\/\/bf-on-tour.de\/m-18\/wp-json\/wp\/v2\/media?parent=173"}],"curies":[{"name":"wp","href":"https:\/\/api.w.org\/{rel}","templated":true}]}}