{"id":130,"date":"2018-10-11T10:32:06","date_gmt":"2018-10-11T08:32:06","guid":{"rendered":"http:\/\/blog.family-riders.de\/m-18\/?page_id=130"},"modified":"2021-01-20T19:02:37","modified_gmt":"2021-01-20T18:02:37","slug":"p-06","status":"publish","type":"page","link":"https:\/\/bf-on-tour.de\/m-18\/p-06\/","title":{"rendered":"Fliehen oder bleiben&#8230;?"},"content":{"rendered":"<p>Die Zeit in Kurtuvenai ist erholsam, wenngleich wir beide eine Art Fluchtreflex versp\u00fcren. Beim Motorradfahren ist gemeinhin der Weg das Ziel. In diesem Land ist aber eindeutig das Ziel das Ziel. Der Weg ist eher von der grausamen Sorte &#8211; geradeaus, geradeaus und nochmal geradeaus &#8211; und das bei um die 30\u00b0C, ohne Schatten. Denn selbst die Landstra\u00dfen zweiter Ordnung verlaufen in Schneisen, in denen deutsche Stra\u00dfenbauer ohne zu z\u00f6gern vierspurige Autobahnen gebaut h\u00e4tten. Hier kann bei Sturm kein Baum \u00fcber die Stra\u00dfe fallen, er w\u00e4re einfach zu weit weg. Aber es weht ja nichtmal&#8230;<\/p>\n<p>Dazu das Litauisch, das alle zu Hause eingeplanten Sehensw\u00fcrdigkeiten in einer Flut f\u00fcr uns unlesbar beschrifteter brauner Schilder untergehen l\u00e4sst. Wir haben bislang nicht ein Herrenhaus, nicht eine Kirche besichtigt. Sicher lagen sie irgendwo am Weg, aber wir haben sie einfach nicht gefunden. Und w\u00e4ren wir allen Schildern nachgefahren, unsere Tagesetappen h\u00e4tten sich auf maximal 50 Kilometer reduziert.<\/p>\n<p>Vielleicht wird es ja in Lettland besser. Usmas, unser erstes Ziel dort, liegt an einem ganz tollen Urstromtal, das man laut Reisef\u00fchrer unbedingt besucht haben muss. Weiter soll es nach Jurmala gehen, dem (!) Badeort Lettlands schlechthin und dann nach Riga, dieser Perle an der Ostsee. Wir reden uns gegenseitig Mut zu, doch weiter zu fahren.<\/p>\n<figure id=\"attachment_138\" aria-describedby=\"caption-attachment-138\" style=\"width: 840px\" class=\"wp-caption aligncenter\"><a href=\"https:\/\/bf-on-tour.de\/m-18\/wp-content\/uploads\/sites\/19\/2018\/10\/p06-01.jpg\" rel=\"lightbox[130]\"><img loading=\"lazy\" decoding=\"async\" class=\"size-large wp-image-138\" src=\"https:\/\/bf-on-tour.de\/m-18\/wp-content\/uploads\/sites\/19\/2018\/10\/p06-01-1024x470.jpg\" alt=\"\" width=\"840\" height=\"386\" srcset=\"https:\/\/bf-on-tour.de\/m-18\/wp-content\/uploads\/sites\/19\/2018\/10\/p06-01-1024x470.jpg 1024w, https:\/\/bf-on-tour.de\/m-18\/wp-content\/uploads\/sites\/19\/2018\/10\/p06-01-300x138.jpg 300w, https:\/\/bf-on-tour.de\/m-18\/wp-content\/uploads\/sites\/19\/2018\/10\/p06-01-768x353.jpg 768w, https:\/\/bf-on-tour.de\/m-18\/wp-content\/uploads\/sites\/19\/2018\/10\/p06-01.jpg 1200w\" sizes=\"auto, (max-width: 709px) 85vw, (max-width: 909px) 67vw, (max-width: 1362px) 62vw, 840px\" \/><\/a><figcaption id=\"caption-attachment-138\" class=\"wp-caption-text\">Grenze Litauen\/Lettland<\/figcaption><\/figure>\n<p>Lettland. Die Grenze ist ein Witz. Irgendwo am Wegesrand steht das Grenzschild, nicht einmal gefolgt von den sonst \u00fcblichen Hinweisen auf Geschwindigkeitsregeln. Die eben noch holprige Landstra\u00dfe wird nach wenigen Kilometern rabenschwarz und glatt, wie ein Kinderpopo. Hier bleiben also die EU-Gelder. Sehr brav. So ist&#8217;s richtig! Allerdings ist man noch nicht ganz fertig und daher stehen wir alle ein bis zwei Kilometer an einer Ampel in der gl\u00fchenden Hitze und warten schwitzenderweise auf etwas anderes als Rot.<\/p>\n<p>Und urpl\u00f6tzlich ist den Letten der Asphalt (oder das Geld) ausgegangen und der Rest der Stra\u00dfe ist geschottert. Na ja, das hatten wir in Litauen auch schon und es war nicht schlimm.<\/p>\n<p>Hier ist es anders. Ganz anders! Schotter ist billiger als Asphalt und so hat man echt dick aufgetragen. Es f\u00e4hrt sich, wie in schlackerigem Schnee, wenn man von einer Spur auf die andere wechselt. Unsere Reifen sinken zentimetertief ein, die Maschinen schlingern beachtlich. Etwas mehr Speed hilft etwas, aber nicht viel. Mehr als 50 km\/h traue ich mir nicht zu, denn hier gibt es Kurven, die sogar leicht \u00fcberh\u00f6ht sind, Spur- und Querrillen, so dass sich einige Strecken mit etwas weniger Ger\u00f6ll, wie auf einem Waschbrett fahren. Hoffentlich ist alles gut fest geschraubt&#8230;<\/p>\n<p>Dazu kommt der Fahrstil der Letten. War er in Litauen rustikal, ist er hier deutlich ruppiger. Man hat weder Zeit, noch Verst\u00e4ndnis f\u00fcr andere Verkehrsteilnehmer. \u00dcberholt wird immer, wenn es irgendwie geht, egal, ob rechts (das ist hier sogar erlaubt) oder links und beim Einscheren erwartet man, dass der \u00dcberholte abbremst. Ansonsten wird er eben von der Fahrbahn gedr\u00e4ngt.<\/p>\n<p>Und genau derartige Zeitgenossen begegnen uns jetzt auf der Schotterstra\u00dfe, die nach einem Abbiegen von der Haupt- auf eine Nebenstra\u00dfe tats\u00e4chlich mal durch einen Wald mit Schatten verl\u00e4uft. Wir werden mit Karacho \u00fcberholt, dass uns die Steine um die Ohren fliegen und die Staubfahne husten l\u00e4sst. Entgegenkommer d\u00fcsen an uns vorbei, ebenfalls eine riesige Staubfahne hinter sich herziehend, die uns f\u00fcr lange Sekunden die Sicht raubt. Der Wald ist nicht gr\u00fcn, sondern grau bemehlt. Staub, greller Sonnenschein und Waldschatten im Wechsel, sorgen daf\u00fcr, dass ich nach ca. 20 Kilometern die Fahrspuren nicht mehr richtig erkennen kann. Vor mir ist alles grau-wei\u00df, die Augen schmerzen. Im Helm h\u00f6re ich meine bessere H\u00e4lfte ab und an fluchen, juchzen oder unanst\u00e4ndige Worte aufsagen. Dann wei\u00df ich, dass sie gerade durch die Stelle gefahren ist, in der auch meine Maschine schon ausbrechen wollte. Aber sie bleibt oben! Respekt!<\/p>\n<figure id=\"attachment_140\" aria-describedby=\"caption-attachment-140\" style=\"width: 768px\" class=\"wp-caption aligncenter\"><a href=\"https:\/\/bf-on-tour.de\/m-18\/wp-content\/uploads\/sites\/19\/2018\/10\/p06-02.jpg\" rel=\"lightbox[130]\"><img loading=\"lazy\" decoding=\"async\" class=\"size-large wp-image-140\" src=\"https:\/\/bf-on-tour.de\/m-18\/wp-content\/uploads\/sites\/19\/2018\/10\/p06-02-768x1024.jpg\" alt=\"\" width=\"768\" height=\"1024\" srcset=\"https:\/\/bf-on-tour.de\/m-18\/wp-content\/uploads\/sites\/19\/2018\/10\/p06-02-768x1024.jpg 768w, https:\/\/bf-on-tour.de\/m-18\/wp-content\/uploads\/sites\/19\/2018\/10\/p06-02-225x300.jpg 225w, https:\/\/bf-on-tour.de\/m-18\/wp-content\/uploads\/sites\/19\/2018\/10\/p06-02.jpg 1200w\" sizes=\"auto, (max-width: 768px) 85vw, 768px\" \/><\/a><figcaption id=\"caption-attachment-140\" class=\"wp-caption-text\">Einfach nur dreckig!<\/figcaption><\/figure>\n<p>Nach 24 km ist der Spuk endlich vorbei und die Tigerlein haben wieder Asphalt unter den Reifen. Aber wir sehen aus, als h\u00e4tten wir bei unserer Freundin Grit in der alten Backstube eine Mehlballschlacht veranstaltet. F\u00fcr manchen Offroader mag das ja z\u00fcnftig aussehen, wir f\u00fchlen uns einfach nur dreckig, \u00e4ndern die Route, stellen das Navi auf <em>unbefestigte Stra\u00dfen vermeiden<\/em>. Der Fluchtreflex ist deutlich sp\u00fcrbar. Sehr deutlich sogar!<\/p>\n<iframe loading=\"lazy\" frameborder=\"0\" src=\"https:\/\/drive.google.com\/file\/d\/1_J6LAE6GUW0BTgoq1wkNxRTyrnWxVmm_\/preview?usp=drivesdk\" width=\"100%\" height=\"400\" style=\"border:0;max-width:100%\" scrolling=\"yes\"><\/iframe>\n<p>Nachmittags fahren wir noch durch Kuldiga, das Verwaltungszentrum des gleichnamigen lettischen Bezirks. Die Stadt hat rund 12.000 Einwohner, ist also schon etwas gr\u00f6\u00dfer im Vergleich zu dem, was wir sonst am Tage durchfahren haben, und macht einen absolut gemischten Eindruck auf uns: An einigen Stellen ist es recht h\u00fcbsch und sehenswert, an vielen Stellen aber bl\u00e4ttert die Farbe und es sind deutliche Spuren von Verfall zu sehen.<\/p>\n<figure id=\"attachment_141\" aria-describedby=\"caption-attachment-141\" style=\"width: 840px\" class=\"wp-caption aligncenter\"><a href=\"https:\/\/bf-on-tour.de\/m-18\/wp-content\/uploads\/sites\/19\/2018\/10\/p06-03.jpg\" rel=\"lightbox[130]\"><img loading=\"lazy\" decoding=\"async\" class=\"size-large wp-image-141\" src=\"https:\/\/bf-on-tour.de\/m-18\/wp-content\/uploads\/sites\/19\/2018\/10\/p06-03-1024x768.jpg\" alt=\"\" width=\"840\" height=\"630\" srcset=\"https:\/\/bf-on-tour.de\/m-18\/wp-content\/uploads\/sites\/19\/2018\/10\/p06-03-1024x768.jpg 1024w, https:\/\/bf-on-tour.de\/m-18\/wp-content\/uploads\/sites\/19\/2018\/10\/p06-03-300x225.jpg 300w, https:\/\/bf-on-tour.de\/m-18\/wp-content\/uploads\/sites\/19\/2018\/10\/p06-03-768x576.jpg 768w, https:\/\/bf-on-tour.de\/m-18\/wp-content\/uploads\/sites\/19\/2018\/10\/p06-03.jpg 1200w\" sizes=\"auto, (max-width: 709px) 85vw, (max-width: 909px) 67vw, (max-width: 1362px) 62vw, 840px\" \/><\/a><figcaption id=\"caption-attachment-141\" class=\"wp-caption-text\">Doch, es geht weiter!<\/figcaption><\/figure>\n<p>Abends im Zelt ertappe ich mich dabei, den Fahrplan der F\u00e4hre von Lipaia nach Travem\u00fcnde zu studieren. Morgen Riga und dann einfach wieder zur\u00fcck, ab nach Hause. W\u00e4re das nicht was?<\/p>\n<p>Nein, w\u00e4re es nicht. Denn die Fahrt w\u00fcrde ein erhebliches Loch in unsere Urlaubskasse rei\u00dfen. So lange F\u00e4hrfahrten kann man nur zeitig im Voraus g\u00fcnstig buchen. Kurzfristig sind sie unerschwinglich. Also reden wir uns die Reise wieder einmal sch\u00f6n: Wenn das Ziel das Ziel ist, brauchen wir Ziele. Riga ist eines. Das wissen wir. Hier waren wir bereits vor drei Jahren und es hatte uns extrem gut gefallen. Und dann buchen wir kurz entschlossen im Radisson Blu, denn mit etwas Gl\u00fcck bekommen wir dort ein Zimmer mit Ausblick \u00fcber die Daugava hin\u00fcber zur Altstadt. Wenn das nicht sch\u00f6n w\u00e4re&#8230;?<\/p>\n<p><a href=\"https:\/\/bf-on-tour.de\/m-18\/p-05\"><img loading=\"lazy\" decoding=\"async\" class=\"alignleft wp-image-10\" src=\"https:\/\/bf-on-tour.de\/m-18\/wp-content\/uploads\/sites\/19\/2018\/10\/zurueck.png\" alt=\"\" width=\"50\" height=\"37\" \/><\/a><a href=\"https:\/\/bf-on-tour.de\/m-18\/p-07\"><img loading=\"lazy\" decoding=\"async\" class=\"alignright wp-image-9\" src=\"https:\/\/bf-on-tour.de\/m-18\/wp-content\/uploads\/sites\/19\/2018\/10\/weiter.png\" alt=\"\" width=\"50\" height=\"37\" \/><\/a><\/p>\n","protected":false},"excerpt":{"rendered":"<p>Die Zeit in Kurtuvenai ist erholsam, wenngleich wir beide eine Art Fluchtreflex versp\u00fcren. Beim Motorradfahren ist gemeinhin der Weg das Ziel. In diesem Land ist aber eindeutig das Ziel das Ziel. Der Weg ist eher von der grausamen Sorte &#8211; geradeaus, geradeaus und nochmal geradeaus &#8211; und das bei um die 30\u00b0C, ohne Schatten. Denn &hellip; <a href=\"https:\/\/bf-on-tour.de\/m-18\/p-06\/\" class=\"more-link\"><span class=\"screen-reader-text\">\u201eFliehen oder bleiben&#8230;?\u201c <\/span>weiterlesen<\/a><\/p>\n","protected":false},"author":1,"featured_media":0,"parent":0,"menu_order":5,"comment_status":"open","ping_status":"closed","template":"","meta":{"footnotes":""},"class_list":["post-130","page","type-page","status-publish","hentry"],"yoast_head":"<!-- This site is optimized with the Yoast SEO plugin v27.1.1 - https:\/\/yoast.com\/product\/yoast-seo-wordpress\/ -->\n<title>Fliehen oder bleiben...? - Rund um die Ostsee<\/title>\n<meta name=\"robots\" content=\"index, follow, max-snippet:-1, max-image-preview:large, max-video-preview:-1\" \/>\n<link rel=\"canonical\" href=\"https:\/\/bf-on-tour.de\/m-18\/p-06\/\" \/>\n<meta property=\"og:locale\" content=\"de_DE\" \/>\n<meta property=\"og:type\" content=\"article\" \/>\n<meta property=\"og:title\" content=\"Fliehen oder bleiben...? - Rund um die Ostsee\" \/>\n<meta property=\"og:description\" content=\"Die Zeit in Kurtuvenai ist erholsam, wenngleich wir beide eine Art Fluchtreflex versp\u00fcren. Beim Motorradfahren ist gemeinhin der Weg das Ziel. In diesem Land ist aber eindeutig das Ziel das Ziel. Der Weg ist eher von der grausamen Sorte &#8211; geradeaus, geradeaus und nochmal geradeaus &#8211; und das bei um die 30\u00b0C, ohne Schatten. Denn &hellip; \u201eFliehen oder bleiben&#8230;?\u201c weiterlesen\" \/>\n<meta property=\"og:url\" content=\"https:\/\/bf-on-tour.de\/m-18\/p-06\/\" \/>\n<meta property=\"og:site_name\" content=\"Rund um die Ostsee\" \/>\n<meta property=\"article:modified_time\" content=\"2021-01-20T18:02:37+00:00\" \/>\n<meta property=\"og:image\" content=\"https:\/\/bf-on-tour.de\/m-18\/wp-content\/uploads\/sites\/19\/2018\/10\/p06-01-1024x470.jpg\" \/>\n<meta name=\"twitter:card\" content=\"summary_large_image\" \/>\n<meta name=\"twitter:label1\" content=\"Gesch\u00e4tzte Lesezeit\" \/>\n\t<meta name=\"twitter:data1\" content=\"5\u00a0Minuten\" \/>\n<script type=\"application\/ld+json\" class=\"yoast-schema-graph\">{\"@context\":\"https:\/\/schema.org\",\"@graph\":[{\"@type\":\"WebPage\",\"@id\":\"https:\/\/bf-on-tour.de\/m-18\/p-06\/\",\"url\":\"https:\/\/bf-on-tour.de\/m-18\/p-06\/\",\"name\":\"Fliehen oder bleiben...? - Rund um die Ostsee\",\"isPartOf\":{\"@id\":\"https:\/\/bf-on-tour.de\/m-18\/#website\"},\"primaryImageOfPage\":{\"@id\":\"https:\/\/bf-on-tour.de\/m-18\/p-06\/#primaryimage\"},\"image\":{\"@id\":\"https:\/\/bf-on-tour.de\/m-18\/p-06\/#primaryimage\"},\"thumbnailUrl\":\"https:\/\/bf-on-tour.de\/m-18\/wp-content\/uploads\/sites\/19\/2018\/10\/p06-01-1024x470.jpg\",\"datePublished\":\"2018-10-11T08:32:06+00:00\",\"dateModified\":\"2021-01-20T18:02:37+00:00\",\"breadcrumb\":{\"@id\":\"https:\/\/bf-on-tour.de\/m-18\/p-06\/#breadcrumb\"},\"inLanguage\":\"de\",\"potentialAction\":[{\"@type\":\"ReadAction\",\"target\":[\"https:\/\/bf-on-tour.de\/m-18\/p-06\/\"]}]},{\"@type\":\"ImageObject\",\"inLanguage\":\"de\",\"@id\":\"https:\/\/bf-on-tour.de\/m-18\/p-06\/#primaryimage\",\"url\":\"https:\/\/bf-on-tour.de\/m-18\/wp-content\/uploads\/sites\/19\/2018\/10\/p06-01.jpg\",\"contentUrl\":\"https:\/\/bf-on-tour.de\/m-18\/wp-content\/uploads\/sites\/19\/2018\/10\/p06-01.jpg\",\"width\":1200,\"height\":551,\"caption\":\"Grenze Litauen\/Lettland\"},{\"@type\":\"BreadcrumbList\",\"@id\":\"https:\/\/bf-on-tour.de\/m-18\/p-06\/#breadcrumb\",\"itemListElement\":[{\"@type\":\"ListItem\",\"position\":1,\"name\":\"Startseite\",\"item\":\"https:\/\/bf-on-tour.de\/m-18\/\"},{\"@type\":\"ListItem\",\"position\":2,\"name\":\"Fliehen oder bleiben&#8230;?\"}]},{\"@type\":\"WebSite\",\"@id\":\"https:\/\/bf-on-tour.de\/m-18\/#website\",\"url\":\"https:\/\/bf-on-tour.de\/m-18\/\",\"name\":\"Rund um die Ostsee\",\"description\":\"Litauen, Lettland, Estland, Finnland, \u00c5land, Schweden\",\"potentialAction\":[{\"@type\":\"SearchAction\",\"target\":{\"@type\":\"EntryPoint\",\"urlTemplate\":\"https:\/\/bf-on-tour.de\/m-18\/?s={search_term_string}\"},\"query-input\":{\"@type\":\"PropertyValueSpecification\",\"valueRequired\":true,\"valueName\":\"search_term_string\"}}],\"inLanguage\":\"de\"}]}<\/script>\n<!-- \/ Yoast SEO plugin. -->","yoast_head_json":{"title":"Fliehen oder bleiben...? - Rund um die Ostsee","robots":{"index":"index","follow":"follow","max-snippet":"max-snippet:-1","max-image-preview":"max-image-preview:large","max-video-preview":"max-video-preview:-1"},"canonical":"https:\/\/bf-on-tour.de\/m-18\/p-06\/","og_locale":"de_DE","og_type":"article","og_title":"Fliehen oder bleiben...? - Rund um die Ostsee","og_description":"Die Zeit in Kurtuvenai ist erholsam, wenngleich wir beide eine Art Fluchtreflex versp\u00fcren. Beim Motorradfahren ist gemeinhin der Weg das Ziel. In diesem Land ist aber eindeutig das Ziel das Ziel. Der Weg ist eher von der grausamen Sorte &#8211; geradeaus, geradeaus und nochmal geradeaus &#8211; und das bei um die 30\u00b0C, ohne Schatten. Denn &hellip; \u201eFliehen oder bleiben&#8230;?\u201c weiterlesen","og_url":"https:\/\/bf-on-tour.de\/m-18\/p-06\/","og_site_name":"Rund um die Ostsee","article_modified_time":"2021-01-20T18:02:37+00:00","og_image":[{"url":"https:\/\/bf-on-tour.de\/m-18\/wp-content\/uploads\/sites\/19\/2018\/10\/p06-01-1024x470.jpg","type":"","width":"","height":""}],"twitter_card":"summary_large_image","twitter_misc":{"Gesch\u00e4tzte Lesezeit":"5\u00a0Minuten"},"schema":{"@context":"https:\/\/schema.org","@graph":[{"@type":"WebPage","@id":"https:\/\/bf-on-tour.de\/m-18\/p-06\/","url":"https:\/\/bf-on-tour.de\/m-18\/p-06\/","name":"Fliehen oder bleiben...? - Rund um die Ostsee","isPartOf":{"@id":"https:\/\/bf-on-tour.de\/m-18\/#website"},"primaryImageOfPage":{"@id":"https:\/\/bf-on-tour.de\/m-18\/p-06\/#primaryimage"},"image":{"@id":"https:\/\/bf-on-tour.de\/m-18\/p-06\/#primaryimage"},"thumbnailUrl":"https:\/\/bf-on-tour.de\/m-18\/wp-content\/uploads\/sites\/19\/2018\/10\/p06-01-1024x470.jpg","datePublished":"2018-10-11T08:32:06+00:00","dateModified":"2021-01-20T18:02:37+00:00","breadcrumb":{"@id":"https:\/\/bf-on-tour.de\/m-18\/p-06\/#breadcrumb"},"inLanguage":"de","potentialAction":[{"@type":"ReadAction","target":["https:\/\/bf-on-tour.de\/m-18\/p-06\/"]}]},{"@type":"ImageObject","inLanguage":"de","@id":"https:\/\/bf-on-tour.de\/m-18\/p-06\/#primaryimage","url":"https:\/\/bf-on-tour.de\/m-18\/wp-content\/uploads\/sites\/19\/2018\/10\/p06-01.jpg","contentUrl":"https:\/\/bf-on-tour.de\/m-18\/wp-content\/uploads\/sites\/19\/2018\/10\/p06-01.jpg","width":1200,"height":551,"caption":"Grenze Litauen\/Lettland"},{"@type":"BreadcrumbList","@id":"https:\/\/bf-on-tour.de\/m-18\/p-06\/#breadcrumb","itemListElement":[{"@type":"ListItem","position":1,"name":"Startseite","item":"https:\/\/bf-on-tour.de\/m-18\/"},{"@type":"ListItem","position":2,"name":"Fliehen oder bleiben&#8230;?"}]},{"@type":"WebSite","@id":"https:\/\/bf-on-tour.de\/m-18\/#website","url":"https:\/\/bf-on-tour.de\/m-18\/","name":"Rund um die Ostsee","description":"Litauen, Lettland, Estland, Finnland, \u00c5land, Schweden","potentialAction":[{"@type":"SearchAction","target":{"@type":"EntryPoint","urlTemplate":"https:\/\/bf-on-tour.de\/m-18\/?s={search_term_string}"},"query-input":{"@type":"PropertyValueSpecification","valueRequired":true,"valueName":"search_term_string"}}],"inLanguage":"de"}]}},"_links":{"self":[{"href":"https:\/\/bf-on-tour.de\/m-18\/wp-json\/wp\/v2\/pages\/130","targetHints":{"allow":["GET"]}}],"collection":[{"href":"https:\/\/bf-on-tour.de\/m-18\/wp-json\/wp\/v2\/pages"}],"about":[{"href":"https:\/\/bf-on-tour.de\/m-18\/wp-json\/wp\/v2\/types\/page"}],"author":[{"embeddable":true,"href":"https:\/\/bf-on-tour.de\/m-18\/wp-json\/wp\/v2\/users\/1"}],"replies":[{"embeddable":true,"href":"https:\/\/bf-on-tour.de\/m-18\/wp-json\/wp\/v2\/comments?post=130"}],"version-history":[{"count":18,"href":"https:\/\/bf-on-tour.de\/m-18\/wp-json\/wp\/v2\/pages\/130\/revisions"}],"predecessor-version":[{"id":578,"href":"https:\/\/bf-on-tour.de\/m-18\/wp-json\/wp\/v2\/pages\/130\/revisions\/578"}],"wp:attachment":[{"href":"https:\/\/bf-on-tour.de\/m-18\/wp-json\/wp\/v2\/media?parent=130"}],"curies":[{"name":"wp","href":"https:\/\/api.w.org\/{rel}","templated":true}]}}