{"id":250,"date":"2017-09-03T14:27:31","date_gmt":"2017-09-03T12:27:31","guid":{"rendered":"http:\/\/blog.family-riders.de\/blackforest\/?page_id=250"},"modified":"2021-01-20T18:56:52","modified_gmt":"2021-01-20T17:56:52","slug":"seite-01","status":"publish","type":"page","link":"https:\/\/bf-on-tour.de\/m-17\/seite-01\/","title":{"rendered":"Anreise"},"content":{"rendered":"<p>Sonntag 9:00 Uhr. Drei Schl\u00fcssel spielen jetzt die Hauprolle: Einer verschlie\u00dft die Haust\u00fcr und zwei starten unsere Maschinen. Tiger und Babytiger schnurren gen\u00fcsslich vor sich hin, fauchen kurz auf und los geht\u2019s.<\/p>\n<figure id=\"attachment_275\" aria-describedby=\"caption-attachment-275\" style=\"width: 840px\" class=\"wp-caption aligncenter\"><a href=\"https:\/\/bf-on-tour.de\/m-17\/wp-content\/uploads\/sites\/8\/2017\/08\/S01-01.jpg\" rel=\"lightbox[250]\"><img loading=\"lazy\" decoding=\"async\" class=\"wp-image-275 size-large\" src=\"https:\/\/bf-on-tour.de\/m-17\/wp-content\/uploads\/sites\/8\/2017\/08\/S01-01-1024x768.jpg\" alt=\"\" width=\"840\" height=\"630\" srcset=\"https:\/\/bf-on-tour.de\/m-17\/wp-content\/uploads\/sites\/8\/2017\/08\/S01-01-1024x768.jpg 1024w, https:\/\/bf-on-tour.de\/m-17\/wp-content\/uploads\/sites\/8\/2017\/08\/S01-01-300x225.jpg 300w, https:\/\/bf-on-tour.de\/m-17\/wp-content\/uploads\/sites\/8\/2017\/08\/S01-01-768x576.jpg 768w, https:\/\/bf-on-tour.de\/m-17\/wp-content\/uploads\/sites\/8\/2017\/08\/S01-01.jpg 1200w\" sizes=\"auto, (max-width: 709px) 85vw, (max-width: 909px) 67vw, (max-width: 1362px) 62vw, 840px\" \/><\/a><figcaption id=\"caption-attachment-275\" class=\"wp-caption-text\">Die Maschinen sind startklar.<\/figcaption><\/figure>\n<p>Rund 650 km bis zum Ziel sind uns zu viel f\u00fcr einen Tag, also teilen wir die Strecke ziemlich genau in der Mitte. Heute bis Mertingen, morgen entlang der oberen Donau und dann nach Todtmoos, mitten in den S\u00fcdschwarzwald.<\/p>\n<p>Bis Hof-West geht es \u00fcber die A72 und die A9. Das ist zwar nicht besonders sch\u00f6n, aber sehr n\u00fctzlich. Danach fahren wir \u00fcber kleine Stra\u00dfen an die B2 heran, die hier landschaftlich sehr sch\u00f6n ist und zumeist auch wenig befahren, weil fast alle Autofahrer die parallell laufende A9 nutzen &#8211; und dabei nicht nur herrliche Ausblicke sondern auch das zauberhafte Bad Berneck verpassen. Hier darf man zwar nur mit 30 km\/h durch die Stadt fahren, aber das ist eigentlich noch viel zu schnell, denn ein Fachwerkhaus reiht sich an das n\u00e4chste und hinter jeder Kurve verbirgt sich ein Fotomotiv.<\/p>\n<p>Bayreuth umfahren wir und freuen uns auf den ebenso wenig befahrenen Teil der B2 zwischen Pegnitz und N\u00fcrnberg. Flotte, gestreckte Kurven, eine sanfte, h\u00fcgelige Landschaft und dichte W\u00e4lder, die weite Teile der kaum befahrenen Stra\u00dfe s\u00e4umen, erwarten uns hier.<\/p>\n<p>Schlie\u00dflich erreichen wir Mertingen. Uns bietet der Ort eigentlich nichts &#8211; au\u00dfer der Alten Brauerei, in der wir komfortabel \u00fcbernachten. Leider war der Rest des Tages eine richtige Hitzeschlacht. 30 Grad trotz Fahrtwind sind auch mit einem gut bel\u00fcfteten Anzug nicht lustig. Unser Hotelzimmer liegt unter dem Dach und hat keine Klimaanlage. Das Thermometer zeigt 27 Grad. Wir f\u00fchlen uns doch sehr an das Hotel in Weil am Rhein von vor zwei Jahren erinnert &#8211; aber es gibt hier wenigstens keinen Bahnhof direkt davor&#8230;<\/p>\n<p>Daf\u00fcr machen sich in unregelm\u00e4\u00dfigen Abst\u00e4nden Zechergr\u00fcppchen lautstark palavernd aus der Wirtschaft auf den Heimweg und zwei Kirchen wetteifern darin, uns alle 15 Minuten daran zu erinnern, dass es schon wieder sp\u00e4ter geworden ist. Da wir das Fenster weit ge\u00f6ffnet haben, teilen wir das Zimmer auch noch mit einer Fliege und (mindestens) einer M\u00fccke. Gute Nacht!<\/p>\n<p><a href=\"https:\/\/bf-on-tour.de\/m-17\/wp-content\/uploads\/sites\/8\/2017\/07\/IMG_1425.jpg\" rel=\"lightbox[250]\"><img loading=\"lazy\" decoding=\"async\" class=\"alignleft wp-image-17 size-medium\" src=\"https:\/\/bf-on-tour.de\/m-17\/wp-content\/uploads\/sites\/8\/2017\/07\/IMG_1425-e1502452511608-300x180.jpg\" alt=\"\" width=\"300\" height=\"180\" srcset=\"https:\/\/bf-on-tour.de\/m-17\/wp-content\/uploads\/sites\/8\/2017\/07\/IMG_1425-e1502452511608-300x180.jpg 300w, https:\/\/bf-on-tour.de\/m-17\/wp-content\/uploads\/sites\/8\/2017\/07\/IMG_1425-e1502452511608.jpg 717w\" sizes=\"auto, (max-width: 300px) 85vw, 300px\" \/><\/a><\/p>\n<p>5:00 Uhr. Die Fliege hat ausgeschlafen. Sie muss heute Nacht einen Comic von Simon\u2019s Cat gesehen haben, denn ihre Art, uns zu wecken \u00e4hnelt der seiner Katze sehr. Als ich schlie\u00dflich entnervt die Augen \u00f6ffne, sehe ich sie zum Fenster hinaus fliegen. Weg ist sie. Jetzt wei\u00df ich, dass wer auch immer dieses Tier <em>Gemeine Stubenfliege<\/em> genannt hat, die Betonung auf <i><b>gemein<\/b><\/i> gelegt haben muss. Aber OK, bis 7:30 Uhr fallen die Augen noch einmal automatisch zu.<\/p>\n<p>9:00 Uhr. Es regnet. Maschinen aufr\u00f6deln und los. Das Wetter bildet zusammen mit der flachen und absolut nichts sagenden Landschaft eine gute Basis f\u00fcr Depressionen. Aber nach etwa einer Stunde ist zumindest das Wetter wieder besser. Landschaftlich bleibt es ziemlich trist.<\/p>\n<p>Und das \u00e4ndert sich erst hinter Sigmaringen. Hier beginnt das Obere Donautal mit seinen Felsformationen, den zahlreichen Burgen, Ruinen und einer stattlichen Anzahl flott zu fahrender Kurven, garniert mit dem einen oder auch anderen Tunnel. So macht\u2019s Spa\u00df!<\/p>\n<p><iframe loading=\"lazy\" title=\"On Tour: Im Oberen Donautal\" width=\"840\" height=\"473\" src=\"https:\/\/www.youtube.com\/embed\/J0xOw9Jng2s?feature=oembed\" frameborder=\"0\" allow=\"accelerometer; autoplay; clipboard-write; encrypted-media; gyroscope; picture-in-picture\" allowfullscreen><\/iframe><\/p>\n<p>Hinter Beuron ist es zwar landschaftlich immer noch sch\u00f6n und abwechslungsreich, aber egal, jetzt wollen wir weiter kommen. Die B31 hilft uns dabei bis Titisee-Neustadt. Dann biegen wir auf die B500 ab, um schlie\u00dflich auf kleinen Stra\u00dfen bis nach Todtmoos zu kommen.<\/p>\n<figure id=\"attachment_276\" aria-describedby=\"caption-attachment-276\" style=\"width: 840px\" class=\"wp-caption aligncenter\"><a href=\"https:\/\/bf-on-tour.de\/m-17\/wp-content\/uploads\/sites\/8\/2017\/08\/S01-02.jpg\" rel=\"lightbox[250]\"><img loading=\"lazy\" decoding=\"async\" class=\"size-large wp-image-276\" src=\"https:\/\/bf-on-tour.de\/m-17\/wp-content\/uploads\/sites\/8\/2017\/08\/S01-02-1024x768.jpg\" alt=\"\" width=\"840\" height=\"630\" srcset=\"https:\/\/bf-on-tour.de\/m-17\/wp-content\/uploads\/sites\/8\/2017\/08\/S01-02-1024x768.jpg 1024w, https:\/\/bf-on-tour.de\/m-17\/wp-content\/uploads\/sites\/8\/2017\/08\/S01-02-300x225.jpg 300w, https:\/\/bf-on-tour.de\/m-17\/wp-content\/uploads\/sites\/8\/2017\/08\/S01-02-768x576.jpg 768w, https:\/\/bf-on-tour.de\/m-17\/wp-content\/uploads\/sites\/8\/2017\/08\/S01-02.jpg 1200w\" sizes=\"auto, (max-width: 709px) 85vw, (max-width: 909px) 67vw, (max-width: 1362px) 62vw, 840px\" \/><\/a><figcaption id=\"caption-attachment-276\" class=\"wp-caption-text\">Todtmoos<\/figcaption><\/figure>\n<p>Es regnet zwar wieder, doch jetzt klingt der Tag sehr vers\u00f6hnlich mit einem z\u00fcnftigen Burepl\u00e4ttle aus, begleitet von einem Schwarzw\u00e4lder Kirschwasser und einem Tannenz\u00e4pfle.<\/p>\n<p><a href=\"https:\/\/bf-on-tour.de\/m-17\/seite-02\"><img loading=\"lazy\" decoding=\"async\" class=\"alignright wp-image-344\" src=\"https:\/\/bf-on-tour.de\/m-17\/wp-content\/uploads\/sites\/8\/2017\/09\/weiter.png\" alt=\"\" width=\"50\" height=\"37\" \/><\/a><a href=\"https:\/\/bf-on-tour.de\/m-17\/\"><img loading=\"lazy\" decoding=\"async\" class=\"alignleft wp-image-343\" src=\"https:\/\/bf-on-tour.de\/m-17\/wp-content\/uploads\/sites\/8\/2017\/09\/zurueck.png\" alt=\"\" width=\"50\" height=\"37\" \/><\/a><\/p>\n","protected":false},"excerpt":{"rendered":"<p>Sonntag 9:00 Uhr. Drei Schl\u00fcssel spielen jetzt die Hauprolle: Einer verschlie\u00dft die Haust\u00fcr und zwei starten unsere Maschinen. Tiger und Babytiger schnurren gen\u00fcsslich vor sich hin, fauchen kurz auf und los geht\u2019s. Rund 650 km bis zum Ziel sind uns zu viel f\u00fcr einen Tag, also teilen wir die Strecke ziemlich genau in der Mitte. &hellip; <a href=\"https:\/\/bf-on-tour.de\/m-17\/seite-01\/\" class=\"more-link\"><span class=\"screen-reader-text\">\u201eAnreise\u201c <\/span>weiterlesen<\/a><\/p>\n","protected":false},"author":1,"featured_media":0,"parent":0,"menu_order":1,"comment_status":"open","ping_status":"closed","template":"","meta":{"footnotes":""},"class_list":["post-250","page","type-page","status-publish","hentry"],"_links":{"self":[{"href":"https:\/\/bf-on-tour.de\/m-17\/wp-json\/wp\/v2\/pages\/250","targetHints":{"allow":["GET"]}}],"collection":[{"href":"https:\/\/bf-on-tour.de\/m-17\/wp-json\/wp\/v2\/pages"}],"about":[{"href":"https:\/\/bf-on-tour.de\/m-17\/wp-json\/wp\/v2\/types\/page"}],"author":[{"embeddable":true,"href":"https:\/\/bf-on-tour.de\/m-17\/wp-json\/wp\/v2\/users\/1"}],"replies":[{"embeddable":true,"href":"https:\/\/bf-on-tour.de\/m-17\/wp-json\/wp\/v2\/comments?post=250"}],"version-history":[{"count":17,"href":"https:\/\/bf-on-tour.de\/m-17\/wp-json\/wp\/v2\/pages\/250\/revisions"}],"predecessor-version":[{"id":438,"href":"https:\/\/bf-on-tour.de\/m-17\/wp-json\/wp\/v2\/pages\/250\/revisions\/438"}],"wp:attachment":[{"href":"https:\/\/bf-on-tour.de\/m-17\/wp-json\/wp\/v2\/media?parent=250"}],"curies":[{"name":"wp","href":"https:\/\/api.w.org\/{rel}","templated":true}]}}