{"id":248,"date":"2017-09-03T14:27:19","date_gmt":"2017-09-03T12:27:19","guid":{"rendered":"http:\/\/blog.family-riders.de\/blackforest\/?page_id=248"},"modified":"2020-04-03T11:16:30","modified_gmt":"2020-04-03T09:16:30","slug":"seite-00","status":"publish","type":"page","link":"https:\/\/bf-on-tour.de\/m-17\/","title":{"rendered":"Es geht wieder los!"},"content":{"rendered":"<p>Es geht wieder los! Auf in den Schwarzen Wald (ja, ja, das darf man jetzt so schreiben &#8211; oder vielleicht doch nicht?). Diesmal mit den neuen Maschinen: <strong>Tiger &amp; Babytiger<\/strong>. Wollen doch mal sehen, ob wir damit nicht noch besser Kurven r\u00e4ubern k\u00f6nnen als mit den beiden Hondas. Es ist also <em>Schwarzwald zum Angew\u00f6hnen<\/em> angesagt&#8230;<\/p>\n<p><a href=\"https:\/\/bf-on-tour.de\/m-17\/wp-content\/uploads\/sites\/8\/2017\/09\/weiter.png\" rel=\"lightbox[248]\"><\/a><a href=\"https:\/\/bf-on-tour.de\/m-17\/seite-01\"><img loading=\"lazy\" decoding=\"async\" class=\"alignright wp-image-344\" src=\"https:\/\/bf-on-tour.de\/m-17\/wp-content\/uploads\/sites\/8\/2017\/09\/weiter.png\" alt=\"\" width=\"50\" height=\"37\" \/><\/a><\/p>\n","protected":false},"excerpt":{"rendered":"<p>Es geht wieder los! Auf in den Schwarzen Wald (ja, ja, das darf man jetzt so schreiben &#8211; oder vielleicht doch nicht?). Diesmal mit den neuen Maschinen: Tiger &amp; Babytiger. Wollen doch mal sehen, ob wir damit nicht noch besser Kurven r\u00e4ubern k\u00f6nnen als mit den beiden Hondas. Es ist also Schwarzwald zum Angew\u00f6hnen angesagt&#8230;<\/p>\n","protected":false},"author":1,"featured_media":0,"parent":0,"menu_order":0,"comment_status":"open","ping_status":"closed","template":"","meta":{"footnotes":""},"class_list":["post-248","page","type-page","status-publish","hentry"],"_links":{"self":[{"href":"https:\/\/bf-on-tour.de\/m-17\/wp-json\/wp\/v2\/pages\/248","targetHints":{"allow":["GET"]}}],"collection":[{"href":"https:\/\/bf-on-tour.de\/m-17\/wp-json\/wp\/v2\/pages"}],"about":[{"href":"https:\/\/bf-on-tour.de\/m-17\/wp-json\/wp\/v2\/types\/page"}],"author":[{"embeddable":true,"href":"https:\/\/bf-on-tour.de\/m-17\/wp-json\/wp\/v2\/users\/1"}],"replies":[{"embeddable":true,"href":"https:\/\/bf-on-tour.de\/m-17\/wp-json\/wp\/v2\/comments?post=248"}],"version-history":[{"count":4,"href":"https:\/\/bf-on-tour.de\/m-17\/wp-json\/wp\/v2\/pages\/248\/revisions"}],"predecessor-version":[{"id":422,"href":"https:\/\/bf-on-tour.de\/m-17\/wp-json\/wp\/v2\/pages\/248\/revisions\/422"}],"wp:attachment":[{"href":"https:\/\/bf-on-tour.de\/m-17\/wp-json\/wp\/v2\/media?parent=248"}],"curies":[{"name":"wp","href":"https:\/\/api.w.org\/{rel}","templated":true}]}}