{"id":540,"date":"2016-08-13T17:18:32","date_gmt":"2016-08-13T15:18:32","guid":{"rendered":"http:\/\/blog.family-riders.de\/norway\/?page_id=540"},"modified":"2021-02-26T17:42:40","modified_gmt":"2021-02-26T16:42:40","slug":"2016-norwegen-per-schiff-und-motorrad","status":"publish","type":"page","link":"https:\/\/bf-on-tour.de\/m-16\/","title":{"rendered":"Prolog"},"content":{"rendered":"<p style=\"text-align: justify;\">Wir schreiben das Jahr 2016. Vor genau 10 Jahren, n\u00e4mlich 2006, war ich das erste Mal in Norwegen mit dem Motorrad (<a href=\"https:\/\/bf-on-tour.de\/m-06\">Dem B\u00e4ren durchs Fell gefahren<\/a>). Damals begleitete mich Hendrik, ein Freund aus dem Sportverein. Wir fuhren bis zum Nordkap rund 8.500 Kilometer von zu Hause nach zu Hause. Und wer so etwas einmal gemacht hat, der will wieder hin!<\/p>\n<p style=\"text-align: justify;\">2011 waren meine bessere H\u00e4lfte und ich\u00a0mit der Hurtigruten in Norwegen. Einmal das volle Programm: Bergen, Nordkap, Kirkenes und retour. 13 Tage 3D-Kino auf\u00a0der <em>MS\u00a0Kong Harald<\/em>, in denen\u00a0die faszinierende Landschaft einfach so an einem vorbei gleitet und man ein\u00a0an Kreuzfahrten angen\u00e4hertes Ambiente genie\u00dfen kann. Was fehlte, war der direkte Kontakt mit dem Land: Mit Bergen, Stra\u00dfen, Menschen. Norwegen und das Nordkap muss man sich erarbeiten.<\/p>\n<p style=\"text-align: justify;\">2016 nun der Kompromiss. Eine Reiseh\u00e4lfte als\u00a0Wiederholung des 3D-Filmes &#8222;Bergen, Kirkenes: Norwegen per\u00a0Schiff&#8220; &#8211; diesmal auf der <em>MS Trollfjord<\/em> &#8211; und die R\u00fcckfahrt (nat\u00fcrlich mit einem Abstecher zum Nordkap) mit unseren\u00a0Motorr\u00e4dern, einer Honda CBF 1000 als Lastesel und\u00a0einer kleinen CB500 F.\u00a0Insgesamt sind wir knapp 5.700 km mit den Motorr\u00e4dern gefahren, wobei etwa 3.700 km auf Norwegen direkt entfallen. Der Rest war\u00a0An- und R\u00fcckreise.<\/p>\n<p style=\"text-align: justify;\">Die nachfolgenden Seiten sind aus unserem Urlaubsblog entstanden, den ich w\u00e4hrend der Reise mehr oder weniger konstant bedient habe. Warum die Umarbeitung vom Blog zu Seiten? Weil damit die Qualit\u00e4t der Bilder besser geworden ist (im Urlaub gingen nur\u00a0kleine Handybilder online, alles andere w\u00e4re\u00a0bei der meist geringen Bandbreite des\u00a0Internets\u00a0Qu\u00e4lerei gewesen) und weil jetzt die Reihenfolge der Seiten stimmt.<\/p>\n<p style=\"text-align: justify;\">In diesem Sinne viel Spa\u00df beim Lesen!<\/p>\n<figure id=\"attachment_548\" aria-describedby=\"caption-attachment-548\" style=\"width: 260px\" class=\"wp-caption alignleft\"><a href=\"https:\/\/bf-on-tour.de\/m-16\/wp-content\/uploads\/sites\/2\/2016\/08\/P00-01.jpg\" rel=\"lightbox[540]\"><img loading=\"lazy\" decoding=\"async\" class=\"wp-image-548 size-medium\" src=\"https:\/\/bf-on-tour.de\/m-16\/wp-content\/uploads\/sites\/2\/2016\/08\/P00-01-260x300.jpg\" alt=\"Die mit dem Schiff gefahrene Route\" width=\"260\" height=\"300\" srcset=\"https:\/\/bf-on-tour.de\/m-16\/wp-content\/uploads\/sites\/2\/2016\/08\/P00-01-260x300.jpg 260w, https:\/\/bf-on-tour.de\/m-16\/wp-content\/uploads\/sites\/2\/2016\/08\/P00-01-130x150.jpg 130w, https:\/\/bf-on-tour.de\/m-16\/wp-content\/uploads\/sites\/2\/2016\/08\/P00-01-887x1024.jpg 887w, https:\/\/bf-on-tour.de\/m-16\/wp-content\/uploads\/sites\/2\/2016\/08\/P00-01-1200x1386.jpg 1200w, https:\/\/bf-on-tour.de\/m-16\/wp-content\/uploads\/sites\/2\/2016\/08\/P00-01.jpg 1600w\" sizes=\"auto, (max-width: 260px) 85vw, 260px\" \/><\/a><figcaption id=\"caption-attachment-548\" class=\"wp-caption-text\">Die mit dem Schiff gefahrene Route<\/figcaption><\/figure>\n<figure id=\"attachment_546\" aria-describedby=\"caption-attachment-546\" style=\"width: 258px\" class=\"wp-caption alignright\"><a href=\"https:\/\/bf-on-tour.de\/m-16\/wp-content\/uploads\/sites\/2\/2016\/08\/Gesamtroute-Ausschnitt.jpg\" rel=\"lightbox[540]\"><img loading=\"lazy\" decoding=\"async\" class=\"wp-image-546 size-medium\" src=\"https:\/\/bf-on-tour.de\/m-16\/wp-content\/uploads\/sites\/2\/2016\/08\/Gesamtroute-Ausschnitt-258x300.jpg\" alt=\"Die mit den Maschinen gefahrene Route\" width=\"258\" height=\"300\" srcset=\"https:\/\/bf-on-tour.de\/m-16\/wp-content\/uploads\/sites\/2\/2016\/08\/Gesamtroute-Ausschnitt-258x300.jpg 258w, https:\/\/bf-on-tour.de\/m-16\/wp-content\/uploads\/sites\/2\/2016\/08\/Gesamtroute-Ausschnitt-129x150.jpg 129w, https:\/\/bf-on-tour.de\/m-16\/wp-content\/uploads\/sites\/2\/2016\/08\/Gesamtroute-Ausschnitt-880x1024.jpg 880w, https:\/\/bf-on-tour.de\/m-16\/wp-content\/uploads\/sites\/2\/2016\/08\/Gesamtroute-Ausschnitt.jpg 1098w\" sizes=\"auto, (max-width: 258px) 85vw, 258px\" \/><\/a><figcaption id=\"caption-attachment-546\" class=\"wp-caption-text\">Die mit den Maschinen gefahrene Route<\/figcaption><\/figure>\n<p>&nbsp;<\/p>\n<p>&nbsp;<\/p>\n<p>&nbsp;<\/p>\n<p>&nbsp;<\/p>\n<p>&nbsp;<\/p>\n<p>&nbsp;<\/p>\n<p>&nbsp;<\/p>\n<p><a href=\"https:\/\/bf-on-tour.de\/m-16\/p-01\/\"><img loading=\"lazy\" decoding=\"async\" class=\"alignright wp-image-572\" src=\"https:\/\/bf-on-tour.de\/m-16\/wp-content\/uploads\/sites\/2\/2017\/06\/weiter.png\" alt=\"\" width=\"50\" height=\"37\" \/><\/a><\/p>\n","protected":false},"excerpt":{"rendered":"<p>Wir schreiben das Jahr 2016. Vor genau 10 Jahren, n\u00e4mlich 2006, war ich das erste Mal in Norwegen mit dem Motorrad (Dem B\u00e4ren durchs Fell gefahren). Damals begleitete mich Hendrik, ein Freund aus dem Sportverein. Wir fuhren bis zum Nordkap rund 8.500 Kilometer von zu Hause nach zu Hause. Und wer so etwas einmal gemacht &hellip; <a href=\"https:\/\/bf-on-tour.de\/m-16\/\" class=\"more-link\"><span class=\"screen-reader-text\">\u201eProlog\u201c <\/span>weiterlesen<\/a><\/p>\n","protected":false},"author":1,"featured_media":0,"parent":0,"menu_order":0,"comment_status":"open","ping_status":"closed","template":"","meta":{"footnotes":""},"class_list":["post-540","page","type-page","status-publish","hentry"],"_links":{"self":[{"href":"https:\/\/bf-on-tour.de\/m-16\/wp-json\/wp\/v2\/pages\/540","targetHints":{"allow":["GET"]}}],"collection":[{"href":"https:\/\/bf-on-tour.de\/m-16\/wp-json\/wp\/v2\/pages"}],"about":[{"href":"https:\/\/bf-on-tour.de\/m-16\/wp-json\/wp\/v2\/types\/page"}],"author":[{"embeddable":true,"href":"https:\/\/bf-on-tour.de\/m-16\/wp-json\/wp\/v2\/users\/1"}],"replies":[{"embeddable":true,"href":"https:\/\/bf-on-tour.de\/m-16\/wp-json\/wp\/v2\/comments?post=540"}],"version-history":[{"count":22,"href":"https:\/\/bf-on-tour.de\/m-16\/wp-json\/wp\/v2\/pages\/540\/revisions"}],"predecessor-version":[{"id":654,"href":"https:\/\/bf-on-tour.de\/m-16\/wp-json\/wp\/v2\/pages\/540\/revisions\/654"}],"wp:attachment":[{"href":"https:\/\/bf-on-tour.de\/m-16\/wp-json\/wp\/v2\/media?parent=540"}],"curies":[{"name":"wp","href":"https:\/\/api.w.org\/{rel}","templated":true}]}}