{"id":524,"date":"2016-08-13T12:02:51","date_gmt":"2016-08-13T10:02:51","guid":{"rendered":"http:\/\/blog.family-riders.de\/norway\/?page_id=524"},"modified":"2021-02-26T17:46:27","modified_gmt":"2021-02-26T16:46:27","slug":"p-12","status":"publish","type":"page","link":"https:\/\/bf-on-tour.de\/m-16\/p-12\/","title":{"rendered":"Nach Hause"},"content":{"rendered":"<p style=\"text-align: justify;\">\u00dcberp\u00fcnktlich erreichen\u00a0wir\u00a0die F\u00e4hre\u00a0<em>DFDS Pearl Seaways<\/em>\u00a0von Oslo nach Kopenhagen, k\u00f6nnen so v\u00f6llig entspannt einchecken und die Maschinen an Bord rollen. Das Verzurren wird vom Personal durchgef\u00fchrt. Wir genie\u00dfen auf dem sonnigen Achterdeck den Ausblick auf Oslo bei einem kalten Bier.<\/p>\n<figure id=\"attachment_527\" aria-describedby=\"caption-attachment-527\" style=\"width: 1600px\" class=\"wp-caption alignnone\"><a href=\"https:\/\/bf-on-tour.de\/m-16\/wp-content\/uploads\/sites\/2\/2016\/08\/P12-01.jpg\" rel=\"lightbox[524]\"><img loading=\"lazy\" decoding=\"async\" class=\"size-full wp-image-527\" src=\"https:\/\/bf-on-tour.de\/m-16\/wp-content\/uploads\/sites\/2\/2016\/08\/P12-01.jpg\" alt=\"Oslo\" width=\"1600\" height=\"414\" srcset=\"https:\/\/bf-on-tour.de\/m-16\/wp-content\/uploads\/sites\/2\/2016\/08\/P12-01.jpg 1600w, https:\/\/bf-on-tour.de\/m-16\/wp-content\/uploads\/sites\/2\/2016\/08\/P12-01-150x39.jpg 150w, https:\/\/bf-on-tour.de\/m-16\/wp-content\/uploads\/sites\/2\/2016\/08\/P12-01-300x78.jpg 300w, https:\/\/bf-on-tour.de\/m-16\/wp-content\/uploads\/sites\/2\/2016\/08\/P12-01-1024x265.jpg 1024w, https:\/\/bf-on-tour.de\/m-16\/wp-content\/uploads\/sites\/2\/2016\/08\/P12-01-1200x311.jpg 1200w\" sizes=\"auto, (max-width: 709px) 85vw, (max-width: 909px) 67vw, (max-width: 1362px) 62vw, 840px\" \/><\/a><figcaption id=\"caption-attachment-527\" class=\"wp-caption-text\">Oslo<\/figcaption><\/figure>\n<p style=\"text-align: justify;\">Am n\u00e4chsten Morgen, in Kopenhagen, l\u00e4uft alles ebenso entspannt ab, wie gestern beim Einchecken. Niemand fordert uns auf, unsere Kabine vor der Ankunft\u00a0zu verlassen, niemand hetzt herum beim Entladen. Nur die Autofahrer sind offenbar alle auf der Flucht. Die k\u00f6nnen gar nicht schnell genug vom Schiff kommen&#8230;<\/p>\n<figure id=\"attachment_528\" aria-describedby=\"caption-attachment-528\" style=\"width: 300px\" class=\"wp-caption alignleft\"><a href=\"https:\/\/bf-on-tour.de\/m-16\/wp-content\/uploads\/sites\/2\/2016\/08\/P12-02.jpg\" rel=\"lightbox[524]\"><img loading=\"lazy\" decoding=\"async\" class=\"wp-image-528 size-medium\" src=\"https:\/\/bf-on-tour.de\/m-16\/wp-content\/uploads\/sites\/2\/2016\/08\/P12-02-300x225.jpg\" alt=\"Kurze Rast in D\u00e4nemark\" width=\"300\" height=\"225\" srcset=\"https:\/\/bf-on-tour.de\/m-16\/wp-content\/uploads\/sites\/2\/2016\/08\/P12-02-300x225.jpg 300w, https:\/\/bf-on-tour.de\/m-16\/wp-content\/uploads\/sites\/2\/2016\/08\/P12-02-150x113.jpg 150w, https:\/\/bf-on-tour.de\/m-16\/wp-content\/uploads\/sites\/2\/2016\/08\/P12-02-1024x768.jpg 1024w, https:\/\/bf-on-tour.de\/m-16\/wp-content\/uploads\/sites\/2\/2016\/08\/P12-02-1200x900.jpg 1200w, https:\/\/bf-on-tour.de\/m-16\/wp-content\/uploads\/sites\/2\/2016\/08\/P12-02.jpg 1600w\" sizes=\"auto, (max-width: 300px) 85vw, 300px\" \/><\/a><figcaption id=\"caption-attachment-528\" class=\"wp-caption-text\">Kurze Rast in D\u00e4nemark<\/figcaption><\/figure>\n<p style=\"text-align: justify;\">Was uns jetzt bevor steht ist langweilig: Die Autobahn nach R\u00f8dby!\u00a0Wenn deutsche Autobahnen schon langweilig sind, legen die d\u00e4nischen noch eins drauf! Mit 110 km\/h trullern\u00a0wir im allgemeinen Verkehr dahin.<\/p>\n<p style=\"text-align: justify;\">Pl\u00f6tzlich Ausfahrten\u00a0mit altbekannten Namen: Faxe, Pr\u00e6st\u00f8, Bod\u00f8, M\u00f8n, Guldborg und die Gedanken schweifen ab in die Zeit vor 40 Jahren, als wir hier gesegelt sind, was das Portemonnaie hergab. Als Ute noch mit Josef zusammen war, Helmut und ich am Diplom bastelten, Walter bei jeder passenden und unpassenden Gelegenheit &#8222;<em>der Draht aus der M\u00fctze sprang<\/em>&#8220; und Paul noch niemanden erschossen hatte.\u00a0Manchen hat man nie wieder gesehen, manche waren damals Freunde\u00a0und\u00a0sind es immer\u00a0noch.<\/p>\n<p style=\"text-align: justify;\">Mir f\u00e4llt der Liedtext von Reinhard Mey ein &#8222;<em>Komm schenk mein Glas noch einmal ein, mit jenem bill&#8217;gen roten Wein, in dem ist jene Zeit noch wach. Heut trink ich meinen Freunden nach&#8230;<\/em>&#8220; Eher zuf\u00e4llig schaue ich\u00a0auf die Tankanzeige\u00a0&#8211; und bin\u00a0augenblicklich zur\u00fcck in der\u00a0Realit\u00e4t. Was ich jetzt brauche ist nicht\u00a0billiger roter Wein, sondern Benzin! Egal, was es kostet! Der Tank ist fast leer und zwar, wie sich herausstellt, bei beiden Maschinen!<\/p>\n<p style=\"text-align: justify;\">Wir schaffen\u00a0gerade noch die restlichen f\u00fcnf Kilometer bis zur\u00a0F\u00e4hre in R\u00f8dbyhavn\u00a0und kommen auch\u00a0fast bis zur Tankstelle in Burg auf Fehmarn. Fast! Denn 500 Meter vor\u00a0der Tanke\u00a0geht\u00a0der Motor meiner Maschine\u00a0aus\u00a0und ich darf in der n\u00e4chsten Viertelstunde gef\u00fchlt\u00a0das Fitnessprogramm von\u00a0zwei Jahren absolvieren, indem ich die voll\u00a0bepackte Honda\u00a0auf dem Radweg neben der Stra\u00dfe zwischen desinteressierten Fu\u00dfg\u00e4ngern und \u00e4rgerlich\u00a0lamentierenden\u00a0Radfahrern im Regen zur Zapfs\u00e4ule\u00a0schiebe. Erstaunlich: In den\u00a0Tank sollen 18 Liter hinein gehen, ich tanke 18,85 Liter&#8230;<\/p>\n<figure id=\"attachment_529\" aria-describedby=\"caption-attachment-529\" style=\"width: 150px\" class=\"wp-caption alignright\"><a href=\"https:\/\/bf-on-tour.de\/m-16\/wp-content\/uploads\/sites\/2\/2016\/08\/P12-03.jpg\" rel=\"lightbox[524]\"><img loading=\"lazy\" decoding=\"async\" class=\"wp-image-529 size-thumbnail\" src=\"https:\/\/bf-on-tour.de\/m-16\/wp-content\/uploads\/sites\/2\/2016\/08\/P12-03-150x113.jpg\" alt=\"Beim Schachtelwirt\" width=\"150\" height=\"113\" srcset=\"https:\/\/bf-on-tour.de\/m-16\/wp-content\/uploads\/sites\/2\/2016\/08\/P12-03-150x113.jpg 150w, https:\/\/bf-on-tour.de\/m-16\/wp-content\/uploads\/sites\/2\/2016\/08\/P12-03-300x225.jpg 300w, https:\/\/bf-on-tour.de\/m-16\/wp-content\/uploads\/sites\/2\/2016\/08\/P12-03-1024x768.jpg 1024w, https:\/\/bf-on-tour.de\/m-16\/wp-content\/uploads\/sites\/2\/2016\/08\/P12-03-1200x900.jpg 1200w, https:\/\/bf-on-tour.de\/m-16\/wp-content\/uploads\/sites\/2\/2016\/08\/P12-03.jpg 1600w\" sizes=\"auto, (max-width: 150px) 85vw, 150px\" \/><\/a><figcaption id=\"caption-attachment-529\" class=\"wp-caption-text\">Beim Schachtelwirt<\/figcaption><\/figure>\n<p style=\"text-align: justify;\">Die restlichen 650 km verlaufen ereignislos\u00a0und\u00a0f\u00fchren lediglich zu der Erkenntnis, dass Motorradfahren wohl nur halb\u00a0so gef\u00e4hrlich w\u00e4re,\u00a0wenn es die hektischen Autofahrer nicht\u00a0g\u00e4be. Aber\u00a0vielleicht liegt es\u00a0auch daran, dass man in vier Wochen Norwegen einfach sehr viel an Gef\u00fchl f\u00fcr die Zeit verliert.<\/p>\n<p>&nbsp;<\/p>\n<p><a href=\"https:\/\/bf-on-tour.de\/m-16\/p-11\/\"><img loading=\"lazy\" decoding=\"async\" class=\"alignleft wp-image-573\" src=\"https:\/\/bf-on-tour.de\/m-16\/wp-content\/uploads\/sites\/2\/2017\/06\/zur\u00fcck.png\" alt=\"\" width=\"50\" height=\"37\" \/><\/a><\/p>\n","protected":false},"excerpt":{"rendered":"<p>\u00dcberp\u00fcnktlich erreichen\u00a0wir\u00a0die F\u00e4hre\u00a0DFDS Pearl Seaways\u00a0von Oslo nach Kopenhagen, k\u00f6nnen so v\u00f6llig entspannt einchecken und die Maschinen an Bord rollen. Das Verzurren wird vom Personal durchgef\u00fchrt. Wir genie\u00dfen auf dem sonnigen Achterdeck den Ausblick auf Oslo bei einem kalten Bier. Am n\u00e4chsten Morgen, in Kopenhagen, l\u00e4uft alles ebenso entspannt ab, wie gestern beim Einchecken. Niemand fordert &hellip; <a href=\"https:\/\/bf-on-tour.de\/m-16\/p-12\/\" class=\"more-link\"><span class=\"screen-reader-text\">\u201eNach Hause\u201c <\/span>weiterlesen<\/a><\/p>\n","protected":false},"author":1,"featured_media":0,"parent":0,"menu_order":12,"comment_status":"open","ping_status":"closed","template":"","meta":{"footnotes":""},"class_list":["post-524","page","type-page","status-publish","hentry"],"_links":{"self":[{"href":"https:\/\/bf-on-tour.de\/m-16\/wp-json\/wp\/v2\/pages\/524","targetHints":{"allow":["GET"]}}],"collection":[{"href":"https:\/\/bf-on-tour.de\/m-16\/wp-json\/wp\/v2\/pages"}],"about":[{"href":"https:\/\/bf-on-tour.de\/m-16\/wp-json\/wp\/v2\/types\/page"}],"author":[{"embeddable":true,"href":"https:\/\/bf-on-tour.de\/m-16\/wp-json\/wp\/v2\/users\/1"}],"replies":[{"embeddable":true,"href":"https:\/\/bf-on-tour.de\/m-16\/wp-json\/wp\/v2\/comments?post=524"}],"version-history":[{"count":8,"href":"https:\/\/bf-on-tour.de\/m-16\/wp-json\/wp\/v2\/pages\/524\/revisions"}],"predecessor-version":[{"id":666,"href":"https:\/\/bf-on-tour.de\/m-16\/wp-json\/wp\/v2\/pages\/524\/revisions\/666"}],"wp:attachment":[{"href":"https:\/\/bf-on-tour.de\/m-16\/wp-json\/wp\/v2\/media?parent=524"}],"curies":[{"name":"wp","href":"https:\/\/api.w.org\/{rel}","templated":true}]}}