{"id":510,"date":"2016-08-13T12:02:51","date_gmt":"2016-08-13T10:02:51","guid":{"rendered":"http:\/\/blog.family-riders.de\/norway\/?page_id=510"},"modified":"2021-02-26T17:46:07","modified_gmt":"2021-02-26T16:46:07","slug":"p-11","status":"publish","type":"page","link":"https:\/\/bf-on-tour.de\/m-16\/p-11\/","title":{"rendered":"Trollstigen &#8211; und tsch\u00fc\u00df!"},"content":{"rendered":"<p style=\"text-align: justify;\">Es ist doch immer wieder ein Genuss, morgens in nasse Klamotten zu steigen. Aber was soll&#8217;s, der Wetterbericht hat Sonne bis 16:00 Uhr versprochen und die muss genutzt werden. Auf dem Weg nach Andalsnes gibt es wieder eine kurze, aber heftige Marterstrecke zum Vistdalsheia hinauf, ansonsten ist es eine sch\u00f6ne Fahrt.<\/p>\n<figure id=\"attachment_512\" aria-describedby=\"caption-attachment-512\" style=\"width: 1600px\" class=\"wp-caption aligncenter\"><a href=\"https:\/\/bf-on-tour.de\/m-16\/wp-content\/uploads\/sites\/2\/2016\/08\/P11-01.jpg\" rel=\"lightbox[510]\"><img loading=\"lazy\" decoding=\"async\" class=\"size-full wp-image-512\" src=\"https:\/\/bf-on-tour.de\/m-16\/wp-content\/uploads\/sites\/2\/2016\/08\/P11-01.jpg\" alt=\"Das Wetter ist wieder besser...\" width=\"1600\" height=\"1043\" srcset=\"https:\/\/bf-on-tour.de\/m-16\/wp-content\/uploads\/sites\/2\/2016\/08\/P11-01.jpg 1600w, https:\/\/bf-on-tour.de\/m-16\/wp-content\/uploads\/sites\/2\/2016\/08\/P11-01-150x98.jpg 150w, https:\/\/bf-on-tour.de\/m-16\/wp-content\/uploads\/sites\/2\/2016\/08\/P11-01-300x196.jpg 300w, https:\/\/bf-on-tour.de\/m-16\/wp-content\/uploads\/sites\/2\/2016\/08\/P11-01-1024x668.jpg 1024w, https:\/\/bf-on-tour.de\/m-16\/wp-content\/uploads\/sites\/2\/2016\/08\/P11-01-1200x782.jpg 1200w\" sizes=\"auto, (max-width: 709px) 85vw, (max-width: 909px) 67vw, (max-width: 1362px) 62vw, 840px\" \/><\/a><figcaption id=\"caption-attachment-512\" class=\"wp-caption-text\">Das Wetter ist wieder besser&#8230;<\/figcaption><\/figure>\n<figure id=\"attachment_513\" aria-describedby=\"caption-attachment-513\" style=\"width: 225px\" class=\"wp-caption alignright\"><a href=\"https:\/\/bf-on-tour.de\/m-16\/wp-content\/uploads\/sites\/2\/2016\/08\/P11-02.jpg\" rel=\"lightbox[510]\"><img loading=\"lazy\" decoding=\"async\" class=\"wp-image-513 size-medium\" src=\"https:\/\/bf-on-tour.de\/m-16\/wp-content\/uploads\/sites\/2\/2016\/08\/P11-02-225x300.jpg\" alt=\"Stigfossen\" width=\"225\" height=\"300\" srcset=\"https:\/\/bf-on-tour.de\/m-16\/wp-content\/uploads\/sites\/2\/2016\/08\/P11-02-225x300.jpg 225w, https:\/\/bf-on-tour.de\/m-16\/wp-content\/uploads\/sites\/2\/2016\/08\/P11-02-113x150.jpg 113w, https:\/\/bf-on-tour.de\/m-16\/wp-content\/uploads\/sites\/2\/2016\/08\/P11-02-768x1024.jpg 768w, https:\/\/bf-on-tour.de\/m-16\/wp-content\/uploads\/sites\/2\/2016\/08\/P11-02.jpg 900w\" sizes=\"auto, (max-width: 225px) 85vw, 225px\" \/><\/a><figcaption id=\"caption-attachment-513\" class=\"wp-caption-text\">Stigfossen<\/figcaption><\/figure>\n<p style=\"text-align: justify;\">Trollstigen: Wir treffen auf den zu erwartenden Track aus Bussen, Wohnmobilen und allerlei anderen Gef\u00e4hrten, die sich im Bergfahren \u00fcben. Es ist kein Vorankommen. Kehren im Schrittempo und an einer muss ich sogar gut 20 Meter r\u00fcckw\u00e4rts rollen, damit einer der Busse durch die Kurve kommt.<\/p>\n<p style=\"text-align: justify;\">Oben ist alles anders geworden. Fr\u00fcher waren hier am Parkplatz lauter Buden, die warme Getr\u00e4nke und Souvenirs verkauften. Jetzt ist alles &#8222;fein s\u00e4uberlich&#8220; und &#8222;architektonisch ansprechend&#8220; betoniert und die Verkaufsl\u00e4den incl. einem Caf\u00e9 sind voll durchkommerzialisiert. Es hat viel, sehr viel vom alten Charme verloren! Nicht dagegen die Abfahrt nach Linge, die ist mit ihren fast 40 km immer noch so sch\u00f6n und flott, wie vor 5 oder 10 Jahren.<\/p>\n<figure id=\"attachment_514\" aria-describedby=\"caption-attachment-514\" style=\"width: 1216px\" class=\"wp-caption alignnone\"><a href=\"https:\/\/bf-on-tour.de\/m-16\/wp-content\/uploads\/sites\/2\/2016\/08\/P11-03.jpg\" rel=\"lightbox[510]\"><img loading=\"lazy\" decoding=\"async\" class=\"size-full wp-image-514\" src=\"https:\/\/bf-on-tour.de\/m-16\/wp-content\/uploads\/sites\/2\/2016\/08\/P11-03.jpg\" alt=\"Abfahrt vom Trollstigen\" width=\"1216\" height=\"872\" srcset=\"https:\/\/bf-on-tour.de\/m-16\/wp-content\/uploads\/sites\/2\/2016\/08\/P11-03.jpg 1216w, https:\/\/bf-on-tour.de\/m-16\/wp-content\/uploads\/sites\/2\/2016\/08\/P11-03-150x108.jpg 150w, https:\/\/bf-on-tour.de\/m-16\/wp-content\/uploads\/sites\/2\/2016\/08\/P11-03-300x215.jpg 300w, https:\/\/bf-on-tour.de\/m-16\/wp-content\/uploads\/sites\/2\/2016\/08\/P11-03-1024x734.jpg 1024w, https:\/\/bf-on-tour.de\/m-16\/wp-content\/uploads\/sites\/2\/2016\/08\/P11-03-1200x861.jpg 1200w\" sizes=\"auto, (max-width: 709px) 85vw, (max-width: 909px) 67vw, (max-width: 1362px) 62vw, 840px\" \/><\/a><figcaption id=\"caption-attachment-514\" class=\"wp-caption-text\">Abfahrt vom Trollstigen<\/figcaption><\/figure>\n<p style=\"text-align: justify;\">In Eidsdal haben wir Hunger und setzen uns auf die Terrasse einer Art Bar, auf der bereits eine Reihe von Motorradfahrern auf ihr Esssen wartet. Wir h\u00e4tten weiterfahren sollen. Der Besitzer ist freundlich, aber etwas hektisch, nimmt unsere Bestellung auf und vergisst sie dann gleich wieder. Nach gut 15 Minuten kommt er raus und fragt laut in die Runde, wer schon bestellt hat &#8211; Ergebnis: alle. Dann geht er von Tisch zu Tisch und erkundigt sich, was man bestellt habe.<\/p>\n<p style=\"text-align: justify;\">Jetzt passiert lange Zeit gar nichts. Schlie\u00dflich kommt er mit einer stattlichen Anzahl von Burgern, die er der Motorradtruppe andienen m\u00f6chte. Die sind etwas erstaunt, denn offenbar entspricht seine Auswahl nicht ganz deren Bestellung. Man einigt sich. Wir werden bei der Gelegenheit noch einmal gefragt, ob und was wir wohl bestellt haben.<\/p>\n<p style=\"text-align: justify;\">Wieder passiert l\u00e4ngere Zeit nichts. Dann bekommen auch die letzten der Truppe einen Burger und sogar wir sind mit dran. Aus dem &#8222;wir essen mal schnell etwas&#8220; sind inzwischen gut 70 Minuten geworden. Es ist 15:30 Uhr und die Sonne ist auch weg. Unser Zeitplan f\u00fcr heute ist im Eimer aber der Hunger ist weg. Immerhin!<\/p>\n<figure id=\"attachment_515\" aria-describedby=\"caption-attachment-515\" style=\"width: 768px\" class=\"wp-caption aligncenter\"><a href=\"https:\/\/bf-on-tour.de\/m-16\/wp-content\/uploads\/sites\/2\/2016\/08\/P11-04.jpg\" rel=\"lightbox[510]\"><img loading=\"lazy\" decoding=\"async\" class=\"wp-image-515 size-large\" src=\"https:\/\/bf-on-tour.de\/m-16\/wp-content\/uploads\/sites\/2\/2016\/08\/P11-04-768x1024.jpg\" alt=\"Geirangerfjord vom \u00d8rnesving\" width=\"768\" height=\"1024\" srcset=\"https:\/\/bf-on-tour.de\/m-16\/wp-content\/uploads\/sites\/2\/2016\/08\/P11-04-768x1024.jpg 768w, https:\/\/bf-on-tour.de\/m-16\/wp-content\/uploads\/sites\/2\/2016\/08\/P11-04-113x150.jpg 113w, https:\/\/bf-on-tour.de\/m-16\/wp-content\/uploads\/sites\/2\/2016\/08\/P11-04-225x300.jpg 225w, https:\/\/bf-on-tour.de\/m-16\/wp-content\/uploads\/sites\/2\/2016\/08\/P11-04.jpg 900w\" sizes=\"auto, (max-width: 768px) 85vw, 768px\" \/><\/a><figcaption id=\"caption-attachment-515\" class=\"wp-caption-text\">Geirangerfjord vom \u00d8rnesving<\/figcaption><\/figure>\n<p style=\"text-align: justify;\">Dann der \u00d8rnesving, der Aussichtsbalkon 600m \u00fcber dem Geirangerfjord. Die Wolken sind hoch und die Aussicht phantastisch! Hier muss man wirklich mal gewesen sein. Leider gibt es beim Bergabfahren in einer Kehre ein kleines Missverst\u00e4ndnis mit einem Wohnmobil, was zu einem Umfaller mit verbogenem Schalt- und abgebrochenem Kupplungshebel an der 500er f\u00fchrt. Na ja, letzteren haben in Reserve dabei. Dalsnibba ist damit &#8211; und auch aus Zeitgr\u00fcnden &#8211; nicht mehr drin. Wir nehmen die F\u00e4hre nach Hellesylt und suchen dort ein Quartier. Es regnet wieder.<\/p>\n<figure id=\"attachment_516\" aria-describedby=\"caption-attachment-516\" style=\"width: 225px\" class=\"wp-caption alignright\"><a href=\"https:\/\/bf-on-tour.de\/m-16\/wp-content\/uploads\/sites\/2\/2016\/08\/P11-05.jpg\" rel=\"lightbox[510]\"><img loading=\"lazy\" decoding=\"async\" class=\"wp-image-516 size-medium\" src=\"https:\/\/bf-on-tour.de\/m-16\/wp-content\/uploads\/sites\/2\/2016\/08\/P11-05-225x300.jpg\" alt=\"Jugendherberge in Hellesylt\" width=\"225\" height=\"300\" srcset=\"https:\/\/bf-on-tour.de\/m-16\/wp-content\/uploads\/sites\/2\/2016\/08\/P11-05-225x300.jpg 225w, https:\/\/bf-on-tour.de\/m-16\/wp-content\/uploads\/sites\/2\/2016\/08\/P11-05-113x150.jpg 113w, https:\/\/bf-on-tour.de\/m-16\/wp-content\/uploads\/sites\/2\/2016\/08\/P11-05-768x1024.jpg 768w, https:\/\/bf-on-tour.de\/m-16\/wp-content\/uploads\/sites\/2\/2016\/08\/P11-05.jpg 900w\" sizes=\"auto, (max-width: 225px) 85vw, 225px\" \/><\/a><figcaption id=\"caption-attachment-516\" class=\"wp-caption-text\">Jugendherberge in Hellesylt<\/figcaption><\/figure>\n<p style=\"text-align: justify;\">Die Jugendherberge in Hellesylt besteht zum gr\u00f6\u00dften Teil aus aufgeschichteten Wohncontainern, bietet aber Motelzimmer und H\u00fctten mit an. Unser Motelzimmer ist eine Winzigkeit von Raum mit Doppelstockbett, eine Dusche, aus der es riecht, als h\u00e4tte sie mindestens ein Jahr niemand benutzt, nichts zu essen, nichts zu trinken. Wir gehen an unsere eiserne Reserve: Trockennahrung f\u00fcr Trackingfans von Globetrotter (Powerfresschen oder \u00dcberlebenstraining &#8211; wie man&#8217;s auch immer nennen mag) und bereiten sie in der K\u00fcche mit hei\u00dfem Wasser selbst zu.<\/p>\n<figure id=\"attachment_526\" aria-describedby=\"caption-attachment-526\" style=\"width: 169px\" class=\"wp-caption alignleft\"><a href=\"https:\/\/bf-on-tour.de\/m-16\/wp-content\/uploads\/sites\/2\/2016\/08\/P11-06.jpg\" rel=\"lightbox[510]\"><img loading=\"lazy\" decoding=\"async\" class=\"wp-image-526 size-medium\" src=\"https:\/\/bf-on-tour.de\/m-16\/wp-content\/uploads\/sites\/2\/2016\/08\/P11-06-169x300.jpg\" alt=\"Lukull stand nicht gerade Pate...\" width=\"169\" height=\"300\" srcset=\"https:\/\/bf-on-tour.de\/m-16\/wp-content\/uploads\/sites\/2\/2016\/08\/P11-06-169x300.jpg 169w, https:\/\/bf-on-tour.de\/m-16\/wp-content\/uploads\/sites\/2\/2016\/08\/P11-06-84x150.jpg 84w, https:\/\/bf-on-tour.de\/m-16\/wp-content\/uploads\/sites\/2\/2016\/08\/P11-06-575x1024.jpg 575w, https:\/\/bf-on-tour.de\/m-16\/wp-content\/uploads\/sites\/2\/2016\/08\/P11-06.jpg 674w\" sizes=\"auto, (max-width: 169px) 85vw, 169px\" \/><\/a><figcaption id=\"caption-attachment-526\" class=\"wp-caption-text\">Lukull stand nicht gerade Pate&#8230;<\/figcaption><\/figure>\n<p style=\"text-align: justify;\">Das ganze Etablissement steht voll Mobiliar vom Sperrm\u00fcll und in diversen K\u00fchlschr\u00e4nken auf den Fluren, stapeln sich Haushaltsreiniger, Papiert\u00fccher und andere Reinigungsutensilien. Zu Hause w\u00e4re das kaum als Unterkunft f\u00fcr Erntehelfer durchgegangen.<\/p>\n<p style=\"text-align: justify;\">Es reicht! Wir wollen nach Hause! Seit zwei Wochen nur Hot Dogs, Pizza und Burger, bestenfalls mal das &#8222;breitgef\u00e4cherte&#8220; Angebot einer D\u00f6nerbude, dazu winzigste H\u00fctten oder Hotels, deren Standard immer schlechter wird, je weiter wir nach S\u00fcden vorankommen, immer angewiesen auf Restkontingente, weil alle anderen vorgebucht haben. Und das zu horrenden Preisen. Unter 90 Euro pro Nacht &#8211; ohne Fr\u00fchst\u00fcck nat\u00fcrlich &#8211; ist kaum etwas zu haben; 2 Burger und 2 Cola sind mit etwa 35 Euronen zu veranschlagen. Wir entschlie\u00dfen uns, \u00fcber Oslo\/Kopenhagen auf k\u00fcrzestem Weg nach Hause zu fahren.<\/p>\n<figure id=\"attachment_517\" aria-describedby=\"caption-attachment-517\" style=\"width: 1600px\" class=\"wp-caption alignnone\"><a href=\"https:\/\/bf-on-tour.de\/m-16\/wp-content\/uploads\/sites\/2\/2016\/08\/P11-07.jpg\" rel=\"lightbox[510]\"><img loading=\"lazy\" decoding=\"async\" class=\"size-full wp-image-517\" src=\"https:\/\/bf-on-tour.de\/m-16\/wp-content\/uploads\/sites\/2\/2016\/08\/P11-07.jpg\" alt=\"Hellesylt bei Sonnenschein\" width=\"1600\" height=\"953\" srcset=\"https:\/\/bf-on-tour.de\/m-16\/wp-content\/uploads\/sites\/2\/2016\/08\/P11-07.jpg 1600w, https:\/\/bf-on-tour.de\/m-16\/wp-content\/uploads\/sites\/2\/2016\/08\/P11-07-150x89.jpg 150w, https:\/\/bf-on-tour.de\/m-16\/wp-content\/uploads\/sites\/2\/2016\/08\/P11-07-300x179.jpg 300w, https:\/\/bf-on-tour.de\/m-16\/wp-content\/uploads\/sites\/2\/2016\/08\/P11-07-1024x610.jpg 1024w, https:\/\/bf-on-tour.de\/m-16\/wp-content\/uploads\/sites\/2\/2016\/08\/P11-07-1200x715.jpg 1200w\" sizes=\"auto, (max-width: 709px) 85vw, (max-width: 909px) 67vw, (max-width: 1362px) 62vw, 840px\" \/><\/a><figcaption id=\"caption-attachment-517\" class=\"wp-caption-text\">Hellesylt bei Sonnenschein<\/figcaption><\/figure>\n<p style=\"text-align: justify;\">Am n\u00e4chsten Tag ist das Wetter der gro\u00dfe Vers\u00f6hner. Sonne und Wolken, kombiniert mit der landschaftlich sch\u00f6nen E16 und flottem Vorankommen, lassen uns doch \u00fcber einen Umweg nachdenken.<\/p>\n<figure id=\"attachment_519\" aria-describedby=\"caption-attachment-519\" style=\"width: 1600px\" class=\"wp-caption aligncenter\"><a href=\"https:\/\/bf-on-tour.de\/m-16\/wp-content\/uploads\/sites\/2\/2016\/08\/P11-08.jpg\" rel=\"lightbox[510]\"><img loading=\"lazy\" decoding=\"async\" class=\"size-full wp-image-519\" src=\"https:\/\/bf-on-tour.de\/m-16\/wp-content\/uploads\/sites\/2\/2016\/08\/P11-08.jpg\" alt=\"E16 durch Ottadalen\" width=\"1600\" height=\"384\" srcset=\"https:\/\/bf-on-tour.de\/m-16\/wp-content\/uploads\/sites\/2\/2016\/08\/P11-08.jpg 1600w, https:\/\/bf-on-tour.de\/m-16\/wp-content\/uploads\/sites\/2\/2016\/08\/P11-08-150x36.jpg 150w, https:\/\/bf-on-tour.de\/m-16\/wp-content\/uploads\/sites\/2\/2016\/08\/P11-08-300x72.jpg 300w, https:\/\/bf-on-tour.de\/m-16\/wp-content\/uploads\/sites\/2\/2016\/08\/P11-08-1024x246.jpg 1024w, https:\/\/bf-on-tour.de\/m-16\/wp-content\/uploads\/sites\/2\/2016\/08\/P11-08-1200x288.jpg 1200w\" sizes=\"auto, (max-width: 709px) 85vw, (max-width: 909px) 67vw, (max-width: 1362px) 62vw, 840px\" \/><\/a><figcaption id=\"caption-attachment-519\" class=\"wp-caption-text\">E16 durch Ottadalen<\/figcaption><\/figure>\n<p style=\"text-align: justify;\">Und in Folge dessen biegen wir in Randen von der E16 auf die 51 ab, die uns 130 km durch Jotunheimen nach Fagernes f\u00fchrt. Eine sehr, sehr gute Entscheidung!<\/p>\n<figure id=\"attachment_520\" aria-describedby=\"caption-attachment-520\" style=\"width: 1600px\" class=\"wp-caption aligncenter\"><a href=\"https:\/\/bf-on-tour.de\/m-16\/wp-content\/uploads\/sites\/2\/2016\/08\/P11-09.jpg\" rel=\"lightbox[510]\"><img loading=\"lazy\" decoding=\"async\" class=\"size-full wp-image-520\" src=\"https:\/\/bf-on-tour.de\/m-16\/wp-content\/uploads\/sites\/2\/2016\/08\/P11-09.jpg\" alt=\"Jotunheimen\" width=\"1600\" height=\"480\" srcset=\"https:\/\/bf-on-tour.de\/m-16\/wp-content\/uploads\/sites\/2\/2016\/08\/P11-09.jpg 1600w, https:\/\/bf-on-tour.de\/m-16\/wp-content\/uploads\/sites\/2\/2016\/08\/P11-09-150x45.jpg 150w, https:\/\/bf-on-tour.de\/m-16\/wp-content\/uploads\/sites\/2\/2016\/08\/P11-09-300x90.jpg 300w, https:\/\/bf-on-tour.de\/m-16\/wp-content\/uploads\/sites\/2\/2016\/08\/P11-09-1024x307.jpg 1024w, https:\/\/bf-on-tour.de\/m-16\/wp-content\/uploads\/sites\/2\/2016\/08\/P11-09-1200x360.jpg 1200w\" sizes=\"auto, (max-width: 709px) 85vw, (max-width: 909px) 67vw, (max-width: 1362px) 62vw, 840px\" \/><\/a><figcaption id=\"caption-attachment-520\" class=\"wp-caption-text\">Jotunheimen<\/figcaption><\/figure>\n<p style=\"text-align: justify;\">Landschaft wie aus dem Bilderbuch: Lichte W\u00e4lder, ab und an ein paar H\u00fctten, auch mal ein Hotel, aber insgesamt gro\u00dfe Einsamkeit, leuchtend blaue Seen und flache, schnell flie\u00dfende Fl\u00fcsse, sanfte H\u00fcgel und schroffe Berge mit Schneefeldern und eine kalte windige Weite wie auf den Fjellen hoch im Norden. Einfach gro\u00dfartig!<\/p>\n<figure id=\"attachment_521\" aria-describedby=\"caption-attachment-521\" style=\"width: 1600px\" class=\"wp-caption aligncenter\"><a href=\"https:\/\/bf-on-tour.de\/m-16\/wp-content\/uploads\/sites\/2\/2016\/08\/P11-10.jpg\" rel=\"lightbox[510]\"><img loading=\"lazy\" decoding=\"async\" class=\"size-full wp-image-521\" src=\"https:\/\/bf-on-tour.de\/m-16\/wp-content\/uploads\/sites\/2\/2016\/08\/P11-10.jpg\" alt=\"Endlose Weite Valdresflya\" width=\"1600\" height=\"1200\" srcset=\"https:\/\/bf-on-tour.de\/m-16\/wp-content\/uploads\/sites\/2\/2016\/08\/P11-10.jpg 1600w, https:\/\/bf-on-tour.de\/m-16\/wp-content\/uploads\/sites\/2\/2016\/08\/P11-10-150x113.jpg 150w, https:\/\/bf-on-tour.de\/m-16\/wp-content\/uploads\/sites\/2\/2016\/08\/P11-10-300x225.jpg 300w, https:\/\/bf-on-tour.de\/m-16\/wp-content\/uploads\/sites\/2\/2016\/08\/P11-10-1024x768.jpg 1024w, https:\/\/bf-on-tour.de\/m-16\/wp-content\/uploads\/sites\/2\/2016\/08\/P11-10-1200x900.jpg 1200w\" sizes=\"auto, (max-width: 709px) 85vw, (max-width: 909px) 67vw, (max-width: 1362px) 62vw, 840px\" \/><\/a><figcaption id=\"caption-attachment-521\" class=\"wp-caption-text\">Endlose Weite Valdresflya<\/figcaption><\/figure>\n<p style=\"text-align: justify;\">Wer einen Umweg macht, kann auch einen zweiten fahren. Und so finden wir am Randsfjord eine H\u00fctte, die tats\u00e4chlich urlaubstauglich ist. Gem\u00fctlich eingerichtet, sauber, ausreichend gro\u00df und angeschlossen an ein Restaurant, in dem es sogar Schnitzel oder gebratene Scholle gibt (nein, zu den Preisen sage ich jetzt nichts!). Wir f\u00fchlen uns seit Wochen mal so rundum wohl &#8211; selbst, wenn die gew\u00fcnschte F\u00e4hre f\u00fcr morgen komplett\u00a0ausgebucht ist, das Internet nicht funktioniert und wir deshalb hier noch einen faulen Tag abwarten d\u00fcrfen!<\/p>\n<figure id=\"attachment_522\" aria-describedby=\"caption-attachment-522\" style=\"width: 1600px\" class=\"wp-caption aligncenter\"><a href=\"https:\/\/bf-on-tour.de\/m-16\/wp-content\/uploads\/sites\/2\/2016\/08\/P11-11.jpg\" rel=\"lightbox[510]\"><img loading=\"lazy\" decoding=\"async\" class=\"size-full wp-image-522\" src=\"https:\/\/bf-on-tour.de\/m-16\/wp-content\/uploads\/sites\/2\/2016\/08\/P11-11.jpg\" alt=\"Unser Chaos in der H\u00fctten\" width=\"1600\" height=\"1200\" srcset=\"https:\/\/bf-on-tour.de\/m-16\/wp-content\/uploads\/sites\/2\/2016\/08\/P11-11.jpg 1600w, https:\/\/bf-on-tour.de\/m-16\/wp-content\/uploads\/sites\/2\/2016\/08\/P11-11-150x113.jpg 150w, https:\/\/bf-on-tour.de\/m-16\/wp-content\/uploads\/sites\/2\/2016\/08\/P11-11-300x225.jpg 300w, https:\/\/bf-on-tour.de\/m-16\/wp-content\/uploads\/sites\/2\/2016\/08\/P11-11-1024x768.jpg 1024w, https:\/\/bf-on-tour.de\/m-16\/wp-content\/uploads\/sites\/2\/2016\/08\/P11-11-1200x900.jpg 1200w\" sizes=\"auto, (max-width: 709px) 85vw, (max-width: 909px) 67vw, (max-width: 1362px) 62vw, 840px\" \/><\/a><figcaption id=\"caption-attachment-522\" class=\"wp-caption-text\">Unser Chaos in der H\u00fctten<\/figcaption><\/figure>\n<p><a href=\"https:\/\/bf-on-tour.de\/m-16\/p-10\/\"><img loading=\"lazy\" decoding=\"async\" class=\"alignleft wp-image-573\" src=\"https:\/\/bf-on-tour.de\/m-16\/wp-content\/uploads\/sites\/2\/2017\/06\/zur\u00fcck.png\" alt=\"\" width=\"50\" height=\"37\" \/><\/a> <a href=\"https:\/\/bf-on-tour.de\/m-16\/p-12\/\"><img loading=\"lazy\" decoding=\"async\" class=\"alignright wp-image-572\" src=\"https:\/\/bf-on-tour.de\/m-16\/wp-content\/uploads\/sites\/2\/2017\/06\/weiter.png\" alt=\"\" width=\"50\" height=\"37\" \/><\/a><\/p>\n","protected":false},"excerpt":{"rendered":"<p>Es ist doch immer wieder ein Genuss, morgens in nasse Klamotten zu steigen. Aber was soll&#8217;s, der Wetterbericht hat Sonne bis 16:00 Uhr versprochen und die muss genutzt werden. Auf dem Weg nach Andalsnes gibt es wieder eine kurze, aber heftige Marterstrecke zum Vistdalsheia hinauf, ansonsten ist es eine sch\u00f6ne Fahrt. Trollstigen: Wir treffen auf &hellip; <a href=\"https:\/\/bf-on-tour.de\/m-16\/p-11\/\" class=\"more-link\"><span class=\"screen-reader-text\">\u201eTrollstigen &#8211; und tsch\u00fc\u00df!\u201c <\/span>weiterlesen<\/a><\/p>\n","protected":false},"author":1,"featured_media":0,"parent":0,"menu_order":11,"comment_status":"open","ping_status":"closed","template":"","meta":{"footnotes":""},"class_list":["post-510","page","type-page","status-publish","hentry"],"_links":{"self":[{"href":"https:\/\/bf-on-tour.de\/m-16\/wp-json\/wp\/v2\/pages\/510","targetHints":{"allow":["GET"]}}],"collection":[{"href":"https:\/\/bf-on-tour.de\/m-16\/wp-json\/wp\/v2\/pages"}],"about":[{"href":"https:\/\/bf-on-tour.de\/m-16\/wp-json\/wp\/v2\/types\/page"}],"author":[{"embeddable":true,"href":"https:\/\/bf-on-tour.de\/m-16\/wp-json\/wp\/v2\/users\/1"}],"replies":[{"embeddable":true,"href":"https:\/\/bf-on-tour.de\/m-16\/wp-json\/wp\/v2\/comments?post=510"}],"version-history":[{"count":16,"href":"https:\/\/bf-on-tour.de\/m-16\/wp-json\/wp\/v2\/pages\/510\/revisions"}],"predecessor-version":[{"id":665,"href":"https:\/\/bf-on-tour.de\/m-16\/wp-json\/wp\/v2\/pages\/510\/revisions\/665"}],"wp:attachment":[{"href":"https:\/\/bf-on-tour.de\/m-16\/wp-json\/wp\/v2\/media?parent=510"}],"curies":[{"name":"wp","href":"https:\/\/api.w.org\/{rel}","templated":true}]}}