{"id":493,"date":"2016-08-13T12:02:51","date_gmt":"2016-08-13T10:02:51","guid":{"rendered":"http:\/\/blog.family-riders.de\/norway\/?page_id=493"},"modified":"2021-02-26T17:45:48","modified_gmt":"2021-02-26T16:45:48","slug":"p-10","status":"publish","type":"page","link":"https:\/\/bf-on-tour.de\/m-16\/p-10\/","title":{"rendered":"FV17 &#8211; Kystriksveien"},"content":{"rendered":"<p style=\"text-align: justify;\">Wer von Moskenes kommt, landet in Bod\u00f8, dieser Stadt, die nach der Manhattan-Metrik gebaut wurde (alles rechtwinklig, keine Diagonalen) und deren Charme einem Betonblock gleicht. Von hier starten wir auf die rund 800 km nach Trondheim \u00fcber die K\u00fcstenstra\u00dfe Nr. 17. 2 \u00bd\u00a0Tage werden wir dazu brauchen.<\/p>\n<hr \/>\n<figure id=\"attachment_498\" aria-describedby=\"caption-attachment-498\" style=\"width: 1600px\" class=\"wp-caption aligncenter\"><a href=\"https:\/\/bf-on-tour.de\/m-16\/wp-content\/uploads\/sites\/2\/2016\/08\/P10-02.jpg\" rel=\"lightbox[493]\"><img loading=\"lazy\" decoding=\"async\" class=\"size-full wp-image-498\" src=\"https:\/\/bf-on-tour.de\/m-16\/wp-content\/uploads\/sites\/2\/2016\/08\/P10-02.jpg\" alt=\"Dickes Wetter\" width=\"1600\" height=\"1200\" srcset=\"https:\/\/bf-on-tour.de\/m-16\/wp-content\/uploads\/sites\/2\/2016\/08\/P10-02.jpg 1600w, https:\/\/bf-on-tour.de\/m-16\/wp-content\/uploads\/sites\/2\/2016\/08\/P10-02-150x113.jpg 150w, https:\/\/bf-on-tour.de\/m-16\/wp-content\/uploads\/sites\/2\/2016\/08\/P10-02-300x225.jpg 300w, https:\/\/bf-on-tour.de\/m-16\/wp-content\/uploads\/sites\/2\/2016\/08\/P10-02-1024x768.jpg 1024w, https:\/\/bf-on-tour.de\/m-16\/wp-content\/uploads\/sites\/2\/2016\/08\/P10-02-1200x900.jpg 1200w\" sizes=\"auto, (max-width: 709px) 85vw, (max-width: 909px) 67vw, (max-width: 1362px) 62vw, 840px\" \/><\/a><figcaption id=\"caption-attachment-498\" class=\"wp-caption-text\">Dickes Wetter<\/figcaption><\/figure>\n<p style=\"text-align: justify;\">Sonntag, 8:00 Uhr: Die Fahrt beginnt bei 11 Grad im Regen &#8211; kein Platzregen, aber konstant viel. Bis alles auf die Maschinen gepackt ist, sind wir schon gut nass. Dann geht es los, \u00fcber Stra\u00dfen, die heute v\u00f6llig leer sind und durch eine Landschaft, von der wir wegen der tief h\u00e4ngenden Wolken so gut wie nichts sehen. Schade! Ganz kurz denken wir dar\u00fcber nach, doch die E6 zu nehmen, denn ob wir hier nichts sehen oder dort&#8230;? Aber wenn das Wetter besser werden sollte, dann sicher an der K\u00fcste zuerst. Also bleiben wir auf dem FV17.<\/p>\n<p style=\"text-align: justify;\">Au\u00dferdem ist das Schlagger\u00e4usch bei meiner Maschine wieder da, das sich in D\u00e4nemark nach dem heftigen Regen vor \u00c5rhus eingestellt hatte. In Kirkenes hatte ich Kettenspray gekauft und die Kette ge\u00f6lt. Danach war das Ger\u00e4usch weg. Jetzt, im Regen, ist es pl\u00f6tzlich wieder da. Liegt es an der K\u00e4lte oder nur am Regen? Ist es wirklich die Kette? Was fliegt mir demn\u00e4chst um die Ohren? Ein ungutes Gef\u00fchl begleitet mich den ganzen Tag.<\/p>\n<figure id=\"attachment_497\" aria-describedby=\"caption-attachment-497\" style=\"width: 1600px\" class=\"wp-caption aligncenter\"><a href=\"https:\/\/bf-on-tour.de\/m-16\/wp-content\/uploads\/sites\/2\/2016\/08\/P10-01.jpg\" rel=\"lightbox[493]\"><img loading=\"lazy\" decoding=\"async\" class=\"size-full wp-image-497\" src=\"https:\/\/bf-on-tour.de\/m-16\/wp-content\/uploads\/sites\/2\/2016\/08\/P10-01.jpg\" alt=\"Wolken und Sonne\" width=\"1600\" height=\"1070\" srcset=\"https:\/\/bf-on-tour.de\/m-16\/wp-content\/uploads\/sites\/2\/2016\/08\/P10-01.jpg 1600w, https:\/\/bf-on-tour.de\/m-16\/wp-content\/uploads\/sites\/2\/2016\/08\/P10-01-150x100.jpg 150w, https:\/\/bf-on-tour.de\/m-16\/wp-content\/uploads\/sites\/2\/2016\/08\/P10-01-300x201.jpg 300w, https:\/\/bf-on-tour.de\/m-16\/wp-content\/uploads\/sites\/2\/2016\/08\/P10-01-1024x685.jpg 1024w, https:\/\/bf-on-tour.de\/m-16\/wp-content\/uploads\/sites\/2\/2016\/08\/P10-01-1200x803.jpg 1200w\" sizes=\"auto, (max-width: 709px) 85vw, (max-width: 909px) 67vw, (max-width: 1362px) 62vw, 840px\" \/><\/a><figcaption id=\"caption-attachment-497\" class=\"wp-caption-text\">Wolken und Sonne<\/figcaption><\/figure>\n<p style=\"text-align: justify;\">Gegen 11:30 Uhr h\u00f6rt der Regen auf. Die Wolken verziehen sich ein St\u00fcck weit nach oben und er\u00f6ffnen uns interessante Ausblicke in die Fjorde, auf Inseln und auf den Svartisengletscher, den zweitgr\u00f6\u00dften Gletscher Norwegens. Vor 47 Jahren reichte er noch bis in den Fjord.<\/p>\n<figure id=\"attachment_499\" aria-describedby=\"caption-attachment-499\" style=\"width: 1600px\" class=\"wp-caption aligncenter\"><a href=\"https:\/\/bf-on-tour.de\/m-16\/wp-content\/uploads\/sites\/2\/2016\/08\/P10-03.jpg\" rel=\"lightbox[493]\"><img loading=\"lazy\" decoding=\"async\" class=\"size-full wp-image-499\" src=\"https:\/\/bf-on-tour.de\/m-16\/wp-content\/uploads\/sites\/2\/2016\/08\/P10-03.jpg\" alt=\"Svartisengletscher\" width=\"1600\" height=\"1200\" srcset=\"https:\/\/bf-on-tour.de\/m-16\/wp-content\/uploads\/sites\/2\/2016\/08\/P10-03.jpg 1600w, https:\/\/bf-on-tour.de\/m-16\/wp-content\/uploads\/sites\/2\/2016\/08\/P10-03-150x113.jpg 150w, https:\/\/bf-on-tour.de\/m-16\/wp-content\/uploads\/sites\/2\/2016\/08\/P10-03-300x225.jpg 300w, https:\/\/bf-on-tour.de\/m-16\/wp-content\/uploads\/sites\/2\/2016\/08\/P10-03-1024x768.jpg 1024w, https:\/\/bf-on-tour.de\/m-16\/wp-content\/uploads\/sites\/2\/2016\/08\/P10-03-1200x900.jpg 1200w\" sizes=\"auto, (max-width: 709px) 85vw, (max-width: 909px) 67vw, (max-width: 1362px) 62vw, 840px\" \/><\/a><figcaption id=\"caption-attachment-499\" class=\"wp-caption-text\">Svartisengletscher<\/figcaption><\/figure>\n<p style=\"text-align: justify;\">Gl\u00fcck gehabt, es bleibt trocken! Nachdem wir in Nesna auf dem Campingplatz eine H\u00fctte bezogen haben, sitzen wir noch ein Weilchen am Hafen und beobachten das Spiel aus Sonne und Wolken. F\u00e4hren fahren keine mehr, die Angler gehen langsam nach Hause (oder in ihre Wohnmobile), es kehrt v\u00f6llige Stille ein in diesem winzigen Ort.<\/p>\n<figure id=\"attachment_500\" aria-describedby=\"caption-attachment-500\" style=\"width: 1600px\" class=\"wp-caption aligncenter\"><a href=\"https:\/\/bf-on-tour.de\/m-16\/wp-content\/uploads\/sites\/2\/2016\/08\/P10-04.jpg\" rel=\"lightbox[493]\"><img loading=\"lazy\" decoding=\"async\" class=\"size-full wp-image-500\" src=\"https:\/\/bf-on-tour.de\/m-16\/wp-content\/uploads\/sites\/2\/2016\/08\/P10-04.jpg\" alt=\"Abend in Nesna\" width=\"1600\" height=\"1200\" srcset=\"https:\/\/bf-on-tour.de\/m-16\/wp-content\/uploads\/sites\/2\/2016\/08\/P10-04.jpg 1600w, https:\/\/bf-on-tour.de\/m-16\/wp-content\/uploads\/sites\/2\/2016\/08\/P10-04-150x113.jpg 150w, https:\/\/bf-on-tour.de\/m-16\/wp-content\/uploads\/sites\/2\/2016\/08\/P10-04-300x225.jpg 300w, https:\/\/bf-on-tour.de\/m-16\/wp-content\/uploads\/sites\/2\/2016\/08\/P10-04-1024x768.jpg 1024w, https:\/\/bf-on-tour.de\/m-16\/wp-content\/uploads\/sites\/2\/2016\/08\/P10-04-1200x900.jpg 1200w\" sizes=\"auto, (max-width: 709px) 85vw, (max-width: 909px) 67vw, (max-width: 1362px) 62vw, 840px\" \/><\/a><figcaption id=\"caption-attachment-500\" class=\"wp-caption-text\">Abend in Nesna<\/figcaption><\/figure>\n<hr \/>\n<p style=\"text-align: justify;\">Montag, 6:00 Uhr: Wenn wir um 8:10 Uhr die F\u00e4hre nach Levang bekommen und vorher noch tanken wollen, muss der Tag jetzt beginnen. Aber, kaum zu glauben, wir sind mit dem Einpacken, Aufr\u00f6deln und Tanken so schnell fertig, dass wir gerade noch auf die 7:15 Uhr-F\u00e4hre rollen k\u00f6nnen. Da haben wir gut Zeit gewonnen, die wir f\u00fcr Fotostopps und ein gen\u00fcssliches Inselhopping bis Namsos nutzen wollen &#8211; denn heute scheint wieder die Sonne und viele F\u00e4hren liegen auf dem Weg.<\/p>\n<figure id=\"attachment_501\" aria-describedby=\"caption-attachment-501\" style=\"width: 1600px\" class=\"wp-caption aligncenter\"><a href=\"https:\/\/bf-on-tour.de\/m-16\/wp-content\/uploads\/sites\/2\/2016\/08\/P10-05.jpg\" rel=\"lightbox[493]\"><img loading=\"lazy\" decoding=\"async\" class=\"size-full wp-image-501\" src=\"https:\/\/bf-on-tour.de\/m-16\/wp-content\/uploads\/sites\/2\/2016\/08\/P10-05.jpg\" alt=\"Inselhopping\" width=\"1600\" height=\"1193\" srcset=\"https:\/\/bf-on-tour.de\/m-16\/wp-content\/uploads\/sites\/2\/2016\/08\/P10-05.jpg 1600w, https:\/\/bf-on-tour.de\/m-16\/wp-content\/uploads\/sites\/2\/2016\/08\/P10-05-150x112.jpg 150w, https:\/\/bf-on-tour.de\/m-16\/wp-content\/uploads\/sites\/2\/2016\/08\/P10-05-300x224.jpg 300w, https:\/\/bf-on-tour.de\/m-16\/wp-content\/uploads\/sites\/2\/2016\/08\/P10-05-1024x764.jpg 1024w, https:\/\/bf-on-tour.de\/m-16\/wp-content\/uploads\/sites\/2\/2016\/08\/P10-05-1200x895.jpg 1200w\" sizes=\"auto, (max-width: 709px) 85vw, (max-width: 909px) 67vw, (max-width: 1362px) 62vw, 840px\" \/><\/a><figcaption id=\"caption-attachment-501\" class=\"wp-caption-text\">Inselhopping<\/figcaption><\/figure>\n<p style=\"text-align: justify;\">Wie unberechenbar die sind, merken wir dann gleich in Tj\u00f8tta, an der n\u00e4chsten F\u00e4hre. Um 8:50 Uhr sollte sie fahren, wir sind 10 Minuten vorher am Anleger, aber diese Abfahrt gibt es nicht. Das Schiff liegt sehr wohl am Anleger, wird aber erst einmal schamponiert und geschrubbt, die Besatzung f\u00e4hrt mit dem Rettungsboot im Hafen Amok, der Kapit\u00e4n schw\u00e4tzt mit allen m\u00f6glichen Leuten und es passiert rein gar nichts. Wir besorgen uns ein Fr\u00fchst\u00fcck im nahe gelegenen Kaufmannsladen.<\/p>\n<p style=\"text-align: justify;\">Inzwischen haben sich die Wartegassen gut mit Fahrzeugen gef\u00fcllt und es ist 10:30 Uhr geworden. Wie gewonnen, so zerronnen, aber mit der Zeit hatten wir es ja in diesem Urlaub ohnehin nicht so&#8230;<\/p>\n<figure id=\"attachment_502\" aria-describedby=\"caption-attachment-502\" style=\"width: 1600px\" class=\"wp-caption alignnone\"><a href=\"https:\/\/bf-on-tour.de\/m-16\/wp-content\/uploads\/sites\/2\/2016\/08\/P10-06.jpg\" rel=\"lightbox[493]\"><img loading=\"lazy\" decoding=\"async\" class=\"size-full wp-image-502\" src=\"https:\/\/bf-on-tour.de\/m-16\/wp-content\/uploads\/sites\/2\/2016\/08\/P10-06.jpg\" alt=\"Die sieben Schwestern\" width=\"1600\" height=\"935\" srcset=\"https:\/\/bf-on-tour.de\/m-16\/wp-content\/uploads\/sites\/2\/2016\/08\/P10-06.jpg 1600w, https:\/\/bf-on-tour.de\/m-16\/wp-content\/uploads\/sites\/2\/2016\/08\/P10-06-150x88.jpg 150w, https:\/\/bf-on-tour.de\/m-16\/wp-content\/uploads\/sites\/2\/2016\/08\/P10-06-300x175.jpg 300w, https:\/\/bf-on-tour.de\/m-16\/wp-content\/uploads\/sites\/2\/2016\/08\/P10-06-1024x598.jpg 1024w, https:\/\/bf-on-tour.de\/m-16\/wp-content\/uploads\/sites\/2\/2016\/08\/P10-06-1200x701.jpg 1200w\" sizes=\"auto, (max-width: 709px) 85vw, (max-width: 909px) 67vw, (max-width: 1362px) 62vw, 840px\" \/><\/a><figcaption id=\"caption-attachment-502\" class=\"wp-caption-text\">Die sieben Schwestern<\/figcaption><\/figure>\n<p style=\"text-align: justify;\">Dann erscheint pl\u00f6tzlich besagter Kapit\u00e4n und teilt uns Motorradfahrern mit, dass die F\u00e4hre 10:40 Uhr Versp\u00e4tung hat und wir, wenn wir wollten, mit ihm fahren k\u00f6nnten. Sein Ziel sei auch Forvik, aber er sei &#8222;der Zug, der an allen Unterwegsbahnh\u00f6fen h\u00e4lt&#8220;. Egal, wir fahren auf sein Schiff und machen mit ihm eine Minikreuzfahrt zu kleinen und kleinsten Inseln der Gegend. Auch sch\u00f6n! (Kaum abgelegt, kommt die andere F\u00e4hre&#8230;)<\/p>\n<figure id=\"attachment_503\" aria-describedby=\"caption-attachment-503\" style=\"width: 300px\" class=\"wp-caption alignleft\"><a href=\"https:\/\/bf-on-tour.de\/m-16\/wp-content\/uploads\/sites\/2\/2016\/08\/P10-07.jpg\" rel=\"lightbox[493]\"><img loading=\"lazy\" decoding=\"async\" class=\"wp-image-503 size-medium\" src=\"https:\/\/bf-on-tour.de\/m-16\/wp-content\/uploads\/sites\/2\/2016\/08\/P10-07-300x225.jpg\" alt=\"Die letzte F\u00e4hre\" width=\"300\" height=\"225\" srcset=\"https:\/\/bf-on-tour.de\/m-16\/wp-content\/uploads\/sites\/2\/2016\/08\/P10-07-300x225.jpg 300w, https:\/\/bf-on-tour.de\/m-16\/wp-content\/uploads\/sites\/2\/2016\/08\/P10-07-150x113.jpg 150w, https:\/\/bf-on-tour.de\/m-16\/wp-content\/uploads\/sites\/2\/2016\/08\/P10-07-1024x768.jpg 1024w, https:\/\/bf-on-tour.de\/m-16\/wp-content\/uploads\/sites\/2\/2016\/08\/P10-07-1200x900.jpg 1200w, https:\/\/bf-on-tour.de\/m-16\/wp-content\/uploads\/sites\/2\/2016\/08\/P10-07.jpg 1600w\" sizes=\"auto, (max-width: 300px) 85vw, 300px\" \/><\/a><figcaption id=\"caption-attachment-503\" class=\"wp-caption-text\">Die letzte F\u00e4hre<\/figcaption><\/figure>\n<p style=\"text-align: justify;\">Und so geht es den ganzen Tag weiter: Mal sind es nur 17 km bis zum Inselende, mal \u00fcber 60. Mal fahren wir 20 Minuten F\u00e4hre, mal eine Stunde. Insgesamt sind es heute f\u00fcnf F\u00e4hren mit knapp 2\u00a0\u00bd Stunden Fahrzeit und den entsprechenden Wartezeiten. Aber genau das macht ja den Reiz dieses K\u00fcstenweges aus: Wir fahren immer zwischen Meer und Bergen, um jede Bucht herum und ab und an auch \u00fcber den einen oder anderen H\u00f6henzug hinweg, um dann mit der n\u00e4chsten F\u00e4hre zur n\u00e4chsten Insel zu gelangen &#8211; wo das Spiel von vorn beginnt.<\/p>\n<figure id=\"attachment_504\" aria-describedby=\"caption-attachment-504\" style=\"width: 1600px\" class=\"wp-caption alignnone\"><a href=\"https:\/\/bf-on-tour.de\/m-16\/wp-content\/uploads\/sites\/2\/2016\/08\/P10-08.jpg\" rel=\"lightbox[493]\"><img loading=\"lazy\" decoding=\"async\" class=\"size-full wp-image-504\" src=\"https:\/\/bf-on-tour.de\/m-16\/wp-content\/uploads\/sites\/2\/2016\/08\/P10-08.jpg\" alt=\"Fjorde wie Seen\" width=\"1600\" height=\"863\" srcset=\"https:\/\/bf-on-tour.de\/m-16\/wp-content\/uploads\/sites\/2\/2016\/08\/P10-08.jpg 1600w, https:\/\/bf-on-tour.de\/m-16\/wp-content\/uploads\/sites\/2\/2016\/08\/P10-08-150x81.jpg 150w, https:\/\/bf-on-tour.de\/m-16\/wp-content\/uploads\/sites\/2\/2016\/08\/P10-08-300x162.jpg 300w, https:\/\/bf-on-tour.de\/m-16\/wp-content\/uploads\/sites\/2\/2016\/08\/P10-08-1024x552.jpg 1024w, https:\/\/bf-on-tour.de\/m-16\/wp-content\/uploads\/sites\/2\/2016\/08\/P10-08-1200x647.jpg 1200w\" sizes=\"auto, (max-width: 709px) 85vw, (max-width: 909px) 67vw, (max-width: 1362px) 62vw, 840px\" \/><\/a><figcaption id=\"caption-attachment-504\" class=\"wp-caption-text\">Fjorde wie Seen<\/figcaption><\/figure>\n<p style=\"text-align: justify;\">Der FV17 ist &#8211; ganz im Gegensatz zu den Stra\u00dfen der Vortage &#8211; von recht guter Qualit\u00e4t und als gegen 17:30 Uhr eine kleine Gewitterwolke ihre nasse Fracht \u00fcber uns abl\u00e4dt, merken wir erst, wie m\u00fcde wir doch sind. Pl\u00f6tzlich st\u00f6ren uns die L\u00e4ngsrillen der Schneeschieber vom Winter, pl\u00f6tzlich wird uns kalt. Gut, dass wir nur noch 60 km bis Namsos haben.<\/p>\n<hr \/>\n<p style=\"text-align: justify;\">Dienstag: Der letzte Tag auf dem FV17. Eigentlich ist es nur ein halber Tag, denn rund 150 km vor Trondheim endet der Weg auf der E6. Und die wollen wir heute fahren, um m\u00f6glichst rasch nach Sundals\u00f8ra zu kommen, dem Ausgangspunkt f\u00fcr Trollstigen und Dalsnibba am Mittwoch.<\/p>\n<p style=\"text-align: justify;\">Wie zu erwarten, ist die Fahrt auf der E6 eine Tortour, denn es ist ein nicht endender Track gen Trondheim, bei dem \u00dcberholen wegen des Gegenverkehrs entweder unm\u00f6glich oder auch einfach nur unsinnig ist.<\/p>\n<figure id=\"attachment_505\" aria-describedby=\"caption-attachment-505\" style=\"width: 225px\" class=\"wp-caption alignleft\"><a href=\"https:\/\/bf-on-tour.de\/m-16\/wp-content\/uploads\/sites\/2\/2016\/08\/P10-09.jpg\" rel=\"lightbox[493]\"><img loading=\"lazy\" decoding=\"async\" class=\"wp-image-505 size-medium\" src=\"https:\/\/bf-on-tour.de\/m-16\/wp-content\/uploads\/sites\/2\/2016\/08\/P10-09-225x300.jpg\" alt=\"Regen, Regen, Regen...\" width=\"225\" height=\"300\" srcset=\"https:\/\/bf-on-tour.de\/m-16\/wp-content\/uploads\/sites\/2\/2016\/08\/P10-09-225x300.jpg 225w, https:\/\/bf-on-tour.de\/m-16\/wp-content\/uploads\/sites\/2\/2016\/08\/P10-09-113x150.jpg 113w, https:\/\/bf-on-tour.de\/m-16\/wp-content\/uploads\/sites\/2\/2016\/08\/P10-09-768x1024.jpg 768w, https:\/\/bf-on-tour.de\/m-16\/wp-content\/uploads\/sites\/2\/2016\/08\/P10-09.jpg 900w\" sizes=\"auto, (max-width: 225px) 85vw, 225px\" \/><\/a><figcaption id=\"caption-attachment-505\" class=\"wp-caption-text\">Regen, Regen, Regen&#8230;<\/figcaption><\/figure>\n<figure id=\"attachment_506\" aria-describedby=\"caption-attachment-506\" style=\"width: 300px\" class=\"wp-caption alignright\"><a href=\"https:\/\/bf-on-tour.de\/m-16\/wp-content\/uploads\/sites\/2\/2016\/08\/P10-10.jpg\" rel=\"lightbox[493]\"><img loading=\"lazy\" decoding=\"async\" class=\"wp-image-506 size-medium\" src=\"https:\/\/bf-on-tour.de\/m-16\/wp-content\/uploads\/sites\/2\/2016\/08\/P10-10-300x197.jpg\" alt=\"Der Regen hat ein Ende!\" width=\"300\" height=\"197\" srcset=\"https:\/\/bf-on-tour.de\/m-16\/wp-content\/uploads\/sites\/2\/2016\/08\/P10-10-300x197.jpg 300w, https:\/\/bf-on-tour.de\/m-16\/wp-content\/uploads\/sites\/2\/2016\/08\/P10-10-150x99.jpg 150w, https:\/\/bf-on-tour.de\/m-16\/wp-content\/uploads\/sites\/2\/2016\/08\/P10-10-1024x673.jpg 1024w, https:\/\/bf-on-tour.de\/m-16\/wp-content\/uploads\/sites\/2\/2016\/08\/P10-10-1200x789.jpg 1200w, https:\/\/bf-on-tour.de\/m-16\/wp-content\/uploads\/sites\/2\/2016\/08\/P10-10.jpg 1600w\" sizes=\"auto, (max-width: 300px) 85vw, 300px\" \/><\/a><figcaption id=\"caption-attachment-506\" class=\"wp-caption-text\">Der Regen hat ein Ende!<\/figcaption><\/figure>\n<p style=\"text-align: justify;\">Hinter Trondheim dann ein \u00fcbler Platzregen vom Format dessen vor \u00c5rhus &#8211; nur diesmal stehen wir auf der Tanke unter einem sch\u00fctzenden Dach. Gl\u00fcck gehabt! Leider regnet es dann doch bis Sundals\u00f8ra ziemlich konstant und wir werden wieder recht nass. Dort angekommen, sind wir beide der Meinung, dass man uns heute einen gebrauchten Tag angedreht hat.<\/p>\n<p>&nbsp;<\/p>\n<p><a href=\"https:\/\/bf-on-tour.de\/m-16\/p-09\/\"><img loading=\"lazy\" decoding=\"async\" class=\"alignleft wp-image-573\" src=\"https:\/\/bf-on-tour.de\/m-16\/wp-content\/uploads\/sites\/2\/2017\/06\/zur\u00fcck.png\" alt=\"\" width=\"50\" height=\"37\" \/><\/a> <a href=\"https:\/\/bf-on-tour.de\/m-16\/p-11\/\"><img loading=\"lazy\" decoding=\"async\" class=\"alignright wp-image-572\" src=\"https:\/\/bf-on-tour.de\/m-16\/wp-content\/uploads\/sites\/2\/2017\/06\/weiter.png\" alt=\"\" width=\"50\" height=\"37\" \/><\/a><\/p>\n","protected":false},"excerpt":{"rendered":"<p>Wer von Moskenes kommt, landet in Bod\u00f8, dieser Stadt, die nach der Manhattan-Metrik gebaut wurde (alles rechtwinklig, keine Diagonalen) und deren Charme einem Betonblock gleicht. Von hier starten wir auf die rund 800 km nach Trondheim \u00fcber die K\u00fcstenstra\u00dfe Nr. 17. 2 \u00bd\u00a0Tage werden wir dazu brauchen. Sonntag, 8:00 Uhr: Die Fahrt beginnt bei 11 &hellip; <a href=\"https:\/\/bf-on-tour.de\/m-16\/p-10\/\" class=\"more-link\"><span class=\"screen-reader-text\">\u201eFV17 &#8211; Kystriksveien\u201c <\/span>weiterlesen<\/a><\/p>\n","protected":false},"author":1,"featured_media":0,"parent":0,"menu_order":10,"comment_status":"open","ping_status":"closed","template":"","meta":{"footnotes":""},"class_list":["post-493","page","type-page","status-publish","hentry"],"_links":{"self":[{"href":"https:\/\/bf-on-tour.de\/m-16\/wp-json\/wp\/v2\/pages\/493","targetHints":{"allow":["GET"]}}],"collection":[{"href":"https:\/\/bf-on-tour.de\/m-16\/wp-json\/wp\/v2\/pages"}],"about":[{"href":"https:\/\/bf-on-tour.de\/m-16\/wp-json\/wp\/v2\/types\/page"}],"author":[{"embeddable":true,"href":"https:\/\/bf-on-tour.de\/m-16\/wp-json\/wp\/v2\/users\/1"}],"replies":[{"embeddable":true,"href":"https:\/\/bf-on-tour.de\/m-16\/wp-json\/wp\/v2\/comments?post=493"}],"version-history":[{"count":11,"href":"https:\/\/bf-on-tour.de\/m-16\/wp-json\/wp\/v2\/pages\/493\/revisions"}],"predecessor-version":[{"id":664,"href":"https:\/\/bf-on-tour.de\/m-16\/wp-json\/wp\/v2\/pages\/493\/revisions\/664"}],"wp:attachment":[{"href":"https:\/\/bf-on-tour.de\/m-16\/wp-json\/wp\/v2\/media?parent=493"}],"curies":[{"name":"wp","href":"https:\/\/api.w.org\/{rel}","templated":true}]}}