{"id":477,"date":"2016-08-13T12:02:51","date_gmt":"2016-08-13T10:02:51","guid":{"rendered":"http:\/\/blog.family-riders.de\/norway\/?page_id=477"},"modified":"2021-02-26T17:45:30","modified_gmt":"2021-02-26T16:45:30","slug":"p-09","status":"publish","type":"page","link":"https:\/\/bf-on-tour.de\/m-16\/p-09\/","title":{"rendered":"Senja, Vester\u00e5len und Lofoten"},"content":{"rendered":"<p style=\"text-align: justify;\">Morgens: Sonne! Dazu 20 Grad, kein Wind und ein wirklich gutes Fr\u00fchst\u00fcck. Jetzt kommt das Winterfell wieder ins Gep\u00e4ck. Auf nach Gryllefjord, zur F\u00e4hre nach Andenes.<\/p>\n<figure id=\"attachment_479\" aria-describedby=\"caption-attachment-479\" style=\"width: 1600px\" class=\"wp-caption aligncenter\"><a href=\"https:\/\/bf-on-tour.de\/m-16\/wp-content\/uploads\/sites\/2\/2016\/08\/P09-01.jpg\" rel=\"lightbox[477]\"><img loading=\"lazy\" decoding=\"async\" class=\"size-full wp-image-479\" src=\"https:\/\/bf-on-tour.de\/m-16\/wp-content\/uploads\/sites\/2\/2016\/08\/P09-01.jpg\" alt=\"Senja\" width=\"1600\" height=\"710\" srcset=\"https:\/\/bf-on-tour.de\/m-16\/wp-content\/uploads\/sites\/2\/2016\/08\/P09-01.jpg 1600w, https:\/\/bf-on-tour.de\/m-16\/wp-content\/uploads\/sites\/2\/2016\/08\/P09-01-150x67.jpg 150w, https:\/\/bf-on-tour.de\/m-16\/wp-content\/uploads\/sites\/2\/2016\/08\/P09-01-300x133.jpg 300w, https:\/\/bf-on-tour.de\/m-16\/wp-content\/uploads\/sites\/2\/2016\/08\/P09-01-1024x454.jpg 1024w, https:\/\/bf-on-tour.de\/m-16\/wp-content\/uploads\/sites\/2\/2016\/08\/P09-01-1200x533.jpg 1200w\" sizes=\"auto, (max-width: 709px) 85vw, (max-width: 909px) 67vw, (max-width: 1362px) 62vw, 840px\" \/><\/a><figcaption id=\"caption-attachment-479\" class=\"wp-caption-text\">Senja<\/figcaption><\/figure>\n<p style=\"text-align: justify;\">Nur 40 km liegen vor uns, aber die ziehen wieder einmal das volle Register des R\u00fccken-\/Maschinen-Martyriums. Alles, was man sich ausdenken kann, um eine Stra\u00dfe schlecht befahrbar zu machen, findet sich hier. Allerdings findet sich auch alles, was man neuhochdeutsch als &#8222;scenic&#8220; bezeichnet. Berge, wie in den Alpen, zum Teil steil und unbewachsen, \u00e4hnlich den Dolomiten, Hochebenen und Wasserf\u00e4lle, dazu Buchten mit winzigen, idyllischen Fischerd\u00f6rfchen, alte Bergwerke, historische Sehensw\u00fcrdigkeiten aus der Eisenzeit, alte und neue Tunnel, selbst einige Kehren sind dabei (ok, nur ganz wenige, aber immerhin). Dann Gryllefjord. Hier ist (f\u00fcr uns fahrtechnisch &#8222;endlich&#8220;) die Senja-Stra\u00dfenwelt zu Ende und nur die F\u00e4hre nach Andenes f\u00fchrt weiter.<\/p>\n<p style=\"text-align: justify;\">Die ist nicht sehr gro\u00df, aber es warten viele Fahrzeuge: Ein Reisebus, Wohnmobile, ein zum Wohnmobil umgebauter LKW, etliche Wohnwagengespanne, ganz normale PKWs &#8211; und wir. Alle Motorr\u00e4der kommen mit, aber nicht alle aus dem \u00fcbrigen Mix. Das gibt b\u00f6ses Blut und einiges an Gezeter, aber voll ist nun mal voll.<\/p>\n<figure id=\"attachment_480\" aria-describedby=\"caption-attachment-480\" style=\"width: 1600px\" class=\"wp-caption aligncenter\"><a href=\"https:\/\/bf-on-tour.de\/m-16\/wp-content\/uploads\/sites\/2\/2016\/08\/P09-02.jpg\" rel=\"lightbox[477]\"><img loading=\"lazy\" decoding=\"async\" class=\"size-full wp-image-480\" src=\"https:\/\/bf-on-tour.de\/m-16\/wp-content\/uploads\/sites\/2\/2016\/08\/P09-02.jpg\" alt=\"Abschied von Senja\" width=\"1600\" height=\"1226\" srcset=\"https:\/\/bf-on-tour.de\/m-16\/wp-content\/uploads\/sites\/2\/2016\/08\/P09-02.jpg 1600w, https:\/\/bf-on-tour.de\/m-16\/wp-content\/uploads\/sites\/2\/2016\/08\/P09-02-150x115.jpg 150w, https:\/\/bf-on-tour.de\/m-16\/wp-content\/uploads\/sites\/2\/2016\/08\/P09-02-300x230.jpg 300w, https:\/\/bf-on-tour.de\/m-16\/wp-content\/uploads\/sites\/2\/2016\/08\/P09-02-1024x785.jpg 1024w, https:\/\/bf-on-tour.de\/m-16\/wp-content\/uploads\/sites\/2\/2016\/08\/P09-02-1200x920.jpg 1200w\" sizes=\"auto, (max-width: 709px) 85vw, (max-width: 909px) 67vw, (max-width: 1362px) 62vw, 840px\" \/><\/a><figcaption id=\"caption-attachment-480\" class=\"wp-caption-text\">Abschied von Senja<\/figcaption><\/figure>\n<p style=\"text-align: justify;\">Unsere Maschinen m\u00fcssen vielfach verzurrt werden &#8211; der Staumeister pr\u00fcft pers\u00f6nlich &#8211; und ich f\u00fchle mich an die \u00dcberfahrt von Bod\u00f8 nach Moskenes vor 10 Jahren erinnert, als wir bei bestem Wetter und absoluter Windstille die Maschinen ebenso abspannen mussten. Eine Stunde sp\u00e4ter wussten wir warum, denn die D\u00fcnung lie\u00df das Schiff abenteuerlich rollen. Wie zu erwarten, hier geht es nicht anders zu. Die F\u00e4hre ergeht sich in abenteuerlichsten Bewegungen, obwohl die See flach wie ein Fr\u00fchst\u00fccksbrett ist.<\/p>\n<p style=\"text-align: justify;\">Andenes wirbt mit Walsafaris und wir haben eigentlich vor, an so einem Ausflug teilzunehmen. Nur, erstens ist es bereits ziemlich sp\u00e4t am Tag (die F\u00e4hre r\u00fchrt nun schon 80 Minuten das Nordmeer um) und zweitens sehen wir Wale auch so. 10 bis 15 Tiere ziehen tr\u00e4ge eine Kreisbahn. Man sieht an den Finnen, dass es keine gro\u00dfen Tiere sind und mehr als eben diese R\u00fcckenflossen sieht man auch nicht. Dann eine zweite und eine dritte Beobachtung. Hier kommt schon mal ein R\u00fccken an die Oberfl\u00e4che, aber auch das sind offenbar eher kleine Arten, die mich doch sehr an die in der Ostsee h\u00e4ufigen Schweinswale erinnern. Na gut, damit h\u00e4tten wir also unsere Walsafari und k\u00f6nnen weiter fahren.<\/p>\n<figure id=\"attachment_481\" aria-describedby=\"caption-attachment-481\" style=\"width: 1600px\" class=\"wp-caption aligncenter\"><a href=\"https:\/\/bf-on-tour.de\/m-16\/wp-content\/uploads\/sites\/2\/2016\/08\/P09-03.jpg\" rel=\"lightbox[477]\"><img loading=\"lazy\" decoding=\"async\" class=\"size-full wp-image-481\" src=\"https:\/\/bf-on-tour.de\/m-16\/wp-content\/uploads\/sites\/2\/2016\/08\/P09-03.jpg\" alt=\"Stokmarknes\" width=\"1600\" height=\"847\" srcset=\"https:\/\/bf-on-tour.de\/m-16\/wp-content\/uploads\/sites\/2\/2016\/08\/P09-03.jpg 1600w, https:\/\/bf-on-tour.de\/m-16\/wp-content\/uploads\/sites\/2\/2016\/08\/P09-03-150x79.jpg 150w, https:\/\/bf-on-tour.de\/m-16\/wp-content\/uploads\/sites\/2\/2016\/08\/P09-03-300x159.jpg 300w, https:\/\/bf-on-tour.de\/m-16\/wp-content\/uploads\/sites\/2\/2016\/08\/P09-03-1024x542.jpg 1024w, https:\/\/bf-on-tour.de\/m-16\/wp-content\/uploads\/sites\/2\/2016\/08\/P09-03-1200x635.jpg 1200w\" sizes=\"auto, (max-width: 709px) 85vw, (max-width: 909px) 67vw, (max-width: 1362px) 62vw, 840px\" \/><\/a><figcaption id=\"caption-attachment-481\" class=\"wp-caption-text\">Stokmarknes<\/figcaption><\/figure>\n<p style=\"text-align: justify;\">Das tun wir auf der 82 und nicht auf der als touristisch wertvoll ausgeschilderten Westroute ohne Stra\u00dfennummer. Schlechte Wegstrecken hatten wir in den letzten Tagen genug und die 82 ist zwar eben und verl\u00e4uft meist ziemlich geradeaus, aber damit ist sie auch sehr r\u00fcckenfreundlich. Man muss halt manchmal Kompromisse eingehen.<\/p>\n<figure id=\"attachment_482\" aria-describedby=\"caption-attachment-482\" style=\"width: 1600px\" class=\"wp-caption aligncenter\"><a href=\"https:\/\/bf-on-tour.de\/m-16\/wp-content\/uploads\/sites\/2\/2016\/08\/P09-04.jpg\" rel=\"lightbox[477]\"><img loading=\"lazy\" decoding=\"async\" class=\"wp-image-482 size-full\" src=\"https:\/\/bf-on-tour.de\/m-16\/wp-content\/uploads\/sites\/2\/2016\/08\/P09-04.jpg\" alt=\"Am Hadselsund\" width=\"1600\" height=\"1200\" srcset=\"https:\/\/bf-on-tour.de\/m-16\/wp-content\/uploads\/sites\/2\/2016\/08\/P09-04.jpg 1600w, https:\/\/bf-on-tour.de\/m-16\/wp-content\/uploads\/sites\/2\/2016\/08\/P09-04-150x113.jpg 150w, https:\/\/bf-on-tour.de\/m-16\/wp-content\/uploads\/sites\/2\/2016\/08\/P09-04-300x225.jpg 300w, https:\/\/bf-on-tour.de\/m-16\/wp-content\/uploads\/sites\/2\/2016\/08\/P09-04-1024x768.jpg 1024w, https:\/\/bf-on-tour.de\/m-16\/wp-content\/uploads\/sites\/2\/2016\/08\/P09-04-1200x900.jpg 1200w\" sizes=\"auto, (max-width: 709px) 85vw, (max-width: 909px) 67vw, (max-width: 1362px) 62vw, 840px\" \/><\/a><figcaption id=\"caption-attachment-482\" class=\"wp-caption-text\">Am Hadselfjord<\/figcaption><\/figure>\n<p style=\"text-align: justify;\">Weil wir in Melbu die F\u00e4hre verpassen und Hotels sowie H\u00fctten von den massenweise urlaubenden Norwegern belegt sind, bleiben wir in einem etwas\u00a0abseits gelegenen Bauernhof am Hadselfjord, der Gernze zu den Lofoten: Ein wei\u00dfes Bauernhaus, eine kleine rot-wei\u00dfe H\u00fctte mit zwei Ferienzimmern, der Besitzer, sein Hund und drei G\u00e4ste. Zwei davon sind wir. An der Hauslaterne h\u00e4ngen getrocknete Dorsche und in der K\u00fcche herrscht Chaos. Eine norwegische Mischung aus Bullerb\u00fc und Kurt Wallander.<\/p>\n<figure id=\"attachment_483\" aria-describedby=\"caption-attachment-483\" style=\"width: 225px\" class=\"wp-caption alignleft\"><a href=\"https:\/\/bf-on-tour.de\/m-16\/wp-content\/uploads\/sites\/2\/2016\/08\/P09-05.jpg\" rel=\"lightbox[477]\"><img loading=\"lazy\" decoding=\"async\" class=\"wp-image-483 size-medium\" src=\"https:\/\/bf-on-tour.de\/m-16\/wp-content\/uploads\/sites\/2\/2016\/08\/P09-05-225x300.jpg\" alt=\"7:50 Uhr an der F\u00e4hre in Melbu\" width=\"225\" height=\"300\" srcset=\"https:\/\/bf-on-tour.de\/m-16\/wp-content\/uploads\/sites\/2\/2016\/08\/P09-05-225x300.jpg 225w, https:\/\/bf-on-tour.de\/m-16\/wp-content\/uploads\/sites\/2\/2016\/08\/P09-05-113x150.jpg 113w, https:\/\/bf-on-tour.de\/m-16\/wp-content\/uploads\/sites\/2\/2016\/08\/P09-05-768x1024.jpg 768w, https:\/\/bf-on-tour.de\/m-16\/wp-content\/uploads\/sites\/2\/2016\/08\/P09-05.jpg 900w\" sizes=\"auto, (max-width: 225px) 85vw, 225px\" \/><\/a><figcaption id=\"caption-attachment-483\" class=\"wp-caption-text\">7:50 Uhr an der F\u00e4hre in Melbu<\/figcaption><\/figure>\n<p style=\"text-align: justify;\">Am n\u00e4chsten Morgen ist Seenebel aufgezogen. Wir stehen als einzige Wartende in dicker, kalter Nebelsuppe wieder am F\u00e4hranleger in Melbu und warten auf die 7:50 Uhr-F\u00e4hre. Norwegen schl\u00e4ft noch. Rund 40 Minuten sp\u00e4ter sind wir auf den Lofoten, aber der Nebel ist mitgekommen. Schade, denn beim letzten Mal war es st\u00fcrmisch und regnerisch. Diese Inseln machen es uns nicht leicht&#8230;<\/p>\n<p style=\"text-align: justify;\">Eine Stunde sp\u00e4ter setzt sich die Sonne durch und der Nebel verzieht sich in gro\u00dfen wei\u00dfen Schwaden zwischen die Berge, in die Buchten und auf die See hinaus. Jetzt zeigt sich die Landschaft in noch faszinierender Weise als sie es ohnehin schon ist. Wollten wir alle &#8222;oh&#8220;s und &#8222;ah&#8220;s fotografieren, wir w\u00e4ren wohl immer noch nicht weiter. Man muss es einfach selbst erleben!<\/p>\n<figure id=\"attachment_484\" aria-describedby=\"caption-attachment-484\" style=\"width: 1600px\" class=\"wp-caption aligncenter\"><a href=\"https:\/\/bf-on-tour.de\/m-16\/wp-content\/uploads\/sites\/2\/2016\/08\/P09-06.jpg\" rel=\"lightbox[477]\"><img loading=\"lazy\" decoding=\"async\" class=\"size-full wp-image-484\" src=\"https:\/\/bf-on-tour.de\/m-16\/wp-content\/uploads\/sites\/2\/2016\/08\/P09-06.jpg\" alt=\"Lofoten, der Morgennebel lichtet sich\" width=\"1600\" height=\"547\" srcset=\"https:\/\/bf-on-tour.de\/m-16\/wp-content\/uploads\/sites\/2\/2016\/08\/P09-06.jpg 1600w, https:\/\/bf-on-tour.de\/m-16\/wp-content\/uploads\/sites\/2\/2016\/08\/P09-06-150x51.jpg 150w, https:\/\/bf-on-tour.de\/m-16\/wp-content\/uploads\/sites\/2\/2016\/08\/P09-06-300x103.jpg 300w, https:\/\/bf-on-tour.de\/m-16\/wp-content\/uploads\/sites\/2\/2016\/08\/P09-06-1024x350.jpg 1024w, https:\/\/bf-on-tour.de\/m-16\/wp-content\/uploads\/sites\/2\/2016\/08\/P09-06-1200x410.jpg 1200w\" sizes=\"auto, (max-width: 709px) 85vw, (max-width: 909px) 67vw, (max-width: 1362px) 62vw, 840px\" \/><\/a><figcaption id=\"caption-attachment-484\" class=\"wp-caption-text\">Lofoten, der Morgennebel lichtet sich<\/figcaption><\/figure>\n<p style=\"text-align: justify;\">Hinter Svolvaer fahren wir &#8211; immer der E10 folgend &#8211; auf die &#8222;Schattenseite&#8220; der Berge, wo sich der Nebel leider gehalten hat. Hier ist es kalt und die Sicht ist schlecht. Landschaft? Fehlanzeige. Aber je weiter wir zum Ende der Inselgruppe bei \u00c5 kommen, desto sonniger wird es wieder.<\/p>\n<figure id=\"attachment_485\" aria-describedby=\"caption-attachment-485\" style=\"width: 1600px\" class=\"wp-caption aligncenter\"><a href=\"https:\/\/bf-on-tour.de\/m-16\/wp-content\/uploads\/sites\/2\/2016\/08\/P09-07.jpg\" rel=\"lightbox[477]\"><img loading=\"lazy\" decoding=\"async\" class=\"size-full wp-image-485\" src=\"https:\/\/bf-on-tour.de\/m-16\/wp-content\/uploads\/sites\/2\/2016\/08\/P09-07.jpg\" alt=\"Rorbuer\" width=\"1600\" height=\"1137\" srcset=\"https:\/\/bf-on-tour.de\/m-16\/wp-content\/uploads\/sites\/2\/2016\/08\/P09-07.jpg 1600w, https:\/\/bf-on-tour.de\/m-16\/wp-content\/uploads\/sites\/2\/2016\/08\/P09-07-150x107.jpg 150w, https:\/\/bf-on-tour.de\/m-16\/wp-content\/uploads\/sites\/2\/2016\/08\/P09-07-300x213.jpg 300w, https:\/\/bf-on-tour.de\/m-16\/wp-content\/uploads\/sites\/2\/2016\/08\/P09-07-1024x728.jpg 1024w, https:\/\/bf-on-tour.de\/m-16\/wp-content\/uploads\/sites\/2\/2016\/08\/P09-07-1200x853.jpg 1200w\" sizes=\"auto, (max-width: 709px) 85vw, (max-width: 909px) 67vw, (max-width: 1362px) 62vw, 840px\" \/><\/a><figcaption id=\"caption-attachment-485\" class=\"wp-caption-text\">Rorbuer<\/figcaption><\/figure>\n<p style=\"text-align: justify;\">Und hier findet man tats\u00e4chlich noch die kleinen, vertr\u00e4umten Fischerd\u00f6rfer mit ihren H\u00e4fen und den von der Sonne beschienenen Rorbuer. Hier sind die Br\u00fccken immer noch einspurig und durch Ampelschaltungen abgesichert, hier ist die E10 noch eine Stra\u00dfe dritter oder gar vierter Ordnung. Allerdings ist absehbar, dass zumindest die Stra\u00dfe bald anders sein wird, denn es gibt bereits stillgelegte Streckenabschnitte, die durch modernste Tunnel- und Galeriebauten ersetzt wurden.<\/p>\n<figure id=\"attachment_486\" aria-describedby=\"caption-attachment-486\" style=\"width: 1600px\" class=\"wp-caption aligncenter\"><a href=\"https:\/\/bf-on-tour.de\/m-16\/wp-content\/uploads\/sites\/2\/2016\/08\/P09-08.jpg\" rel=\"lightbox[477]\"><img loading=\"lazy\" decoding=\"async\" class=\"size-full wp-image-486\" src=\"https:\/\/bf-on-tour.de\/m-16\/wp-content\/uploads\/sites\/2\/2016\/08\/P09-08.jpg\" alt=\"Skaris\u00f8y auf den Lofoten\" width=\"1600\" height=\"613\" srcset=\"https:\/\/bf-on-tour.de\/m-16\/wp-content\/uploads\/sites\/2\/2016\/08\/P09-08.jpg 1600w, https:\/\/bf-on-tour.de\/m-16\/wp-content\/uploads\/sites\/2\/2016\/08\/P09-08-150x57.jpg 150w, https:\/\/bf-on-tour.de\/m-16\/wp-content\/uploads\/sites\/2\/2016\/08\/P09-08-300x115.jpg 300w, https:\/\/bf-on-tour.de\/m-16\/wp-content\/uploads\/sites\/2\/2016\/08\/P09-08-1024x392.jpg 1024w, https:\/\/bf-on-tour.de\/m-16\/wp-content\/uploads\/sites\/2\/2016\/08\/P09-08-1200x460.jpg 1200w\" sizes=\"auto, (max-width: 709px) 85vw, (max-width: 909px) 67vw, (max-width: 1362px) 62vw, 840px\" \/><\/a><figcaption id=\"caption-attachment-486\" class=\"wp-caption-text\">Skaris\u00f8y auf den Lofoten<\/figcaption><\/figure>\n<p style=\"text-align: justify;\">P\u00fcnktlich zum Einlaufen der F\u00e4hre nach Bod\u00f8 sind wir in Moskenes. Zahlen und fahren praktisch in einem Rutsch auf. Auf? Nein, in den Keller fahren wir. Ganz unten stehen unsere Maschinen &#8211; und sind nat\u00fcrlich wieder bestens verzurrt.<\/p>\n<p><a href=\"https:\/\/bf-on-tour.de\/m-16\/p-08\/\"><img loading=\"lazy\" decoding=\"async\" class=\"alignleft wp-image-573\" src=\"https:\/\/bf-on-tour.de\/m-16\/wp-content\/uploads\/sites\/2\/2017\/06\/zur\u00fcck.png\" alt=\"\" width=\"50\" height=\"37\" \/><\/a> <a href=\"https:\/\/bf-on-tour.de\/m-16\/p-10\/\"><img loading=\"lazy\" decoding=\"async\" class=\"alignright wp-image-572\" src=\"https:\/\/bf-on-tour.de\/m-16\/wp-content\/uploads\/sites\/2\/2017\/06\/weiter.png\" alt=\"\" width=\"50\" height=\"37\" \/><\/a><\/p>\n","protected":false},"excerpt":{"rendered":"<p>Morgens: Sonne! Dazu 20 Grad, kein Wind und ein wirklich gutes Fr\u00fchst\u00fcck. Jetzt kommt das Winterfell wieder ins Gep\u00e4ck. Auf nach Gryllefjord, zur F\u00e4hre nach Andenes. Nur 40 km liegen vor uns, aber die ziehen wieder einmal das volle Register des R\u00fccken-\/Maschinen-Martyriums. Alles, was man sich ausdenken kann, um eine Stra\u00dfe schlecht befahrbar zu machen, &hellip; <a href=\"https:\/\/bf-on-tour.de\/m-16\/p-09\/\" class=\"more-link\"><span class=\"screen-reader-text\">\u201eSenja, Vester\u00e5len und Lofoten\u201c <\/span>weiterlesen<\/a><\/p>\n","protected":false},"author":1,"featured_media":0,"parent":0,"menu_order":9,"comment_status":"open","ping_status":"closed","template":"","meta":{"footnotes":""},"class_list":["post-477","page","type-page","status-publish","hentry"],"_links":{"self":[{"href":"https:\/\/bf-on-tour.de\/m-16\/wp-json\/wp\/v2\/pages\/477","targetHints":{"allow":["GET"]}}],"collection":[{"href":"https:\/\/bf-on-tour.de\/m-16\/wp-json\/wp\/v2\/pages"}],"about":[{"href":"https:\/\/bf-on-tour.de\/m-16\/wp-json\/wp\/v2\/types\/page"}],"author":[{"embeddable":true,"href":"https:\/\/bf-on-tour.de\/m-16\/wp-json\/wp\/v2\/users\/1"}],"replies":[{"embeddable":true,"href":"https:\/\/bf-on-tour.de\/m-16\/wp-json\/wp\/v2\/comments?post=477"}],"version-history":[{"count":12,"href":"https:\/\/bf-on-tour.de\/m-16\/wp-json\/wp\/v2\/pages\/477\/revisions"}],"predecessor-version":[{"id":663,"href":"https:\/\/bf-on-tour.de\/m-16\/wp-json\/wp\/v2\/pages\/477\/revisions\/663"}],"wp:attachment":[{"href":"https:\/\/bf-on-tour.de\/m-16\/wp-json\/wp\/v2\/media?parent=477"}],"curies":[{"name":"wp","href":"https:\/\/api.w.org\/{rel}","templated":true}]}}