{"id":455,"date":"2016-08-13T12:02:51","date_gmt":"2016-08-13T10:02:51","guid":{"rendered":"http:\/\/blog.family-riders.de\/norway\/?page_id=455"},"modified":"2021-02-26T17:44:55","modified_gmt":"2021-02-26T16:44:55","slug":"p-07","status":"publish","type":"page","link":"https:\/\/bf-on-tour.de\/m-16\/p-07\/","title":{"rendered":"Zum Nordkap und weiter"},"content":{"rendered":"<figure id=\"attachment_457\" aria-describedby=\"caption-attachment-457\" style=\"width: 300px\" class=\"wp-caption alignleft\"><a href=\"http:\/\/bf-on-tour.de\/m-16\/wp-content\/uploads\/sites\/2\/2016\/08\/P07-01.jpg\" rel=\"lightbox[455]\"><img loading=\"lazy\" decoding=\"async\" class=\"wp-image-457 size-medium\" src=\"http:\/\/bf-on-tour.de\/m-16\/wp-content\/uploads\/sites\/2\/2016\/08\/P07-01-300x225.jpg\" alt=\"Kirkenes Einkaufsmeile\" width=\"300\" height=\"225\" srcset=\"https:\/\/bf-on-tour.de\/m-16\/wp-content\/uploads\/sites\/2\/2016\/08\/P07-01-300x225.jpg 300w, https:\/\/bf-on-tour.de\/m-16\/wp-content\/uploads\/sites\/2\/2016\/08\/P07-01-150x113.jpg 150w, https:\/\/bf-on-tour.de\/m-16\/wp-content\/uploads\/sites\/2\/2016\/08\/P07-01-1024x768.jpg 1024w, https:\/\/bf-on-tour.de\/m-16\/wp-content\/uploads\/sites\/2\/2016\/08\/P07-01-1200x900.jpg 1200w, https:\/\/bf-on-tour.de\/m-16\/wp-content\/uploads\/sites\/2\/2016\/08\/P07-01.jpg 1600w\" sizes=\"auto, (max-width: 300px) 85vw, 300px\" \/><\/a><figcaption id=\"caption-attachment-457\" class=\"wp-caption-text\">Kirkenes Einkaufsmeile<\/figcaption><\/figure>\n<p style=\"text-align: justify;\">Nachdem wir uns am Ende der Welt umgeschaut haben, soll es nun endlich zum Nordkap gehen. Kirkenes ist keine lebhafte Stadt, genauer gesagt: hier ist gar nichts los. Die Landschaft bis zum Porsangen &#8211; \u00fcber die E6 und ab Tana Bru \u00fcber die 98 gefahren &#8211; entsch\u00e4digt daf\u00fcr im \u00dcberma\u00df!<\/p>\n<p style=\"text-align: justify;\">War ich 2011 in Portugal im Sternengebirge (Serra da Estrela), sind wir hier zeitweilig auf dem Mond. Das Ilfjordfjell mutet jedenfalls so an: Hier w\u00e4chst nichts. Alles ist unwirtlich kahl und irgendwie auch surreal. Wir genie\u00dfen das Hochgef\u00fchl, hier auf hervorragend ausgebauter Stra\u00dfe wohl bald eine halbe Stunde lang fast v\u00f6llig allein bergauf, bergab durch diese &#8222;Hochw\u00fcste&#8220; zu kurven. Einfach traumhaft, einfach gigantisch.<\/p>\n<figure id=\"attachment_458\" aria-describedby=\"caption-attachment-458\" style=\"width: 1600px\" class=\"wp-caption alignnone\"><a href=\"http:\/\/bf-on-tour.de\/m-16\/wp-content\/uploads\/sites\/2\/2016\/08\/P07-02.jpg\" rel=\"lightbox[455]\"><img loading=\"lazy\" decoding=\"async\" class=\"size-full wp-image-458\" src=\"http:\/\/bf-on-tour.de\/m-16\/wp-content\/uploads\/sites\/2\/2016\/08\/P07-02.jpg\" alt=\"Ilfjordfjell\" width=\"1600\" height=\"1022\" srcset=\"https:\/\/bf-on-tour.de\/m-16\/wp-content\/uploads\/sites\/2\/2016\/08\/P07-02.jpg 1600w, https:\/\/bf-on-tour.de\/m-16\/wp-content\/uploads\/sites\/2\/2016\/08\/P07-02-150x96.jpg 150w, https:\/\/bf-on-tour.de\/m-16\/wp-content\/uploads\/sites\/2\/2016\/08\/P07-02-300x192.jpg 300w, https:\/\/bf-on-tour.de\/m-16\/wp-content\/uploads\/sites\/2\/2016\/08\/P07-02-1024x654.jpg 1024w, https:\/\/bf-on-tour.de\/m-16\/wp-content\/uploads\/sites\/2\/2016\/08\/P07-02-1200x767.jpg 1200w\" sizes=\"auto, (max-width: 709px) 85vw, (max-width: 909px) 67vw, (max-width: 1362px) 62vw, 840px\" \/><\/a><figcaption id=\"caption-attachment-458\" class=\"wp-caption-text\">Ilfjordfjell<\/figcaption><\/figure>\n<p style=\"text-align: justify;\">Danach schlie\u00dft sich das Bj\u00f8rselvfjell an. Eine flache Hochebene, mit niedrigem Geb\u00fcsch und kleinen Birken. Auch hier begegnet uns kaum ein Fahrzeug, auch hier sind wir so gut wie allein. Allerdings fehlen die Kurven und es geht ziemlich geradeaus flott voran. Am Porsangen beginnt es wieder zu regnen. Deshalb machen wir kurz hinter Lakselv Schluss f\u00fcr diesen Tag: 380 km sind genug.<\/p>\n<figure id=\"attachment_459\" aria-describedby=\"caption-attachment-459\" style=\"width: 225px\" class=\"wp-caption alignleft\"><a href=\"http:\/\/bf-on-tour.de\/m-16\/wp-content\/uploads\/sites\/2\/2016\/08\/P07-03.jpg\" rel=\"lightbox[455]\"><img loading=\"lazy\" decoding=\"async\" class=\"wp-image-459 size-medium\" src=\"http:\/\/bf-on-tour.de\/m-16\/wp-content\/uploads\/sites\/2\/2016\/08\/P07-03-225x300.jpg\" alt=\"Am Nordkap\" width=\"225\" height=\"300\" srcset=\"https:\/\/bf-on-tour.de\/m-16\/wp-content\/uploads\/sites\/2\/2016\/08\/P07-03-225x300.jpg 225w, https:\/\/bf-on-tour.de\/m-16\/wp-content\/uploads\/sites\/2\/2016\/08\/P07-03-113x150.jpg 113w, https:\/\/bf-on-tour.de\/m-16\/wp-content\/uploads\/sites\/2\/2016\/08\/P07-03-768x1024.jpg 768w, https:\/\/bf-on-tour.de\/m-16\/wp-content\/uploads\/sites\/2\/2016\/08\/P07-03.jpg 900w\" sizes=\"auto, (max-width: 225px) 85vw, 225px\" \/><\/a><figcaption id=\"caption-attachment-459\" class=\"wp-caption-text\">Am Nordkap<\/figcaption><\/figure>\n<p style=\"text-align: justify;\">Am n\u00e4chsten Morgen ist das Wetter wieder besser und wir fahren z\u00fcgig hinauf zur Insel Mager\u00f8ja, zum Nordkap. 260 NOK zahlen wir f\u00fcr den wohl teuersten unbefestigten Parkplatz der Welt (pro Person, wohlgemerkt) und dann geht es bei bestem Wetter und 11 Grad in der Sonne zum dritten Mal im Leben &#8211; f\u00fcr jeden von uns &#8211; zur stilisierten Erdkugel, die hier den n\u00f6rdlichsten Punkt des Festlandes markiert (was nat\u00fcrlich nicht stimmt, denn die Landspitze gleich neben dem Nordkapfelsen liegt noch etwas n\u00f6rdlicher &#8211; aber das interessiert weder uns noch die \u00fcbrigen Touristen).<\/p>\n<figure id=\"attachment_460\" aria-describedby=\"caption-attachment-460\" style=\"width: 300px\" class=\"wp-caption alignright\"><a href=\"http:\/\/bf-on-tour.de\/m-16\/wp-content\/uploads\/sites\/2\/2016\/08\/P07-04.jpg\" rel=\"lightbox[455]\"><img loading=\"lazy\" decoding=\"async\" class=\"wp-image-460 size-medium\" src=\"http:\/\/bf-on-tour.de\/m-16\/wp-content\/uploads\/sites\/2\/2016\/08\/P07-04-300x225.jpg\" alt=\"Repv\u00e5g Hotel\" width=\"300\" height=\"225\" srcset=\"https:\/\/bf-on-tour.de\/m-16\/wp-content\/uploads\/sites\/2\/2016\/08\/P07-04-300x225.jpg 300w, https:\/\/bf-on-tour.de\/m-16\/wp-content\/uploads\/sites\/2\/2016\/08\/P07-04-150x113.jpg 150w, https:\/\/bf-on-tour.de\/m-16\/wp-content\/uploads\/sites\/2\/2016\/08\/P07-04-1024x768.jpg 1024w, https:\/\/bf-on-tour.de\/m-16\/wp-content\/uploads\/sites\/2\/2016\/08\/P07-04-1200x900.jpg 1200w, https:\/\/bf-on-tour.de\/m-16\/wp-content\/uploads\/sites\/2\/2016\/08\/P07-04.jpg 1600w\" sizes=\"auto, (max-width: 300px) 85vw, 300px\" \/><\/a><figcaption id=\"caption-attachment-460\" class=\"wp-caption-text\">Repv\u00e5g Hotel<\/figcaption><\/figure>\n<p style=\"text-align: justify;\">Abends bleiben wir in Repv\u00e5g, einem winzigen Fischerdorf mit 14 Einwohnern, etwa 80 km s\u00fcdlich vom Kap. Hier haben wir gestern noch schnell ein Hotelzimmer gebucht, um die letzte Strecke ohne Gep\u00e4ck fahren zu k\u00f6nnen. Und im Gegensatz zum Touri-Rummel im Norden, ist das hier Idylle pur! Das Hotel ist alt, die Rezeption niedrig und finster, vollgestellt mit allerlei zusammengew\u00fcrfelten Uraltm\u00f6beln und ausgemusterten Fischereiutensilien. Es rieht etwas streng &#8211; nach Fisch. Ein riesiger, f\u00fcr viele G\u00e4ste eingerichteter, aber g\u00e4hnend leerer Gastraum und eine Anzahl winziger Zimmerchen in Anbauten, die Rorbuern nicht un\u00e4hnlich sind. Wir g\u00f6nnen uns auf der Terrasse ein Bier; die Sonne scheint, Fischer filetieren ihren Fang und die Stille ist geradezu ohrenbet\u00e4ubend.<\/p>\n<figure id=\"attachment_461\" aria-describedby=\"caption-attachment-461\" style=\"width: 1600px\" class=\"wp-caption alignnone\"><a href=\"http:\/\/bf-on-tour.de\/m-16\/wp-content\/uploads\/sites\/2\/2016\/08\/P07-05.jpg\" rel=\"lightbox[455]\"><img loading=\"lazy\" decoding=\"async\" class=\"size-full wp-image-461\" src=\"http:\/\/bf-on-tour.de\/m-16\/wp-content\/uploads\/sites\/2\/2016\/08\/P07-05.jpg\" alt=\"Zimmer \u00e1 la Rorbuer\" width=\"1600\" height=\"1200\" srcset=\"https:\/\/bf-on-tour.de\/m-16\/wp-content\/uploads\/sites\/2\/2016\/08\/P07-05.jpg 1600w, https:\/\/bf-on-tour.de\/m-16\/wp-content\/uploads\/sites\/2\/2016\/08\/P07-05-150x113.jpg 150w, https:\/\/bf-on-tour.de\/m-16\/wp-content\/uploads\/sites\/2\/2016\/08\/P07-05-300x225.jpg 300w, https:\/\/bf-on-tour.de\/m-16\/wp-content\/uploads\/sites\/2\/2016\/08\/P07-05-1024x768.jpg 1024w, https:\/\/bf-on-tour.de\/m-16\/wp-content\/uploads\/sites\/2\/2016\/08\/P07-05-1200x900.jpg 1200w\" sizes=\"auto, (max-width: 709px) 85vw, (max-width: 909px) 67vw, (max-width: 1362px) 62vw, 840px\" \/><\/a><figcaption id=\"caption-attachment-461\" class=\"wp-caption-text\">Zimmer \u00e1 la Rorbuer<\/figcaption><\/figure>\n<p style=\"text-align: justify;\">Morgens: Sonne pur und heftiger, kalter Wind. Da muss dann doch mal das Winterfell in die Jacken gezogen werden. Gestern Abend, der gebratene Dorsch war exzellent und so frisch, dass es uns nicht wundern w\u00fcrde, wenn er am Nachmittag noch gelebt h\u00e4tte. Aber das Fr\u00fchst\u00fcck lassen wir dann doch lieber aus&#8230; Also los!<\/p>\n<figure id=\"attachment_462\" aria-describedby=\"caption-attachment-462\" style=\"width: 1600px\" class=\"wp-caption alignnone\"><a href=\"http:\/\/bf-on-tour.de\/m-16\/wp-content\/uploads\/sites\/2\/2016\/08\/P07-06.jpg\" rel=\"lightbox[455]\"><img loading=\"lazy\" decoding=\"async\" class=\"size-full wp-image-462\" src=\"http:\/\/bf-on-tour.de\/m-16\/wp-content\/uploads\/sites\/2\/2016\/08\/P07-06.jpg\" alt=\"Am Langfjord\" width=\"1600\" height=\"413\" srcset=\"https:\/\/bf-on-tour.de\/m-16\/wp-content\/uploads\/sites\/2\/2016\/08\/P07-06.jpg 1600w, https:\/\/bf-on-tour.de\/m-16\/wp-content\/uploads\/sites\/2\/2016\/08\/P07-06-150x39.jpg 150w, https:\/\/bf-on-tour.de\/m-16\/wp-content\/uploads\/sites\/2\/2016\/08\/P07-06-300x77.jpg 300w, https:\/\/bf-on-tour.de\/m-16\/wp-content\/uploads\/sites\/2\/2016\/08\/P07-06-1024x264.jpg 1024w, https:\/\/bf-on-tour.de\/m-16\/wp-content\/uploads\/sites\/2\/2016\/08\/P07-06-1200x310.jpg 1200w\" sizes=\"auto, (max-width: 709px) 85vw, (max-width: 909px) 67vw, (max-width: 1362px) 62vw, 840px\" \/><\/a><figcaption id=\"caption-attachment-462\" class=\"wp-caption-text\">Am Langfjord<\/figcaption><\/figure>\n<p style=\"text-align: justify;\">Bis Alta pr\u00e4gen immer noch die kahlen Felsen ohne gr\u00f6\u00dferen Bewuchs und die flachen Fjelle das Landschaftsbild &#8211; insbesondere das schier endlos erscheinende Sennalandet, auf dem so gut wie nichts Nennenswertes w\u00e4chst und es schonmal 10 km geradeaus geht. Hier ist Norwegen sehr amerikanisch, hier schl\u00e4ft die Gashand ein.<\/p>\n<figure id=\"attachment_463\" aria-describedby=\"caption-attachment-463\" style=\"width: 1600px\" class=\"wp-caption alignnone\"><a href=\"http:\/\/bf-on-tour.de\/m-16\/wp-content\/uploads\/sites\/2\/2016\/08\/P07-07.jpg\" rel=\"lightbox[455]\"><img loading=\"lazy\" decoding=\"async\" class=\"size-full wp-image-463\" src=\"http:\/\/bf-on-tour.de\/m-16\/wp-content\/uploads\/sites\/2\/2016\/08\/P07-07.jpg\" alt=\"S\u00fcdlich von Alta\" width=\"1600\" height=\"372\" srcset=\"https:\/\/bf-on-tour.de\/m-16\/wp-content\/uploads\/sites\/2\/2016\/08\/P07-07.jpg 1600w, https:\/\/bf-on-tour.de\/m-16\/wp-content\/uploads\/sites\/2\/2016\/08\/P07-07-150x35.jpg 150w, https:\/\/bf-on-tour.de\/m-16\/wp-content\/uploads\/sites\/2\/2016\/08\/P07-07-300x70.jpg 300w, https:\/\/bf-on-tour.de\/m-16\/wp-content\/uploads\/sites\/2\/2016\/08\/P07-07-1024x238.jpg 1024w, https:\/\/bf-on-tour.de\/m-16\/wp-content\/uploads\/sites\/2\/2016\/08\/P07-07-1200x279.jpg 1200w\" sizes=\"auto, (max-width: 709px) 85vw, (max-width: 909px) 67vw, (max-width: 1362px) 62vw, 840px\" \/><\/a><figcaption id=\"caption-attachment-463\" class=\"wp-caption-text\">S\u00fcdlich von Alta<\/figcaption><\/figure>\n<p style=\"text-align: justify;\">S\u00fcdlich von Alta sind wir dann mitten im Gebirge, n\u00e4mlich in dem f\u00fcr Norwegen so typischen, in dem die Stra\u00dfe immer am Fjord entlang verl\u00e4uft und daneben die Berge direkt einige hundert Meter hoch steil aufsteigen. Bis an den Straumfjord schaffen wir es, dann reicht es wieder einmal.<\/p>\n<p><a href=\"http:\/\/bf-on-tour.de\/m-16\/p-06\/\"><img loading=\"lazy\" decoding=\"async\" class=\"alignleft wp-image-573\" src=\"http:\/\/bf-on-tour.de\/m-16\/wp-content\/uploads\/sites\/2\/2017\/06\/zur\u00fcck.png\" alt=\"\" width=\"50\" height=\"37\" \/><\/a> <a href=\"http:\/\/bf-on-tour.de\/m-16\/p-08\/\"><img loading=\"lazy\" decoding=\"async\" class=\"alignright wp-image-572\" src=\"http:\/\/bf-on-tour.de\/m-16\/wp-content\/uploads\/sites\/2\/2017\/06\/weiter.png\" alt=\"\" width=\"50\" height=\"37\" \/><\/a><\/p>\n","protected":false},"excerpt":{"rendered":"<p>Nachdem wir uns am Ende der Welt umgeschaut haben, soll es nun endlich zum Nordkap gehen. Kirkenes ist keine lebhafte Stadt, genauer gesagt: hier ist gar nichts los. Die Landschaft bis zum Porsangen &#8211; \u00fcber die E6 und ab Tana Bru \u00fcber die 98 gefahren &#8211; entsch\u00e4digt daf\u00fcr im \u00dcberma\u00df! War ich 2011 in Portugal &hellip; <a href=\"https:\/\/bf-on-tour.de\/m-16\/p-07\/\" class=\"more-link\"><span class=\"screen-reader-text\">\u201eZum Nordkap und weiter\u201c <\/span>weiterlesen<\/a><\/p>\n","protected":false},"author":1,"featured_media":0,"parent":0,"menu_order":7,"comment_status":"open","ping_status":"closed","template":"","meta":{"footnotes":""},"class_list":["post-455","page","type-page","status-publish","hentry"],"_links":{"self":[{"href":"https:\/\/bf-on-tour.de\/m-16\/wp-json\/wp\/v2\/pages\/455","targetHints":{"allow":["GET"]}}],"collection":[{"href":"https:\/\/bf-on-tour.de\/m-16\/wp-json\/wp\/v2\/pages"}],"about":[{"href":"https:\/\/bf-on-tour.de\/m-16\/wp-json\/wp\/v2\/types\/page"}],"author":[{"embeddable":true,"href":"https:\/\/bf-on-tour.de\/m-16\/wp-json\/wp\/v2\/users\/1"}],"replies":[{"embeddable":true,"href":"https:\/\/bf-on-tour.de\/m-16\/wp-json\/wp\/v2\/comments?post=455"}],"version-history":[{"count":11,"href":"https:\/\/bf-on-tour.de\/m-16\/wp-json\/wp\/v2\/pages\/455\/revisions"}],"predecessor-version":[{"id":661,"href":"https:\/\/bf-on-tour.de\/m-16\/wp-json\/wp\/v2\/pages\/455\/revisions\/661"}],"wp:attachment":[{"href":"https:\/\/bf-on-tour.de\/m-16\/wp-json\/wp\/v2\/media?parent=455"}],"curies":[{"name":"wp","href":"https:\/\/api.w.org\/{rel}","templated":true}]}}