{"id":446,"date":"2016-08-13T12:02:51","date_gmt":"2016-08-13T10:02:51","guid":{"rendered":"http:\/\/blog.family-riders.de\/norway\/?page_id=446"},"modified":"2021-02-26T17:44:36","modified_gmt":"2021-02-26T16:44:36","slug":"p-06","status":"publish","type":"page","link":"https:\/\/bf-on-tour.de\/m-16\/p-06\/","title":{"rendered":"Kirkenes &#8211; die Zeit ist wieder da"},"content":{"rendered":"<p style=\"text-align: justify;\">Sonntag 7:00 Uhr: Fr\u00fchst\u00fcck. Die Zeit ist zur\u00fcck gekehrt; um 8:00 Uhr m\u00fcssen die Kabinen ger\u00e4umt sein. Jetzt geht es also endlich mit den Maschinen weiter. Lang genug haben sie sich auf dem Autodeck gelangweilt, denn Party war nicht. Wir hatten die Bordkarten, mit denen die beiden sich Leckeres h\u00e4tten kommen lassen k\u00f6nnen, stets am Mann.<\/p>\n<figure id=\"attachment_449\" aria-describedby=\"caption-attachment-449\" style=\"width: 1600px\" class=\"wp-caption alignnone\"><a href=\"https:\/\/bf-on-tour.de\/m-16\/wp-content\/uploads\/sites\/2\/2016\/08\/P06-01.jpg\" rel=\"lightbox[446]\"><img loading=\"lazy\" decoding=\"async\" class=\"size-full wp-image-449\" src=\"https:\/\/bf-on-tour.de\/m-16\/wp-content\/uploads\/sites\/2\/2016\/08\/P06-01.jpg\" alt=\"Endstation Kirkenes\" width=\"1600\" height=\"1200\" srcset=\"https:\/\/bf-on-tour.de\/m-16\/wp-content\/uploads\/sites\/2\/2016\/08\/P06-01.jpg 1600w, https:\/\/bf-on-tour.de\/m-16\/wp-content\/uploads\/sites\/2\/2016\/08\/P06-01-150x113.jpg 150w, https:\/\/bf-on-tour.de\/m-16\/wp-content\/uploads\/sites\/2\/2016\/08\/P06-01-300x225.jpg 300w, https:\/\/bf-on-tour.de\/m-16\/wp-content\/uploads\/sites\/2\/2016\/08\/P06-01-1024x768.jpg 1024w, https:\/\/bf-on-tour.de\/m-16\/wp-content\/uploads\/sites\/2\/2016\/08\/P06-01-1200x900.jpg 1200w\" sizes=\"auto, (max-width: 709px) 85vw, (max-width: 909px) 67vw, (max-width: 1362px) 62vw, 840px\" \/><\/a><figcaption id=\"caption-attachment-449\" class=\"wp-caption-text\">Endstation Kirkenes<\/figcaption><\/figure>\n<p style=\"text-align: justify;\">Das Gep\u00e4ck wird kurz aufger\u00f6delt, dann im Hotel wieder abgeladen und jetzt geht&#8217;s ab zum Ende der (politisch gesehen) westlichen Welt. Nach Jakobselv, dorthin, wo die norwegisch-russische Grenze an die Barentssee st\u00f6\u00dft. Weiter nach Nordosten k\u00f6nnen wir hier nicht kommen.<\/p>\n<figure id=\"attachment_450\" aria-describedby=\"caption-attachment-450\" style=\"width: 300px\" class=\"wp-caption alignright\"><a href=\"https:\/\/bf-on-tour.de\/m-16\/wp-content\/uploads\/sites\/2\/2016\/08\/P06-02.jpg\" rel=\"lightbox[446]\"><img loading=\"lazy\" decoding=\"async\" class=\"wp-image-450 size-medium\" src=\"https:\/\/bf-on-tour.de\/m-16\/wp-content\/uploads\/sites\/2\/2016\/08\/P06-02-300x225.jpg\" alt=\"Grenz\u00fcbergang Storskog\" width=\"300\" height=\"225\" srcset=\"https:\/\/bf-on-tour.de\/m-16\/wp-content\/uploads\/sites\/2\/2016\/08\/P06-02-300x225.jpg 300w, https:\/\/bf-on-tour.de\/m-16\/wp-content\/uploads\/sites\/2\/2016\/08\/P06-02-150x113.jpg 150w, https:\/\/bf-on-tour.de\/m-16\/wp-content\/uploads\/sites\/2\/2016\/08\/P06-02-1024x768.jpg 1024w, https:\/\/bf-on-tour.de\/m-16\/wp-content\/uploads\/sites\/2\/2016\/08\/P06-02-1200x900.jpg 1200w, https:\/\/bf-on-tour.de\/m-16\/wp-content\/uploads\/sites\/2\/2016\/08\/P06-02.jpg 1600w\" sizes=\"auto, (max-width: 300px) 85vw, 300px\" \/><\/a><figcaption id=\"caption-attachment-450\" class=\"wp-caption-text\">Grenz\u00fcbergang Storskog<\/figcaption><\/figure>\n<p style=\"text-align: justify;\">Zun\u00e4chst fahren wir tats\u00e4chlich zur russischen Grenze, n\u00e4mlich zum Grenz\u00fcbergang Storskog. Wie zu erwarten, ist hier kaum Verkehr. Lediglich der Ausflugsbus von der Hurtigruten (&#8222;Fahrt zur russischen Grenze&#8220;) ist da und die Quadfahrer vom Alternativausflug (&#8222;Mit dem Quad zur russischen Grenze&#8220;) kommen gerade an. Wir kaufen im Kiosk eine Ansichtskarte f\u00fcr unsere M\u00fctter, halten ein Schw\u00e4tzchen mit dem Kioskbetreiber &#8211; der zu unserem Erstaunen sehr gut deutsch spricht &#8211; \u00a0und fliehen auf die 886 nach Jakobselv.<\/p>\n<figure id=\"attachment_451\" aria-describedby=\"caption-attachment-451\" style=\"width: 1600px\" class=\"wp-caption alignnone\"><a href=\"https:\/\/bf-on-tour.de\/m-16\/wp-content\/uploads\/sites\/2\/2016\/08\/P06-03.jpg\" rel=\"lightbox[446]\"><img loading=\"lazy\" decoding=\"async\" class=\"size-full wp-image-451\" src=\"https:\/\/bf-on-tour.de\/m-16\/wp-content\/uploads\/sites\/2\/2016\/08\/P06-03.jpg\" alt=\"Norges eldste fjell\" width=\"1600\" height=\"1057\" srcset=\"https:\/\/bf-on-tour.de\/m-16\/wp-content\/uploads\/sites\/2\/2016\/08\/P06-03.jpg 1600w, https:\/\/bf-on-tour.de\/m-16\/wp-content\/uploads\/sites\/2\/2016\/08\/P06-03-150x99.jpg 150w, https:\/\/bf-on-tour.de\/m-16\/wp-content\/uploads\/sites\/2\/2016\/08\/P06-03-300x198.jpg 300w, https:\/\/bf-on-tour.de\/m-16\/wp-content\/uploads\/sites\/2\/2016\/08\/P06-03-1024x676.jpg 1024w, https:\/\/bf-on-tour.de\/m-16\/wp-content\/uploads\/sites\/2\/2016\/08\/P06-03-1200x793.jpg 1200w\" sizes=\"auto, (max-width: 709px) 85vw, (max-width: 909px) 67vw, (max-width: 1362px) 62vw, 840px\" \/><\/a><figcaption id=\"caption-attachment-451\" class=\"wp-caption-text\">Norges eldste fjell<\/figcaption><\/figure>\n<p style=\"text-align: justify;\">Die Landschaft ist faszinierend, genau so, wie wir es uns erhofft hatten. Einsam, nur ab und an ein Ferienhaus und ganz selten ein Ort &#8211; maximal f\u00fcnf H\u00e4user. Daf\u00fcr gro\u00dfartige Ausblicke \u00fcber Felsen, Fjorde und Fjelle. Nur die Stra\u00dfe selbst ist eine Katastrophe. Bodenwellen, L\u00e4ngs- und Querwellen, Risse und Flicken. Zum Teil auch koffergro\u00dfe Steine im Asphalt, die dann einfach rot angemalt sind, damit man nicht dr\u00fcber f\u00e4hrt.<\/p>\n<p style=\"text-align: justify;\">Nach 30 km ist der Asphalt ganz zu Ende. Weiter geht es die letzten 10 km \u00fcber eine wassergebundene Oberfl\u00e4che, die allerdings auch mit Schottersteinen und Schlagl\u00f6chern \u00fcbers\u00e4t ist, so dass 30 km\/h schon eine Herausforderung f\u00fcr unsere Nicht-Enduro-Maschinen darstellen.<\/p>\n<figure id=\"attachment_452\" aria-describedby=\"caption-attachment-452\" style=\"width: 1600px\" class=\"wp-caption alignnone\"><a href=\"https:\/\/bf-on-tour.de\/m-16\/wp-content\/uploads\/sites\/2\/2016\/08\/P06-04.jpg\" rel=\"lightbox[446]\"><img loading=\"lazy\" decoding=\"async\" class=\"size-full wp-image-452\" src=\"https:\/\/bf-on-tour.de\/m-16\/wp-content\/uploads\/sites\/2\/2016\/08\/P06-04.jpg\" alt=\"Grense Jakobselv\" width=\"1600\" height=\"793\" srcset=\"https:\/\/bf-on-tour.de\/m-16\/wp-content\/uploads\/sites\/2\/2016\/08\/P06-04.jpg 1600w, https:\/\/bf-on-tour.de\/m-16\/wp-content\/uploads\/sites\/2\/2016\/08\/P06-04-150x74.jpg 150w, https:\/\/bf-on-tour.de\/m-16\/wp-content\/uploads\/sites\/2\/2016\/08\/P06-04-300x149.jpg 300w, https:\/\/bf-on-tour.de\/m-16\/wp-content\/uploads\/sites\/2\/2016\/08\/P06-04-1024x508.jpg 1024w, https:\/\/bf-on-tour.de\/m-16\/wp-content\/uploads\/sites\/2\/2016\/08\/P06-04-1200x595.jpg 1200w\" sizes=\"auto, (max-width: 709px) 85vw, (max-width: 909px) 67vw, (max-width: 1362px) 62vw, 840px\" \/><\/a><figcaption id=\"caption-attachment-452\" class=\"wp-caption-text\">Grense Jakobselv<\/figcaption><\/figure>\n<p style=\"text-align: justify;\">Unterwegs treffen wir auf zwei Soldaten, die sich am Wegesrand einen Posten eingerichtet haben. Direkt am Grenzfluss, den man hier bequem zu Fu\u00df passieren k\u00f6nnte &#8211; aber eben wohl nicht soll &#8211; sitzen sie und winken uns zu. Ein kleines Lagerfeuer brennt und ihre Schlafs\u00e4cke haben sie im Geb\u00fcsch ausgelegt. Sieht ganz gem\u00fctlich aus &#8211; wenn man daran vorbei f\u00e4hrt&#8230;<\/p>\n<p style=\"text-align: justify;\">Dann sind wir da. Die Stra\u00dfe ist zu Ende. Alles ganz unspektakul\u00e4r. Ein paar Wohnmobile stehen herum, einige Leute angeln, andere baden oder liegen einfach am Strand. Ja, tats\u00e4chlich, hier zwischen den Felsen gibt es kleine Buchten mit wei\u00dfem Strand.<\/p>\n<figure id=\"attachment_453\" aria-describedby=\"caption-attachment-453\" style=\"width: 1600px\" class=\"wp-caption alignnone\"><a href=\"https:\/\/bf-on-tour.de\/m-16\/wp-content\/uploads\/sites\/2\/2016\/08\/P06-05.jpg\" rel=\"lightbox[446]\"><img loading=\"lazy\" decoding=\"async\" class=\"size-full wp-image-453\" src=\"https:\/\/bf-on-tour.de\/m-16\/wp-content\/uploads\/sites\/2\/2016\/08\/P06-05.jpg\" alt=\"Strand am Ende der Welt\" width=\"1600\" height=\"1200\" srcset=\"https:\/\/bf-on-tour.de\/m-16\/wp-content\/uploads\/sites\/2\/2016\/08\/P06-05.jpg 1600w, https:\/\/bf-on-tour.de\/m-16\/wp-content\/uploads\/sites\/2\/2016\/08\/P06-05-150x113.jpg 150w, https:\/\/bf-on-tour.de\/m-16\/wp-content\/uploads\/sites\/2\/2016\/08\/P06-05-300x225.jpg 300w, https:\/\/bf-on-tour.de\/m-16\/wp-content\/uploads\/sites\/2\/2016\/08\/P06-05-1024x768.jpg 1024w, https:\/\/bf-on-tour.de\/m-16\/wp-content\/uploads\/sites\/2\/2016\/08\/P06-05-1200x900.jpg 1200w\" sizes=\"auto, (max-width: 709px) 85vw, (max-width: 909px) 67vw, (max-width: 1362px) 62vw, 840px\" \/><\/a><figcaption id=\"caption-attachment-453\" class=\"wp-caption-text\">Strand am Ende der Welt<\/figcaption><\/figure>\n<p style=\"text-align: justify;\">Wir besuchen noch die Kapelle von K\u00f6nig Oskar dem Zweiten, die hier einsam auf einem H\u00fcgel steht und von der man nach Russland hin\u00fcber schauen kann. Dann fahren dann wieder zur\u00fcck. Wieder durch die Holperpiste, wieder an den Soldaten vorbei, wieder die 886. Eine Alternative gibt es nicht.<\/p>\n<p><a href=\"https:\/\/bf-on-tour.de\/m-16\/p-05\/\"><img loading=\"lazy\" decoding=\"async\" class=\"alignleft wp-image-573\" src=\"https:\/\/bf-on-tour.de\/m-16\/wp-content\/uploads\/sites\/2\/2017\/06\/zur\u00fcck.png\" alt=\"\" width=\"50\" height=\"37\" \/><\/a> <a href=\"https:\/\/bf-on-tour.de\/m-16\/p-07\/\"><img loading=\"lazy\" decoding=\"async\" class=\"alignright wp-image-572\" src=\"https:\/\/bf-on-tour.de\/m-16\/wp-content\/uploads\/sites\/2\/2017\/06\/weiter.png\" alt=\"\" width=\"50\" height=\"37\" \/><\/a><\/p>\n","protected":false},"excerpt":{"rendered":"<p>Sonntag 7:00 Uhr: Fr\u00fchst\u00fcck. Die Zeit ist zur\u00fcck gekehrt; um 8:00 Uhr m\u00fcssen die Kabinen ger\u00e4umt sein. Jetzt geht es also endlich mit den Maschinen weiter. Lang genug haben sie sich auf dem Autodeck gelangweilt, denn Party war nicht. Wir hatten die Bordkarten, mit denen die beiden sich Leckeres h\u00e4tten kommen lassen k\u00f6nnen, stets am &hellip; <a href=\"https:\/\/bf-on-tour.de\/m-16\/p-06\/\" class=\"more-link\"><span class=\"screen-reader-text\">\u201eKirkenes &#8211; die Zeit ist wieder da\u201c <\/span>weiterlesen<\/a><\/p>\n","protected":false},"author":1,"featured_media":0,"parent":0,"menu_order":6,"comment_status":"open","ping_status":"closed","template":"","meta":{"footnotes":""},"class_list":["post-446","page","type-page","status-publish","hentry"],"_links":{"self":[{"href":"https:\/\/bf-on-tour.de\/m-16\/wp-json\/wp\/v2\/pages\/446","targetHints":{"allow":["GET"]}}],"collection":[{"href":"https:\/\/bf-on-tour.de\/m-16\/wp-json\/wp\/v2\/pages"}],"about":[{"href":"https:\/\/bf-on-tour.de\/m-16\/wp-json\/wp\/v2\/types\/page"}],"author":[{"embeddable":true,"href":"https:\/\/bf-on-tour.de\/m-16\/wp-json\/wp\/v2\/users\/1"}],"replies":[{"embeddable":true,"href":"https:\/\/bf-on-tour.de\/m-16\/wp-json\/wp\/v2\/comments?post=446"}],"version-history":[{"count":8,"href":"https:\/\/bf-on-tour.de\/m-16\/wp-json\/wp\/v2\/pages\/446\/revisions"}],"predecessor-version":[{"id":660,"href":"https:\/\/bf-on-tour.de\/m-16\/wp-json\/wp\/v2\/pages\/446\/revisions\/660"}],"wp:attachment":[{"href":"https:\/\/bf-on-tour.de\/m-16\/wp-json\/wp\/v2\/media?parent=446"}],"curies":[{"name":"wp","href":"https:\/\/api.w.org\/{rel}","templated":true}]}}