{"id":439,"date":"2016-08-13T12:02:51","date_gmt":"2016-08-13T10:02:51","guid":{"rendered":"http:\/\/blog.family-riders.de\/norway\/?page_id=439"},"modified":"2021-02-26T17:44:15","modified_gmt":"2021-02-26T16:44:15","slug":"p-05","status":"publish","type":"page","link":"https:\/\/bf-on-tour.de\/m-16\/p-05\/","title":{"rendered":"Zeit? &#8212; Was ist Zeit?"},"content":{"rendered":"<figure id=\"attachment_441\" aria-describedby=\"caption-attachment-441\" style=\"width: 1600px\" class=\"wp-caption alignnone\"><a href=\"https:\/\/bf-on-tour.de\/m-16\/wp-content\/uploads\/sites\/2\/2016\/08\/P05-01.jpg\" rel=\"lightbox[439]\"><img loading=\"lazy\" decoding=\"async\" class=\"size-full wp-image-441\" src=\"https:\/\/bf-on-tour.de\/m-16\/wp-content\/uploads\/sites\/2\/2016\/08\/P05-01.jpg\" alt=\"Mitternachtssonne\" width=\"1600\" height=\"1200\" srcset=\"https:\/\/bf-on-tour.de\/m-16\/wp-content\/uploads\/sites\/2\/2016\/08\/P05-01.jpg 1600w, https:\/\/bf-on-tour.de\/m-16\/wp-content\/uploads\/sites\/2\/2016\/08\/P05-01-150x113.jpg 150w, https:\/\/bf-on-tour.de\/m-16\/wp-content\/uploads\/sites\/2\/2016\/08\/P05-01-300x225.jpg 300w, https:\/\/bf-on-tour.de\/m-16\/wp-content\/uploads\/sites\/2\/2016\/08\/P05-01-1024x768.jpg 1024w, https:\/\/bf-on-tour.de\/m-16\/wp-content\/uploads\/sites\/2\/2016\/08\/P05-01-1200x900.jpg 1200w\" sizes=\"auto, (max-width: 709px) 85vw, (max-width: 909px) 67vw, (max-width: 1362px) 62vw, 840px\" \/><\/a><figcaption id=\"caption-attachment-441\" class=\"wp-caption-text\">Mitternachtssonne<\/figcaption><\/figure>\n<p style=\"text-align: justify;\">Gestern war gestern heute und heute ist morgen gestern &#8211; uns ist die Zeit abhanden gekommen. Die totale Entschleunigug und das fortw\u00e4hrend gleiche Ritual von An- und Ablegen, Essen, Lesen, Schlafen und\/oder die Landschaft anschauen hat das Zeitgef\u00fchl einfach getilgt.\u00a0Freitag waren wir in Troms\u00f8 und danach in Honningsvag &#8211; aber ist heute noch Freitag oder doch schon Sonnabend?<\/p>\n<figure id=\"attachment_442\" aria-describedby=\"caption-attachment-442\" style=\"width: 1600px\" class=\"wp-caption alignnone\"><a href=\"https:\/\/bf-on-tour.de\/m-16\/wp-content\/uploads\/sites\/2\/2016\/08\/P05-02.jpg\" rel=\"lightbox[439]\"><img loading=\"lazy\" decoding=\"async\" class=\"size-full wp-image-442\" src=\"https:\/\/bf-on-tour.de\/m-16\/wp-content\/uploads\/sites\/2\/2016\/08\/P05-02.jpg\" alt=\"Troms\u00f8\" width=\"1600\" height=\"1200\" srcset=\"https:\/\/bf-on-tour.de\/m-16\/wp-content\/uploads\/sites\/2\/2016\/08\/P05-02.jpg 1600w, https:\/\/bf-on-tour.de\/m-16\/wp-content\/uploads\/sites\/2\/2016\/08\/P05-02-150x113.jpg 150w, https:\/\/bf-on-tour.de\/m-16\/wp-content\/uploads\/sites\/2\/2016\/08\/P05-02-300x225.jpg 300w, https:\/\/bf-on-tour.de\/m-16\/wp-content\/uploads\/sites\/2\/2016\/08\/P05-02-1024x768.jpg 1024w, https:\/\/bf-on-tour.de\/m-16\/wp-content\/uploads\/sites\/2\/2016\/08\/P05-02-1200x900.jpg 1200w\" sizes=\"auto, (max-width: 709px) 85vw, (max-width: 909px) 67vw, (max-width: 1362px) 62vw, 840px\" \/><\/a><figcaption id=\"caption-attachment-442\" class=\"wp-caption-text\">Troms\u00f8<\/figcaption><\/figure>\n<p style=\"text-align: justify;\">Egal, reden wir von Troms\u00f8: Auf diese Stadt hatten wir uns sehr gefreut. Vor f\u00fcnf Jahren, bei unserem ersten Besuch, war es eine lebendige Stadt mit Caf\u00e9s, netten Gesch\u00e4ften und vielen jungen Leuten. Heute? Deutlich weniger Caf\u00e9s, einige L\u00e4den stehen leer, andere sind nur m\u00e4\u00dfig besucht, in den Stra\u00dfen weniger Betrieb als erwartet (ausgenommen nat\u00fcrlich die Touristen-Rennbahnen). Schade, aber vielleicht war es auch nur zu kalt. Nach 2 \u00bd Stunden verziehen wir uns wieder in unser zeitloses Refugium namens Trollfjord.<\/p>\n<figure id=\"attachment_443\" aria-describedby=\"caption-attachment-443\" style=\"width: 1602px\" class=\"wp-caption alignnone\"><a href=\"https:\/\/bf-on-tour.de\/m-16\/wp-content\/uploads\/sites\/2\/2016\/08\/P05-03.jpg\" rel=\"lightbox[439]\"><img loading=\"lazy\" decoding=\"async\" class=\"size-full wp-image-443\" src=\"https:\/\/bf-on-tour.de\/m-16\/wp-content\/uploads\/sites\/2\/2016\/08\/P05-03.jpg\" alt=\"Ankunft in Honningsvag\" width=\"1602\" height=\"1070\" srcset=\"https:\/\/bf-on-tour.de\/m-16\/wp-content\/uploads\/sites\/2\/2016\/08\/P05-03.jpg 1602w, https:\/\/bf-on-tour.de\/m-16\/wp-content\/uploads\/sites\/2\/2016\/08\/P05-03-150x100.jpg 150w, https:\/\/bf-on-tour.de\/m-16\/wp-content\/uploads\/sites\/2\/2016\/08\/P05-03-300x200.jpg 300w, https:\/\/bf-on-tour.de\/m-16\/wp-content\/uploads\/sites\/2\/2016\/08\/P05-03-1024x684.jpg 1024w, https:\/\/bf-on-tour.de\/m-16\/wp-content\/uploads\/sites\/2\/2016\/08\/P05-03-1200x801.jpg 1200w\" sizes=\"auto, (max-width: 709px) 85vw, (max-width: 909px) 67vw, (max-width: 1362px) 62vw, 840px\" \/><\/a><figcaption id=\"caption-attachment-443\" class=\"wp-caption-text\">Ankunft in Honningsvag<\/figcaption><\/figure>\n<p style=\"text-align: justify;\">Heute dann Honningsvag und das Nordkap. Heute? Na ja, ich glaube, es war Sonnabend (unwichtig, was heute f\u00fcr ein Tag ist). Das Schiff ist fast leer. Beinahe alle Passagiere fahren mit Bussen zum Nordkap, einige gehen auf Vogelsafari und wir waschen unsere W\u00e4sche f\u00fcr die n\u00e4chsten 10 bis 12 Tage. Schlie\u00dflich wollen wir mit den Maschinen zum Nordkap und nicht mit dem Bus. Danach wandern wir einfach mal durch diese kleine sonnige Stadt, die sich auf ihrem Ortsschild &#8222;Norwegens Sommerstadt&#8220; nennt. (Ziemlich verwegen f\u00fcr einen Ort, an dem es mehrere Monate im Jahr gar nicht hell wird&#8230;)<\/p>\n<figure id=\"attachment_444\" aria-describedby=\"caption-attachment-444\" style=\"width: 1600px\" class=\"wp-caption alignnone\"><a href=\"https:\/\/bf-on-tour.de\/m-16\/wp-content\/uploads\/sites\/2\/2016\/08\/P05-04.jpg\" rel=\"lightbox[439]\"><img loading=\"lazy\" decoding=\"async\" class=\"size-full wp-image-444\" src=\"https:\/\/bf-on-tour.de\/m-16\/wp-content\/uploads\/sites\/2\/2016\/08\/P05-04.jpg\" alt=\"Hafen Honningsvag\" width=\"1600\" height=\"1200\" srcset=\"https:\/\/bf-on-tour.de\/m-16\/wp-content\/uploads\/sites\/2\/2016\/08\/P05-04.jpg 1600w, https:\/\/bf-on-tour.de\/m-16\/wp-content\/uploads\/sites\/2\/2016\/08\/P05-04-150x113.jpg 150w, https:\/\/bf-on-tour.de\/m-16\/wp-content\/uploads\/sites\/2\/2016\/08\/P05-04-300x225.jpg 300w, https:\/\/bf-on-tour.de\/m-16\/wp-content\/uploads\/sites\/2\/2016\/08\/P05-04-1024x768.jpg 1024w, https:\/\/bf-on-tour.de\/m-16\/wp-content\/uploads\/sites\/2\/2016\/08\/P05-04-1200x900.jpg 1200w\" sizes=\"auto, (max-width: 709px) 85vw, (max-width: 909px) 67vw, (max-width: 1362px) 62vw, 840px\" \/><\/a><figcaption id=\"caption-attachment-444\" class=\"wp-caption-text\">Hafen Honningsvag<\/figcaption><\/figure>\n<p style=\"text-align: justify;\">Viel los ist hier nicht und w\u00e4hrend des Ablegens sehen wir, wie der Caf\u00e9betreiber seine Werbefahne einholt, den Aufsteller mit dem Kuchenangebot zuklappt und seinen Laden schlie\u00dft. Bei der Touristeninformation und den Souvenirl\u00e4den wird es wohl in wenigen Minuten nicht anders sein, denn heute liegen hier keine Kreuzfahrer &#8211; die Trollfjord war das einzige fremde Schiff im Hafen. Wenn das weg ist, kommt kein Kunde mehr.<\/p>\n<p><a href=\"https:\/\/bf-on-tour.de\/m-16\/p-04\/\"><img loading=\"lazy\" decoding=\"async\" class=\"alignleft wp-image-573\" src=\"https:\/\/bf-on-tour.de\/m-16\/wp-content\/uploads\/sites\/2\/2017\/06\/zur\u00fcck.png\" alt=\"\" width=\"50\" height=\"37\" \/><\/a> <a href=\"https:\/\/bf-on-tour.de\/m-16\/p-06\/\"><img loading=\"lazy\" decoding=\"async\" class=\"alignright wp-image-572\" src=\"https:\/\/bf-on-tour.de\/m-16\/wp-content\/uploads\/sites\/2\/2017\/06\/weiter.png\" alt=\"\" width=\"50\" height=\"37\" \/><\/a><\/p>\n","protected":false},"excerpt":{"rendered":"<p>Gestern war gestern heute und heute ist morgen gestern &#8211; uns ist die Zeit abhanden gekommen. Die totale Entschleunigug und das fortw\u00e4hrend gleiche Ritual von An- und Ablegen, Essen, Lesen, Schlafen und\/oder die Landschaft anschauen hat das Zeitgef\u00fchl einfach getilgt.\u00a0Freitag waren wir in Troms\u00f8 und danach in Honningsvag &#8211; aber ist heute noch Freitag oder &hellip; <a href=\"https:\/\/bf-on-tour.de\/m-16\/p-05\/\" class=\"more-link\"><span class=\"screen-reader-text\">\u201eZeit? &#8212; Was ist Zeit?\u201c <\/span>weiterlesen<\/a><\/p>\n","protected":false},"author":1,"featured_media":0,"parent":0,"menu_order":5,"comment_status":"open","ping_status":"closed","template":"","meta":{"footnotes":""},"class_list":["post-439","page","type-page","status-publish","hentry"],"_links":{"self":[{"href":"https:\/\/bf-on-tour.de\/m-16\/wp-json\/wp\/v2\/pages\/439","targetHints":{"allow":["GET"]}}],"collection":[{"href":"https:\/\/bf-on-tour.de\/m-16\/wp-json\/wp\/v2\/pages"}],"about":[{"href":"https:\/\/bf-on-tour.de\/m-16\/wp-json\/wp\/v2\/types\/page"}],"author":[{"embeddable":true,"href":"https:\/\/bf-on-tour.de\/m-16\/wp-json\/wp\/v2\/users\/1"}],"replies":[{"embeddable":true,"href":"https:\/\/bf-on-tour.de\/m-16\/wp-json\/wp\/v2\/comments?post=439"}],"version-history":[{"count":8,"href":"https:\/\/bf-on-tour.de\/m-16\/wp-json\/wp\/v2\/pages\/439\/revisions"}],"predecessor-version":[{"id":659,"href":"https:\/\/bf-on-tour.de\/m-16\/wp-json\/wp\/v2\/pages\/439\/revisions\/659"}],"wp:attachment":[{"href":"https:\/\/bf-on-tour.de\/m-16\/wp-json\/wp\/v2\/media?parent=439"}],"curies":[{"name":"wp","href":"https:\/\/api.w.org\/{rel}","templated":true}]}}