{"id":428,"date":"2016-08-13T12:02:51","date_gmt":"2016-08-13T10:02:51","guid":{"rendered":"http:\/\/blog.family-riders.de\/norway\/?page_id=428"},"modified":"2021-02-26T17:44:00","modified_gmt":"2021-02-26T16:44:00","slug":"p-04","status":"publish","type":"page","link":"https:\/\/bf-on-tour.de\/m-16\/p-04\/","title":{"rendered":"Der Polarkreis liegt hinter uns"},"content":{"rendered":"<figure id=\"attachment_430\" aria-describedby=\"caption-attachment-430\" style=\"width: 1600px\" class=\"wp-caption alignnone\"><a href=\"https:\/\/bf-on-tour.de\/m-16\/wp-content\/uploads\/sites\/2\/2016\/08\/P04-01.jpg\" rel=\"lightbox[428]\"><img loading=\"lazy\" decoding=\"async\" class=\"size-full wp-image-430\" src=\"https:\/\/bf-on-tour.de\/m-16\/wp-content\/uploads\/sites\/2\/2016\/08\/P04-01.jpg\" alt=\"Zwischen den Inseln\" width=\"1600\" height=\"1200\" srcset=\"https:\/\/bf-on-tour.de\/m-16\/wp-content\/uploads\/sites\/2\/2016\/08\/P04-01.jpg 1600w, https:\/\/bf-on-tour.de\/m-16\/wp-content\/uploads\/sites\/2\/2016\/08\/P04-01-150x113.jpg 150w, https:\/\/bf-on-tour.de\/m-16\/wp-content\/uploads\/sites\/2\/2016\/08\/P04-01-300x225.jpg 300w, https:\/\/bf-on-tour.de\/m-16\/wp-content\/uploads\/sites\/2\/2016\/08\/P04-01-1024x768.jpg 1024w, https:\/\/bf-on-tour.de\/m-16\/wp-content\/uploads\/sites\/2\/2016\/08\/P04-01-1200x900.jpg 1200w\" sizes=\"auto, (max-width: 709px) 85vw, (max-width: 909px) 67vw, (max-width: 1362px) 62vw, 840px\" \/><\/a><figcaption id=\"caption-attachment-430\" class=\"wp-caption-text\">Zwischen den Inseln<\/figcaption><\/figure>\n<p style=\"text-align: justify;\">Donnerstag: Morgens gegen 7:20 Uhr \u00fcberqueren wir den Polarkreis. Die meisten Mitreisenden zieht es an Deck, um den nicht sichtbaren \u00dcbergang mit anzusehen. Wir bleiben im Bett. Schlie\u00dflich haben wir beide bereits mehrmals das Procedere hinter uns &#8211; nord- und s\u00fcdgehend &#8211; und der vom Kapit\u00e4n zum Anlass angebotene Sekt lockt uns auch nicht (nicht um diese Zeit und erst recht nicht zum aufgerufenen Preis). Aber oh Wunder, als wir zum Fr\u00fchst\u00fcck gehen, scheint die Sonne. Das erste Mal in Norwegen &#8211; na ja, f\u00fcr uns das erste Mal&#8230;<\/p>\n<figure id=\"attachment_431\" aria-describedby=\"caption-attachment-431\" style=\"width: 300px\" class=\"wp-caption alignleft\"><a href=\"https:\/\/bf-on-tour.de\/m-16\/wp-content\/uploads\/sites\/2\/2016\/08\/P04-02.jpg\" rel=\"lightbox[428]\"><img loading=\"lazy\" decoding=\"async\" class=\"wp-image-431 size-medium\" src=\"https:\/\/bf-on-tour.de\/m-16\/wp-content\/uploads\/sites\/2\/2016\/08\/P04-02-300x225.jpg\" alt=\"Bod\u00f8 Zentrum\" width=\"300\" height=\"225\" srcset=\"https:\/\/bf-on-tour.de\/m-16\/wp-content\/uploads\/sites\/2\/2016\/08\/P04-02-300x225.jpg 300w, https:\/\/bf-on-tour.de\/m-16\/wp-content\/uploads\/sites\/2\/2016\/08\/P04-02-150x113.jpg 150w, https:\/\/bf-on-tour.de\/m-16\/wp-content\/uploads\/sites\/2\/2016\/08\/P04-02-1024x768.jpg 1024w, https:\/\/bf-on-tour.de\/m-16\/wp-content\/uploads\/sites\/2\/2016\/08\/P04-02-1200x900.jpg 1200w, https:\/\/bf-on-tour.de\/m-16\/wp-content\/uploads\/sites\/2\/2016\/08\/P04-02.jpg 1600w\" sizes=\"auto, (max-width: 300px) 85vw, 300px\" \/><\/a><figcaption id=\"caption-attachment-431\" class=\"wp-caption-text\">Bod\u00f8 Zentrum<\/figcaption><\/figure>\n<p style=\"text-align: justify;\">Mittags sind wir in Bod\u00f8, dem Absprunghafen zu den Lofoten. Die Stadt selbst reizt nicht, ist sehr n\u00fcchtern und modern. Lediglich ein paar Geocaches fallen uns zum Opfer. Und dann vergeht der Rest des Tages wieder wie im 3D-Kino: Berge, Inseln, Leuchtt\u00fcrme und H\u00e4user, wie aus der Modelleisenbahn, ziehen in konstantem Tempo an uns vor\u00fcber.<\/p>\n<figure id=\"attachment_432\" aria-describedby=\"caption-attachment-432\" style=\"width: 1600px\" class=\"wp-caption alignnone\"><a href=\"https:\/\/bf-on-tour.de\/m-16\/wp-content\/uploads\/sites\/2\/2016\/08\/P04-03.jpg\" rel=\"lightbox[428]\"><img loading=\"lazy\" decoding=\"async\" class=\"size-full wp-image-432\" src=\"https:\/\/bf-on-tour.de\/m-16\/wp-content\/uploads\/sites\/2\/2016\/08\/P04-03.jpg\" alt=\"Lofoten\" width=\"1600\" height=\"794\" srcset=\"https:\/\/bf-on-tour.de\/m-16\/wp-content\/uploads\/sites\/2\/2016\/08\/P04-03.jpg 1600w, https:\/\/bf-on-tour.de\/m-16\/wp-content\/uploads\/sites\/2\/2016\/08\/P04-03-150x74.jpg 150w, https:\/\/bf-on-tour.de\/m-16\/wp-content\/uploads\/sites\/2\/2016\/08\/P04-03-300x149.jpg 300w, https:\/\/bf-on-tour.de\/m-16\/wp-content\/uploads\/sites\/2\/2016\/08\/P04-03-1024x508.jpg 1024w, https:\/\/bf-on-tour.de\/m-16\/wp-content\/uploads\/sites\/2\/2016\/08\/P04-03-1200x596.jpg 1200w\" sizes=\"auto, (max-width: 709px) 85vw, (max-width: 909px) 67vw, (max-width: 1362px) 62vw, 840px\" \/><\/a><figcaption id=\"caption-attachment-432\" class=\"wp-caption-text\">Lofoten<\/figcaption><\/figure>\n<p style=\"text-align: justify;\">Abends erreichen wir die Lofoten. Wolken verbergen die Bergspitzen und ein ganz eigenartiges Licht verzaubert die Szenerie. Von hier, von einer winzigen Insel, kommt unser Kapit\u00e4n und man kann sich sehr gut vorstellen, dass ihm als kleinem Jungen Boote, Fische und die Sagen von Asgard, der\u00a0nordischen G\u00f6tterheimat \u00fcber eben diesen Wolken, n\u00e4her waren als Schule, Studium oder gar moderne Technik. Sichtbar geschafft hat er es, beides zu verbinden und man merkt es nicht nur daran, wie souver\u00e4n er durch das Gewirr seiner Felsenheimat steuert, sondern auch an einem Man\u00f6ver mit der s\u00fcdgehenden <em>MS Finnmarken<\/em>:<\/p>\n<p style=\"text-align: justify;\">Beide Schiffe fahren ihren Kurs. Die Finnmarken peilt ungef\u00e4hr 15 Grad an Backbord, aus dem Hafen von Svolv\u00e6r kommend. Die Trollfjord noch nicht auf Hafenkurs. Einige hundert Meter trennen die Schiffe, aber die Peilung steht! Wenn beide so weiter fahren, kollidieren sie &#8211; unweigerlich. Die ersten Passagiere stehen auf und starren teils gebannt, teils entsetzt auf das entgegen kommende Schiff. MS Trollfjord gibt Warnsignal, fordert zum Ausweichen auf. Nichts passiert. Selbst mir wird jetzt mulmig. Pl\u00f6tzlich sind 15 Knoten schnell. Wenn hier auch nur irgend jemand oder irgend etwas versagt, sollten wir schnellstens auf Deck 6 die Rettungswesten aufsuchen.<\/p>\n<figure id=\"attachment_435\" aria-describedby=\"caption-attachment-435\" style=\"width: 1600px\" class=\"wp-caption alignnone\"><a href=\"https:\/\/bf-on-tour.de\/m-16\/wp-content\/uploads\/sites\/2\/2016\/08\/P04-06.jpg\" rel=\"lightbox[428]\"><img loading=\"lazy\" decoding=\"async\" class=\"size-full wp-image-435\" src=\"https:\/\/bf-on-tour.de\/m-16\/wp-content\/uploads\/sites\/2\/2016\/08\/P04-06.jpg\" alt=\"Das Man\u00f6ver\" width=\"1600\" height=\"373\" srcset=\"https:\/\/bf-on-tour.de\/m-16\/wp-content\/uploads\/sites\/2\/2016\/08\/P04-06.jpg 1600w, https:\/\/bf-on-tour.de\/m-16\/wp-content\/uploads\/sites\/2\/2016\/08\/P04-06-150x35.jpg 150w, https:\/\/bf-on-tour.de\/m-16\/wp-content\/uploads\/sites\/2\/2016\/08\/P04-06-300x70.jpg 300w, https:\/\/bf-on-tour.de\/m-16\/wp-content\/uploads\/sites\/2\/2016\/08\/P04-06-1024x239.jpg 1024w, https:\/\/bf-on-tour.de\/m-16\/wp-content\/uploads\/sites\/2\/2016\/08\/P04-06-1200x280.jpg 1200w\" sizes=\"auto, (max-width: 709px) 85vw, (max-width: 909px) 67vw, (max-width: 1362px) 62vw, 840px\" \/><\/a><figcaption id=\"caption-attachment-435\" class=\"wp-caption-text\">Das Man\u00f6ver<\/figcaption><\/figure>\n<p style=\"text-align: justify;\">Dann, im allerletzten Moment lenkt die Finnmarken auf unseren Gegenkurs ein und die Trollfjord weicht kaum merklich nach Steuerbord. Wahrlich, ein theatralisch inszeniertes klassisches Man\u00f6ver des letzten Augenblicks. Sekunden sp\u00e4ter passieren die Schiffe bei voller Fahrt, begleitet vom ohrenbet\u00e4ubenden L\u00e4rm der Typhone. Der Kapit\u00e4n der Finnmarken steht auf der Br\u00fcckennock und winkt vergn\u00fcgt mit beiden Armen. Wir k\u00f6nnen es nicht sehen, aber sehr wahrscheinlich macht unser Kapit\u00e4n dasselbe. Da waren sie also f\u00fcr 10 Minuten wieder mal die kleinen Wikinger-Jungs&#8230; (Die Passagiere plumpsen erleichtert, aber etwas blass zur\u00fcck in ihre Sessel.)<\/p>\n<figure id=\"attachment_433\" aria-describedby=\"caption-attachment-433\" style=\"width: 1600px\" class=\"wp-caption alignnone\"><a href=\"https:\/\/bf-on-tour.de\/m-16\/wp-content\/uploads\/sites\/2\/2016\/08\/P04-04.jpg\" rel=\"lightbox[428]\"><img loading=\"lazy\" decoding=\"async\" class=\"size-full wp-image-433\" src=\"https:\/\/bf-on-tour.de\/m-16\/wp-content\/uploads\/sites\/2\/2016\/08\/P04-04.jpg\" alt=\"Trollfjord, Namenspatron unseres Schiffes\" width=\"1600\" height=\"1197\" srcset=\"https:\/\/bf-on-tour.de\/m-16\/wp-content\/uploads\/sites\/2\/2016\/08\/P04-04.jpg 1600w, https:\/\/bf-on-tour.de\/m-16\/wp-content\/uploads\/sites\/2\/2016\/08\/P04-04-150x112.jpg 150w, https:\/\/bf-on-tour.de\/m-16\/wp-content\/uploads\/sites\/2\/2016\/08\/P04-04-300x224.jpg 300w, https:\/\/bf-on-tour.de\/m-16\/wp-content\/uploads\/sites\/2\/2016\/08\/P04-04-1024x766.jpg 1024w, https:\/\/bf-on-tour.de\/m-16\/wp-content\/uploads\/sites\/2\/2016\/08\/P04-04-1200x898.jpg 1200w\" sizes=\"auto, (max-width: 709px) 85vw, (max-width: 909px) 67vw, (max-width: 1362px) 62vw, 840px\" \/><\/a><figcaption id=\"caption-attachment-433\" class=\"wp-caption-text\">Trollfjord, Namenspatron unseres Schiffes<\/figcaption><\/figure>\n<p style=\"text-align: justify;\">Sp\u00e4t am Abend dann noch eine Attraktion: Die Einfahrt in den Trollfjord, den Namensgeber unseres Schiffes. Wind und Wetter, aber noch mehr Breite und L\u00e4nge eines Schiffes bestimmen dar\u00fcber, ob es den Fjord befahren kann, denn selbst bei den relativ kleinen Schiffen der Hurtigrute (MS Trollfjord: L\u00e4nge knapp 136 m, Breite etwas mehr als 21 m) ist alles Millimeterarbeit.<\/p>\n<p><a href=\"https:\/\/bf-on-tour.de\/m-16\/p-03\/\"><img loading=\"lazy\" decoding=\"async\" class=\"alignleft wp-image-573\" src=\"https:\/\/bf-on-tour.de\/m-16\/wp-content\/uploads\/sites\/2\/2017\/06\/zur\u00fcck.png\" alt=\"\" width=\"50\" height=\"37\" \/><\/a> <a href=\"https:\/\/bf-on-tour.de\/m-16\/p-05\/\"><img loading=\"lazy\" decoding=\"async\" class=\"alignright wp-image-572\" src=\"https:\/\/bf-on-tour.de\/m-16\/wp-content\/uploads\/sites\/2\/2017\/06\/weiter.png\" alt=\"\" width=\"50\" height=\"37\" \/><\/a><\/p>\n","protected":false},"excerpt":{"rendered":"<p>Donnerstag: Morgens gegen 7:20 Uhr \u00fcberqueren wir den Polarkreis. Die meisten Mitreisenden zieht es an Deck, um den nicht sichtbaren \u00dcbergang mit anzusehen. Wir bleiben im Bett. Schlie\u00dflich haben wir beide bereits mehrmals das Procedere hinter uns &#8211; nord- und s\u00fcdgehend &#8211; und der vom Kapit\u00e4n zum Anlass angebotene Sekt lockt uns auch nicht (nicht &hellip; <a href=\"https:\/\/bf-on-tour.de\/m-16\/p-04\/\" class=\"more-link\"><span class=\"screen-reader-text\">\u201eDer Polarkreis liegt hinter uns\u201c <\/span>weiterlesen<\/a><\/p>\n","protected":false},"author":1,"featured_media":0,"parent":0,"menu_order":4,"comment_status":"open","ping_status":"closed","template":"","meta":{"footnotes":""},"class_list":["post-428","page","type-page","status-publish","hentry"],"_links":{"self":[{"href":"https:\/\/bf-on-tour.de\/m-16\/wp-json\/wp\/v2\/pages\/428","targetHints":{"allow":["GET"]}}],"collection":[{"href":"https:\/\/bf-on-tour.de\/m-16\/wp-json\/wp\/v2\/pages"}],"about":[{"href":"https:\/\/bf-on-tour.de\/m-16\/wp-json\/wp\/v2\/types\/page"}],"author":[{"embeddable":true,"href":"https:\/\/bf-on-tour.de\/m-16\/wp-json\/wp\/v2\/users\/1"}],"replies":[{"embeddable":true,"href":"https:\/\/bf-on-tour.de\/m-16\/wp-json\/wp\/v2\/comments?post=428"}],"version-history":[{"count":11,"href":"https:\/\/bf-on-tour.de\/m-16\/wp-json\/wp\/v2\/pages\/428\/revisions"}],"predecessor-version":[{"id":658,"href":"https:\/\/bf-on-tour.de\/m-16\/wp-json\/wp\/v2\/pages\/428\/revisions\/658"}],"wp:attachment":[{"href":"https:\/\/bf-on-tour.de\/m-16\/wp-json\/wp\/v2\/media?parent=428"}],"curies":[{"name":"wp","href":"https:\/\/api.w.org\/{rel}","templated":true}]}}