{"id":404,"date":"2016-08-13T12:02:51","date_gmt":"2016-08-13T10:02:51","guid":{"rendered":"http:\/\/blog.family-riders.de\/norway\/?page_id=404"},"modified":"2021-02-26T17:43:18","modified_gmt":"2021-02-26T16:43:18","slug":"p-02","status":"publish","type":"page","link":"https:\/\/bf-on-tour.de\/m-16\/p-02\/","title":{"rendered":"Von Bergen nordw\u00e4rts"},"content":{"rendered":"<figure id=\"attachment_409\" aria-describedby=\"caption-attachment-409\" style=\"width: 225px\" class=\"wp-caption alignright\"><a href=\"https:\/\/bf-on-tour.de\/m-16\/wp-content\/uploads\/sites\/2\/2016\/08\/P02-01.jpg\" rel=\"lightbox[404]\"><img loading=\"lazy\" decoding=\"async\" class=\"wp-image-409 size-medium\" src=\"https:\/\/bf-on-tour.de\/m-16\/wp-content\/uploads\/sites\/2\/2016\/08\/P02-01-225x300.jpg\" alt=\"Regen, Regen, Regen...\" width=\"225\" height=\"300\" srcset=\"https:\/\/bf-on-tour.de\/m-16\/wp-content\/uploads\/sites\/2\/2016\/08\/P02-01-225x300.jpg 225w, https:\/\/bf-on-tour.de\/m-16\/wp-content\/uploads\/sites\/2\/2016\/08\/P02-01-113x150.jpg 113w, https:\/\/bf-on-tour.de\/m-16\/wp-content\/uploads\/sites\/2\/2016\/08\/P02-01-768x1024.jpg 768w, https:\/\/bf-on-tour.de\/m-16\/wp-content\/uploads\/sites\/2\/2016\/08\/P02-01.jpg 900w\" sizes=\"auto, (max-width: 225px) 85vw, 225px\" \/><\/a><figcaption id=\"caption-attachment-409\" class=\"wp-caption-text\">Regen, Regen, Regen&#8230;<\/figcaption><\/figure>\n<p style=\"text-align: justify;\">So angenehm der erste Tag in Bergen auch war, am Sonntag regnet es. Wir tapsen also in unserer Motorradkombi durch die nasse Stadt und erhaschen um die Mittagszeit einen HopOn-HopOff-Bus, mit dem wir eine einigerma\u00dfen trockene Stadtrundfahrt machen k\u00f6nnen. Einigerma\u00dfen, weil der Bus keine Seitenfenster hat und der Fahrer \u00fcppig K\u00fcchenrollenpapier an die Fahrg\u00e4ste verteilt, um zumindest die Sitze trocken wischen zu k\u00f6nnen&#8230;<\/p>\n<figure id=\"attachment_410\" aria-describedby=\"caption-attachment-410\" style=\"width: 225px\" class=\"wp-caption alignleft\"><a href=\"https:\/\/bf-on-tour.de\/m-16\/wp-content\/uploads\/sites\/2\/2016\/08\/P02-02.jpg\" rel=\"lightbox[404]\"><img loading=\"lazy\" decoding=\"async\" class=\"wp-image-410 size-medium\" src=\"https:\/\/bf-on-tour.de\/m-16\/wp-content\/uploads\/sites\/2\/2016\/08\/P02-02-225x300.jpg\" alt=\"MS Trollfjord\" width=\"225\" height=\"300\" srcset=\"https:\/\/bf-on-tour.de\/m-16\/wp-content\/uploads\/sites\/2\/2016\/08\/P02-02-225x300.jpg 225w, https:\/\/bf-on-tour.de\/m-16\/wp-content\/uploads\/sites\/2\/2016\/08\/P02-02-113x150.jpg 113w, https:\/\/bf-on-tour.de\/m-16\/wp-content\/uploads\/sites\/2\/2016\/08\/P02-02-768x1024.jpg 768w, https:\/\/bf-on-tour.de\/m-16\/wp-content\/uploads\/sites\/2\/2016\/08\/P02-02.jpg 900w\" sizes=\"auto, (max-width: 225px) 85vw, 225px\" \/><\/a><figcaption id=\"caption-attachment-410\" class=\"wp-caption-text\">MS Trollfjord<\/figcaption><\/figure>\n<p style=\"text-align: justify;\">Gegen 17:00 Uhr holen wir dann die Maschinen aus der \u00f6ffentlichen Tiefgarage (308 NOK oder fast 35 EUR f\u00fcr 27 Stunden Parken lassen meine CreditCard einen kurzen, aber heftigen Schwindelanfall bekommen) und rollen die 800 Meter zum Hurtigruten-Terminal im Hafen. Der CheckIn ist unproblematisch, das Gep\u00e4ck wird auf die Kabine gebracht und eine Stunde sp\u00e4ter stehen unsere Maschinen gut verzurrt vom Staupersonal im Autodeck der MS Trollfjord.<\/p>\n<p style=\"text-align: justify;\">Wir haben eine Innenkabine gebucht. 2011 hatten wir schon einmal &#8222;<em>Die sch\u00f6nste Seereise der Welt&#8220;<\/em>\u00a0gemacht und hatten uns, au\u00dfer zum Schlafen, eigentlich kaum in der Kabine aufgehalten. Au\u00dferdem betrug der Preisunterschied zwischen dieser und der einfachsten Au\u00dfenkabine fast genau den Fahrpreis unserer Maschinen. Es war diesmal eine reine Kosten-Nutzen-Rechnung. Nehmen wir die Trollfjord also als eine Art Luxusf\u00e4hre f\u00fcr die n\u00e4chsten 1.330 Seemeilen, bzw. 2.465 km.<\/p>\n<figure id=\"attachment_415\" aria-describedby=\"caption-attachment-415\" style=\"width: 1600px\" class=\"wp-caption alignnone\"><a href=\"https:\/\/bf-on-tour.de\/m-16\/wp-content\/uploads\/sites\/2\/2016\/08\/P02-03-1.jpg\" rel=\"lightbox[404]\"><img loading=\"lazy\" decoding=\"async\" class=\"size-full wp-image-415\" src=\"https:\/\/bf-on-tour.de\/m-16\/wp-content\/uploads\/sites\/2\/2016\/08\/P02-03-1.jpg\" alt=\"Im Geirangerfjord\" width=\"1600\" height=\"1200\" srcset=\"https:\/\/bf-on-tour.de\/m-16\/wp-content\/uploads\/sites\/2\/2016\/08\/P02-03-1.jpg 1600w, https:\/\/bf-on-tour.de\/m-16\/wp-content\/uploads\/sites\/2\/2016\/08\/P02-03-1-150x113.jpg 150w, https:\/\/bf-on-tour.de\/m-16\/wp-content\/uploads\/sites\/2\/2016\/08\/P02-03-1-300x225.jpg 300w, https:\/\/bf-on-tour.de\/m-16\/wp-content\/uploads\/sites\/2\/2016\/08\/P02-03-1-1024x768.jpg 1024w, https:\/\/bf-on-tour.de\/m-16\/wp-content\/uploads\/sites\/2\/2016\/08\/P02-03-1-1200x900.jpg 1200w\" sizes=\"auto, (max-width: 709px) 85vw, (max-width: 909px) 67vw, (max-width: 1362px) 62vw, 840px\" \/><\/a><figcaption id=\"caption-attachment-415\" class=\"wp-caption-text\">Im Geirangerfjord<\/figcaption><\/figure>\n<p style=\"text-align: justify;\">Und die Entscheidung scheint auch v\u00f6llig in Ordnung zu sein. Das Essen ist f\u00fcr alle G\u00e4ste gleich gut, in der Nacht kam deutlicher Seegang auf und erinnerte uns an vergangene Zeiten als aktive Segler, weckte aber nicht das Verlangen nach einem Kabinenfenster. Und die wirklich gro\u00dfartige Landschaft &#8211; z.B. bei der Einfahrt in den Geirangerfjord &#8211; wird auch durch eine Suite nicht anders.<\/p>\n<figure id=\"attachment_412\" aria-describedby=\"caption-attachment-412\" style=\"width: 1600px\" class=\"wp-caption aligncenter\"><a href=\"https:\/\/bf-on-tour.de\/m-16\/wp-content\/uploads\/sites\/2\/2016\/08\/P02-04.jpg\" rel=\"lightbox[404]\"><img loading=\"lazy\" decoding=\"async\" class=\"wp-image-412 size-full\" src=\"https:\/\/bf-on-tour.de\/m-16\/wp-content\/uploads\/sites\/2\/2016\/08\/P02-04.jpg\" alt=\"Ende des Fjords - die anderen sind schon da.\" width=\"1600\" height=\"1200\" srcset=\"https:\/\/bf-on-tour.de\/m-16\/wp-content\/uploads\/sites\/2\/2016\/08\/P02-04.jpg 1600w, https:\/\/bf-on-tour.de\/m-16\/wp-content\/uploads\/sites\/2\/2016\/08\/P02-04-150x113.jpg 150w, https:\/\/bf-on-tour.de\/m-16\/wp-content\/uploads\/sites\/2\/2016\/08\/P02-04-300x225.jpg 300w, https:\/\/bf-on-tour.de\/m-16\/wp-content\/uploads\/sites\/2\/2016\/08\/P02-04-1024x768.jpg 1024w, https:\/\/bf-on-tour.de\/m-16\/wp-content\/uploads\/sites\/2\/2016\/08\/P02-04-1200x900.jpg 1200w\" sizes=\"auto, (max-width: 709px) 85vw, (max-width: 909px) 67vw, (max-width: 1362px) 62vw, 840px\" \/><\/a><figcaption id=\"caption-attachment-412\" class=\"wp-caption-text\">Fjordende: Die anderen sind schon da.<\/figcaption><\/figure>\n<p style=\"text-align: justify;\">Das Wetter spielt aber auch hier nicht so recht mit. Nieselregen wechselt mit sehr kurzen sonnigen Abschnitten, die dann wieder in heftigem Regen enden. Wir sind daher gar nicht ungl\u00fccklich, keinen Ausflug in die Berge gebucht zu haben und genie\u00dfen von Bord aus, das Fjordende, in dem sich Kreuzfahrer aus aller Welt treffen.<\/p>\n<figure id=\"attachment_413\" aria-describedby=\"caption-attachment-413\" style=\"width: 1600px\" class=\"wp-caption alignnone\"><a href=\"https:\/\/bf-on-tour.de\/m-16\/wp-content\/uploads\/sites\/2\/2016\/08\/P02-05.jpg\" rel=\"lightbox[404]\"><img loading=\"lazy\" decoding=\"async\" class=\"size-full wp-image-413\" src=\"https:\/\/bf-on-tour.de\/m-16\/wp-content\/uploads\/sites\/2\/2016\/08\/P02-05.jpg\" alt=\"\u00c5lesund\" width=\"1600\" height=\"1142\" srcset=\"https:\/\/bf-on-tour.de\/m-16\/wp-content\/uploads\/sites\/2\/2016\/08\/P02-05.jpg 1600w, https:\/\/bf-on-tour.de\/m-16\/wp-content\/uploads\/sites\/2\/2016\/08\/P02-05-150x107.jpg 150w, https:\/\/bf-on-tour.de\/m-16\/wp-content\/uploads\/sites\/2\/2016\/08\/P02-05-300x214.jpg 300w, https:\/\/bf-on-tour.de\/m-16\/wp-content\/uploads\/sites\/2\/2016\/08\/P02-05-1024x731.jpg 1024w, https:\/\/bf-on-tour.de\/m-16\/wp-content\/uploads\/sites\/2\/2016\/08\/P02-05-1200x857.jpg 1200w\" sizes=\"auto, (max-width: 709px) 85vw, (max-width: 909px) 67vw, (max-width: 1362px) 62vw, 840px\" \/><\/a><figcaption id=\"caption-attachment-413\" class=\"wp-caption-text\">\u00c5lesund<\/figcaption><\/figure>\n<p style=\"text-align: justify;\">Abends gibt&#8217;s dann f\u00fcr uns noch einen kleinen Ausflug zu Fu\u00df nach \u00c5lesund, der &#8222;<em>sch\u00f6nsten Stadt Norwegens<\/em>&#8222;, die f\u00fcr ihre Jugendstilarchitektur ber\u00fchmt ist.<\/p>\n<p><a href=\"https:\/\/bf-on-tour.de\/m-16\/p-01\/\"><img loading=\"lazy\" decoding=\"async\" class=\"alignleft wp-image-573\" src=\"https:\/\/bf-on-tour.de\/m-16\/wp-content\/uploads\/sites\/2\/2017\/06\/zur\u00fcck.png\" alt=\"\" width=\"50\" height=\"37\" \/><\/a> <a href=\"https:\/\/bf-on-tour.de\/m-16\/p-03\/\"><img loading=\"lazy\" decoding=\"async\" class=\"alignright wp-image-572\" src=\"https:\/\/bf-on-tour.de\/m-16\/wp-content\/uploads\/sites\/2\/2017\/06\/weiter.png\" alt=\"\" width=\"50\" height=\"37\" \/><\/a><\/p>\n","protected":false},"excerpt":{"rendered":"<p>So angenehm der erste Tag in Bergen auch war, am Sonntag regnet es. Wir tapsen also in unserer Motorradkombi durch die nasse Stadt und erhaschen um die Mittagszeit einen HopOn-HopOff-Bus, mit dem wir eine einigerma\u00dfen trockene Stadtrundfahrt machen k\u00f6nnen. Einigerma\u00dfen, weil der Bus keine Seitenfenster hat und der Fahrer \u00fcppig K\u00fcchenrollenpapier an die Fahrg\u00e4ste verteilt, &hellip; <a href=\"https:\/\/bf-on-tour.de\/m-16\/p-02\/\" class=\"more-link\"><span class=\"screen-reader-text\">\u201eVon Bergen nordw\u00e4rts\u201c <\/span>weiterlesen<\/a><\/p>\n","protected":false},"author":1,"featured_media":0,"parent":0,"menu_order":2,"comment_status":"open","ping_status":"closed","template":"","meta":{"footnotes":""},"class_list":["post-404","page","type-page","status-publish","hentry"],"_links":{"self":[{"href":"https:\/\/bf-on-tour.de\/m-16\/wp-json\/wp\/v2\/pages\/404","targetHints":{"allow":["GET"]}}],"collection":[{"href":"https:\/\/bf-on-tour.de\/m-16\/wp-json\/wp\/v2\/pages"}],"about":[{"href":"https:\/\/bf-on-tour.de\/m-16\/wp-json\/wp\/v2\/types\/page"}],"author":[{"embeddable":true,"href":"https:\/\/bf-on-tour.de\/m-16\/wp-json\/wp\/v2\/users\/1"}],"replies":[{"embeddable":true,"href":"https:\/\/bf-on-tour.de\/m-16\/wp-json\/wp\/v2\/comments?post=404"}],"version-history":[{"count":10,"href":"https:\/\/bf-on-tour.de\/m-16\/wp-json\/wp\/v2\/pages\/404\/revisions"}],"predecessor-version":[{"id":656,"href":"https:\/\/bf-on-tour.de\/m-16\/wp-json\/wp\/v2\/pages\/404\/revisions\/656"}],"wp:attachment":[{"href":"https:\/\/bf-on-tour.de\/m-16\/wp-json\/wp\/v2\/media?parent=404"}],"curies":[{"name":"wp","href":"https:\/\/api.w.org\/{rel}","templated":true}]}}