{"id":389,"date":"2016-08-13T12:02:51","date_gmt":"2016-08-13T10:02:51","guid":{"rendered":"http:\/\/blog.family-riders.de\/norway\/?page_id=389"},"modified":"2021-02-26T17:43:01","modified_gmt":"2021-02-26T16:43:01","slug":"p-01","status":"publish","type":"page","link":"https:\/\/bf-on-tour.de\/m-16\/p-01\/","title":{"rendered":"Wir sind da. Es geht los!"},"content":{"rendered":"<p style=\"text-align: justify;\">Wir sind da: In Norwegen, d.h. in Bergen und hier geht&#8217;s eigentlich erst richtig los, n\u00e4mlich morgen auf die Hurtigroute gen Norden bis Kirkenes. Dann \u00fcber das Nordkapp wieder retour. Bei akzeptablem Wetter durch Norwegen, bei schlechtem Wetter durch Schweden und bei ganz schlechtem Wetter durch Finnland. Wir haben uns nicht festgelegt.<\/p>\n<hr \/>\n<p style=\"text-align: justify;\">War schon ein hartes St\u00fcck Arbeit bis hier her. In Deutschland heftiger Seitenwind (der Wetterbericht sprach von 8 bis 9 Bft., 7 bis 8 waren es sicher) und Umleitungen, die aus den geplanten 500 km der ersten Tagesetappe gut 550 km werden lassen.<\/p>\n<figure id=\"attachment_391\" aria-describedby=\"caption-attachment-391\" style=\"width: 840px\" class=\"wp-caption aligncenter\"><a href=\"https:\/\/bf-on-tour.de\/m-16\/wp-content\/uploads\/sites\/2\/2016\/08\/P01-01.jpg\" rel=\"lightbox[389]\"><img loading=\"lazy\" decoding=\"async\" class=\"wp-image-391 size-large\" src=\"https:\/\/bf-on-tour.de\/m-16\/wp-content\/uploads\/sites\/2\/2016\/08\/P01-01-1024x768.jpg\" alt=\"Alte Salzstra\u00dfe\" width=\"840\" height=\"630\" srcset=\"https:\/\/bf-on-tour.de\/m-16\/wp-content\/uploads\/sites\/2\/2016\/08\/P01-01-1024x768.jpg 1024w, https:\/\/bf-on-tour.de\/m-16\/wp-content\/uploads\/sites\/2\/2016\/08\/P01-01-150x113.jpg 150w, https:\/\/bf-on-tour.de\/m-16\/wp-content\/uploads\/sites\/2\/2016\/08\/P01-01-300x225.jpg 300w, https:\/\/bf-on-tour.de\/m-16\/wp-content\/uploads\/sites\/2\/2016\/08\/P01-01-1200x900.jpg 1200w, https:\/\/bf-on-tour.de\/m-16\/wp-content\/uploads\/sites\/2\/2016\/08\/P01-01.jpg 1600w\" sizes=\"auto, (max-width: 709px) 85vw, (max-width: 909px) 67vw, (max-width: 1362px) 62vw, 840px\" \/><\/a><figcaption id=\"caption-attachment-391\" class=\"wp-caption-text\">Alte Salzstra\u00dfe<\/figcaption><\/figure>\n<p style=\"text-align: justify;\">Dann ein Tag Pause, an dem wir dem Motorradtreff Zollenspieker einen Besuch abstatten, die alte Salzstra\u00dfe erkunden (das mittelalterliche Kopfsteinpflaster ist zwar touristisch wertvoll, aber f\u00fcr Fernreisen eher weniger geeignet) und am Ratzeburger See Eis essen.<\/p>\n<hr \/>\n<p style=\"text-align: justify;\">Am n\u00e4chsten Reisetag, gemischtes Wetter, durchweg wenig befahrene Landstra\u00dfen in Deutschland, aber nicht enden wollende, schnurgerade Stra\u00dfen mit 80 km\/h Vmax dann in D\u00e4nemark.<\/p>\n<figure id=\"attachment_393\" aria-describedby=\"caption-attachment-393\" style=\"width: 225px\" class=\"wp-caption alignleft\"><a href=\"https:\/\/bf-on-tour.de\/m-16\/wp-content\/uploads\/sites\/2\/2016\/08\/P01-02.jpg\" rel=\"lightbox[389]\"><img loading=\"lazy\" decoding=\"async\" class=\"wp-image-393 size-medium\" src=\"https:\/\/bf-on-tour.de\/m-16\/wp-content\/uploads\/sites\/2\/2016\/08\/P01-02-225x300.jpg\" alt=\"Dickes Wetter im Anmarsch\" width=\"225\" height=\"300\" srcset=\"https:\/\/bf-on-tour.de\/m-16\/wp-content\/uploads\/sites\/2\/2016\/08\/P01-02-225x300.jpg 225w, https:\/\/bf-on-tour.de\/m-16\/wp-content\/uploads\/sites\/2\/2016\/08\/P01-02-113x150.jpg 113w, https:\/\/bf-on-tour.de\/m-16\/wp-content\/uploads\/sites\/2\/2016\/08\/P01-02-768x1024.jpg 768w, https:\/\/bf-on-tour.de\/m-16\/wp-content\/uploads\/sites\/2\/2016\/08\/P01-02.jpg 900w\" sizes=\"auto, (max-width: 225px) 85vw, 225px\" \/><\/a><figcaption id=\"caption-attachment-393\" class=\"wp-caption-text\">Dickes Wetter im Anmarsch<\/figcaption><\/figure>\n<p style=\"text-align: justify;\">Und zum Abschluss zwei Stunden \u00fcbelster Dauerregen. Stra\u00dfen werden zu B\u00e4chen und Kreuzungen zu kleinen Seen. Auf den Visieren keine Tropfen mehr sondern ein dicker Wasserfilm. Sicht? Praktisch keine! Am Ziel in \u00c5rhus haben wir nur noch trockene F\u00fc\u00dfe. Einzig die Schuhe von Daytona haben dicht gehalten! Unsere Tourenkombis? Durch. Die Tankrucks\u00e4cke? Von unten aufgeweicht. Selbst in den Koffern, in den Innenkoffern, sind einige Teile feucht geworden.<\/p>\n<p style=\"text-align: justify;\">Besonders sch\u00f6n: Der n\u00e4chste Morgen! Wieder rein die weitgehend noch nassen Klamotten und weiter. Doch dann, ein schlagendes Ger\u00e4usch im Bereich meines Hinterrades. Also, stopp auf einem Parkplatz vom Schachtelwirt und im Dunst fettiger Pommes die Kettenspannung und den Rundlauf der R\u00e4der gepr\u00fcft. Nichts gefunden &#8211; was bei meinem technischen Sachverstand nat\u00fcrlich kein Wunder ist. ADAC angerufen, ob der eine Werkstatt nachweisen kann, die sich das mal anh\u00f6rt. Ergebnis: Nein, es gibt am Samstag in D\u00e4nemark keine Werkstatt, die ge\u00f6ffnet hat. Steffen, meinen Honda-Partner von zu Hause, angerufen, guten Rat und Beruhigung erhalten, den ScottOiler weiter aufgedreht und: Good Luck! Weiter geht&#8217;s nach Hirtshals.<\/p>\n<figure id=\"attachment_395\" aria-describedby=\"caption-attachment-395\" style=\"width: 1600px\" class=\"wp-caption alignnone\"><a href=\"https:\/\/bf-on-tour.de\/m-16\/wp-content\/uploads\/sites\/2\/2016\/08\/P01-03.jpg\" rel=\"lightbox[389]\"><img loading=\"lazy\" decoding=\"async\" class=\"size-full wp-image-395\" src=\"https:\/\/bf-on-tour.de\/m-16\/wp-content\/uploads\/sites\/2\/2016\/08\/P01-03.jpg\" alt=\"Hirtshals\" width=\"1600\" height=\"1053\" srcset=\"https:\/\/bf-on-tour.de\/m-16\/wp-content\/uploads\/sites\/2\/2016\/08\/P01-03.jpg 1600w, https:\/\/bf-on-tour.de\/m-16\/wp-content\/uploads\/sites\/2\/2016\/08\/P01-03-150x99.jpg 150w, https:\/\/bf-on-tour.de\/m-16\/wp-content\/uploads\/sites\/2\/2016\/08\/P01-03-300x197.jpg 300w, https:\/\/bf-on-tour.de\/m-16\/wp-content\/uploads\/sites\/2\/2016\/08\/P01-03-1024x674.jpg 1024w, https:\/\/bf-on-tour.de\/m-16\/wp-content\/uploads\/sites\/2\/2016\/08\/P01-03-1200x790.jpg 1200w\" sizes=\"auto, (max-width: 709px) 85vw, (max-width: 909px) 67vw, (max-width: 1362px) 62vw, 840px\" \/><\/a><figcaption id=\"caption-attachment-395\" class=\"wp-caption-text\">Hirtshals<\/figcaption><\/figure>\n<p style=\"text-align: justify;\">18:00 Uhr, CheckIn in Hirtshals f\u00fcr die F\u00e4hre nach Bergen, gegen 20:00 Uhr einrollen und die Maschinen fein verzurren (drau\u00dfen weht es immer noch mit guten 8 Bft., im Mund knirscht der Sand vom nahen Strand) und um 21:00 Uhr ablegen. Jetzt noch ein, zwei Biere im Salon ganz vorn, eine trotz bewegter See relativ ruhige Fahrt in den Sonnenuntergang und dann, ja genau dann (!) stellt sich die typische Entschleunigung ein, die wir an Seereisen so lieben.<\/p>\n<figure id=\"attachment_398\" aria-describedby=\"caption-attachment-398\" style=\"width: 1600px\" class=\"wp-caption aligncenter\"><img loading=\"lazy\" decoding=\"async\" class=\"wp-image-398 size-full\" src=\"https:\/\/bf-on-tour.de\/m-16\/wp-content\/uploads\/sites\/2\/2016\/08\/P01-05.jpg\" alt=\"P01 - 05\" width=\"1600\" height=\"1200\" srcset=\"https:\/\/bf-on-tour.de\/m-16\/wp-content\/uploads\/sites\/2\/2016\/08\/P01-05.jpg 1600w, https:\/\/bf-on-tour.de\/m-16\/wp-content\/uploads\/sites\/2\/2016\/08\/P01-05-150x113.jpg 150w, https:\/\/bf-on-tour.de\/m-16\/wp-content\/uploads\/sites\/2\/2016\/08\/P01-05-300x225.jpg 300w, https:\/\/bf-on-tour.de\/m-16\/wp-content\/uploads\/sites\/2\/2016\/08\/P01-05-1024x768.jpg 1024w, https:\/\/bf-on-tour.de\/m-16\/wp-content\/uploads\/sites\/2\/2016\/08\/P01-05-1200x900.jpg 1200w\" sizes=\"auto, (max-width: 709px) 85vw, (max-width: 909px) 67vw, (max-width: 1362px) 62vw, 840px\" \/><figcaption id=\"caption-attachment-398\" class=\"wp-caption-text\">Der einzige Elch, den wir gesehen haben&#8230;<\/figcaption><\/figure>\n<figure id=\"attachment_400\" aria-describedby=\"caption-attachment-400\" style=\"width: 225px\" class=\"wp-caption alignright\"><a href=\"https:\/\/bf-on-tour.de\/m-16\/wp-content\/uploads\/sites\/2\/2016\/08\/P01-07.jpg\" rel=\"lightbox[389]\"><img loading=\"lazy\" decoding=\"async\" class=\"wp-image-400 size-medium\" src=\"https:\/\/bf-on-tour.de\/m-16\/wp-content\/uploads\/sites\/2\/2016\/08\/P01-07-225x300.jpg\" alt=\"P01 - 07\" width=\"225\" height=\"300\" srcset=\"https:\/\/bf-on-tour.de\/m-16\/wp-content\/uploads\/sites\/2\/2016\/08\/P01-07-225x300.jpg 225w, https:\/\/bf-on-tour.de\/m-16\/wp-content\/uploads\/sites\/2\/2016\/08\/P01-07-113x150.jpg 113w, https:\/\/bf-on-tour.de\/m-16\/wp-content\/uploads\/sites\/2\/2016\/08\/P01-07-768x1024.jpg 768w, https:\/\/bf-on-tour.de\/m-16\/wp-content\/uploads\/sites\/2\/2016\/08\/P01-07.jpg 900w\" sizes=\"auto, (max-width: 225px) 85vw, 225px\" \/><\/a><figcaption id=\"caption-attachment-400\" class=\"wp-caption-text\">H\u00e4user im Stadtteil N\u00f8stet<\/figcaption><\/figure>\n<figure id=\"attachment_399\" aria-describedby=\"caption-attachment-399\" style=\"width: 225px\" class=\"wp-caption alignleft\"><a href=\"https:\/\/bf-on-tour.de\/m-16\/wp-content\/uploads\/sites\/2\/2016\/08\/P01-06.jpg\" rel=\"lightbox[389]\"><img loading=\"lazy\" decoding=\"async\" class=\"wp-image-399 size-medium\" src=\"https:\/\/bf-on-tour.de\/m-16\/wp-content\/uploads\/sites\/2\/2016\/08\/P01-06-225x300.jpg\" alt=\"P01 - 06\" width=\"225\" height=\"300\" srcset=\"https:\/\/bf-on-tour.de\/m-16\/wp-content\/uploads\/sites\/2\/2016\/08\/P01-06-225x300.jpg 225w, https:\/\/bf-on-tour.de\/m-16\/wp-content\/uploads\/sites\/2\/2016\/08\/P01-06-113x150.jpg 113w, https:\/\/bf-on-tour.de\/m-16\/wp-content\/uploads\/sites\/2\/2016\/08\/P01-06-768x1024.jpg 768w, https:\/\/bf-on-tour.de\/m-16\/wp-content\/uploads\/sites\/2\/2016\/08\/P01-06.jpg 900w\" sizes=\"auto, (max-width: 225px) 85vw, 225px\" \/><\/a><figcaption id=\"caption-attachment-399\" class=\"wp-caption-text\">Im Hanseviertel &#8222;Bryggen&#8220;<\/figcaption><\/figure>\n<p style=\"text-align: justify;\">16 \u00bd Stunden sp\u00e4ter rollen wir in Bergen wieder von der F\u00e4hre und beziehen unser gebuchtes Hotel, um endlich einmal Zeit f\u00fcr diese Stadt zu haben. Auch, wenn das Wetter eher regnerisch ist, der Aufenthalt hat sich bereits heute gelohnt. Bergen ist in der Tat sehenswert! Und da es morgen erst gegen 18.00 Uhr weiter geht mit dem Einchecken bei Hurtigruten, bleibt gen\u00fcgend Zeit f\u00fcr weitere Erkundungen.<\/p>\n<p>&nbsp;<\/p>\n<p><a href=\"https:\/\/bf-on-tour.de\/m-16\/\"><img loading=\"lazy\" decoding=\"async\" class=\"alignleft wp-image-573\" src=\"https:\/\/bf-on-tour.de\/m-16\/wp-content\/uploads\/sites\/2\/2017\/06\/zur\u00fcck.png\" alt=\"\" width=\"50\" height=\"37\" \/><\/a> <a href=\"https:\/\/bf-on-tour.de\/m-16\/p-02\/\"><img loading=\"lazy\" decoding=\"async\" class=\"alignright wp-image-572\" src=\"https:\/\/bf-on-tour.de\/m-16\/wp-content\/uploads\/sites\/2\/2017\/06\/weiter.png\" alt=\"\" width=\"50\" height=\"37\" \/><\/a><\/p>\n","protected":false},"excerpt":{"rendered":"<p>Wir sind da: In Norwegen, d.h. in Bergen und hier geht&#8217;s eigentlich erst richtig los, n\u00e4mlich morgen auf die Hurtigroute gen Norden bis Kirkenes. Dann \u00fcber das Nordkapp wieder retour. Bei akzeptablem Wetter durch Norwegen, bei schlechtem Wetter durch Schweden und bei ganz schlechtem Wetter durch Finnland. Wir haben uns nicht festgelegt. War schon ein &hellip; <a href=\"https:\/\/bf-on-tour.de\/m-16\/p-01\/\" class=\"more-link\"><span class=\"screen-reader-text\">\u201eWir sind da. Es geht los!\u201c <\/span>weiterlesen<\/a><\/p>\n","protected":false},"author":1,"featured_media":0,"parent":0,"menu_order":1,"comment_status":"open","ping_status":"closed","template":"","meta":{"footnotes":""},"class_list":["post-389","page","type-page","status-publish","hentry"],"_links":{"self":[{"href":"https:\/\/bf-on-tour.de\/m-16\/wp-json\/wp\/v2\/pages\/389","targetHints":{"allow":["GET"]}}],"collection":[{"href":"https:\/\/bf-on-tour.de\/m-16\/wp-json\/wp\/v2\/pages"}],"about":[{"href":"https:\/\/bf-on-tour.de\/m-16\/wp-json\/wp\/v2\/types\/page"}],"author":[{"embeddable":true,"href":"https:\/\/bf-on-tour.de\/m-16\/wp-json\/wp\/v2\/users\/1"}],"replies":[{"embeddable":true,"href":"https:\/\/bf-on-tour.de\/m-16\/wp-json\/wp\/v2\/comments?post=389"}],"version-history":[{"count":18,"href":"https:\/\/bf-on-tour.de\/m-16\/wp-json\/wp\/v2\/pages\/389\/revisions"}],"predecessor-version":[{"id":655,"href":"https:\/\/bf-on-tour.de\/m-16\/wp-json\/wp\/v2\/pages\/389\/revisions\/655"}],"wp:attachment":[{"href":"https:\/\/bf-on-tour.de\/m-16\/wp-json\/wp\/v2\/media?parent=389"}],"curies":[{"name":"wp","href":"https:\/\/api.w.org\/{rel}","templated":true}]}}