{"id":13,"date":"2017-06-05T16:32:40","date_gmt":"2017-06-05T14:32:40","guid":{"rendered":"http:\/\/blog.family-riders.de\/france-deux\/?page_id=13"},"modified":"2020-04-03T11:20:03","modified_gmt":"2020-04-03T09:20:03","slug":"p-02","status":"publish","type":"page","link":"https:\/\/bf-on-tour.de\/m-15\/p-02\/","title":{"rendered":"Auf nach Frankreich &#8211; das Jura"},"content":{"rendered":"<figure id=\"attachment_46\" aria-describedby=\"caption-attachment-46\" style=\"width: 840px\" class=\"wp-caption aligncenter\"><a href=\"https:\/\/bf-on-tour.de\/m-15\/wp-content\/uploads\/sites\/7\/2017\/06\/P02-04.jpg\" rel=\"lightbox[13]\"><img loading=\"lazy\" decoding=\"async\" class=\"size-large wp-image-46\" src=\"https:\/\/bf-on-tour.de\/m-15\/wp-content\/uploads\/sites\/7\/2017\/06\/P02-04-1024x322.jpg\" alt=\"\" width=\"840\" height=\"264\" srcset=\"https:\/\/bf-on-tour.de\/m-15\/wp-content\/uploads\/sites\/7\/2017\/06\/P02-04-1024x322.jpg 1024w, https:\/\/bf-on-tour.de\/m-15\/wp-content\/uploads\/sites\/7\/2017\/06\/P02-04-300x94.jpg 300w, https:\/\/bf-on-tour.de\/m-15\/wp-content\/uploads\/sites\/7\/2017\/06\/P02-04-768x241.jpg 768w, https:\/\/bf-on-tour.de\/m-15\/wp-content\/uploads\/sites\/7\/2017\/06\/P02-04.jpg 1200w\" sizes=\"auto, (max-width: 709px) 85vw, (max-width: 909px) 67vw, (max-width: 1362px) 62vw, 840px\" \/><\/a><figcaption id=\"caption-attachment-46\" class=\"wp-caption-text\">Liebliches Jura<\/figcaption><\/figure>\n<p>Am n\u00e4chsten Morgen geht es nach einem opulenten Fr\u00fchst\u00fcck \u00fcber die Grenze nach Basel und auf die Bundesstra\u00dfe 18 bis Delsberg, dann auf die 6 und schlie\u00dflich biegen wir ab nach St. Ursanne. Kurz darauf treffen wir auf den Doubs, den gr\u00f6\u00dften Nebenfluss der Sa\u00f4ne, der hier, aus Westen kommend, nach einem kleinen Abstecher in die Schweiz gerade einen 180\u00b0 Schwenk vollzogen hat und nun quasi wieder zur\u00fcck in Richtung Frankreich flie\u00dft. Wir folgen ihm bis nach St. Hippolyte, einem kleinen h\u00fcbschen St\u00e4dtchen, in dem der Dessoubre in den Doubs m\u00fcndet.<\/p>\n<figure id=\"attachment_43\" aria-describedby=\"caption-attachment-43\" style=\"width: 840px\" class=\"wp-caption aligncenter\"><a href=\"https:\/\/bf-on-tour.de\/m-15\/wp-content\/uploads\/sites\/7\/2017\/06\/P02-01.jpg\" rel=\"lightbox[13]\"><img loading=\"lazy\" decoding=\"async\" class=\"wp-image-43 size-large\" src=\"https:\/\/bf-on-tour.de\/m-15\/wp-content\/uploads\/sites\/7\/2017\/06\/P02-01-1024x768.jpg\" alt=\"\" width=\"840\" height=\"630\" srcset=\"https:\/\/bf-on-tour.de\/m-15\/wp-content\/uploads\/sites\/7\/2017\/06\/P02-01-1024x768.jpg 1024w, https:\/\/bf-on-tour.de\/m-15\/wp-content\/uploads\/sites\/7\/2017\/06\/P02-01-300x225.jpg 300w, https:\/\/bf-on-tour.de\/m-15\/wp-content\/uploads\/sites\/7\/2017\/06\/P02-01-768x576.jpg 768w, https:\/\/bf-on-tour.de\/m-15\/wp-content\/uploads\/sites\/7\/2017\/06\/P02-01.jpg 1200w\" sizes=\"auto, (max-width: 709px) 85vw, (max-width: 909px) 67vw, (max-width: 1362px) 62vw, 840px\" \/><\/a><figcaption id=\"caption-attachment-43\" class=\"wp-caption-text\">St. Hippotyte<\/figcaption><\/figure>\n<p>Und genau dem folgen wir ab jetzt. \u00dcber eine kleine Br\u00fccke geht es auf die D39, der wir bis zum Ende bei Fuans folgen. Das Wetter ist sch\u00f6n und wir sind fast allein auf dieser Stra\u00dfe, die immer enger und kleiner wird. Sehr romantisch geht es durch das franz\u00f6sische Jura. Und dann haben wir ihn wieder, den Doubs. Ihm folgen wir auf der D437 bis Pontarlier. Weiter geht es nach Vallorbe, das schon wieder in der Schweiz liegt. Allerdings ist der Tag bereits so weit fortgeschritten, dass uns zum Besuch der dortigen Grotten keine Zeit bleibt. Ein Cappuccino muss reichen, denn wir wollen noch am Lac de Joux entlang und danach auf die kurvige D1005 hinab nach Gex und Saint-Genis-Pouilly, wo wir ein Hotel vorgebucht haben.<\/p>\n<figure id=\"attachment_44\" aria-describedby=\"caption-attachment-44\" style=\"width: 840px\" class=\"wp-caption aligncenter\"><a href=\"https:\/\/bf-on-tour.de\/m-15\/wp-content\/uploads\/sites\/7\/2017\/06\/P02-02.jpg\" rel=\"lightbox[13]\"><img loading=\"lazy\" decoding=\"async\" class=\"size-large wp-image-44\" src=\"https:\/\/bf-on-tour.de\/m-15\/wp-content\/uploads\/sites\/7\/2017\/06\/P02-02-1024x768.jpg\" alt=\"\" width=\"840\" height=\"630\" srcset=\"https:\/\/bf-on-tour.de\/m-15\/wp-content\/uploads\/sites\/7\/2017\/06\/P02-02-1024x768.jpg 1024w, https:\/\/bf-on-tour.de\/m-15\/wp-content\/uploads\/sites\/7\/2017\/06\/P02-02-300x225.jpg 300w, https:\/\/bf-on-tour.de\/m-15\/wp-content\/uploads\/sites\/7\/2017\/06\/P02-02-768x576.jpg 768w, https:\/\/bf-on-tour.de\/m-15\/wp-content\/uploads\/sites\/7\/2017\/06\/P02-02.jpg 1200w\" sizes=\"auto, (max-width: 709px) 85vw, (max-width: 909px) 67vw, (max-width: 1362px) 62vw, 840px\" \/><\/a><figcaption id=\"caption-attachment-44\" class=\"wp-caption-text\">Im Jura<\/figcaption><\/figure>\n<p>Am See entlang ist es doch recht eint\u00f6nig. Weiter westlich h\u00e4tten wir sicher mehr Kurven gehabt, aber da wir uns ja auf einer Art \u201eAnreise\u201c ins Rhonetal befinden, ist eben ab und an ein Kompromiss zwischen Kurvenspa\u00df und Weiterkommen angesagt. Und letztendlich werden wir durch die Abfahrt auf der D1005 bis knapp auf die H\u00f6he des Genfer Sees f\u00fcr das Geradeausfahren am See doch noch entsch\u00e4digt. Insgesamt sind wir aber fest davon \u00fcberzeugt, dass wir hier noch einmal herfahren werden. Das Jura ist wundersch\u00f6n und bietet jede Menge Fahrspa\u00df!<\/p>\n<figure id=\"attachment_45\" aria-describedby=\"caption-attachment-45\" style=\"width: 840px\" class=\"wp-caption aligncenter\"><a href=\"https:\/\/bf-on-tour.de\/m-15\/wp-content\/uploads\/sites\/7\/2017\/06\/P02-03.jpg\" rel=\"lightbox[13]\"><img loading=\"lazy\" decoding=\"async\" class=\"size-large wp-image-45\" src=\"https:\/\/bf-on-tour.de\/m-15\/wp-content\/uploads\/sites\/7\/2017\/06\/P02-03-1024x538.jpg\" alt=\"\" width=\"840\" height=\"441\" srcset=\"https:\/\/bf-on-tour.de\/m-15\/wp-content\/uploads\/sites\/7\/2017\/06\/P02-03-1024x538.jpg 1024w, https:\/\/bf-on-tour.de\/m-15\/wp-content\/uploads\/sites\/7\/2017\/06\/P02-03-300x158.jpg 300w, https:\/\/bf-on-tour.de\/m-15\/wp-content\/uploads\/sites\/7\/2017\/06\/P02-03-768x404.jpg 768w, https:\/\/bf-on-tour.de\/m-15\/wp-content\/uploads\/sites\/7\/2017\/06\/P02-03.jpg 1200w\" sizes=\"auto, (max-width: 709px) 85vw, (max-width: 909px) 67vw, (max-width: 1362px) 62vw, 840px\" \/><\/a><figcaption id=\"caption-attachment-45\" class=\"wp-caption-text\">Blick auf den Genfer See<\/figcaption><\/figure>\n<p>Den g\u00f6nnen wir uns dann auch am n\u00e4chsten Tag, nachdem wir ein hervorragendes Faux Filet am Abend verzehrt und eine extrem ruhige Nacht verbracht haben. Ausgeruht und bei herrlichstem Sommerwetter geht es \u00fcber die D101, D55, D39 und D31 durch Wintersportgebiete, die jetzt nat\u00fcrlich etwas verlassen aussehen \u2013 lediglich einige wenige Radfahrer und Wanderer begegnen uns. <a href=\"https:\/\/bf-on-tour.de\/m-15\/wp-content\/uploads\/sites\/7\/2017\/06\/P02-05.jpg\" rel=\"lightbox[13]\"><img loading=\"lazy\" decoding=\"async\" class=\"alignright size-medium wp-image-49\" src=\"https:\/\/bf-on-tour.de\/m-15\/wp-content\/uploads\/sites\/7\/2017\/06\/P02-05-300x150.jpg\" alt=\"\" width=\"300\" height=\"150\" srcset=\"https:\/\/bf-on-tour.de\/m-15\/wp-content\/uploads\/sites\/7\/2017\/06\/P02-05-300x150.jpg 300w, https:\/\/bf-on-tour.de\/m-15\/wp-content\/uploads\/sites\/7\/2017\/06\/P02-05-768x384.jpg 768w, https:\/\/bf-on-tour.de\/m-15\/wp-content\/uploads\/sites\/7\/2017\/06\/P02-05-1024x512.jpg 1024w, https:\/\/bf-on-tour.de\/m-15\/wp-content\/uploads\/sites\/7\/2017\/06\/P02-05.jpg 1200w\" sizes=\"auto, (max-width: 300px) 85vw, 300px\" \/><\/a>Wir genie\u00dfen die leeren Stra\u00dfen und unsere einzige Sorge ist, dass wir vergessen haben zu Tanken. Den Grand Colombier lassen wir, wieder mal aus Zeitgr\u00fcnden, links liegen, obwohl er uns reizen w\u00fcrde. Unser Gro\u00dfer, der einen Tag nach uns dort hinauf gefahren ist, wird sp\u00e4ter berichten, dass die Auffahrt frisch geteert, mit Rollsplitt \u00fcbers\u00e4t und \u00fcberhaupt nicht spa\u00dfig war. Wir haben also nicht viel verpasst&#8230;<\/p>\n<p>Ab Artemare wenden wir uns dann nach Westen und fahren auf der D1504 in gro\u00dfem Bogen aus dem Jura hinaus, vorbei an schroffen Felsformationen und durch niedliche D\u00f6rfchen. In Amb\u00e9rieu-en-Bugey ist es dann soweit. Das Jura liegt hinter uns und nach einem kurzen Imbiss beim Schachtelwirt machen wir uns auf den Weg nach Lyon.<\/p>\n<figure id=\"attachment_51\" aria-describedby=\"caption-attachment-51\" style=\"width: 840px\" class=\"wp-caption aligncenter\"><a href=\"https:\/\/bf-on-tour.de\/m-15\/wp-content\/uploads\/sites\/7\/2017\/06\/P02-06.jpg\" rel=\"lightbox[13]\"><img loading=\"lazy\" decoding=\"async\" class=\"wp-image-51 size-large\" src=\"https:\/\/bf-on-tour.de\/m-15\/wp-content\/uploads\/sites\/7\/2017\/06\/P02-06-1024x608.jpg\" alt=\"\" width=\"840\" height=\"499\" srcset=\"https:\/\/bf-on-tour.de\/m-15\/wp-content\/uploads\/sites\/7\/2017\/06\/P02-06-1024x608.jpg 1024w, https:\/\/bf-on-tour.de\/m-15\/wp-content\/uploads\/sites\/7\/2017\/06\/P02-06-300x178.jpg 300w, https:\/\/bf-on-tour.de\/m-15\/wp-content\/uploads\/sites\/7\/2017\/06\/P02-06-768x456.jpg 768w, https:\/\/bf-on-tour.de\/m-15\/wp-content\/uploads\/sites\/7\/2017\/06\/P02-06.jpg 1200w\" sizes=\"auto, (max-width: 709px) 85vw, (max-width: 909px) 67vw, (max-width: 1362px) 62vw, 840px\" \/><\/a><figcaption id=\"caption-attachment-51\" class=\"wp-caption-text\">Das Jura liegt hinter uns<\/figcaption><\/figure>\n<p><a href=\"https:\/\/bf-on-tour.de\/m-15\/p-03\"><img loading=\"lazy\" decoding=\"async\" class=\"alignright wp-image-115\" src=\"https:\/\/bf-on-tour.de\/m-15\/wp-content\/uploads\/sites\/7\/2017\/06\/weiter-2.png\" alt=\"\" width=\"50\" height=\"37\"><\/a><a href=\"https:\/\/bf-on-tour.de\/m-15\/p-01\"><img loading=\"lazy\" decoding=\"async\" class=\"alignleft wp-image-116\" src=\"https:\/\/bf-on-tour.de\/m-15\/wp-content\/uploads\/sites\/7\/2017\/06\/zur\u00fcck-1.png\" alt=\"\" width=\"50\" height=\"37\"><\/a><\/p>\n","protected":false},"excerpt":{"rendered":"<p>Am n\u00e4chsten Morgen geht es nach einem opulenten Fr\u00fchst\u00fcck \u00fcber die Grenze nach Basel und auf die Bundesstra\u00dfe 18 bis Delsberg, dann auf die 6 und schlie\u00dflich biegen wir ab nach St. Ursanne. Kurz darauf treffen wir auf den Doubs, den gr\u00f6\u00dften Nebenfluss der Sa\u00f4ne, der hier, aus Westen kommend, nach einem kleinen Abstecher in &hellip; <a href=\"https:\/\/bf-on-tour.de\/m-15\/p-02\/\" class=\"more-link\"><span class=\"screen-reader-text\">\u201eAuf nach Frankreich &#8211; das Jura\u201c <\/span>weiterlesen<\/a><\/p>\n","protected":false},"author":1,"featured_media":0,"parent":0,"menu_order":2,"comment_status":"open","ping_status":"closed","template":"","meta":{"footnotes":""},"class_list":["post-13","page","type-page","status-publish","hentry"],"_links":{"self":[{"href":"https:\/\/bf-on-tour.de\/m-15\/wp-json\/wp\/v2\/pages\/13","targetHints":{"allow":["GET"]}}],"collection":[{"href":"https:\/\/bf-on-tour.de\/m-15\/wp-json\/wp\/v2\/pages"}],"about":[{"href":"https:\/\/bf-on-tour.de\/m-15\/wp-json\/wp\/v2\/types\/page"}],"author":[{"embeddable":true,"href":"https:\/\/bf-on-tour.de\/m-15\/wp-json\/wp\/v2\/users\/1"}],"replies":[{"embeddable":true,"href":"https:\/\/bf-on-tour.de\/m-15\/wp-json\/wp\/v2\/comments?post=13"}],"version-history":[{"count":12,"href":"https:\/\/bf-on-tour.de\/m-15\/wp-json\/wp\/v2\/pages\/13\/revisions"}],"predecessor-version":[{"id":193,"href":"https:\/\/bf-on-tour.de\/m-15\/wp-json\/wp\/v2\/pages\/13\/revisions\/193"}],"wp:attachment":[{"href":"https:\/\/bf-on-tour.de\/m-15\/wp-json\/wp\/v2\/media?parent=13"}],"curies":[{"name":"wp","href":"https:\/\/api.w.org\/{rel}","templated":true}]}}