{"id":81,"date":"2017-01-06T11:24:11","date_gmt":"2017-01-06T10:24:11","guid":{"rendered":"http:\/\/blog.family-riders.de\/france-un\/?page_id=81"},"modified":"2021-02-26T17:39:19","modified_gmt":"2021-02-26T16:39:19","slug":"p-10","status":"publish","type":"page","link":"https:\/\/bf-on-tour.de\/m-13\/p-10\/","title":{"rendered":"R\u00fcckweg im Regen"},"content":{"rendered":"<figure id=\"attachment_225\" aria-describedby=\"caption-attachment-225\" style=\"width: 840px\" class=\"wp-caption aligncenter\"><a href=\"https:\/\/blog.family-riders.de\/france-un\/wp-content\/uploads\/sites\/4\/2017\/01\/P010-02.jpg\" rel=\"lightbox[81]\"><img loading=\"lazy\" decoding=\"async\" class=\"wp-image-225 size-large\" src=\"https:\/\/blog.family-riders.de\/france-un\/wp-content\/uploads\/sites\/4\/2017\/01\/P010-02-1024x768.jpg\" alt=\"\" width=\"840\" height=\"630\" srcset=\"https:\/\/bf-on-tour.de\/m-13\/wp-content\/uploads\/sites\/4\/2017\/01\/P010-02-1024x768.jpg 1024w, https:\/\/bf-on-tour.de\/m-13\/wp-content\/uploads\/sites\/4\/2017\/01\/P010-02-300x225.jpg 300w, https:\/\/bf-on-tour.de\/m-13\/wp-content\/uploads\/sites\/4\/2017\/01\/P010-02-768x576.jpg 768w, https:\/\/bf-on-tour.de\/m-13\/wp-content\/uploads\/sites\/4\/2017\/01\/P010-02-1200x900.jpg 1200w, https:\/\/bf-on-tour.de\/m-13\/wp-content\/uploads\/sites\/4\/2017\/01\/P010-02.jpg 1600w\" sizes=\"auto, (max-width: 709px) 85vw, (max-width: 909px) 67vw, (max-width: 1362px) 62vw, 840px\" \/><\/a><figcaption id=\"caption-attachment-225\" class=\"wp-caption-text\">Dickes Wetter in den Mittelgebirgen<\/figcaption><\/figure>\n<p style=\"text-align: justify;\">Unser\u00a0R\u00fcckweg\u00a0f\u00fchrt geradewegs wieder in das schlechte Wetter. An einer Tankstelle in <em>Valr\u00e9as<\/em> wird das Regenzeug herausgeholt und dann geht es ab in die Berge, in denen die Wolken tief und dunkel h\u00e4ngen. Nach wenigen Kilometern beginnt es leicht zu regnen. Dann sind wir mitten drin in den Wolken, fahren durch dicken Nebel und den inzwischen heftiger gewordenen Regen. Die Stra\u00dfen sind rutschig, oft liegen Bl\u00e4tter in den Kurven. Dennis sagt, er fahre mit Licht, damit uns Entgegenkommer rechtzeitig sehen \u2013 ich frage mich, ob er sonst ohne Licht f\u00e4hrt&#8230; Au\u00dferdem kommt uns niemand entgegen. Wir sind ganz allein und schleichen dahin. Irgendwie habe ich verlernt, zu fahren. Meine Maschine will nicht um die Kurven. Der Regenanzug ist undicht. Ich sitze im Nassen. Es ist kalt. Merde!<\/p>\n<figure id=\"attachment_226\" aria-describedby=\"caption-attachment-226\" style=\"width: 840px\" class=\"wp-caption aligncenter\"><a href=\"https:\/\/blog.family-riders.de\/france-un\/wp-content\/uploads\/sites\/4\/2017\/01\/P010-03.jpg\" rel=\"lightbox[81]\"><img loading=\"lazy\" decoding=\"async\" class=\"wp-image-226 size-large\" src=\"https:\/\/blog.family-riders.de\/france-un\/wp-content\/uploads\/sites\/4\/2017\/01\/P010-03-1024x768.jpg\" alt=\"\" width=\"840\" height=\"630\" srcset=\"https:\/\/bf-on-tour.de\/m-13\/wp-content\/uploads\/sites\/4\/2017\/01\/P010-03-1024x768.jpg 1024w, https:\/\/bf-on-tour.de\/m-13\/wp-content\/uploads\/sites\/4\/2017\/01\/P010-03-300x225.jpg 300w, https:\/\/bf-on-tour.de\/m-13\/wp-content\/uploads\/sites\/4\/2017\/01\/P010-03-768x576.jpg 768w, https:\/\/bf-on-tour.de\/m-13\/wp-content\/uploads\/sites\/4\/2017\/01\/P010-03-1200x900.jpg 1200w, https:\/\/bf-on-tour.de\/m-13\/wp-content\/uploads\/sites\/4\/2017\/01\/P010-03.jpg 1600w\" sizes=\"auto, (max-width: 709px) 85vw, (max-width: 909px) 67vw, (max-width: 1362px) 62vw, 840px\" \/><\/a><figcaption id=\"caption-attachment-226\" class=\"wp-caption-text\">Mitten drin&#8230;<\/figcaption><\/figure>\n<p style=\"text-align: justify;\">Wir k\u00e4mpfen uns \u00fcber <em>Dieulefit<\/em> nach <em>Crest<\/em>, stehen dort nass und frierend von einer Stra\u00dfensperre und sind mitten in Horden von Touristen, die hier einen gro\u00dfen Tr\u00f6delmarkt besuchen. Jetzt \u2013 genau jetzt f\u00e4llt die Entscheidung, heute nicht wieder in die Berge zu fahren und den Nationalpark von <em>Vercors<\/em> auszulassen.<\/p>\n<p style=\"text-align: justify;\">Das Navi wird auf <em>schnellste Route<\/em> nach <em>Grenoble<\/em> eingestellt. Und wenn dabei auch Autobahnen zu befahren sind \u2013 uns ist es egal. Also geht es erst einmal nach <em>Valence<\/em>. Es ist immer noch kalt und feucht, aber der Regen ist feiner geworden. Ganz so schlimm, wie in den Bergen ist es hier nicht mehr und tats\u00e4chlich bringt uns ein St\u00fcckchen Autobahn rasch nach <em>Romans-sur-Is\u00e8re<\/em>. Dort entscheiden wir uns allerdings, wieder die Landstra\u00dfe zu nehmen und lieber zwischen Walnussplantagen als zwischen PKW-Kolonnen nach <em>Grenoble<\/em> zu fahren, denn so sehr viel schneller ist man auf der Autobahn und in dem dichten Verkehr auch nicht.<\/p>\n<figure id=\"attachment_227\" aria-describedby=\"caption-attachment-227\" style=\"width: 840px\" class=\"wp-caption aligncenter\"><a href=\"https:\/\/blog.family-riders.de\/france-un\/wp-content\/uploads\/sites\/4\/2017\/01\/P010-04.jpg\" rel=\"lightbox[81]\"><img loading=\"lazy\" decoding=\"async\" class=\"wp-image-227 size-large\" src=\"https:\/\/blog.family-riders.de\/france-un\/wp-content\/uploads\/sites\/4\/2017\/01\/P010-04-1024x754.jpg\" alt=\"\" width=\"840\" height=\"619\" srcset=\"https:\/\/bf-on-tour.de\/m-13\/wp-content\/uploads\/sites\/4\/2017\/01\/P010-04-1024x754.jpg 1024w, https:\/\/bf-on-tour.de\/m-13\/wp-content\/uploads\/sites\/4\/2017\/01\/P010-04-300x221.jpg 300w, https:\/\/bf-on-tour.de\/m-13\/wp-content\/uploads\/sites\/4\/2017\/01\/P010-04-768x565.jpg 768w, https:\/\/bf-on-tour.de\/m-13\/wp-content\/uploads\/sites\/4\/2017\/01\/P010-04-1200x884.jpg 1200w, https:\/\/bf-on-tour.de\/m-13\/wp-content\/uploads\/sites\/4\/2017\/01\/P010-04.jpg 1600w\" sizes=\"auto, (max-width: 709px) 85vw, (max-width: 909px) 67vw, (max-width: 1362px) 62vw, 840px\" \/><\/a><figcaption id=\"caption-attachment-227\" class=\"wp-caption-text\">Grenoble<\/figcaption><\/figure>\n<p style=\"text-align: justify;\">Abends in Grenoble fahren wir mit der Stra\u00dfenbahn in die Stadt und machen noch einen kleinen Bummel durch die Innenstadt. Viel Sehenswertes gibt es hier offenbar nicht, aber uns reicht es. Bei dem gemischten Wetter macht ein ausgedehnter Stadtbummel ohnehin keinen Spa\u00df.<\/p>\n<figure id=\"attachment_232\" aria-describedby=\"caption-attachment-232\" style=\"width: 840px\" class=\"wp-caption aligncenter\"><a href=\"https:\/\/blog.family-riders.de\/france-un\/wp-content\/uploads\/sites\/4\/2017\/01\/P010-08.jpg\" rel=\"lightbox[81]\"><img loading=\"lazy\" decoding=\"async\" class=\"wp-image-232 size-large\" src=\"https:\/\/blog.family-riders.de\/france-un\/wp-content\/uploads\/sites\/4\/2017\/01\/P010-08-1024x768.jpg\" alt=\"\" width=\"840\" height=\"630\" srcset=\"https:\/\/bf-on-tour.de\/m-13\/wp-content\/uploads\/sites\/4\/2017\/01\/P010-08-1024x768.jpg 1024w, https:\/\/bf-on-tour.de\/m-13\/wp-content\/uploads\/sites\/4\/2017\/01\/P010-08-300x225.jpg 300w, https:\/\/bf-on-tour.de\/m-13\/wp-content\/uploads\/sites\/4\/2017\/01\/P010-08-768x576.jpg 768w, https:\/\/bf-on-tour.de\/m-13\/wp-content\/uploads\/sites\/4\/2017\/01\/P010-08-1200x900.jpg 1200w, https:\/\/bf-on-tour.de\/m-13\/wp-content\/uploads\/sites\/4\/2017\/01\/P010-08.jpg 1600w\" sizes=\"auto, (max-width: 709px) 85vw, (max-width: 909px) 67vw, (max-width: 1362px) 62vw, 840px\" \/><\/a><figcaption id=\"caption-attachment-232\" class=\"wp-caption-text\">Au Revoir Grenoble<\/figcaption><\/figure>\n<p style=\"text-align: justify;\">Am n\u00e4chsten Morgen ist das Wetter noch immer nicht richtig gut, aber deutlich besser als gestern. Und nach einem ordentlichen Fr\u00fchst\u00fcck klettern wir mit unseren Maschinen in das <em>Massif de la Chartreuse<\/em> hinauf. Fahren durch h\u00fcbsche kleine T\u00e4ler und hinab nach <em>Chamb\u00e9ry<\/em>. Hier herrscht wenig Verkehr und die Landschaft ist idyllisch \u2013 auch wenn es immer noch kalt und wolkenverhangen ist.<\/p>\n<figure id=\"attachment_233\" aria-describedby=\"caption-attachment-233\" style=\"width: 840px\" class=\"wp-caption aligncenter\"><a href=\"https:\/\/blog.family-riders.de\/france-un\/wp-content\/uploads\/sites\/4\/2017\/01\/P010-09.jpg\" rel=\"lightbox[81]\"><img loading=\"lazy\" decoding=\"async\" class=\"wp-image-233 size-large\" src=\"https:\/\/blog.family-riders.de\/france-un\/wp-content\/uploads\/sites\/4\/2017\/01\/P010-09-1024x768.jpg\" alt=\"\" width=\"840\" height=\"630\" srcset=\"https:\/\/bf-on-tour.de\/m-13\/wp-content\/uploads\/sites\/4\/2017\/01\/P010-09-1024x768.jpg 1024w, https:\/\/bf-on-tour.de\/m-13\/wp-content\/uploads\/sites\/4\/2017\/01\/P010-09-300x225.jpg 300w, https:\/\/bf-on-tour.de\/m-13\/wp-content\/uploads\/sites\/4\/2017\/01\/P010-09-768x576.jpg 768w, https:\/\/bf-on-tour.de\/m-13\/wp-content\/uploads\/sites\/4\/2017\/01\/P010-09-1200x900.jpg 1200w, https:\/\/bf-on-tour.de\/m-13\/wp-content\/uploads\/sites\/4\/2017\/01\/P010-09.jpg 1600w\" sizes=\"auto, (max-width: 709px) 85vw, (max-width: 909px) 67vw, (max-width: 1362px) 62vw, 840px\" \/><\/a><figcaption id=\"caption-attachment-233\" class=\"wp-caption-text\">Im Massif de la Chartreuse<\/figcaption><\/figure>\n<p style=\"text-align: justify;\">Von <em>Chamb\u00e9ry<\/em> steigen wir dann in das n\u00e4chste Mittelgebirge, ins <em>Massif des Bauges<\/em>, auf und freuen uns, dass es langsam w\u00e4rmer und trockener wird. Auch hier finden wir sch\u00f6ne T\u00e4ler und weite Ausblicke obwohl deutlich zu sp\u00fcren ist, dass die Berge flacher sind und die Landschaft weitl\u00e4ufiger wird.<\/p>\n<figure id=\"attachment_234\" aria-describedby=\"caption-attachment-234\" style=\"width: 840px\" class=\"wp-caption aligncenter\"><a href=\"https:\/\/blog.family-riders.de\/france-un\/wp-content\/uploads\/sites\/4\/2017\/01\/P010-10.jpg\" rel=\"lightbox[81]\"><img loading=\"lazy\" decoding=\"async\" class=\"wp-image-234 size-large\" src=\"https:\/\/blog.family-riders.de\/france-un\/wp-content\/uploads\/sites\/4\/2017\/01\/P010-10-1024x768.jpg\" alt=\"\" width=\"840\" height=\"630\" srcset=\"https:\/\/bf-on-tour.de\/m-13\/wp-content\/uploads\/sites\/4\/2017\/01\/P010-10-1024x768.jpg 1024w, https:\/\/bf-on-tour.de\/m-13\/wp-content\/uploads\/sites\/4\/2017\/01\/P010-10-300x225.jpg 300w, https:\/\/bf-on-tour.de\/m-13\/wp-content\/uploads\/sites\/4\/2017\/01\/P010-10-768x576.jpg 768w, https:\/\/bf-on-tour.de\/m-13\/wp-content\/uploads\/sites\/4\/2017\/01\/P010-10-1200x900.jpg 1200w, https:\/\/bf-on-tour.de\/m-13\/wp-content\/uploads\/sites\/4\/2017\/01\/P010-10.jpg 1600w\" sizes=\"auto, (max-width: 709px) 85vw, (max-width: 909px) 67vw, (max-width: 1362px) 62vw, 840px\" \/><\/a><figcaption id=\"caption-attachment-234\" class=\"wp-caption-text\">Im Massif des Bauges<\/figcaption><\/figure>\n<p style=\"text-align: justify;\">Schlie\u00dflich erreichen wir <em>Annecy<\/em> am gleichnamigen See \u2013 den wir bereits weit zuvor aus den Bergen heraus hatten blau leuchten sehen. Die Stadt brummt. Viele Touristen und viel Verkehr. Irgendwie hat sich mein Navi vertan. Zwar nur etwas, aber das hat zur Folge, dass Dennis pl\u00f6tzlich wieder weg ist. An irgendeinem Kreisverkehr habe ich ihn abgeh\u00e4ngt. Aber wie in Menton, so hilft auch hier wieder das Handy. Dennis ruft an und ich erkl\u00e4re ihm, wo ich auf ihn warte.<\/p>\n<figure id=\"attachment_235\" aria-describedby=\"caption-attachment-235\" style=\"width: 840px\" class=\"wp-caption aligncenter\"><a href=\"https:\/\/blog.family-riders.de\/france-un\/wp-content\/uploads\/sites\/4\/2017\/01\/P010-11.jpg\" rel=\"lightbox[81]\"><img loading=\"lazy\" decoding=\"async\" class=\"wp-image-235 size-large\" src=\"https:\/\/blog.family-riders.de\/france-un\/wp-content\/uploads\/sites\/4\/2017\/01\/P010-11-1024x324.jpg\" width=\"840\" height=\"266\" srcset=\"https:\/\/bf-on-tour.de\/m-13\/wp-content\/uploads\/sites\/4\/2017\/01\/P010-11-1024x324.jpg 1024w, https:\/\/bf-on-tour.de\/m-13\/wp-content\/uploads\/sites\/4\/2017\/01\/P010-11-300x95.jpg 300w, https:\/\/bf-on-tour.de\/m-13\/wp-content\/uploads\/sites\/4\/2017\/01\/P010-11-768x243.jpg 768w, https:\/\/bf-on-tour.de\/m-13\/wp-content\/uploads\/sites\/4\/2017\/01\/P010-11-1200x380.jpg 1200w, https:\/\/bf-on-tour.de\/m-13\/wp-content\/uploads\/sites\/4\/2017\/01\/P010-11.jpg 1600w\" sizes=\"auto, (max-width: 709px) 85vw, (max-width: 909px) 67vw, (max-width: 1362px) 62vw, 840px\" \/><\/a><figcaption id=\"caption-attachment-235\" class=\"wp-caption-text\">Blick auf den See von Annency<\/figcaption><\/figure>\n<p style=\"text-align: justify;\">In <em>Cruseilles<\/em> geht es dann zum letzten Mal in die Berge. <em>Mont Sal\u00e8ve<\/em> wartet auf uns als letzte Barriere vor <em>Genf<\/em> und dem <em>Lac L\u00e9man<\/em>. Dort f\u00fchrt auf dem Kamm eine kleine Stra\u00dfe entlang, die einen wunderbaren Ausblick in Richtung <em>Bonneville<\/em> einerseits und in Richtung Genf andererseits verspricht.<\/p>\n<figure id=\"attachment_236\" aria-describedby=\"caption-attachment-236\" style=\"width: 840px\" class=\"wp-caption aligncenter\"><a href=\"https:\/\/blog.family-riders.de\/france-un\/wp-content\/uploads\/sites\/4\/2017\/01\/P010-12.jpg\" rel=\"lightbox[81]\"><img loading=\"lazy\" decoding=\"async\" class=\"wp-image-236 size-large\" src=\"https:\/\/blog.family-riders.de\/france-un\/wp-content\/uploads\/sites\/4\/2017\/01\/P010-12-1024x657.jpg\" alt=\"\" width=\"840\" height=\"539\" srcset=\"https:\/\/bf-on-tour.de\/m-13\/wp-content\/uploads\/sites\/4\/2017\/01\/P010-12-1024x657.jpg 1024w, https:\/\/bf-on-tour.de\/m-13\/wp-content\/uploads\/sites\/4\/2017\/01\/P010-12-300x193.jpg 300w, https:\/\/bf-on-tour.de\/m-13\/wp-content\/uploads\/sites\/4\/2017\/01\/P010-12-768x493.jpg 768w, https:\/\/bf-on-tour.de\/m-13\/wp-content\/uploads\/sites\/4\/2017\/01\/P010-12-1200x770.jpg 1200w, https:\/\/bf-on-tour.de\/m-13\/wp-content\/uploads\/sites\/4\/2017\/01\/P010-12.jpg 1600w\" sizes=\"auto, (max-width: 709px) 85vw, (max-width: 909px) 67vw, (max-width: 1362px) 62vw, 840px\" \/><\/a><figcaption id=\"caption-attachment-236\" class=\"wp-caption-text\">Verhunzte Stra\u00dfe<\/figcaption><\/figure>\n<p style=\"text-align: justify;\">Leider haben die Stra\u00dfenbauer die Auffahrt dorthin v\u00f6llig verhunzt. Gro\u00dfe gelbe Schilder warnen vor Rollsplitt \u2013 und der hat es in sich: Er ist vermischt mit fl\u00fcssigem Bitumen und klebt \u00fcberall fest. An den Reifen, im Profil, an der Kleidung, wenn er hochspritzt. Nach wenigen Metern sehen unsere Reifen aus wie \u201egeteert und gefedert\u201c. Vom Gummi ist kaum noch etwas zu sehen. Wir fahren praktisch auf festgeklebtem Rollsplitt. Ein <em>tolles<\/em> Gef\u00fchl!<\/p>\n<p style=\"text-align: justify;\">Oben angekommen, ist die Horrorstrecke endlich zu Ende und wir suchen einen kleinen Parkplatz auf, um so gut es geht die Splittsteinchen aus dem Reifenprofil zu kratzen. Mit den <em>versteinerten<\/em> Reifen will keiner von uns bergab nach <em>Genf<\/em> fahren.<\/p>\n<figure id=\"attachment_238\" aria-describedby=\"caption-attachment-238\" style=\"width: 840px\" class=\"wp-caption aligncenter\"><a href=\"https:\/\/blog.family-riders.de\/france-un\/wp-content\/uploads\/sites\/4\/2017\/01\/P010-14.jpg\" rel=\"lightbox[81]\"><img loading=\"lazy\" decoding=\"async\" class=\"wp-image-238 size-large\" src=\"https:\/\/blog.family-riders.de\/france-un\/wp-content\/uploads\/sites\/4\/2017\/01\/P010-14-1024x524.jpg\" width=\"840\" height=\"430\" srcset=\"https:\/\/bf-on-tour.de\/m-13\/wp-content\/uploads\/sites\/4\/2017\/01\/P010-14-1024x524.jpg 1024w, https:\/\/bf-on-tour.de\/m-13\/wp-content\/uploads\/sites\/4\/2017\/01\/P010-14-300x153.jpg 300w, https:\/\/bf-on-tour.de\/m-13\/wp-content\/uploads\/sites\/4\/2017\/01\/P010-14-768x393.jpg 768w, https:\/\/bf-on-tour.de\/m-13\/wp-content\/uploads\/sites\/4\/2017\/01\/P010-14-1200x614.jpg 1200w, https:\/\/bf-on-tour.de\/m-13\/wp-content\/uploads\/sites\/4\/2017\/01\/P010-14.jpg 1600w\" sizes=\"auto, (max-width: 709px) 85vw, (max-width: 909px) 67vw, (max-width: 1362px) 62vw, 840px\" \/><\/a><figcaption id=\"caption-attachment-238\" class=\"wp-caption-text\">Blick auf Genf<\/figcaption><\/figure>\n<p style=\"text-align: justify;\">Am Abend im Hotel finden wir eine Speisekarte auf unserem Zimmer. Nichts Ungew\u00f6hnliches an sich, aber diese ist nicht mehrsprachig sondern nur franz\u00f6sisch. Nun, ich bin bislang in Frankreich nicht verhungert und Dennis hatte Franz\u00f6sisch sogar in der Schule \u2013 auf dem Gymnasium, wie auch auf der Berufsschule. Da muss doch herauszubekommen sein, was das Haus bietet. Und so liegen wir auf dem Bett und nehmen uns die Karte vor.<\/p>\n<p style=\"text-align: justify;\">\u201e<em>Haricots verts<\/em> \u2013 ist das nicht Gem\u00fcse?\u201c \u201eKlar, aber <em>l\u00e9gumes<\/em> \u2013 ist das nicht auch Gem\u00fcse?\u201c \u201eKann ja nicht sein&#8230;\u201c So geht es eine ganze Weile und wir haben viel zu lachen \u00fcber unsere zum gro\u00dfen Teil kuriosen \u00dcbersetzungen \u2013 bis wir schlie\u00dflich doch das W\u00f6rterbuch zu Rate ziehen.<\/p>\n<p><a href=\"https:\/\/bf-on-tour.de\/m-13\/p-09\/\"><img loading=\"lazy\" decoding=\"async\" class=\"alignleft wp-image-345\" src=\"https:\/\/blog.family-riders.de\/france-un\/wp-content\/uploads\/sites\/4\/2017\/06\/zur\u00fcck.png\" alt=\"\" width=\"50\" height=\"37\" \/><\/a> <a href=\"https:\/\/blog.family-riders.de\/m-13\/p-11\/\"><img loading=\"lazy\" decoding=\"async\" class=\"alignright wp-image-344\" src=\"https:\/\/bf-on-tour.de\/france-un\/wp-content\/uploads\/sites\/4\/2017\/06\/weiter.png\" alt=\"\" width=\"50\" height=\"37\" \/><\/a><\/p>\n","protected":false},"excerpt":{"rendered":"<p>Unser\u00a0R\u00fcckweg\u00a0f\u00fchrt geradewegs wieder in das schlechte Wetter. An einer Tankstelle in Valr\u00e9as wird das Regenzeug herausgeholt und dann geht es ab in die Berge, in denen die Wolken tief und dunkel h\u00e4ngen. Nach wenigen Kilometern beginnt es leicht zu regnen. Dann sind wir mitten drin in den Wolken, fahren durch dicken Nebel und den inzwischen &hellip; <a href=\"https:\/\/bf-on-tour.de\/m-13\/p-10\/\" class=\"more-link\"><span class=\"screen-reader-text\">\u201eR\u00fcckweg im Regen\u201c <\/span>weiterlesen<\/a><\/p>\n","protected":false},"author":1,"featured_media":0,"parent":0,"menu_order":10,"comment_status":"open","ping_status":"closed","template":"","meta":{"footnotes":""},"class_list":["post-81","page","type-page","status-publish","hentry"],"_links":{"self":[{"href":"https:\/\/bf-on-tour.de\/m-13\/wp-json\/wp\/v2\/pages\/81","targetHints":{"allow":["GET"]}}],"collection":[{"href":"https:\/\/bf-on-tour.de\/m-13\/wp-json\/wp\/v2\/pages"}],"about":[{"href":"https:\/\/bf-on-tour.de\/m-13\/wp-json\/wp\/v2\/types\/page"}],"author":[{"embeddable":true,"href":"https:\/\/bf-on-tour.de\/m-13\/wp-json\/wp\/v2\/users\/1"}],"replies":[{"embeddable":true,"href":"https:\/\/bf-on-tour.de\/m-13\/wp-json\/wp\/v2\/comments?post=81"}],"version-history":[{"count":13,"href":"https:\/\/bf-on-tour.de\/m-13\/wp-json\/wp\/v2\/pages\/81\/revisions"}],"predecessor-version":[{"id":457,"href":"https:\/\/bf-on-tour.de\/m-13\/wp-json\/wp\/v2\/pages\/81\/revisions\/457"}],"wp:attachment":[{"href":"https:\/\/bf-on-tour.de\/m-13\/wp-json\/wp\/v2\/media?parent=81"}],"curies":[{"name":"wp","href":"https:\/\/api.w.org\/{rel}","templated":true}]}}