{"id":74,"date":"2017-01-06T11:23:39","date_gmt":"2017-01-06T10:23:39","guid":{"rendered":"http:\/\/blog.family-riders.de\/france-un\/?page_id=74"},"modified":"2021-02-26T17:38:20","modified_gmt":"2021-02-26T16:38:20","slug":"p-07","status":"publish","type":"page","link":"https:\/\/bf-on-tour.de\/m-13\/p-07\/","title":{"rendered":"Zur\u00fcck in die Berge und ein Bisschen \u201eoffroad\u201c"},"content":{"rendered":"<p style=\"text-align: justify;\">Kurz vor 6:00 Uhr aufzustehen, ist heute kein Problem f\u00fcr uns. Geschlafen haben wir kaum in dieser Nacht und ab 7:00 Uhr lockt das Fr\u00fchst\u00fcck. Noch ein Tag Hitzefahren ist nicht unser Ziel. Wir haben uns entschlossen, ab <em>Cannes<\/em> wieder in die Berge abzubiegen und <em>Saint Tropez<\/em> auszulassen. Und da heute Sonntag ist, sind die Stra\u00dfen um diese Uhrzeit noch relativ leer, die Temperaturen ertr\u00e4glich und die Route deutlich k\u00fcrzer als geplant. Vielleicht k\u00f6nnen wir noch am Nachmittag einen kurzen Abstecher zu den\u00a0<em>Gorges du Verdon<\/em> machen.<\/p>\n<figure id=\"attachment_195\" aria-describedby=\"caption-attachment-195\" style=\"width: 840px\" class=\"wp-caption aligncenter\"><a href=\"https:\/\/bf-on-tour.de\/m-13\/wp-content\/uploads\/sites\/4\/2017\/01\/P07-01.jpg\" rel=\"lightbox[74]\"><img loading=\"lazy\" decoding=\"async\" class=\"wp-image-195 size-large\" src=\"https:\/\/bf-on-tour.de\/m-13\/wp-content\/uploads\/sites\/4\/2017\/01\/P07-01-1024x768.jpg\" alt=\"\" width=\"840\" height=\"630\" srcset=\"https:\/\/bf-on-tour.de\/m-13\/wp-content\/uploads\/sites\/4\/2017\/01\/P07-01-1024x768.jpg 1024w, https:\/\/bf-on-tour.de\/m-13\/wp-content\/uploads\/sites\/4\/2017\/01\/P07-01-300x225.jpg 300w, https:\/\/bf-on-tour.de\/m-13\/wp-content\/uploads\/sites\/4\/2017\/01\/P07-01-768x576.jpg 768w, https:\/\/bf-on-tour.de\/m-13\/wp-content\/uploads\/sites\/4\/2017\/01\/P07-01-1200x900.jpg 1200w, https:\/\/bf-on-tour.de\/m-13\/wp-content\/uploads\/sites\/4\/2017\/01\/P07-01.jpg 1600w\" sizes=\"auto, (max-width: 709px) 85vw, (max-width: 909px) 67vw, (max-width: 1362px) 62vw, 840px\" \/><\/a><figcaption id=\"caption-attachment-195\" class=\"wp-caption-text\">Sonntagspause im Schatten<\/figcaption><\/figure>\n<p style=\"text-align: justify;\">Ab <em>Mandelieu la Napoule<\/em> fahren wir dann auf bestens ausgebauter Stra\u00dfe durch die interessante Mittelgebirgslandschaft des <em>Massif de l\u2019Esterel<\/em>. Hier sind die Berge nicht besonders hoch, aber durch die lockere Bewaldung, die h\u00fcbschen Aussichten auf kleine St\u00e4dte und D\u00f6rfer und die kurvenreiche Stra\u00dfe ist es ein wahren Vergn\u00fcgen, hier zu fahren. Noch unbeschwerter w\u00e4re es, wenn nicht die vielen Bitumenschmierereien auf der Stra\u00dfe w\u00e4ren.<\/p>\n<p style=\"text-align: justify;\">Schlie\u00dflich erreichen wir die Randgebiete von <em>Saint Rapha\u00ebl<\/em> und halten uns nordw\u00e4rts auf der D4 bis <em>Tourrettes<\/em>, wo wir auf die D19 abbiegen. Beide Stra\u00dfen sind sch\u00f6n kurvig, gut bis sehr gut ausgebaut und landschaftlich interessant. So kommen wir z\u00fcgig voran und erreichen <em>Comps sur Artuby<\/em>, wo wir im <em>Grand Hotel Bains<\/em> vorgebucht haben.<\/p>\n<figure id=\"attachment_197\" aria-describedby=\"caption-attachment-197\" style=\"width: 840px\" class=\"wp-caption aligncenter\"><a href=\"https:\/\/bf-on-tour.de\/m-13\/wp-content\/uploads\/sites\/4\/2017\/01\/P07-03.jpg\" rel=\"lightbox[74]\"><img loading=\"lazy\" decoding=\"async\" class=\"wp-image-197 size-large\" src=\"https:\/\/bf-on-tour.de\/m-13\/wp-content\/uploads\/sites\/4\/2017\/01\/P07-03-1024x719.jpg\" alt=\"\" width=\"840\" height=\"590\" srcset=\"https:\/\/bf-on-tour.de\/m-13\/wp-content\/uploads\/sites\/4\/2017\/01\/P07-03-1024x719.jpg 1024w, https:\/\/bf-on-tour.de\/m-13\/wp-content\/uploads\/sites\/4\/2017\/01\/P07-03-300x211.jpg 300w, https:\/\/bf-on-tour.de\/m-13\/wp-content\/uploads\/sites\/4\/2017\/01\/P07-03-768x540.jpg 768w, https:\/\/bf-on-tour.de\/m-13\/wp-content\/uploads\/sites\/4\/2017\/01\/P07-03-1200x843.jpg 1200w, https:\/\/bf-on-tour.de\/m-13\/wp-content\/uploads\/sites\/4\/2017\/01\/P07-03.jpg 1600w\" sizes=\"auto, (max-width: 709px) 85vw, (max-width: 909px) 67vw, (max-width: 1362px) 62vw, 840px\" \/><\/a><figcaption id=\"caption-attachment-197\" class=\"wp-caption-text\">Comps-sur-Artuby<\/figcaption><\/figure>\n<p style=\"text-align: justify;\">Interessanterweise stimmen die Koordinaten, die das Hotel von sich selbst im Internet ver\u00f6ffentlicht hat, \u00fcberhaupt nicht mit seinem tats\u00e4chlichen Standort \u00fcberein, weshalb wir \u2013 navih\u00f6rig, wie wir nun einmal sind \u2013 mit den bepackten Maschinen erst einmal durch einen gut besuchten Mittelaltermarkt jonglieren, der heute das gesamte Zentrum des Ortes ausmacht. Die Besucher sind dar\u00fcber wenig begeistert und nachdem uns einer von ihnen \u00e4rgerlich angehalten hat, hilft er uns immerhin weiter, den richtigen Weg zu finden. Wir waren bereits l\u00e4ngst am Hotel vorbeigefahren, ohne es zu bemerken&#8230;<\/p>\n<figure id=\"attachment_196\" aria-describedby=\"caption-attachment-196\" style=\"width: 840px\" class=\"wp-caption aligncenter\"><a href=\"https:\/\/bf-on-tour.de\/m-13\/wp-content\/uploads\/sites\/4\/2017\/01\/P07-02.jpg\" rel=\"lightbox[74]\"><img loading=\"lazy\" decoding=\"async\" class=\"wp-image-196 size-large\" src=\"https:\/\/bf-on-tour.de\/m-13\/wp-content\/uploads\/sites\/4\/2017\/01\/P07-02-1024x765.jpg\" alt=\"\" width=\"840\" height=\"628\" srcset=\"https:\/\/bf-on-tour.de\/m-13\/wp-content\/uploads\/sites\/4\/2017\/01\/P07-02-1024x765.jpg 1024w, https:\/\/bf-on-tour.de\/m-13\/wp-content\/uploads\/sites\/4\/2017\/01\/P07-02-300x224.jpg 300w, https:\/\/bf-on-tour.de\/m-13\/wp-content\/uploads\/sites\/4\/2017\/01\/P07-02-768x574.jpg 768w, https:\/\/bf-on-tour.de\/m-13\/wp-content\/uploads\/sites\/4\/2017\/01\/P07-02-1200x896.jpg 1200w, https:\/\/bf-on-tour.de\/m-13\/wp-content\/uploads\/sites\/4\/2017\/01\/P07-02.jpg 1600w\" sizes=\"auto, (max-width: 709px) 85vw, (max-width: 909px) 67vw, (max-width: 1362px) 62vw, 840px\" \/><\/a><figcaption id=\"caption-attachment-196\" class=\"wp-caption-text\">Mittelaltermarkt<\/figcaption><\/figure>\n<p style=\"text-align: justify;\">Zimmer beziehen, Duschen und Mittag essen. Dann wollen wir die\u00a0<em>Gorges du Verdon<\/em> erkunden. Aber wir haben nicht mit der letzten Nacht gerechnet, die jetzt ihren Tribut verlangt. W\u00e4hrend wir auf den Betten liegend \u00fcber die Nachmittagsfahrt diskutieren, schlafen wir ein und werden erst am sp\u00e4ten Nachmittag von einem Musikumzug geweckt, bei dem die Mittelalterlichen dudelsackpfeifend, handleiernd und laut trommelnd durch die Stra\u00dfen ziehen. Also keine <em>Gorges du Verdon<\/em> heute, sondern Mittelaltermarkt.<\/p>\n<p style=\"text-align: justify;\">Wir erstehen ein echtes Nougat \u2013 eine Art t\u00fcrkischer Honig \u2013 und schauen den verkleideten K\u00e4mpfern zu, die, als zwei rivalisierenden Gruppen, auf dem hiesigen Bouleplatz ihre Schwerter, Lanzen und Schilde erheben, um mit lautem Gebr\u00fcll aufeinander loszurennen. Was f\u00fcr ein Spektakel!<\/p>\n<figure id=\"attachment_198\" aria-describedby=\"caption-attachment-198\" style=\"width: 840px\" class=\"wp-caption aligncenter\"><a href=\"https:\/\/bf-on-tour.de\/m-13\/wp-content\/uploads\/sites\/4\/2017\/01\/P07-04.jpg\" rel=\"lightbox[74]\"><img loading=\"lazy\" decoding=\"async\" class=\"wp-image-198 size-large\" src=\"https:\/\/bf-on-tour.de\/m-13\/wp-content\/uploads\/sites\/4\/2017\/01\/P07-04-1024x230.jpg\" width=\"840\" height=\"189\" srcset=\"https:\/\/bf-on-tour.de\/m-13\/wp-content\/uploads\/sites\/4\/2017\/01\/P07-04-1024x230.jpg 1024w, https:\/\/bf-on-tour.de\/m-13\/wp-content\/uploads\/sites\/4\/2017\/01\/P07-04-300x67.jpg 300w, https:\/\/bf-on-tour.de\/m-13\/wp-content\/uploads\/sites\/4\/2017\/01\/P07-04-768x172.jpg 768w, https:\/\/bf-on-tour.de\/m-13\/wp-content\/uploads\/sites\/4\/2017\/01\/P07-04-1200x269.jpg 1200w, https:\/\/bf-on-tour.de\/m-13\/wp-content\/uploads\/sites\/4\/2017\/01\/P07-04.jpg 1600w\" sizes=\"auto, (max-width: 709px) 85vw, (max-width: 909px) 67vw, (max-width: 1362px) 62vw, 840px\" \/><\/a><figcaption id=\"caption-attachment-198\" class=\"wp-caption-text\">Ausblick zu den Gorges du Verdun<\/figcaption><\/figure>\n<p style=\"text-align: justify;\">Gegen Abend beschlie\u00dfen die Mittelalterlichen ihren Markt mit einem sch\u00f6nen Umzug aller Darsteller und wir den Tag mit einem hervorragenden Abendessen auf der Terrasse des Hotels. So geht Urlaub!<\/p>\n<p><a href=\"https:\/\/bf-on-tour.de\/m-13\/p-06\/\"><img loading=\"lazy\" decoding=\"async\" class=\"alignleft wp-image-345\" src=\"https:\/\/bf-on-tour.de\/m-13\/wp-content\/uploads\/sites\/4\/2017\/06\/zur\u00fcck.png\" alt=\"\" width=\"50\" height=\"37\" \/><\/a> <a href=\"https:\/\/bf-on-tour.de\/m-13\/p-08\/\"><img loading=\"lazy\" decoding=\"async\" class=\"alignright wp-image-344\" src=\"https:\/\/bf-on-tour.de\/m-13\/wp-content\/uploads\/sites\/4\/2017\/06\/weiter.png\" alt=\"\" width=\"50\" height=\"37\" \/><\/a><\/p>\n","protected":false},"excerpt":{"rendered":"<p>Kurz vor 6:00 Uhr aufzustehen, ist heute kein Problem f\u00fcr uns. Geschlafen haben wir kaum in dieser Nacht und ab 7:00 Uhr lockt das Fr\u00fchst\u00fcck. Noch ein Tag Hitzefahren ist nicht unser Ziel. Wir haben uns entschlossen, ab Cannes wieder in die Berge abzubiegen und Saint Tropez auszulassen. Und da heute Sonntag ist, sind die &hellip; <a href=\"https:\/\/bf-on-tour.de\/m-13\/p-07\/\" class=\"more-link\"><span class=\"screen-reader-text\">\u201eZur\u00fcck in die Berge und ein Bisschen \u201eoffroad\u201c\u201c <\/span>weiterlesen<\/a><\/p>\n","protected":false},"author":1,"featured_media":0,"parent":0,"menu_order":7,"comment_status":"open","ping_status":"closed","template":"","meta":{"footnotes":""},"class_list":["post-74","page","type-page","status-publish","hentry"],"_links":{"self":[{"href":"https:\/\/bf-on-tour.de\/m-13\/wp-json\/wp\/v2\/pages\/74","targetHints":{"allow":["GET"]}}],"collection":[{"href":"https:\/\/bf-on-tour.de\/m-13\/wp-json\/wp\/v2\/pages"}],"about":[{"href":"https:\/\/bf-on-tour.de\/m-13\/wp-json\/wp\/v2\/types\/page"}],"author":[{"embeddable":true,"href":"https:\/\/bf-on-tour.de\/m-13\/wp-json\/wp\/v2\/users\/1"}],"replies":[{"embeddable":true,"href":"https:\/\/bf-on-tour.de\/m-13\/wp-json\/wp\/v2\/comments?post=74"}],"version-history":[{"count":12,"href":"https:\/\/bf-on-tour.de\/m-13\/wp-json\/wp\/v2\/pages\/74\/revisions"}],"predecessor-version":[{"id":454,"href":"https:\/\/bf-on-tour.de\/m-13\/wp-json\/wp\/v2\/pages\/74\/revisions\/454"}],"wp:attachment":[{"href":"https:\/\/bf-on-tour.de\/m-13\/wp-json\/wp\/v2\/media?parent=74"}],"curies":[{"name":"wp","href":"https:\/\/api.w.org\/{rel}","templated":true}]}}