{"id":71,"date":"2017-01-06T11:23:19","date_gmt":"2017-01-06T10:23:19","guid":{"rendered":"http:\/\/blog.family-riders.de\/france-un\/?page_id=71"},"modified":"2021-02-26T17:38:02","modified_gmt":"2021-02-26T16:38:02","slug":"p-06","status":"publish","type":"page","link":"https:\/\/bf-on-tour.de\/m-13\/p-06\/","title":{"rendered":"Abenteuer Cote d\u2018Azur"},"content":{"rendered":"<p style=\"text-align: justify;\">Ein k\u00fchl-frischer Morgen erwartet uns und l\u00e4sst den Spaziergang zum Geldautomaten ertr\u00e4glich sein, denn hier gilt: Nur Bares ist Wahres. Und gegen 9:00 Uhr geht es wieder los.<\/p>\n<figure id=\"attachment_179\" aria-describedby=\"caption-attachment-179\" style=\"width: 840px\" class=\"wp-caption aligncenter\"><a href=\"https:\/\/bf-on-tour.de\/m-13\/wp-content\/uploads\/sites\/4\/2017\/01\/P06-01.jpg\" rel=\"lightbox[71]\"><img loading=\"lazy\" decoding=\"async\" class=\"wp-image-179 size-large\" src=\"https:\/\/bf-on-tour.de\/m-13\/wp-content\/uploads\/sites\/4\/2017\/01\/P06-01-1024x431.jpg\" alt=\"\" width=\"840\" height=\"354\" srcset=\"https:\/\/bf-on-tour.de\/m-13\/wp-content\/uploads\/sites\/4\/2017\/01\/P06-01-1024x431.jpg 1024w, https:\/\/bf-on-tour.de\/m-13\/wp-content\/uploads\/sites\/4\/2017\/01\/P06-01-300x126.jpg 300w, https:\/\/bf-on-tour.de\/m-13\/wp-content\/uploads\/sites\/4\/2017\/01\/P06-01-768x324.jpg 768w, https:\/\/bf-on-tour.de\/m-13\/wp-content\/uploads\/sites\/4\/2017\/01\/P06-01-1200x506.jpg 1200w, https:\/\/bf-on-tour.de\/m-13\/wp-content\/uploads\/sites\/4\/2017\/01\/P06-01.jpg 1600w\" sizes=\"auto, (max-width: 709px) 85vw, (max-width: 909px) 67vw, (max-width: 1362px) 62vw, 840px\" \/><\/a><figcaption id=\"caption-attachment-179\" class=\"wp-caption-text\">Der letzte Weg bis zur K\u00fcste<\/figcaption><\/figure>\n<p style=\"text-align: justify;\">Ab in die Berge und die letzten 26 km hinunter zur italienischen Sonnenk\u00fcste, die hier <em>Riviera di Ponente<\/em> hei\u00dft. Verkehr herrscht weitgehend keiner, die Landschaft ist abwechslungsreich, die Stra\u00dfe schlecht, aber wir schaffen die Strecke in kurzer Zeit.<\/p>\n<figure id=\"attachment_180\" aria-describedby=\"caption-attachment-180\" style=\"width: 840px\" class=\"wp-caption aligncenter\"><a href=\"https:\/\/bf-on-tour.de\/m-13\/wp-content\/uploads\/sites\/4\/2017\/01\/P06-02.jpg\" rel=\"lightbox[71]\"><img loading=\"lazy\" decoding=\"async\" class=\"wp-image-180 size-large\" src=\"https:\/\/bf-on-tour.de\/m-13\/wp-content\/uploads\/sites\/4\/2017\/01\/P06-02-1024x754.jpg\" alt=\"\" width=\"840\" height=\"619\" srcset=\"https:\/\/bf-on-tour.de\/m-13\/wp-content\/uploads\/sites\/4\/2017\/01\/P06-02-1024x754.jpg 1024w, https:\/\/bf-on-tour.de\/m-13\/wp-content\/uploads\/sites\/4\/2017\/01\/P06-02-300x221.jpg 300w, https:\/\/bf-on-tour.de\/m-13\/wp-content\/uploads\/sites\/4\/2017\/01\/P06-02-768x565.jpg 768w, https:\/\/bf-on-tour.de\/m-13\/wp-content\/uploads\/sites\/4\/2017\/01\/P06-02-1200x884.jpg 1200w, https:\/\/bf-on-tour.de\/m-13\/wp-content\/uploads\/sites\/4\/2017\/01\/P06-02.jpg 1600w\" sizes=\"auto, (max-width: 709px) 85vw, (max-width: 909px) 67vw, (max-width: 1362px) 62vw, 840px\" \/><\/a><figcaption id=\"caption-attachment-180\" class=\"wp-caption-text\">Auf der K\u00fcstenstra\u00dfe<\/figcaption><\/figure>\n<p style=\"text-align: justify;\">Ab <em>Finale Ligure<\/em> wird es dann gruselig \u2013 wir h\u00e4tten es uns denken k\u00f6nnen&#8230; Es ist 9:30 Uhr. Das Thermometer klettert\u00a0unaufhaltsam der 40\u00b0C-Marke entgegen, Scharen von Urlaubern streben an den Strand und unz\u00e4hlige Lieferwagen, PKWs und Motorroller verstopfen die K\u00fcstenstra\u00dfe. Unsere Durchschnittsgeschwindigkeit f\u00fcr die n\u00e4chsten 36 km bel\u00e4uft sich auf 18 km\/h, weshalb wir in <em>Andora<\/em> v\u00f6llig entnervt auf die Autobahn nach <em>Ventimiglia<\/em> wechseln und dort h\u00f6chst freiwillig die Geb\u00fchr von 7,80 EUR entrichten.<\/p>\n<p style=\"text-align: justify;\">Unsere n\u00e4chste Station soll <em>Monte Carlo<\/em> sein. Aber in <em>Menton<\/em> muss Dennis tanken \u2013 wir haben uns diese Aufgabe bis Frankreich aufgespart, weil die Benzinpreise in Italien mit bis zu 2,03 EUR\/ltr. unversch\u00e4mt hoch waren. Und auf der Suche nach einer Tankstelle verlieren wir uns. Pl\u00f6tzlich ist Dennis weg. Funkkontakt besteht nicht mehr und der Handyempfang ist zwischen den H\u00e4usern gleich null. Zwei-, dreimal fahre ich die letzte Strecke ab, um zu sehen ob er irgendwo wegen Spritmangels liegen geblieben ist. Dann der Anruf: \u201eIch stehe hier am Ende der Bucht im Schatten und sehe f\u00fcnf Segler ankern. Wo bist Du?\u201c<\/p>\n<figure id=\"attachment_181\" aria-describedby=\"caption-attachment-181\" style=\"width: 840px\" class=\"wp-caption aligncenter\"><a href=\"https:\/\/bf-on-tour.de\/m-13\/wp-content\/uploads\/sites\/4\/2017\/01\/P06-03.jpg\" rel=\"lightbox[71]\"><img loading=\"lazy\" decoding=\"async\" class=\"wp-image-181 size-large\" src=\"https:\/\/bf-on-tour.de\/m-13\/wp-content\/uploads\/sites\/4\/2017\/01\/P06-03-1024x563.jpg\" alt=\"\" width=\"840\" height=\"462\" srcset=\"https:\/\/bf-on-tour.de\/m-13\/wp-content\/uploads\/sites\/4\/2017\/01\/P06-03-1024x563.jpg 1024w, https:\/\/bf-on-tour.de\/m-13\/wp-content\/uploads\/sites\/4\/2017\/01\/P06-03-300x165.jpg 300w, https:\/\/bf-on-tour.de\/m-13\/wp-content\/uploads\/sites\/4\/2017\/01\/P06-03-768x422.jpg 768w, https:\/\/bf-on-tour.de\/m-13\/wp-content\/uploads\/sites\/4\/2017\/01\/P06-03-1200x660.jpg 1200w, https:\/\/bf-on-tour.de\/m-13\/wp-content\/uploads\/sites\/4\/2017\/01\/P06-03.jpg 1600w\" sizes=\"auto, (max-width: 709px) 85vw, (max-width: 909px) 67vw, (max-width: 1362px) 62vw, 840px\" \/><\/a><figcaption id=\"caption-attachment-181\" class=\"wp-caption-text\">Menton<\/figcaption><\/figure>\n<p style=\"text-align: justify;\">Ich stehe auf der K\u00fcstenstra\u00dfe in der prallen Sonne im Stau hinter\u00a0einem Unfallwagen, der einen \u00fcberhitzten Touristen vom Strand einl\u00e4dt, und warte darauf, vom Motorrad zu fallen, um dann gleich mit eingeladen zu werden. Nach quasi endlosen 15 Minuten ist die Aktion beendet. Es geht wieder weiter und ich finde Dennis tats\u00e4chlich. Also jetzt schnell tanken und ab nach <em>Monte Carlo<\/em>.<\/p>\n<figure id=\"attachment_182\" aria-describedby=\"caption-attachment-182\" style=\"width: 675px\" class=\"wp-caption aligncenter\"><a href=\"https:\/\/bf-on-tour.de\/m-13\/wp-content\/uploads\/sites\/4\/2017\/01\/P06-04.jpg\" rel=\"lightbox[71]\"><img loading=\"lazy\" decoding=\"async\" class=\"wp-image-182 size-full\" src=\"https:\/\/bf-on-tour.de\/m-13\/wp-content\/uploads\/sites\/4\/2017\/01\/P06-04.jpg\" alt=\"\" width=\"675\" height=\"900\" srcset=\"https:\/\/bf-on-tour.de\/m-13\/wp-content\/uploads\/sites\/4\/2017\/01\/P06-04.jpg 675w, https:\/\/bf-on-tour.de\/m-13\/wp-content\/uploads\/sites\/4\/2017\/01\/P06-04-225x300.jpg 225w\" sizes=\"auto, (max-width: 675px) 85vw, 675px\" \/><\/a><figcaption id=\"caption-attachment-182\" class=\"wp-caption-text\">Monte Carlo<\/figcaption><\/figure>\n<p style=\"text-align: justify;\">Das pr\u00e4sentiert sich wenig touristenfreundlich: Nach einer kurzen Einfahrt in die Stadt zwischen Wohnhochh\u00e4usern, durch deren L\u00fccken hindurch man kaum etwas von der Stadt sieht, verschwindet die Stra\u00dfe im Tunnel. Zahlreiche Kreisverkehre und Wegweiser weisen \u00fcberall hin, aber die Stra\u00dfen in die Stadt hinein sind meist durch Schranken abgesperrt und der einzig fahrbare Weg f\u00fchrt uns wieder aus der Stadt hinaus. Nach rund 10 Minuten haben wir Monte Carlo hinter uns und stehen im Freien an einer Ampel. Keiner von uns will noch einmal zur\u00fcck&#8230;<\/p>\n<p style=\"text-align: justify;\">Wir bleiben auf der mittleren Corniche und kommen nach <em>\u00c8ze<\/em>, dem mittelalterlichen Bergdorf hoch \u00fcber dem Meer, finden aber leider keinen Platz, um die Maschinen abzustellen und ins Dorf gehen zu k\u00f6nnen. Es ist alles proppevoll mit Touristen.<\/p>\n<figure id=\"attachment_185\" aria-describedby=\"caption-attachment-185\" style=\"width: 840px\" class=\"wp-caption aligncenter\"><a href=\"https:\/\/bf-on-tour.de\/m-13\/wp-content\/uploads\/sites\/4\/2017\/01\/P06-07.jpg\" rel=\"lightbox[71]\"><img loading=\"lazy\" decoding=\"async\" class=\"wp-image-185 size-large\" src=\"https:\/\/bf-on-tour.de\/m-13\/wp-content\/uploads\/sites\/4\/2017\/01\/P06-07-1024x768.jpg\" alt=\"\" width=\"840\" height=\"630\" srcset=\"https:\/\/bf-on-tour.de\/m-13\/wp-content\/uploads\/sites\/4\/2017\/01\/P06-07-1024x768.jpg 1024w, https:\/\/bf-on-tour.de\/m-13\/wp-content\/uploads\/sites\/4\/2017\/01\/P06-07-300x225.jpg 300w, https:\/\/bf-on-tour.de\/m-13\/wp-content\/uploads\/sites\/4\/2017\/01\/P06-07-768x576.jpg 768w, https:\/\/bf-on-tour.de\/m-13\/wp-content\/uploads\/sites\/4\/2017\/01\/P06-07-1200x900.jpg 1200w, https:\/\/bf-on-tour.de\/m-13\/wp-content\/uploads\/sites\/4\/2017\/01\/P06-07.jpg 1600w\" sizes=\"auto, (max-width: 709px) 85vw, (max-width: 909px) 67vw, (max-width: 1362px) 62vw, 840px\" \/><\/a><figcaption id=\"caption-attachment-185\" class=\"wp-caption-text\">Nizza Strand<\/figcaption><\/figure>\n<p style=\"text-align: justify;\">Wenig sp\u00e4ter sind wir in <em>Nizza<\/em>. Der Weg zur Jugendherberge ist \u2013 dank Navi \u2013 einfach zu finden und wir k\u00f6nnen dort unsere Maschinen im Park der Herberge einigerma\u00dfen diebstahlsicher abstellen.<\/p>\n<figure id=\"attachment_184\" aria-describedby=\"caption-attachment-184\" style=\"width: 672px\" class=\"wp-caption aligncenter\"><a href=\"https:\/\/bf-on-tour.de\/m-13\/wp-content\/uploads\/sites\/4\/2017\/01\/P06-06.jpg\" rel=\"lightbox[71]\"><img loading=\"lazy\" decoding=\"async\" class=\"wp-image-184 size-full\" src=\"https:\/\/bf-on-tour.de\/m-13\/wp-content\/uploads\/sites\/4\/2017\/01\/P06-06.jpg\" alt=\"\" width=\"672\" height=\"900\" srcset=\"https:\/\/bf-on-tour.de\/m-13\/wp-content\/uploads\/sites\/4\/2017\/01\/P06-06.jpg 672w, https:\/\/bf-on-tour.de\/m-13\/wp-content\/uploads\/sites\/4\/2017\/01\/P06-06-224x300.jpg 224w\" sizes=\"auto, (max-width: 672px) 85vw, 672px\" \/><\/a><figcaption id=\"caption-attachment-184\" class=\"wp-caption-text\">Jugendherberge Nizza<\/figcaption><\/figure>\n<p style=\"text-align: justify;\">Da diese mitten in der Stadt liegt, haben wir es nicht weit bis zum n\u00e4chsten Bistro, bis zur K\u00fcstenstra\u00dfe mit den mond\u00e4nen Hotels und dem reichlich eng belegten Strand. Trotz der Hitze machen wir einen ausf\u00fchrlichen Strand- und Stadtrundgang, um schlie\u00dflich in einer der Haupteinkaufsstra\u00dfen in einem Stra\u00dfencaf\u00e9\u00a0zu bleiben.<\/p>\n<p style=\"text-align: justify;\">Die Nacht verbringen wir in einem 8-Bettzimmer. Der Raum ist sauber, aber es ist unbeschreiblich hei\u00df und stickig. Zwei Fenster gibt es, die sich zu einem Innenhof \u00f6ffnen und damit kaum frische oder gar k\u00fchle Luft ins Zimmer lassen.\u00a0Insgesamt ist es\u00a0kaum zu ertragen; es wird unsere unruhigste Nacht auf dieser Reise.<\/p>\n<p><a href=\"https:\/\/bf-on-tour.de\/m-13\/p-05\/\"><img loading=\"lazy\" decoding=\"async\" class=\"alignleft wp-image-345\" src=\"https:\/\/bf-on-tour.de\/m-13\/wp-content\/uploads\/sites\/4\/2017\/06\/zur\u00fcck.png\" alt=\"\" width=\"50\" height=\"37\" \/><\/a> <a href=\"https:\/\/bf-on-tour.de\/m-13\/p-07\/\"><img loading=\"lazy\" decoding=\"async\" class=\"alignright wp-image-344\" src=\"https:\/\/bf-on-tour.de\/m-13\/wp-content\/uploads\/sites\/4\/2017\/06\/weiter.png\" alt=\"\" width=\"50\" height=\"37\" \/><\/a><\/p>\n","protected":false},"excerpt":{"rendered":"<p>Ein k\u00fchl-frischer Morgen erwartet uns und l\u00e4sst den Spaziergang zum Geldautomaten ertr\u00e4glich sein, denn hier gilt: Nur Bares ist Wahres. Und gegen 9:00 Uhr geht es wieder los. Ab in die Berge und die letzten 26 km hinunter zur italienischen Sonnenk\u00fcste, die hier Riviera di Ponente hei\u00dft. Verkehr herrscht weitgehend keiner, die Landschaft ist abwechslungsreich, &hellip; <a href=\"https:\/\/bf-on-tour.de\/m-13\/p-06\/\" class=\"more-link\"><span class=\"screen-reader-text\">\u201eAbenteuer Cote d\u2018Azur\u201c <\/span>weiterlesen<\/a><\/p>\n","protected":false},"author":1,"featured_media":0,"parent":0,"menu_order":6,"comment_status":"open","ping_status":"closed","template":"","meta":{"footnotes":""},"class_list":["post-71","page","type-page","status-publish","hentry"],"_links":{"self":[{"href":"https:\/\/bf-on-tour.de\/m-13\/wp-json\/wp\/v2\/pages\/71","targetHints":{"allow":["GET"]}}],"collection":[{"href":"https:\/\/bf-on-tour.de\/m-13\/wp-json\/wp\/v2\/pages"}],"about":[{"href":"https:\/\/bf-on-tour.de\/m-13\/wp-json\/wp\/v2\/types\/page"}],"author":[{"embeddable":true,"href":"https:\/\/bf-on-tour.de\/m-13\/wp-json\/wp\/v2\/users\/1"}],"replies":[{"embeddable":true,"href":"https:\/\/bf-on-tour.de\/m-13\/wp-json\/wp\/v2\/comments?post=71"}],"version-history":[{"count":15,"href":"https:\/\/bf-on-tour.de\/m-13\/wp-json\/wp\/v2\/pages\/71\/revisions"}],"predecessor-version":[{"id":453,"href":"https:\/\/bf-on-tour.de\/m-13\/wp-json\/wp\/v2\/pages\/71\/revisions\/453"}],"wp:attachment":[{"href":"https:\/\/bf-on-tour.de\/m-13\/wp-json\/wp\/v2\/media?parent=71"}],"curies":[{"name":"wp","href":"https:\/\/api.w.org\/{rel}","templated":true}]}}