{"id":68,"date":"2017-01-06T11:23:07","date_gmt":"2017-01-06T10:23:07","guid":{"rendered":"http:\/\/blog.family-riders.de\/france-un\/?page_id=68"},"modified":"2021-02-26T17:37:44","modified_gmt":"2021-02-26T16:37:44","slug":"p-05","status":"publish","type":"page","link":"https:\/\/bf-on-tour.de\/m-13\/p-05\/","title":{"rendered":"Ins Tal der Mon Cherie"},"content":{"rendered":"<p style=\"text-align: justify;\">Die Nacht war unruhig, mir ist das Abendessen auf dem Magen stehen geblieben und ich musste der eigenwilligen Herrentoilette (ein kleines Kabuff, in dem erst Licht angeht, wenn man abgeschlossen hat \u2013 solange ist alles stockfinster) h\u00e4ufiger als gewollt einen Besuch abstatten. Auch das Fr\u00fchst\u00fcck ist eher karg. \u00dcberhaupt begegnet uns die Wirtin mit freundlichem Desinteresse &#8211; bis wir bezahlen, da fragt sie pl\u00f6tzlich nach \u201ewoher und wohin\u201c und w\u00fcnscht uns tats\u00e4chlich \u201ebonne route\u201c.<\/p>\n<figure id=\"attachment_167\" aria-describedby=\"caption-attachment-167\" style=\"width: 649px\" class=\"wp-caption aligncenter\"><a href=\"https:\/\/bf-on-tour.de\/m-13\/wp-content\/uploads\/sites\/4\/2017\/01\/P05-01.jpg\" rel=\"lightbox[68]\"><img loading=\"lazy\" decoding=\"async\" class=\"wp-image-167 size-full\" src=\"https:\/\/bf-on-tour.de\/m-13\/wp-content\/uploads\/sites\/4\/2017\/01\/P05-01.jpg\" alt=\"\" width=\"649\" height=\"900\" srcset=\"https:\/\/bf-on-tour.de\/m-13\/wp-content\/uploads\/sites\/4\/2017\/01\/P05-01.jpg 649w, https:\/\/bf-on-tour.de\/m-13\/wp-content\/uploads\/sites\/4\/2017\/01\/P05-01-216x300.jpg 216w\" sizes=\"auto, (max-width: 649px) 85vw, 649px\" \/><\/a><figcaption id=\"caption-attachment-167\" class=\"wp-caption-text\">Col de Izoard<\/figcaption><\/figure>\n<p style=\"text-align: justify;\">Wir fahren z\u00fcgig durch Briancon hinauf zum <em>Col de l\u2019Izoard<\/em>, auf 2.361 m hinauf. Eine wenig spektakul\u00e4re Auffahrt und oben angekommen, gibt es eigentlich nicht viel zu sehen. Au\u00dfer einem Radfahrer, der sichtlich ersch\u00f6pft den Gipfel erreicht hat, kurzer Hand sein Rad auf die andere Stra\u00dfenseite tr\u00e4gt (!) und ohne einen Blick nach links oder rechts wieder abw\u00e4rts f\u00e4hrt. Obelix w\u00fcrde sagen: Die spinnen, die Radler!<\/p>\n<figure id=\"attachment_169\" aria-describedby=\"caption-attachment-169\" style=\"width: 840px\" class=\"wp-caption aligncenter\"><a href=\"https:\/\/bf-on-tour.de\/m-13\/wp-content\/uploads\/sites\/4\/2017\/01\/P05-03.jpg\" rel=\"lightbox[68]\"><img loading=\"lazy\" decoding=\"async\" class=\"wp-image-169 size-large\" src=\"https:\/\/bf-on-tour.de\/m-13\/wp-content\/uploads\/sites\/4\/2017\/01\/P05-03-1024x617.jpg\" alt=\"\" width=\"840\" height=\"506\" srcset=\"https:\/\/bf-on-tour.de\/m-13\/wp-content\/uploads\/sites\/4\/2017\/01\/P05-03-1024x617.jpg 1024w, https:\/\/bf-on-tour.de\/m-13\/wp-content\/uploads\/sites\/4\/2017\/01\/P05-03-300x181.jpg 300w, https:\/\/bf-on-tour.de\/m-13\/wp-content\/uploads\/sites\/4\/2017\/01\/P05-03-768x463.jpg 768w, https:\/\/bf-on-tour.de\/m-13\/wp-content\/uploads\/sites\/4\/2017\/01\/P05-03-1200x723.jpg 1200w, https:\/\/bf-on-tour.de\/m-13\/wp-content\/uploads\/sites\/4\/2017\/01\/P05-03.jpg 1600w\" sizes=\"auto, (max-width: 709px) 85vw, (max-width: 909px) 67vw, (max-width: 1362px) 62vw, 840px\" \/><\/a><figcaption id=\"caption-attachment-169\" class=\"wp-caption-text\">Casse D\u00e9serte<\/figcaption><\/figure>\n<p style=\"text-align: justify;\">Sch\u00f6ner ist die Abfahrt durch die Schutthalden der <em>Casse D\u00e9serte<\/em>, der zerhackten W\u00fcste und die <em>Combe du Queyras<\/em>, eine Schlucht, in der wir auf Rafter treffen, die dort mit dem Schlauchboot und mit viel Spa\u00df abenteuerliche Wasserklippen hinabsausen.<\/p>\n<figure id=\"attachment_173\" aria-describedby=\"caption-attachment-173\" style=\"width: 840px\" class=\"wp-caption aligncenter\"><a href=\"https:\/\/bf-on-tour.de\/m-13\/wp-content\/uploads\/sites\/4\/2017\/01\/P05-07.jpg\" rel=\"lightbox[68]\"><img loading=\"lazy\" decoding=\"async\" class=\"wp-image-173 size-large\" src=\"https:\/\/bf-on-tour.de\/m-13\/wp-content\/uploads\/sites\/4\/2017\/01\/P05-07-1024x266.jpg\" width=\"840\" height=\"218\" srcset=\"https:\/\/bf-on-tour.de\/m-13\/wp-content\/uploads\/sites\/4\/2017\/01\/P05-07-1024x266.jpg 1024w, https:\/\/bf-on-tour.de\/m-13\/wp-content\/uploads\/sites\/4\/2017\/01\/P05-07-300x78.jpg 300w, https:\/\/bf-on-tour.de\/m-13\/wp-content\/uploads\/sites\/4\/2017\/01\/P05-07-768x199.jpg 768w, https:\/\/bf-on-tour.de\/m-13\/wp-content\/uploads\/sites\/4\/2017\/01\/P05-07-1200x311.jpg 1200w, https:\/\/bf-on-tour.de\/m-13\/wp-content\/uploads\/sites\/4\/2017\/01\/P05-07.jpg 1600w\" sizes=\"auto, (max-width: 709px) 85vw, (max-width: 909px) 67vw, (max-width: 1362px) 62vw, 840px\" \/><\/a><figcaption id=\"caption-attachment-173\" class=\"wp-caption-text\">Zum Col du Vars<\/figcaption><\/figure>\n<p style=\"text-align: justify;\">Unser n\u00e4chstes Ziel: Der <em>Col du Vars<\/em>. Nette Kurven, 2.108 m H\u00f6he, keine Herausforderung. Aber es macht Spa\u00df, hier zu fahren. Blauer Himmel, nicht zu warm &#8211; wir freuen auf den <em>Col de la Bonette<\/em>. Und der hat es in sich! Die Pass-Stra\u00dfe ist knapp 50 km lang, hat gef\u00fchlte 50\u00a0Kehren und dazu noch unz\u00e4hlige Kurven, aber die f\u00fcr Radler an der Stra\u00dfenseite befindlichen \u201eMeilensteine\u201c besagen, dass Aufstieg und Abfahrt gleicherma\u00dfen etwa 50 km lang sind, d.h. die eigentliche Pass-Stra\u00dfe macht nur die H\u00e4lfte der Strecke aus. Wir k\u00e4mpfen uns aufw\u00e4rts im Track von Radlern und PKWs, die wegen des Gegenverkehrs oft nur schwer zu \u00fcberholen sind. Machen wir ein Foto, sind sie wieder an uns vorbei und die Hatz beginnt von vorn.<\/p>\n<figure id=\"attachment_174\" aria-describedby=\"caption-attachment-174\" style=\"width: 840px\" class=\"wp-caption aligncenter\"><a href=\"https:\/\/bf-on-tour.de\/m-13\/wp-content\/uploads\/sites\/4\/2017\/01\/P05-08.jpg\" rel=\"lightbox[68]\"><img loading=\"lazy\" decoding=\"async\" class=\"wp-image-174 size-large\" src=\"https:\/\/bf-on-tour.de\/m-13\/wp-content\/uploads\/sites\/4\/2017\/01\/P05-08-1024x580.jpg\" alt=\"\" width=\"840\" height=\"476\" srcset=\"https:\/\/bf-on-tour.de\/m-13\/wp-content\/uploads\/sites\/4\/2017\/01\/P05-08-1024x580.jpg 1024w, https:\/\/bf-on-tour.de\/m-13\/wp-content\/uploads\/sites\/4\/2017\/01\/P05-08-300x170.jpg 300w, https:\/\/bf-on-tour.de\/m-13\/wp-content\/uploads\/sites\/4\/2017\/01\/P05-08-768x435.jpg 768w, https:\/\/bf-on-tour.de\/m-13\/wp-content\/uploads\/sites\/4\/2017\/01\/P05-08-1200x680.jpg 1200w, https:\/\/bf-on-tour.de\/m-13\/wp-content\/uploads\/sites\/4\/2017\/01\/P05-08.jpg 1600w\" sizes=\"auto, (max-width: 709px) 85vw, (max-width: 909px) 67vw, (max-width: 1362px) 62vw, 840px\" \/><\/a><figcaption id=\"caption-attachment-174\" class=\"wp-caption-text\">Camp des Fourches<\/figcaption><\/figure>\n<p style=\"text-align: justify;\">Oben sind wir abgek\u00e4mpft und verzichten auf den letzten Weg zum <em>Cime de la Bonette<\/em>, der uns noch einmal knapp 100 m h\u00f6her gebracht h\u00e4tte. Meine H\u00f6henangst dankt es, dass Dennis dort auch nicht mehr hinauf will. Also wieder abw\u00e4rts! \u00dcber den <em>Col de Raspaillon<\/em>, den wir als solchen gar nicht erkennen, und durch das verlassene Milit\u00e4rlager <em>Camp des Fourches<\/em>. Dann sind wir im <em>Tin\u00e9e-Tal<\/em>, einem dicht bewaldeten Hochtal, in dem wir bis <em>Isola<\/em> fahren. Hier geht es links von der <em>Route des Grandes Alpes<\/em> ab, zum <em>Col de la Lombarde<\/em> \u2013 unserem letzten Pass, dem \u00dcbergang zur\u00fcck nach Italien, ins <em>Piemont<\/em>, dem Land der Mon Cheries.<\/p>\n<p style=\"text-align: justify;\">Zun\u00e4chst f\u00fchrt die Stra\u00dfe steil in den Berg, um dann pl\u00f6tzlich mit einer Anzahl engster Wechselkehren aufzuwarten. Wer h\u00e4tte das gedacht? Das hatten wir ja bislang noch gar nicht&#8230; Uns bleibt unklar, wie dort die gro\u00dfen Reisedampfer von BMW oder gar Harley Davidson hochkommen sollen. F\u00fcr uns grenzt das schon an Akrobatik.<\/p>\n<figure id=\"attachment_175\" aria-describedby=\"caption-attachment-175\" style=\"width: 840px\" class=\"wp-caption aligncenter\"><a href=\"https:\/\/bf-on-tour.de\/m-13\/wp-content\/uploads\/sites\/4\/2017\/01\/P05-09.jpg\" rel=\"lightbox[68]\"><img loading=\"lazy\" decoding=\"async\" class=\"wp-image-175 size-large\" src=\"https:\/\/bf-on-tour.de\/m-13\/wp-content\/uploads\/sites\/4\/2017\/01\/P05-09-1024x605.jpg\" alt=\"\" width=\"840\" height=\"496\" srcset=\"https:\/\/bf-on-tour.de\/m-13\/wp-content\/uploads\/sites\/4\/2017\/01\/P05-09-1024x605.jpg 1024w, https:\/\/bf-on-tour.de\/m-13\/wp-content\/uploads\/sites\/4\/2017\/01\/P05-09-300x177.jpg 300w, https:\/\/bf-on-tour.de\/m-13\/wp-content\/uploads\/sites\/4\/2017\/01\/P05-09-768x454.jpg 768w, https:\/\/bf-on-tour.de\/m-13\/wp-content\/uploads\/sites\/4\/2017\/01\/P05-09-1200x709.jpg 1200w, https:\/\/bf-on-tour.de\/m-13\/wp-content\/uploads\/sites\/4\/2017\/01\/P05-09.jpg 1600w\" sizes=\"auto, (max-width: 709px) 85vw, (max-width: 909px) 67vw, (max-width: 1362px) 62vw, 840px\" \/><\/a><figcaption id=\"caption-attachment-175\" class=\"wp-caption-text\">Abfahrt vom Col de la Lombarde<\/figcaption><\/figure>\n<p style=\"text-align: justify;\">Die Abfahrt ist nicht weniger abenteuerlich. Nicht, weil die Stra\u00dfe schwierig w\u00e4re, sondern weil sie so eng ist, dass sich selbst zwei Motorr\u00e4der ausweichen m\u00fcssen. Gr\u00fc\u00dfen ist nicht angesagt, man w\u00fcrde sich dabei die Hand geben. Und die Kehren der italienischen Seite sind auch nicht \u00fcbel. Nicht so eng, wie bergauf, daf\u00fcr aber in dichter Folge und straff an den Berg gemauert.<\/p>\n<figure id=\"attachment_176\" aria-describedby=\"caption-attachment-176\" style=\"width: 840px\" class=\"wp-caption aligncenter\"><a href=\"https:\/\/bf-on-tour.de\/m-13\/wp-content\/uploads\/sites\/4\/2017\/01\/P05-10.jpg\" rel=\"lightbox[68]\"><img loading=\"lazy\" decoding=\"async\" class=\"wp-image-176 size-large\" src=\"https:\/\/bf-on-tour.de\/m-13\/wp-content\/uploads\/sites\/4\/2017\/01\/P05-10-1024x634.jpg\" alt=\"\" width=\"840\" height=\"520\" srcset=\"https:\/\/bf-on-tour.de\/m-13\/wp-content\/uploads\/sites\/4\/2017\/01\/P05-10-1024x634.jpg 1024w, https:\/\/bf-on-tour.de\/m-13\/wp-content\/uploads\/sites\/4\/2017\/01\/P05-10-300x186.jpg 300w, https:\/\/bf-on-tour.de\/m-13\/wp-content\/uploads\/sites\/4\/2017\/01\/P05-10-768x476.jpg 768w, https:\/\/bf-on-tour.de\/m-13\/wp-content\/uploads\/sites\/4\/2017\/01\/P05-10-1200x743.jpg 1200w, https:\/\/bf-on-tour.de\/m-13\/wp-content\/uploads\/sites\/4\/2017\/01\/P05-10.jpg 1600w\" sizes=\"auto, (max-width: 709px) 85vw, (max-width: 909px) 67vw, (max-width: 1362px) 62vw, 840px\" \/><\/a><figcaption id=\"caption-attachment-176\" class=\"wp-caption-text\">Gemauerte Serpentinen<\/figcaption><\/figure>\n<p style=\"text-align: justify;\">Im <em>Piemont<\/em> gibt es leider keine Mon Cheries. Die wachsen hier wohl doch nicht (oder wir haben sie nicht gefunden). Es wird immer langweiliger, je weiter wir aus den Bergen heraus kommen. Ab <em>Cuneo<\/em> ist wieder die Autobahn angesagt, bis wir endlich in die Berge abbiegen, zum <em>Lago di Osiglia<\/em>. Dort in der Jugendherberge haben wir f\u00fcr die Nacht gebucht.<\/p>\n<p style=\"text-align: justify;\">Aber auch hier will man von unserer Buchung nichts wissen \u2013 bis wir die entsprechenden Mails zeigen und der Herbergsvater uns etwas besch\u00e4mt ein Zimmer herrichtet. Er hatte die Mails selbst geschrieben&#8230;<\/p>\n<p><a href=\"https:\/\/bf-on-tour.de\/m-13\/p-04\/\"><img loading=\"lazy\" decoding=\"async\" class=\"alignleft wp-image-345\" src=\"https:\/\/bf-on-tour.de\/m-13\/wp-content\/uploads\/sites\/4\/2017\/06\/zur\u00fcck.png\" alt=\"\" width=\"50\" height=\"37\" \/><\/a> <a href=\"https:\/\/bf-on-tour.de\/m-13\/p-06\/\"><img loading=\"lazy\" decoding=\"async\" class=\"alignright wp-image-344\" src=\"https:\/\/bf-on-tour.de\/m-13\/wp-content\/uploads\/sites\/4\/2017\/06\/weiter.png\" alt=\"\" width=\"50\" height=\"37\" \/><\/a><\/p>\n","protected":false},"excerpt":{"rendered":"<p>Die Nacht war unruhig, mir ist das Abendessen auf dem Magen stehen geblieben und ich musste der eigenwilligen Herrentoilette (ein kleines Kabuff, in dem erst Licht angeht, wenn man abgeschlossen hat \u2013 solange ist alles stockfinster) h\u00e4ufiger als gewollt einen Besuch abstatten. Auch das Fr\u00fchst\u00fcck ist eher karg. \u00dcberhaupt begegnet uns die Wirtin mit freundlichem &hellip; <a href=\"https:\/\/bf-on-tour.de\/m-13\/p-05\/\" class=\"more-link\"><span class=\"screen-reader-text\">\u201eIns Tal der Mon Cherie\u201c <\/span>weiterlesen<\/a><\/p>\n","protected":false},"author":1,"featured_media":0,"parent":0,"menu_order":5,"comment_status":"open","ping_status":"closed","template":"","meta":{"footnotes":""},"class_list":["post-68","page","type-page","status-publish","hentry"],"_links":{"self":[{"href":"https:\/\/bf-on-tour.de\/m-13\/wp-json\/wp\/v2\/pages\/68","targetHints":{"allow":["GET"]}}],"collection":[{"href":"https:\/\/bf-on-tour.de\/m-13\/wp-json\/wp\/v2\/pages"}],"about":[{"href":"https:\/\/bf-on-tour.de\/m-13\/wp-json\/wp\/v2\/types\/page"}],"author":[{"embeddable":true,"href":"https:\/\/bf-on-tour.de\/m-13\/wp-json\/wp\/v2\/users\/1"}],"replies":[{"embeddable":true,"href":"https:\/\/bf-on-tour.de\/m-13\/wp-json\/wp\/v2\/comments?post=68"}],"version-history":[{"count":15,"href":"https:\/\/bf-on-tour.de\/m-13\/wp-json\/wp\/v2\/pages\/68\/revisions"}],"predecessor-version":[{"id":452,"href":"https:\/\/bf-on-tour.de\/m-13\/wp-json\/wp\/v2\/pages\/68\/revisions\/452"}],"wp:attachment":[{"href":"https:\/\/bf-on-tour.de\/m-13\/wp-json\/wp\/v2\/media?parent=68"}],"curies":[{"name":"wp","href":"https:\/\/api.w.org\/{rel}","templated":true}]}}