{"id":12,"date":"2017-01-06T11:20:57","date_gmt":"2017-01-06T10:20:57","guid":{"rendered":"http:\/\/blog.family-riders.de\/france-un\/?page_id=12"},"modified":"2020-04-03T11:31:17","modified_gmt":"2020-04-03T09:31:17","slug":"prolog","status":"publish","type":"page","link":"https:\/\/bf-on-tour.de\/m-13\/","title":{"rendered":"Prolog"},"content":{"rendered":"<p style=\"text-align: justify;\">Was macht ein guter Ehemann, wenn seine bessere H\u00e4lfte mit ihrer\u00a0Freundin 23 Tage im Bus quer durch die USA reisen will?<\/p>\n<p style=\"text-align: justify;\">Da gibt es zwei M\u00f6glichkeiten: Er f\u00e4hrt mit oder er f\u00e4hrt nicht mit.<br \/>\n<strong>Ich will nicht 23 Tage im Bus sitzen!<\/strong><\/p>\n<p style=\"text-align: justify;\">F\u00e4hrt er nicht mit, gibt es zwei M\u00f6glichkeiten: Er bleibt zu Hause oder er f\u00e4hrt Motorrad.<br \/>\n<strong>23 Tage allein zu Hause ist langweilig!<\/strong><\/p>\n<p style=\"text-align: justify;\">F\u00e4hrt er Motorrad, gibt es zwei M\u00f6glichkeiten: Er f\u00e4hrt\u00a0allein oder er f\u00e4hrt\u00a0nicht allein.<br \/>\n<strong>Allein Motorrad fahren ist langweilig!<\/strong><\/p>\n<p style=\"text-align: justify;\">F\u00e4hrt er nicht allein, gibt es zwei M\u00f6glichkeiten: Er f\u00e4hrt\u00a0mit einem Freund oder er f\u00e4hrt\u00a0mit einer Freundin.<br \/>\n<strong>Und jetzt wird&#8217;s problematisch!<\/strong><\/p>\n<p style=\"text-align: justify;\">Mein Freund, mit dem ich schon zwei gro\u00dfe\u00a0Urlaubstouren gefahren bin (Nordkap und Gibraltar), ist mir abhanden gekommen. Seitdem er eine neue Lebensgef\u00e4hrtin hat, tendiert\u00a0sein Interesse an solchen Aktivit\u00e4ten deutlich gegen null &#8212; und die Alternative\u00a0bedeutet Ehekrach.<\/p>\n<p style=\"text-align: justify;\">Aber wozu hat man einen motorradbegeisterten Sohn. Der will dieses Jahr nach Frankreich, durch die Alpen und in die franz\u00f6sischen Mittelgebirge. Vielleicht nimmt er ja seinen Vater mit&#8230;<\/p>\n<p><a href=\"https:\/\/bf-on-tour.de\/m-13\/p-01\/\"><img loading=\"lazy\" decoding=\"async\" class=\"alignright wp-image-344\" src=\"https:\/\/bf-on-tour.de\/m-13\/wp-content\/uploads\/sites\/4\/2017\/06\/weiter.png\" alt=\"\" width=\"50\" height=\"37\" \/><\/a><\/p>\n","protected":false},"excerpt":{"rendered":"<p>Was macht ein guter Ehemann, wenn seine bessere H\u00e4lfte mit ihrer\u00a0Freundin 23 Tage im Bus quer durch die USA reisen will? Da gibt es zwei M\u00f6glichkeiten: Er f\u00e4hrt mit oder er f\u00e4hrt nicht mit. Ich will nicht 23 Tage im Bus sitzen! F\u00e4hrt er nicht mit, gibt es zwei M\u00f6glichkeiten: Er bleibt zu Hause oder &hellip; <a href=\"https:\/\/bf-on-tour.de\/m-13\/\" class=\"more-link\"><span class=\"screen-reader-text\">\u201eProlog\u201c <\/span>weiterlesen<\/a><\/p>\n","protected":false},"author":1,"featured_media":0,"parent":0,"menu_order":0,"comment_status":"open","ping_status":"closed","template":"","meta":{"footnotes":""},"class_list":["post-12","page","type-page","status-publish","hentry"],"_links":{"self":[{"href":"https:\/\/bf-on-tour.de\/m-13\/wp-json\/wp\/v2\/pages\/12","targetHints":{"allow":["GET"]}}],"collection":[{"href":"https:\/\/bf-on-tour.de\/m-13\/wp-json\/wp\/v2\/pages"}],"about":[{"href":"https:\/\/bf-on-tour.de\/m-13\/wp-json\/wp\/v2\/types\/page"}],"author":[{"embeddable":true,"href":"https:\/\/bf-on-tour.de\/m-13\/wp-json\/wp\/v2\/users\/1"}],"replies":[{"embeddable":true,"href":"https:\/\/bf-on-tour.de\/m-13\/wp-json\/wp\/v2\/comments?post=12"}],"version-history":[{"count":58,"href":"https:\/\/bf-on-tour.de\/m-13\/wp-json\/wp\/v2\/pages\/12\/revisions"}],"predecessor-version":[{"id":430,"href":"https:\/\/bf-on-tour.de\/m-13\/wp-json\/wp\/v2\/pages\/12\/revisions\/430"}],"wp:attachment":[{"href":"https:\/\/bf-on-tour.de\/m-13\/wp-json\/wp\/v2\/media?parent=12"}],"curies":[{"name":"wp","href":"https:\/\/api.w.org\/{rel}","templated":true}]}}