{"id":322,"date":"2016-08-12T13:46:14","date_gmt":"2016-08-12T11:46:14","guid":{"rendered":"http:\/\/blog.family-riders.de\/gibraltar\/?page_id=322"},"modified":"2021-02-26T17:34:42","modified_gmt":"2021-02-26T16:34:42","slug":"p-18","status":"publish","type":"page","link":"https:\/\/bf-on-tour.de\/m-10\/p-18\/","title":{"rendered":"Abschied und Heimfahrt"},"content":{"rendered":"<p style=\"text-align: justify;\">Heute unternehmen wir gar nichts. Wir sind einfach faul, genie\u00dfen den Strand und das sch\u00f6ne Wetter. Allerdings m\u00fcssen wir uns auch um die Heimreise k\u00fcmmern. Wir hatten vor, zur\u00fcck am Mittelmeer entlang bis zum Rhonetal, dort nach Norden und dann durch die Schweiz nach Hause zu fahren. Aber in der Alpenregion sind Temperaturen von etwa 12\u00b0C mit Regen angesagt. Daf\u00fcr sind wir weder ausger\u00fcstet, was warme Kleidung angeht, noch sind wir an solche Temperaturen gew\u00f6hnt. Wir frieren ja nachts schon, wenn \u201enur\u201c 27\u00b0C herrschen.<\/p>\n<p style=\"text-align: justify;\"><a href=\"https:\/\/bf-on-tour.de\/m-10\/wp-content\/uploads\/sites\/3\/2016\/08\/Beitrag-19.01.jpg\" rel=\"lightbox[322]\"><img loading=\"lazy\" decoding=\"async\" class=\"size-full wp-image-325 aligncenter\" src=\"https:\/\/bf-on-tour.de\/m-10\/wp-content\/uploads\/sites\/3\/2016\/08\/Beitrag-19.01.jpg\" alt=\"Beitrag 19.01\" width=\"800\" height=\"449\" srcset=\"https:\/\/bf-on-tour.de\/m-10\/wp-content\/uploads\/sites\/3\/2016\/08\/Beitrag-19.01.jpg 800w, https:\/\/bf-on-tour.de\/m-10\/wp-content\/uploads\/sites\/3\/2016\/08\/Beitrag-19.01-150x84.jpg 150w, https:\/\/bf-on-tour.de\/m-10\/wp-content\/uploads\/sites\/3\/2016\/08\/Beitrag-19.01-300x168.jpg 300w\" sizes=\"auto, (max-width: 800px) 85vw, 800px\" \/><\/a><\/p>\n<p style=\"text-align: justify;\">Also fragen wir in der Rezeption des Campingplatzes, ob wir von dort einen Autoreisezug von\u00a0<em>Narbonne<\/em>\u00a0nach\u00a0<em>Berlin<\/em>\u00a0buchen k\u00f6nnen und erhalten auch tats\u00e4chlich eine Zusage. Leider gibt es in dem Zug, der am Sonnabend f\u00e4hrt, keine Pl\u00e4tze mehr und so m\u00fcssen wir von\u00a0<em>Narbonne<\/em>\u00a0nach\u00a0<em>Hamburg<\/em>\u00a0buchen. Kostet nicht mehr, bringt uns aber noch eine heftige R\u00fcckfahrt von\u00a0<em>Hamburg<\/em>\u00a0ein.<\/p>\n<p style=\"text-align: justify;\">Abends leisten wir uns dann ein \u201eAbschiedsessen\u201c im Restaurant des Campingplatzes: Paella mit herrlichen Meeresfr\u00fcchten und einen guten Rosewein dazu. Da kann selbst Hendrik, der Meeresfr\u00fcchten immer etwas skeptisch gegen\u00fcber steht, nicht wiederstehen und ich muss aufpassen, dass meine Scampi und Muscheln nicht auch ohne mein Zutun immer weniger werden&#8230;<\/p>\n<p style=\"text-align: justify;\"><a href=\"https:\/\/bf-on-tour.de\/m-10\/wp-content\/uploads\/sites\/3\/2016\/08\/Beitrag-19.00.jpg\" rel=\"lightbox[322]\"><img loading=\"lazy\" decoding=\"async\" class=\"size-full wp-image-324 aligncenter\" src=\"https:\/\/bf-on-tour.de\/m-10\/wp-content\/uploads\/sites\/3\/2016\/08\/Beitrag-19.00.jpg\" alt=\"Beitrag 19.00\" width=\"800\" height=\"469\" srcset=\"https:\/\/bf-on-tour.de\/m-10\/wp-content\/uploads\/sites\/3\/2016\/08\/Beitrag-19.00.jpg 800w, https:\/\/bf-on-tour.de\/m-10\/wp-content\/uploads\/sites\/3\/2016\/08\/Beitrag-19.00-150x88.jpg 150w, https:\/\/bf-on-tour.de\/m-10\/wp-content\/uploads\/sites\/3\/2016\/08\/Beitrag-19.00-300x176.jpg 300w\" sizes=\"auto, (max-width: 800px) 85vw, 800px\" \/><\/a><\/p>\n<p style=\"text-align: justify;\">Fr\u00fch morgens um 6:00 Uhr packen wir die Zelte zusammen und r\u00f6deln die Maschinen auf. Auf dem Platz herrscht noch Nachtruhe und es ist angenehm k\u00fchl. Lieber etwas zu zeitig unterwegs sein als zu sp\u00e4t am Bahnhof in\u00a0<em>Narbonne<\/em>\u00a0ankommen. Wir m\u00fcssen dort immerhin noch unsere Fahrkarten abholen und der Zug wartet nicht&#8230;<\/p>\n<p style=\"text-align: justify;\">So leise, wie es geht, schleichen wir uns vom Platz, fahren an der herrlichen K\u00fcste entlang und dann ab\u00a0<em>St. Agar\u00f3<\/em>\u00a0auf direktem Wege zur Autobahn nach Frankreich. Leider war die Nacht kurz, der Wein gestern Abend lecker und an Fr\u00fchst\u00fcck gar nicht zu denken. Daher muss an der n\u00e4chsten Tanke erst einmal eine kalorienreiche Cola her, denn um diese Tageszeit ist hier noch alles geschlossen.<img loading=\"lazy\" decoding=\"async\" class=\"size-full wp-image-326 aligncenter\" src=\"https:\/\/bf-on-tour.de\/m-10\/wp-content\/uploads\/sites\/3\/2016\/08\/Beitrag-19.02.jpg\" alt=\"Beitrag 19.02\" width=\"800\" height=\"466\" srcset=\"https:\/\/bf-on-tour.de\/m-10\/wp-content\/uploads\/sites\/3\/2016\/08\/Beitrag-19.02.jpg 800w, https:\/\/bf-on-tour.de\/m-10\/wp-content\/uploads\/sites\/3\/2016\/08\/Beitrag-19.02-150x87.jpg 150w, https:\/\/bf-on-tour.de\/m-10\/wp-content\/uploads\/sites\/3\/2016\/08\/Beitrag-19.02-300x175.jpg 300w\" sizes=\"auto, (max-width: 800px) 85vw, 800px\" \/><\/p>\n<p style=\"text-align: justify;\">Kurioserweise habe ich ein kleines Andenken an den Campingplatz mitgenommen: Eine Ameise, die sich in meinem Helm offenbar sehr wohl gef\u00fchlt hat. Jetzt, w\u00e4hrend der Fahrt, krabbelt sie immer mal aus dem Helmfutter heraus und quer \u00fcber die Sonnenblende. Das irritiert nat\u00fcrlich. Aber wenn ich anhalte und das Visier hochklappe, um sie zu verscheuchen, ist sie ganz schnell wieder im Helmfutter verschwunden \u2013 nat\u00fcrlich, um gleich nach dem Losfahren, wieder \u00fcber die Sonnenblende zu krabbeln. Na ja, irgendwann schaffe ich es, w\u00e4hrend der Fahrt das Visier rechtzeitig hoch zu klappen und sie wird vom Fahrtwind entfernt.<\/p>\n<p style=\"text-align: justify;\"><a href=\"https:\/\/bf-on-tour.de\/m-10\/wp-content\/uploads\/sites\/3\/2016\/08\/Beitrag-19.03.jpg\" rel=\"lightbox[322]\"><img loading=\"lazy\" decoding=\"async\" class=\"size-full wp-image-327 aligncenter\" src=\"https:\/\/bf-on-tour.de\/m-10\/wp-content\/uploads\/sites\/3\/2016\/08\/Beitrag-19.03.jpg\" alt=\"Beitrag 19.03\" width=\"800\" height=\"600\" srcset=\"https:\/\/bf-on-tour.de\/m-10\/wp-content\/uploads\/sites\/3\/2016\/08\/Beitrag-19.03.jpg 800w, https:\/\/bf-on-tour.de\/m-10\/wp-content\/uploads\/sites\/3\/2016\/08\/Beitrag-19.03-150x113.jpg 150w, https:\/\/bf-on-tour.de\/m-10\/wp-content\/uploads\/sites\/3\/2016\/08\/Beitrag-19.03-300x225.jpg 300w\" sizes=\"auto, (max-width: 800px) 85vw, 800px\" \/><\/a><\/p>\n<p style=\"text-align: justify;\">Gegen Mittag und nach einer kleinen Irrfahrt durch\u00a0<em>Narbonne<\/em>\u00a0(auch hier wei\u00df die Navi-Tante nicht wirklich Bescheid), haben wir den Bahnhof erreicht und warten auf den Zug. Dann hei\u00dft es: Verladen, Einsteigen und ab nach\u00a0<em>Hamburg<\/em>. Im Hotel Mercure an der Kieler Stra\u00dfe bleiben wir f\u00fcr die n\u00e4chsten drei N\u00e4chte, bevor wir am 6. September wieder nach Hause fahren.<\/p>\n<p><a href=\"https:\/\/bf-on-tour.de\/m-10\/p-17\"><img loading=\"lazy\" decoding=\"async\" class=\"alignleft wp-image-333\" src=\"https:\/\/bf-on-tour.de\/m-10\/wp-content\/uploads\/sites\/3\/2017\/06\/zur\u00fcck.png\" alt=\"\" width=\"50\" height=\"37\" \/><\/a><\/p>\n","protected":false},"excerpt":{"rendered":"<p>Heute unternehmen wir gar nichts. Wir sind einfach faul, genie\u00dfen den Strand und das sch\u00f6ne Wetter. Allerdings m\u00fcssen wir uns auch um die Heimreise k\u00fcmmern. Wir hatten vor, zur\u00fcck am Mittelmeer entlang bis zum Rhonetal, dort nach Norden und dann durch die Schweiz nach Hause zu fahren. Aber in der Alpenregion sind Temperaturen von etwa &hellip; <a href=\"https:\/\/bf-on-tour.de\/m-10\/p-18\/\" class=\"more-link\"><span class=\"screen-reader-text\">\u201eAbschied und Heimfahrt\u201c <\/span>weiterlesen<\/a><\/p>\n","protected":false},"author":1,"featured_media":0,"parent":0,"menu_order":18,"comment_status":"open","ping_status":"closed","template":"","meta":{"footnotes":""},"class_list":["post-322","page","type-page","status-publish","hentry"],"_links":{"self":[{"href":"https:\/\/bf-on-tour.de\/m-10\/wp-json\/wp\/v2\/pages\/322","targetHints":{"allow":["GET"]}}],"collection":[{"href":"https:\/\/bf-on-tour.de\/m-10\/wp-json\/wp\/v2\/pages"}],"about":[{"href":"https:\/\/bf-on-tour.de\/m-10\/wp-json\/wp\/v2\/types\/page"}],"author":[{"embeddable":true,"href":"https:\/\/bf-on-tour.de\/m-10\/wp-json\/wp\/v2\/users\/1"}],"replies":[{"embeddable":true,"href":"https:\/\/bf-on-tour.de\/m-10\/wp-json\/wp\/v2\/comments?post=322"}],"version-history":[{"count":10,"href":"https:\/\/bf-on-tour.de\/m-10\/wp-json\/wp\/v2\/pages\/322\/revisions"}],"predecessor-version":[{"id":468,"href":"https:\/\/bf-on-tour.de\/m-10\/wp-json\/wp\/v2\/pages\/322\/revisions\/468"}],"wp:attachment":[{"href":"https:\/\/bf-on-tour.de\/m-10\/wp-json\/wp\/v2\/media?parent=322"}],"curies":[{"name":"wp","href":"https:\/\/api.w.org\/{rel}","templated":true}]}}