{"id":301,"date":"2016-08-12T12:48:51","date_gmt":"2016-08-12T10:48:51","guid":{"rendered":"http:\/\/blog.family-riders.de\/gibraltar\/?page_id=301"},"modified":"2021-02-26T17:34:00","modified_gmt":"2021-02-26T16:34:00","slug":"p-16","status":"publish","type":"page","link":"https:\/\/bf-on-tour.de\/m-10\/p-16\/","title":{"rendered":"Sierras de Cazorla"},"content":{"rendered":"<p style=\"text-align: justify;\">Heute soll es in die Berge von\u00a0<em>Cazorla<\/em>\u00a0gehen. Die Anfahrt dorthin ist kurz und wenig befahren. Wir genie\u00dfen die Landschaft. Lediglich ein kleiner Lieferwagen muss uns an v\u00f6llig un\u00fcbersichtlicher Stelle \u00fcberholen \u2013 500 Meter weiter, w\u00e4re alles sehr \u00fcbersichtlich gewesen. Wir sch\u00fctteln gemeinsam den Kopf. An der n\u00e4chsten Kreuzung liegt er dann auch im Graben und eine Ambulanz k\u00fcmmert sich um den Fahrer\u2026<\/p>\n<p style=\"text-align: justify;\"><a href=\"https:\/\/bf-on-tour.de\/m-10\/wp-content\/uploads\/sites\/3\/2016\/08\/Beitrag-17.00.jpg\" rel=\"lightbox[301]\"><img loading=\"lazy\" decoding=\"async\" class=\"size-full wp-image-305 aligncenter\" src=\"https:\/\/bf-on-tour.de\/m-10\/wp-content\/uploads\/sites\/3\/2016\/08\/Beitrag-17.00.jpg\" alt=\"Beitrag 17.00\" width=\"800\" height=\"600\" srcset=\"https:\/\/bf-on-tour.de\/m-10\/wp-content\/uploads\/sites\/3\/2016\/08\/Beitrag-17.00.jpg 800w, https:\/\/bf-on-tour.de\/m-10\/wp-content\/uploads\/sites\/3\/2016\/08\/Beitrag-17.00-150x113.jpg 150w, https:\/\/bf-on-tour.de\/m-10\/wp-content\/uploads\/sites\/3\/2016\/08\/Beitrag-17.00-300x225.jpg 300w\" sizes=\"auto, (max-width: 800px) 85vw, 800px\" \/><\/a><\/p>\n<p style=\"text-align: justify;\"><em>Cazorla<\/em>\u00a0ist ein h\u00fcbsches St\u00e4dtchen, das sehr steil und eng an den Berg gebaut ist, ja fast daran klebt. Gem\u00e4\u00df unserer Karte m\u00fcssen wir durch die Stadt hindurch bis ganz nach oben. Geht aber nicht, denn pl\u00f6tzlich ist die Stra\u00dfe zu Ende und eine schmale Fu\u00dfg\u00e4ngerzone beginnt. Irgendwo m\u00fcssen wir einen Abzweig verpasst haben. Also retour.<\/p>\n<p style=\"text-align: justify;\">Es kommt aber kein Abzweig und so sind wir nach ein paar Minuten wieder am Stadtein- bzw. f\u00fcr uns jetzt Stadtausgang. Ein Blick auf die Karte: Es gibt noch einen zweiten Weg in die Berge, der nicht durch die Stadt f\u00fchrt. Den suchen wir jetzt erst einmal mit Hilfe der freundlichen Navigon-Tante, bevor wir uns in\u00a0<em>Cazorla<\/em>\u00a0noch einmal verfahren.<\/p>\n<p style=\"text-align: justify;\">Die wei\u00df aber \u00fcberhaupt nicht, wo wir sind. Geschweige denn, wo wir hinwollen. Sie schickt uns in jeden Olivenhain, dessen Feldweg in die Stra\u00dfe m\u00fcndet \u2013 was wir nat\u00fcrlich strikt ablehnen \u2013 und gibt nach rund 5 Kilometern v\u00f6llig auf. D.h. sie sagt gar nichts mehr. Also Neustart des Programms und wieder umkehren. So einfach geben wir nicht auf. Dann muss uns Tante Navigon eben durch\u00a0<em>Cazorla<\/em>\u00a0leiten.<\/p>\n<p style=\"text-align: justify;\">Und genau das tut sie &#8211; auf abenteuerlichste Weise. Wir werden durch winzigste Gassen geschickt, die h\u00f6llisch eng, tierisch steil sind und in die kaum Tageslicht f\u00e4llt. \u201eAn der n\u00e4chsten Kreuzung rechts abbiegen, dann nach 50 Metern links abbiegen\u201c, das Ding macht mich wahnsinnig. Hier gibt es keine Kreuzungen, h\u00f6chstens kleine Toreinfahrten, die uns in Hinterh\u00f6fen zwischen den H\u00e4usern hindurch lassen. Nach etwa 10 Minuten Abenteuerfahrt kommen wir aus einem dieser finsteren G\u00e4sschen \u2013 und stehen auf der Hauptstra\u00dfe mitten in einer Baustelle. Jetzt wissen wir, warum wir hier allein nicht hingekommen waren. Die Stra\u00dfe ist gesperrt.<\/p>\n<p style=\"text-align: justify;\">Ein Zur\u00fcck gibt es aber nicht! Wir holpern \u00fcber die nicht vorhandene Stra\u00dfe und hoffen, dass wir bis zum Ende der Baustelle unbehelligt durchkommen \u2013 was auch wirklich gelingt, denn es ist nicht mehr weit bis zum Ende, wo normal geteert ist. Tante Navigon wird wieder eingepackt.<\/p>\n<p style=\"text-align: justify;\"><a href=\"https:\/\/bf-on-tour.de\/m-10\/wp-content\/uploads\/sites\/3\/2016\/08\/Beitrag-17.01.jpg\" rel=\"lightbox[301]\"><img loading=\"lazy\" decoding=\"async\" class=\"size-full wp-image-306 aligncenter\" src=\"https:\/\/bf-on-tour.de\/m-10\/wp-content\/uploads\/sites\/3\/2016\/08\/Beitrag-17.01.jpg\" alt=\"Beitrag 17.01\" width=\"800\" height=\"450\" srcset=\"https:\/\/bf-on-tour.de\/m-10\/wp-content\/uploads\/sites\/3\/2016\/08\/Beitrag-17.01.jpg 800w, https:\/\/bf-on-tour.de\/m-10\/wp-content\/uploads\/sites\/3\/2016\/08\/Beitrag-17.01-150x84.jpg 150w, https:\/\/bf-on-tour.de\/m-10\/wp-content\/uploads\/sites\/3\/2016\/08\/Beitrag-17.01-300x169.jpg 300w\" sizes=\"auto, (max-width: 800px) 85vw, 800px\" \/><\/a><\/p>\n<p style=\"text-align: justify;\">Rasch sind wir am Scheitelpunkt der Stra\u00dfe angelangt und haben einen sch\u00f6nen Ausblick \u00fcber die Berge von\u00a0<em>Cazorla<\/em>. So hatten wir uns das vorgestellt. Jetzt wieder sch\u00f6n kurvig abw\u00e4rts und dann die n\u00e4chsten 50km immer am Fluss entlang.<\/p>\n<p style=\"text-align: justify;\">Leider ist die Stra\u00dfe etwas langweilig. Viele Kurven gibt es nicht, das Pflaster ist schlecht, erfordert eine gute R\u00fcckenkondition und die ganze Region ist touristisch extrem\u00a0erschlossen: \u00dcberall stehen Ferienh\u00e4user, Hinweisschilder auf spielende Kinder und geparkte Autos der Urlauber. Zudem geht es fast immer durch Hochwald, weshalb man von der Berglandschaft so gut wie nichts sieht. Auch der erwartete Fluss hat sich hinter den B\u00e4umen versteckt \u2013 sofern er \u00fcberhaupt Wasser f\u00fchrt, denn an den Stellen, wo man freie Sicht hat, kommt lediglich ein ausgetrocknetes Flussbett zum Vorschein, in dem ein winziges B\u00e4chlein m\u00fcde vor sich hin pl\u00e4tschert. Aber ein Entkommen gibt es hier nicht. Wir fahren auf der einzigen Stra\u00dfe, die es gibt \u2013 und das dann eben bis zu deren Ende.<\/p>\n<p style=\"text-align: justify;\"><a href=\"https:\/\/bf-on-tour.de\/m-10\/wp-content\/uploads\/sites\/3\/2016\/08\/Beitrag-17.02.jpg\" rel=\"lightbox[301]\"><img loading=\"lazy\" decoding=\"async\" class=\"size-full wp-image-307 aligncenter\" src=\"https:\/\/bf-on-tour.de\/m-10\/wp-content\/uploads\/sites\/3\/2016\/08\/Beitrag-17.02.jpg\" alt=\"Beitrag 17.02\" width=\"800\" height=\"393\" srcset=\"https:\/\/bf-on-tour.de\/m-10\/wp-content\/uploads\/sites\/3\/2016\/08\/Beitrag-17.02.jpg 800w, https:\/\/bf-on-tour.de\/m-10\/wp-content\/uploads\/sites\/3\/2016\/08\/Beitrag-17.02-150x74.jpg 150w, https:\/\/bf-on-tour.de\/m-10\/wp-content\/uploads\/sites\/3\/2016\/08\/Beitrag-17.02-300x147.jpg 300w\" sizes=\"auto, (max-width: 800px) 85vw, 800px\" \/><\/a><\/p>\n<p style=\"text-align: justify;\">Gegen 16:00 Uhr biegen wir auf die N322 ein und machen wenigstens noch etwas Strecke. In\u00a0<em>Albacete<\/em>\u00a0suchen wir eine Pension, finden aber keine, denn der Feierabendverkehr l\u00e4sst uns nicht die Ruhe, nach links oder rechts Ausschau zu halten.<\/p>\n<p style=\"text-align: justify;\">So fahren wir weiter nach\u00a0<em>Tarazona de la Mancha<\/em>\u00a0\u2013 ins Nichts! Ja, tats\u00e4chlich: Hier ist es v\u00f6llig eben, hier stehen keine B\u00e4ume oder B\u00fcsche, hier sind die Felder gerodet und die Stra\u00dfe f\u00fchrt, wie mit dem Lineal gezogen, immer geradeaus \u2013 eben ins Nichts! Nein, stimmt nicht ganz, denn sie f\u00fchrt doch immerhin nach\u00a0<em>Tarazona<\/em>.<\/p>\n<p style=\"text-align: justify;\"><a href=\"https:\/\/bf-on-tour.de\/m-10\/wp-content\/uploads\/sites\/3\/2016\/08\/Beitrag-17.03.jpg\" rel=\"lightbox[301]\"><img loading=\"lazy\" decoding=\"async\" class=\"size-full wp-image-308 aligncenter\" src=\"https:\/\/bf-on-tour.de\/m-10\/wp-content\/uploads\/sites\/3\/2016\/08\/Beitrag-17.03.jpg\" alt=\"Beitrag 17.03\" width=\"800\" height=\"600\" srcset=\"https:\/\/bf-on-tour.de\/m-10\/wp-content\/uploads\/sites\/3\/2016\/08\/Beitrag-17.03.jpg 800w, https:\/\/bf-on-tour.de\/m-10\/wp-content\/uploads\/sites\/3\/2016\/08\/Beitrag-17.03-150x113.jpg 150w, https:\/\/bf-on-tour.de\/m-10\/wp-content\/uploads\/sites\/3\/2016\/08\/Beitrag-17.03-300x225.jpg 300w\" sizes=\"auto, (max-width: 800px) 85vw, 800px\" \/><\/a><\/p>\n<p style=\"text-align: justify;\">Und hier empf\u00e4ngt uns eine merkw\u00fcrdige Stadt. Nichts deutet zun\u00e4chst auf gro\u00dfen Reichtum hin. Die Leute sitzen in den Bars oder auf dem Marktplatz und trinken ihren Wein wie \u00fcberall. Nur in den Stra\u00dfen parkt das offensichtliche \u201eNormalgef\u00e4hrt der Stadt\u201c &#8211; irgendetwas ab BMW 530 aufw\u00e4rts. Kleine Fahrzeuge sieht man kaum. In der Pension fragen wir, ob wir die Maschinen in die Garage stellen d\u00fcrfen, denn diese Stra\u00dfe ist scheinbar die einzige in der ganzen Gegend, die ein Gef\u00e4lle aufweist. Die Wirtin, ohnehin nicht sehr freundlich, ist wenig begeistert und zeigt uns auch warum. In der gro\u00dfen Garage reiht sich ein Mercedes an den anderen \u2013 von der E-Klasse bis zum Gel\u00e4ndewagen. Es sei wenig Platz sagt sie und ihre Tochter k\u00e4me auch noch nach Hause. Wir fragen gar nicht, womit wohl, sehen es aber am n\u00e4chsten Morgen best\u00e4tigt. Wahrscheinlich bekommt die Familie Mengenrabatt bei Mercedes\u2026<\/p>\n<p style=\"text-align: justify;\">Die Stadt selbst sieht recht nett aus und der Marktplatz ist mit seinen umliegenden historischen Wohnh\u00e4usern und der Kirche sogar sehr ansprechend. Eigenwillig erscheint uns, dass sich kurz vor 18:00 Uhr \u00fcberall die Haust\u00fcren \u00f6ffnen, Gartenst\u00fchle vor die H\u00e4user auf den Gehweg oder auf die Stra\u00dfe gestellt werden und alte Leute darauf Platz nehmen. \u00a0Die schwatzen dann laut und intensiv miteinander, aber gegen\u00a018:15 Uhr werden beide, die alten Leute und die St\u00fchle, wieder eingesammelt. Es ist als h\u00e4tte man die Alten f\u00fcr eine Viertelstunde zum L\u00fcften rausgesetzt&#8230;<\/p>\n<p style=\"text-align: justify;\"><a href=\"https:\/\/bf-on-tour.de\/m-10\/wp-content\/uploads\/sites\/3\/2016\/08\/Beitrag-17.04.jpg\" rel=\"lightbox[301]\"><img loading=\"lazy\" decoding=\"async\" class=\"size-full wp-image-309 aligncenter\" src=\"https:\/\/bf-on-tour.de\/m-10\/wp-content\/uploads\/sites\/3\/2016\/08\/Beitrag-17.04.jpg\" alt=\"Beitrag 17.04\" width=\"800\" height=\"478\" srcset=\"https:\/\/bf-on-tour.de\/m-10\/wp-content\/uploads\/sites\/3\/2016\/08\/Beitrag-17.04.jpg 800w, https:\/\/bf-on-tour.de\/m-10\/wp-content\/uploads\/sites\/3\/2016\/08\/Beitrag-17.04-150x90.jpg 150w, https:\/\/bf-on-tour.de\/m-10\/wp-content\/uploads\/sites\/3\/2016\/08\/Beitrag-17.04-300x179.jpg 300w\" sizes=\"auto, (max-width: 800px) 85vw, 800px\" \/><\/a><\/p>\n<p style=\"text-align: justify;\">Wir wollen jetzt etwas essen und trinken und suchen uns einen freien Tisch vor einer der zahlreichen Bars auf dem Marktplatz. Die Bedienungen sind eifrig, allerdings bedient uns niemand. Irgendwie werden wir stets \u00fcbersehen. Nach mehreren erfolglosen Versuchen, das zu \u00e4ndern, gehen wir wieder fort, suchen einen Supermarkt und kaufen etwas, das wir auf dem Zimmer verzehren k\u00f6nnen ohne kochen zu m\u00fcssen. Fremde mag man hier scheinbar nicht sehr. Selbst dann nicht, wenn man eine Pension betreibt. Wir merken das auch wieder am n\u00e4chsten Morgen beim Fr\u00fchst\u00fcck, wo man uns nur widerwillig eine Miniaturausgabe von Tostada serviert.<\/p>\n<p><a href=\"https:\/\/bf-on-tour.de\/m-10\/p-15\"><img loading=\"lazy\" decoding=\"async\" class=\"alignleft wp-image-333\" src=\"https:\/\/bf-on-tour.de\/m-10\/wp-content\/uploads\/sites\/3\/2017\/06\/zur\u00fcck.png\" alt=\"\" width=\"50\" height=\"37\" \/><\/a> <a href=\"https:\/\/bf-on-tour.de\/m-10\/p-17\"><img loading=\"lazy\" decoding=\"async\" class=\"alignright wp-image-332\" src=\"https:\/\/bf-on-tour.de\/m-10\/wp-content\/uploads\/sites\/3\/2017\/06\/weiter.png\" alt=\"\" width=\"50\" height=\"37\" \/><\/a><\/p>\n","protected":false},"excerpt":{"rendered":"<p>Heute soll es in die Berge von\u00a0Cazorla\u00a0gehen. Die Anfahrt dorthin ist kurz und wenig befahren. Wir genie\u00dfen die Landschaft. Lediglich ein kleiner Lieferwagen muss uns an v\u00f6llig un\u00fcbersichtlicher Stelle \u00fcberholen \u2013 500 Meter weiter, w\u00e4re alles sehr \u00fcbersichtlich gewesen. Wir sch\u00fctteln gemeinsam den Kopf. An der n\u00e4chsten Kreuzung liegt er dann auch im Graben und &hellip; <a href=\"https:\/\/bf-on-tour.de\/m-10\/p-16\/\" class=\"more-link\"><span class=\"screen-reader-text\">\u201eSierras de Cazorla\u201c <\/span>weiterlesen<\/a><\/p>\n","protected":false},"author":1,"featured_media":0,"parent":0,"menu_order":16,"comment_status":"open","ping_status":"closed","template":"","meta":{"footnotes":""},"class_list":["post-301","page","type-page","status-publish","hentry"],"_links":{"self":[{"href":"https:\/\/bf-on-tour.de\/m-10\/wp-json\/wp\/v2\/pages\/301","targetHints":{"allow":["GET"]}}],"collection":[{"href":"https:\/\/bf-on-tour.de\/m-10\/wp-json\/wp\/v2\/pages"}],"about":[{"href":"https:\/\/bf-on-tour.de\/m-10\/wp-json\/wp\/v2\/types\/page"}],"author":[{"embeddable":true,"href":"https:\/\/bf-on-tour.de\/m-10\/wp-json\/wp\/v2\/users\/1"}],"replies":[{"embeddable":true,"href":"https:\/\/bf-on-tour.de\/m-10\/wp-json\/wp\/v2\/comments?post=301"}],"version-history":[{"count":10,"href":"https:\/\/bf-on-tour.de\/m-10\/wp-json\/wp\/v2\/pages\/301\/revisions"}],"predecessor-version":[{"id":466,"href":"https:\/\/bf-on-tour.de\/m-10\/wp-json\/wp\/v2\/pages\/301\/revisions\/466"}],"wp:attachment":[{"href":"https:\/\/bf-on-tour.de\/m-10\/wp-json\/wp\/v2\/media?parent=301"}],"curies":[{"name":"wp","href":"https:\/\/api.w.org\/{rel}","templated":true}]}}