{"id":291,"date":"2016-08-12T12:21:51","date_gmt":"2016-08-12T10:21:51","guid":{"rendered":"http:\/\/blog.family-riders.de\/gibraltar\/?page_id=291"},"modified":"2021-02-26T17:33:37","modified_gmt":"2021-02-26T16:33:37","slug":"p-15","status":"publish","type":"page","link":"https:\/\/bf-on-tour.de\/m-10\/p-15\/","title":{"rendered":"Andalusien"},"content":{"rendered":"<p style=\"text-align: justify;\">Gefr\u00fchst\u00fcckt wird an einer Tankstelle mit Restaurant: Tostada \u2013 was sonst&#8230; Und dann beginnt eine wirklich sch\u00f6ne Fahrt die eine Mischung aus Strecke und Landschaft hautnah werden soll.<\/p>\n<p style=\"text-align: justify;\">\u00dcber die N376 sind wir von\u00a0<em>Ronda<\/em>\u00a0in kurzer Zeit auf die N384 gekommen. Das ist zwar eine der gut ausgebauten Hauptstra\u00dfen aber der bef\u00fcrchtete LKW-Verkehr bleibt aus. Vereinzelte Tanklaster sind rasch \u00fcberholt und viel PWK-Verkehr herrscht auch nicht. Daf\u00fcr kann man die recht d\u00fcnn besiedelte Landschaft genie\u00dfen, denn die Stra\u00dfe ist \u00fcberhaupt nicht anspruchsvoll zu fahren. Ein paar Steigungen, ein paar Kurven &#8211; eigentlich ist es ein bequemes Vor-Sich-Hinrollen bis\u00a0<em>Antequera<\/em>. Dort wird die Landstra\u00dfe zur Autobahn und wir fahren nach wenigen Ausfahrten ab auf die N333 in Richtung\u00a0<em>Priego de Cordoba<\/em>.<\/p>\n<p style=\"text-align: justify;\"><a href=\"https:\/\/bf-on-tour.de\/m-10\/wp-content\/uploads\/sites\/3\/2016\/08\/Beitrag-16.00.jpg\" rel=\"lightbox[291]\"><img loading=\"lazy\" decoding=\"async\" class=\"size-full wp-image-293 aligncenter\" src=\"https:\/\/bf-on-tour.de\/m-10\/wp-content\/uploads\/sites\/3\/2016\/08\/Beitrag-16.00.jpg\" alt=\"Beitrag 16.00\" width=\"800\" height=\"600\" srcset=\"https:\/\/bf-on-tour.de\/m-10\/wp-content\/uploads\/sites\/3\/2016\/08\/Beitrag-16.00.jpg 800w, https:\/\/bf-on-tour.de\/m-10\/wp-content\/uploads\/sites\/3\/2016\/08\/Beitrag-16.00-150x113.jpg 150w, https:\/\/bf-on-tour.de\/m-10\/wp-content\/uploads\/sites\/3\/2016\/08\/Beitrag-16.00-300x225.jpg 300w\" sizes=\"auto, (max-width: 800px) 85vw, 800px\" \/><\/a><\/p>\n<p style=\"text-align: justify;\">Hier in Andalusien befinden wir uns im gr\u00f6\u00dften Anbaugebiet f\u00fcr Oliven von Europa. Die Berge sehen aus wie mit einem groben Kamm gek\u00e4mmt. Ein Olivenhain folgt dem n\u00e4chsten. Bis\u00a0<em>Izn\u00e1jar<\/em>\u00a0ist das interessant aber doch relativ weit weg von uns, denn die Plantagen reichen kaum bis an die Stra\u00dfe heran. Hinter\u00a0<em>Izn\u00e1jar<\/em>\u00a0\u00e4ndert sich das. Hier wird die Stra\u00dfe bedeutend schmaler und die Olivenhaine reichen bis an den Stra\u00dfenrand.<\/p>\n<p style=\"text-align: justify;\">Und es macht Spa\u00df hier zu fahren! Riesigen Spa\u00df! Die Stra\u00dfe ist prima gepflegt und au\u00dfer uns beiden f\u00e4hrt offenbar niemand hier herum. Es wird eine rauschende Fahrt bergauf und bergab, zumal auch hier die Besiedelung recht d\u00fcnn ist und nur selten ein Ort zu durchfahren ist.<\/p>\n<p style=\"text-align: justify;\"><a href=\"https:\/\/bf-on-tour.de\/m-10\/wp-content\/uploads\/sites\/3\/2016\/08\/Beitrag-16.01.jpg\" rel=\"lightbox[291]\"><img loading=\"lazy\" decoding=\"async\" class=\"size-full wp-image-294 aligncenter\" src=\"https:\/\/bf-on-tour.de\/m-10\/wp-content\/uploads\/sites\/3\/2016\/08\/Beitrag-16.01.jpg\" alt=\"Beitrag 16.01\" width=\"800\" height=\"467\" srcset=\"https:\/\/bf-on-tour.de\/m-10\/wp-content\/uploads\/sites\/3\/2016\/08\/Beitrag-16.01.jpg 800w, https:\/\/bf-on-tour.de\/m-10\/wp-content\/uploads\/sites\/3\/2016\/08\/Beitrag-16.01-150x88.jpg 150w, https:\/\/bf-on-tour.de\/m-10\/wp-content\/uploads\/sites\/3\/2016\/08\/Beitrag-16.01-300x175.jpg 300w\" sizes=\"auto, (max-width: 800px) 85vw, 800px\" \/><\/a><\/p>\n<p style=\"text-align: justify;\">Dann haben wir\u00a0<em>Priego de Cordoba<\/em>\u00a0erreicht. Die Stadtdurchfahrt ist schmal und man hat an jeder Kreuzung das Gef\u00fchl v\u00f6llig falsch gefahren zu sein. Wegweiser? Fehlanzeige! Langsam und etwas unsicher tasten wir uns bei 39\u00b0C im Schatten durch den Ort. Und die Stra\u00dfe? Die Stra\u00dfe ist zum geteerten Feldweg geworden \u2013 was auch nicht gerade Anlass gibt, sich des richtigen Weges sicher zu sein.<\/p>\n<p style=\"text-align: justify;\">Daf\u00fcr wird die Weiterfahrt jetzt abenteuerlich. Die Stra\u00dfe \u2013 oder das was wir hier mal so nennen wollen \u2013 ist extrem kurvig, bergig und manchmal so schmal, dass selbst zwei Motorr\u00e4der wohl Probleme h\u00e4tten, aneinander vorbei zu kommen. Und sie ist stark verschmutzt von landwirtschaftlichen Maschinen, die aus den Feldwegen der Plantagen gekommen sind und Sand, Steine, \u00c4ste und Bl\u00e4tter hinterlassen haben. Die rauschende Fahrt vom Vormittag ist einem Schleichtempo gewichen, bei dem man jede Sekunde aufpassen muss, um nicht wegzurutschen.<\/p>\n<p style=\"text-align: justify;\"><img loading=\"lazy\" decoding=\"async\" class=\"size-full wp-image-298 aligncenter\" src=\"https:\/\/bf-on-tour.de\/m-10\/wp-content\/uploads\/sites\/3\/2016\/08\/Beitrag-16.04.jpg\" alt=\"Beitrag 16.04\" width=\"800\" height=\"600\" srcset=\"https:\/\/bf-on-tour.de\/m-10\/wp-content\/uploads\/sites\/3\/2016\/08\/Beitrag-16.04.jpg 800w, https:\/\/bf-on-tour.de\/m-10\/wp-content\/uploads\/sites\/3\/2016\/08\/Beitrag-16.04-150x113.jpg 150w, https:\/\/bf-on-tour.de\/m-10\/wp-content\/uploads\/sites\/3\/2016\/08\/Beitrag-16.04-300x225.jpg 300w\" sizes=\"auto, (max-width: 800px) 85vw, 800px\" \/>15:00 Uhr. In\u00a0<em>Valdepe\u00f1as de Ja\u00e9n<\/em>\u00a0m\u00fcssen wir tanken und wollen ein Eis essen, denn die 39\u00b0C lassen nicht nach. An der Tankstelle verweist man unseren Wunsch nach dem Eis an das daneben liegende Restaurant mit Caf\u00e9.<\/p>\n<p style=\"text-align: justify;\">Die Terrasse des Restaurants ist vornehm eingedeckt, aber menschenleer. Drinnen in einem weitl\u00e4ufigen Saal stehen ebenfalls lauter piekfein eingedeckte Tische. Auch hier ist au\u00dfer uns niemand. An der Wand brummt ein riesiger K\u00fchlschrank vor sich hin &#8211; mit verschiedensten Eissorten! Das ist es! Hier sind wir richtig! Wir rufen nach einer Bedienung &#8212; oder \u00fcberhaupt nach jemandem, der uns hoffentlich das Eis herausgibt. Es kommt niemand. Alles ist gespenstisch still. Einfach ein Eis rausnehmen? Das kommt sicher nicht gut an. Also ab durch eine T\u00fcr in Richtung Caf\u00e9, durch einen kleinen dreckigen Treppenhausflur und durch einen Vorhang, hinter dem Stimmen zu h\u00f6ren sind.<\/p>\n<p style=\"text-align: justify;\">Wir sind im Caf\u00e9. Es stinkt nach Zigarettenrauch. Auf dem Boden Kippen, Bonbonpapier und allerlei anderer Unrat. Am Tresen sitzen ein paar M\u00e4nner bei Bier und Wein. Dahinter ein Junge, der bedient. Aber nicht uns. Wir sind gar nicht da. Ich frage ihn, ob wir ein Eis bekommen k\u00f6nnen. Keine Reaktion. Zweite Anfrage \u2013 wieder keine Reaktion. Ich gehe hinter den Tresen und schnappe ihn, er soll jetzt mitkommen.<\/p>\n<p style=\"text-align: justify;\">Unwillig l\u00e4sst er sich durch den dreckigen Treppenhausflur in das Restaurant dirigieren. Ich \u00f6ffne den K\u00fchlschrank, bedeute ihm, dass wir zwei Eis haben wollen und &#8212; keine Reaktion. Jetzt nehme ich doch einfach zwei Eis heraus, er dreht sich um und geht zur\u00fcck. Ich folge ihm. Er verschwindet hinter dem Tresen als w\u00e4ren wir gar nicht da gewesen. Aber unser Geld nimmt er&#8230;<\/p>\n<p style=\"text-align: justify;\">Wir setzen uns an einen der freien, dreckigen Tische, essen das Eis und beobachten die Leute am Tresen. Jeder wirft, was er nicht mehr braucht, einfach neben oder hinter sich \u2013 zum Teil mit gro\u00dfer, wischender Geste. Das Caf\u00e9 ist eher eine begehbare M\u00fclltonne. Was f\u00fcr ein Gegensatz zum Restaurant.<\/p>\n<p style=\"text-align: justify;\"><a href=\"https:\/\/bf-on-tour.de\/m-10\/wp-content\/uploads\/sites\/3\/2016\/08\/Beitrag-16.02.jpg\" rel=\"lightbox[291]\"><img loading=\"lazy\" decoding=\"async\" class=\"size-full wp-image-295 aligncenter\" src=\"https:\/\/bf-on-tour.de\/m-10\/wp-content\/uploads\/sites\/3\/2016\/08\/Beitrag-16.02.jpg\" alt=\"Beitrag 16.02\" width=\"800\" height=\"493\" srcset=\"https:\/\/bf-on-tour.de\/m-10\/wp-content\/uploads\/sites\/3\/2016\/08\/Beitrag-16.02.jpg 800w, https:\/\/bf-on-tour.de\/m-10\/wp-content\/uploads\/sites\/3\/2016\/08\/Beitrag-16.02-150x92.jpg 150w, https:\/\/bf-on-tour.de\/m-10\/wp-content\/uploads\/sites\/3\/2016\/08\/Beitrag-16.02-300x185.jpg 300w\" sizes=\"auto, (max-width: 800px) 85vw, 800px\" \/><\/a><\/p>\n<p style=\"text-align: justify;\">Es geht weiter. Kurz hinter dem Ort ist die Stra\u00dfe pl\u00f6tzlich wieder breit und gro\u00df ausgebaut \u2013 obwohl au\u00dfer uns auch hier niemand zu sehen ist. Und ab\u00a0<em>Los Villares<\/em>\u00a0geht es dann in Serpentinen bergab. Pl\u00f6tzlich haben wir einen atemberaubenden Blick auf die Provinzhauptstadt\u00a0<em>Ja\u00e9n<\/em>, die als gedr\u00e4ngtes Ensemble von Bauten mit einer riesigen Kathedrale in der Mitte im Tal vor uns liegt. Einfach gro\u00dfartig! Es soll die sch\u00f6nste Renaissancekirche Andalusiens sein und selbst aus dieser weiten Entfernung sind wir durch den imposanten Anblick geneigt, das zu glauben.<\/p>\n<p style=\"text-align: justify;\"><a href=\"https:\/\/bf-on-tour.de\/m-10\/wp-content\/uploads\/sites\/3\/2016\/08\/Beitrag-16.03.jpg\" rel=\"lightbox[291]\"><img loading=\"lazy\" decoding=\"async\" class=\"size-full wp-image-296 aligncenter\" src=\"https:\/\/bf-on-tour.de\/m-10\/wp-content\/uploads\/sites\/3\/2016\/08\/Beitrag-16.03.jpg\" alt=\"Beitrag 16.03\" width=\"800\" height=\"423\" srcset=\"https:\/\/bf-on-tour.de\/m-10\/wp-content\/uploads\/sites\/3\/2016\/08\/Beitrag-16.03.jpg 800w, https:\/\/bf-on-tour.de\/m-10\/wp-content\/uploads\/sites\/3\/2016\/08\/Beitrag-16.03-150x79.jpg 150w, https:\/\/bf-on-tour.de\/m-10\/wp-content\/uploads\/sites\/3\/2016\/08\/Beitrag-16.03-300x159.jpg 300w\" sizes=\"auto, (max-width: 800px) 85vw, 800px\" \/><\/a><\/p>\n<p style=\"text-align: justify;\">Um zu \u00dcbernachten ist es noch etwas zu fr\u00fch und so fahren wir noch bis\u00a0<em>Ubeda<\/em>, einer ebenfalls sehr mittelalterlich anmutenden Stadt mitten in den weitl\u00e4ufigen Olivenhainen. Dort finden wir eine preiswerte Pension. Abgesessen, ausgepackt und ab unter die k\u00fchlende Dusche. Aber was f\u00fcr ein Schreck: Das Wasser ist nicht kalt sondern hei\u00df. Nach einer Schrecksekunde springe ich aus der Wanne, probiere, ob ich den falschen Wasserhahn aufgedreht habe. Nein, aus dem Warmwasserhahn kommt noch hei\u00dferes Wasser. Was denn nun? Ich will mich waschen, nicht abbr\u00fchen. W\u00e4hrend ich auf dem Wannenrand sitzend \u00fcberlege, l\u00e4uft das Wasser weiter \u2013 und siehe da, nach einiger Zeit kommt doch noch kaltes Wasser.<\/p>\n<p style=\"text-align: justify;\">Nun, andere L\u00e4nder, andere Sitten: Zu Hause haben wir kaltes Wasser, das wir erw\u00e4rmen m\u00fcssen. Hier scheint es genau andersherum zu sein, denn am n\u00e4chsten Morgen hat sich nichts ver\u00e4ndert. Hei\u00dfes Wasser kommt sofort, kaltes erst nach einiger Zeit.<\/p>\n<p><a href=\"https:\/\/bf-on-tour.de\/m-10\/p-14\"><img loading=\"lazy\" decoding=\"async\" class=\"alignleft wp-image-333\" src=\"https:\/\/bf-on-tour.de\/m-10\/wp-content\/uploads\/sites\/3\/2017\/06\/zur\u00fcck.png\" alt=\"\" width=\"50\" height=\"37\" \/><\/a> <a href=\"https:\/\/bf-on-tour.de\/m-10\/p-16\"><img loading=\"lazy\" decoding=\"async\" class=\"alignright wp-image-332\" src=\"https:\/\/bf-on-tour.de\/m-10\/wp-content\/uploads\/sites\/3\/2017\/06\/weiter.png\" alt=\"\" width=\"50\" height=\"37\" \/><\/a><\/p>\n","protected":false},"excerpt":{"rendered":"<p>Gefr\u00fchst\u00fcckt wird an einer Tankstelle mit Restaurant: Tostada \u2013 was sonst&#8230; Und dann beginnt eine wirklich sch\u00f6ne Fahrt die eine Mischung aus Strecke und Landschaft hautnah werden soll. \u00dcber die N376 sind wir von\u00a0Ronda\u00a0in kurzer Zeit auf die N384 gekommen. Das ist zwar eine der gut ausgebauten Hauptstra\u00dfen aber der bef\u00fcrchtete LKW-Verkehr bleibt aus. Vereinzelte &hellip; <a href=\"https:\/\/bf-on-tour.de\/m-10\/p-15\/\" class=\"more-link\"><span class=\"screen-reader-text\">\u201eAndalusien\u201c <\/span>weiterlesen<\/a><\/p>\n","protected":false},"author":1,"featured_media":0,"parent":0,"menu_order":15,"comment_status":"open","ping_status":"closed","template":"","meta":{"footnotes":""},"class_list":["post-291","page","type-page","status-publish","hentry"],"_links":{"self":[{"href":"https:\/\/bf-on-tour.de\/m-10\/wp-json\/wp\/v2\/pages\/291","targetHints":{"allow":["GET"]}}],"collection":[{"href":"https:\/\/bf-on-tour.de\/m-10\/wp-json\/wp\/v2\/pages"}],"about":[{"href":"https:\/\/bf-on-tour.de\/m-10\/wp-json\/wp\/v2\/types\/page"}],"author":[{"embeddable":true,"href":"https:\/\/bf-on-tour.de\/m-10\/wp-json\/wp\/v2\/users\/1"}],"replies":[{"embeddable":true,"href":"https:\/\/bf-on-tour.de\/m-10\/wp-json\/wp\/v2\/comments?post=291"}],"version-history":[{"count":10,"href":"https:\/\/bf-on-tour.de\/m-10\/wp-json\/wp\/v2\/pages\/291\/revisions"}],"predecessor-version":[{"id":465,"href":"https:\/\/bf-on-tour.de\/m-10\/wp-json\/wp\/v2\/pages\/291\/revisions\/465"}],"wp:attachment":[{"href":"https:\/\/bf-on-tour.de\/m-10\/wp-json\/wp\/v2\/media?parent=291"}],"curies":[{"name":"wp","href":"https:\/\/api.w.org\/{rel}","templated":true}]}}