{"id":261,"date":"2016-08-12T11:39:03","date_gmt":"2016-08-12T09:39:03","guid":{"rendered":"http:\/\/blog.family-riders.de\/gibraltar\/?page_id=261"},"modified":"2021-02-26T17:32:39","modified_gmt":"2021-02-26T16:32:39","slug":"p-12","status":"publish","type":"page","link":"https:\/\/bf-on-tour.de\/m-10\/p-12\/","title":{"rendered":"Portugals S\u00fcdk\u00fcste"},"content":{"rendered":"<p style=\"text-align: justify;\">Nachdem wir das Kap verlassen haben,\u00a0landen wir im Touritrack, der hier auf der K\u00fcstenstra\u00dfe von Ort zu Ort zieht. Eingezw\u00e4ngt zwischen Wohnmobilen und PKW mit Wohnanh\u00e4nger zuckeln wir von Ampel zu Ampel durch weithin nichtssagende Orte. Der Wind vom Kap wird immer weniger und die Hitze nimmt stetig zu.<\/p>\n<p style=\"text-align: justify;\"><a href=\"https:\/\/bf-on-tour.de\/m-10\/wp-content\/uploads\/sites\/3\/2016\/08\/Beitrag-13.00.jpg\" rel=\"lightbox[261]\"><img loading=\"lazy\" decoding=\"async\" class=\"aligncenter wp-image-270 size-full\" src=\"https:\/\/bf-on-tour.de\/m-10\/wp-content\/uploads\/sites\/3\/2016\/08\/Beitrag-13.00.jpg\" alt=\"Beitrag 13.00\" width=\"800\" height=\"393\" srcset=\"https:\/\/bf-on-tour.de\/m-10\/wp-content\/uploads\/sites\/3\/2016\/08\/Beitrag-13.00.jpg 800w, https:\/\/bf-on-tour.de\/m-10\/wp-content\/uploads\/sites\/3\/2016\/08\/Beitrag-13.00-150x74.jpg 150w, https:\/\/bf-on-tour.de\/m-10\/wp-content\/uploads\/sites\/3\/2016\/08\/Beitrag-13.00-300x147.jpg 300w\" sizes=\"auto, (max-width: 800px) 85vw, 800px\" \/><\/a><\/p>\n<p style=\"text-align: justify;\">In\u00a0<em>Lagos<\/em>\u00a0ist es dann ganz vorbei mit dem Wind. Hier steht die Luft und die Temperatur hat sich bei rund 40\u00b0C eingependelt. Wir beschlie\u00dfen die Autobahn nach\u00a0<em>Faro<\/em>\u00a0zu nehmen, um wenigstens etwas Fahrtwind zu haben und dem Fahrzeugtrack zu entkommen, wollen aber erst einmal beim Schachtelwirt\u00a0(wo sonst?) etwas essen.<\/p>\n<p style=\"text-align: justify;\">Danach steigen wir wieder auf die Maschinen und fahren weiter. Das hei\u00dft, ich fahre weiter. Hendrik verzurrt noch irgendwas oder macht \u00e4hnliches, im R\u00fcckspiegel kann ich das nicht recht erkennen. Folglich drehe ich eine Ehrenrunde auf dem nahe gelegenen Kreisverkehr\u00a0&#8211; und noch eine \u2013 und noch eine. Schlie\u00dflich sehe ich ihn langsam losfahren und biege aus dem Kreisverkehr aus. Hinter dem n\u00e4chsten Kreisel \u2013 hier sind etwa alle 300 Meter solche Einrichtungen \u2013 sehe ich ihn wieder nicht mehr und schaue etwas zu lange in den R\u00fcckspiegel. Daher merke ich zu sp\u00e4t, dass ich durch langsames Rechtsfahren inzwischen auf einen Abbieger geraten bin und die Hauptstra\u00dfe verlassen muss. Neben mir PKW, hinter mir auch, da ist kein Platz zum Anhalten oder f\u00fcr einen schnellen Schwenk zur\u00fcck auf die Hauptstra\u00dfe.<\/p>\n<p style=\"text-align: justify;\"><a href=\"https:\/\/bf-on-tour.de\/m-10\/wp-content\/uploads\/sites\/3\/2016\/08\/Beitrag-13.02.jpg\" rel=\"lightbox[261]\"><img loading=\"lazy\" decoding=\"async\" class=\"size-full wp-image-272 aligncenter\" src=\"https:\/\/bf-on-tour.de\/m-10\/wp-content\/uploads\/sites\/3\/2016\/08\/Beitrag-13.02.jpg\" alt=\"Beitrag 13.02\" width=\"800\" height=\"600\" srcset=\"https:\/\/bf-on-tour.de\/m-10\/wp-content\/uploads\/sites\/3\/2016\/08\/Beitrag-13.02.jpg 800w, https:\/\/bf-on-tour.de\/m-10\/wp-content\/uploads\/sites\/3\/2016\/08\/Beitrag-13.02-150x113.jpg 150w, https:\/\/bf-on-tour.de\/m-10\/wp-content\/uploads\/sites\/3\/2016\/08\/Beitrag-13.02-300x225.jpg 300w\" sizes=\"auto, (max-width: 800px) 85vw, 800px\" \/><\/a><\/p>\n<p style=\"text-align: justify;\">Nun, nach ein paar hundert Metern wird schon ein Kreisverkehr kommen und dann fahre ich eben rasch\u00a0zur\u00fcck. Kurz\u00a0noch ein Blick in den R\u00fcckspiegel und \u2013 ich traue meinen Augen nicht: Hendrik f\u00e4hrt auf der Hauptstra\u00dfe am Abzweig vorbei! Jetzt ist er vor mir, wei\u00df das aber nicht. Er hat keine Karte. Und ich muss immer weiter geradeaus fahren. In der Stra\u00dfenmitte Betonbarrieren, die ein Wenden unm\u00f6glich machen und ausgerechnet jetzt weit und breit kein Kreisverkehr&#8230;<\/p>\n<p style=\"text-align: justify;\">Nach etwa einem Kilometer endlich ein Kreisel. Schnellstens zur\u00fcck und auf die Autobahn. Da werde ich ihn ja wohl bald wieder eingeholt haben. 130 darf man hier fahren. Wenn ich also 160 fahre \u2013 mehr traue ich mir mit all dem Gep\u00e4ck auch nicht zu \u2013 habe ich ihn sicher bald. Pl\u00f6tzlich sehe ich nichts mehr! Die Landkarte ist aus der Kartentasche auf dem Tankrucksack herausgerutscht, hat sich entfaltet und vor meinem Gesicht platziert. Auch das noch. Wie wild kn\u00fclle ich das Teil wieder in die Kartentasche und bin froh, dass alles noch einmal gut gegangen ist. Weit vor mir f\u00e4hrt ein Motorrad!<\/p>\n<p style=\"text-align: justify;\">Nach einigen Kilometern bin ich fast dran. Dass es eine blaue Maschine ist, kann ich schon gut erkennen. Hendrik f\u00e4hrt eine blaue Maschine. Dann eine Rastst\u00e4tte. Da m\u00fcsste er doch eigentlich rausfahren und schauen, ob ich auf ihn warte. Die Maschine f\u00e4hrt aber weiter und ein paar hundert Meter hinter der Ausfahrt bin ich gleichauf und sehe, dass es nicht Hendrik ist. So ein Mist. Jetzt muss ich bis zur n\u00e4chsten Rastst\u00e4tte \u2013 Parkpl\u00e4tze gab es bisher keine \u2013 weiterfahren. Das sind noch einmal 30km.<\/p>\n<p style=\"text-align: justify;\">Nach gut 10km dann doch ein Parkplatz. Ich fahre ab und schaue, ob Hendrik dort wartet. Tut er nicht. Aber mein Handy zeigt eine SMS an. \u201eWo bist Du?\u201c Na toll, wenn ich das w\u00fcsste&#8230; Ich schreibe ihm zur\u00fcck, dass ich in der n\u00e4chsten Rastst\u00e4tte auf ihn warte, wo immer er auch jetzt sein mag.<\/p>\n<p style=\"text-align: justify;\">Nach einer Viertelstunde in der Rastst\u00e4tte kommt er tats\u00e4chlich angefahren. \u201eUnd, wo warst Du?\u201c, frage ich ihn. \u201eIch bin an der ersten Abfahrt wieder von der Autobahn runter und habe unter der Br\u00fccke im Schatten auf Dich gewartet.\u201c Na toll, da h\u00e4tte ich ihn nie gesucht! Aber jetzt fahren wir gemeinsam weiter nach\u00a0<em>Faro<\/em>.<\/p>\n<p style=\"text-align: justify;\"><em>Faro<\/em>\u00a0ist motorradverr\u00fcckt! Mitten in der Stadt (nat\u00fcrlich) ein Kreisverkehr und in dessen Mitte ein riesiges Monument: Ein Mororradfahrer! Gerade so, als w\u00e4re er das Wahrzeichen dieser Stadt.<\/p>\n<p style=\"text-align: justify;\"><a href=\"https:\/\/bf-on-tour.de\/m-10\/wp-content\/uploads\/sites\/3\/2016\/08\/Beitrag-13.03.jpg\" rel=\"lightbox[261]\"><img loading=\"lazy\" decoding=\"async\" class=\"size-full wp-image-273 aligncenter\" src=\"https:\/\/bf-on-tour.de\/m-10\/wp-content\/uploads\/sites\/3\/2016\/08\/Beitrag-13.03.jpg\" alt=\"Beitrag 13.03\" width=\"800\" height=\"600\" srcset=\"https:\/\/bf-on-tour.de\/m-10\/wp-content\/uploads\/sites\/3\/2016\/08\/Beitrag-13.03.jpg 800w, https:\/\/bf-on-tour.de\/m-10\/wp-content\/uploads\/sites\/3\/2016\/08\/Beitrag-13.03-150x113.jpg 150w, https:\/\/bf-on-tour.de\/m-10\/wp-content\/uploads\/sites\/3\/2016\/08\/Beitrag-13.03-300x225.jpg 300w\" sizes=\"auto, (max-width: 800px) 85vw, 800px\" \/><\/a><\/p>\n<p style=\"text-align: justify;\">Wir suchen einen Campingplatz, finden ihn aber nicht. Der n\u00e4chste macht keinen guten Eindruck und ist weit weg vom Meer. Wir wollen aber am Meer zelten und evtl. sogar einen Tag bleiben. Bei\u00a0<em>Villa Real de Santo Antonio<\/em>, direkt an der Grenze zu Spanien, finden wir dann einen Platz, der einen ordentlichen Eindruck macht und fast direkt am Meer liegt. Hier bleiben wir.<\/p>\n<p style=\"text-align: justify;\">Aber nicht zwei N\u00e4chte, wie geplant. Denn die Pl\u00e4tze sind relativ klein und die Urlauber versorgen uns bis in den sp\u00e4ten Abend hinein, und am fr\u00fchen Morgen beginnend, mit Musikvideos und Radiomusik. Beides in bunter Mischung. Au\u00dferdem sind die sanit\u00e4ren Anlagen eine Katastrophe. Abends stehen die Leute Schlange, um zu duschen, die Toiletten sind dreckig (da lobe ich mir die Heidelberger Podeste, die es hier auch gibt und die scheinbar nur Wenige benutzen) und am n\u00e4chsten Morgen ist nichts davon ges\u00e4ubert. Keiner von uns m\u00f6chte hier l\u00e4nger bleiben.<\/p>\n<p><a href=\"https:\/\/bf-on-tour.de\/m-10\/p-11\"><img loading=\"lazy\" decoding=\"async\" class=\"alignleft wp-image-333\" src=\"https:\/\/bf-on-tour.de\/m-10\/wp-content\/uploads\/sites\/3\/2017\/06\/zur\u00fcck.png\" alt=\"\" width=\"50\" height=\"37\" \/><\/a> <a href=\"https:\/\/bf-on-tour.de\/m-10\/p-13\"><img loading=\"lazy\" decoding=\"async\" class=\"alignright wp-image-332\" src=\"https:\/\/bf-on-tour.de\/m-10\/wp-content\/uploads\/sites\/3\/2017\/06\/weiter.png\" alt=\"\" width=\"50\" height=\"37\" \/><\/a><\/p>\n","protected":false},"excerpt":{"rendered":"<p>Nachdem wir das Kap verlassen haben,\u00a0landen wir im Touritrack, der hier auf der K\u00fcstenstra\u00dfe von Ort zu Ort zieht. Eingezw\u00e4ngt zwischen Wohnmobilen und PKW mit Wohnanh\u00e4nger zuckeln wir von Ampel zu Ampel durch weithin nichtssagende Orte. Der Wind vom Kap wird immer weniger und die Hitze nimmt stetig zu. In\u00a0Lagos\u00a0ist es dann ganz vorbei mit &hellip; <a href=\"https:\/\/bf-on-tour.de\/m-10\/p-12\/\" class=\"more-link\"><span class=\"screen-reader-text\">\u201ePortugals S\u00fcdk\u00fcste\u201c <\/span>weiterlesen<\/a><\/p>\n","protected":false},"author":1,"featured_media":0,"parent":0,"menu_order":12,"comment_status":"open","ping_status":"closed","template":"","meta":{"footnotes":""},"class_list":["post-261","page","type-page","status-publish","hentry"],"_links":{"self":[{"href":"https:\/\/bf-on-tour.de\/m-10\/wp-json\/wp\/v2\/pages\/261","targetHints":{"allow":["GET"]}}],"collection":[{"href":"https:\/\/bf-on-tour.de\/m-10\/wp-json\/wp\/v2\/pages"}],"about":[{"href":"https:\/\/bf-on-tour.de\/m-10\/wp-json\/wp\/v2\/types\/page"}],"author":[{"embeddable":true,"href":"https:\/\/bf-on-tour.de\/m-10\/wp-json\/wp\/v2\/users\/1"}],"replies":[{"embeddable":true,"href":"https:\/\/bf-on-tour.de\/m-10\/wp-json\/wp\/v2\/comments?post=261"}],"version-history":[{"count":12,"href":"https:\/\/bf-on-tour.de\/m-10\/wp-json\/wp\/v2\/pages\/261\/revisions"}],"predecessor-version":[{"id":462,"href":"https:\/\/bf-on-tour.de\/m-10\/wp-json\/wp\/v2\/pages\/261\/revisions\/462"}],"wp:attachment":[{"href":"https:\/\/bf-on-tour.de\/m-10\/wp-json\/wp\/v2\/media?parent=261"}],"curies":[{"name":"wp","href":"https:\/\/api.w.org\/{rel}","templated":true}]}}