{"id":222,"date":"2016-06-21T10:00:22","date_gmt":"2016-06-21T08:00:22","guid":{"rendered":"http:\/\/blog.family-riders.de\/gibraltar\/?page_id=222"},"modified":"2021-02-26T17:31:24","modified_gmt":"2021-02-26T16:31:24","slug":"p-09","status":"publish","type":"page","link":"https:\/\/bf-on-tour.de\/m-10\/p-09\/","title":{"rendered":"Portugal"},"content":{"rendered":"<p style=\"text-align: justify;\">Endlich haben wir die Grenze zu Portugal erreicht. Von der Landschaft ist immer noch nicht viel zu sehen und eine Hoffnung auf Wetterbesserung haben wir f\u00fcr heute und morgen aufgegeben \u2013 denn auch in spanischen und portugiesischen Zeitungen sind die Wetterkarten graphisch und damit f\u00fcr uns lesbar. Bis\u00a0<em>Lissabon<\/em>\u00a0h\u00e4ngt der Regen an der K\u00fcste fest.<\/p>\n<p style=\"text-align: justify;\"><img loading=\"lazy\" decoding=\"async\" class=\" wp-image-224 alignleft\" src=\"https:\/\/bf-on-tour.de\/m-10\/wp-content\/uploads\/sites\/3\/2016\/06\/Beitrag-10.00-300x225.jpg\" alt=\"Beitrag 10.00\" width=\"332\" height=\"249\" srcset=\"https:\/\/bf-on-tour.de\/m-10\/wp-content\/uploads\/sites\/3\/2016\/06\/Beitrag-10.00-300x225.jpg 300w, https:\/\/bf-on-tour.de\/m-10\/wp-content\/uploads\/sites\/3\/2016\/06\/Beitrag-10.00-150x113.jpg 150w, https:\/\/bf-on-tour.de\/m-10\/wp-content\/uploads\/sites\/3\/2016\/06\/Beitrag-10.00.jpg 800w\" sizes=\"auto, (max-width: 332px) 85vw, 332px\" \/><\/p>\n<p style=\"text-align: justify;\">In\u00a0<em>Brago<\/em>\u00a0sind wir m\u00fcde und finden rasch ein Hotel. Billig \u2013 und extrem einfach. Aber was soll\u2019s. Aus dem Zimmerfenster schaut man auf das K\u00fcchendach und aus dem K\u00fcchenabzug wallen Knoblauchd\u00fcnste in unser Etablissement. Auf Abendessen haben wir keinen Appetit mehr.<\/p>\n<p style=\"text-align: justify;\">Am n\u00e4chsten Morgen: Fr\u00fchst\u00fcck! Etwas unbehaglich begeben wir uns in den ziemlich ungem\u00fctlichen Fr\u00fchst\u00fccksraum. Aber wie wird uns! Es gibt Br\u00f6tchen! Ganz normale, frische, leckere Br\u00f6tchen! Mit ausreichend Butter, Marmelade und diversem Aufschnitt! Unfassbar! Dazu Orangenbrause und Kaffee bzw. Tee, soviel wir wollen. Es ist nach 1 \u00bd Wochen der erste Tag, der wirklich gut anf\u00e4ngt! Und mit \u201eBroken-English\u201c, der lingua franca der EU-Beh\u00f6rden, k\u00f6nnen wir uns sogar weitgehend verst\u00e4ndlich machen. Einfach gro\u00dfartig!<\/p>\n<p style=\"text-align: justify;\"><em>Braga<\/em>\u00a0h\u00e4lt uns allerdings noch etwas fest. Hendrik braucht Geld und eine Bank mit Automat ist gar nicht so einfach zu finden. Schlie\u00dflich verfahren wir uns auch noch heftig &#8211; wer h\u00e4tte das gedacht&#8230; Als ich mit meinem Latein am Ende bin und einen LKW-Fahrer nach dem Weg nach\u00a0<em>Guimar\u00e3es<\/em>\u00a0frage und ihm den Ort auf der Karte zeige, f\u00e4llt der vor Lachen fast aus seinem F\u00fchrerhaus. \u201eGimaira\u201c ruft er unter Lachen, dahin also wollten wir! Na, dann m\u00fcssten wir&#8230; und jetzt folgt eine nicht enden wollende Reihe von Anweisungen, Hinweisen und Stra\u00dfenempfehlungen, die ich einfach nicht behalten kann. Es sind zu viele, was bedeutet, dass wir v\u00f6llig falsch gefahren sind. Als er weiter gefahren ist, hole ich das Navi heraus und gebe den Ort ein. Wir sind wirklich am falschen Ende der Stadt.<\/p>\n<p style=\"text-align: justify;\"><img loading=\"lazy\" decoding=\"async\" class=\"aligncenter wp-image-225 size-full\" src=\"https:\/\/bf-on-tour.de\/m-10\/wp-content\/uploads\/sites\/3\/2016\/06\/Beitrag-10.01.jpg\" alt=\"Beitrag 10.01\" width=\"800\" height=\"600\" srcset=\"https:\/\/bf-on-tour.de\/m-10\/wp-content\/uploads\/sites\/3\/2016\/06\/Beitrag-10.01.jpg 800w, https:\/\/bf-on-tour.de\/m-10\/wp-content\/uploads\/sites\/3\/2016\/06\/Beitrag-10.01-150x113.jpg 150w, https:\/\/bf-on-tour.de\/m-10\/wp-content\/uploads\/sites\/3\/2016\/06\/Beitrag-10.01-300x225.jpg 300w\" sizes=\"auto, (max-width: 800px) 85vw, 800px\" \/><\/p>\n<p style=\"text-align: justify;\">In\u00a0<em>Guimar\u00e3es<\/em>\u00a0angekommen, ist das Wetter wider Erwarten deutlich besser geworden, was bedeutet, dass es sonnig und damit auch sofort hei\u00df geworden ist. Und mit der Sonne sehen wir auch etwas von dieser sch\u00f6nen Landschaft um uns herum. Da macht es uns nicht viel aus, dass wir uns \u2013 diesmal mit Navi \u2013 schon wieder v\u00f6llig verfahren haben. Den eingegebenen Ort scheint es mehrfach zu geben und wir haben eben den falschen ausgew\u00e4hlt. Soll vorkommen. Das neue Ziel ist\u00a0<em>Felgueiras<\/em>. Allerdings m\u00fcssen wir feststellen, dass die nette Dame von Navigon sich in Nordportugal auch nicht besonders gut auskennt. Sie schickt uns in manchen St\u00e4dten mehrfach \u00fcber immer denselben Marktplatz\u00a0(was dazu f\u00fchrt, dass die alten M\u00e4nner, die dort Rotwein trinkend\u00a0in einer Bar sitzen, uns bei der dritten Runde schon fr\u00f6hlich zuwinken), fordert uns auf, in Gegenrichtung durch Einbahnstra\u00dfen zu fahren und verliert auch schon mal v\u00f6llig die Orientierung \u2013 was daran zu erkennen ist, dass wir \u201ejetzt rechts abbiegen\u201c sollen und damit in einer Haust\u00fcre gelandet w\u00e4ren.<\/p>\n<p style=\"text-align: justify;\">Schlie\u00dflich erreichen wir die N101 und damit auch\u00a0<em>Felgueiras<\/em>. Hier gibt es ein McDonalds in der N\u00e4he des Schwimmbades, das wir bereitwilligst aufsuchen. Auf der schattigen Terrasse lassen wir es uns gut gehen und genie\u00dfen insbesondere die eiskalte Cola.<\/p>\n<p style=\"text-align: justify;\"><img loading=\"lazy\" decoding=\"async\" class=\"aligncenter wp-image-226 size-full\" src=\"https:\/\/bf-on-tour.de\/m-10\/wp-content\/uploads\/sites\/3\/2016\/06\/Beitrag-10.02.jpg\" alt=\"Beitrag 10.02\" width=\"800\" height=\"280\" srcset=\"https:\/\/bf-on-tour.de\/m-10\/wp-content\/uploads\/sites\/3\/2016\/06\/Beitrag-10.02.jpg 800w, https:\/\/bf-on-tour.de\/m-10\/wp-content\/uploads\/sites\/3\/2016\/06\/Beitrag-10.02-150x53.jpg 150w, https:\/\/bf-on-tour.de\/m-10\/wp-content\/uploads\/sites\/3\/2016\/06\/Beitrag-10.02-300x105.jpg 300w\" sizes=\"auto, (max-width: 800px) 85vw, 800px\" \/><\/p>\n<p style=\"text-align: justify;\">Landschaftlich l\u00e4sst die Strecke jetzt keine W\u00fcnsche mehr offen. Sanfte Berge, sch\u00f6ne Aussichten, gute Stra\u00dfen und akzeptable Kurven \u2013 was wollen wir mehr. Das ist Genussreisen, wie wir es uns vorgestellt haben! Schlie\u00dflich erreichen wir den Ort\u00a0<em>Mes\u00e3o Frio<\/em>\u00a0und uns er\u00f6ffnet sich ein Panoramablick auf den Fluss\u00a0<em>Duro<\/em>, der uns den Atem nimmt. Das hatten wir hier nicht erwartet.<\/p>\n<p><img loading=\"lazy\" decoding=\"async\" class=\"size-medium wp-image-230 alignleft\" src=\"https:\/\/bf-on-tour.de\/m-10\/wp-content\/uploads\/sites\/3\/2016\/06\/Beitrag-10.06-225x300.jpg\" alt=\"Beitrag 10.06\" width=\"225\" height=\"300\" srcset=\"https:\/\/bf-on-tour.de\/m-10\/wp-content\/uploads\/sites\/3\/2016\/06\/Beitrag-10.06-225x300.jpg 225w, https:\/\/bf-on-tour.de\/m-10\/wp-content\/uploads\/sites\/3\/2016\/06\/Beitrag-10.06-112x150.jpg 112w, https:\/\/bf-on-tour.de\/m-10\/wp-content\/uploads\/sites\/3\/2016\/06\/Beitrag-10.06-768x1024.jpg 768w, https:\/\/bf-on-tour.de\/m-10\/wp-content\/uploads\/sites\/3\/2016\/06\/Beitrag-10.06.jpg 800w\" sizes=\"auto, (max-width: 225px) 85vw, 225px\" \/><\/p>\n<p style=\"text-align: justify;\">Auch die Weiterfahrt entlang des\u00a0<em>Duro<\/em>\u00a0ist herrlich.\u00a0<em>Peso de Regua<\/em>\u00a0ist zwar wieder mal von Touristen \u00fcberf\u00fcllt, aber auf der anderen Seite der Br\u00fccke \u00fcber den Fluss herrschen wieder Ruhe und einfach nur wunderbare Landschaft. Kurz vor dem Abzweig der N323 nach\u00a0<em>Tabua\u00e7o<\/em>\u00a0finden wir ein Caf\u00e9 direkt am Fluss. Hier setzen wir uns auf die schattig k\u00fchle Terrasse \u2013 und vertr\u00f6deln einfach die Zeit.<\/p>\n<p style=\"text-align: justify;\">Dann biegen wir auf eben diese N323 ab und klettern auf schmalem, kurvigem Weg nach\u00a0<em>Tabua\u00e7o<\/em>\u00a0hinauf. Auf der H\u00f6he geht es weiter bis\u00a0<em>Arcozelos<\/em>, wo wir die Stichstra\u00dfe zur N226 nehmen, auf der wir nach\u00a0<em>Trancoso<\/em>\u00a0fehren. Die Altstadt des Ortes ist vollst\u00e4ndig umgeben von einer hohen Stadtmauer und wir drehen eine Ehrenrunde durch die schmalen Gassen, vorbei an kleinen Bars, auf deren Terrassen unz\u00e4hlige Leute vor ihren Rotweingl\u00e4sern sitzen. Ein sch\u00f6nes Ambiente. Leider m\u00fcssen wir weiter, denn unser Ziel ist\u00a0<em>Manteigas<\/em>\u00a0im\u00a0<em>Parque Natural da Serra da Estrela<\/em>, dem Sterngebirge, und das ist noch ziemlich weit weg.<\/p>\n<p style=\"text-align: justify;\"><img loading=\"lazy\" decoding=\"async\" class=\"aligncenter wp-image-228 size-full\" src=\"https:\/\/bf-on-tour.de\/m-10\/wp-content\/uploads\/sites\/3\/2016\/06\/Beitrag-10.03.jpg\" alt=\"Beitrag 10.03\" width=\"800\" height=\"600\" srcset=\"https:\/\/bf-on-tour.de\/m-10\/wp-content\/uploads\/sites\/3\/2016\/06\/Beitrag-10.03.jpg 800w, https:\/\/bf-on-tour.de\/m-10\/wp-content\/uploads\/sites\/3\/2016\/06\/Beitrag-10.03-150x113.jpg 150w, https:\/\/bf-on-tour.de\/m-10\/wp-content\/uploads\/sites\/3\/2016\/06\/Beitrag-10.03-300x225.jpg 300w\" sizes=\"auto, (max-width: 800px) 85vw, 800px\" \/><\/p>\n<p style=\"text-align: justify;\">Wir biegen also auf die N2\u00a0 bzw. die N17 ab, die hier stra\u00dfengleich verlaufen und machen erst einmal wieder Strecke. Aber es wird sp\u00e4t und immer sp\u00e4ter, ohne dass wir \u201eden Sternen\u201c wirklich so viel n\u00e4her gekommen w\u00e4ren, dass wir auch noch nach\u00a0<em>Manteigas<\/em>\u00a0h\u00e4tten fahren k\u00f6nnen.<\/p>\n<p><img loading=\"lazy\" decoding=\"async\" class=\" wp-image-229 alignleft\" src=\"https:\/\/bf-on-tour.de\/m-10\/wp-content\/uploads\/sites\/3\/2016\/06\/Beitrag-10.07-300x225.jpg\" alt=\"Beitrag 10.07\" width=\"373\" height=\"280\" srcset=\"https:\/\/bf-on-tour.de\/m-10\/wp-content\/uploads\/sites\/3\/2016\/06\/Beitrag-10.07-300x225.jpg 300w, https:\/\/bf-on-tour.de\/m-10\/wp-content\/uploads\/sites\/3\/2016\/06\/Beitrag-10.07-150x113.jpg 150w, https:\/\/bf-on-tour.de\/m-10\/wp-content\/uploads\/sites\/3\/2016\/06\/Beitrag-10.07.jpg 800w\" sizes=\"auto, (max-width: 373px) 85vw, 373px\" \/><\/p>\n<p style=\"text-align: justify;\">Das liegt immerhin im Zentrum der Berge. Kurz vor der Dunkelheit bleiben wir schlie\u00dflich in\u00a0<em>Seia<\/em>, am Fu\u00dfe des Gebirges. Wir finden Unterkunft am Stadtrand in einer kleinen sehr freundlichen Pension, in der \u00fcberraschenderweise der Patron recht ordentlich\u00a0deutsch spricht \u2013 obwohl er nie in Deutschland war..<\/p>\n<p><a href=\"https:\/\/bf-on-tour.de\/m-10\/p-08\"><img loading=\"lazy\" decoding=\"async\" class=\"alignleft wp-image-333\" src=\"https:\/\/bf-on-tour.de\/m-10\/wp-content\/uploads\/sites\/3\/2017\/06\/zur\u00fcck.png\" alt=\"\" width=\"50\" height=\"37\" \/><\/a> <a href=\"https:\/\/bf-on-tour.de\/m-10\/p-10\"><img loading=\"lazy\" decoding=\"async\" class=\"alignright wp-image-332\" src=\"https:\/\/bf-on-tour.de\/m-10\/wp-content\/uploads\/sites\/3\/2017\/06\/weiter.png\" alt=\"\" width=\"50\" height=\"37\" \/><\/a><\/p>\n","protected":false},"excerpt":{"rendered":"<p>Endlich haben wir die Grenze zu Portugal erreicht. Von der Landschaft ist immer noch nicht viel zu sehen und eine Hoffnung auf Wetterbesserung haben wir f\u00fcr heute und morgen aufgegeben \u2013 denn auch in spanischen und portugiesischen Zeitungen sind die Wetterkarten graphisch und damit f\u00fcr uns lesbar. Bis\u00a0Lissabon\u00a0h\u00e4ngt der Regen an der K\u00fcste fest. In\u00a0Brago\u00a0sind &hellip; <a href=\"https:\/\/bf-on-tour.de\/m-10\/p-09\/\" class=\"more-link\"><span class=\"screen-reader-text\">\u201ePortugal\u201c <\/span>weiterlesen<\/a><\/p>\n","protected":false},"author":1,"featured_media":0,"parent":0,"menu_order":9,"comment_status":"open","ping_status":"closed","template":"","meta":{"footnotes":""},"class_list":["post-222","page","type-page","status-publish","hentry"],"_links":{"self":[{"href":"https:\/\/bf-on-tour.de\/m-10\/wp-json\/wp\/v2\/pages\/222","targetHints":{"allow":["GET"]}}],"collection":[{"href":"https:\/\/bf-on-tour.de\/m-10\/wp-json\/wp\/v2\/pages"}],"about":[{"href":"https:\/\/bf-on-tour.de\/m-10\/wp-json\/wp\/v2\/types\/page"}],"author":[{"embeddable":true,"href":"https:\/\/bf-on-tour.de\/m-10\/wp-json\/wp\/v2\/users\/1"}],"replies":[{"embeddable":true,"href":"https:\/\/bf-on-tour.de\/m-10\/wp-json\/wp\/v2\/comments?post=222"}],"version-history":[{"count":10,"href":"https:\/\/bf-on-tour.de\/m-10\/wp-json\/wp\/v2\/pages\/222\/revisions"}],"predecessor-version":[{"id":459,"href":"https:\/\/bf-on-tour.de\/m-10\/wp-json\/wp\/v2\/pages\/222\/revisions\/459"}],"wp:attachment":[{"href":"https:\/\/bf-on-tour.de\/m-10\/wp-json\/wp\/v2\/media?parent=222"}],"curies":[{"name":"wp","href":"https:\/\/api.w.org\/{rel}","templated":true}]}}