{"id":172,"date":"2016-06-20T12:45:22","date_gmt":"2016-06-20T10:45:22","guid":{"rendered":"http:\/\/blog.family-riders.de\/gibraltar\/?page_id=172"},"modified":"2021-02-26T17:30:21","modified_gmt":"2021-02-26T16:30:21","slug":"p-06","status":"publish","type":"page","link":"https:\/\/bf-on-tour.de\/m-10\/p-06\/","title":{"rendered":"Picos de Europa"},"content":{"rendered":"<p style=\"text-align: justify;\"><img loading=\"lazy\" decoding=\"async\" class=\"wp-image-165 alignleft\" src=\"https:\/\/bf-on-tour.de\/m-10\/wp-content\/uploads\/sites\/3\/2016\/06\/Beitrag-07.01.jpg\" alt=\"Beitrag 07.01\" width=\"400\" height=\"300\" srcset=\"https:\/\/bf-on-tour.de\/m-10\/wp-content\/uploads\/sites\/3\/2016\/06\/Beitrag-07.01.jpg 800w, https:\/\/bf-on-tour.de\/m-10\/wp-content\/uploads\/sites\/3\/2016\/06\/Beitrag-07.01-150x113.jpg 150w, https:\/\/bf-on-tour.de\/m-10\/wp-content\/uploads\/sites\/3\/2016\/06\/Beitrag-07.01-300x225.jpg 300w\" sizes=\"auto, (max-width: 400px) 85vw, 400px\" \/>Die Picos de Europa rufen! Deshalb fahren wir heute von\u00a0<em>Pechon<\/em>\u00a0direkt in die Berge. Enge T\u00e4ler, herrliche Landschaft, sch\u00f6ne Kurven und in der Regel gute Stra\u00dfen machen den Tag zu einem echten Erlebnis.<\/p>\n<p style=\"text-align: justify;\">Gegen Mittag sind wir in\u00a0<em>Potes<\/em>\u00a0angekommen. Das ist ein h\u00fcbscher Urlaubs- und Wintersportort. Nat\u00fcrlich sind auch hier viele Touristen, aber die verteilen sich ganz gut in den verschiedenen Einkaufsstra\u00dfen, in denen kleine H\u00e4ndler ihre Angebote zur Schau stellen. Das Ambiente l\u00e4dt zu Verweilen ein, zumal ein kleiner Fluss den Ort durchzieht und nette Gr\u00fcnanlagen zum Spazierengehen locken.<\/p>\n<p style=\"text-align: justify;\"><img loading=\"lazy\" decoding=\"async\" class=\"aligncenter wp-image-166 size-full\" src=\"https:\/\/bf-on-tour.de\/m-10\/wp-content\/uploads\/sites\/3\/2016\/06\/Beitrag-07.02.jpg\" alt=\"Beitrag 07.02\" width=\"800\" height=\"692\" srcset=\"https:\/\/bf-on-tour.de\/m-10\/wp-content\/uploads\/sites\/3\/2016\/06\/Beitrag-07.02.jpg 800w, https:\/\/bf-on-tour.de\/m-10\/wp-content\/uploads\/sites\/3\/2016\/06\/Beitrag-07.02-150x130.jpg 150w, https:\/\/bf-on-tour.de\/m-10\/wp-content\/uploads\/sites\/3\/2016\/06\/Beitrag-07.02-300x260.jpg 300w\" sizes=\"auto, (max-width: 800px) 85vw, 800px\" \/><\/p>\n<p style=\"text-align: justify;\">Unser Problem ist nur, dass wir uns mal wieder v\u00f6llig verfranst haben und bereits knapp 10 Kilometer auf dem Weg nach\u00a0<em>Fuente D\u00e9<\/em>\u00a0sind, dem letzten Ort in einer Sackgasse von ca. 50km L\u00e4nge und hoch oben in den Bergen gelegen. Sicher w\u00e4re es auch ein lohnendes Ziel, dorthin zu fahren, aber wir wollen ja die N621 weiter fahren. Da hilft nur: Umdrehen und das Navi befragen.<\/p>\n<p style=\"text-align: justify;\">Umgedreht ist schnell. Das Navi zu befragen ist allerdings eine Herausforderung. Wir haben mal wieder Mittagszeit und die Temperaturen halten sich knapp unter Saunaniveau. Im grellen Sonnenlicht l\u00e4sst sich das Navi nicht ablesen und wenn wir nicht fahren, sagt die nette Dame von Navigon auch nichts. Wenn wir allerdings fahren, schaltet sich das Ger\u00e4t nach wenigen Metern wieder aus, weil es ihm zu hei\u00df ist \u2013 also sagt die nette Dame wieder nichts.<\/p>\n<p style=\"text-align: justify;\">Die Rettung naht in Form einer Motorradgruppe, von der ich hoffe, dass sie den Weg kennt. Denen fahren wir jetzt hinterher. Leider wollen die nach\u00a0<em>Fuente D\u00e9<\/em>\u00a0und fahren dieselbe Strecke, wie wir vorhin, aber jetzt sehe ich das vermisste Stra\u00dfenschild! Es ist zwar zu einem guten Teil weggerostet und der verbleibende Teil ist auch noch von einem parkenden Auto verdeckt, aber die richtige Stra\u00dfe\u00a0kann uns nun nicht mehr entkommen!<\/p>\n<p style=\"text-align: justify;\"><img loading=\"lazy\" decoding=\"async\" class=\"aligncenter wp-image-167 size-full\" src=\"https:\/\/bf-on-tour.de\/m-10\/wp-content\/uploads\/sites\/3\/2016\/06\/Beitrag-07.03.jpg\" alt=\"Beitrag 07.03\" width=\"800\" height=\"600\" srcset=\"https:\/\/bf-on-tour.de\/m-10\/wp-content\/uploads\/sites\/3\/2016\/06\/Beitrag-07.03.jpg 800w, https:\/\/bf-on-tour.de\/m-10\/wp-content\/uploads\/sites\/3\/2016\/06\/Beitrag-07.03-150x113.jpg 150w, https:\/\/bf-on-tour.de\/m-10\/wp-content\/uploads\/sites\/3\/2016\/06\/Beitrag-07.03-300x225.jpg 300w\" sizes=\"auto, (max-width: 800px) 85vw, 800px\" \/><\/p>\n<p style=\"text-align: justify;\">Wieder fahren wir durch herrliche Landschaften, genie\u00dfen die Kurven und die Ausblicke und merken kaum, dass die Stra\u00dfe inzwischen deutlich schlechter geworden ist. Viele Schlagl\u00f6cher, Splitt und Steine lassen aus der Fahrt ein kleines Off-Road-Erlebnis werden.<\/p>\n<p style=\"text-align: justify;\">In\u00a0<em>Boca de Hu\u00e9rgano<\/em>\u00a0rasten wir in einem Hotelgarten im Schatten herrlicher alter B\u00e4ume und verzehren mal wieder eines der fett-triefenden Mittagessen: Frittierter Schinken, halb gare Pommes und Spiegeleier, schwimmend in mehr als reichlich Oliven\u00f6l.<\/p>\n<p style=\"text-align: justify;\"><img loading=\"lazy\" decoding=\"async\" class=\"aligncenter wp-image-168 size-full\" src=\"https:\/\/bf-on-tour.de\/m-10\/wp-content\/uploads\/sites\/3\/2016\/06\/Beitrag-07.04.jpg\" alt=\"Beitrag 07.04\" width=\"800\" height=\"331\" srcset=\"https:\/\/bf-on-tour.de\/m-10\/wp-content\/uploads\/sites\/3\/2016\/06\/Beitrag-07.04.jpg 800w, https:\/\/bf-on-tour.de\/m-10\/wp-content\/uploads\/sites\/3\/2016\/06\/Beitrag-07.04-150x62.jpg 150w, https:\/\/bf-on-tour.de\/m-10\/wp-content\/uploads\/sites\/3\/2016\/06\/Beitrag-07.04-300x124.jpg 300w\" sizes=\"auto, (max-width: 800px) 85vw, 800px\" \/>Danach geht es am\u00a0<em>Embalse de Ria\u00f1o\u00a0<\/em>entlang, einem tiefblauen, zerkl\u00fcfteten Bergsee, der uns phantastische Ausblicke bietet. Hier k\u00f6nnte man ewig fahren oder auch stehen bleiben und das Panorama bestaunen. F\u00fcr uns hei\u00dft es aber jetzt Abschied zu nehmen von den Picos und in Richtung Asturien weiter zu fahren.<\/p>\n<p style=\"text-align: justify;\"><img loading=\"lazy\" decoding=\"async\" class=\"aligncenter wp-image-170 size-full\" src=\"https:\/\/bf-on-tour.de\/m-10\/wp-content\/uploads\/sites\/3\/2016\/06\/Beitrag-07.06.jpg\" alt=\"Beitrag 07.06\" width=\"800\" height=\"600\" srcset=\"https:\/\/bf-on-tour.de\/m-10\/wp-content\/uploads\/sites\/3\/2016\/06\/Beitrag-07.06.jpg 800w, https:\/\/bf-on-tour.de\/m-10\/wp-content\/uploads\/sites\/3\/2016\/06\/Beitrag-07.06-150x113.jpg 150w, https:\/\/bf-on-tour.de\/m-10\/wp-content\/uploads\/sites\/3\/2016\/06\/Beitrag-07.06-300x225.jpg 300w\" sizes=\"auto, (max-width: 800px) 85vw, 800px\" \/><\/p>\n<p style=\"text-align: justify;\">Praktisch mit \u00dcberschreiten der Provinzgrenze \u00e4ndert sich das Landschaftsbild. Vorher braun und karg, ist es jetzt die Farbe gr\u00fcn in allen Schattierungen, die uns begleitet. Da bemerkt man kaum, dass die Stra\u00dfe inzwischen noch schlechter geworden ist und neben Steinen, Splitt und heftigen Schlagl\u00f6chern auch noch Kuhfladen hinzugekommen sind. An ein rasches Bergabfahren ist gar nicht zu denken.<\/p>\n<p style=\"text-align: justify;\"><img loading=\"lazy\" decoding=\"async\" class=\"aligncenter wp-image-169 size-full\" src=\"https:\/\/bf-on-tour.de\/m-10\/wp-content\/uploads\/sites\/3\/2016\/06\/Beitrag-07.05.jpg\" alt=\"Beitrag 07.05\" width=\"800\" height=\"600\" srcset=\"https:\/\/bf-on-tour.de\/m-10\/wp-content\/uploads\/sites\/3\/2016\/06\/Beitrag-07.05.jpg 800w, https:\/\/bf-on-tour.de\/m-10\/wp-content\/uploads\/sites\/3\/2016\/06\/Beitrag-07.05-150x113.jpg 150w, https:\/\/bf-on-tour.de\/m-10\/wp-content\/uploads\/sites\/3\/2016\/06\/Beitrag-07.05-300x225.jpg 300w\" sizes=\"auto, (max-width: 800px) 85vw, 800px\" \/><\/p>\n<p style=\"text-align: justify;\">In der N\u00e4he von\u00a0<em>Gij\u00f3n<\/em>\u00a0wechselt die Stra\u00dfe dann \u00f6fter zwischen Landstra\u00dfe und Autobahn, so dass wir hier doch wieder z\u00fcgiger vorankommen. Als Ort f\u00fcr die \u00dcbernachtung haben wir\u00a0<em>Cudilero<\/em>\u00a0vorgesehen, nachdem wir in einem Hotelkomplex an der Landstra\u00dfe wieder mal keinen Platz bekommen hatten. Aber der Ort ist auch total \u00fcberf\u00fcllt und es stinkt hier gottsj\u00e4mmerlich \u2013 und zwar nicht nur nach Fisch, was in einem Fischerdorf sicher nicht ungew\u00f6hnlich w\u00e4re, sondern nach einem unergr\u00fcndlichen Chemiemix.<\/p>\n<p style=\"text-align: justify;\"><img loading=\"lazy\" decoding=\"async\" class=\"wp-image-191 alignleft\" src=\"https:\/\/bf-on-tour.de\/m-10\/wp-content\/uploads\/sites\/3\/2016\/06\/Beitrag-07.07.jpg\" alt=\"Beitrag 07.07\" width=\"440\" height=\"330\" srcset=\"https:\/\/bf-on-tour.de\/m-10\/wp-content\/uploads\/sites\/3\/2016\/06\/Beitrag-07.07.jpg 800w, https:\/\/bf-on-tour.de\/m-10\/wp-content\/uploads\/sites\/3\/2016\/06\/Beitrag-07.07-150x113.jpg 150w, https:\/\/bf-on-tour.de\/m-10\/wp-content\/uploads\/sites\/3\/2016\/06\/Beitrag-07.07-300x225.jpg 300w\" sizes=\"auto, (max-width: 440px) 85vw, 440px\" \/>Also: Zur\u00fcck auf die Autobahn. In\u00a0<em>Llanorozzo<\/em>\u00a0finden wir schlie\u00dflich ein uriges Hotel, in dem wir \u2013 leider f\u00fcr viel Geld \u2013 ein Zimmer bekommen und abends ein richtiges Abendessen erhalten. Leider auch f\u00fcr viel Geld.<\/p>\n<p><a href=\"https:\/\/bf-on-tour.de\/m-10\/p-05\"><img loading=\"lazy\" decoding=\"async\" class=\"alignleft wp-image-333\" src=\"https:\/\/bf-on-tour.de\/m-10\/wp-content\/uploads\/sites\/3\/2017\/06\/zur\u00fcck.png\" alt=\"\" width=\"50\" height=\"37\" \/><\/a> <a href=\"https:\/\/bf-on-tour.de\/m-10\/p-07\"><img loading=\"lazy\" decoding=\"async\" class=\"alignright wp-image-332\" src=\"https:\/\/bf-on-tour.de\/m-10\/wp-content\/uploads\/sites\/3\/2017\/06\/weiter.png\" alt=\"\" width=\"50\" height=\"37\" \/><\/a><\/p>\n","protected":false},"excerpt":{"rendered":"<p>Die Picos de Europa rufen! Deshalb fahren wir heute von\u00a0Pechon\u00a0direkt in die Berge. Enge T\u00e4ler, herrliche Landschaft, sch\u00f6ne Kurven und in der Regel gute Stra\u00dfen machen den Tag zu einem echten Erlebnis. Gegen Mittag sind wir in\u00a0Potes\u00a0angekommen. Das ist ein h\u00fcbscher Urlaubs- und Wintersportort. Nat\u00fcrlich sind auch hier viele Touristen, aber die verteilen sich ganz &hellip; <a href=\"https:\/\/bf-on-tour.de\/m-10\/p-06\/\" class=\"more-link\"><span class=\"screen-reader-text\">\u201ePicos de Europa\u201c <\/span>weiterlesen<\/a><\/p>\n","protected":false},"author":1,"featured_media":0,"parent":0,"menu_order":6,"comment_status":"open","ping_status":"closed","template":"","meta":{"footnotes":""},"class_list":["post-172","page","type-page","status-publish","hentry"],"_links":{"self":[{"href":"https:\/\/bf-on-tour.de\/m-10\/wp-json\/wp\/v2\/pages\/172","targetHints":{"allow":["GET"]}}],"collection":[{"href":"https:\/\/bf-on-tour.de\/m-10\/wp-json\/wp\/v2\/pages"}],"about":[{"href":"https:\/\/bf-on-tour.de\/m-10\/wp-json\/wp\/v2\/types\/page"}],"author":[{"embeddable":true,"href":"https:\/\/bf-on-tour.de\/m-10\/wp-json\/wp\/v2\/users\/1"}],"replies":[{"embeddable":true,"href":"https:\/\/bf-on-tour.de\/m-10\/wp-json\/wp\/v2\/comments?post=172"}],"version-history":[{"count":10,"href":"https:\/\/bf-on-tour.de\/m-10\/wp-json\/wp\/v2\/pages\/172\/revisions"}],"predecessor-version":[{"id":456,"href":"https:\/\/bf-on-tour.de\/m-10\/wp-json\/wp\/v2\/pages\/172\/revisions\/456"}],"wp:attachment":[{"href":"https:\/\/bf-on-tour.de\/m-10\/wp-json\/wp\/v2\/media?parent=172"}],"curies":[{"name":"wp","href":"https:\/\/api.w.org\/{rel}","templated":true}]}}