{"id":156,"date":"2016-06-20T10:37:24","date_gmt":"2016-06-20T08:37:24","guid":{"rendered":"http:\/\/blog.family-riders.de\/gibraltar\/?page_id=156"},"modified":"2021-02-26T17:29:38","modified_gmt":"2021-02-26T16:29:38","slug":"p-04","status":"publish","type":"page","link":"https:\/\/bf-on-tour.de\/m-10\/p-04\/","title":{"rendered":"Ins Baskenland"},"content":{"rendered":"<p style=\"text-align: justify;\">In\u00a0<em>Sarasate<\/em>\u00a0biegen wir von der Autobahn ab und fahren auf einer winzigen Stra\u00dfe immer parallel zur A15 durch ein sehr enges, h\u00fcbsches Tal. Wegweiser gibt es hier keine, aber verfahren kann man sich auch kaum. In\u00a0<em>Urritza<\/em>\u00a0ist die Stra\u00dfe einfach\u00a0zu Ende und wir m\u00fcssen\u00a0bis\u00a0<em>Lekunberri<\/em>\u00a0doch wieder auf die Autobahn. Dort angekommen,\u00a0rasten wir kurz und essen einen Kuchen, was zwar kein Mittagsersatz ist, aber allemal besser als so ein fettiges Zeug wie gestern.<\/p>\n<p style=\"text-align: justify;\"><img loading=\"lazy\" decoding=\"async\" class=\"aligncenter wp-image-132 size-full\" src=\"https:\/\/bf-on-tour.de\/m-10\/wp-content\/uploads\/sites\/3\/2016\/06\/Beitrag-05.04.jpg\" alt=\"Beitrag 05.04\" width=\"800\" height=\"600\" srcset=\"https:\/\/bf-on-tour.de\/m-10\/wp-content\/uploads\/sites\/3\/2016\/06\/Beitrag-05.04.jpg 800w, https:\/\/bf-on-tour.de\/m-10\/wp-content\/uploads\/sites\/3\/2016\/06\/Beitrag-05.04-150x113.jpg 150w, https:\/\/bf-on-tour.de\/m-10\/wp-content\/uploads\/sites\/3\/2016\/06\/Beitrag-05.04-300x225.jpg 300w\" sizes=\"auto, (max-width: 800px) 85vw, 800px\" \/><\/p>\n<p style=\"text-align: justify;\">Und dann werden wir f\u00fcr den langweiligen Vormittag voll entsch\u00e4digt. \u00dcber kleine Stra\u00dfen\u00a0geht es durch die Berge nach\u00a0<em>Tolosa<\/em>. Von dort weiter nach\u00a0<em>Azpeitia<\/em>\u00a0und schlie\u00dflich in\u00a0Richtung\u00a0<em>Zumaia<\/em>\u00a0nach\u00a0<em>Arroa Bekoa<\/em>. Eine phantastische Strecke mit tollen Kurven und nicht enden wollenden Ausblicken. Zwar ist die Beschilderung oftmals mehr als d\u00fcrftig, was uns in\u00a0<em>Tolosa<\/em>\u00a0eine komplette Stadtrundfahrt beschert, aber letztlich haben wir doch immer den Weg gefunden.<\/p>\n<p style=\"text-align: justify;\"><img loading=\"lazy\" decoding=\"async\" class=\"aligncenter wp-image-133 size-full\" src=\"https:\/\/bf-on-tour.de\/m-10\/wp-content\/uploads\/sites\/3\/2016\/06\/Beitrag-05.01.jpg\" alt=\"Beitrag 05.01\" width=\"800\" height=\"499\" srcset=\"https:\/\/bf-on-tour.de\/m-10\/wp-content\/uploads\/sites\/3\/2016\/06\/Beitrag-05.01.jpg 800w, https:\/\/bf-on-tour.de\/m-10\/wp-content\/uploads\/sites\/3\/2016\/06\/Beitrag-05.01-150x94.jpg 150w, https:\/\/bf-on-tour.de\/m-10\/wp-content\/uploads\/sites\/3\/2016\/06\/Beitrag-05.01-300x187.jpg 300w\" sizes=\"auto, (max-width: 800px) 85vw, 800px\" \/><\/p>\n<p style=\"text-align: justify;\">Bis zum Abend schleichen wir jetzt im Touristenstrom mit auf der K\u00fcstenstra\u00dfe\u00a0bis\u00a0<em>Lekeitio<\/em>. Die K\u00fcste ist sch\u00f6n, aber die Orte sind gew\u00f6hnungsbed\u00fcrftig. Ich m\u00f6chte hier weder Urlaub machen, noch wohnen. Und weil wir wegen der F\u00fclle spanischer Urlauber an der K\u00fcste keinen Platz zum \u00dcbernachten bekommen, biegen wir in Richtung\u00a0<em>Gernika-Lumo<\/em>\u00a0ab, in der Hoffnung, irgendwo unterwegs einen Campingplatz zu finden. Hier im Baskenland sind Hotels oder Pensionen irgendwie nicht so ausgeschildert, dass wir sie finden k\u00f6nnten, denn Baskisch ist f\u00fcr uns v\u00f6llig unverst\u00e4ndlich \u2013 und spanisch will hier niemand sprechen geschweige denn schreiben.<\/p>\n<p style=\"text-align: justify;\"><img loading=\"lazy\" decoding=\"async\" class=\"aligncenter wp-image-134 size-full\" src=\"https:\/\/bf-on-tour.de\/m-10\/wp-content\/uploads\/sites\/3\/2016\/06\/Beitrag-05.02.jpg\" alt=\"Beitrag 05.02\" width=\"800\" height=\"518\" srcset=\"https:\/\/bf-on-tour.de\/m-10\/wp-content\/uploads\/sites\/3\/2016\/06\/Beitrag-05.02.jpg 800w, https:\/\/bf-on-tour.de\/m-10\/wp-content\/uploads\/sites\/3\/2016\/06\/Beitrag-05.02-150x97.jpg 150w, https:\/\/bf-on-tour.de\/m-10\/wp-content\/uploads\/sites\/3\/2016\/06\/Beitrag-05.02-300x194.jpg 300w\" sizes=\"auto, (max-width: 800px) 85vw, 800px\" \/><\/p>\n<p style=\"text-align: justify;\">Der einzige Campingplatz n\u00f6rdlich von\u00a0<em>Forua<\/em>\u00a0ist hoffnungslos\u00a0\u00fcberf\u00fcllt, einen Parkplatz h\u00e4tten wir mitbringen m\u00fcssen und der Preis w\u00e4re abenteuerlich gewesen. Also: Weiterfahren! In\u00a0<em>Bakio<\/em>\u00a0haben wir schlie\u00dflich 371 km auf dem Tageskilometerz\u00e4hler, sind unendlich m\u00fcde und der Touristeninformation ebenso unendlich dankbar, dass sie uns ein Hotel gleich gegen\u00fcber nachweist.<\/p>\n<p style=\"text-align: justify;\">Dort ist man \u00fcber unsere Ankunft wenig begeistert. Was das junge M\u00e4dchen hinter dem Tresen der Bar zu mir sagt, verstehe ich nat\u00fcrlich nicht, aber Ihre Gesten deuten eher darauf hin, dass wir wieder gehen sollen. Erst als ich dieser Aufforderung nicht nachkomme und die Prinzipalin des Hauses erscheint, \u00e4ndert sich das. Sie rauscht im wallenden Gewand\u00a0durch das Haus, begutachtet ein Zimmer im ersten Stock, fordert meinen Personalausweis, verschwindet damit im Hinterzimmer (wahrscheinlich pr\u00fcft sie jetzt, ob ich ein Terrorist oder zahlungsunf\u00e4hig bin), beh\u00e4lt ihn, schreibt mir den Zimmerpreis auf und gibt mir einen Schl\u00fcssel. Dann entschwindet\u00a0sie plappernd zur\u00fcck zu ihrem Kaffeekr\u00e4nzchen, das drau\u00dfen auf der Terrasse des Hauses stattfindet.<\/p>\n<p style=\"text-align: justify;\"><img loading=\"lazy\" decoding=\"async\" class=\"wp-image-135 alignright\" src=\"https:\/\/bf-on-tour.de\/m-10\/wp-content\/uploads\/sites\/3\/2016\/06\/Beitrag-05.03.jpg\" alt=\"Beitrag 05.03\" width=\"451\" height=\"338\" srcset=\"https:\/\/bf-on-tour.de\/m-10\/wp-content\/uploads\/sites\/3\/2016\/06\/Beitrag-05.03.jpg 800w, https:\/\/bf-on-tour.de\/m-10\/wp-content\/uploads\/sites\/3\/2016\/06\/Beitrag-05.03-150x113.jpg 150w, https:\/\/bf-on-tour.de\/m-10\/wp-content\/uploads\/sites\/3\/2016\/06\/Beitrag-05.03-300x225.jpg 300w\" sizes=\"auto, (max-width: 451px) 85vw, 451px\" \/><\/p>\n<p style=\"text-align: justify;\">Das Hotel ist wirklich sehr gepflegt und ordentlich ausgestattet. Sogar eine G\u00e4stezahnb\u00fcrste liegt im Bad bereit\u00a0(sie geh\u00f6rt \u00fcbrigens noch\u00a0heute zu meinen Reiseutensilien). Nur etwas zu\u00a0Essen gibt es nicht. Wir m\u00fcssen in die Stadt gehen.<\/p>\n<p style=\"text-align: justify;\">In den Bars dort ist es proppenvoll, Pl\u00e4tze sind Mangelware. Au\u00dferdem sehen die Speisen schon wieder so extrem fettig aus. Alles, was die Leute auf den Tellern haben, trieft vor \u00d6l. Und\u00a0die Restaurants? Die sind leer! Nachdem wir die Speisekarten angeschaut haben, wissen wir auch warum: Unter 50,- bis 60,- Euro pro Person \u2013 ohne Wein versteht sich &#8211; k\u00e4me man aus diesen Etablissements nicht wieder raus.<\/p>\n<p style=\"text-align: justify;\">Wir setzen uns daher in einen italienischen Schnellimbiss, essen eine Plastikschale voll Nudeln und trinken eine Cola &#8211; es ist inzwischen 22:00 Uhr. Um uns herum triste Hochh\u00e4user mit Ferienwohnungen zwischen denen Horden schreiender Kinder tollen, Massen von Jugendlichen mit ihren Handys herumpiepsen und Legionen von Touristen hin und her wandeln. Eigentlich hat mich so etwas noch nie gest\u00f6rt, aber heute finde ich hier alles zum Weglaufen gr\u00e4sslich.<\/p>\n<p><a href=\"https:\/\/bf-on-tour.de\/m-10\/p-03\"><img loading=\"lazy\" decoding=\"async\" class=\"alignleft wp-image-333\" src=\"https:\/\/bf-on-tour.de\/m-10\/wp-content\/uploads\/sites\/3\/2017\/06\/zur\u00fcck.png\" alt=\"\" width=\"50\" height=\"37\" \/><\/a> <a href=\"https:\/\/bf-on-tour.de\/m-10\/p-05\"><img loading=\"lazy\" decoding=\"async\" class=\"alignright wp-image-332\" src=\"https:\/\/bf-on-tour.de\/m-10\/wp-content\/uploads\/sites\/3\/2017\/06\/weiter.png\" alt=\"\" width=\"50\" height=\"37\" \/><\/a><\/p>\n","protected":false},"excerpt":{"rendered":"<p>In\u00a0Sarasate\u00a0biegen wir von der Autobahn ab und fahren auf einer winzigen Stra\u00dfe immer parallel zur A15 durch ein sehr enges, h\u00fcbsches Tal. Wegweiser gibt es hier keine, aber verfahren kann man sich auch kaum. In\u00a0Urritza\u00a0ist die Stra\u00dfe einfach\u00a0zu Ende und wir m\u00fcssen\u00a0bis\u00a0Lekunberri\u00a0doch wieder auf die Autobahn. Dort angekommen,\u00a0rasten wir kurz und essen einen Kuchen, was &hellip; <a href=\"https:\/\/bf-on-tour.de\/m-10\/p-04\/\" class=\"more-link\"><span class=\"screen-reader-text\">\u201eIns Baskenland\u201c <\/span>weiterlesen<\/a><\/p>\n","protected":false},"author":1,"featured_media":0,"parent":0,"menu_order":4,"comment_status":"open","ping_status":"closed","template":"","meta":{"footnotes":""},"class_list":["post-156","page","type-page","status-publish","hentry"],"_links":{"self":[{"href":"https:\/\/bf-on-tour.de\/m-10\/wp-json\/wp\/v2\/pages\/156","targetHints":{"allow":["GET"]}}],"collection":[{"href":"https:\/\/bf-on-tour.de\/m-10\/wp-json\/wp\/v2\/pages"}],"about":[{"href":"https:\/\/bf-on-tour.de\/m-10\/wp-json\/wp\/v2\/types\/page"}],"author":[{"embeddable":true,"href":"https:\/\/bf-on-tour.de\/m-10\/wp-json\/wp\/v2\/users\/1"}],"replies":[{"embeddable":true,"href":"https:\/\/bf-on-tour.de\/m-10\/wp-json\/wp\/v2\/comments?post=156"}],"version-history":[{"count":10,"href":"https:\/\/bf-on-tour.de\/m-10\/wp-json\/wp\/v2\/pages\/156\/revisions"}],"predecessor-version":[{"id":454,"href":"https:\/\/bf-on-tour.de\/m-10\/wp-json\/wp\/v2\/pages\/156\/revisions\/454"}],"wp:attachment":[{"href":"https:\/\/bf-on-tour.de\/m-10\/wp-json\/wp\/v2\/media?parent=156"}],"curies":[{"name":"wp","href":"https:\/\/api.w.org\/{rel}","templated":true}]}}