{"id":150,"date":"2016-06-20T10:32:41","date_gmt":"2016-06-20T08:32:41","guid":{"rendered":"http:\/\/blog.family-riders.de\/gibraltar\/?page_id=150"},"modified":"2021-02-26T17:28:48","modified_gmt":"2021-02-26T16:28:48","slug":"p-02","status":"publish","type":"page","link":"https:\/\/bf-on-tour.de\/m-10\/p-02\/","title":{"rendered":"Andorra"},"content":{"rendered":"<p style=\"text-align: justify;\">Nach der Kaufrauschzone an der Grenze zu Frankreich wird es deutlich ruhiger. Andorra ist entlang der Hauptroute ein enges Tal mit sehr steilen H\u00e4ngen. Hier ist die Sonne eher untergegangen als in den restlichen Bergen, d.h. es ist bereits gegen 16:00 Uhr sehr schattig und k\u00fchl. Au\u00dferdem entsprechen die schmalen, hohen, mit Feldsteinen verkleideten Hotelburgen nicht meinem Geschmack. Sie wirken eher bedrohlich als einladend.<\/p>\n<p style=\"text-align: justify;\"><img loading=\"lazy\" decoding=\"async\" class=\"wp-image-60 alignleft\" src=\"https:\/\/bf-on-tour.de\/m-10\/wp-content\/uploads\/sites\/3\/2016\/06\/Beitrag-03.03.jpg\" alt=\"Beitrag 03.03\" width=\"462\" height=\"325\" srcset=\"https:\/\/bf-on-tour.de\/m-10\/wp-content\/uploads\/sites\/3\/2016\/06\/Beitrag-03.03.jpg 800w, https:\/\/bf-on-tour.de\/m-10\/wp-content\/uploads\/sites\/3\/2016\/06\/Beitrag-03.03-150x106.jpg 150w, https:\/\/bf-on-tour.de\/m-10\/wp-content\/uploads\/sites\/3\/2016\/06\/Beitrag-03.03-300x211.jpg 300w\" sizes=\"auto, (max-width: 462px) 85vw, 462px\" \/><\/p>\n<p style=\"text-align: justify;\">Schlie\u00dflich erreichen wir\u00a0<em>Andorra la Vella<\/em>, die Hauptstadt des kleinen Landes. Hier brummt der B\u00e4r! Verkehr wie in einer Metropole, ein Kreisverkehr nach dem anderen und zur Jugendherberge eine winzige, enge und steile Bergstra\u00dfe, die wir mit viel Respekt langsam erklimmen. Leider ist die Herberge belegt und man empfiehlt uns das &#8222;Hotel Vienna&#8220; im Zentrum der Stadt. Also umkehren und die Stra\u00dfe genauso langsam wieder herunter fahren.<\/p>\n<p style=\"text-align: justify;\">Das Hotel finden wir trotz des vom Herbergsvater mitgegebenen Stadtplanes nicht und drehen zun\u00e4chst drei Ehrenrunden in dem Gewirr von Einbahnstra\u00dfen. Dann stellen wir die Maschinen einfach entnervt auf einem Platz in der Fu\u00dfg\u00e4ngerzone ab und gehen zu Fu\u00df auf die Suche. Als auch das nichts bringt, frage ich einen freundlichen Polizisten, der inzwischen interessiert unsere Maschinen inspiziert, wo denn wohl das &#8222;Hotel Vienna&#8220; zu finden sei. Seine Antwort ist umwerfend: \u201eSie stehen fast davor, aber es hat geschlossen. Die Besitzerin ist vor Kurzem gestorben.\u201c<\/p>\n<p style=\"text-align: justify;\">Na toll, dann m\u00fcssen wir jetzt schnellstens zur Touristeninformation, um nicht heute Nacht auf der Stra\u00dfe \u00fcbernachten zu m\u00fcssen. Als wir ankommen, hat sie seit genau 5 Minuten geschlossen. Au\u00dferdem wird es jetzt richtig dunkel. Da hilft nur noch eines: Anruf bei meiner Tochter im Mercure Hotel in Hamburg mit der Bitte um Reservierung eines Zimmers im Mercure Hotel Andorra \u2013 quasi \u201evon Haus zu Haus und f\u00fcr die Familie\u201c damit es nicht so teuer wird. 104,- Euro ohne Fr\u00fchst\u00fcck incl. TG-Platz f\u00fcr die Maschinen sind dann zwar kein Schn\u00e4ppchen, aber akzeptabel. Die erste Nacht w\u00e4re gesichert!<\/p>\n<p style=\"text-align: justify;\"><img loading=\"lazy\" decoding=\"async\" class=\"aligncenter wp-image-57 size-full\" src=\"https:\/\/bf-on-tour.de\/m-10\/wp-content\/uploads\/sites\/3\/2016\/06\/Beitrag-03.01.jpg\" alt=\"Beitrag 03.01\" width=\"800\" height=\"468\" srcset=\"https:\/\/bf-on-tour.de\/m-10\/wp-content\/uploads\/sites\/3\/2016\/06\/Beitrag-03.01.jpg 800w, https:\/\/bf-on-tour.de\/m-10\/wp-content\/uploads\/sites\/3\/2016\/06\/Beitrag-03.01-150x88.jpg 150w, https:\/\/bf-on-tour.de\/m-10\/wp-content\/uploads\/sites\/3\/2016\/06\/Beitrag-03.01-300x176.jpg 300w\" sizes=\"auto, (max-width: 800px) 85vw, 800px\" \/><\/p>\n<p style=\"text-align: justify;\">Abends bummeln wir durch die Stadt und stellen fest, dass die billigen Sachen in den L\u00e4den totaler Plunder sind und die anderen L\u00e4den meist exorbitant teure Waren verkaufen (Gucci, Rolex, etc.). Mag ja sein, dass die Preise gegen\u00fcber Resteuropa wirklich g\u00fcnstig sind, aber ein paar tausend Euro bleiben f\u00fcr uns eben auch hier ein paar tausend Euro zu viel. Mit den Restaurantpreisen verh\u00e4lt es sich nicht wirklich anders. Richtig g\u00fcnstig ist eigentlich nichts. Insgesamt ver\u00e4ndert sich unser Andorra-Bild innerhalb eines halben Tages vollst\u00e4ndig.<\/p>\n<p style=\"text-align: justify;\"><img loading=\"lazy\" decoding=\"async\" class=\"aligncenter wp-image-58 size-full\" src=\"https:\/\/bf-on-tour.de\/m-10\/wp-content\/uploads\/sites\/3\/2016\/06\/Beitrag-03.02.jpg\" alt=\"Beitrag 03.02\" width=\"800\" height=\"416\" srcset=\"https:\/\/bf-on-tour.de\/m-10\/wp-content\/uploads\/sites\/3\/2016\/06\/Beitrag-03.02.jpg 800w, https:\/\/bf-on-tour.de\/m-10\/wp-content\/uploads\/sites\/3\/2016\/06\/Beitrag-03.02-150x78.jpg 150w, https:\/\/bf-on-tour.de\/m-10\/wp-content\/uploads\/sites\/3\/2016\/06\/Beitrag-03.02-300x156.jpg 300w\" sizes=\"auto, (max-width: 800px) 85vw, 800px\" \/><\/p>\n<p style=\"text-align: justify;\">Am n\u00e4chsten Morgen beschlie\u00dfen wir, zum Fr\u00fchst\u00fccken ein Caf\u00e9 oder eine Bar aufzusuchen, da wir ja ohne Fr\u00fchst\u00fcck gebucht hatten. Wir haben allerdings nicht damit gerechnet, dass hier der Tag um 8:30 Uhr noch nicht begonnen hat. In Caf\u00e9s und Bars werden gerade die St\u00fchle geputzt oder die Roll-L\u00e4den hochgezogen. Da bleibt uns wohl nur, den Schachtelwirt &#8222;Zum goldenen M&#8220; aufzusuchen, dessen Filiale wir bereits am Abend zuvor ausgemacht hatten. Leider \u00f6ffnet dieses Etablissement erst um 12:00 Uhr und jetzt ist es 9:00 Uhr. Also machen wir uns mit knurrendem Magen auf den Weg in Richtung Spanien, immer in der Hoffnung, dass doch irgendwo am Weg ein Caf\u00e9 oder eine Bar ge\u00f6ffnet hat.<\/p>\n<p style=\"text-align: justify;\"><img loading=\"lazy\" decoding=\"async\" class=\"size-medium wp-image-69 alignleft\" src=\"https:\/\/bf-on-tour.de\/m-10\/wp-content\/uploads\/sites\/3\/2016\/06\/Beitrag-03-e1466432717643-298x300.jpg\" alt=\"Beitrag 03\" width=\"298\" height=\"300\" srcset=\"https:\/\/bf-on-tour.de\/m-10\/wp-content\/uploads\/sites\/3\/2016\/06\/Beitrag-03-e1466432717643-298x300.jpg 298w, https:\/\/bf-on-tour.de\/m-10\/wp-content\/uploads\/sites\/3\/2016\/06\/Beitrag-03-e1466432717643-150x150.jpg 150w, https:\/\/bf-on-tour.de\/m-10\/wp-content\/uploads\/sites\/3\/2016\/06\/Beitrag-03-e1466432717643.jpg 766w\" sizes=\"auto, (max-width: 298px) 85vw, 298px\" \/><\/p>\n<p style=\"text-align: justify;\">In einem der der riesigen Einkaufstempel, die auch an der Grenze zu Spanien stehen, finden wir schlie\u00dflich ein Caf\u00e9 in dem wir ein Fr\u00fchst\u00fcck bekommen. W\u00e4hrend wir unsere Croissants m\u00fcmmeln, schauen wir dem Treiben auf dem Parkplatz des Centers zu und bemerken zum ersten Mal, dass Autofahren hier etwas anders geht als bei uns zu Hause. Zum Beispiel Ausparken: Man f\u00e4hrt einfach so lange r\u00fcckw\u00e4rts, bis es nicht mehr weiter geht &#8211; weil man vielleicht ein anderes Fahrzeug angesto\u00dfen hat. Dann einfach vorw\u00e4rts wegfahren. In dem beobachteten Fall hatte das zu einer durchaus gr\u00f6\u00dferen Beule in der Beifahrert\u00fcr eines anderen Parkers gef\u00fchrt. Gek\u00fcmmert hat das niemanden. Weder den Rempler noch den Gerempelten. Der fuhr sp\u00e4ter auch einfach davon, ohne sich f\u00fcr seine l\u00e4dierte T\u00fcr zu interessieren&#8230;<\/p>\n<p style=\"text-align: justify;\">\u00a0<a href=\"https:\/\/bf-on-tour.de\/m-10\/p-01\"><img loading=\"lazy\" decoding=\"async\" class=\"alignleft wp-image-333\" src=\"https:\/\/bf-on-tour.de\/m-10\/wp-content\/uploads\/sites\/3\/2017\/06\/zur\u00fcck.png\" alt=\"\" width=\"50\" height=\"37\" \/><\/a> <a href=\"https:\/\/bf-on-tour.de\/m-10\/p-03\"><img loading=\"lazy\" decoding=\"async\" class=\"alignright wp-image-332\" src=\"https:\/\/bf-on-tour.de\/m-10\/wp-content\/uploads\/sites\/3\/2017\/06\/weiter.png\" alt=\"\" width=\"50\" height=\"37\" \/><\/a><\/p>\n","protected":false},"excerpt":{"rendered":"<p>Nach der Kaufrauschzone an der Grenze zu Frankreich wird es deutlich ruhiger. Andorra ist entlang der Hauptroute ein enges Tal mit sehr steilen H\u00e4ngen. Hier ist die Sonne eher untergegangen als in den restlichen Bergen, d.h. es ist bereits gegen 16:00 Uhr sehr schattig und k\u00fchl. Au\u00dferdem entsprechen die schmalen, hohen, mit Feldsteinen verkleideten Hotelburgen &hellip; <a href=\"https:\/\/bf-on-tour.de\/m-10\/p-02\/\" class=\"more-link\"><span class=\"screen-reader-text\">\u201eAndorra\u201c <\/span>weiterlesen<\/a><\/p>\n","protected":false},"author":1,"featured_media":0,"parent":0,"menu_order":2,"comment_status":"open","ping_status":"closed","template":"","meta":{"footnotes":""},"class_list":["post-150","page","type-page","status-publish","hentry"],"_links":{"self":[{"href":"https:\/\/bf-on-tour.de\/m-10\/wp-json\/wp\/v2\/pages\/150","targetHints":{"allow":["GET"]}}],"collection":[{"href":"https:\/\/bf-on-tour.de\/m-10\/wp-json\/wp\/v2\/pages"}],"about":[{"href":"https:\/\/bf-on-tour.de\/m-10\/wp-json\/wp\/v2\/types\/page"}],"author":[{"embeddable":true,"href":"https:\/\/bf-on-tour.de\/m-10\/wp-json\/wp\/v2\/users\/1"}],"replies":[{"embeddable":true,"href":"https:\/\/bf-on-tour.de\/m-10\/wp-json\/wp\/v2\/comments?post=150"}],"version-history":[{"count":9,"href":"https:\/\/bf-on-tour.de\/m-10\/wp-json\/wp\/v2\/pages\/150\/revisions"}],"predecessor-version":[{"id":452,"href":"https:\/\/bf-on-tour.de\/m-10\/wp-json\/wp\/v2\/pages\/150\/revisions\/452"}],"wp:attachment":[{"href":"https:\/\/bf-on-tour.de\/m-10\/wp-json\/wp\/v2\/media?parent=150"}],"curies":[{"name":"wp","href":"https:\/\/api.w.org\/{rel}","templated":true}]}}