{"id":148,"date":"2016-06-20T10:28:09","date_gmt":"2016-06-20T08:28:09","guid":{"rendered":"http:\/\/blog.family-riders.de\/gibraltar\/?page_id=148"},"modified":"2021-06-02T10:04:49","modified_gmt":"2021-06-02T08:04:49","slug":"p-01","status":"publish","type":"page","link":"https:\/\/bf-on-tour.de\/m-10\/p-01\/","title":{"rendered":"Es geht los!"},"content":{"rendered":"<p style=\"text-align: justify;\">Gegen Mittag sind die Maschinen vom Zug und wir k\u00f6nnen starten. Mitreisende Biker hatten uns empfohlen, nicht den von uns geplanten Weg bis Andorra zu fahren (O-Ton: \u201eDie kleine Stra\u00dfe findet Ihr nie \u2013 nicht am ersten Tag!\u201c) sondern das erste St\u00fcckchen bis\u00a0<em>Perpignan<\/em>\u00a0hinter ihnen her auf der Autobahn zur\u00fcckzulegen, um dann auf der D117 in die Pyren\u00e4en zu fahren. So machen wir es.<\/p>\n<p style=\"text-align: justify;\">Kurz vor\u00a0<em>Perpignan<\/em>\u00a0suchen wir dann aber auch die empfohlene D117 &#8211; und sind ziemlich ratlos: Die Beschilderung ist in Frankreich einfach anders, um es mal h\u00f6flich auszudr\u00fccken. Mir kommen erste Zweifel, ob die zu Hause gekaufte Landkarte wirklich die Richtige ist. Es f\u00e4llt schwer, sie mit der Realit\u00e4t in \u00dcbereinstimmung zu bringen. Aber nach zwei Ehrenrunden in einem der vielen Kreisverkehre siegt mein Bauchgef\u00fchl und wir haben die richtige Ausfahrt gefunden. Unsere ortskundigen Vorausfahrer haben wir l\u00e4ngst verloren. Die sind im Kreisverkehr n\u00e4mlich einfach geradeaus gefahren.<\/p>\n<p style=\"text-align: justify;\"><a href=\"https:\/\/bf-on-tour.de\/m-10\/wp-content\/uploads\/sites\/3\/2016\/06\/Beitrag-02.01.jpg\" rel=\"lightbox[148]\"><img loading=\"lazy\" decoding=\"async\" class=\"aligncenter wp-image-35 size-full\" src=\"https:\/\/bf-on-tour.de\/m-10\/wp-content\/uploads\/sites\/3\/2016\/06\/Beitrag-02.01.jpg\" alt=\"Beitrag 02.01\" width=\"800\" height=\"468\" srcset=\"https:\/\/bf-on-tour.de\/m-10\/wp-content\/uploads\/sites\/3\/2016\/06\/Beitrag-02.01.jpg 800w, https:\/\/bf-on-tour.de\/m-10\/wp-content\/uploads\/sites\/3\/2016\/06\/Beitrag-02.01-150x88.jpg 150w, https:\/\/bf-on-tour.de\/m-10\/wp-content\/uploads\/sites\/3\/2016\/06\/Beitrag-02.01-300x176.jpg 300w\" sizes=\"auto, (max-width: 800px) 85vw, 800px\" \/><\/a><\/p>\n<p style=\"text-align: justify;\">Jetzt fahren wir also in die Berge aus denen ein steifer, k\u00fchler Wind weht. Das macht die Hitze ertr\u00e4glich. Bis\u00a0<em>Quillan<\/em>\u00a0wird die Landschaft immer gebirgiger und die Stra\u00dfe schl\u00e4ngelt sich abwechselnd durch enge Schluchten oder weite T\u00e4ler in die h\u00f6heren Regionen.<\/p>\n<p style=\"text-align: justify;\"><a href=\"https:\/\/bf-on-tour.de\/m-10\/wp-content\/uploads\/sites\/3\/2016\/06\/Beitrag-02-e1465724063725.jpg\" rel=\"lightbox[148]\"><img loading=\"lazy\" decoding=\"async\" class=\"aligncenter wp-image-31\" src=\"https:\/\/bf-on-tour.de\/m-10\/wp-content\/uploads\/sites\/3\/2016\/06\/Beitrag-02-e1465724063725-1024x686.jpg\" width=\"800\" height=\"536\" srcset=\"https:\/\/bf-on-tour.de\/m-10\/wp-content\/uploads\/sites\/3\/2016\/06\/Beitrag-02-e1465724063725-1024x686.jpg 1024w, https:\/\/bf-on-tour.de\/m-10\/wp-content\/uploads\/sites\/3\/2016\/06\/Beitrag-02-e1465724063725-150x101.jpg 150w, https:\/\/bf-on-tour.de\/m-10\/wp-content\/uploads\/sites\/3\/2016\/06\/Beitrag-02-e1465724063725-300x201.jpg 300w, https:\/\/bf-on-tour.de\/m-10\/wp-content\/uploads\/sites\/3\/2016\/06\/Beitrag-02-e1465724063725-1200x804.jpg 1200w, https:\/\/bf-on-tour.de\/m-10\/wp-content\/uploads\/sites\/3\/2016\/06\/Beitrag-02-e1465724063725.jpg 1400w\" sizes=\"auto, (max-width: 800px) 85vw, 800px\" \/><\/a><\/p>\n<p style=\"text-align: justify;\">Hinter\u00a0<em>Quillan<\/em>\u00a0biegen wir auf die D613 ab, Richtung Andorra (das ist sogar ausgeschildert), und sind mitten im Hochgebirge: Weite Almen, Gebiete in denen offensichtlich Wintersportbetrieb herrscht und im Sommer gewandert wird.<\/p>\n<p style=\"text-align: justify;\"><a href=\"https:\/\/bf-on-tour.de\/m-10\/wp-content\/uploads\/sites\/3\/2016\/06\/Beitrag-02.02.jpg\" rel=\"lightbox[148]\"><img loading=\"lazy\" decoding=\"async\" class=\"aligncenter wp-image-39 size-full\" src=\"https:\/\/bf-on-tour.de\/m-10\/wp-content\/uploads\/sites\/3\/2016\/06\/Beitrag-02.02.jpg\" alt=\"Beitrag 02.02\" width=\"800\" height=\"229\" srcset=\"https:\/\/bf-on-tour.de\/m-10\/wp-content\/uploads\/sites\/3\/2016\/06\/Beitrag-02.02.jpg 800w, https:\/\/bf-on-tour.de\/m-10\/wp-content\/uploads\/sites\/3\/2016\/06\/Beitrag-02.02-150x43.jpg 150w, https:\/\/bf-on-tour.de\/m-10\/wp-content\/uploads\/sites\/3\/2016\/06\/Beitrag-02.02-300x86.jpg 300w\" sizes=\"auto, (max-width: 800px) 85vw, 800px\" \/><\/a><\/p>\n<p style=\"text-align: justify;\">Nach einer Kaffeepause in\u00a0<em>Camurac<\/em>\u00a0geht es hinab nach\u00a0<em>Ax les Therme<\/em>\u00a0und dann auf der N20 via\u00a0<em>Pas de la Casa<\/em>\u00a0nach\u00a0<em>Andorra la Vella<\/em>. Bereits an der Grenze merken wir, dass Andorra wohl wirklich das Einkaufsparadies sein muss, als das es immer gepriesen wird: Die Pass- und Zollkontrollen sind so langsam und kompliziert, wie in Europa vor Schengen (nervig: es wird kontrolliert, was immer auch zu kontrollieren geht) und zweitens laufen Horden von Franzosen mit Monsterpackungen von Windeln, K\u00fcchen- und Toilettenpapier herum, um sie in ihre Autos zu stopfen. Sch\u00f6n ist es hier nicht, aber eben billig&#8230;<\/p>\n<p style=\"text-align: justify;\"><a href=\"https:\/\/bf-on-tour.de\/m-10\/wp-content\/uploads\/sites\/3\/2016\/06\/Beitrag-02.03.jpg\" rel=\"lightbox[148]\"><img loading=\"lazy\" decoding=\"async\" class=\"aligncenter wp-image-43 size-full\" src=\"https:\/\/bf-on-tour.de\/m-10\/wp-content\/uploads\/sites\/3\/2016\/06\/Beitrag-02.03.jpg\" width=\"800\" height=\"461\" srcset=\"https:\/\/bf-on-tour.de\/m-10\/wp-content\/uploads\/sites\/3\/2016\/06\/Beitrag-02.03.jpg 800w, https:\/\/bf-on-tour.de\/m-10\/wp-content\/uploads\/sites\/3\/2016\/06\/Beitrag-02.03-150x86.jpg 150w, https:\/\/bf-on-tour.de\/m-10\/wp-content\/uploads\/sites\/3\/2016\/06\/Beitrag-02.03-300x173.jpg 300w\" sizes=\"auto, (max-width: 800px) 85vw, 800px\" \/><\/a><\/p>\n<p style=\"text-align: justify;\">\u00a0<a href=\"https:\/\/bf-on-tour.de\/m-10\/\"><img loading=\"lazy\" decoding=\"async\" class=\"alignleft wp-image-333\" src=\"https:\/\/bf-on-tour.de\/m-10\/wp-content\/uploads\/sites\/3\/2017\/06\/zur\u00fcck.png\" alt=\"\" width=\"50\" height=\"37\" \/><\/a> <a href=\"https:\/\/bf-on-tour.de\/m-10\/p-02\"><img loading=\"lazy\" decoding=\"async\" class=\"alignright wp-image-332\" src=\"https:\/\/bf-on-tour.de\/m-10\/wp-content\/uploads\/sites\/3\/2017\/06\/weiter.png\" alt=\"\" width=\"50\" height=\"37\" \/><\/a><\/p>\n","protected":false},"excerpt":{"rendered":"<p>Gegen Mittag sind die Maschinen vom Zug und wir k\u00f6nnen starten. Mitreisende Biker hatten uns empfohlen, nicht den von uns geplanten Weg bis Andorra zu fahren (O-Ton: \u201eDie kleine Stra\u00dfe findet Ihr nie \u2013 nicht am ersten Tag!\u201c) sondern das erste St\u00fcckchen bis\u00a0Perpignan\u00a0hinter ihnen her auf der Autobahn zur\u00fcckzulegen, um dann auf der D117 in &hellip; <a href=\"https:\/\/bf-on-tour.de\/m-10\/p-01\/\" class=\"more-link\"><span class=\"screen-reader-text\">\u201eEs geht los!\u201c <\/span>weiterlesen<\/a><\/p>\n","protected":false},"author":1,"featured_media":0,"parent":0,"menu_order":1,"comment_status":"open","ping_status":"closed","template":"","meta":{"footnotes":""},"class_list":["post-148","page","type-page","status-publish","hentry"],"_links":{"self":[{"href":"https:\/\/bf-on-tour.de\/m-10\/wp-json\/wp\/v2\/pages\/148","targetHints":{"allow":["GET"]}}],"collection":[{"href":"https:\/\/bf-on-tour.de\/m-10\/wp-json\/wp\/v2\/pages"}],"about":[{"href":"https:\/\/bf-on-tour.de\/m-10\/wp-json\/wp\/v2\/types\/page"}],"author":[{"embeddable":true,"href":"https:\/\/bf-on-tour.de\/m-10\/wp-json\/wp\/v2\/users\/1"}],"replies":[{"embeddable":true,"href":"https:\/\/bf-on-tour.de\/m-10\/wp-json\/wp\/v2\/comments?post=148"}],"version-history":[{"count":17,"href":"https:\/\/bf-on-tour.de\/m-10\/wp-json\/wp\/v2\/pages\/148\/revisions"}],"predecessor-version":[{"id":470,"href":"https:\/\/bf-on-tour.de\/m-10\/wp-json\/wp\/v2\/pages\/148\/revisions\/470"}],"wp:attachment":[{"href":"https:\/\/bf-on-tour.de\/m-10\/wp-json\/wp\/v2\/media?parent=148"}],"curies":[{"name":"wp","href":"https:\/\/api.w.org\/{rel}","templated":true}]}}