{"id":146,"date":"2016-06-20T10:20:04","date_gmt":"2016-06-20T08:20:04","guid":{"rendered":"http:\/\/blog.family-riders.de\/gibraltar\/?page_id=146"},"modified":"2021-02-26T17:24:36","modified_gmt":"2021-02-26T16:24:36","slug":"anreise-seite","status":"publish","type":"page","link":"https:\/\/bf-on-tour.de\/m-10\/","title":{"rendered":"Anreise mit dem Autozug"},"content":{"rendered":"<p style=\"text-align: justify;\">Es ist Sonntag, der 15. August 2010, 5:00 Uhr morgens. In eineinhalb Stunden treffe ich mich mit Hendrik, meinem Begleiter f\u00fcr die n\u00e4chsten drei Wochen an der Autobahn. Wenn wir den Autoreisezug, der uns nach\u00a0<em>Narbonne<\/em>\u00a0bringen soll, in\u00a0<em>Berlin<\/em>\u00a0rechtzeitig bekommen wollen, dann muss der Tag jetzt beginnen. Ein karges Fr\u00fchst\u00fcck, ein herzlicher Abschied von zu Hause und schon bin ich unterwegs.<\/p>\n<p><img loading=\"lazy\" decoding=\"async\" class=\"alignleft wp-image-30\" src=\"https:\/\/bf-on-tour.de\/m-10\/wp-content\/uploads\/sites\/3\/2016\/06\/Beitrag-01-e1465723837330-300x189.jpg\" width=\"400\" height=\"252\" srcset=\"https:\/\/bf-on-tour.de\/m-10\/wp-content\/uploads\/sites\/3\/2016\/06\/Beitrag-01-e1465723837330-300x189.jpg 300w, https:\/\/bf-on-tour.de\/m-10\/wp-content\/uploads\/sites\/3\/2016\/06\/Beitrag-01-e1465723837330-150x95.jpg 150w, https:\/\/bf-on-tour.de\/m-10\/wp-content\/uploads\/sites\/3\/2016\/06\/Beitrag-01-e1465723837330-1024x645.jpg 1024w, https:\/\/bf-on-tour.de\/m-10\/wp-content\/uploads\/sites\/3\/2016\/06\/Beitrag-01-e1465723837330-1200x756.jpg 1200w, https:\/\/bf-on-tour.de\/m-10\/wp-content\/uploads\/sites\/3\/2016\/06\/Beitrag-01-e1465723837330.jpg 1400w\" sizes=\"auto, (max-width: 400px) 85vw, 400px\" \/><\/p>\n<p style=\"text-align: justify;\">Die Verladestation in\u00a0<em>Berlin<\/em>\u00a0ist gut ausgeschildert, das Personal \u00e4u\u00dferst freundlich und in allen Situationen des Verladens behilflich. Koffer und Gep\u00e4ckrollen k\u00f6nnen gut verzurrt auf den Maschinen bleiben. Wir selbst reisen also mit \u201ekleinem Gep\u00e4ck\u201c.<\/p>\n<p style=\"text-align: justify;\">Lange Zugfahrten sind langweilig. Interessant wird es aber am n\u00e4chsten Morgen als wir in\u00a0<em>Avignon<\/em>\u00a0zum ersten Mal halten, um einige Mitreisende aussteigen zu lassen. Denn die m\u00fcssen gleich wieder einsteigen und ihre Fahrzeuge werden nicht ausgeladen. Alle m\u00fcssen mit nach\u00a0<em>Narbonne<\/em>. Der \u00c4rger ist gro\u00df, insbesondere weil niemand wei\u00df, warum das so ist. (Sp\u00e4ter erfahren wir, dass sich wegen der hohen Temperaturen die Weichen verzogen hatten und der Zug nicht rangieren konnte.)<\/p>\n<p style=\"text-align: justify;\">In\u00a0<em>Narbonne<\/em>\u00a0sind wir daf\u00fcr gut 30 Minuten zu fr\u00fch und keiner von uns ist vorbereitet. Wir sind die Letzten, die den inzwischen leeren Zug verlassen.<\/p>\n<p style=\"text-align: justify;\">Vor dem Bahnhof ist es sonnig und hei\u00df. Allerdings weht ein frischer Wind. Sehr angenehm, denn wir m\u00fcssen auf den Bustransfer zur Laderampe der Fahrzeuge warten \u2013 und das geht hier alles nicht so schnell&#8230;<\/p>\n<p><a href=\"https:\/\/bf-on-tour.de\/m-10\/p-01\"><img loading=\"lazy\" decoding=\"async\" class=\"alignright wp-image-332\" style=\"text-align: justify;\" src=\"https:\/\/bf-on-tour.de\/m-10\/wp-content\/uploads\/sites\/3\/2017\/06\/weiter.png\" alt=\"\" width=\"50\" height=\"37\" \/><\/a><\/p>\n<p style=\"text-align: justify;\">\n","protected":false},"excerpt":{"rendered":"<p>Es ist Sonntag, der 15. August 2010, 5:00 Uhr morgens. In eineinhalb Stunden treffe ich mich mit Hendrik, meinem Begleiter f\u00fcr die n\u00e4chsten drei Wochen an der Autobahn. Wenn wir den Autoreisezug, der uns nach\u00a0Narbonne\u00a0bringen soll, in\u00a0Berlin\u00a0rechtzeitig bekommen wollen, dann muss der Tag jetzt beginnen. Ein karges Fr\u00fchst\u00fcck, ein herzlicher Abschied von zu Hause und &hellip; <a href=\"https:\/\/bf-on-tour.de\/m-10\/\" class=\"more-link\"><span class=\"screen-reader-text\">\u201eAnreise mit dem Autozug\u201c <\/span>weiterlesen<\/a><\/p>\n","protected":false},"author":1,"featured_media":0,"parent":0,"menu_order":0,"comment_status":"open","ping_status":"closed","template":"","meta":{"footnotes":""},"class_list":["post-146","page","type-page","status-publish","hentry"],"_links":{"self":[{"href":"https:\/\/bf-on-tour.de\/m-10\/wp-json\/wp\/v2\/pages\/146","targetHints":{"allow":["GET"]}}],"collection":[{"href":"https:\/\/bf-on-tour.de\/m-10\/wp-json\/wp\/v2\/pages"}],"about":[{"href":"https:\/\/bf-on-tour.de\/m-10\/wp-json\/wp\/v2\/types\/page"}],"author":[{"embeddable":true,"href":"https:\/\/bf-on-tour.de\/m-10\/wp-json\/wp\/v2\/users\/1"}],"replies":[{"embeddable":true,"href":"https:\/\/bf-on-tour.de\/m-10\/wp-json\/wp\/v2\/comments?post=146"}],"version-history":[{"count":13,"href":"https:\/\/bf-on-tour.de\/m-10\/wp-json\/wp\/v2\/pages\/146\/revisions"}],"predecessor-version":[{"id":450,"href":"https:\/\/bf-on-tour.de\/m-10\/wp-json\/wp\/v2\/pages\/146\/revisions\/450"}],"wp:attachment":[{"href":"https:\/\/bf-on-tour.de\/m-10\/wp-json\/wp\/v2\/media?parent=146"}],"curies":[{"name":"wp","href":"https:\/\/api.w.org\/{rel}","templated":true}]}}