{"id":58,"date":"2017-02-12T17:43:56","date_gmt":"2017-02-12T16:43:56","guid":{"rendered":"http:\/\/blog.family-riders.de\/nordkap\/?page_id=58"},"modified":"2020-04-03T11:30:25","modified_gmt":"2020-04-03T09:30:25","slug":"page-23","status":"publish","type":"page","link":"https:\/\/bf-on-tour.de\/m-06\/page-23\/","title":{"rendered":"Die R\u00fcckfahrt"},"content":{"rendered":"<p style=\"text-align: justify;\"><strong>24. bis 25. Juli 2006<\/strong><\/p>\n<figure id=\"attachment_338\" aria-describedby=\"caption-attachment-338\" style=\"width: 300px\" class=\"wp-caption alignleft\"><a href=\"https:\/\/bf-on-tour.de\/m-06\/wp-content\/uploads\/sites\/6\/2017\/02\/01-21-e1486917564812.jpg\" rel=\"lightbox[58]\"><img loading=\"lazy\" decoding=\"async\" class=\"size-medium wp-image-338\" src=\"https:\/\/bf-on-tour.de\/m-06\/wp-content\/uploads\/sites\/6\/2017\/02\/01-21-e1486917564812-300x179.jpg\" alt=\"\" width=\"300\" height=\"179\" srcset=\"https:\/\/bf-on-tour.de\/m-06\/wp-content\/uploads\/sites\/6\/2017\/02\/01-21-e1486917564812-300x179.jpg 300w, https:\/\/bf-on-tour.de\/m-06\/wp-content\/uploads\/sites\/6\/2017\/02\/01-21-e1486917564812.jpg 687w\" sizes=\"auto, (max-width: 300px) 85vw, 300px\" \/><\/a><figcaption id=\"caption-attachment-338\" class=\"wp-caption-text\">\u00d8resundbr\u00fccke<\/figcaption><\/figure>\n<p style=\"text-align: justify;\">Urspr\u00fcnglich wollten wir von Trelleborg nach R\u00fcgen \u00fcbersetzen. Hendrik m\u00f6chte aber lieber \u00fcber die \u00d8resundbr\u00fccke fahren &#8211; und die kenne ich auch noch nicht. Also machen wir das. Man kann schlie\u00dflich auch gut von Gedser nach Rostock \u00fcbersetzen. 17 Euro kostet der Spa\u00df pro Maschine mit zwei Personen. Aber es lohnt sich! Diese Br\u00fccke ist wirklich ein imposantes Bauwerk.<\/p>\n<figure id=\"attachment_339\" aria-describedby=\"caption-attachment-339\" style=\"width: 300px\" class=\"wp-caption alignright\"><a href=\"https:\/\/bf-on-tour.de\/m-06\/wp-content\/uploads\/sites\/6\/2017\/02\/02-21-e1486917601906.jpg\" rel=\"lightbox[58]\"><img loading=\"lazy\" decoding=\"async\" class=\"size-medium wp-image-339\" src=\"https:\/\/bf-on-tour.de\/m-06\/wp-content\/uploads\/sites\/6\/2017\/02\/02-21-e1486917601906-300x178.jpg\" alt=\"\" width=\"300\" height=\"178\" srcset=\"https:\/\/bf-on-tour.de\/m-06\/wp-content\/uploads\/sites\/6\/2017\/02\/02-21-e1486917601906-300x178.jpg 300w, https:\/\/bf-on-tour.de\/m-06\/wp-content\/uploads\/sites\/6\/2017\/02\/02-21-e1486917601906.jpg 687w\" sizes=\"auto, (max-width: 300px) 85vw, 300px\" \/><\/a><figcaption id=\"caption-attachment-339\" class=\"wp-caption-text\">Leider auch in D\u00e4nemark: Endlos geradeaus<\/figcaption><\/figure>\n<p style=\"text-align: justify;\">D\u00e4nemark nervt uns. Entweder Autobahn oder eine endlose Stra\u00dfe zwischen Kopenhagen und Vordingborg, die bestimmt nicht mehr als drei Kurven auf rund 70 Kilometern hat. Bis K\u00f8ge ist sie fast komplett auf 50 km\/h begrenzt sowie mit roten Ampelschaltungen durchsetzt. In Vordingborg ist die 153 nicht ausgeschildert. Man will wohl den Verkehr \u00fcber die Autobahn leiten. Wir irren ein wenig herum, finden dann aber doch den richtigen Weg zur alten Storstr\u00f6mbr\u00fccke. Kurz danach reihen wir uns ein in den Track der Wohnmobile, die nach Gedser bzw. an die Ostk\u00fcste von Falster wollen.<\/p>\n<figure id=\"attachment_340\" aria-describedby=\"caption-attachment-340\" style=\"width: 300px\" class=\"wp-caption alignleft\"><a href=\"https:\/\/bf-on-tour.de\/m-06\/wp-content\/uploads\/sites\/6\/2017\/02\/03-19-e1486917628989.jpg\" rel=\"lightbox[58]\"><img loading=\"lazy\" decoding=\"async\" class=\"size-medium wp-image-340\" src=\"https:\/\/bf-on-tour.de\/m-06\/wp-content\/uploads\/sites\/6\/2017\/02\/03-19-e1486917628989-300x223.jpg\" alt=\"\" width=\"300\" height=\"223\" srcset=\"https:\/\/bf-on-tour.de\/m-06\/wp-content\/uploads\/sites\/6\/2017\/02\/03-19-e1486917628989-300x223.jpg 300w, https:\/\/bf-on-tour.de\/m-06\/wp-content\/uploads\/sites\/6\/2017\/02\/03-19-e1486917628989.jpg 683w\" sizes=\"auto, (max-width: 300px) 85vw, 300px\" \/><\/a><figcaption id=\"caption-attachment-340\" class=\"wp-caption-text\">\u00dcberfahrt Geiser \/\u00a0Rostock<\/figcaption><\/figure>\n<p>In Gedser bekommen wir die F\u00e4hre um 15:00 Uhr und sind zwei Stunden sp\u00e4ter in Rostock. Da ich gern noch einmal zelten m\u00f6chte, fahren wir nach Graal-M\u00fcritz, dem einzigen Campingplatz, den Hendrik hier kennt. Aber was f\u00fcr eine F\u00fclle! Wie Menschen eine derartige Enge, in der die Zeltschn\u00fcre des einen schon mit denen des n\u00e4chsten verheddert sind und ein solches Gedr\u00e4nge, in dem von Ruhe oder Privatsph\u00e4re keine Rede mehr sein kann, als Urlaub empfinden, ist mir v\u00f6llig unverst\u00e4ndlich. Wir fliehen!\u00a0Und zwar zum Jugendg\u00e4stehaus auf der Georg B\u00fcchner.<\/p>\n<figure id=\"attachment_341\" aria-describedby=\"caption-attachment-341\" style=\"width: 424px\" class=\"wp-caption alignright\"><a href=\"https:\/\/bf-on-tour.de\/m-06\/wp-content\/uploads\/sites\/6\/2017\/02\/04-18-e1486917658909.jpg\" rel=\"lightbox[58]\"><img loading=\"lazy\" decoding=\"async\" class=\"wp-image-341 size-full\" src=\"https:\/\/bf-on-tour.de\/m-06\/wp-content\/uploads\/sites\/6\/2017\/02\/04-18-e1486917658909.jpg\" width=\"424\" height=\"559\" srcset=\"https:\/\/bf-on-tour.de\/m-06\/wp-content\/uploads\/sites\/6\/2017\/02\/04-18-e1486917658909.jpg 424w, https:\/\/bf-on-tour.de\/m-06\/wp-content\/uploads\/sites\/6\/2017\/02\/04-18-e1486917658909-228x300.jpg 228w\" sizes=\"auto, (max-width: 424px) 85vw, 424px\" \/><\/a><figcaption id=\"caption-attachment-341\" class=\"wp-caption-text\">&#8222;Jugendherberge&#8220; in Rostock<\/figcaption><\/figure>\n<p style=\"text-align: justify;\">Es ist die einzige deutsche Jugendherberge, die sich auf einem Schiff befindet. Dort hat Hendrik inzwischen eine Kabine f\u00fcr uns reserviert. Da sich auf dem Schiff auch ein Hotel befindet, nehmen wir am n\u00e4chsten Morgen am Fr\u00fchst\u00fccksbuffet teil. Nicht ganz so opulent, wie in Inder\u00f8y aber sehr ordentlich. Dann fahren wir zur Autobahn und nach Hause.<\/p>\n<p style=\"text-align: justify;\">Gegen 16:00 Uhr stellen wir die Maschinen wieder so nebeneinander auf, wie wir sie vor vier Wochen aufstellten als die Reise begann. Fast 8.500 Kilometer gemeinsamer Fahrt, Schwitzen bei \u00fcber 30\u00b0 und Frieren bei gef\u00fchlten Minusgraden, Sturm und Regen, Staunen und Bewundern von faszinierenden Orten und Landschaften sowie die Langeweile Lapplands endlos gerader Stra\u00dfen liegen hinter uns als wir uns verabschieden und jeder f\u00fcr sich nach Hause f\u00e4hrt.<\/p>\n","protected":false},"excerpt":{"rendered":"<p>24. bis 25. Juli 2006 Urspr\u00fcnglich wollten wir von Trelleborg nach R\u00fcgen \u00fcbersetzen. Hendrik m\u00f6chte aber lieber \u00fcber die \u00d8resundbr\u00fccke fahren &#8211; und die kenne ich auch noch nicht. Also machen wir das. Man kann schlie\u00dflich auch gut von Gedser nach Rostock \u00fcbersetzen. 17 Euro kostet der Spa\u00df pro Maschine mit zwei Personen. Aber es &hellip; <a href=\"https:\/\/bf-on-tour.de\/m-06\/page-23\/\" class=\"more-link\"><span class=\"screen-reader-text\">\u201eDie R\u00fcckfahrt\u201c <\/span>weiterlesen<\/a><\/p>\n","protected":false},"author":1,"featured_media":0,"parent":0,"menu_order":23,"comment_status":"closed","ping_status":"closed","template":"","meta":{"footnotes":""},"class_list":["post-58","page","type-page","status-publish","hentry"],"_links":{"self":[{"href":"https:\/\/bf-on-tour.de\/m-06\/wp-json\/wp\/v2\/pages\/58","targetHints":{"allow":["GET"]}}],"collection":[{"href":"https:\/\/bf-on-tour.de\/m-06\/wp-json\/wp\/v2\/pages"}],"about":[{"href":"https:\/\/bf-on-tour.de\/m-06\/wp-json\/wp\/v2\/types\/page"}],"author":[{"embeddable":true,"href":"https:\/\/bf-on-tour.de\/m-06\/wp-json\/wp\/v2\/users\/1"}],"replies":[{"embeddable":true,"href":"https:\/\/bf-on-tour.de\/m-06\/wp-json\/wp\/v2\/comments?post=58"}],"version-history":[{"count":7,"href":"https:\/\/bf-on-tour.de\/m-06\/wp-json\/wp\/v2\/pages\/58\/revisions"}],"predecessor-version":[{"id":435,"href":"https:\/\/bf-on-tour.de\/m-06\/wp-json\/wp\/v2\/pages\/58\/revisions\/435"}],"wp:attachment":[{"href":"https:\/\/bf-on-tour.de\/m-06\/wp-json\/wp\/v2\/media?parent=58"}],"curies":[{"name":"wp","href":"https:\/\/api.w.org\/{rel}","templated":true}]}}